{"id":41481,"date":"2025-06-19T09:00:51","date_gmt":"2025-06-19T09:00:51","guid":{"rendered":"https:\/\/goldwing.nl\/nl\/?post_type=product&#038;p=41481"},"modified":"2025-06-20T10:04:49","modified_gmt":"2025-06-20T10:04:49","slug":"stipt-wipe-clean-500ml-wassen-zonder-water","status":"publish","type":"product","link":"https:\/\/goldwing.nl\/nl\/shop\/onderhoud-reparatie\/olie-vet-remvloeistof-en-reinigingsproducten\/stipt-wipe-clean-500ml-wassen-zonder-water\/","title":{"rendered":"Stipt wipe &amp; clean 500ml. wassen zonder water"},"content":{"rendered":"","protected":false},"excerpt":{"rendered":"<p>De Stipt Wipe &amp; Clean biedt een effectieve reiniging voor je auto zonder het gebruik van water. Hierdoor kun je je voertuig reinigen op plaatsen waar water niet direct beschikbaar is, zoals in de garage of op parkeerplaatsen.<\/p>\n<p>Deze cleaner bevat een krachtige mix die vuil losweekt en de pori\u00ebn van het oppervlak vult. Dit maakt het gemakkelijk om vuil af te vegen en zorgt voor een grondige reiniging zonder water.<\/p>\n<p>Na het schoonmaken blijven de pori\u00ebn van het oppervlak gevuld, waardoor een beschermende laag ontstaat die vuil, water en vet afstoot. Dit zorgt voor een langdurige bescherming van je auto tegen externe elementen.<\/p>\n<p>De Stipt Wipe &amp; Clean is geschikt voor verschillende oppervlakken van je auto, waaronder lakwerk, velgen, banden en glaswerk, zowel aan de binnen- als buitenkant. Hierdoor is het een veelzijdige oplossing voor het reinigen van diverse delen van je voertuig.<\/p>\n<p>De Stipt Wipe &amp; Clean is h\u00e9t product om uw auto te reinigen zonder het gebruik van water!<\/p>\n<p>Een krachtige mix weekt vuil los en vult de pori\u00ebn op waarna het gemakkelijk kan worden afgeveegd.<\/p>\n<p>De pori\u00ebn blijven na het schoonmaken gevuld en vormen een beschermlaag welke vuil, water en vet afstoten.<\/p>\n<p>Gebruiksaanwijzing:<\/p>\n<ul>\n<li>Spray het te behandelen stuk in met de Stipt Wipe &amp; Clean.<\/li>\n<li>Poets vervolgens de oppervlakten uit met de Stipt Wax Towel of Stipt Multi Cloth.<\/li>\n<li>Overal je auto wassen<\/li>\n<li>Geen water nodig; wassen zonder water<\/li>\n<li>Bij een voertuig met veel modder, zand of extreme vervuiling kunnen alsnog krassen ontstaan bij behandelen!<\/li>\n<li>Schudden voor gebruik<\/li>\n<\/ul>\n<p>&nbsp;<\/p>\n","protected":false},"featured_media":41614,"template":"","meta":{"_acf_changed":false},"product_cat":[634,734],"product_tag":[],"class_list":["post-41481","product","type-product","status-publish","has-post-thumbnail","hentry","product_cat-olie-vet-remvloeistof-en-reinigingsproducten","product_cat-wassen-poetsen","product_shipping_class-pakket-artikel","","woocommerce-text-align-center","woocommerce-image-align-center","do-quantity-buttons"],"acf":[],"yoast_head":"<!-- This site is optimized with the Yoast SEO plugin v25.6 - https:\/\/yoast.com\/wordpress\/plugins\/seo\/ -->\n<title>Stipt wipe &amp; clean 500ml. wassen zonder water - Goldwing.nl - NL<\/title>\n<meta name=\"robots\" content=\"index, follow, max-snippet:-1, max-image-preview:large, max-video-preview:-1\" \/>\n<link rel=\"canonical\" href=\"https:\/\/goldwing.nl\/nl\/shop\/onderhoud-reparatie\/olie-vet-remvloeistof-en-reinigingsproducten\/stipt-wipe-clean-500ml-wassen-zonder-water\/\" \/>\n<meta property=\"og:locale\" content=\"nl_NL\" \/>\n<meta property=\"og:type\" content=\"article\" \/>\n<meta property=\"og:title\" content=\"Stipt wipe &amp; clean 500ml. wassen zonder water - Goldwing.nl - NL\" \/>\n<meta property=\"og:description\" content=\"De Stipt Wipe &amp; Clean biedt een effectieve reiniging voor je auto zonder het gebruik van water. Hierdoor kun je je voertuig reinigen op plaatsen waar water niet direct beschikbaar is, zoals in de garage of op parkeerplaatsen.  Deze cleaner bevat een krachtige mix die vuil losweekt en de pori\u00ebn van het oppervlak vult. Dit maakt het gemakkelijk om vuil af te vegen en zorgt voor een grondige reiniging zonder water.  Na het schoonmaken blijven de pori\u00ebn van het oppervlak gevuld, waardoor een beschermende laag ontstaat die vuil, water en vet afstoot. Dit zorgt voor een langdurige bescherming van je auto tegen externe elementen.  De Stipt Wipe &amp; Clean is geschikt voor verschillende oppervlakken van je auto, waaronder lakwerk, velgen, banden en glaswerk, zowel aan de binnen- als buitenkant. Hierdoor is het een veelzijdige oplossing voor het reinigen van diverse delen van je voertuig.  De Stipt Wipe &amp; Clean is h\u00e9t product om uw auto te reinigen zonder het gebruik van water!  Een krachtige mix weekt vuil los en vult de pori\u00ebn op waarna het gemakkelijk kan worden afgeveegd.  De pori\u00ebn blijven na het schoonmaken gevuld en vormen een beschermlaag welke vuil, water en vet afstoten.  Gebruiksaanwijzing:   Spray het te behandelen stuk in met de Stipt Wipe &amp; Clean.  Poets vervolgens de oppervlakten uit met de Stipt Wax Towel of Stipt Multi Cloth.  Overal je auto wassen  Geen water nodig; wassen zonder water  Bij een voertuig met veel modder, zand of extreme vervuiling kunnen alsnog krassen ontstaan bij behandelen!  Schudden voor gebruik  &nbsp;\" \/>\n<meta property=\"og:url\" content=\"https:\/\/goldwing.nl\/nl\/shop\/onderhoud-reparatie\/olie-vet-remvloeistof-en-reinigingsproducten\/stipt-wipe-clean-500ml-wassen-zonder-water\/\" \/>\n<meta property=\"og:site_name\" content=\"Goldwing.nl - NL\" \/>\n<meta property=\"article:publisher\" content=\"https:\/\/www.facebook.com\/people\/Bikers-Best-Goldwings-accessoires\/100041824164083\" \/>\n<meta property=\"article:modified_time\" content=\"2025-06-20T10:04:49+00:00\" \/>\n<meta property=\"og:image\" content=\"https:\/\/goldwing.nl\/nl\/wp-content\/uploads\/sites\/2\/2025\/06\/stipt077.jpg?_t=1750413894\" \/>\n\t<meta property=\"og:image:width\" content=\"1600\" \/>\n\t<meta property=\"og:image:height\" content=\"1600\" \/>\n\t<meta property=\"og:image:type\" content=\"image\/jpeg\" \/>\n<meta name=\"twitter:card\" content=\"summary_large_image\" \/>\n<meta name=\"twitter:label1\" content=\"Geschatte leestijd\" \/>\n\t<meta name=\"twitter:data1\" content=\"1 minuut\" \/>\n<script type=\"application\/ld+json\" class=\"yoast-schema-graph\">{\"@context\":\"https:\/\/schema.org\",\"@graph\":[{\"@type\":\"WebPage\",\"@id\":\"https:\/\/goldwing.nl\/nl\/shop\/onderhoud-reparatie\/olie-vet-remvloeistof-en-reinigingsproducten\/stipt-wipe-clean-500ml-wassen-zonder-water\/\",\"url\":\"https:\/\/goldwing.nl\/nl\/shop\/onderhoud-reparatie\/olie-vet-remvloeistof-en-reinigingsproducten\/stipt-wipe-clean-500ml-wassen-zonder-water\/\",\"name\":\"Stipt wipe &amp; clean 500ml. wassen zonder water - Goldwing.nl - NL\",\"isPartOf\":{\"@id\":\"https:\/\/goldwing.nl\/nl\/#website\"},\"primaryImageOfPage\":{\"@id\":\"https:\/\/goldwing.nl\/nl\/shop\/onderhoud-reparatie\/olie-vet-remvloeistof-en-reinigingsproducten\/stipt-wipe-clean-500ml-wassen-zonder-water\/#primaryimage\"},\"image\":{\"@id\":\"https:\/\/goldwing.nl\/nl\/shop\/onderhoud-reparatie\/olie-vet-remvloeistof-en-reinigingsproducten\/stipt-wipe-clean-500ml-wassen-zonder-water\/#primaryimage\"},\"thumbnailUrl\":\"https:\/\/goldwing.nl\/nl\/wp-content\/uploads\/sites\/2\/2025\/06\/stipt077.jpg\",\"datePublished\":\"2025-06-19T09:00:51+00:00\",\"dateModified\":\"2025-06-20T10:04:49+00:00\",\"breadcrumb\":{\"@id\":\"https:\/\/goldwing.nl\/nl\/shop\/onderhoud-reparatie\/olie-vet-remvloeistof-en-reinigingsproducten\/stipt-wipe-clean-500ml-wassen-zonder-water\/#breadcrumb\"},\"inLanguage\":\"nl-NL\",\"potentialAction\":[{\"@type\":\"ReadAction\",\"target\":[\"https:\/\/goldwing.nl\/nl\/shop\/onderhoud-reparatie\/olie-vet-remvloeistof-en-reinigingsproducten\/stipt-wipe-clean-500ml-wassen-zonder-water\/\"]}]},{\"@type\":\"ImageObject\",\"inLanguage\":\"nl-NL\",\"@id\":\"https:\/\/goldwing.nl\/nl\/shop\/onderhoud-reparatie\/olie-vet-remvloeistof-en-reinigingsproducten\/stipt-wipe-clean-500ml-wassen-zonder-water\/#primaryimage\",\"url\":\"https:\/\/goldwing.nl\/nl\/wp-content\/uploads\/sites\/2\/2025\/06\/stipt077.jpg\",\"contentUrl\":\"https:\/\/goldwing.nl\/nl\/wp-content\/uploads\/sites\/2\/2025\/06\/stipt077.jpg\",\"width\":1600,\"height\":1600},{\"@type\":\"BreadcrumbList\",\"@id\":\"https:\/\/goldwing.nl\/nl\/shop\/onderhoud-reparatie\/olie-vet-remvloeistof-en-reinigingsproducten\/stipt-wipe-clean-500ml-wassen-zonder-water\/#breadcrumb\",\"itemListElement\":[{\"@type\":\"ListItem\",\"position\":1,\"name\":\"Home\",\"item\":\"https:\/\/goldwing.nl\/nl\/\"},{\"@type\":\"ListItem\",\"position\":2,\"name\":\"Webshop\",\"item\":\"https:\/\/goldwing.nl\/nl\/shop\/\"},{\"@type\":\"ListItem\",\"position\":3,\"name\":\"Stipt wipe &amp; clean 500ml. wassen zonder water\"}]},{\"@type\":\"WebSite\",\"@id\":\"https:\/\/goldwing.nl\/nl\/#website\",\"url\":\"https:\/\/goldwing.nl\/nl\/\",\"name\":\"Goldwing.nl - NL\",\"description\":\"Biker&#039;s Best\",\"publisher\":{\"@id\":\"https:\/\/goldwing.nl\/nl\/#organization\"},\"alternateName\":\"Biker's Best Goldwings en Accessoires\",\"potentialAction\":[{\"@type\":\"SearchAction\",\"target\":{\"@type\":\"EntryPoint\",\"urlTemplate\":\"https:\/\/goldwing.nl\/nl\/?s={search_term_string}\"},\"query-input\":{\"@type\":\"PropertyValueSpecification\",\"valueRequired\":true,\"valueName\":\"search_term_string\"}}],\"inLanguage\":\"nl-NL\"},{\"@type\":\"Organization\",\"@id\":\"https:\/\/goldwing.nl\/nl\/#organization\",\"name\":\"Goldwing.nl - NL\",\"url\":\"https:\/\/goldwing.nl\/nl\/\",\"logo\":{\"@type\":\"ImageObject\",\"inLanguage\":\"nl-NL\",\"@id\":\"https:\/\/goldwing.nl\/nl\/#\/schema\/logo\/image\/\",\"url\":\"https:\/\/goldwing.nl\/nl\/wp-content\/uploads\/sites\/2\/2022\/08\/BikersBest-logo.png\",\"contentUrl\":\"https:\/\/goldwing.nl\/nl\/wp-content\/uploads\/sites\/2\/2022\/08\/BikersBest-logo.png\",\"width\":311,\"height\":152,\"caption\":\"Goldwing.nl - NL\"},\"image\":{\"@id\":\"https:\/\/goldwing.nl\/nl\/#\/schema\/logo\/image\/\"},\"sameAs\":[\"https:\/\/www.facebook.com\/people\/Bikers-Best-Goldwings-accessoires\/100041824164083\"]}]}<\/script>\n<!-- \/ Yoast SEO plugin. -->","yoast_head_json":{"title":"Stipt wipe &amp; clean 500ml. wassen zonder water - Goldwing.nl - NL","robots":{"index":"index","follow":"follow","max-snippet":"max-snippet:-1","max-image-preview":"max-image-preview:large","max-video-preview":"max-video-preview:-1"},"canonical":"https:\/\/goldwing.nl\/nl\/shop\/onderhoud-reparatie\/olie-vet-remvloeistof-en-reinigingsproducten\/stipt-wipe-clean-500ml-wassen-zonder-water\/","og_locale":"nl_NL","og_type":"article","og_title":"Stipt wipe &amp; clean 500ml. wassen zonder water - Goldwing.nl - NL","og_description":"De Stipt Wipe &amp; Clean biedt een effectieve reiniging voor je auto zonder het gebruik van water. Hierdoor kun je je voertuig reinigen op plaatsen waar water niet direct beschikbaar is, zoals in de garage of op parkeerplaatsen.  Deze cleaner bevat een krachtige mix die vuil losweekt en de pori\u00ebn van het oppervlak vult. Dit maakt het gemakkelijk om vuil af te vegen en zorgt voor een grondige reiniging zonder water.  Na het schoonmaken blijven de pori\u00ebn van het oppervlak gevuld, waardoor een beschermende laag ontstaat die vuil, water en vet afstoot. Dit zorgt voor een langdurige bescherming van je auto tegen externe elementen.  De Stipt Wipe &amp; Clean is geschikt voor verschillende oppervlakken van je auto, waaronder lakwerk, velgen, banden en glaswerk, zowel aan de binnen- als buitenkant. Hierdoor is het een veelzijdige oplossing voor het reinigen van diverse delen van je voertuig.  De Stipt Wipe &amp; Clean is h\u00e9t product om uw auto te reinigen zonder het gebruik van water!  Een krachtige mix weekt vuil los en vult de pori\u00ebn op waarna het gemakkelijk kan worden afgeveegd.  De pori\u00ebn blijven na het schoonmaken gevuld en vormen een beschermlaag welke vuil, water en vet afstoten.  Gebruiksaanwijzing:   Spray het te behandelen stuk in met de Stipt Wipe &amp; Clean.  Poets vervolgens de oppervlakten uit met de Stipt Wax Towel of Stipt Multi Cloth.  Overal je auto wassen  Geen water nodig; wassen zonder water  Bij een voertuig met veel modder, zand of extreme vervuiling kunnen alsnog krassen ontstaan bij behandelen!  Schudden voor gebruik  &nbsp;","og_url":"https:\/\/goldwing.nl\/nl\/shop\/onderhoud-reparatie\/olie-vet-remvloeistof-en-reinigingsproducten\/stipt-wipe-clean-500ml-wassen-zonder-water\/","og_site_name":"Goldwing.nl - NL","article_publisher":"https:\/\/www.facebook.com\/people\/Bikers-Best-Goldwings-accessoires\/100041824164083","article_modified_time":"2025-06-20T10:04:49+00:00","og_image":[{"width":1600,"height":1600,"url":"https:\/\/goldwing.nl\/nl\/wp-content\/uploads\/sites\/2\/2025\/06\/stipt077.jpg?_t=1750413894","type":"image\/jpeg"}],"twitter_card":"summary_large_image","twitter_misc":{"Geschatte leestijd":"1 minuut"},"schema":{"@context":"https:\/\/schema.org","@graph":[{"@type":"WebPage","@id":"https:\/\/goldwing.nl\/nl\/shop\/onderhoud-reparatie\/olie-vet-remvloeistof-en-reinigingsproducten\/stipt-wipe-clean-500ml-wassen-zonder-water\/","url":"https:\/\/goldwing.nl\/nl\/shop\/onderhoud-reparatie\/olie-vet-remvloeistof-en-reinigingsproducten\/stipt-wipe-clean-500ml-wassen-zonder-water\/","name":"Stipt wipe &amp; clean 500ml. wassen zonder water - Goldwing.nl - NL","isPartOf":{"@id":"https:\/\/goldwing.nl\/nl\/#website"},"primaryImageOfPage":{"@id":"https:\/\/goldwing.nl\/nl\/shop\/onderhoud-reparatie\/olie-vet-remvloeistof-en-reinigingsproducten\/stipt-wipe-clean-500ml-wassen-zonder-water\/#primaryimage"},"image":{"@id":"https:\/\/goldwing.nl\/nl\/shop\/onderhoud-reparatie\/olie-vet-remvloeistof-en-reinigingsproducten\/stipt-wipe-clean-500ml-wassen-zonder-water\/#primaryimage"},"thumbnailUrl":"https:\/\/goldwing.nl\/nl\/wp-content\/uploads\/sites\/2\/2025\/06\/stipt077.jpg","datePublished":"2025-06-19T09:00:51+00:00","dateModified":"2025-06-20T10:04:49+00:00","breadcrumb":{"@id":"https:\/\/goldwing.nl\/nl\/shop\/onderhoud-reparatie\/olie-vet-remvloeistof-en-reinigingsproducten\/stipt-wipe-clean-500ml-wassen-zonder-water\/#breadcrumb"},"inLanguage":"nl-NL","potentialAction":[{"@type":"ReadAction","target":["https:\/\/goldwing.nl\/nl\/shop\/onderhoud-reparatie\/olie-vet-remvloeistof-en-reinigingsproducten\/stipt-wipe-clean-500ml-wassen-zonder-water\/"]}]},{"@type":"ImageObject","inLanguage":"nl-NL","@id":"https:\/\/goldwing.nl\/nl\/shop\/onderhoud-reparatie\/olie-vet-remvloeistof-en-reinigingsproducten\/stipt-wipe-clean-500ml-wassen-zonder-water\/#primaryimage","url":"https:\/\/goldwing.nl\/nl\/wp-content\/uploads\/sites\/2\/2025\/06\/stipt077.jpg","contentUrl":"https:\/\/goldwing.nl\/nl\/wp-content\/uploads\/sites\/2\/2025\/06\/stipt077.jpg","width":1600,"height":1600},{"@type":"BreadcrumbList","@id":"https:\/\/goldwing.nl\/nl\/shop\/onderhoud-reparatie\/olie-vet-remvloeistof-en-reinigingsproducten\/stipt-wipe-clean-500ml-wassen-zonder-water\/#breadcrumb","itemListElement":[{"@type":"ListItem","position":1,"name":"Home","item":"https:\/\/goldwing.nl\/nl\/"},{"@type":"ListItem","position":2,"name":"Webshop","item":"https:\/\/goldwing.nl\/nl\/shop\/"},{"@type":"ListItem","position":3,"name":"Stipt wipe &amp; clean 500ml. wassen zonder water"}]},{"@type":"WebSite","@id":"https:\/\/goldwing.nl\/nl\/#website","url":"https:\/\/goldwing.nl\/nl\/","name":"Goldwing.nl - NL","description":"Biker&#039;s Best","publisher":{"@id":"https:\/\/goldwing.nl\/nl\/#organization"},"alternateName":"Biker's Best Goldwings en Accessoires","potentialAction":[{"@type":"SearchAction","target":{"@type":"EntryPoint","urlTemplate":"https:\/\/goldwing.nl\/nl\/?s={search_term_string}"},"query-input":{"@type":"PropertyValueSpecification","valueRequired":true,"valueName":"search_term_string"}}],"inLanguage":"nl-NL"},{"@type":"Organization","@id":"https:\/\/goldwing.nl\/nl\/#organization","name":"Goldwing.nl - NL","url":"https:\/\/goldwing.nl\/nl\/","logo":{"@type":"ImageObject","inLanguage":"nl-NL","@id":"https:\/\/goldwing.nl\/nl\/#\/schema\/logo\/image\/","url":"https:\/\/goldwing.nl\/nl\/wp-content\/uploads\/sites\/2\/2022\/08\/BikersBest-logo.png","contentUrl":"https:\/\/goldwing.nl\/nl\/wp-content\/uploads\/sites\/2\/2022\/08\/BikersBest-logo.png","width":311,"height":152,"caption":"Goldwing.nl - NL"},"image":{"@id":"https:\/\/goldwing.nl\/nl\/#\/schema\/logo\/image\/"},"sameAs":["https:\/\/www.facebook.com\/people\/Bikers-Best-Goldwings-accessoires\/100041824164083"]}]}},"_links":{"self":[{"href":"https:\/\/goldwing.nl\/nl\/wp-json\/wp\/v2\/product\/41481"}],"collection":[{"href":"https:\/\/goldwing.nl\/nl\/wp-json\/wp\/v2\/product"}],"about":[{"href":"https:\/\/goldwing.nl\/nl\/wp-json\/wp\/v2\/types\/product"}],"wp:featuredmedia":[{"embeddable":true,"href":"https:\/\/goldwing.nl\/nl\/wp-json\/wp\/v2\/media\/41614"}],"wp:attachment":[{"href":"https:\/\/goldwing.nl\/nl\/wp-json\/wp\/v2\/media?parent=41481"}],"wp:term":[{"taxonomy":"product_cat","embeddable":true,"href":"https:\/\/goldwing.nl\/nl\/wp-json\/wp\/v2\/product_cat?post=41481"},{"taxonomy":"product_tag","embeddable":true,"href":"https:\/\/goldwing.nl\/nl\/wp-json\/wp\/v2\/product_tag?post=41481"}],"curies":[{"name":"wp","href":"https:\/\/api.w.org\/{rel}","templated":true}]}}