{"id":39959,"date":"2025-01-09T11:37:14","date_gmt":"2025-01-09T11:37:14","guid":{"rendered":"https:\/\/goldwing.nl\/nl\/?post_type=product&#038;p=39959"},"modified":"2025-12-06T20:15:59","modified_gmt":"2025-12-06T20:15:59","slug":"bedradings-aansluit-module-gl1800-2018up","status":"publish","type":"product","link":"https:\/\/goldwing.nl\/nl\/shop\/goldwing-gl-1800-2018-up\/bedradings-aansluit-module-gl1800-2018up\/","title":{"rendered":"Bedradings aansluit module GL1800 2018up (F)"},"content":{"rendered":"","protected":false},"excerpt":{"rendered":"<p>Bedradings aansluit module GL1800 2018up<\/p>\n<ul>\n<li>Eenvoudig te installeren<\/li>\n<li>Rechtstreeks aan te sluiten op de hoofdbundel, geen splitsen<\/li>\n<li>Bedient run-turn-brake functies<\/li>\n<li>24 individuele stroompoorten, 12 rechts en 12 links<\/li>\n<li>Gemakkelijk uit te breiden tot meer dan de 24 poorten met de 48001 Y-splitter<\/li>\n<li>Ge\u00efsoleerde stroombeveiliging<\/li>\n<li>Vijfdraads uitgang voor trailerboom (max. 10 Amp\u00e8re)<\/li>\n<li>Sterke ABS-constructie<\/li>\n<li>Rubberen pluggen beschermen ongebruikte poorten<\/li>\n<li>30 Amp\u00e8re totaal vermogen<\/li>\n<li>3 Amp\u00e8re per poort max.<\/li>\n<li>Vooraf ge\u00efnstalleerde ringklemmen voor een veilige aansluiting op de accu<\/li>\n<li>Zware mechanische relais<\/li>\n<li>Automatische stroomonderbrekerbeveiliging op elke poort<\/li>\n<li>Volledig afgedichte circuits, relais en stroomonderbrekers houden ze veilig tegen alles wat jij of moeder natuur er tegenaan gooit.<\/li>\n<li>Goldstrike en Twinart verlichtingsaccessoires kunnen rechtstreeks op het distributieblok worden aangesloten.<\/li>\n<li>Er zijn draadadapters beschikbaar (apart verkrijgbaar) voor Kuryakyn en Pathfinder verlichtingsets.<\/li>\n<li>We bieden ook een universele draadadapter om de meeste 12v verlichtingsaccessoires aan te sluiten.<\/li>\n<\/ul>\n","protected":false},"featured_media":39960,"template":"","meta":{"_acf_changed":false},"product_cat":[571],"product_tag":[],"class_list":["post-39959","product","type-product","status-publish","has-post-thumbnail","hentry","product_cat-goldwing-gl-1800-2018-up","product_shipping_class-pakket-artikel","","woocommerce-text-align-center","woocommerce-image-align-center","do-quantity-buttons"],"acf":[],"yoast_head":"<!-- This site is optimized with the Yoast SEO plugin v25.6 - https:\/\/yoast.com\/wordpress\/plugins\/seo\/ -->\n<title>Bedradings aansluit module GL1800 2018up (F) - Goldwing.nl - NL<\/title>\n<meta name=\"robots\" content=\"index, follow, max-snippet:-1, max-image-preview:large, max-video-preview:-1\" \/>\n<link rel=\"canonical\" href=\"https:\/\/goldwing.nl\/nl\/shop\/goldwing-gl-1800-2018-up\/bedradings-aansluit-module-gl1800-2018up\/\" \/>\n<meta property=\"og:locale\" content=\"nl_NL\" \/>\n<meta property=\"og:type\" content=\"article\" \/>\n<meta property=\"og:title\" content=\"Bedradings aansluit module GL1800 2018up (F) - Goldwing.nl - NL\" \/>\n<meta property=\"og:description\" content=\"Bedradings aansluit module GL1800 2018up   Eenvoudig te installeren  Rechtstreeks aan te sluiten op de hoofdbundel, geen splitsen  Bedient run-turn-brake functies  24 individuele stroompoorten, 12 rechts en 12 links  Gemakkelijk uit te breiden tot meer dan de 24 poorten met de 48001 Y-splitter  Ge\u00efsoleerde stroombeveiliging  Vijfdraads uitgang voor trailerboom (max. 10 Amp\u00e8re)  Sterke ABS-constructie  Rubberen pluggen beschermen ongebruikte poorten  30 Amp\u00e8re totaal vermogen  3 Amp\u00e8re per poort max.  Vooraf ge\u00efnstalleerde ringklemmen voor een veilige aansluiting op de accu  Zware mechanische relais  Automatische stroomonderbrekerbeveiliging op elke poort  Volledig afgedichte circuits, relais en stroomonderbrekers houden ze veilig tegen alles wat jij of moeder natuur er tegenaan gooit.  Goldstrike en Twinart verlichtingsaccessoires kunnen rechtstreeks op het distributieblok worden aangesloten.  Er zijn draadadapters beschikbaar (apart verkrijgbaar) voor Kuryakyn en Pathfinder verlichtingsets.  We bieden ook een universele draadadapter om de meeste 12v verlichtingsaccessoires aan te sluiten.\" \/>\n<meta property=\"og:url\" content=\"https:\/\/goldwing.nl\/nl\/shop\/goldwing-gl-1800-2018-up\/bedradings-aansluit-module-gl1800-2018up\/\" \/>\n<meta property=\"og:site_name\" content=\"Goldwing.nl - NL\" \/>\n<meta property=\"article:publisher\" content=\"https:\/\/www.facebook.com\/people\/Bikers-Best-Goldwings-accessoires\/100041824164083\" \/>\n<meta property=\"article:modified_time\" content=\"2025-12-06T20:15:59+00:00\" \/>\n<meta property=\"og:image\" content=\"https:\/\/goldwing.nl\/nl\/wp-content\/uploads\/sites\/2\/2025\/01\/48010-Middel.jpg?_t=1765052165\" \/>\n\t<meta property=\"og:image:width\" content=\"1153\" \/>\n\t<meta property=\"og:image:height\" content=\"768\" \/>\n\t<meta property=\"og:image:type\" content=\"image\/jpeg\" \/>\n<meta name=\"twitter:card\" content=\"summary_large_image\" \/>\n<meta name=\"twitter:label1\" content=\"Geschatte leestijd\" \/>\n\t<meta name=\"twitter:data1\" content=\"1 minuut\" \/>\n<script type=\"application\/ld+json\" class=\"yoast-schema-graph\">{\"@context\":\"https:\/\/schema.org\",\"@graph\":[{\"@type\":\"WebPage\",\"@id\":\"https:\/\/goldwing.nl\/nl\/shop\/goldwing-gl-1800-2018-up\/bedradings-aansluit-module-gl1800-2018up\/\",\"url\":\"https:\/\/goldwing.nl\/nl\/shop\/goldwing-gl-1800-2018-up\/bedradings-aansluit-module-gl1800-2018up\/\",\"name\":\"Bedradings aansluit module GL1800 2018up (F) - Goldwing.nl - NL\",\"isPartOf\":{\"@id\":\"https:\/\/goldwing.nl\/nl\/#website\"},\"primaryImageOfPage\":{\"@id\":\"https:\/\/goldwing.nl\/nl\/shop\/goldwing-gl-1800-2018-up\/bedradings-aansluit-module-gl1800-2018up\/#primaryimage\"},\"image\":{\"@id\":\"https:\/\/goldwing.nl\/nl\/shop\/goldwing-gl-1800-2018-up\/bedradings-aansluit-module-gl1800-2018up\/#primaryimage\"},\"thumbnailUrl\":\"https:\/\/goldwing.nl\/nl\/wp-content\/uploads\/sites\/2\/2025\/01\/48010-Middel.jpg\",\"datePublished\":\"2025-01-09T11:37:14+00:00\",\"dateModified\":\"2025-12-06T20:15:59+00:00\",\"breadcrumb\":{\"@id\":\"https:\/\/goldwing.nl\/nl\/shop\/goldwing-gl-1800-2018-up\/bedradings-aansluit-module-gl1800-2018up\/#breadcrumb\"},\"inLanguage\":\"nl-NL\",\"potentialAction\":[{\"@type\":\"ReadAction\",\"target\":[\"https:\/\/goldwing.nl\/nl\/shop\/goldwing-gl-1800-2018-up\/bedradings-aansluit-module-gl1800-2018up\/\"]}]},{\"@type\":\"ImageObject\",\"inLanguage\":\"nl-NL\",\"@id\":\"https:\/\/goldwing.nl\/nl\/shop\/goldwing-gl-1800-2018-up\/bedradings-aansluit-module-gl1800-2018up\/#primaryimage\",\"url\":\"https:\/\/goldwing.nl\/nl\/wp-content\/uploads\/sites\/2\/2025\/01\/48010-Middel.jpg\",\"contentUrl\":\"https:\/\/goldwing.nl\/nl\/wp-content\/uploads\/sites\/2\/2025\/01\/48010-Middel.jpg\",\"width\":1153,\"height\":768},{\"@type\":\"BreadcrumbList\",\"@id\":\"https:\/\/goldwing.nl\/nl\/shop\/goldwing-gl-1800-2018-up\/bedradings-aansluit-module-gl1800-2018up\/#breadcrumb\",\"itemListElement\":[{\"@type\":\"ListItem\",\"position\":1,\"name\":\"Home\",\"item\":\"https:\/\/goldwing.nl\/nl\/\"},{\"@type\":\"ListItem\",\"position\":2,\"name\":\"Webshop\",\"item\":\"https:\/\/goldwing.nl\/nl\/shop\/\"},{\"@type\":\"ListItem\",\"position\":3,\"name\":\"Bedradings aansluit module GL1800 2018up (F)\"}]},{\"@type\":\"WebSite\",\"@id\":\"https:\/\/goldwing.nl\/nl\/#website\",\"url\":\"https:\/\/goldwing.nl\/nl\/\",\"name\":\"Goldwing.nl - NL\",\"description\":\"Biker&#039;s Best\",\"publisher\":{\"@id\":\"https:\/\/goldwing.nl\/nl\/#organization\"},\"alternateName\":\"Biker's Best Goldwings en Accessoires\",\"potentialAction\":[{\"@type\":\"SearchAction\",\"target\":{\"@type\":\"EntryPoint\",\"urlTemplate\":\"https:\/\/goldwing.nl\/nl\/?s={search_term_string}\"},\"query-input\":{\"@type\":\"PropertyValueSpecification\",\"valueRequired\":true,\"valueName\":\"search_term_string\"}}],\"inLanguage\":\"nl-NL\"},{\"@type\":\"Organization\",\"@id\":\"https:\/\/goldwing.nl\/nl\/#organization\",\"name\":\"Goldwing.nl - NL\",\"url\":\"https:\/\/goldwing.nl\/nl\/\",\"logo\":{\"@type\":\"ImageObject\",\"inLanguage\":\"nl-NL\",\"@id\":\"https:\/\/goldwing.nl\/nl\/#\/schema\/logo\/image\/\",\"url\":\"https:\/\/goldwing.nl\/nl\/wp-content\/uploads\/sites\/2\/2022\/08\/BikersBest-logo.png\",\"contentUrl\":\"https:\/\/goldwing.nl\/nl\/wp-content\/uploads\/sites\/2\/2022\/08\/BikersBest-logo.png\",\"width\":311,\"height\":152,\"caption\":\"Goldwing.nl - NL\"},\"image\":{\"@id\":\"https:\/\/goldwing.nl\/nl\/#\/schema\/logo\/image\/\"},\"sameAs\":[\"https:\/\/www.facebook.com\/people\/Bikers-Best-Goldwings-accessoires\/100041824164083\"]}]}<\/script>\n<!-- \/ Yoast SEO plugin. -->","yoast_head_json":{"title":"Bedradings aansluit module GL1800 2018up (F) - Goldwing.nl - NL","robots":{"index":"index","follow":"follow","max-snippet":"max-snippet:-1","max-image-preview":"max-image-preview:large","max-video-preview":"max-video-preview:-1"},"canonical":"https:\/\/goldwing.nl\/nl\/shop\/goldwing-gl-1800-2018-up\/bedradings-aansluit-module-gl1800-2018up\/","og_locale":"nl_NL","og_type":"article","og_title":"Bedradings aansluit module GL1800 2018up (F) - Goldwing.nl - NL","og_description":"Bedradings aansluit module GL1800 2018up   Eenvoudig te installeren  Rechtstreeks aan te sluiten op de hoofdbundel, geen splitsen  Bedient run-turn-brake functies  24 individuele stroompoorten, 12 rechts en 12 links  Gemakkelijk uit te breiden tot meer dan de 24 poorten met de 48001 Y-splitter  Ge\u00efsoleerde stroombeveiliging  Vijfdraads uitgang voor trailerboom (max. 10 Amp\u00e8re)  Sterke ABS-constructie  Rubberen pluggen beschermen ongebruikte poorten  30 Amp\u00e8re totaal vermogen  3 Amp\u00e8re per poort max.  Vooraf ge\u00efnstalleerde ringklemmen voor een veilige aansluiting op de accu  Zware mechanische relais  Automatische stroomonderbrekerbeveiliging op elke poort  Volledig afgedichte circuits, relais en stroomonderbrekers houden ze veilig tegen alles wat jij of moeder natuur er tegenaan gooit.  Goldstrike en Twinart verlichtingsaccessoires kunnen rechtstreeks op het distributieblok worden aangesloten.  Er zijn draadadapters beschikbaar (apart verkrijgbaar) voor Kuryakyn en Pathfinder verlichtingsets.  We bieden ook een universele draadadapter om de meeste 12v verlichtingsaccessoires aan te sluiten.","og_url":"https:\/\/goldwing.nl\/nl\/shop\/goldwing-gl-1800-2018-up\/bedradings-aansluit-module-gl1800-2018up\/","og_site_name":"Goldwing.nl - NL","article_publisher":"https:\/\/www.facebook.com\/people\/Bikers-Best-Goldwings-accessoires\/100041824164083","article_modified_time":"2025-12-06T20:15:59+00:00","og_image":[{"width":1153,"height":768,"url":"https:\/\/goldwing.nl\/nl\/wp-content\/uploads\/sites\/2\/2025\/01\/48010-Middel.jpg?_t=1765052165","type":"image\/jpeg"}],"twitter_card":"summary_large_image","twitter_misc":{"Geschatte leestijd":"1 minuut"},"schema":{"@context":"https:\/\/schema.org","@graph":[{"@type":"WebPage","@id":"https:\/\/goldwing.nl\/nl\/shop\/goldwing-gl-1800-2018-up\/bedradings-aansluit-module-gl1800-2018up\/","url":"https:\/\/goldwing.nl\/nl\/shop\/goldwing-gl-1800-2018-up\/bedradings-aansluit-module-gl1800-2018up\/","name":"Bedradings aansluit module GL1800 2018up (F) - Goldwing.nl - NL","isPartOf":{"@id":"https:\/\/goldwing.nl\/nl\/#website"},"primaryImageOfPage":{"@id":"https:\/\/goldwing.nl\/nl\/shop\/goldwing-gl-1800-2018-up\/bedradings-aansluit-module-gl1800-2018up\/#primaryimage"},"image":{"@id":"https:\/\/goldwing.nl\/nl\/shop\/goldwing-gl-1800-2018-up\/bedradings-aansluit-module-gl1800-2018up\/#primaryimage"},"thumbnailUrl":"https:\/\/goldwing.nl\/nl\/wp-content\/uploads\/sites\/2\/2025\/01\/48010-Middel.jpg","datePublished":"2025-01-09T11:37:14+00:00","dateModified":"2025-12-06T20:15:59+00:00","breadcrumb":{"@id":"https:\/\/goldwing.nl\/nl\/shop\/goldwing-gl-1800-2018-up\/bedradings-aansluit-module-gl1800-2018up\/#breadcrumb"},"inLanguage":"nl-NL","potentialAction":[{"@type":"ReadAction","target":["https:\/\/goldwing.nl\/nl\/shop\/goldwing-gl-1800-2018-up\/bedradings-aansluit-module-gl1800-2018up\/"]}]},{"@type":"ImageObject","inLanguage":"nl-NL","@id":"https:\/\/goldwing.nl\/nl\/shop\/goldwing-gl-1800-2018-up\/bedradings-aansluit-module-gl1800-2018up\/#primaryimage","url":"https:\/\/goldwing.nl\/nl\/wp-content\/uploads\/sites\/2\/2025\/01\/48010-Middel.jpg","contentUrl":"https:\/\/goldwing.nl\/nl\/wp-content\/uploads\/sites\/2\/2025\/01\/48010-Middel.jpg","width":1153,"height":768},{"@type":"BreadcrumbList","@id":"https:\/\/goldwing.nl\/nl\/shop\/goldwing-gl-1800-2018-up\/bedradings-aansluit-module-gl1800-2018up\/#breadcrumb","itemListElement":[{"@type":"ListItem","position":1,"name":"Home","item":"https:\/\/goldwing.nl\/nl\/"},{"@type":"ListItem","position":2,"name":"Webshop","item":"https:\/\/goldwing.nl\/nl\/shop\/"},{"@type":"ListItem","position":3,"name":"Bedradings aansluit module GL1800 2018up (F)"}]},{"@type":"WebSite","@id":"https:\/\/goldwing.nl\/nl\/#website","url":"https:\/\/goldwing.nl\/nl\/","name":"Goldwing.nl - NL","description":"Biker&#039;s Best","publisher":{"@id":"https:\/\/goldwing.nl\/nl\/#organization"},"alternateName":"Biker's Best Goldwings en Accessoires","potentialAction":[{"@type":"SearchAction","target":{"@type":"EntryPoint","urlTemplate":"https:\/\/goldwing.nl\/nl\/?s={search_term_string}"},"query-input":{"@type":"PropertyValueSpecification","valueRequired":true,"valueName":"search_term_string"}}],"inLanguage":"nl-NL"},{"@type":"Organization","@id":"https:\/\/goldwing.nl\/nl\/#organization","name":"Goldwing.nl - NL","url":"https:\/\/goldwing.nl\/nl\/","logo":{"@type":"ImageObject","inLanguage":"nl-NL","@id":"https:\/\/goldwing.nl\/nl\/#\/schema\/logo\/image\/","url":"https:\/\/goldwing.nl\/nl\/wp-content\/uploads\/sites\/2\/2022\/08\/BikersBest-logo.png","contentUrl":"https:\/\/goldwing.nl\/nl\/wp-content\/uploads\/sites\/2\/2022\/08\/BikersBest-logo.png","width":311,"height":152,"caption":"Goldwing.nl - NL"},"image":{"@id":"https:\/\/goldwing.nl\/nl\/#\/schema\/logo\/image\/"},"sameAs":["https:\/\/www.facebook.com\/people\/Bikers-Best-Goldwings-accessoires\/100041824164083"]}]}},"_links":{"self":[{"href":"https:\/\/goldwing.nl\/nl\/wp-json\/wp\/v2\/product\/39959"}],"collection":[{"href":"https:\/\/goldwing.nl\/nl\/wp-json\/wp\/v2\/product"}],"about":[{"href":"https:\/\/goldwing.nl\/nl\/wp-json\/wp\/v2\/types\/product"}],"wp:featuredmedia":[{"embeddable":true,"href":"https:\/\/goldwing.nl\/nl\/wp-json\/wp\/v2\/media\/39960"}],"wp:attachment":[{"href":"https:\/\/goldwing.nl\/nl\/wp-json\/wp\/v2\/media?parent=39959"}],"wp:term":[{"taxonomy":"product_cat","embeddable":true,"href":"https:\/\/goldwing.nl\/nl\/wp-json\/wp\/v2\/product_cat?post=39959"},{"taxonomy":"product_tag","embeddable":true,"href":"https:\/\/goldwing.nl\/nl\/wp-json\/wp\/v2\/product_tag?post=39959"}],"curies":[{"name":"wp","href":"https:\/\/api.w.org\/{rel}","templated":true}]}}