{"id":37194,"date":"2024-04-18T10:46:24","date_gmt":"2024-04-18T10:46:24","guid":{"rendered":"https:\/\/goldwing.nl\/nl\/?post_type=product&#038;p=37194"},"modified":"2025-12-30T08:58:42","modified_gmt":"2025-12-30T08:58:42","slug":"spiegel-glazen-set-met-lopend-knipperlicht-gl1800-2018up-ciro-58510","status":"publish","type":"product","link":"https:\/\/goldwing.nl\/nl\/shop\/goldwing-gl-1800-2018-up\/spiegel-glazen-set-met-lopend-knipperlicht-gl1800-2018up-ciro-58510\/","title":{"rendered":"Goldstrike Spiegel glazen set, extra breed met lopend knipperlicht GL1800 2018up  (CIRO # 58510) (F)"},"content":{"rendered":"","protected":false},"excerpt":{"rendered":"<p>Spiegel glazen set, extra breed met lopend knipperlicht GL1800 2018up (CIRO # 58510)<\/p>\n<ul>\n<li>Ge\u00efntegreerde sequenti\u00eble amberkleurige richtingaanwijzer.<\/li>\n<li>Verborgen sequenti\u00eble richtingaanwijzer wanneer niet in gebruik.<\/li>\n<li>ontwerp met dubbele spiegel, geen fisheye-koepelspiegel nodig.<\/li>\n<li>Vermindert dode hoeken en biedt meer zicht naar achteren met vijf extra vierkante inches spiegeloppervlak.<\/li>\n<li>Eenvoudige installatie.<\/li>\n<li>Behoudt de standaard instelbaarheid.<\/li>\n<li>Vergroot gezichtsveld.<\/li>\n<li>Verbeterde zichtbaarheid bij het slepen.<\/li>\n<li>Vergroot gezichtsveld: 1\/2&#8243; hoger en 1-1\/4&#8243; breder dan de fabrieksspiegel.<\/li>\n<li>Plug-N-Play kabelboom, geen knip- of plakwerk.<\/li>\n<li>Fabrieksstekker voor eenvoudige installatie.<\/li>\n<li>Geen demontage van carrosseriepanelen.<\/li>\n<li>Wordt ge\u00efnstalleerd op de fabrieksspiegelsteun.<\/li>\n<li>Bedien de motorfiets niet met ingeklapte spiegels.<\/li>\n<li>Bedoeld om te werken met de OEM richtingaanwijzers.<\/li>\n<li>Sommige aftermarket richtingaanwijzers be\u00efnvloeden de prestaties van deze lichten.<\/li>\n<\/ul>\n","protected":false},"featured_media":37195,"template":"","meta":{"_acf_changed":false},"product_cat":[571],"product_tag":[],"class_list":["post-37194","product","type-product","status-publish","has-post-thumbnail","hentry","product_cat-goldwing-gl-1800-2018-up","product_shipping_class-pakket-artikel","","woocommerce-text-align-center","woocommerce-image-align-center","do-quantity-buttons"],"acf":[],"yoast_head":"<!-- This site is optimized with the Yoast SEO plugin v25.6 - https:\/\/yoast.com\/wordpress\/plugins\/seo\/ -->\n<title>Goldstrike Spiegel glazen set, extra breed met lopend knipperlicht GL1800 2018up (CIRO # 58510) (F) - Goldwing.nl - NL<\/title>\n<meta name=\"robots\" content=\"index, follow, max-snippet:-1, max-image-preview:large, max-video-preview:-1\" \/>\n<link rel=\"canonical\" href=\"https:\/\/goldwing.nl\/nl\/shop\/goldwing-gl-1800-2018-up\/spiegel-glazen-set-met-lopend-knipperlicht-gl1800-2018up-ciro-58510\/\" \/>\n<meta property=\"og:locale\" content=\"nl_NL\" \/>\n<meta property=\"og:type\" content=\"article\" \/>\n<meta property=\"og:title\" content=\"Goldstrike Spiegel glazen set, extra breed met lopend knipperlicht GL1800 2018up (CIRO # 58510) (F) - Goldwing.nl - NL\" \/>\n<meta property=\"og:description\" content=\"Spiegel glazen set, extra breed met lopend knipperlicht GL1800 2018up (CIRO # 58510)   Ge\u00efntegreerde sequenti\u00eble amberkleurige richtingaanwijzer.  Verborgen sequenti\u00eble richtingaanwijzer wanneer niet in gebruik.  ontwerp met dubbele spiegel, geen fisheye-koepelspiegel nodig.  Vermindert dode hoeken en biedt meer zicht naar achteren met vijf extra vierkante inches spiegeloppervlak.  Eenvoudige installatie.  Behoudt de standaard instelbaarheid.  Vergroot gezichtsveld.  Verbeterde zichtbaarheid bij het slepen.  Vergroot gezichtsveld: 1\/2&quot; hoger en 1-1\/4&quot; breder dan de fabrieksspiegel.  Plug-N-Play kabelboom, geen knip- of plakwerk.  Fabrieksstekker voor eenvoudige installatie.  Geen demontage van carrosseriepanelen.  Wordt ge\u00efnstalleerd op de fabrieksspiegelsteun.  Bedien de motorfiets niet met ingeklapte spiegels.  Bedoeld om te werken met de OEM richtingaanwijzers.  Sommige aftermarket richtingaanwijzers be\u00efnvloeden de prestaties van deze lichten.\" \/>\n<meta property=\"og:url\" content=\"https:\/\/goldwing.nl\/nl\/shop\/goldwing-gl-1800-2018-up\/spiegel-glazen-set-met-lopend-knipperlicht-gl1800-2018up-ciro-58510\/\" \/>\n<meta property=\"og:site_name\" content=\"Goldwing.nl - NL\" \/>\n<meta property=\"article:publisher\" content=\"https:\/\/www.facebook.com\/people\/Bikers-Best-Goldwings-accessoires\/100041824164083\" \/>\n<meta property=\"article:modified_time\" content=\"2025-12-30T08:58:42+00:00\" \/>\n<meta property=\"og:image\" content=\"https:\/\/goldwing.nl\/nl\/wp-content\/uploads\/sites\/2\/2024\/04\/58510-Middel.jpg?_t=1767085128\" \/>\n\t<meta property=\"og:image:width\" content=\"1153\" \/>\n\t<meta property=\"og:image:height\" content=\"768\" \/>\n\t<meta property=\"og:image:type\" content=\"image\/jpeg\" \/>\n<meta name=\"twitter:card\" content=\"summary_large_image\" \/>\n<meta name=\"twitter:label1\" content=\"Geschatte leestijd\" \/>\n\t<meta name=\"twitter:data1\" content=\"1 minuut\" \/>\n<script type=\"application\/ld+json\" class=\"yoast-schema-graph\">{\"@context\":\"https:\/\/schema.org\",\"@graph\":[{\"@type\":\"WebPage\",\"@id\":\"https:\/\/goldwing.nl\/nl\/shop\/goldwing-gl-1800-2018-up\/spiegel-glazen-set-met-lopend-knipperlicht-gl1800-2018up-ciro-58510\/\",\"url\":\"https:\/\/goldwing.nl\/nl\/shop\/goldwing-gl-1800-2018-up\/spiegel-glazen-set-met-lopend-knipperlicht-gl1800-2018up-ciro-58510\/\",\"name\":\"Goldstrike Spiegel glazen set, extra breed met lopend knipperlicht GL1800 2018up (CIRO # 58510) (F) - Goldwing.nl - NL\",\"isPartOf\":{\"@id\":\"https:\/\/goldwing.nl\/nl\/#website\"},\"primaryImageOfPage\":{\"@id\":\"https:\/\/goldwing.nl\/nl\/shop\/goldwing-gl-1800-2018-up\/spiegel-glazen-set-met-lopend-knipperlicht-gl1800-2018up-ciro-58510\/#primaryimage\"},\"image\":{\"@id\":\"https:\/\/goldwing.nl\/nl\/shop\/goldwing-gl-1800-2018-up\/spiegel-glazen-set-met-lopend-knipperlicht-gl1800-2018up-ciro-58510\/#primaryimage\"},\"thumbnailUrl\":\"https:\/\/goldwing.nl\/nl\/wp-content\/uploads\/sites\/2\/2024\/04\/58510-Middel.jpg\",\"datePublished\":\"2024-04-18T10:46:24+00:00\",\"dateModified\":\"2025-12-30T08:58:42+00:00\",\"breadcrumb\":{\"@id\":\"https:\/\/goldwing.nl\/nl\/shop\/goldwing-gl-1800-2018-up\/spiegel-glazen-set-met-lopend-knipperlicht-gl1800-2018up-ciro-58510\/#breadcrumb\"},\"inLanguage\":\"nl-NL\",\"potentialAction\":[{\"@type\":\"ReadAction\",\"target\":[\"https:\/\/goldwing.nl\/nl\/shop\/goldwing-gl-1800-2018-up\/spiegel-glazen-set-met-lopend-knipperlicht-gl1800-2018up-ciro-58510\/\"]}]},{\"@type\":\"ImageObject\",\"inLanguage\":\"nl-NL\",\"@id\":\"https:\/\/goldwing.nl\/nl\/shop\/goldwing-gl-1800-2018-up\/spiegel-glazen-set-met-lopend-knipperlicht-gl1800-2018up-ciro-58510\/#primaryimage\",\"url\":\"https:\/\/goldwing.nl\/nl\/wp-content\/uploads\/sites\/2\/2024\/04\/58510-Middel.jpg\",\"contentUrl\":\"https:\/\/goldwing.nl\/nl\/wp-content\/uploads\/sites\/2\/2024\/04\/58510-Middel.jpg\",\"width\":1153,\"height\":768},{\"@type\":\"BreadcrumbList\",\"@id\":\"https:\/\/goldwing.nl\/nl\/shop\/goldwing-gl-1800-2018-up\/spiegel-glazen-set-met-lopend-knipperlicht-gl1800-2018up-ciro-58510\/#breadcrumb\",\"itemListElement\":[{\"@type\":\"ListItem\",\"position\":1,\"name\":\"Home\",\"item\":\"https:\/\/goldwing.nl\/nl\/\"},{\"@type\":\"ListItem\",\"position\":2,\"name\":\"Webshop\",\"item\":\"https:\/\/goldwing.nl\/nl\/shop\/\"},{\"@type\":\"ListItem\",\"position\":3,\"name\":\"Goldstrike Spiegel glazen set, extra breed met lopend knipperlicht GL1800 2018up (CIRO # 58510) (F)\"}]},{\"@type\":\"WebSite\",\"@id\":\"https:\/\/goldwing.nl\/nl\/#website\",\"url\":\"https:\/\/goldwing.nl\/nl\/\",\"name\":\"Goldwing.nl - NL\",\"description\":\"Biker&#039;s Best\",\"publisher\":{\"@id\":\"https:\/\/goldwing.nl\/nl\/#organization\"},\"alternateName\":\"Biker's Best Goldwings en Accessoires\",\"potentialAction\":[{\"@type\":\"SearchAction\",\"target\":{\"@type\":\"EntryPoint\",\"urlTemplate\":\"https:\/\/goldwing.nl\/nl\/?s={search_term_string}\"},\"query-input\":{\"@type\":\"PropertyValueSpecification\",\"valueRequired\":true,\"valueName\":\"search_term_string\"}}],\"inLanguage\":\"nl-NL\"},{\"@type\":\"Organization\",\"@id\":\"https:\/\/goldwing.nl\/nl\/#organization\",\"name\":\"Goldwing.nl - NL\",\"url\":\"https:\/\/goldwing.nl\/nl\/\",\"logo\":{\"@type\":\"ImageObject\",\"inLanguage\":\"nl-NL\",\"@id\":\"https:\/\/goldwing.nl\/nl\/#\/schema\/logo\/image\/\",\"url\":\"https:\/\/goldwing.nl\/nl\/wp-content\/uploads\/sites\/2\/2022\/08\/BikersBest-logo.png\",\"contentUrl\":\"https:\/\/goldwing.nl\/nl\/wp-content\/uploads\/sites\/2\/2022\/08\/BikersBest-logo.png\",\"width\":311,\"height\":152,\"caption\":\"Goldwing.nl - NL\"},\"image\":{\"@id\":\"https:\/\/goldwing.nl\/nl\/#\/schema\/logo\/image\/\"},\"sameAs\":[\"https:\/\/www.facebook.com\/people\/Bikers-Best-Goldwings-accessoires\/100041824164083\"]}]}<\/script>\n<!-- \/ Yoast SEO plugin. -->","yoast_head_json":{"title":"Goldstrike Spiegel glazen set, extra breed met lopend knipperlicht GL1800 2018up (CIRO # 58510) (F) - Goldwing.nl - NL","robots":{"index":"index","follow":"follow","max-snippet":"max-snippet:-1","max-image-preview":"max-image-preview:large","max-video-preview":"max-video-preview:-1"},"canonical":"https:\/\/goldwing.nl\/nl\/shop\/goldwing-gl-1800-2018-up\/spiegel-glazen-set-met-lopend-knipperlicht-gl1800-2018up-ciro-58510\/","og_locale":"nl_NL","og_type":"article","og_title":"Goldstrike Spiegel glazen set, extra breed met lopend knipperlicht GL1800 2018up (CIRO # 58510) (F) - Goldwing.nl - NL","og_description":"Spiegel glazen set, extra breed met lopend knipperlicht GL1800 2018up (CIRO # 58510)   Ge\u00efntegreerde sequenti\u00eble amberkleurige richtingaanwijzer.  Verborgen sequenti\u00eble richtingaanwijzer wanneer niet in gebruik.  ontwerp met dubbele spiegel, geen fisheye-koepelspiegel nodig.  Vermindert dode hoeken en biedt meer zicht naar achteren met vijf extra vierkante inches spiegeloppervlak.  Eenvoudige installatie.  Behoudt de standaard instelbaarheid.  Vergroot gezichtsveld.  Verbeterde zichtbaarheid bij het slepen.  Vergroot gezichtsveld: 1\/2\" hoger en 1-1\/4\" breder dan de fabrieksspiegel.  Plug-N-Play kabelboom, geen knip- of plakwerk.  Fabrieksstekker voor eenvoudige installatie.  Geen demontage van carrosseriepanelen.  Wordt ge\u00efnstalleerd op de fabrieksspiegelsteun.  Bedien de motorfiets niet met ingeklapte spiegels.  Bedoeld om te werken met de OEM richtingaanwijzers.  Sommige aftermarket richtingaanwijzers be\u00efnvloeden de prestaties van deze lichten.","og_url":"https:\/\/goldwing.nl\/nl\/shop\/goldwing-gl-1800-2018-up\/spiegel-glazen-set-met-lopend-knipperlicht-gl1800-2018up-ciro-58510\/","og_site_name":"Goldwing.nl - NL","article_publisher":"https:\/\/www.facebook.com\/people\/Bikers-Best-Goldwings-accessoires\/100041824164083","article_modified_time":"2025-12-30T08:58:42+00:00","og_image":[{"width":1153,"height":768,"url":"https:\/\/goldwing.nl\/nl\/wp-content\/uploads\/sites\/2\/2024\/04\/58510-Middel.jpg?_t=1767085128","type":"image\/jpeg"}],"twitter_card":"summary_large_image","twitter_misc":{"Geschatte leestijd":"1 minuut"},"schema":{"@context":"https:\/\/schema.org","@graph":[{"@type":"WebPage","@id":"https:\/\/goldwing.nl\/nl\/shop\/goldwing-gl-1800-2018-up\/spiegel-glazen-set-met-lopend-knipperlicht-gl1800-2018up-ciro-58510\/","url":"https:\/\/goldwing.nl\/nl\/shop\/goldwing-gl-1800-2018-up\/spiegel-glazen-set-met-lopend-knipperlicht-gl1800-2018up-ciro-58510\/","name":"Goldstrike Spiegel glazen set, extra breed met lopend knipperlicht GL1800 2018up (CIRO # 58510) (F) - Goldwing.nl - NL","isPartOf":{"@id":"https:\/\/goldwing.nl\/nl\/#website"},"primaryImageOfPage":{"@id":"https:\/\/goldwing.nl\/nl\/shop\/goldwing-gl-1800-2018-up\/spiegel-glazen-set-met-lopend-knipperlicht-gl1800-2018up-ciro-58510\/#primaryimage"},"image":{"@id":"https:\/\/goldwing.nl\/nl\/shop\/goldwing-gl-1800-2018-up\/spiegel-glazen-set-met-lopend-knipperlicht-gl1800-2018up-ciro-58510\/#primaryimage"},"thumbnailUrl":"https:\/\/goldwing.nl\/nl\/wp-content\/uploads\/sites\/2\/2024\/04\/58510-Middel.jpg","datePublished":"2024-04-18T10:46:24+00:00","dateModified":"2025-12-30T08:58:42+00:00","breadcrumb":{"@id":"https:\/\/goldwing.nl\/nl\/shop\/goldwing-gl-1800-2018-up\/spiegel-glazen-set-met-lopend-knipperlicht-gl1800-2018up-ciro-58510\/#breadcrumb"},"inLanguage":"nl-NL","potentialAction":[{"@type":"ReadAction","target":["https:\/\/goldwing.nl\/nl\/shop\/goldwing-gl-1800-2018-up\/spiegel-glazen-set-met-lopend-knipperlicht-gl1800-2018up-ciro-58510\/"]}]},{"@type":"ImageObject","inLanguage":"nl-NL","@id":"https:\/\/goldwing.nl\/nl\/shop\/goldwing-gl-1800-2018-up\/spiegel-glazen-set-met-lopend-knipperlicht-gl1800-2018up-ciro-58510\/#primaryimage","url":"https:\/\/goldwing.nl\/nl\/wp-content\/uploads\/sites\/2\/2024\/04\/58510-Middel.jpg","contentUrl":"https:\/\/goldwing.nl\/nl\/wp-content\/uploads\/sites\/2\/2024\/04\/58510-Middel.jpg","width":1153,"height":768},{"@type":"BreadcrumbList","@id":"https:\/\/goldwing.nl\/nl\/shop\/goldwing-gl-1800-2018-up\/spiegel-glazen-set-met-lopend-knipperlicht-gl1800-2018up-ciro-58510\/#breadcrumb","itemListElement":[{"@type":"ListItem","position":1,"name":"Home","item":"https:\/\/goldwing.nl\/nl\/"},{"@type":"ListItem","position":2,"name":"Webshop","item":"https:\/\/goldwing.nl\/nl\/shop\/"},{"@type":"ListItem","position":3,"name":"Goldstrike Spiegel glazen set, extra breed met lopend knipperlicht GL1800 2018up (CIRO # 58510) (F)"}]},{"@type":"WebSite","@id":"https:\/\/goldwing.nl\/nl\/#website","url":"https:\/\/goldwing.nl\/nl\/","name":"Goldwing.nl - NL","description":"Biker&#039;s Best","publisher":{"@id":"https:\/\/goldwing.nl\/nl\/#organization"},"alternateName":"Biker's Best Goldwings en Accessoires","potentialAction":[{"@type":"SearchAction","target":{"@type":"EntryPoint","urlTemplate":"https:\/\/goldwing.nl\/nl\/?s={search_term_string}"},"query-input":{"@type":"PropertyValueSpecification","valueRequired":true,"valueName":"search_term_string"}}],"inLanguage":"nl-NL"},{"@type":"Organization","@id":"https:\/\/goldwing.nl\/nl\/#organization","name":"Goldwing.nl - NL","url":"https:\/\/goldwing.nl\/nl\/","logo":{"@type":"ImageObject","inLanguage":"nl-NL","@id":"https:\/\/goldwing.nl\/nl\/#\/schema\/logo\/image\/","url":"https:\/\/goldwing.nl\/nl\/wp-content\/uploads\/sites\/2\/2022\/08\/BikersBest-logo.png","contentUrl":"https:\/\/goldwing.nl\/nl\/wp-content\/uploads\/sites\/2\/2022\/08\/BikersBest-logo.png","width":311,"height":152,"caption":"Goldwing.nl - NL"},"image":{"@id":"https:\/\/goldwing.nl\/nl\/#\/schema\/logo\/image\/"},"sameAs":["https:\/\/www.facebook.com\/people\/Bikers-Best-Goldwings-accessoires\/100041824164083"]}]}},"_links":{"self":[{"href":"https:\/\/goldwing.nl\/nl\/wp-json\/wp\/v2\/product\/37194"}],"collection":[{"href":"https:\/\/goldwing.nl\/nl\/wp-json\/wp\/v2\/product"}],"about":[{"href":"https:\/\/goldwing.nl\/nl\/wp-json\/wp\/v2\/types\/product"}],"wp:featuredmedia":[{"embeddable":true,"href":"https:\/\/goldwing.nl\/nl\/wp-json\/wp\/v2\/media\/37195"}],"wp:attachment":[{"href":"https:\/\/goldwing.nl\/nl\/wp-json\/wp\/v2\/media?parent=37194"}],"wp:term":[{"taxonomy":"product_cat","embeddable":true,"href":"https:\/\/goldwing.nl\/nl\/wp-json\/wp\/v2\/product_cat?post=37194"},{"taxonomy":"product_tag","embeddable":true,"href":"https:\/\/goldwing.nl\/nl\/wp-json\/wp\/v2\/product_tag?post=37194"}],"curies":[{"name":"wp","href":"https:\/\/api.w.org\/{rel}","templated":true}]}}