{"id":29575,"date":"2026-03-12T10:49:24","date_gmt":"2026-03-12T10:49:24","guid":{"rendered":"https:\/\/goldwing.nl\/de\/shop\/niet-gecategoriseerd\/universal-drosselklappenaufsatz-nicht-fur-dickere-griffe-geeignet\/"},"modified":"2026-03-12T11:20:35","modified_gmt":"2026-03-12T11:20:35","slug":"universal-drosselklappenaufsatz-nicht-fur-dickere-griffe-geeignet","status":"publish","type":"product","link":"https:\/\/goldwing.nl\/de\/shop\/goldwing-gl-1800\/griffe-und-zubehoer\/universal-drosselklappenaufsatz-nicht-fur-dickere-griffe-geeignet\/","title":{"rendered":"Universal-Drosselklappenaufsatz (nicht f\u00fcr dickere Griffe geeignet)"},"content":{"rendered":"","protected":false},"excerpt":{"rendered":"<ul>\n<li>Throttle Boss wird am Ende jedes Gasgriffs mit Drehgriff befestigt.<\/li>\n<li>Ein kleines, verstellbares Paddel befindet sich unter der Handfl\u00e4che.<\/li>\n<li>Erm\u00f6glicht dem Fahrer, mit entspanntem Griff eine gleichm\u00e4\u00dfige Gasstellung beizubehalten.<\/li>\n<li>Bei Nichtgebrauch l\u00e4sst es sich ohne Werkzeug leicht entfernen.<\/li>\n<\/ul>\n","protected":false},"featured_media":29576,"template":"","meta":{"_acf_changed":false},"product_cat":[456,454,455,457,379],"product_tag":[],"class_list":["post-29575","product","type-product","status-publish","has-post-thumbnail","hentry","product_cat-griffe-und-zubehoer-goldwing-gl-1000","product_cat-griffe-und-zubehoer-goldwing-gl-1100","product_cat-griffe-und-zubehoer-goldwing-gl-1200","product_cat-griffe-und-zubehoer-goldwing-gl-1500","product_cat-griffe-und-zubehoer","product_shipping_class-pakket-artikel","","woocommerce-text-align-center","woocommerce-image-align-center","do-quantity-buttons"],"acf":[],"yoast_head":"<!-- This site is optimized with the Yoast SEO plugin v25.6 - https:\/\/yoast.com\/wordpress\/plugins\/seo\/ -->\n<title>Universal-Drosselklappenaufsatz (nicht f\u00fcr dickere Griffe geeignet) - Goldwing.nl - DE<\/title>\n<meta name=\"robots\" content=\"index, follow, max-snippet:-1, max-image-preview:large, max-video-preview:-1\" \/>\n<link rel=\"canonical\" href=\"https:\/\/goldwing.nl\/de\/shop\/goldwing-gl-1800\/griffe-und-zubehoer\/universal-drosselklappenaufsatz-nicht-fur-dickere-griffe-geeignet\/\" \/>\n<meta property=\"og:locale\" content=\"de_DE\" \/>\n<meta property=\"og:type\" content=\"article\" \/>\n<meta property=\"og:title\" content=\"Universal-Drosselklappenaufsatz (nicht f\u00fcr dickere Griffe geeignet) - Goldwing.nl - DE\" \/>\n<meta property=\"og:description\" content=\"Throttle Boss wird am Ende jedes Gasgriffs mit Drehgriff befestigt.  Ein kleines, verstellbares Paddel befindet sich unter der Handfl\u00e4che.  Erm\u00f6glicht dem Fahrer, mit entspanntem Griff eine gleichm\u00e4\u00dfige Gasstellung beizubehalten.  Bei Nichtgebrauch l\u00e4sst es sich ohne Werkzeug leicht entfernen.\" \/>\n<meta property=\"og:url\" content=\"https:\/\/goldwing.nl\/de\/shop\/goldwing-gl-1800\/griffe-und-zubehoer\/universal-drosselklappenaufsatz-nicht-fur-dickere-griffe-geeignet\/\" \/>\n<meta property=\"og:site_name\" content=\"Goldwing.nl - DE\" \/>\n<meta property=\"article:publisher\" content=\"https:\/\/www.facebook.com\/302398026438779\" \/>\n<meta property=\"article:modified_time\" content=\"2026-03-12T11:20:35+00:00\" \/>\n<meta property=\"og:image\" content=\"https:\/\/goldwing.nl\/de\/wp-content\/uploads\/sites\/3\/2026\/03\/0102A-Medium.jpeg\" \/>\n\t<meta property=\"og:image:width\" content=\"1024\" \/>\n\t<meta property=\"og:image:height\" content=\"768\" \/>\n\t<meta property=\"og:image:type\" content=\"image\/jpeg\" \/>\n<meta name=\"twitter:card\" content=\"summary_large_image\" \/>\n<script type=\"application\/ld+json\" class=\"yoast-schema-graph\">{\"@context\":\"https:\/\/schema.org\",\"@graph\":[{\"@type\":\"WebPage\",\"@id\":\"https:\/\/goldwing.nl\/de\/shop\/goldwing-gl-1800\/griffe-und-zubehoer\/universal-drosselklappenaufsatz-nicht-fur-dickere-griffe-geeignet\/\",\"url\":\"https:\/\/goldwing.nl\/de\/shop\/goldwing-gl-1800\/griffe-und-zubehoer\/universal-drosselklappenaufsatz-nicht-fur-dickere-griffe-geeignet\/\",\"name\":\"Universal-Drosselklappenaufsatz (nicht f\u00fcr dickere Griffe geeignet) - Goldwing.nl - DE\",\"isPartOf\":{\"@id\":\"https:\/\/goldwing.nl\/de\/#website\"},\"primaryImageOfPage\":{\"@id\":\"https:\/\/goldwing.nl\/de\/shop\/goldwing-gl-1800\/griffe-und-zubehoer\/universal-drosselklappenaufsatz-nicht-fur-dickere-griffe-geeignet\/#primaryimage\"},\"image\":{\"@id\":\"https:\/\/goldwing.nl\/de\/shop\/goldwing-gl-1800\/griffe-und-zubehoer\/universal-drosselklappenaufsatz-nicht-fur-dickere-griffe-geeignet\/#primaryimage\"},\"thumbnailUrl\":\"https:\/\/goldwing.nl\/de\/wp-content\/uploads\/sites\/3\/2026\/03\/0102A-Medium.jpeg\",\"datePublished\":\"2026-03-12T10:49:24+00:00\",\"dateModified\":\"2026-03-12T11:20:35+00:00\",\"breadcrumb\":{\"@id\":\"https:\/\/goldwing.nl\/de\/shop\/goldwing-gl-1800\/griffe-und-zubehoer\/universal-drosselklappenaufsatz-nicht-fur-dickere-griffe-geeignet\/#breadcrumb\"},\"inLanguage\":\"de\",\"potentialAction\":[{\"@type\":\"ReadAction\",\"target\":[\"https:\/\/goldwing.nl\/de\/shop\/goldwing-gl-1800\/griffe-und-zubehoer\/universal-drosselklappenaufsatz-nicht-fur-dickere-griffe-geeignet\/\"]}]},{\"@type\":\"ImageObject\",\"inLanguage\":\"de\",\"@id\":\"https:\/\/goldwing.nl\/de\/shop\/goldwing-gl-1800\/griffe-und-zubehoer\/universal-drosselklappenaufsatz-nicht-fur-dickere-griffe-geeignet\/#primaryimage\",\"url\":\"https:\/\/goldwing.nl\/de\/wp-content\/uploads\/sites\/3\/2026\/03\/0102A-Medium.jpeg\",\"contentUrl\":\"https:\/\/goldwing.nl\/de\/wp-content\/uploads\/sites\/3\/2026\/03\/0102A-Medium.jpeg\",\"width\":1024,\"height\":768},{\"@type\":\"BreadcrumbList\",\"@id\":\"https:\/\/goldwing.nl\/de\/shop\/goldwing-gl-1800\/griffe-und-zubehoer\/universal-drosselklappenaufsatz-nicht-fur-dickere-griffe-geeignet\/#breadcrumb\",\"itemListElement\":[{\"@type\":\"ListItem\",\"position\":1,\"name\":\"Home\",\"item\":\"https:\/\/goldwing.nl\/de\/\"},{\"@type\":\"ListItem\",\"position\":2,\"name\":\"Webshop\",\"item\":\"https:\/\/goldwing.nl\/de\/shop\/\"},{\"@type\":\"ListItem\",\"position\":3,\"name\":\"Universal-Drosselklappenaufsatz (nicht f\u00fcr dickere Griffe geeignet)\"}]},{\"@type\":\"WebSite\",\"@id\":\"https:\/\/goldwing.nl\/de\/#website\",\"url\":\"https:\/\/goldwing.nl\/de\/\",\"name\":\"Goldwing.nl - DE\",\"description\":\"Biker&#039;s Best\",\"publisher\":{\"@id\":\"https:\/\/goldwing.nl\/de\/#organization\"},\"potentialAction\":[{\"@type\":\"SearchAction\",\"target\":{\"@type\":\"EntryPoint\",\"urlTemplate\":\"https:\/\/goldwing.nl\/de\/?s={search_term_string}\"},\"query-input\":{\"@type\":\"PropertyValueSpecification\",\"valueRequired\":true,\"valueName\":\"search_term_string\"}}],\"inLanguage\":\"de\"},{\"@type\":\"Organization\",\"@id\":\"https:\/\/goldwing.nl\/de\/#organization\",\"name\":\"Goldwing.nl - DE\",\"url\":\"https:\/\/goldwing.nl\/de\/\",\"logo\":{\"@type\":\"ImageObject\",\"inLanguage\":\"de\",\"@id\":\"https:\/\/goldwing.nl\/de\/#\/schema\/logo\/image\/\",\"url\":\"https:\/\/goldwing.nl\/de\/wp-content\/uploads\/sites\/3\/2022\/08\/BikersBest-logo.png\",\"contentUrl\":\"https:\/\/goldwing.nl\/de\/wp-content\/uploads\/sites\/3\/2022\/08\/BikersBest-logo.png\",\"width\":311,\"height\":152,\"caption\":\"Goldwing.nl - DE\"},\"image\":{\"@id\":\"https:\/\/goldwing.nl\/de\/#\/schema\/logo\/image\/\"},\"sameAs\":[\"https:\/\/www.facebook.com\/302398026438779\"]}]}<\/script>\n<!-- \/ Yoast SEO plugin. -->","yoast_head_json":{"title":"Universal-Drosselklappenaufsatz (nicht f\u00fcr dickere Griffe geeignet) - Goldwing.nl - DE","robots":{"index":"index","follow":"follow","max-snippet":"max-snippet:-1","max-image-preview":"max-image-preview:large","max-video-preview":"max-video-preview:-1"},"canonical":"https:\/\/goldwing.nl\/de\/shop\/goldwing-gl-1800\/griffe-und-zubehoer\/universal-drosselklappenaufsatz-nicht-fur-dickere-griffe-geeignet\/","og_locale":"de_DE","og_type":"article","og_title":"Universal-Drosselklappenaufsatz (nicht f\u00fcr dickere Griffe geeignet) - Goldwing.nl - DE","og_description":"Throttle Boss wird am Ende jedes Gasgriffs mit Drehgriff befestigt.  Ein kleines, verstellbares Paddel befindet sich unter der Handfl\u00e4che.  Erm\u00f6glicht dem Fahrer, mit entspanntem Griff eine gleichm\u00e4\u00dfige Gasstellung beizubehalten.  Bei Nichtgebrauch l\u00e4sst es sich ohne Werkzeug leicht entfernen.","og_url":"https:\/\/goldwing.nl\/de\/shop\/goldwing-gl-1800\/griffe-und-zubehoer\/universal-drosselklappenaufsatz-nicht-fur-dickere-griffe-geeignet\/","og_site_name":"Goldwing.nl - DE","article_publisher":"https:\/\/www.facebook.com\/302398026438779","article_modified_time":"2026-03-12T11:20:35+00:00","og_image":[{"width":1024,"height":768,"url":"https:\/\/goldwing.nl\/de\/wp-content\/uploads\/sites\/3\/2026\/03\/0102A-Medium.jpeg","type":"image\/jpeg"}],"twitter_card":"summary_large_image","schema":{"@context":"https:\/\/schema.org","@graph":[{"@type":"WebPage","@id":"https:\/\/goldwing.nl\/de\/shop\/goldwing-gl-1800\/griffe-und-zubehoer\/universal-drosselklappenaufsatz-nicht-fur-dickere-griffe-geeignet\/","url":"https:\/\/goldwing.nl\/de\/shop\/goldwing-gl-1800\/griffe-und-zubehoer\/universal-drosselklappenaufsatz-nicht-fur-dickere-griffe-geeignet\/","name":"Universal-Drosselklappenaufsatz (nicht f\u00fcr dickere Griffe geeignet) - Goldwing.nl - DE","isPartOf":{"@id":"https:\/\/goldwing.nl\/de\/#website"},"primaryImageOfPage":{"@id":"https:\/\/goldwing.nl\/de\/shop\/goldwing-gl-1800\/griffe-und-zubehoer\/universal-drosselklappenaufsatz-nicht-fur-dickere-griffe-geeignet\/#primaryimage"},"image":{"@id":"https:\/\/goldwing.nl\/de\/shop\/goldwing-gl-1800\/griffe-und-zubehoer\/universal-drosselklappenaufsatz-nicht-fur-dickere-griffe-geeignet\/#primaryimage"},"thumbnailUrl":"https:\/\/goldwing.nl\/de\/wp-content\/uploads\/sites\/3\/2026\/03\/0102A-Medium.jpeg","datePublished":"2026-03-12T10:49:24+00:00","dateModified":"2026-03-12T11:20:35+00:00","breadcrumb":{"@id":"https:\/\/goldwing.nl\/de\/shop\/goldwing-gl-1800\/griffe-und-zubehoer\/universal-drosselklappenaufsatz-nicht-fur-dickere-griffe-geeignet\/#breadcrumb"},"inLanguage":"de","potentialAction":[{"@type":"ReadAction","target":["https:\/\/goldwing.nl\/de\/shop\/goldwing-gl-1800\/griffe-und-zubehoer\/universal-drosselklappenaufsatz-nicht-fur-dickere-griffe-geeignet\/"]}]},{"@type":"ImageObject","inLanguage":"de","@id":"https:\/\/goldwing.nl\/de\/shop\/goldwing-gl-1800\/griffe-und-zubehoer\/universal-drosselklappenaufsatz-nicht-fur-dickere-griffe-geeignet\/#primaryimage","url":"https:\/\/goldwing.nl\/de\/wp-content\/uploads\/sites\/3\/2026\/03\/0102A-Medium.jpeg","contentUrl":"https:\/\/goldwing.nl\/de\/wp-content\/uploads\/sites\/3\/2026\/03\/0102A-Medium.jpeg","width":1024,"height":768},{"@type":"BreadcrumbList","@id":"https:\/\/goldwing.nl\/de\/shop\/goldwing-gl-1800\/griffe-und-zubehoer\/universal-drosselklappenaufsatz-nicht-fur-dickere-griffe-geeignet\/#breadcrumb","itemListElement":[{"@type":"ListItem","position":1,"name":"Home","item":"https:\/\/goldwing.nl\/de\/"},{"@type":"ListItem","position":2,"name":"Webshop","item":"https:\/\/goldwing.nl\/de\/shop\/"},{"@type":"ListItem","position":3,"name":"Universal-Drosselklappenaufsatz (nicht f\u00fcr dickere Griffe geeignet)"}]},{"@type":"WebSite","@id":"https:\/\/goldwing.nl\/de\/#website","url":"https:\/\/goldwing.nl\/de\/","name":"Goldwing.nl - DE","description":"Biker&#039;s Best","publisher":{"@id":"https:\/\/goldwing.nl\/de\/#organization"},"potentialAction":[{"@type":"SearchAction","target":{"@type":"EntryPoint","urlTemplate":"https:\/\/goldwing.nl\/de\/?s={search_term_string}"},"query-input":{"@type":"PropertyValueSpecification","valueRequired":true,"valueName":"search_term_string"}}],"inLanguage":"de"},{"@type":"Organization","@id":"https:\/\/goldwing.nl\/de\/#organization","name":"Goldwing.nl - DE","url":"https:\/\/goldwing.nl\/de\/","logo":{"@type":"ImageObject","inLanguage":"de","@id":"https:\/\/goldwing.nl\/de\/#\/schema\/logo\/image\/","url":"https:\/\/goldwing.nl\/de\/wp-content\/uploads\/sites\/3\/2022\/08\/BikersBest-logo.png","contentUrl":"https:\/\/goldwing.nl\/de\/wp-content\/uploads\/sites\/3\/2022\/08\/BikersBest-logo.png","width":311,"height":152,"caption":"Goldwing.nl - DE"},"image":{"@id":"https:\/\/goldwing.nl\/de\/#\/schema\/logo\/image\/"},"sameAs":["https:\/\/www.facebook.com\/302398026438779"]}]}},"_links":{"self":[{"href":"https:\/\/goldwing.nl\/de\/wp-json\/wp\/v2\/product\/29575"}],"collection":[{"href":"https:\/\/goldwing.nl\/de\/wp-json\/wp\/v2\/product"}],"about":[{"href":"https:\/\/goldwing.nl\/de\/wp-json\/wp\/v2\/types\/product"}],"wp:featuredmedia":[{"embeddable":true,"href":"https:\/\/goldwing.nl\/de\/wp-json\/wp\/v2\/media\/29576"}],"wp:attachment":[{"href":"https:\/\/goldwing.nl\/de\/wp-json\/wp\/v2\/media?parent=29575"}],"wp:term":[{"taxonomy":"product_cat","embeddable":true,"href":"https:\/\/goldwing.nl\/de\/wp-json\/wp\/v2\/product_cat?post=29575"},{"taxonomy":"product_tag","embeddable":true,"href":"https:\/\/goldwing.nl\/de\/wp-json\/wp\/v2\/product_tag?post=29575"}],"curies":[{"name":"wp","href":"https:\/\/api.w.org\/{rel}","templated":true}]}}