{"id":29567,"date":"2026-03-11T16:31:53","date_gmt":"2026-03-11T16:31:53","guid":{"rendered":"https:\/\/goldwing.nl\/de\/shop\/niet-gecategoriseerd\/spconnect-modul-aufladung-anti-vibration-spc-chrome-p06360486-52828\/"},"modified":"2026-03-14T08:16:47","modified_gmt":"2026-03-14T08:16:47","slug":"spconnect-modul-aufladung-anti-vibration-spc-chrome-p06360486-52828","status":"publish","type":"product","link":"https:\/\/goldwing.nl\/de\/shop\/intercom-navigation\/navigation-zubehoer\/spconnect-modul-aufladung-anti-vibration-spc-chrome-p06360486-52828\/","title":{"rendered":"SPConnect Modul-Aufladung Anti-Vibration SPC+ CHROME (P06360486\/52828)"},"content":{"rendered":"","protected":false},"excerpt":{"rendered":"<ul>\n<li>Innovativer Vibrationsd\u00e4mpfer und wetterfestes induktives Ladeger\u00e4t f\u00fcr die SPC+ Handyh\u00fclle.<\/li>\n<li>Bis zu 60 % weniger Vibrationen.<\/li>\n<li>Das SP ConnectTM Charging Anti Vibration Module ist die innovative Antwort auf die immer empfindlicheren neuen Smartphone-Generationen.<\/li>\n<li>Diese bestehen aus empfindlichen Komponenten, die durch anhaltende Vibrationen des Motors beeintr\u00e4chtigt werden k\u00f6nnen.<\/li>\n<li>Mit dem Charging Anti Vibration Module reduzieren Sie diese Vibrationen dank einer speziell entwickelten Elastomer-Einlage um bis zu 60 %. Gleichzeitig k\u00f6nnen Sie Ihr Smartphone w\u00e4hrend der Fahrt induktiv aufladen.<\/li>\n<li>F\u00fcr zus\u00e4tzlichen Schutz und einen voll aufgeladenen Akku. 100 % wetterfest.<\/li>\n<li>Ersetzen Sie einfach den kompatiblen Befestigungskopf durch das Charging Anti Vibration Module und befestigen Sie Ihr Smartphone mit einer 90\u00b0-Drehung im Uhrzeigersinn direkt auf dem vibrationsd\u00e4mpfenden Modul.<\/li>\n<li>Das Charging Anti Vibration Module ist um 360\u00b0 verstellbar, sodass Sie die Ausrichtung nach Ihren W\u00fcnschen anpassen k\u00f6nnen.<\/li>\n<li>Das Charging Anti Vibration Module SPC+ ist ein Ladeger\u00e4t und keine Powerbank (kein integrierter Akku).<\/li>\n<li>Das Modul funktioniert nur in Verbindung mit einer SPC+ Phone Case.<\/li>\n<li>Die Funktion mit der Universalschnittstelle oder der Universal-Handyh\u00fclle kann nicht garantiert werden.<\/li>\n<li>Verwenden Sie unser QC 3.0-Standard-konformes SP ConnectTM-Kabel 12V DC SPC+ (separat erh\u00e4ltlich, Artikelnummer: 21300355) f\u00fcr den direkten Anschluss an eine Motorradbatterie. Keyless-Z\u00fcndungen k\u00f6nnen durch \u00fcberlappende Frequenzkan\u00e4le beeintr\u00e4chtigt werden.<\/li>\n<li>Um Probleme beim Starten zu vermeiden, starten Sie die Z\u00fcndung, bevor Sie das Smartphone an das Lademodul anschlie\u00dfen.<\/li>\n<li>Farbe: Chrom<\/li>\n<li>Lieferumfang: 1 \u00d7 Ladeger\u00e4t Anti-Vibrationsmodul Chrom SPC+ + 1 \u00d7 Schraube (M5x16mm) + 1 \u00d7 Schraube (M5x21mm) &amp; 1 \u00d7 Kabel USB-A\/USB-C (QC 3.0).<\/li>\n<\/ul>\n","protected":false},"featured_media":29579,"template":"","meta":{"_acf_changed":false},"product_cat":[388,430],"product_tag":[],"class_list":["post-29567","product","type-product","status-publish","has-post-thumbnail","hentry","product_cat-intercom-navigation","product_cat-navigation-zubehoer","product_shipping_class-pakket-artikel","","woocommerce-text-align-center","woocommerce-image-align-center","do-quantity-buttons"],"acf":[],"yoast_head":"<!-- This site is optimized with the Yoast SEO plugin v25.6 - https:\/\/yoast.com\/wordpress\/plugins\/seo\/ -->\n<title>SPConnect Modul-Aufladung Anti-Vibration SPC+ CHROME (P06360486\/52828) - Goldwing.nl - DE<\/title>\n<meta name=\"robots\" content=\"index, follow, max-snippet:-1, max-image-preview:large, max-video-preview:-1\" \/>\n<link rel=\"canonical\" href=\"https:\/\/goldwing.nl\/de\/shop\/intercom-navigation\/spconnect-modul-aufladung-anti-vibration-spc-chrome-p06360486-52828\/\" \/>\n<meta property=\"og:locale\" content=\"de_DE\" \/>\n<meta property=\"og:type\" content=\"article\" \/>\n<meta property=\"og:title\" content=\"SPConnect Modul-Aufladung Anti-Vibration SPC+ CHROME (P06360486\/52828) - Goldwing.nl - DE\" \/>\n<meta property=\"og:description\" content=\"Innovativer Vibrationsd\u00e4mpfer und wetterfestes induktives Ladeger\u00e4t f\u00fcr die SPC+ Handyh\u00fclle.  Bis zu 60 % weniger Vibrationen.  Das SP ConnectTM Charging Anti Vibration Module ist die innovative Antwort auf die immer empfindlicheren neuen Smartphone-Generationen.  Diese bestehen aus empfindlichen Komponenten, die durch anhaltende Vibrationen des Motors beeintr\u00e4chtigt werden k\u00f6nnen.  Mit dem Charging Anti Vibration Module reduzieren Sie diese Vibrationen dank einer speziell entwickelten Elastomer-Einlage um bis zu 60 %. Gleichzeitig k\u00f6nnen Sie Ihr Smartphone w\u00e4hrend der Fahrt induktiv aufladen.  F\u00fcr zus\u00e4tzlichen Schutz und einen voll aufgeladenen Akku. 100 % wetterfest.  Ersetzen Sie einfach den kompatiblen Befestigungskopf durch das Charging Anti Vibration Module und befestigen Sie Ihr Smartphone mit einer 90\u00b0-Drehung im Uhrzeigersinn direkt auf dem vibrationsd\u00e4mpfenden Modul.  Das Charging Anti Vibration Module ist um 360\u00b0 verstellbar, sodass Sie die Ausrichtung nach Ihren W\u00fcnschen anpassen k\u00f6nnen.  Das Charging Anti Vibration Module SPC+ ist ein Ladeger\u00e4t und keine Powerbank (kein integrierter Akku).  Das Modul funktioniert nur in Verbindung mit einer SPC+ Phone Case.  Die Funktion mit der Universalschnittstelle oder der Universal-Handyh\u00fclle kann nicht garantiert werden.  Verwenden Sie unser QC 3.0-Standard-konformes SP ConnectTM-Kabel 12V DC SPC+ (separat erh\u00e4ltlich, Artikelnummer: 21300355) f\u00fcr den direkten Anschluss an eine Motorradbatterie. Keyless-Z\u00fcndungen k\u00f6nnen durch \u00fcberlappende Frequenzkan\u00e4le beeintr\u00e4chtigt werden.  Um Probleme beim Starten zu vermeiden, starten Sie die Z\u00fcndung, bevor Sie das Smartphone an das Lademodul anschlie\u00dfen.  Farbe: Chrom  Lieferumfang: 1 \u00d7 Ladeger\u00e4t Anti-Vibrationsmodul Chrom SPC+ + 1 \u00d7 Schraube (M5x16mm) + 1 \u00d7 Schraube (M5x21mm) &amp; 1 \u00d7 Kabel USB-A\/USB-C (QC 3.0).\" \/>\n<meta property=\"og:url\" content=\"https:\/\/goldwing.nl\/de\/shop\/intercom-navigation\/spconnect-modul-aufladung-anti-vibration-spc-chrome-p06360486-52828\/\" \/>\n<meta property=\"og:site_name\" content=\"Goldwing.nl - DE\" \/>\n<meta property=\"article:publisher\" content=\"https:\/\/www.facebook.com\/302398026438779\" \/>\n<meta property=\"article:modified_time\" content=\"2026-03-14T08:16:47+00:00\" \/>\n<meta property=\"og:image\" content=\"https:\/\/goldwing.nl\/de\/wp-content\/uploads\/sites\/3\/2026\/03\/SP009-Medium.jpg?_t=1773247603\" \/>\n\t<meta property=\"og:image:width\" content=\"777\" \/>\n\t<meta property=\"og:image:height\" content=\"768\" \/>\n\t<meta property=\"og:image:type\" content=\"image\/jpeg\" \/>\n<meta name=\"twitter:card\" content=\"summary_large_image\" \/>\n<script type=\"application\/ld+json\" class=\"yoast-schema-graph\">{\"@context\":\"https:\/\/schema.org\",\"@graph\":[{\"@type\":\"WebPage\",\"@id\":\"https:\/\/goldwing.nl\/de\/shop\/intercom-navigation\/spconnect-modul-aufladung-anti-vibration-spc-chrome-p06360486-52828\/\",\"url\":\"https:\/\/goldwing.nl\/de\/shop\/intercom-navigation\/spconnect-modul-aufladung-anti-vibration-spc-chrome-p06360486-52828\/\",\"name\":\"SPConnect Modul-Aufladung Anti-Vibration SPC+ CHROME (P06360486\/52828) - Goldwing.nl - DE\",\"isPartOf\":{\"@id\":\"https:\/\/goldwing.nl\/de\/#website\"},\"primaryImageOfPage\":{\"@id\":\"https:\/\/goldwing.nl\/de\/shop\/intercom-navigation\/spconnect-modul-aufladung-anti-vibration-spc-chrome-p06360486-52828\/#primaryimage\"},\"image\":{\"@id\":\"https:\/\/goldwing.nl\/de\/shop\/intercom-navigation\/spconnect-modul-aufladung-anti-vibration-spc-chrome-p06360486-52828\/#primaryimage\"},\"thumbnailUrl\":\"https:\/\/goldwing.nl\/de\/wp-content\/uploads\/sites\/3\/2026\/03\/SP009.jpeg\",\"datePublished\":\"2026-03-11T16:31:53+00:00\",\"dateModified\":\"2026-03-14T08:16:47+00:00\",\"breadcrumb\":{\"@id\":\"https:\/\/goldwing.nl\/de\/shop\/intercom-navigation\/spconnect-modul-aufladung-anti-vibration-spc-chrome-p06360486-52828\/#breadcrumb\"},\"inLanguage\":\"de\",\"potentialAction\":[{\"@type\":\"ReadAction\",\"target\":[\"https:\/\/goldwing.nl\/de\/shop\/intercom-navigation\/spconnect-modul-aufladung-anti-vibration-spc-chrome-p06360486-52828\/\"]}]},{\"@type\":\"ImageObject\",\"inLanguage\":\"de\",\"@id\":\"https:\/\/goldwing.nl\/de\/shop\/intercom-navigation\/spconnect-modul-aufladung-anti-vibration-spc-chrome-p06360486-52828\/#primaryimage\",\"url\":\"https:\/\/goldwing.nl\/de\/wp-content\/uploads\/sites\/3\/2026\/03\/SP009.jpeg\",\"contentUrl\":\"https:\/\/goldwing.nl\/de\/wp-content\/uploads\/sites\/3\/2026\/03\/SP009.jpeg\",\"width\":2172,\"height\":2172},{\"@type\":\"BreadcrumbList\",\"@id\":\"https:\/\/goldwing.nl\/de\/shop\/intercom-navigation\/spconnect-modul-aufladung-anti-vibration-spc-chrome-p06360486-52828\/#breadcrumb\",\"itemListElement\":[{\"@type\":\"ListItem\",\"position\":1,\"name\":\"Home\",\"item\":\"https:\/\/goldwing.nl\/de\/\"},{\"@type\":\"ListItem\",\"position\":2,\"name\":\"Webshop\",\"item\":\"https:\/\/goldwing.nl\/de\/shop\/\"},{\"@type\":\"ListItem\",\"position\":3,\"name\":\"SPConnect Modul-Aufladung Anti-Vibration SPC+ CHROME (P06360486\/52828)\"}]},{\"@type\":\"WebSite\",\"@id\":\"https:\/\/goldwing.nl\/de\/#website\",\"url\":\"https:\/\/goldwing.nl\/de\/\",\"name\":\"Goldwing.nl - DE\",\"description\":\"Biker&#039;s Best\",\"publisher\":{\"@id\":\"https:\/\/goldwing.nl\/de\/#organization\"},\"potentialAction\":[{\"@type\":\"SearchAction\",\"target\":{\"@type\":\"EntryPoint\",\"urlTemplate\":\"https:\/\/goldwing.nl\/de\/?s={search_term_string}\"},\"query-input\":{\"@type\":\"PropertyValueSpecification\",\"valueRequired\":true,\"valueName\":\"search_term_string\"}}],\"inLanguage\":\"de\"},{\"@type\":\"Organization\",\"@id\":\"https:\/\/goldwing.nl\/de\/#organization\",\"name\":\"Goldwing.nl - DE\",\"url\":\"https:\/\/goldwing.nl\/de\/\",\"logo\":{\"@type\":\"ImageObject\",\"inLanguage\":\"de\",\"@id\":\"https:\/\/goldwing.nl\/de\/#\/schema\/logo\/image\/\",\"url\":\"https:\/\/goldwing.nl\/de\/wp-content\/uploads\/sites\/3\/2022\/08\/BikersBest-logo.png\",\"contentUrl\":\"https:\/\/goldwing.nl\/de\/wp-content\/uploads\/sites\/3\/2022\/08\/BikersBest-logo.png\",\"width\":311,\"height\":152,\"caption\":\"Goldwing.nl - DE\"},\"image\":{\"@id\":\"https:\/\/goldwing.nl\/de\/#\/schema\/logo\/image\/\"},\"sameAs\":[\"https:\/\/www.facebook.com\/302398026438779\"]}]}<\/script>\n<!-- \/ Yoast SEO plugin. -->","yoast_head_json":{"title":"SPConnect Modul-Aufladung Anti-Vibration SPC+ CHROME (P06360486\/52828) - Goldwing.nl - DE","robots":{"index":"index","follow":"follow","max-snippet":"max-snippet:-1","max-image-preview":"max-image-preview:large","max-video-preview":"max-video-preview:-1"},"canonical":"https:\/\/goldwing.nl\/de\/shop\/intercom-navigation\/spconnect-modul-aufladung-anti-vibration-spc-chrome-p06360486-52828\/","og_locale":"de_DE","og_type":"article","og_title":"SPConnect Modul-Aufladung Anti-Vibration SPC+ CHROME (P06360486\/52828) - Goldwing.nl - DE","og_description":"Innovativer Vibrationsd\u00e4mpfer und wetterfestes induktives Ladeger\u00e4t f\u00fcr die SPC+ Handyh\u00fclle.  Bis zu 60 % weniger Vibrationen.  Das SP ConnectTM Charging Anti Vibration Module ist die innovative Antwort auf die immer empfindlicheren neuen Smartphone-Generationen.  Diese bestehen aus empfindlichen Komponenten, die durch anhaltende Vibrationen des Motors beeintr\u00e4chtigt werden k\u00f6nnen.  Mit dem Charging Anti Vibration Module reduzieren Sie diese Vibrationen dank einer speziell entwickelten Elastomer-Einlage um bis zu 60 %. Gleichzeitig k\u00f6nnen Sie Ihr Smartphone w\u00e4hrend der Fahrt induktiv aufladen.  F\u00fcr zus\u00e4tzlichen Schutz und einen voll aufgeladenen Akku. 100 % wetterfest.  Ersetzen Sie einfach den kompatiblen Befestigungskopf durch das Charging Anti Vibration Module und befestigen Sie Ihr Smartphone mit einer 90\u00b0-Drehung im Uhrzeigersinn direkt auf dem vibrationsd\u00e4mpfenden Modul.  Das Charging Anti Vibration Module ist um 360\u00b0 verstellbar, sodass Sie die Ausrichtung nach Ihren W\u00fcnschen anpassen k\u00f6nnen.  Das Charging Anti Vibration Module SPC+ ist ein Ladeger\u00e4t und keine Powerbank (kein integrierter Akku).  Das Modul funktioniert nur in Verbindung mit einer SPC+ Phone Case.  Die Funktion mit der Universalschnittstelle oder der Universal-Handyh\u00fclle kann nicht garantiert werden.  Verwenden Sie unser QC 3.0-Standard-konformes SP ConnectTM-Kabel 12V DC SPC+ (separat erh\u00e4ltlich, Artikelnummer: 21300355) f\u00fcr den direkten Anschluss an eine Motorradbatterie. Keyless-Z\u00fcndungen k\u00f6nnen durch \u00fcberlappende Frequenzkan\u00e4le beeintr\u00e4chtigt werden.  Um Probleme beim Starten zu vermeiden, starten Sie die Z\u00fcndung, bevor Sie das Smartphone an das Lademodul anschlie\u00dfen.  Farbe: Chrom  Lieferumfang: 1 \u00d7 Ladeger\u00e4t Anti-Vibrationsmodul Chrom SPC+ + 1 \u00d7 Schraube (M5x16mm) + 1 \u00d7 Schraube (M5x21mm) &amp; 1 \u00d7 Kabel USB-A\/USB-C (QC 3.0).","og_url":"https:\/\/goldwing.nl\/de\/shop\/intercom-navigation\/spconnect-modul-aufladung-anti-vibration-spc-chrome-p06360486-52828\/","og_site_name":"Goldwing.nl - DE","article_publisher":"https:\/\/www.facebook.com\/302398026438779","article_modified_time":"2026-03-14T08:16:47+00:00","og_image":[{"width":777,"height":768,"url":"https:\/\/goldwing.nl\/de\/wp-content\/uploads\/sites\/3\/2026\/03\/SP009-Medium.jpg?_t=1773247603","type":"image\/jpeg"}],"twitter_card":"summary_large_image","schema":{"@context":"https:\/\/schema.org","@graph":[{"@type":"WebPage","@id":"https:\/\/goldwing.nl\/de\/shop\/intercom-navigation\/spconnect-modul-aufladung-anti-vibration-spc-chrome-p06360486-52828\/","url":"https:\/\/goldwing.nl\/de\/shop\/intercom-navigation\/spconnect-modul-aufladung-anti-vibration-spc-chrome-p06360486-52828\/","name":"SPConnect Modul-Aufladung Anti-Vibration SPC+ CHROME (P06360486\/52828) - Goldwing.nl - DE","isPartOf":{"@id":"https:\/\/goldwing.nl\/de\/#website"},"primaryImageOfPage":{"@id":"https:\/\/goldwing.nl\/de\/shop\/intercom-navigation\/spconnect-modul-aufladung-anti-vibration-spc-chrome-p06360486-52828\/#primaryimage"},"image":{"@id":"https:\/\/goldwing.nl\/de\/shop\/intercom-navigation\/spconnect-modul-aufladung-anti-vibration-spc-chrome-p06360486-52828\/#primaryimage"},"thumbnailUrl":"https:\/\/goldwing.nl\/de\/wp-content\/uploads\/sites\/3\/2026\/03\/SP009.jpeg","datePublished":"2026-03-11T16:31:53+00:00","dateModified":"2026-03-14T08:16:47+00:00","breadcrumb":{"@id":"https:\/\/goldwing.nl\/de\/shop\/intercom-navigation\/spconnect-modul-aufladung-anti-vibration-spc-chrome-p06360486-52828\/#breadcrumb"},"inLanguage":"de","potentialAction":[{"@type":"ReadAction","target":["https:\/\/goldwing.nl\/de\/shop\/intercom-navigation\/spconnect-modul-aufladung-anti-vibration-spc-chrome-p06360486-52828\/"]}]},{"@type":"ImageObject","inLanguage":"de","@id":"https:\/\/goldwing.nl\/de\/shop\/intercom-navigation\/spconnect-modul-aufladung-anti-vibration-spc-chrome-p06360486-52828\/#primaryimage","url":"https:\/\/goldwing.nl\/de\/wp-content\/uploads\/sites\/3\/2026\/03\/SP009.jpeg","contentUrl":"https:\/\/goldwing.nl\/de\/wp-content\/uploads\/sites\/3\/2026\/03\/SP009.jpeg","width":2172,"height":2172},{"@type":"BreadcrumbList","@id":"https:\/\/goldwing.nl\/de\/shop\/intercom-navigation\/spconnect-modul-aufladung-anti-vibration-spc-chrome-p06360486-52828\/#breadcrumb","itemListElement":[{"@type":"ListItem","position":1,"name":"Home","item":"https:\/\/goldwing.nl\/de\/"},{"@type":"ListItem","position":2,"name":"Webshop","item":"https:\/\/goldwing.nl\/de\/shop\/"},{"@type":"ListItem","position":3,"name":"SPConnect Modul-Aufladung Anti-Vibration SPC+ CHROME (P06360486\/52828)"}]},{"@type":"WebSite","@id":"https:\/\/goldwing.nl\/de\/#website","url":"https:\/\/goldwing.nl\/de\/","name":"Goldwing.nl - DE","description":"Biker&#039;s Best","publisher":{"@id":"https:\/\/goldwing.nl\/de\/#organization"},"potentialAction":[{"@type":"SearchAction","target":{"@type":"EntryPoint","urlTemplate":"https:\/\/goldwing.nl\/de\/?s={search_term_string}"},"query-input":{"@type":"PropertyValueSpecification","valueRequired":true,"valueName":"search_term_string"}}],"inLanguage":"de"},{"@type":"Organization","@id":"https:\/\/goldwing.nl\/de\/#organization","name":"Goldwing.nl - DE","url":"https:\/\/goldwing.nl\/de\/","logo":{"@type":"ImageObject","inLanguage":"de","@id":"https:\/\/goldwing.nl\/de\/#\/schema\/logo\/image\/","url":"https:\/\/goldwing.nl\/de\/wp-content\/uploads\/sites\/3\/2022\/08\/BikersBest-logo.png","contentUrl":"https:\/\/goldwing.nl\/de\/wp-content\/uploads\/sites\/3\/2022\/08\/BikersBest-logo.png","width":311,"height":152,"caption":"Goldwing.nl - DE"},"image":{"@id":"https:\/\/goldwing.nl\/de\/#\/schema\/logo\/image\/"},"sameAs":["https:\/\/www.facebook.com\/302398026438779"]}]}},"_links":{"self":[{"href":"https:\/\/goldwing.nl\/de\/wp-json\/wp\/v2\/product\/29567"}],"collection":[{"href":"https:\/\/goldwing.nl\/de\/wp-json\/wp\/v2\/product"}],"about":[{"href":"https:\/\/goldwing.nl\/de\/wp-json\/wp\/v2\/types\/product"}],"wp:featuredmedia":[{"embeddable":true,"href":"https:\/\/goldwing.nl\/de\/wp-json\/wp\/v2\/media\/29579"}],"wp:attachment":[{"href":"https:\/\/goldwing.nl\/de\/wp-json\/wp\/v2\/media?parent=29567"}],"wp:term":[{"taxonomy":"product_cat","embeddable":true,"href":"https:\/\/goldwing.nl\/de\/wp-json\/wp\/v2\/product_cat?post=29567"},{"taxonomy":"product_tag","embeddable":true,"href":"https:\/\/goldwing.nl\/de\/wp-json\/wp\/v2\/product_tag?post=29567"}],"curies":[{"name":"wp","href":"https:\/\/api.w.org\/{rel}","templated":true}]}}