{"id":29565,"date":"2026-03-11T16:16:57","date_gmt":"2026-03-11T16:16:57","guid":{"rendered":"https:\/\/goldwing.nl\/de\/shop\/niet-gecategoriseerd\/spconnect-modul-zum-aufladen-vibrationshemmend-spc-p06360323-52808\/"},"modified":"2026-03-11T18:35:00","modified_gmt":"2026-03-11T18:35:00","slug":"spconnect-modul-zum-aufladen-vibrationshemmend-spc-p06360323-52808","status":"publish","type":"product","link":"https:\/\/goldwing.nl\/de\/shop\/intercom-navigation\/navigation-zubehoer\/spconnect-modul-zum-aufladen-vibrationshemmend-spc-p06360323-52808\/","title":{"rendered":"SPConnect Modul zum Aufladen, vibrationshemmend SPC+ (P06360323\/52808)"},"content":{"rendered":"","protected":false},"excerpt":{"rendered":"<ul>\n<li>Reduziert dank der speziell entwickelten Elastomer-Einlage bis zu 60 % der anhaltenden Motorvibrationen<\/li>\n<li>Bieten Sie Ihrem Smartphone zus\u00e4tzlichen Schutz und konzentrieren Sie sich auf das Wesentliche: Ihre Fahrt<\/li>\n<li>Ersetzen Sie einfach den kompatiblen Befestigungskopf durch das SPC+ Anti-Vibrationsmodul und befestigen Sie Ihr Smartphone mit einer 90\u00b0-Drehung im Uhrzeigersinn direkt auf dem vibrationsd\u00e4mpfenden Modul<\/li>\n<li>360\u00b0-Bewegungsfreiheit, sodass Sie die Ausrichtung nach Ihren W\u00fcnschen anpassen k\u00f6nnen<\/li>\n<li>Erm\u00f6glicht induktives Laden auf Ihrem Motorrad \u00fcber die Batterie oder den Motor.<\/li>\n<li>Das Modul ist ein Ladeger\u00e4t, keine Powerbank (keine integrierte Batterie); es funktioniert nur in Verbindung mit einer SPC+ Handyh\u00fclle (Funktion nicht garantiert mit SPC+ Universalschnittstelle oder SPC+ Universal-Handyh\u00fclle). Keyless-Z\u00fcndungen k\u00f6nnen durch \u00fcberlappende Kanalfrequenzen beeintr\u00e4chtigt werden.<\/li>\n<li>Um Probleme beim Starten Ihres Fahrzeugs zu vermeiden, starten Sie die Z\u00fcndung, bevor Sie das Smartphone an das Lademodul anschlie\u00dfen. Erfordert Festverdrahtungskabel 2130-0350 oder 2130-0355.<\/li>\n<\/ul>\n","protected":false},"featured_media":29566,"template":"","meta":{"_acf_changed":false},"product_cat":[388,430],"product_tag":[],"class_list":["post-29565","product","type-product","status-publish","has-post-thumbnail","hentry","product_cat-intercom-navigation","product_cat-navigation-zubehoer","product_shipping_class-pakket-artikel","","woocommerce-text-align-center","woocommerce-image-align-center","do-quantity-buttons"],"acf":[],"yoast_head":"<!-- This site is optimized with the Yoast SEO plugin v25.6 - https:\/\/yoast.com\/wordpress\/plugins\/seo\/ -->\n<title>SPConnect Modul zum Aufladen, vibrationshemmend SPC+ (P06360323\/52808) - Goldwing.nl - DE<\/title>\n<meta name=\"robots\" content=\"index, follow, max-snippet:-1, max-image-preview:large, max-video-preview:-1\" \/>\n<link rel=\"canonical\" href=\"https:\/\/goldwing.nl\/de\/shop\/intercom-navigation\/spconnect-modul-zum-aufladen-vibrationshemmend-spc-p06360323-52808\/\" \/>\n<meta property=\"og:locale\" content=\"de_DE\" \/>\n<meta property=\"og:type\" content=\"article\" \/>\n<meta property=\"og:title\" content=\"SPConnect Modul zum Aufladen, vibrationshemmend SPC+ (P06360323\/52808) - Goldwing.nl - DE\" \/>\n<meta property=\"og:description\" content=\"Reduziert dank der speziell entwickelten Elastomer-Einlage bis zu 60 % der anhaltenden Motorvibrationen  Bieten Sie Ihrem Smartphone zus\u00e4tzlichen Schutz und konzentrieren Sie sich auf das Wesentliche: Ihre Fahrt  Ersetzen Sie einfach den kompatiblen Befestigungskopf durch das SPC+ Anti-Vibrationsmodul und befestigen Sie Ihr Smartphone mit einer 90\u00b0-Drehung im Uhrzeigersinn direkt auf dem vibrationsd\u00e4mpfenden Modul  360\u00b0-Bewegungsfreiheit, sodass Sie die Ausrichtung nach Ihren W\u00fcnschen anpassen k\u00f6nnen  Erm\u00f6glicht induktives Laden auf Ihrem Motorrad \u00fcber die Batterie oder den Motor.  Das Modul ist ein Ladeger\u00e4t, keine Powerbank (keine integrierte Batterie); es funktioniert nur in Verbindung mit einer SPC+ Handyh\u00fclle (Funktion nicht garantiert mit SPC+ Universalschnittstelle oder SPC+ Universal-Handyh\u00fclle). Keyless-Z\u00fcndungen k\u00f6nnen durch \u00fcberlappende Kanalfrequenzen beeintr\u00e4chtigt werden.  Um Probleme beim Starten Ihres Fahrzeugs zu vermeiden, starten Sie die Z\u00fcndung, bevor Sie das Smartphone an das Lademodul anschlie\u00dfen. Erfordert Festverdrahtungskabel 2130-0350 oder 2130-0355.\" \/>\n<meta property=\"og:url\" content=\"https:\/\/goldwing.nl\/de\/shop\/intercom-navigation\/spconnect-modul-zum-aufladen-vibrationshemmend-spc-p06360323-52808\/\" \/>\n<meta property=\"og:site_name\" content=\"Goldwing.nl - DE\" \/>\n<meta property=\"article:publisher\" content=\"https:\/\/www.facebook.com\/302398026438779\" \/>\n<meta property=\"article:modified_time\" content=\"2026-03-11T18:35:00+00:00\" \/>\n<meta property=\"og:image\" content=\"https:\/\/goldwing.nl\/de\/wp-content\/uploads\/sites\/3\/2026\/03\/SP008.jpeg?_t=1773247603\" \/>\n\t<meta property=\"og:image:width\" content=\"2195\" \/>\n\t<meta property=\"og:image:height\" content=\"2195\" \/>\n\t<meta property=\"og:image:type\" content=\"image\/jpeg\" \/>\n<meta name=\"twitter:card\" content=\"summary_large_image\" \/>\n<script type=\"application\/ld+json\" class=\"yoast-schema-graph\">{\"@context\":\"https:\/\/schema.org\",\"@graph\":[{\"@type\":\"WebPage\",\"@id\":\"https:\/\/goldwing.nl\/de\/shop\/intercom-navigation\/spconnect-modul-zum-aufladen-vibrationshemmend-spc-p06360323-52808\/\",\"url\":\"https:\/\/goldwing.nl\/de\/shop\/intercom-navigation\/spconnect-modul-zum-aufladen-vibrationshemmend-spc-p06360323-52808\/\",\"name\":\"SPConnect Modul zum Aufladen, vibrationshemmend SPC+ (P06360323\/52808) - Goldwing.nl - DE\",\"isPartOf\":{\"@id\":\"https:\/\/goldwing.nl\/de\/#website\"},\"primaryImageOfPage\":{\"@id\":\"https:\/\/goldwing.nl\/de\/shop\/intercom-navigation\/spconnect-modul-zum-aufladen-vibrationshemmend-spc-p06360323-52808\/#primaryimage\"},\"image\":{\"@id\":\"https:\/\/goldwing.nl\/de\/shop\/intercom-navigation\/spconnect-modul-zum-aufladen-vibrationshemmend-spc-p06360323-52808\/#primaryimage\"},\"thumbnailUrl\":\"https:\/\/goldwing.nl\/de\/wp-content\/uploads\/sites\/3\/2026\/03\/SP008.jpeg\",\"datePublished\":\"2026-03-11T16:16:57+00:00\",\"dateModified\":\"2026-03-11T18:35:00+00:00\",\"breadcrumb\":{\"@id\":\"https:\/\/goldwing.nl\/de\/shop\/intercom-navigation\/spconnect-modul-zum-aufladen-vibrationshemmend-spc-p06360323-52808\/#breadcrumb\"},\"inLanguage\":\"de\",\"potentialAction\":[{\"@type\":\"ReadAction\",\"target\":[\"https:\/\/goldwing.nl\/de\/shop\/intercom-navigation\/spconnect-modul-zum-aufladen-vibrationshemmend-spc-p06360323-52808\/\"]}]},{\"@type\":\"ImageObject\",\"inLanguage\":\"de\",\"@id\":\"https:\/\/goldwing.nl\/de\/shop\/intercom-navigation\/spconnect-modul-zum-aufladen-vibrationshemmend-spc-p06360323-52808\/#primaryimage\",\"url\":\"https:\/\/goldwing.nl\/de\/wp-content\/uploads\/sites\/3\/2026\/03\/SP008.jpeg\",\"contentUrl\":\"https:\/\/goldwing.nl\/de\/wp-content\/uploads\/sites\/3\/2026\/03\/SP008.jpeg\",\"width\":2195,\"height\":2195},{\"@type\":\"BreadcrumbList\",\"@id\":\"https:\/\/goldwing.nl\/de\/shop\/intercom-navigation\/spconnect-modul-zum-aufladen-vibrationshemmend-spc-p06360323-52808\/#breadcrumb\",\"itemListElement\":[{\"@type\":\"ListItem\",\"position\":1,\"name\":\"Home\",\"item\":\"https:\/\/goldwing.nl\/de\/\"},{\"@type\":\"ListItem\",\"position\":2,\"name\":\"Webshop\",\"item\":\"https:\/\/goldwing.nl\/de\/shop\/\"},{\"@type\":\"ListItem\",\"position\":3,\"name\":\"SPConnect Modul zum Aufladen, vibrationshemmend SPC+ (P06360323\/52808)\"}]},{\"@type\":\"WebSite\",\"@id\":\"https:\/\/goldwing.nl\/de\/#website\",\"url\":\"https:\/\/goldwing.nl\/de\/\",\"name\":\"Goldwing.nl - DE\",\"description\":\"Biker&#039;s Best\",\"publisher\":{\"@id\":\"https:\/\/goldwing.nl\/de\/#organization\"},\"potentialAction\":[{\"@type\":\"SearchAction\",\"target\":{\"@type\":\"EntryPoint\",\"urlTemplate\":\"https:\/\/goldwing.nl\/de\/?s={search_term_string}\"},\"query-input\":{\"@type\":\"PropertyValueSpecification\",\"valueRequired\":true,\"valueName\":\"search_term_string\"}}],\"inLanguage\":\"de\"},{\"@type\":\"Organization\",\"@id\":\"https:\/\/goldwing.nl\/de\/#organization\",\"name\":\"Goldwing.nl - DE\",\"url\":\"https:\/\/goldwing.nl\/de\/\",\"logo\":{\"@type\":\"ImageObject\",\"inLanguage\":\"de\",\"@id\":\"https:\/\/goldwing.nl\/de\/#\/schema\/logo\/image\/\",\"url\":\"https:\/\/goldwing.nl\/de\/wp-content\/uploads\/sites\/3\/2022\/08\/BikersBest-logo.png\",\"contentUrl\":\"https:\/\/goldwing.nl\/de\/wp-content\/uploads\/sites\/3\/2022\/08\/BikersBest-logo.png\",\"width\":311,\"height\":152,\"caption\":\"Goldwing.nl - DE\"},\"image\":{\"@id\":\"https:\/\/goldwing.nl\/de\/#\/schema\/logo\/image\/\"},\"sameAs\":[\"https:\/\/www.facebook.com\/302398026438779\"]}]}<\/script>\n<!-- \/ Yoast SEO plugin. -->","yoast_head_json":{"title":"SPConnect Modul zum Aufladen, vibrationshemmend SPC+ (P06360323\/52808) - Goldwing.nl - DE","robots":{"index":"index","follow":"follow","max-snippet":"max-snippet:-1","max-image-preview":"max-image-preview:large","max-video-preview":"max-video-preview:-1"},"canonical":"https:\/\/goldwing.nl\/de\/shop\/intercom-navigation\/spconnect-modul-zum-aufladen-vibrationshemmend-spc-p06360323-52808\/","og_locale":"de_DE","og_type":"article","og_title":"SPConnect Modul zum Aufladen, vibrationshemmend SPC+ (P06360323\/52808) - Goldwing.nl - DE","og_description":"Reduziert dank der speziell entwickelten Elastomer-Einlage bis zu 60 % der anhaltenden Motorvibrationen  Bieten Sie Ihrem Smartphone zus\u00e4tzlichen Schutz und konzentrieren Sie sich auf das Wesentliche: Ihre Fahrt  Ersetzen Sie einfach den kompatiblen Befestigungskopf durch das SPC+ Anti-Vibrationsmodul und befestigen Sie Ihr Smartphone mit einer 90\u00b0-Drehung im Uhrzeigersinn direkt auf dem vibrationsd\u00e4mpfenden Modul  360\u00b0-Bewegungsfreiheit, sodass Sie die Ausrichtung nach Ihren W\u00fcnschen anpassen k\u00f6nnen  Erm\u00f6glicht induktives Laden auf Ihrem Motorrad \u00fcber die Batterie oder den Motor.  Das Modul ist ein Ladeger\u00e4t, keine Powerbank (keine integrierte Batterie); es funktioniert nur in Verbindung mit einer SPC+ Handyh\u00fclle (Funktion nicht garantiert mit SPC+ Universalschnittstelle oder SPC+ Universal-Handyh\u00fclle). Keyless-Z\u00fcndungen k\u00f6nnen durch \u00fcberlappende Kanalfrequenzen beeintr\u00e4chtigt werden.  Um Probleme beim Starten Ihres Fahrzeugs zu vermeiden, starten Sie die Z\u00fcndung, bevor Sie das Smartphone an das Lademodul anschlie\u00dfen. Erfordert Festverdrahtungskabel 2130-0350 oder 2130-0355.","og_url":"https:\/\/goldwing.nl\/de\/shop\/intercom-navigation\/spconnect-modul-zum-aufladen-vibrationshemmend-spc-p06360323-52808\/","og_site_name":"Goldwing.nl - DE","article_publisher":"https:\/\/www.facebook.com\/302398026438779","article_modified_time":"2026-03-11T18:35:00+00:00","og_image":[{"width":2195,"height":2195,"url":"https:\/\/goldwing.nl\/de\/wp-content\/uploads\/sites\/3\/2026\/03\/SP008.jpeg?_t=1773247603","type":"image\/jpeg"}],"twitter_card":"summary_large_image","schema":{"@context":"https:\/\/schema.org","@graph":[{"@type":"WebPage","@id":"https:\/\/goldwing.nl\/de\/shop\/intercom-navigation\/spconnect-modul-zum-aufladen-vibrationshemmend-spc-p06360323-52808\/","url":"https:\/\/goldwing.nl\/de\/shop\/intercom-navigation\/spconnect-modul-zum-aufladen-vibrationshemmend-spc-p06360323-52808\/","name":"SPConnect Modul zum Aufladen, vibrationshemmend SPC+ (P06360323\/52808) - Goldwing.nl - DE","isPartOf":{"@id":"https:\/\/goldwing.nl\/de\/#website"},"primaryImageOfPage":{"@id":"https:\/\/goldwing.nl\/de\/shop\/intercom-navigation\/spconnect-modul-zum-aufladen-vibrationshemmend-spc-p06360323-52808\/#primaryimage"},"image":{"@id":"https:\/\/goldwing.nl\/de\/shop\/intercom-navigation\/spconnect-modul-zum-aufladen-vibrationshemmend-spc-p06360323-52808\/#primaryimage"},"thumbnailUrl":"https:\/\/goldwing.nl\/de\/wp-content\/uploads\/sites\/3\/2026\/03\/SP008.jpeg","datePublished":"2026-03-11T16:16:57+00:00","dateModified":"2026-03-11T18:35:00+00:00","breadcrumb":{"@id":"https:\/\/goldwing.nl\/de\/shop\/intercom-navigation\/spconnect-modul-zum-aufladen-vibrationshemmend-spc-p06360323-52808\/#breadcrumb"},"inLanguage":"de","potentialAction":[{"@type":"ReadAction","target":["https:\/\/goldwing.nl\/de\/shop\/intercom-navigation\/spconnect-modul-zum-aufladen-vibrationshemmend-spc-p06360323-52808\/"]}]},{"@type":"ImageObject","inLanguage":"de","@id":"https:\/\/goldwing.nl\/de\/shop\/intercom-navigation\/spconnect-modul-zum-aufladen-vibrationshemmend-spc-p06360323-52808\/#primaryimage","url":"https:\/\/goldwing.nl\/de\/wp-content\/uploads\/sites\/3\/2026\/03\/SP008.jpeg","contentUrl":"https:\/\/goldwing.nl\/de\/wp-content\/uploads\/sites\/3\/2026\/03\/SP008.jpeg","width":2195,"height":2195},{"@type":"BreadcrumbList","@id":"https:\/\/goldwing.nl\/de\/shop\/intercom-navigation\/spconnect-modul-zum-aufladen-vibrationshemmend-spc-p06360323-52808\/#breadcrumb","itemListElement":[{"@type":"ListItem","position":1,"name":"Home","item":"https:\/\/goldwing.nl\/de\/"},{"@type":"ListItem","position":2,"name":"Webshop","item":"https:\/\/goldwing.nl\/de\/shop\/"},{"@type":"ListItem","position":3,"name":"SPConnect Modul zum Aufladen, vibrationshemmend SPC+ (P06360323\/52808)"}]},{"@type":"WebSite","@id":"https:\/\/goldwing.nl\/de\/#website","url":"https:\/\/goldwing.nl\/de\/","name":"Goldwing.nl - DE","description":"Biker&#039;s Best","publisher":{"@id":"https:\/\/goldwing.nl\/de\/#organization"},"potentialAction":[{"@type":"SearchAction","target":{"@type":"EntryPoint","urlTemplate":"https:\/\/goldwing.nl\/de\/?s={search_term_string}"},"query-input":{"@type":"PropertyValueSpecification","valueRequired":true,"valueName":"search_term_string"}}],"inLanguage":"de"},{"@type":"Organization","@id":"https:\/\/goldwing.nl\/de\/#organization","name":"Goldwing.nl - DE","url":"https:\/\/goldwing.nl\/de\/","logo":{"@type":"ImageObject","inLanguage":"de","@id":"https:\/\/goldwing.nl\/de\/#\/schema\/logo\/image\/","url":"https:\/\/goldwing.nl\/de\/wp-content\/uploads\/sites\/3\/2022\/08\/BikersBest-logo.png","contentUrl":"https:\/\/goldwing.nl\/de\/wp-content\/uploads\/sites\/3\/2022\/08\/BikersBest-logo.png","width":311,"height":152,"caption":"Goldwing.nl - DE"},"image":{"@id":"https:\/\/goldwing.nl\/de\/#\/schema\/logo\/image\/"},"sameAs":["https:\/\/www.facebook.com\/302398026438779"]}]}},"_links":{"self":[{"href":"https:\/\/goldwing.nl\/de\/wp-json\/wp\/v2\/product\/29565"}],"collection":[{"href":"https:\/\/goldwing.nl\/de\/wp-json\/wp\/v2\/product"}],"about":[{"href":"https:\/\/goldwing.nl\/de\/wp-json\/wp\/v2\/types\/product"}],"wp:featuredmedia":[{"embeddable":true,"href":"https:\/\/goldwing.nl\/de\/wp-json\/wp\/v2\/media\/29566"}],"wp:attachment":[{"href":"https:\/\/goldwing.nl\/de\/wp-json\/wp\/v2\/media?parent=29565"}],"wp:term":[{"taxonomy":"product_cat","embeddable":true,"href":"https:\/\/goldwing.nl\/de\/wp-json\/wp\/v2\/product_cat?post=29565"},{"taxonomy":"product_tag","embeddable":true,"href":"https:\/\/goldwing.nl\/de\/wp-json\/wp\/v2\/product_tag?post=29565"}],"curies":[{"name":"wp","href":"https:\/\/api.w.org\/{rel}","templated":true}]}}