{"id":29563,"date":"2026-03-11T16:06:55","date_gmt":"2026-03-11T16:06:55","guid":{"rendered":"https:\/\/goldwing.nl\/de\/shop\/niet-gecategoriseerd\/spconnect-telefonhalterung-moto-lt-p06360401-53128\/"},"modified":"2026-03-11T18:32:30","modified_gmt":"2026-03-11T18:32:30","slug":"spconnect-telefonhalterung-moto-lt-p06360401-53128","status":"publish","type":"product","link":"https:\/\/goldwing.nl\/de\/shop\/intercom-navigation\/spconnect-telefonhalterung-moto-lt-p06360401-53128\/","title":{"rendered":"SPConnect Telefonhalterung Moto LT (P06360401\/53128)"},"content":{"rendered":"","protected":false},"excerpt":{"rendered":"<ul>\n<li>Die SP ConnectTM Moto Mount LT \u00fcberzeugt durch ihr unschlagbares Preis-Leistungs-Verh\u00e4ltnis und bietet Ihnen flexible M\u00f6glichkeiten, Ihr Mobiltelefon schnell und sicher am Motorrad zu befestigen.<\/li>\n<li>W\u00e4hlen Sie zwischen Quer- oder Hochformat und passen Sie Ihr Smartphone dank der 360\u00b0-Verstellm\u00f6glichkeit individuell an.<\/li>\n<li>Mit dieser strapazierf\u00e4higen Leichtbauweise aus glasfaserverst\u00e4rktem Polyamid entscheiden Sie sich f\u00fcr eine flexible Alltagsl\u00f6sung, mit der Sie Ihr Smartphone und alles rund um Navi und Apps immer im Blick haben.<\/li>\n<li>Superstabile 360\u00b0-Verstellung in 6\u00b0-Schritten.<\/li>\n<li>F\u00fcr Standard- und Oversize-Lenker.<\/li>\n<li>Abmessungen: 34 (B) x 114 (H) x 65 (T) mm<\/li>\n<li>Lieferumfang: 1 \u00d7 Moto Mount LT + 1 \u00d7 Head SPC+ &amp; 3 Kunststoff-Distanzst\u00fccke.<\/li>\n<\/ul>\n","protected":false},"featured_media":29564,"template":"","meta":{"_acf_changed":false},"product_cat":[388],"product_tag":[],"class_list":["post-29563","product","type-product","status-publish","has-post-thumbnail","hentry","product_cat-intercom-navigation","product_shipping_class-pakket-artikel","","woocommerce-text-align-center","woocommerce-image-align-center","do-quantity-buttons"],"acf":[],"yoast_head":"<!-- This site is optimized with the Yoast SEO plugin v25.6 - https:\/\/yoast.com\/wordpress\/plugins\/seo\/ -->\n<title>SPConnect Telefonhalterung Moto LT (P06360401\/53128) - Goldwing.nl - DE<\/title>\n<meta name=\"robots\" content=\"index, follow, max-snippet:-1, max-image-preview:large, max-video-preview:-1\" \/>\n<link rel=\"canonical\" href=\"https:\/\/goldwing.nl\/de\/shop\/intercom-navigation\/spconnect-telefonhalterung-moto-lt-p06360401-53128\/\" \/>\n<meta property=\"og:locale\" content=\"de_DE\" \/>\n<meta property=\"og:type\" content=\"article\" \/>\n<meta property=\"og:title\" content=\"SPConnect Telefonhalterung Moto LT (P06360401\/53128) - Goldwing.nl - DE\" \/>\n<meta property=\"og:description\" content=\"Die SP ConnectTM Moto Mount LT \u00fcberzeugt durch ihr unschlagbares Preis-Leistungs-Verh\u00e4ltnis und bietet Ihnen flexible M\u00f6glichkeiten, Ihr Mobiltelefon schnell und sicher am Motorrad zu befestigen.  W\u00e4hlen Sie zwischen Quer- oder Hochformat und passen Sie Ihr Smartphone dank der 360\u00b0-Verstellm\u00f6glichkeit individuell an.  Mit dieser strapazierf\u00e4higen Leichtbauweise aus glasfaserverst\u00e4rktem Polyamid entscheiden Sie sich f\u00fcr eine flexible Alltagsl\u00f6sung, mit der Sie Ihr Smartphone und alles rund um Navi und Apps immer im Blick haben.  Superstabile 360\u00b0-Verstellung in 6\u00b0-Schritten.  F\u00fcr Standard- und Oversize-Lenker.  Abmessungen: 34 (B) x 114 (H) x 65 (T) mm  Lieferumfang: 1 \u00d7 Moto Mount LT + 1 \u00d7 Head SPC+ &amp; 3 Kunststoff-Distanzst\u00fccke.\" \/>\n<meta property=\"og:url\" content=\"https:\/\/goldwing.nl\/de\/shop\/intercom-navigation\/spconnect-telefonhalterung-moto-lt-p06360401-53128\/\" \/>\n<meta property=\"og:site_name\" content=\"Goldwing.nl - DE\" \/>\n<meta property=\"article:publisher\" content=\"https:\/\/www.facebook.com\/302398026438779\" \/>\n<meta property=\"article:modified_time\" content=\"2026-03-11T18:32:30+00:00\" \/>\n<meta property=\"og:image\" content=\"https:\/\/goldwing.nl\/de\/wp-content\/uploads\/sites\/3\/2026\/03\/SP007-Medium.jpeg?_t=1773247603\" \/>\n\t<meta property=\"og:image:width\" content=\"768\" \/>\n\t<meta property=\"og:image:height\" content=\"768\" \/>\n\t<meta property=\"og:image:type\" content=\"image\/jpeg\" \/>\n<meta name=\"twitter:card\" content=\"summary_large_image\" \/>\n<script type=\"application\/ld+json\" class=\"yoast-schema-graph\">{\"@context\":\"https:\/\/schema.org\",\"@graph\":[{\"@type\":\"WebPage\",\"@id\":\"https:\/\/goldwing.nl\/de\/shop\/intercom-navigation\/spconnect-telefonhalterung-moto-lt-p06360401-53128\/\",\"url\":\"https:\/\/goldwing.nl\/de\/shop\/intercom-navigation\/spconnect-telefonhalterung-moto-lt-p06360401-53128\/\",\"name\":\"SPConnect Telefonhalterung Moto LT (P06360401\/53128) - Goldwing.nl - DE\",\"isPartOf\":{\"@id\":\"https:\/\/goldwing.nl\/de\/#website\"},\"primaryImageOfPage\":{\"@id\":\"https:\/\/goldwing.nl\/de\/shop\/intercom-navigation\/spconnect-telefonhalterung-moto-lt-p06360401-53128\/#primaryimage\"},\"image\":{\"@id\":\"https:\/\/goldwing.nl\/de\/shop\/intercom-navigation\/spconnect-telefonhalterung-moto-lt-p06360401-53128\/#primaryimage\"},\"thumbnailUrl\":\"https:\/\/goldwing.nl\/de\/wp-content\/uploads\/sites\/3\/2026\/03\/SP007-Medium.jpeg\",\"datePublished\":\"2026-03-11T16:06:55+00:00\",\"dateModified\":\"2026-03-11T18:32:30+00:00\",\"breadcrumb\":{\"@id\":\"https:\/\/goldwing.nl\/de\/shop\/intercom-navigation\/spconnect-telefonhalterung-moto-lt-p06360401-53128\/#breadcrumb\"},\"inLanguage\":\"de\",\"potentialAction\":[{\"@type\":\"ReadAction\",\"target\":[\"https:\/\/goldwing.nl\/de\/shop\/intercom-navigation\/spconnect-telefonhalterung-moto-lt-p06360401-53128\/\"]}]},{\"@type\":\"ImageObject\",\"inLanguage\":\"de\",\"@id\":\"https:\/\/goldwing.nl\/de\/shop\/intercom-navigation\/spconnect-telefonhalterung-moto-lt-p06360401-53128\/#primaryimage\",\"url\":\"https:\/\/goldwing.nl\/de\/wp-content\/uploads\/sites\/3\/2026\/03\/SP007-Medium.jpeg\",\"contentUrl\":\"https:\/\/goldwing.nl\/de\/wp-content\/uploads\/sites\/3\/2026\/03\/SP007-Medium.jpeg\",\"width\":768,\"height\":768},{\"@type\":\"BreadcrumbList\",\"@id\":\"https:\/\/goldwing.nl\/de\/shop\/intercom-navigation\/spconnect-telefonhalterung-moto-lt-p06360401-53128\/#breadcrumb\",\"itemListElement\":[{\"@type\":\"ListItem\",\"position\":1,\"name\":\"Home\",\"item\":\"https:\/\/goldwing.nl\/de\/\"},{\"@type\":\"ListItem\",\"position\":2,\"name\":\"Webshop\",\"item\":\"https:\/\/goldwing.nl\/de\/shop\/\"},{\"@type\":\"ListItem\",\"position\":3,\"name\":\"SPConnect Telefonhalterung Moto LT (P06360401\/53128)\"}]},{\"@type\":\"WebSite\",\"@id\":\"https:\/\/goldwing.nl\/de\/#website\",\"url\":\"https:\/\/goldwing.nl\/de\/\",\"name\":\"Goldwing.nl - DE\",\"description\":\"Biker&#039;s Best\",\"publisher\":{\"@id\":\"https:\/\/goldwing.nl\/de\/#organization\"},\"potentialAction\":[{\"@type\":\"SearchAction\",\"target\":{\"@type\":\"EntryPoint\",\"urlTemplate\":\"https:\/\/goldwing.nl\/de\/?s={search_term_string}\"},\"query-input\":{\"@type\":\"PropertyValueSpecification\",\"valueRequired\":true,\"valueName\":\"search_term_string\"}}],\"inLanguage\":\"de\"},{\"@type\":\"Organization\",\"@id\":\"https:\/\/goldwing.nl\/de\/#organization\",\"name\":\"Goldwing.nl - DE\",\"url\":\"https:\/\/goldwing.nl\/de\/\",\"logo\":{\"@type\":\"ImageObject\",\"inLanguage\":\"de\",\"@id\":\"https:\/\/goldwing.nl\/de\/#\/schema\/logo\/image\/\",\"url\":\"https:\/\/goldwing.nl\/de\/wp-content\/uploads\/sites\/3\/2022\/08\/BikersBest-logo.png\",\"contentUrl\":\"https:\/\/goldwing.nl\/de\/wp-content\/uploads\/sites\/3\/2022\/08\/BikersBest-logo.png\",\"width\":311,\"height\":152,\"caption\":\"Goldwing.nl - DE\"},\"image\":{\"@id\":\"https:\/\/goldwing.nl\/de\/#\/schema\/logo\/image\/\"},\"sameAs\":[\"https:\/\/www.facebook.com\/302398026438779\"]}]}<\/script>\n<!-- \/ Yoast SEO plugin. -->","yoast_head_json":{"title":"SPConnect Telefonhalterung Moto LT (P06360401\/53128) - Goldwing.nl - DE","robots":{"index":"index","follow":"follow","max-snippet":"max-snippet:-1","max-image-preview":"max-image-preview:large","max-video-preview":"max-video-preview:-1"},"canonical":"https:\/\/goldwing.nl\/de\/shop\/intercom-navigation\/spconnect-telefonhalterung-moto-lt-p06360401-53128\/","og_locale":"de_DE","og_type":"article","og_title":"SPConnect Telefonhalterung Moto LT (P06360401\/53128) - Goldwing.nl - DE","og_description":"Die SP ConnectTM Moto Mount LT \u00fcberzeugt durch ihr unschlagbares Preis-Leistungs-Verh\u00e4ltnis und bietet Ihnen flexible M\u00f6glichkeiten, Ihr Mobiltelefon schnell und sicher am Motorrad zu befestigen.  W\u00e4hlen Sie zwischen Quer- oder Hochformat und passen Sie Ihr Smartphone dank der 360\u00b0-Verstellm\u00f6glichkeit individuell an.  Mit dieser strapazierf\u00e4higen Leichtbauweise aus glasfaserverst\u00e4rktem Polyamid entscheiden Sie sich f\u00fcr eine flexible Alltagsl\u00f6sung, mit der Sie Ihr Smartphone und alles rund um Navi und Apps immer im Blick haben.  Superstabile 360\u00b0-Verstellung in 6\u00b0-Schritten.  F\u00fcr Standard- und Oversize-Lenker.  Abmessungen: 34 (B) x 114 (H) x 65 (T) mm  Lieferumfang: 1 \u00d7 Moto Mount LT + 1 \u00d7 Head SPC+ &amp; 3 Kunststoff-Distanzst\u00fccke.","og_url":"https:\/\/goldwing.nl\/de\/shop\/intercom-navigation\/spconnect-telefonhalterung-moto-lt-p06360401-53128\/","og_site_name":"Goldwing.nl - DE","article_publisher":"https:\/\/www.facebook.com\/302398026438779","article_modified_time":"2026-03-11T18:32:30+00:00","og_image":[{"width":768,"height":768,"url":"https:\/\/goldwing.nl\/de\/wp-content\/uploads\/sites\/3\/2026\/03\/SP007-Medium.jpeg?_t=1773247603","type":"image\/jpeg"}],"twitter_card":"summary_large_image","schema":{"@context":"https:\/\/schema.org","@graph":[{"@type":"WebPage","@id":"https:\/\/goldwing.nl\/de\/shop\/intercom-navigation\/spconnect-telefonhalterung-moto-lt-p06360401-53128\/","url":"https:\/\/goldwing.nl\/de\/shop\/intercom-navigation\/spconnect-telefonhalterung-moto-lt-p06360401-53128\/","name":"SPConnect Telefonhalterung Moto LT (P06360401\/53128) - Goldwing.nl - DE","isPartOf":{"@id":"https:\/\/goldwing.nl\/de\/#website"},"primaryImageOfPage":{"@id":"https:\/\/goldwing.nl\/de\/shop\/intercom-navigation\/spconnect-telefonhalterung-moto-lt-p06360401-53128\/#primaryimage"},"image":{"@id":"https:\/\/goldwing.nl\/de\/shop\/intercom-navigation\/spconnect-telefonhalterung-moto-lt-p06360401-53128\/#primaryimage"},"thumbnailUrl":"https:\/\/goldwing.nl\/de\/wp-content\/uploads\/sites\/3\/2026\/03\/SP007-Medium.jpeg","datePublished":"2026-03-11T16:06:55+00:00","dateModified":"2026-03-11T18:32:30+00:00","breadcrumb":{"@id":"https:\/\/goldwing.nl\/de\/shop\/intercom-navigation\/spconnect-telefonhalterung-moto-lt-p06360401-53128\/#breadcrumb"},"inLanguage":"de","potentialAction":[{"@type":"ReadAction","target":["https:\/\/goldwing.nl\/de\/shop\/intercom-navigation\/spconnect-telefonhalterung-moto-lt-p06360401-53128\/"]}]},{"@type":"ImageObject","inLanguage":"de","@id":"https:\/\/goldwing.nl\/de\/shop\/intercom-navigation\/spconnect-telefonhalterung-moto-lt-p06360401-53128\/#primaryimage","url":"https:\/\/goldwing.nl\/de\/wp-content\/uploads\/sites\/3\/2026\/03\/SP007-Medium.jpeg","contentUrl":"https:\/\/goldwing.nl\/de\/wp-content\/uploads\/sites\/3\/2026\/03\/SP007-Medium.jpeg","width":768,"height":768},{"@type":"BreadcrumbList","@id":"https:\/\/goldwing.nl\/de\/shop\/intercom-navigation\/spconnect-telefonhalterung-moto-lt-p06360401-53128\/#breadcrumb","itemListElement":[{"@type":"ListItem","position":1,"name":"Home","item":"https:\/\/goldwing.nl\/de\/"},{"@type":"ListItem","position":2,"name":"Webshop","item":"https:\/\/goldwing.nl\/de\/shop\/"},{"@type":"ListItem","position":3,"name":"SPConnect Telefonhalterung Moto LT (P06360401\/53128)"}]},{"@type":"WebSite","@id":"https:\/\/goldwing.nl\/de\/#website","url":"https:\/\/goldwing.nl\/de\/","name":"Goldwing.nl - DE","description":"Biker&#039;s Best","publisher":{"@id":"https:\/\/goldwing.nl\/de\/#organization"},"potentialAction":[{"@type":"SearchAction","target":{"@type":"EntryPoint","urlTemplate":"https:\/\/goldwing.nl\/de\/?s={search_term_string}"},"query-input":{"@type":"PropertyValueSpecification","valueRequired":true,"valueName":"search_term_string"}}],"inLanguage":"de"},{"@type":"Organization","@id":"https:\/\/goldwing.nl\/de\/#organization","name":"Goldwing.nl - DE","url":"https:\/\/goldwing.nl\/de\/","logo":{"@type":"ImageObject","inLanguage":"de","@id":"https:\/\/goldwing.nl\/de\/#\/schema\/logo\/image\/","url":"https:\/\/goldwing.nl\/de\/wp-content\/uploads\/sites\/3\/2022\/08\/BikersBest-logo.png","contentUrl":"https:\/\/goldwing.nl\/de\/wp-content\/uploads\/sites\/3\/2022\/08\/BikersBest-logo.png","width":311,"height":152,"caption":"Goldwing.nl - DE"},"image":{"@id":"https:\/\/goldwing.nl\/de\/#\/schema\/logo\/image\/"},"sameAs":["https:\/\/www.facebook.com\/302398026438779"]}]}},"_links":{"self":[{"href":"https:\/\/goldwing.nl\/de\/wp-json\/wp\/v2\/product\/29563"}],"collection":[{"href":"https:\/\/goldwing.nl\/de\/wp-json\/wp\/v2\/product"}],"about":[{"href":"https:\/\/goldwing.nl\/de\/wp-json\/wp\/v2\/types\/product"}],"wp:featuredmedia":[{"embeddable":true,"href":"https:\/\/goldwing.nl\/de\/wp-json\/wp\/v2\/media\/29564"}],"wp:attachment":[{"href":"https:\/\/goldwing.nl\/de\/wp-json\/wp\/v2\/media?parent=29563"}],"wp:term":[{"taxonomy":"product_cat","embeddable":true,"href":"https:\/\/goldwing.nl\/de\/wp-json\/wp\/v2\/product_cat?post=29563"},{"taxonomy":"product_tag","embeddable":true,"href":"https:\/\/goldwing.nl\/de\/wp-json\/wp\/v2\/product_tag?post=29563"}],"curies":[{"name":"wp","href":"https:\/\/api.w.org\/{rel}","templated":true}]}}