{"id":29436,"date":"2026-02-26T15:39:18","date_gmt":"2026-02-26T15:39:18","guid":{"rendered":"https:\/\/goldwing.nl\/de\/shop\/niet-gecategoriseerd\/constrictor-telefoonhouder-linkerkant-dct-bevestiging-voor-18-up\/"},"modified":"2026-03-13T15:54:51","modified_gmt":"2026-03-13T15:54:51","slug":"constrictor-telefoonhouder-linkerkant-dct-bevestiging-voor-18-up","status":"publish","type":"product","link":"https:\/\/goldwing.nl\/de\/shop\/intercom-navigation\/navigation-zubehoer\/constrictor-telefoonhouder-linkerkant-dct-bevestiging-voor-18-up\/","title":{"rendered":"CONSTRICTOR Telefonhalterung linke Seite DCT-Befestigung GL1800 &#8217;18-UP (B)"},"content":{"rendered":"","protected":false},"excerpt":{"rendered":"<ul>\n<li>Mit dem Constrictor\u00ae-Handyhalter ist Ihr Handy sicher und griffbereit.<\/li>\n<li>Dieses schlanke und kompakte Design wurde speziell f\u00fcr Motorradfahrer entwickelt und bietet einen extrem festen mechanischen Halt f\u00fcr eine sichere Befestigung und Verstellbarkeit in H\u00f6he und Breite.<\/li>\n<li>Der Constrictor kann auf eine Breite von bis zu 11,4 cm erweitert werden und eignet sich f\u00fcr eine Vielzahl verschiedener Telefonformate, mit oder ohne Schutzh\u00fclle.<\/li>\n<li>Kombinieren Sie diese Halterung mit einer Reihe von Goldstrike-Befestigungsoptionen, um alle Ihre Fahrzeuge f\u00fcr unterwegs auszustatten.<\/li>\n<li>GEN 2-BEFESTIGUNGSSYSTEM<\/li>\n<\/ul>\n","protected":false},"featured_media":29444,"template":"","meta":{"_acf_changed":false},"product_cat":[433,430],"product_tag":[],"class_list":["post-29436","product","type-product","status-publish","has-post-thumbnail","hentry","product_cat-intercom-musik","product_cat-navigation-zubehoer","product_shipping_class-pakket-artikel","","woocommerce-text-align-center","woocommerce-image-align-center","do-quantity-buttons"],"acf":[],"yoast_head":"<!-- This site is optimized with the Yoast SEO plugin v25.6 - https:\/\/yoast.com\/wordpress\/plugins\/seo\/ -->\n<title>CONSTRICTOR Telefonhalterung linke Seite DCT-Befestigung GL1800 &#039;18-UP (B) - Goldwing.nl - DE<\/title>\n<meta name=\"robots\" content=\"index, follow, max-snippet:-1, max-image-preview:large, max-video-preview:-1\" \/>\n<link rel=\"canonical\" href=\"https:\/\/goldwing.nl\/de\/shop\/intercom-navigation\/navigation-zubehoer\/constrictor-telefoonhouder-linkerkant-dct-bevestiging-voor-18-up\/\" \/>\n<meta property=\"og:locale\" content=\"de_DE\" \/>\n<meta property=\"og:type\" content=\"article\" \/>\n<meta property=\"og:title\" content=\"CONSTRICTOR Telefonhalterung linke Seite DCT-Befestigung GL1800 &#039;18-UP (B) - Goldwing.nl - DE\" \/>\n<meta property=\"og:description\" content=\"Mit dem Constrictor\u00ae-Handyhalter ist Ihr Handy sicher und griffbereit.  Dieses schlanke und kompakte Design wurde speziell f\u00fcr Motorradfahrer entwickelt und bietet einen extrem festen mechanischen Halt f\u00fcr eine sichere Befestigung und Verstellbarkeit in H\u00f6he und Breite.  Der Constrictor kann auf eine Breite von bis zu 11,4 cm erweitert werden und eignet sich f\u00fcr eine Vielzahl verschiedener Telefonformate, mit oder ohne Schutzh\u00fclle.  Kombinieren Sie diese Halterung mit einer Reihe von Goldstrike-Befestigungsoptionen, um alle Ihre Fahrzeuge f\u00fcr unterwegs auszustatten.  GEN 2-BEFESTIGUNGSSYSTEM\" \/>\n<meta property=\"og:url\" content=\"https:\/\/goldwing.nl\/de\/shop\/intercom-navigation\/navigation-zubehoer\/constrictor-telefoonhouder-linkerkant-dct-bevestiging-voor-18-up\/\" \/>\n<meta property=\"og:site_name\" content=\"Goldwing.nl - DE\" \/>\n<meta property=\"article:publisher\" content=\"https:\/\/www.facebook.com\/302398026438779\" \/>\n<meta property=\"article:modified_time\" content=\"2026-03-13T15:54:51+00:00\" \/>\n<meta name=\"twitter:card\" content=\"summary_large_image\" \/>\n<script type=\"application\/ld+json\" class=\"yoast-schema-graph\">{\"@context\":\"https:\/\/schema.org\",\"@graph\":[{\"@type\":\"WebPage\",\"@id\":\"https:\/\/goldwing.nl\/de\/shop\/intercom-navigation\/navigation-zubehoer\/constrictor-telefoonhouder-linkerkant-dct-bevestiging-voor-18-up\/\",\"url\":\"https:\/\/goldwing.nl\/de\/shop\/intercom-navigation\/navigation-zubehoer\/constrictor-telefoonhouder-linkerkant-dct-bevestiging-voor-18-up\/\",\"name\":\"CONSTRICTOR Telefonhalterung linke Seite DCT-Befestigung GL1800 '18-UP (B) - Goldwing.nl - DE\",\"isPartOf\":{\"@id\":\"https:\/\/goldwing.nl\/de\/#website\"},\"primaryImageOfPage\":{\"@id\":\"https:\/\/goldwing.nl\/de\/shop\/intercom-navigation\/navigation-zubehoer\/constrictor-telefoonhouder-linkerkant-dct-bevestiging-voor-18-up\/#primaryimage\"},\"image\":{\"@id\":\"https:\/\/goldwing.nl\/de\/shop\/intercom-navigation\/navigation-zubehoer\/constrictor-telefoonhouder-linkerkant-dct-bevestiging-voor-18-up\/#primaryimage\"},\"thumbnailUrl\":\"https:\/\/goldwing.nl\/de\/wp-content\/uploads\/sites\/3\/2026\/02\/58320.jpg\",\"datePublished\":\"2026-02-26T15:39:18+00:00\",\"dateModified\":\"2026-03-13T15:54:51+00:00\",\"breadcrumb\":{\"@id\":\"https:\/\/goldwing.nl\/de\/shop\/intercom-navigation\/navigation-zubehoer\/constrictor-telefoonhouder-linkerkant-dct-bevestiging-voor-18-up\/#breadcrumb\"},\"inLanguage\":\"de\",\"potentialAction\":[{\"@type\":\"ReadAction\",\"target\":[\"https:\/\/goldwing.nl\/de\/shop\/intercom-navigation\/navigation-zubehoer\/constrictor-telefoonhouder-linkerkant-dct-bevestiging-voor-18-up\/\"]}]},{\"@type\":\"ImageObject\",\"inLanguage\":\"de\",\"@id\":\"https:\/\/goldwing.nl\/de\/shop\/intercom-navigation\/navigation-zubehoer\/constrictor-telefoonhouder-linkerkant-dct-bevestiging-voor-18-up\/#primaryimage\",\"url\":\"https:\/\/goldwing.nl\/de\/wp-content\/uploads\/sites\/3\/2026\/02\/58320.jpg\",\"contentUrl\":\"https:\/\/goldwing.nl\/de\/wp-content\/uploads\/sites\/3\/2026\/02\/58320.jpg\",\"width\":786,\"height\":854},{\"@type\":\"BreadcrumbList\",\"@id\":\"https:\/\/goldwing.nl\/de\/shop\/intercom-navigation\/navigation-zubehoer\/constrictor-telefoonhouder-linkerkant-dct-bevestiging-voor-18-up\/#breadcrumb\",\"itemListElement\":[{\"@type\":\"ListItem\",\"position\":1,\"name\":\"Home\",\"item\":\"https:\/\/goldwing.nl\/de\/\"},{\"@type\":\"ListItem\",\"position\":2,\"name\":\"Webshop\",\"item\":\"https:\/\/goldwing.nl\/de\/shop\/\"},{\"@type\":\"ListItem\",\"position\":3,\"name\":\"CONSTRICTOR Telefonhalterung linke Seite DCT-Befestigung GL1800 &#8217;18-UP\"}]},{\"@type\":\"WebSite\",\"@id\":\"https:\/\/goldwing.nl\/de\/#website\",\"url\":\"https:\/\/goldwing.nl\/de\/\",\"name\":\"Goldwing.nl - DE\",\"description\":\"Biker&#039;s Best\",\"publisher\":{\"@id\":\"https:\/\/goldwing.nl\/de\/#organization\"},\"potentialAction\":[{\"@type\":\"SearchAction\",\"target\":{\"@type\":\"EntryPoint\",\"urlTemplate\":\"https:\/\/goldwing.nl\/de\/?s={search_term_string}\"},\"query-input\":{\"@type\":\"PropertyValueSpecification\",\"valueRequired\":true,\"valueName\":\"search_term_string\"}}],\"inLanguage\":\"de\"},{\"@type\":\"Organization\",\"@id\":\"https:\/\/goldwing.nl\/de\/#organization\",\"name\":\"Goldwing.nl - DE\",\"url\":\"https:\/\/goldwing.nl\/de\/\",\"logo\":{\"@type\":\"ImageObject\",\"inLanguage\":\"de\",\"@id\":\"https:\/\/goldwing.nl\/de\/#\/schema\/logo\/image\/\",\"url\":\"https:\/\/goldwing.nl\/de\/wp-content\/uploads\/sites\/3\/2022\/08\/BikersBest-logo.png\",\"contentUrl\":\"https:\/\/goldwing.nl\/de\/wp-content\/uploads\/sites\/3\/2022\/08\/BikersBest-logo.png\",\"width\":311,\"height\":152,\"caption\":\"Goldwing.nl - DE\"},\"image\":{\"@id\":\"https:\/\/goldwing.nl\/de\/#\/schema\/logo\/image\/\"},\"sameAs\":[\"https:\/\/www.facebook.com\/302398026438779\"]}]}<\/script>\n<!-- \/ Yoast SEO plugin. -->","yoast_head_json":{"title":"CONSTRICTOR Telefonhalterung linke Seite DCT-Befestigung GL1800 '18-UP (B) - Goldwing.nl - DE","robots":{"index":"index","follow":"follow","max-snippet":"max-snippet:-1","max-image-preview":"max-image-preview:large","max-video-preview":"max-video-preview:-1"},"canonical":"https:\/\/goldwing.nl\/de\/shop\/intercom-navigation\/navigation-zubehoer\/constrictor-telefoonhouder-linkerkant-dct-bevestiging-voor-18-up\/","og_locale":"de_DE","og_type":"article","og_title":"CONSTRICTOR Telefonhalterung linke Seite DCT-Befestigung GL1800 '18-UP (B) - Goldwing.nl - DE","og_description":"Mit dem Constrictor\u00ae-Handyhalter ist Ihr Handy sicher und griffbereit.  Dieses schlanke und kompakte Design wurde speziell f\u00fcr Motorradfahrer entwickelt und bietet einen extrem festen mechanischen Halt f\u00fcr eine sichere Befestigung und Verstellbarkeit in H\u00f6he und Breite.  Der Constrictor kann auf eine Breite von bis zu 11,4 cm erweitert werden und eignet sich f\u00fcr eine Vielzahl verschiedener Telefonformate, mit oder ohne Schutzh\u00fclle.  Kombinieren Sie diese Halterung mit einer Reihe von Goldstrike-Befestigungsoptionen, um alle Ihre Fahrzeuge f\u00fcr unterwegs auszustatten.  GEN 2-BEFESTIGUNGSSYSTEM","og_url":"https:\/\/goldwing.nl\/de\/shop\/intercom-navigation\/navigation-zubehoer\/constrictor-telefoonhouder-linkerkant-dct-bevestiging-voor-18-up\/","og_site_name":"Goldwing.nl - DE","article_publisher":"https:\/\/www.facebook.com\/302398026438779","article_modified_time":"2026-03-13T15:54:51+00:00","twitter_card":"summary_large_image","schema":{"@context":"https:\/\/schema.org","@graph":[{"@type":"WebPage","@id":"https:\/\/goldwing.nl\/de\/shop\/intercom-navigation\/navigation-zubehoer\/constrictor-telefoonhouder-linkerkant-dct-bevestiging-voor-18-up\/","url":"https:\/\/goldwing.nl\/de\/shop\/intercom-navigation\/navigation-zubehoer\/constrictor-telefoonhouder-linkerkant-dct-bevestiging-voor-18-up\/","name":"CONSTRICTOR Telefonhalterung linke Seite DCT-Befestigung GL1800 '18-UP (B) - Goldwing.nl - DE","isPartOf":{"@id":"https:\/\/goldwing.nl\/de\/#website"},"primaryImageOfPage":{"@id":"https:\/\/goldwing.nl\/de\/shop\/intercom-navigation\/navigation-zubehoer\/constrictor-telefoonhouder-linkerkant-dct-bevestiging-voor-18-up\/#primaryimage"},"image":{"@id":"https:\/\/goldwing.nl\/de\/shop\/intercom-navigation\/navigation-zubehoer\/constrictor-telefoonhouder-linkerkant-dct-bevestiging-voor-18-up\/#primaryimage"},"thumbnailUrl":"https:\/\/goldwing.nl\/de\/wp-content\/uploads\/sites\/3\/2026\/02\/58320.jpg","datePublished":"2026-02-26T15:39:18+00:00","dateModified":"2026-03-13T15:54:51+00:00","breadcrumb":{"@id":"https:\/\/goldwing.nl\/de\/shop\/intercom-navigation\/navigation-zubehoer\/constrictor-telefoonhouder-linkerkant-dct-bevestiging-voor-18-up\/#breadcrumb"},"inLanguage":"de","potentialAction":[{"@type":"ReadAction","target":["https:\/\/goldwing.nl\/de\/shop\/intercom-navigation\/navigation-zubehoer\/constrictor-telefoonhouder-linkerkant-dct-bevestiging-voor-18-up\/"]}]},{"@type":"ImageObject","inLanguage":"de","@id":"https:\/\/goldwing.nl\/de\/shop\/intercom-navigation\/navigation-zubehoer\/constrictor-telefoonhouder-linkerkant-dct-bevestiging-voor-18-up\/#primaryimage","url":"https:\/\/goldwing.nl\/de\/wp-content\/uploads\/sites\/3\/2026\/02\/58320.jpg","contentUrl":"https:\/\/goldwing.nl\/de\/wp-content\/uploads\/sites\/3\/2026\/02\/58320.jpg","width":786,"height":854},{"@type":"BreadcrumbList","@id":"https:\/\/goldwing.nl\/de\/shop\/intercom-navigation\/navigation-zubehoer\/constrictor-telefoonhouder-linkerkant-dct-bevestiging-voor-18-up\/#breadcrumb","itemListElement":[{"@type":"ListItem","position":1,"name":"Home","item":"https:\/\/goldwing.nl\/de\/"},{"@type":"ListItem","position":2,"name":"Webshop","item":"https:\/\/goldwing.nl\/de\/shop\/"},{"@type":"ListItem","position":3,"name":"CONSTRICTOR Telefonhalterung linke Seite DCT-Befestigung GL1800 &#8217;18-UP"}]},{"@type":"WebSite","@id":"https:\/\/goldwing.nl\/de\/#website","url":"https:\/\/goldwing.nl\/de\/","name":"Goldwing.nl - DE","description":"Biker&#039;s Best","publisher":{"@id":"https:\/\/goldwing.nl\/de\/#organization"},"potentialAction":[{"@type":"SearchAction","target":{"@type":"EntryPoint","urlTemplate":"https:\/\/goldwing.nl\/de\/?s={search_term_string}"},"query-input":{"@type":"PropertyValueSpecification","valueRequired":true,"valueName":"search_term_string"}}],"inLanguage":"de"},{"@type":"Organization","@id":"https:\/\/goldwing.nl\/de\/#organization","name":"Goldwing.nl - DE","url":"https:\/\/goldwing.nl\/de\/","logo":{"@type":"ImageObject","inLanguage":"de","@id":"https:\/\/goldwing.nl\/de\/#\/schema\/logo\/image\/","url":"https:\/\/goldwing.nl\/de\/wp-content\/uploads\/sites\/3\/2022\/08\/BikersBest-logo.png","contentUrl":"https:\/\/goldwing.nl\/de\/wp-content\/uploads\/sites\/3\/2022\/08\/BikersBest-logo.png","width":311,"height":152,"caption":"Goldwing.nl - DE"},"image":{"@id":"https:\/\/goldwing.nl\/de\/#\/schema\/logo\/image\/"},"sameAs":["https:\/\/www.facebook.com\/302398026438779"]}]}},"_links":{"self":[{"href":"https:\/\/goldwing.nl\/de\/wp-json\/wp\/v2\/product\/29436"}],"collection":[{"href":"https:\/\/goldwing.nl\/de\/wp-json\/wp\/v2\/product"}],"about":[{"href":"https:\/\/goldwing.nl\/de\/wp-json\/wp\/v2\/types\/product"}],"wp:featuredmedia":[{"embeddable":true,"href":"https:\/\/goldwing.nl\/de\/wp-json\/wp\/v2\/media\/29444"}],"wp:attachment":[{"href":"https:\/\/goldwing.nl\/de\/wp-json\/wp\/v2\/media?parent=29436"}],"wp:term":[{"taxonomy":"product_cat","embeddable":true,"href":"https:\/\/goldwing.nl\/de\/wp-json\/wp\/v2\/product_cat?post=29436"},{"taxonomy":"product_tag","embeddable":true,"href":"https:\/\/goldwing.nl\/de\/wp-json\/wp\/v2\/product_tag?post=29436"}],"curies":[{"name":"wp","href":"https:\/\/api.w.org\/{rel}","templated":true}]}}