{"id":29118,"date":"2025-11-18T10:46:54","date_gmt":"2025-11-18T10:46:54","guid":{"rendered":"https:\/\/goldwing.nl\/de\/shop\/niet-gecategoriseerd\/95012-17001-gummi-fur-ecu-gl1800-2018-aufwarts-batterie-gl1800-2012-aufwarts-f6b-155-mm\/"},"modified":"2025-11-18T10:49:29","modified_gmt":"2025-11-18T10:49:29","slug":"95012-17001-gummi-fur-ecu-gl1800-2018-aufwarts-batterie-gl1800-2012-aufwarts-f6b-155-mm","status":"publish","type":"product","link":"https:\/\/goldwing.nl\/de\/shop\/unkategorisiert\/95012-17001-gummi-fur-ecu-gl1800-2018-aufwarts-batterie-gl1800-2012-aufwarts-f6b-155-mm\/","title":{"rendered":"# 95012-17001 Gummi f\u00fcr ECU GL1800 2018 aufw\u00e4rts &amp; Batterie GL1800 2012 aufw\u00e4rts \/ F6B \u2013 155 mm."},"content":{"rendered":"","protected":false},"excerpt":{"rendered":"<ul>\n<li>Gummi f\u00fcr ECU GL1800 2018 up<\/li>\n<li>Batterie strip GL1800 2012 up \/ F6B \u2013 155 mm.<\/li>\n<\/ul>\n","protected":false},"featured_media":29119,"template":"","meta":{"_acf_changed":false},"product_cat":[],"product_tag":[],"class_list":["post-29118","product","type-product","status-publish","has-post-thumbnail","hentry","product_shipping_class-briefkasten-artikel","","woocommerce-text-align-center","woocommerce-image-align-center","do-quantity-buttons"],"acf":[],"yoast_head":"<!-- This site is optimized with the Yoast SEO plugin v25.6 - https:\/\/yoast.com\/wordpress\/plugins\/seo\/ -->\n<title># 95012-17001 Gummi f\u00fcr ECU GL1800 2018 aufw\u00e4rts &amp; Batterie GL1800 2012 aufw\u00e4rts \/ F6B \u2013 155 mm. - Goldwing.nl - DE<\/title>\n<meta name=\"robots\" content=\"index, follow, max-snippet:-1, max-image-preview:large, max-video-preview:-1\" \/>\n<link rel=\"canonical\" href=\"https:\/\/goldwing.nl\/de\/shop\/unkategorisiert\/95012-17001-gummi-fur-ecu-gl1800-2018-aufwarts-batterie-gl1800-2012-aufwarts-f6b-155-mm\/\" \/>\n<meta property=\"og:locale\" content=\"de_DE\" \/>\n<meta property=\"og:type\" content=\"article\" \/>\n<meta property=\"og:title\" content=\"# 95012-17001 Gummi f\u00fcr ECU GL1800 2018 aufw\u00e4rts &amp; Batterie GL1800 2012 aufw\u00e4rts \/ F6B \u2013 155 mm. - Goldwing.nl - DE\" \/>\n<meta property=\"og:description\" content=\"Gummi f\u00fcr ECU GL1800 2018 up  Batterie strip GL1800 2012 up \/ F6B \u2013 155 mm.\" \/>\n<meta property=\"og:url\" content=\"https:\/\/goldwing.nl\/de\/shop\/unkategorisiert\/95012-17001-gummi-fur-ecu-gl1800-2018-aufwarts-batterie-gl1800-2012-aufwarts-f6b-155-mm\/\" \/>\n<meta property=\"og:site_name\" content=\"Goldwing.nl - DE\" \/>\n<meta property=\"article:publisher\" content=\"https:\/\/www.facebook.com\/302398026438779\" \/>\n<meta property=\"article:modified_time\" content=\"2025-11-18T10:49:29+00:00\" \/>\n<meta name=\"twitter:card\" content=\"summary_large_image\" \/>\n<script type=\"application\/ld+json\" class=\"yoast-schema-graph\">{\"@context\":\"https:\/\/schema.org\",\"@graph\":[{\"@type\":\"WebPage\",\"@id\":\"https:\/\/goldwing.nl\/de\/shop\/unkategorisiert\/95012-17001-gummi-fur-ecu-gl1800-2018-aufwarts-batterie-gl1800-2012-aufwarts-f6b-155-mm\/\",\"url\":\"https:\/\/goldwing.nl\/de\/shop\/unkategorisiert\/95012-17001-gummi-fur-ecu-gl1800-2018-aufwarts-batterie-gl1800-2012-aufwarts-f6b-155-mm\/\",\"name\":\"# 95012-17001 Gummi f\u00fcr ECU GL1800 2018 aufw\u00e4rts &amp; Batterie GL1800 2012 aufw\u00e4rts \/ F6B \u2013 155 mm. - Goldwing.nl - DE\",\"isPartOf\":{\"@id\":\"https:\/\/goldwing.nl\/de\/#website\"},\"primaryImageOfPage\":{\"@id\":\"https:\/\/goldwing.nl\/de\/shop\/unkategorisiert\/95012-17001-gummi-fur-ecu-gl1800-2018-aufwarts-batterie-gl1800-2012-aufwarts-f6b-155-mm\/#primaryimage\"},\"image\":{\"@id\":\"https:\/\/goldwing.nl\/de\/shop\/unkategorisiert\/95012-17001-gummi-fur-ecu-gl1800-2018-aufwarts-batterie-gl1800-2012-aufwarts-f6b-155-mm\/#primaryimage\"},\"thumbnailUrl\":\"https:\/\/goldwing.nl\/de\/wp-content\/uploads\/sites\/3\/2025\/11\/7854C.jpg\",\"datePublished\":\"2025-11-18T10:46:54+00:00\",\"dateModified\":\"2025-11-18T10:49:29+00:00\",\"breadcrumb\":{\"@id\":\"https:\/\/goldwing.nl\/de\/shop\/unkategorisiert\/95012-17001-gummi-fur-ecu-gl1800-2018-aufwarts-batterie-gl1800-2012-aufwarts-f6b-155-mm\/#breadcrumb\"},\"inLanguage\":\"de\",\"potentialAction\":[{\"@type\":\"ReadAction\",\"target\":[\"https:\/\/goldwing.nl\/de\/shop\/unkategorisiert\/95012-17001-gummi-fur-ecu-gl1800-2018-aufwarts-batterie-gl1800-2012-aufwarts-f6b-155-mm\/\"]}]},{\"@type\":\"ImageObject\",\"inLanguage\":\"de\",\"@id\":\"https:\/\/goldwing.nl\/de\/shop\/unkategorisiert\/95012-17001-gummi-fur-ecu-gl1800-2018-aufwarts-batterie-gl1800-2012-aufwarts-f6b-155-mm\/#primaryimage\",\"url\":\"https:\/\/goldwing.nl\/de\/wp-content\/uploads\/sites\/3\/2025\/11\/7854C.jpg\",\"contentUrl\":\"https:\/\/goldwing.nl\/de\/wp-content\/uploads\/sites\/3\/2025\/11\/7854C.jpg\",\"width\":2034,\"height\":2034},{\"@type\":\"BreadcrumbList\",\"@id\":\"https:\/\/goldwing.nl\/de\/shop\/unkategorisiert\/95012-17001-gummi-fur-ecu-gl1800-2018-aufwarts-batterie-gl1800-2012-aufwarts-f6b-155-mm\/#breadcrumb\",\"itemListElement\":[{\"@type\":\"ListItem\",\"position\":1,\"name\":\"Home\",\"item\":\"https:\/\/goldwing.nl\/de\/\"},{\"@type\":\"ListItem\",\"position\":2,\"name\":\"Webshop\",\"item\":\"https:\/\/goldwing.nl\/de\/shop\/\"},{\"@type\":\"ListItem\",\"position\":3,\"name\":\"# 95012-17001 Gummi f\u00fcr ECU GL1800 2018 aufw\u00e4rts &amp; Batterie GL1800 2012 aufw\u00e4rts \/ F6B \u2013 155 mm.\"}]},{\"@type\":\"WebSite\",\"@id\":\"https:\/\/goldwing.nl\/de\/#website\",\"url\":\"https:\/\/goldwing.nl\/de\/\",\"name\":\"Goldwing.nl - DE\",\"description\":\"Biker&#039;s Best\",\"publisher\":{\"@id\":\"https:\/\/goldwing.nl\/de\/#organization\"},\"potentialAction\":[{\"@type\":\"SearchAction\",\"target\":{\"@type\":\"EntryPoint\",\"urlTemplate\":\"https:\/\/goldwing.nl\/de\/?s={search_term_string}\"},\"query-input\":{\"@type\":\"PropertyValueSpecification\",\"valueRequired\":true,\"valueName\":\"search_term_string\"}}],\"inLanguage\":\"de\"},{\"@type\":\"Organization\",\"@id\":\"https:\/\/goldwing.nl\/de\/#organization\",\"name\":\"Goldwing.nl - DE\",\"url\":\"https:\/\/goldwing.nl\/de\/\",\"logo\":{\"@type\":\"ImageObject\",\"inLanguage\":\"de\",\"@id\":\"https:\/\/goldwing.nl\/de\/#\/schema\/logo\/image\/\",\"url\":\"https:\/\/goldwing.nl\/de\/wp-content\/uploads\/sites\/3\/2022\/08\/BikersBest-logo.png\",\"contentUrl\":\"https:\/\/goldwing.nl\/de\/wp-content\/uploads\/sites\/3\/2022\/08\/BikersBest-logo.png\",\"width\":311,\"height\":152,\"caption\":\"Goldwing.nl - DE\"},\"image\":{\"@id\":\"https:\/\/goldwing.nl\/de\/#\/schema\/logo\/image\/\"},\"sameAs\":[\"https:\/\/www.facebook.com\/302398026438779\"]}]}<\/script>\n<!-- \/ Yoast SEO plugin. -->","yoast_head_json":{"title":"# 95012-17001 Gummi f\u00fcr ECU GL1800 2018 aufw\u00e4rts &amp; Batterie GL1800 2012 aufw\u00e4rts \/ F6B \u2013 155 mm. - Goldwing.nl - DE","robots":{"index":"index","follow":"follow","max-snippet":"max-snippet:-1","max-image-preview":"max-image-preview:large","max-video-preview":"max-video-preview:-1"},"canonical":"https:\/\/goldwing.nl\/de\/shop\/unkategorisiert\/95012-17001-gummi-fur-ecu-gl1800-2018-aufwarts-batterie-gl1800-2012-aufwarts-f6b-155-mm\/","og_locale":"de_DE","og_type":"article","og_title":"# 95012-17001 Gummi f\u00fcr ECU GL1800 2018 aufw\u00e4rts &amp; Batterie GL1800 2012 aufw\u00e4rts \/ F6B \u2013 155 mm. - Goldwing.nl - DE","og_description":"Gummi f\u00fcr ECU GL1800 2018 up  Batterie strip GL1800 2012 up \/ F6B \u2013 155 mm.","og_url":"https:\/\/goldwing.nl\/de\/shop\/unkategorisiert\/95012-17001-gummi-fur-ecu-gl1800-2018-aufwarts-batterie-gl1800-2012-aufwarts-f6b-155-mm\/","og_site_name":"Goldwing.nl - DE","article_publisher":"https:\/\/www.facebook.com\/302398026438779","article_modified_time":"2025-11-18T10:49:29+00:00","twitter_card":"summary_large_image","schema":{"@context":"https:\/\/schema.org","@graph":[{"@type":"WebPage","@id":"https:\/\/goldwing.nl\/de\/shop\/unkategorisiert\/95012-17001-gummi-fur-ecu-gl1800-2018-aufwarts-batterie-gl1800-2012-aufwarts-f6b-155-mm\/","url":"https:\/\/goldwing.nl\/de\/shop\/unkategorisiert\/95012-17001-gummi-fur-ecu-gl1800-2018-aufwarts-batterie-gl1800-2012-aufwarts-f6b-155-mm\/","name":"# 95012-17001 Gummi f\u00fcr ECU GL1800 2018 aufw\u00e4rts &amp; Batterie GL1800 2012 aufw\u00e4rts \/ F6B \u2013 155 mm. - Goldwing.nl - DE","isPartOf":{"@id":"https:\/\/goldwing.nl\/de\/#website"},"primaryImageOfPage":{"@id":"https:\/\/goldwing.nl\/de\/shop\/unkategorisiert\/95012-17001-gummi-fur-ecu-gl1800-2018-aufwarts-batterie-gl1800-2012-aufwarts-f6b-155-mm\/#primaryimage"},"image":{"@id":"https:\/\/goldwing.nl\/de\/shop\/unkategorisiert\/95012-17001-gummi-fur-ecu-gl1800-2018-aufwarts-batterie-gl1800-2012-aufwarts-f6b-155-mm\/#primaryimage"},"thumbnailUrl":"https:\/\/goldwing.nl\/de\/wp-content\/uploads\/sites\/3\/2025\/11\/7854C.jpg","datePublished":"2025-11-18T10:46:54+00:00","dateModified":"2025-11-18T10:49:29+00:00","breadcrumb":{"@id":"https:\/\/goldwing.nl\/de\/shop\/unkategorisiert\/95012-17001-gummi-fur-ecu-gl1800-2018-aufwarts-batterie-gl1800-2012-aufwarts-f6b-155-mm\/#breadcrumb"},"inLanguage":"de","potentialAction":[{"@type":"ReadAction","target":["https:\/\/goldwing.nl\/de\/shop\/unkategorisiert\/95012-17001-gummi-fur-ecu-gl1800-2018-aufwarts-batterie-gl1800-2012-aufwarts-f6b-155-mm\/"]}]},{"@type":"ImageObject","inLanguage":"de","@id":"https:\/\/goldwing.nl\/de\/shop\/unkategorisiert\/95012-17001-gummi-fur-ecu-gl1800-2018-aufwarts-batterie-gl1800-2012-aufwarts-f6b-155-mm\/#primaryimage","url":"https:\/\/goldwing.nl\/de\/wp-content\/uploads\/sites\/3\/2025\/11\/7854C.jpg","contentUrl":"https:\/\/goldwing.nl\/de\/wp-content\/uploads\/sites\/3\/2025\/11\/7854C.jpg","width":2034,"height":2034},{"@type":"BreadcrumbList","@id":"https:\/\/goldwing.nl\/de\/shop\/unkategorisiert\/95012-17001-gummi-fur-ecu-gl1800-2018-aufwarts-batterie-gl1800-2012-aufwarts-f6b-155-mm\/#breadcrumb","itemListElement":[{"@type":"ListItem","position":1,"name":"Home","item":"https:\/\/goldwing.nl\/de\/"},{"@type":"ListItem","position":2,"name":"Webshop","item":"https:\/\/goldwing.nl\/de\/shop\/"},{"@type":"ListItem","position":3,"name":"# 95012-17001 Gummi f\u00fcr ECU GL1800 2018 aufw\u00e4rts &amp; Batterie GL1800 2012 aufw\u00e4rts \/ F6B \u2013 155 mm."}]},{"@type":"WebSite","@id":"https:\/\/goldwing.nl\/de\/#website","url":"https:\/\/goldwing.nl\/de\/","name":"Goldwing.nl - DE","description":"Biker&#039;s Best","publisher":{"@id":"https:\/\/goldwing.nl\/de\/#organization"},"potentialAction":[{"@type":"SearchAction","target":{"@type":"EntryPoint","urlTemplate":"https:\/\/goldwing.nl\/de\/?s={search_term_string}"},"query-input":{"@type":"PropertyValueSpecification","valueRequired":true,"valueName":"search_term_string"}}],"inLanguage":"de"},{"@type":"Organization","@id":"https:\/\/goldwing.nl\/de\/#organization","name":"Goldwing.nl - DE","url":"https:\/\/goldwing.nl\/de\/","logo":{"@type":"ImageObject","inLanguage":"de","@id":"https:\/\/goldwing.nl\/de\/#\/schema\/logo\/image\/","url":"https:\/\/goldwing.nl\/de\/wp-content\/uploads\/sites\/3\/2022\/08\/BikersBest-logo.png","contentUrl":"https:\/\/goldwing.nl\/de\/wp-content\/uploads\/sites\/3\/2022\/08\/BikersBest-logo.png","width":311,"height":152,"caption":"Goldwing.nl - DE"},"image":{"@id":"https:\/\/goldwing.nl\/de\/#\/schema\/logo\/image\/"},"sameAs":["https:\/\/www.facebook.com\/302398026438779"]}]}},"_links":{"self":[{"href":"https:\/\/goldwing.nl\/de\/wp-json\/wp\/v2\/product\/29118"}],"collection":[{"href":"https:\/\/goldwing.nl\/de\/wp-json\/wp\/v2\/product"}],"about":[{"href":"https:\/\/goldwing.nl\/de\/wp-json\/wp\/v2\/types\/product"}],"wp:featuredmedia":[{"embeddable":true,"href":"https:\/\/goldwing.nl\/de\/wp-json\/wp\/v2\/media\/29119"}],"wp:attachment":[{"href":"https:\/\/goldwing.nl\/de\/wp-json\/wp\/v2\/media?parent=29118"}],"wp:term":[{"taxonomy":"product_cat","embeddable":true,"href":"https:\/\/goldwing.nl\/de\/wp-json\/wp\/v2\/product_cat?post=29118"},{"taxonomy":"product_tag","embeddable":true,"href":"https:\/\/goldwing.nl\/de\/wp-json\/wp\/v2\/product_tag?post=29118"}],"curies":[{"name":"wp","href":"https:\/\/api.w.org\/{rel}","templated":true}]}}