{"id":28455,"date":"2025-06-26T10:52:12","date_gmt":"2025-06-26T10:52:12","guid":{"rendered":"https:\/\/goldwing.nl\/de\/shop\/niet-gecategoriseerd\/getrankehalter-reduzierring\/"},"modified":"2025-06-26T13:18:38","modified_gmt":"2025-06-26T13:18:38","slug":"getrankehalter-reduzierring","status":"publish","type":"product","link":"https:\/\/goldwing.nl\/de\/shop\/gl-1800-2012-2017\/zubehoer-gl-1800-2012-2017\/getrankehalter-reduzierring\/","title":{"rendered":"Getr\u00e4nkehalter Reduzierring &#8211; Durchmesser 10 cm. (P06360551)"},"content":{"rendered":"","protected":false},"excerpt":{"rendered":"<ul>\n<li>Erm\u00f6glicht die Verwendung kleinerer Getr\u00e4nke in unseren Standard Getr\u00e4nkehaltern<\/li>\n<li>L\u00e4sst sich in Sekundenschnelle installieren und entfernen<\/li>\n<li>Kein Werkzeug erforderlich<\/li>\n<li>Leicht zu verstauen, wenn nicht ben\u00f6tigt Dasselbe gro\u00dfartige Material wie beim Ciro\u00ae-Getr\u00e4nkehalter<\/li>\n<li>Erh\u00e4ltlich f\u00fcr Standard- oder Big Ass\u00ae-Getr\u00e4nkehalter<\/li>\n<li>Getr\u00e4nkehalter separat erh\u00e4ltlich<\/li>\n<\/ul>\n","protected":false},"featured_media":28456,"template":"","meta":{"_acf_changed":false},"product_cat":[363,385,386,400],"product_tag":[],"class_list":["post-28455","product","type-product","status-publish","has-post-thumbnail","hentry","product_cat-goldwing-gl-1500","product_cat-zubehoer-goldwing-gl-1800","product_cat-zubehoer-gl-1800-2012-2017","product_cat-goldwing-gl-1800-2018-up-zubehoer","product_shipping_class-briefkasten-artikel","","woocommerce-text-align-center","woocommerce-image-align-center","do-quantity-buttons"],"acf":[],"yoast_head":"<!-- This site is optimized with the Yoast SEO plugin v25.6 - https:\/\/yoast.com\/wordpress\/plugins\/seo\/ -->\n<title>Getr\u00e4nkehalter Reduzierring - Durchmesser 10 cm. (P06360551) - Goldwing.nl - DE<\/title>\n<meta name=\"robots\" content=\"index, follow, max-snippet:-1, max-image-preview:large, max-video-preview:-1\" \/>\n<link rel=\"canonical\" href=\"https:\/\/goldwing.nl\/de\/shop\/gl-1800-2012-2017\/zubehoer-gl-1800-2012-2017\/getrankehalter-reduzierring\/\" \/>\n<meta property=\"og:locale\" content=\"de_DE\" \/>\n<meta property=\"og:type\" content=\"article\" \/>\n<meta property=\"og:title\" content=\"Getr\u00e4nkehalter Reduzierring - Durchmesser 10 cm. (P06360551) - Goldwing.nl - DE\" \/>\n<meta property=\"og:description\" content=\"Erm\u00f6glicht die Verwendung kleinerer Getr\u00e4nke in unseren Standard Getr\u00e4nkehaltern  L\u00e4sst sich in Sekundenschnelle installieren und entfernen  Kein Werkzeug erforderlich  Leicht zu verstauen, wenn nicht ben\u00f6tigt Dasselbe gro\u00dfartige Material wie beim Ciro\u00ae-Getr\u00e4nkehalter  Erh\u00e4ltlich f\u00fcr Standard- oder Big Ass\u00ae-Getr\u00e4nkehalter  Getr\u00e4nkehalter separat erh\u00e4ltlich\" \/>\n<meta property=\"og:url\" content=\"https:\/\/goldwing.nl\/de\/shop\/gl-1800-2012-2017\/zubehoer-gl-1800-2012-2017\/getrankehalter-reduzierring\/\" \/>\n<meta property=\"og:site_name\" content=\"Goldwing.nl - DE\" \/>\n<meta property=\"article:publisher\" content=\"https:\/\/www.facebook.com\/302398026438779\" \/>\n<meta property=\"article:modified_time\" content=\"2025-06-26T13:18:38+00:00\" \/>\n<meta property=\"og:image\" content=\"https:\/\/goldwing.nl\/de\/wp-content\/uploads\/sites\/3\/2025\/06\/59903.jpg?_t=1750944704\" \/>\n\t<meta property=\"og:image:width\" content=\"834\" \/>\n\t<meta property=\"og:image:height\" content=\"834\" \/>\n\t<meta property=\"og:image:type\" content=\"image\/jpeg\" \/>\n<meta name=\"twitter:card\" content=\"summary_large_image\" \/>\n<script type=\"application\/ld+json\" class=\"yoast-schema-graph\">{\"@context\":\"https:\/\/schema.org\",\"@graph\":[{\"@type\":\"WebPage\",\"@id\":\"https:\/\/goldwing.nl\/de\/shop\/gl-1800-2012-2017\/zubehoer-gl-1800-2012-2017\/getrankehalter-reduzierring\/\",\"url\":\"https:\/\/goldwing.nl\/de\/shop\/gl-1800-2012-2017\/zubehoer-gl-1800-2012-2017\/getrankehalter-reduzierring\/\",\"name\":\"Getr\u00e4nkehalter Reduzierring - Durchmesser 10 cm. (P06360551) - Goldwing.nl - DE\",\"isPartOf\":{\"@id\":\"https:\/\/goldwing.nl\/de\/#website\"},\"primaryImageOfPage\":{\"@id\":\"https:\/\/goldwing.nl\/de\/shop\/gl-1800-2012-2017\/zubehoer-gl-1800-2012-2017\/getrankehalter-reduzierring\/#primaryimage\"},\"image\":{\"@id\":\"https:\/\/goldwing.nl\/de\/shop\/gl-1800-2012-2017\/zubehoer-gl-1800-2012-2017\/getrankehalter-reduzierring\/#primaryimage\"},\"thumbnailUrl\":\"https:\/\/goldwing.nl\/de\/wp-content\/uploads\/sites\/3\/2025\/06\/59903.jpg\",\"datePublished\":\"2025-06-26T10:52:12+00:00\",\"dateModified\":\"2025-06-26T13:18:38+00:00\",\"breadcrumb\":{\"@id\":\"https:\/\/goldwing.nl\/de\/shop\/gl-1800-2012-2017\/zubehoer-gl-1800-2012-2017\/getrankehalter-reduzierring\/#breadcrumb\"},\"inLanguage\":\"de\",\"potentialAction\":[{\"@type\":\"ReadAction\",\"target\":[\"https:\/\/goldwing.nl\/de\/shop\/gl-1800-2012-2017\/zubehoer-gl-1800-2012-2017\/getrankehalter-reduzierring\/\"]}]},{\"@type\":\"ImageObject\",\"inLanguage\":\"de\",\"@id\":\"https:\/\/goldwing.nl\/de\/shop\/gl-1800-2012-2017\/zubehoer-gl-1800-2012-2017\/getrankehalter-reduzierring\/#primaryimage\",\"url\":\"https:\/\/goldwing.nl\/de\/wp-content\/uploads\/sites\/3\/2025\/06\/59903.jpg\",\"contentUrl\":\"https:\/\/goldwing.nl\/de\/wp-content\/uploads\/sites\/3\/2025\/06\/59903.jpg\",\"width\":834,\"height\":834},{\"@type\":\"BreadcrumbList\",\"@id\":\"https:\/\/goldwing.nl\/de\/shop\/gl-1800-2012-2017\/zubehoer-gl-1800-2012-2017\/getrankehalter-reduzierring\/#breadcrumb\",\"itemListElement\":[{\"@type\":\"ListItem\",\"position\":1,\"name\":\"Home\",\"item\":\"https:\/\/goldwing.nl\/de\/\"},{\"@type\":\"ListItem\",\"position\":2,\"name\":\"Webshop\",\"item\":\"https:\/\/goldwing.nl\/de\/shop\/\"},{\"@type\":\"ListItem\",\"position\":3,\"name\":\"Getr\u00e4nkehalter Reduzierring &#8211; Durchmesser 10 cm. (P06360551)\"}]},{\"@type\":\"WebSite\",\"@id\":\"https:\/\/goldwing.nl\/de\/#website\",\"url\":\"https:\/\/goldwing.nl\/de\/\",\"name\":\"Goldwing.nl - DE\",\"description\":\"Biker&#039;s Best\",\"publisher\":{\"@id\":\"https:\/\/goldwing.nl\/de\/#organization\"},\"potentialAction\":[{\"@type\":\"SearchAction\",\"target\":{\"@type\":\"EntryPoint\",\"urlTemplate\":\"https:\/\/goldwing.nl\/de\/?s={search_term_string}\"},\"query-input\":{\"@type\":\"PropertyValueSpecification\",\"valueRequired\":true,\"valueName\":\"search_term_string\"}}],\"inLanguage\":\"de\"},{\"@type\":\"Organization\",\"@id\":\"https:\/\/goldwing.nl\/de\/#organization\",\"name\":\"Goldwing.nl - DE\",\"url\":\"https:\/\/goldwing.nl\/de\/\",\"logo\":{\"@type\":\"ImageObject\",\"inLanguage\":\"de\",\"@id\":\"https:\/\/goldwing.nl\/de\/#\/schema\/logo\/image\/\",\"url\":\"https:\/\/goldwing.nl\/de\/wp-content\/uploads\/sites\/3\/2022\/08\/BikersBest-logo.png\",\"contentUrl\":\"https:\/\/goldwing.nl\/de\/wp-content\/uploads\/sites\/3\/2022\/08\/BikersBest-logo.png\",\"width\":311,\"height\":152,\"caption\":\"Goldwing.nl - DE\"},\"image\":{\"@id\":\"https:\/\/goldwing.nl\/de\/#\/schema\/logo\/image\/\"},\"sameAs\":[\"https:\/\/www.facebook.com\/302398026438779\"]}]}<\/script>\n<!-- \/ Yoast SEO plugin. -->","yoast_head_json":{"title":"Getr\u00e4nkehalter Reduzierring - Durchmesser 10 cm. (P06360551) - Goldwing.nl - DE","robots":{"index":"index","follow":"follow","max-snippet":"max-snippet:-1","max-image-preview":"max-image-preview:large","max-video-preview":"max-video-preview:-1"},"canonical":"https:\/\/goldwing.nl\/de\/shop\/gl-1800-2012-2017\/zubehoer-gl-1800-2012-2017\/getrankehalter-reduzierring\/","og_locale":"de_DE","og_type":"article","og_title":"Getr\u00e4nkehalter Reduzierring - Durchmesser 10 cm. (P06360551) - Goldwing.nl - DE","og_description":"Erm\u00f6glicht die Verwendung kleinerer Getr\u00e4nke in unseren Standard Getr\u00e4nkehaltern  L\u00e4sst sich in Sekundenschnelle installieren und entfernen  Kein Werkzeug erforderlich  Leicht zu verstauen, wenn nicht ben\u00f6tigt Dasselbe gro\u00dfartige Material wie beim Ciro\u00ae-Getr\u00e4nkehalter  Erh\u00e4ltlich f\u00fcr Standard- oder Big Ass\u00ae-Getr\u00e4nkehalter  Getr\u00e4nkehalter separat erh\u00e4ltlich","og_url":"https:\/\/goldwing.nl\/de\/shop\/gl-1800-2012-2017\/zubehoer-gl-1800-2012-2017\/getrankehalter-reduzierring\/","og_site_name":"Goldwing.nl - DE","article_publisher":"https:\/\/www.facebook.com\/302398026438779","article_modified_time":"2025-06-26T13:18:38+00:00","og_image":[{"width":834,"height":834,"url":"https:\/\/goldwing.nl\/de\/wp-content\/uploads\/sites\/3\/2025\/06\/59903.jpg?_t=1750944704","type":"image\/jpeg"}],"twitter_card":"summary_large_image","schema":{"@context":"https:\/\/schema.org","@graph":[{"@type":"WebPage","@id":"https:\/\/goldwing.nl\/de\/shop\/gl-1800-2012-2017\/zubehoer-gl-1800-2012-2017\/getrankehalter-reduzierring\/","url":"https:\/\/goldwing.nl\/de\/shop\/gl-1800-2012-2017\/zubehoer-gl-1800-2012-2017\/getrankehalter-reduzierring\/","name":"Getr\u00e4nkehalter Reduzierring - Durchmesser 10 cm. (P06360551) - Goldwing.nl - DE","isPartOf":{"@id":"https:\/\/goldwing.nl\/de\/#website"},"primaryImageOfPage":{"@id":"https:\/\/goldwing.nl\/de\/shop\/gl-1800-2012-2017\/zubehoer-gl-1800-2012-2017\/getrankehalter-reduzierring\/#primaryimage"},"image":{"@id":"https:\/\/goldwing.nl\/de\/shop\/gl-1800-2012-2017\/zubehoer-gl-1800-2012-2017\/getrankehalter-reduzierring\/#primaryimage"},"thumbnailUrl":"https:\/\/goldwing.nl\/de\/wp-content\/uploads\/sites\/3\/2025\/06\/59903.jpg","datePublished":"2025-06-26T10:52:12+00:00","dateModified":"2025-06-26T13:18:38+00:00","breadcrumb":{"@id":"https:\/\/goldwing.nl\/de\/shop\/gl-1800-2012-2017\/zubehoer-gl-1800-2012-2017\/getrankehalter-reduzierring\/#breadcrumb"},"inLanguage":"de","potentialAction":[{"@type":"ReadAction","target":["https:\/\/goldwing.nl\/de\/shop\/gl-1800-2012-2017\/zubehoer-gl-1800-2012-2017\/getrankehalter-reduzierring\/"]}]},{"@type":"ImageObject","inLanguage":"de","@id":"https:\/\/goldwing.nl\/de\/shop\/gl-1800-2012-2017\/zubehoer-gl-1800-2012-2017\/getrankehalter-reduzierring\/#primaryimage","url":"https:\/\/goldwing.nl\/de\/wp-content\/uploads\/sites\/3\/2025\/06\/59903.jpg","contentUrl":"https:\/\/goldwing.nl\/de\/wp-content\/uploads\/sites\/3\/2025\/06\/59903.jpg","width":834,"height":834},{"@type":"BreadcrumbList","@id":"https:\/\/goldwing.nl\/de\/shop\/gl-1800-2012-2017\/zubehoer-gl-1800-2012-2017\/getrankehalter-reduzierring\/#breadcrumb","itemListElement":[{"@type":"ListItem","position":1,"name":"Home","item":"https:\/\/goldwing.nl\/de\/"},{"@type":"ListItem","position":2,"name":"Webshop","item":"https:\/\/goldwing.nl\/de\/shop\/"},{"@type":"ListItem","position":3,"name":"Getr\u00e4nkehalter Reduzierring &#8211; Durchmesser 10 cm. (P06360551)"}]},{"@type":"WebSite","@id":"https:\/\/goldwing.nl\/de\/#website","url":"https:\/\/goldwing.nl\/de\/","name":"Goldwing.nl - DE","description":"Biker&#039;s Best","publisher":{"@id":"https:\/\/goldwing.nl\/de\/#organization"},"potentialAction":[{"@type":"SearchAction","target":{"@type":"EntryPoint","urlTemplate":"https:\/\/goldwing.nl\/de\/?s={search_term_string}"},"query-input":{"@type":"PropertyValueSpecification","valueRequired":true,"valueName":"search_term_string"}}],"inLanguage":"de"},{"@type":"Organization","@id":"https:\/\/goldwing.nl\/de\/#organization","name":"Goldwing.nl - DE","url":"https:\/\/goldwing.nl\/de\/","logo":{"@type":"ImageObject","inLanguage":"de","@id":"https:\/\/goldwing.nl\/de\/#\/schema\/logo\/image\/","url":"https:\/\/goldwing.nl\/de\/wp-content\/uploads\/sites\/3\/2022\/08\/BikersBest-logo.png","contentUrl":"https:\/\/goldwing.nl\/de\/wp-content\/uploads\/sites\/3\/2022\/08\/BikersBest-logo.png","width":311,"height":152,"caption":"Goldwing.nl - DE"},"image":{"@id":"https:\/\/goldwing.nl\/de\/#\/schema\/logo\/image\/"},"sameAs":["https:\/\/www.facebook.com\/302398026438779"]}]}},"_links":{"self":[{"href":"https:\/\/goldwing.nl\/de\/wp-json\/wp\/v2\/product\/28455"}],"collection":[{"href":"https:\/\/goldwing.nl\/de\/wp-json\/wp\/v2\/product"}],"about":[{"href":"https:\/\/goldwing.nl\/de\/wp-json\/wp\/v2\/types\/product"}],"wp:featuredmedia":[{"embeddable":true,"href":"https:\/\/goldwing.nl\/de\/wp-json\/wp\/v2\/media\/28456"}],"wp:attachment":[{"href":"https:\/\/goldwing.nl\/de\/wp-json\/wp\/v2\/media?parent=28455"}],"wp:term":[{"taxonomy":"product_cat","embeddable":true,"href":"https:\/\/goldwing.nl\/de\/wp-json\/wp\/v2\/product_cat?post=28455"},{"taxonomy":"product_tag","embeddable":true,"href":"https:\/\/goldwing.nl\/de\/wp-json\/wp\/v2\/product_tag?post=28455"}],"curies":[{"name":"wp","href":"https:\/\/api.w.org\/{rel}","templated":true}]}}