{"id":28386,"date":"2025-06-20T09:50:31","date_gmt":"2025-06-20T09:50:31","guid":{"rendered":"https:\/\/goldwing.nl\/de\/?post_type=product&#038;p=28386"},"modified":"2025-06-20T09:50:34","modified_gmt":"2025-06-20T09:50:34","slug":"stipt","status":"publish","type":"product","link":"https:\/\/goldwing.nl\/de\/shop\/wartung-reparatur\/oel-fett-bremsfluessigkeit-und-reinigungsmittel\/stipt\/","title":{"rendered":"Stipt Pr\u00e4zisions-Detail-B\u00fcrsten"},"content":{"rendered":"","protected":false},"excerpt":{"rendered":"<p>Die extra-weiche B\u00fcrste und die Blumenspitzen eignen sich hervorragend f\u00fcr eine gute Reinigung an schwierigen Stellen. Die Blumenspitzen nehmen leicht mehr Schmutz auf, was die Reinigung beschleunigt.<\/p>\n<p>Merkmale:<\/p>\n<ul>\n<li>Bequemer, rutschfester Griff.<\/li>\n<li>Leichtes und ergonomisches Design.<\/li>\n<li>Die B\u00fcrste ist aus PET gefertigt, um Kratzer w\u00e4hrend der Benutzung zu vermeiden.<\/li>\n<li>F\u00fcr die Innen- und Au\u00dfenreinigung geeignet.<\/li>\n<li>Die Borsten der B\u00fcrste sind aus Nylon gefertigt, um Kratzer zu vermeiden.<\/li>\n<\/ul>\n","protected":false},"featured_media":28387,"template":"","meta":{"_acf_changed":false},"product_cat":[462,557],"product_tag":[],"class_list":["post-28386","product","type-product","status-publish","has-post-thumbnail","hentry","product_cat-oel-fett-bremsfluessigkeit-und-reinigungsmittel","product_cat-wasch-und-reinigungsmittel","product_shipping_class-pakket-artikel","","woocommerce-text-align-center","woocommerce-image-align-center","do-quantity-buttons"],"acf":[],"yoast_head":"<!-- This site is optimized with the Yoast SEO plugin v25.6 - https:\/\/yoast.com\/wordpress\/plugins\/seo\/ -->\n<title>Stipt Pr\u00e4zisions-Detail-B\u00fcrsten - Goldwing.nl - DE<\/title>\n<meta name=\"robots\" content=\"index, follow, max-snippet:-1, max-image-preview:large, max-video-preview:-1\" \/>\n<link rel=\"canonical\" href=\"https:\/\/goldwing.nl\/de\/?post_type=product&p=28386\" \/>\n<meta property=\"og:locale\" content=\"de_DE\" \/>\n<meta property=\"og:type\" content=\"article\" \/>\n<meta property=\"og:title\" content=\"Stipt Pr\u00e4zisions-Detail-B\u00fcrsten - Goldwing.nl - DE\" \/>\n<meta property=\"og:description\" content=\"Die extra-weiche B\u00fcrste und die Blumenspitzen eignen sich hervorragend f\u00fcr eine gute Reinigung an schwierigen Stellen. Die Blumenspitzen nehmen leicht mehr Schmutz auf, was die Reinigung beschleunigt.  Merkmale:   Bequemer, rutschfester Griff.  Leichtes und ergonomisches Design.  Die B\u00fcrste ist aus PET gefertigt, um Kratzer w\u00e4hrend der Benutzung zu vermeiden.  F\u00fcr die Innen- und Au\u00dfenreinigung geeignet.  Die Borsten der B\u00fcrste sind aus Nylon gefertigt, um Kratzer zu vermeiden.\" \/>\n<meta property=\"og:url\" content=\"https:\/\/goldwing.nl\/de\/?post_type=product&amp;p=28386\" \/>\n<meta property=\"og:site_name\" content=\"Goldwing.nl - DE\" \/>\n<meta property=\"article:publisher\" content=\"https:\/\/www.facebook.com\/302398026438779\" \/>\n<meta property=\"article:modified_time\" content=\"2025-06-20T09:50:34+00:00\" \/>\n<meta property=\"og:image\" content=\"https:\/\/goldwing.nl\/de\/wp-content\/uploads\/sites\/3\/2025\/06\/IMG_9814.jpeg\" \/>\n\t<meta property=\"og:image:width\" content=\"1465\" \/>\n\t<meta property=\"og:image:height\" content=\"1465\" \/>\n\t<meta property=\"og:image:type\" content=\"image\/jpeg\" \/>\n<meta name=\"twitter:card\" content=\"summary_large_image\" \/>\n<script type=\"application\/ld+json\" class=\"yoast-schema-graph\">{\"@context\":\"https:\/\/schema.org\",\"@graph\":[{\"@type\":\"WebPage\",\"@id\":\"https:\/\/goldwing.nl\/de\/?post_type=product&p=28386\",\"url\":\"https:\/\/goldwing.nl\/de\/?post_type=product&p=28386\",\"name\":\"Stipt Pr\u00e4zisions-Detail-B\u00fcrsten - Goldwing.nl - DE\",\"isPartOf\":{\"@id\":\"https:\/\/goldwing.nl\/de\/#website\"},\"primaryImageOfPage\":{\"@id\":\"https:\/\/goldwing.nl\/de\/?post_type=product&p=28386#primaryimage\"},\"image\":{\"@id\":\"https:\/\/goldwing.nl\/de\/?post_type=product&p=28386#primaryimage\"},\"thumbnailUrl\":\"https:\/\/goldwing.nl\/de\/wp-content\/uploads\/sites\/3\/2025\/06\/IMG_9814.jpeg\",\"datePublished\":\"2025-06-20T09:50:31+00:00\",\"dateModified\":\"2025-06-20T09:50:34+00:00\",\"breadcrumb\":{\"@id\":\"https:\/\/goldwing.nl\/de\/?post_type=product&p=28386#breadcrumb\"},\"inLanguage\":\"de\",\"potentialAction\":[{\"@type\":\"ReadAction\",\"target\":[\"https:\/\/goldwing.nl\/de\/?post_type=product&p=28386\"]}]},{\"@type\":\"ImageObject\",\"inLanguage\":\"de\",\"@id\":\"https:\/\/goldwing.nl\/de\/?post_type=product&p=28386#primaryimage\",\"url\":\"https:\/\/goldwing.nl\/de\/wp-content\/uploads\/sites\/3\/2025\/06\/IMG_9814.jpeg\",\"contentUrl\":\"https:\/\/goldwing.nl\/de\/wp-content\/uploads\/sites\/3\/2025\/06\/IMG_9814.jpeg\",\"width\":1465,\"height\":1465},{\"@type\":\"BreadcrumbList\",\"@id\":\"https:\/\/goldwing.nl\/de\/?post_type=product&p=28386#breadcrumb\",\"itemListElement\":[{\"@type\":\"ListItem\",\"position\":1,\"name\":\"Home\",\"item\":\"https:\/\/goldwing.nl\/de\/\"},{\"@type\":\"ListItem\",\"position\":2,\"name\":\"Webshop\",\"item\":\"https:\/\/goldwing.nl\/de\/shop\/\"},{\"@type\":\"ListItem\",\"position\":3,\"name\":\"Stipt\"}]},{\"@type\":\"WebSite\",\"@id\":\"https:\/\/goldwing.nl\/de\/#website\",\"url\":\"https:\/\/goldwing.nl\/de\/\",\"name\":\"Goldwing.nl - DE\",\"description\":\"Biker&#039;s Best\",\"publisher\":{\"@id\":\"https:\/\/goldwing.nl\/de\/#organization\"},\"potentialAction\":[{\"@type\":\"SearchAction\",\"target\":{\"@type\":\"EntryPoint\",\"urlTemplate\":\"https:\/\/goldwing.nl\/de\/?s={search_term_string}\"},\"query-input\":{\"@type\":\"PropertyValueSpecification\",\"valueRequired\":true,\"valueName\":\"search_term_string\"}}],\"inLanguage\":\"de\"},{\"@type\":\"Organization\",\"@id\":\"https:\/\/goldwing.nl\/de\/#organization\",\"name\":\"Goldwing.nl - DE\",\"url\":\"https:\/\/goldwing.nl\/de\/\",\"logo\":{\"@type\":\"ImageObject\",\"inLanguage\":\"de\",\"@id\":\"https:\/\/goldwing.nl\/de\/#\/schema\/logo\/image\/\",\"url\":\"https:\/\/goldwing.nl\/de\/wp-content\/uploads\/sites\/3\/2022\/08\/BikersBest-logo.png\",\"contentUrl\":\"https:\/\/goldwing.nl\/de\/wp-content\/uploads\/sites\/3\/2022\/08\/BikersBest-logo.png\",\"width\":311,\"height\":152,\"caption\":\"Goldwing.nl - DE\"},\"image\":{\"@id\":\"https:\/\/goldwing.nl\/de\/#\/schema\/logo\/image\/\"},\"sameAs\":[\"https:\/\/www.facebook.com\/302398026438779\"]}]}<\/script>\n<!-- \/ Yoast SEO plugin. -->","yoast_head_json":{"title":"Stipt Pr\u00e4zisions-Detail-B\u00fcrsten - Goldwing.nl - DE","robots":{"index":"index","follow":"follow","max-snippet":"max-snippet:-1","max-image-preview":"max-image-preview:large","max-video-preview":"max-video-preview:-1"},"canonical":"https:\/\/goldwing.nl\/de\/?post_type=product&p=28386","og_locale":"de_DE","og_type":"article","og_title":"Stipt Pr\u00e4zisions-Detail-B\u00fcrsten - Goldwing.nl - DE","og_description":"Die extra-weiche B\u00fcrste und die Blumenspitzen eignen sich hervorragend f\u00fcr eine gute Reinigung an schwierigen Stellen. Die Blumenspitzen nehmen leicht mehr Schmutz auf, was die Reinigung beschleunigt.  Merkmale:   Bequemer, rutschfester Griff.  Leichtes und ergonomisches Design.  Die B\u00fcrste ist aus PET gefertigt, um Kratzer w\u00e4hrend der Benutzung zu vermeiden.  F\u00fcr die Innen- und Au\u00dfenreinigung geeignet.  Die Borsten der B\u00fcrste sind aus Nylon gefertigt, um Kratzer zu vermeiden.","og_url":"https:\/\/goldwing.nl\/de\/?post_type=product&p=28386","og_site_name":"Goldwing.nl - DE","article_publisher":"https:\/\/www.facebook.com\/302398026438779","article_modified_time":"2025-06-20T09:50:34+00:00","og_image":[{"width":1465,"height":1465,"url":"https:\/\/goldwing.nl\/de\/wp-content\/uploads\/sites\/3\/2025\/06\/IMG_9814.jpeg","type":"image\/jpeg"}],"twitter_card":"summary_large_image","schema":{"@context":"https:\/\/schema.org","@graph":[{"@type":"WebPage","@id":"https:\/\/goldwing.nl\/de\/?post_type=product&p=28386","url":"https:\/\/goldwing.nl\/de\/?post_type=product&p=28386","name":"Stipt Pr\u00e4zisions-Detail-B\u00fcrsten - Goldwing.nl - DE","isPartOf":{"@id":"https:\/\/goldwing.nl\/de\/#website"},"primaryImageOfPage":{"@id":"https:\/\/goldwing.nl\/de\/?post_type=product&p=28386#primaryimage"},"image":{"@id":"https:\/\/goldwing.nl\/de\/?post_type=product&p=28386#primaryimage"},"thumbnailUrl":"https:\/\/goldwing.nl\/de\/wp-content\/uploads\/sites\/3\/2025\/06\/IMG_9814.jpeg","datePublished":"2025-06-20T09:50:31+00:00","dateModified":"2025-06-20T09:50:34+00:00","breadcrumb":{"@id":"https:\/\/goldwing.nl\/de\/?post_type=product&p=28386#breadcrumb"},"inLanguage":"de","potentialAction":[{"@type":"ReadAction","target":["https:\/\/goldwing.nl\/de\/?post_type=product&p=28386"]}]},{"@type":"ImageObject","inLanguage":"de","@id":"https:\/\/goldwing.nl\/de\/?post_type=product&p=28386#primaryimage","url":"https:\/\/goldwing.nl\/de\/wp-content\/uploads\/sites\/3\/2025\/06\/IMG_9814.jpeg","contentUrl":"https:\/\/goldwing.nl\/de\/wp-content\/uploads\/sites\/3\/2025\/06\/IMG_9814.jpeg","width":1465,"height":1465},{"@type":"BreadcrumbList","@id":"https:\/\/goldwing.nl\/de\/?post_type=product&p=28386#breadcrumb","itemListElement":[{"@type":"ListItem","position":1,"name":"Home","item":"https:\/\/goldwing.nl\/de\/"},{"@type":"ListItem","position":2,"name":"Webshop","item":"https:\/\/goldwing.nl\/de\/shop\/"},{"@type":"ListItem","position":3,"name":"Stipt"}]},{"@type":"WebSite","@id":"https:\/\/goldwing.nl\/de\/#website","url":"https:\/\/goldwing.nl\/de\/","name":"Goldwing.nl - DE","description":"Biker&#039;s Best","publisher":{"@id":"https:\/\/goldwing.nl\/de\/#organization"},"potentialAction":[{"@type":"SearchAction","target":{"@type":"EntryPoint","urlTemplate":"https:\/\/goldwing.nl\/de\/?s={search_term_string}"},"query-input":{"@type":"PropertyValueSpecification","valueRequired":true,"valueName":"search_term_string"}}],"inLanguage":"de"},{"@type":"Organization","@id":"https:\/\/goldwing.nl\/de\/#organization","name":"Goldwing.nl - DE","url":"https:\/\/goldwing.nl\/de\/","logo":{"@type":"ImageObject","inLanguage":"de","@id":"https:\/\/goldwing.nl\/de\/#\/schema\/logo\/image\/","url":"https:\/\/goldwing.nl\/de\/wp-content\/uploads\/sites\/3\/2022\/08\/BikersBest-logo.png","contentUrl":"https:\/\/goldwing.nl\/de\/wp-content\/uploads\/sites\/3\/2022\/08\/BikersBest-logo.png","width":311,"height":152,"caption":"Goldwing.nl - DE"},"image":{"@id":"https:\/\/goldwing.nl\/de\/#\/schema\/logo\/image\/"},"sameAs":["https:\/\/www.facebook.com\/302398026438779"]}]}},"_links":{"self":[{"href":"https:\/\/goldwing.nl\/de\/wp-json\/wp\/v2\/product\/28386"}],"collection":[{"href":"https:\/\/goldwing.nl\/de\/wp-json\/wp\/v2\/product"}],"about":[{"href":"https:\/\/goldwing.nl\/de\/wp-json\/wp\/v2\/types\/product"}],"wp:featuredmedia":[{"embeddable":true,"href":"https:\/\/goldwing.nl\/de\/wp-json\/wp\/v2\/media\/28387"}],"wp:attachment":[{"href":"https:\/\/goldwing.nl\/de\/wp-json\/wp\/v2\/media?parent=28386"}],"wp:term":[{"taxonomy":"product_cat","embeddable":true,"href":"https:\/\/goldwing.nl\/de\/wp-json\/wp\/v2\/product_cat?post=28386"},{"taxonomy":"product_tag","embeddable":true,"href":"https:\/\/goldwing.nl\/de\/wp-json\/wp\/v2\/product_tag?post=28386"}],"curies":[{"name":"wp","href":"https:\/\/api.w.org\/{rel}","templated":true}]}}