{"id":28296,"date":"2025-06-13T12:29:38","date_gmt":"2025-06-13T12:29:38","guid":{"rendered":"https:\/\/goldwing.nl\/de\/shop\/niet-gecategoriseerd\/wurth-multi-spray\/"},"modified":"2025-06-13T12:29:41","modified_gmt":"2025-06-13T12:29:41","slug":"wurth-multi-spray","status":"publish","type":"product","link":"https:\/\/goldwing.nl\/de\/shop\/wartung-reparatur\/oel-fett-bremsfluessigkeit-und-reinigungsmittel\/wurth-multi-spray\/","title":{"rendered":"Wurth multi spray"},"content":{"rendered":"","protected":false},"excerpt":{"rendered":"<p>Hochwertiges Mehrzweckspray mit Multifunktionsd\u00fcse f\u00fcr den universellen Einsatz<\/p>\n<p>Universelle Anwendung und Schutz<\/p>\n<p>Vielseitiges, synthetisches Hochleistungs-Mehrzweckspray<br \/>\nStoppt Quietschen und Knarren und schmiert alles, was klebt und klemmt<br \/>\nReinigt und sch\u00fctzt Kunststoff- und Metallteile, z.B. Verkleidungen und Geh\u00e4use<br \/>\nSchmiert Verschl\u00fcsse, Scharniere, Buchsen, Ketten, T\u00fcrschl\u00f6sser<br \/>\nMultifunktionsd\u00fcse f\u00fcr ein breites Anwendungsspektrum<\/p>\n<p>Umfassender Schutz<\/p>\n<ul>\n<li>L\u00f6st verrostete Metallteile<\/li>\n<li>Korrosionsschutz f\u00fcr Metall- und Elektrobaugruppen<\/li>\n<li>Hervorragende Schmiereigenschaften durch Bornitrid-Zusatz<\/li>\n<li>Verhindert das Einfrieren von Schlie\u00dfzylindern und Schl\u00f6ssern<\/li>\n<li>Verdr\u00e4ngt Wasser zum Schutz vor Feuchtigkeit<\/li>\n<li>Hervorragende Kriecheigenschaften f\u00fcr den Einsatz als Rostl\u00f6ser und Kontaktspray<\/li>\n<\/ul>\n<p>Vertr\u00e4glich mit den meisten Materialien<\/p>\n<ul>\n<li>Durchdringt und verdr\u00e4ngt Feuchtigkeit in elektrischen und elektronischen Bauteilen<\/li>\n<li>Greift Gummi, Lacke und Kunststoffe nicht an<\/li>\n<li>Best\u00e4ndig gegen hohe Temperaturen<\/li>\n<li>Langanhaltende Schmierung \u00fcber einen weiten Temperaturbereich dank Bornitrid<\/li>\n<li>Bei abnehmender \u00d6lschmierung \u00fcber 180 \u00b0C \u00fcbernimmt Bornitrid die Schmierung bis 1000 \u00b0C (Trockenschmierung)<\/li>\n<\/ul>\n","protected":false},"featured_media":28297,"template":"","meta":{"_acf_changed":false},"product_cat":[462],"product_tag":[],"class_list":["post-28296","product","type-product","status-publish","has-post-thumbnail","hentry","product_cat-oel-fett-bremsfluessigkeit-und-reinigungsmittel","product_shipping_class-pakket-artikel","","woocommerce-text-align-center","woocommerce-image-align-center","do-quantity-buttons"],"acf":[],"yoast_head":"<!-- This site is optimized with the Yoast SEO plugin v25.6 - https:\/\/yoast.com\/wordpress\/plugins\/seo\/ -->\n<title>Wurth multi spray - Goldwing.nl - DE<\/title>\n<meta name=\"robots\" content=\"index, follow, max-snippet:-1, max-image-preview:large, max-video-preview:-1\" \/>\n<link rel=\"canonical\" href=\"https:\/\/goldwing.nl\/de\/shop\/wartung-reparatur\/oel-fett-bremsfluessigkeit-und-reinigungsmittel\/wurth-multi-spray\/\" \/>\n<meta property=\"og:locale\" content=\"de_DE\" \/>\n<meta property=\"og:type\" content=\"article\" \/>\n<meta property=\"og:title\" content=\"Wurth multi spray - Goldwing.nl - DE\" \/>\n<meta property=\"og:description\" content=\"Hochwertiges Mehrzweckspray mit Multifunktionsd\u00fcse f\u00fcr den universellen Einsatz  Universelle Anwendung und Schutz  Vielseitiges, synthetisches Hochleistungs-Mehrzweckspray Stoppt Quietschen und Knarren und schmiert alles, was klebt und klemmt Reinigt und sch\u00fctzt Kunststoff- und Metallteile, z.B. Verkleidungen und Geh\u00e4use Schmiert Verschl\u00fcsse, Scharniere, Buchsen, Ketten, T\u00fcrschl\u00f6sser Multifunktionsd\u00fcse f\u00fcr ein breites Anwendungsspektrum  Umfassender Schutz   L\u00f6st verrostete Metallteile  Korrosionsschutz f\u00fcr Metall- und Elektrobaugruppen  Hervorragende Schmiereigenschaften durch Bornitrid-Zusatz  Verhindert das Einfrieren von Schlie\u00dfzylindern und Schl\u00f6ssern  Verdr\u00e4ngt Wasser zum Schutz vor Feuchtigkeit  Hervorragende Kriecheigenschaften f\u00fcr den Einsatz als Rostl\u00f6ser und Kontaktspray  Vertr\u00e4glich mit den meisten Materialien   Durchdringt und verdr\u00e4ngt Feuchtigkeit in elektrischen und elektronischen Bauteilen  Greift Gummi, Lacke und Kunststoffe nicht an  Best\u00e4ndig gegen hohe Temperaturen  Langanhaltende Schmierung \u00fcber einen weiten Temperaturbereich dank Bornitrid  Bei abnehmender \u00d6lschmierung \u00fcber 180 \u00b0C \u00fcbernimmt Bornitrid die Schmierung bis 1000 \u00b0C (Trockenschmierung)\" \/>\n<meta property=\"og:url\" content=\"https:\/\/goldwing.nl\/de\/shop\/wartung-reparatur\/oel-fett-bremsfluessigkeit-und-reinigungsmittel\/wurth-multi-spray\/\" \/>\n<meta property=\"og:site_name\" content=\"Goldwing.nl - DE\" \/>\n<meta property=\"article:publisher\" content=\"https:\/\/www.facebook.com\/302398026438779\" \/>\n<meta property=\"article:modified_time\" content=\"2025-06-13T12:29:41+00:00\" \/>\n<meta property=\"og:image\" content=\"https:\/\/goldwing.nl\/de\/wp-content\/uploads\/sites\/3\/2025\/06\/0740b.jpg\" \/>\n\t<meta property=\"og:image:width\" content=\"1600\" \/>\n\t<meta property=\"og:image:height\" content=\"1600\" \/>\n\t<meta property=\"og:image:type\" content=\"image\/jpeg\" \/>\n<meta name=\"twitter:card\" content=\"summary_large_image\" \/>\n<script type=\"application\/ld+json\" class=\"yoast-schema-graph\">{\"@context\":\"https:\/\/schema.org\",\"@graph\":[{\"@type\":\"WebPage\",\"@id\":\"https:\/\/goldwing.nl\/de\/shop\/wartung-reparatur\/oel-fett-bremsfluessigkeit-und-reinigungsmittel\/wurth-multi-spray\/\",\"url\":\"https:\/\/goldwing.nl\/de\/shop\/wartung-reparatur\/oel-fett-bremsfluessigkeit-und-reinigungsmittel\/wurth-multi-spray\/\",\"name\":\"Wurth multi spray - Goldwing.nl - DE\",\"isPartOf\":{\"@id\":\"https:\/\/goldwing.nl\/de\/#website\"},\"primaryImageOfPage\":{\"@id\":\"https:\/\/goldwing.nl\/de\/shop\/wartung-reparatur\/oel-fett-bremsfluessigkeit-und-reinigungsmittel\/wurth-multi-spray\/#primaryimage\"},\"image\":{\"@id\":\"https:\/\/goldwing.nl\/de\/shop\/wartung-reparatur\/oel-fett-bremsfluessigkeit-und-reinigungsmittel\/wurth-multi-spray\/#primaryimage\"},\"thumbnailUrl\":\"https:\/\/goldwing.nl\/de\/wp-content\/uploads\/sites\/3\/2025\/06\/0740b.jpg\",\"datePublished\":\"2025-06-13T12:29:38+00:00\",\"dateModified\":\"2025-06-13T12:29:41+00:00\",\"breadcrumb\":{\"@id\":\"https:\/\/goldwing.nl\/de\/shop\/wartung-reparatur\/oel-fett-bremsfluessigkeit-und-reinigungsmittel\/wurth-multi-spray\/#breadcrumb\"},\"inLanguage\":\"de\",\"potentialAction\":[{\"@type\":\"ReadAction\",\"target\":[\"https:\/\/goldwing.nl\/de\/shop\/wartung-reparatur\/oel-fett-bremsfluessigkeit-und-reinigungsmittel\/wurth-multi-spray\/\"]}]},{\"@type\":\"ImageObject\",\"inLanguage\":\"de\",\"@id\":\"https:\/\/goldwing.nl\/de\/shop\/wartung-reparatur\/oel-fett-bremsfluessigkeit-und-reinigungsmittel\/wurth-multi-spray\/#primaryimage\",\"url\":\"https:\/\/goldwing.nl\/de\/wp-content\/uploads\/sites\/3\/2025\/06\/0740b.jpg\",\"contentUrl\":\"https:\/\/goldwing.nl\/de\/wp-content\/uploads\/sites\/3\/2025\/06\/0740b.jpg\",\"width\":1600,\"height\":1600},{\"@type\":\"BreadcrumbList\",\"@id\":\"https:\/\/goldwing.nl\/de\/shop\/wartung-reparatur\/oel-fett-bremsfluessigkeit-und-reinigungsmittel\/wurth-multi-spray\/#breadcrumb\",\"itemListElement\":[{\"@type\":\"ListItem\",\"position\":1,\"name\":\"Home\",\"item\":\"https:\/\/goldwing.nl\/de\/\"},{\"@type\":\"ListItem\",\"position\":2,\"name\":\"Webshop\",\"item\":\"https:\/\/goldwing.nl\/de\/shop\/\"},{\"@type\":\"ListItem\",\"position\":3,\"name\":\"Wurth multi spray\"}]},{\"@type\":\"WebSite\",\"@id\":\"https:\/\/goldwing.nl\/de\/#website\",\"url\":\"https:\/\/goldwing.nl\/de\/\",\"name\":\"Goldwing.nl - DE\",\"description\":\"Biker&#039;s Best\",\"publisher\":{\"@id\":\"https:\/\/goldwing.nl\/de\/#organization\"},\"potentialAction\":[{\"@type\":\"SearchAction\",\"target\":{\"@type\":\"EntryPoint\",\"urlTemplate\":\"https:\/\/goldwing.nl\/de\/?s={search_term_string}\"},\"query-input\":{\"@type\":\"PropertyValueSpecification\",\"valueRequired\":true,\"valueName\":\"search_term_string\"}}],\"inLanguage\":\"de\"},{\"@type\":\"Organization\",\"@id\":\"https:\/\/goldwing.nl\/de\/#organization\",\"name\":\"Goldwing.nl - DE\",\"url\":\"https:\/\/goldwing.nl\/de\/\",\"logo\":{\"@type\":\"ImageObject\",\"inLanguage\":\"de\",\"@id\":\"https:\/\/goldwing.nl\/de\/#\/schema\/logo\/image\/\",\"url\":\"https:\/\/goldwing.nl\/de\/wp-content\/uploads\/sites\/3\/2022\/08\/BikersBest-logo.png\",\"contentUrl\":\"https:\/\/goldwing.nl\/de\/wp-content\/uploads\/sites\/3\/2022\/08\/BikersBest-logo.png\",\"width\":311,\"height\":152,\"caption\":\"Goldwing.nl - DE\"},\"image\":{\"@id\":\"https:\/\/goldwing.nl\/de\/#\/schema\/logo\/image\/\"},\"sameAs\":[\"https:\/\/www.facebook.com\/302398026438779\"]}]}<\/script>\n<!-- \/ Yoast SEO plugin. -->","yoast_head_json":{"title":"Wurth multi spray - Goldwing.nl - DE","robots":{"index":"index","follow":"follow","max-snippet":"max-snippet:-1","max-image-preview":"max-image-preview:large","max-video-preview":"max-video-preview:-1"},"canonical":"https:\/\/goldwing.nl\/de\/shop\/wartung-reparatur\/oel-fett-bremsfluessigkeit-und-reinigungsmittel\/wurth-multi-spray\/","og_locale":"de_DE","og_type":"article","og_title":"Wurth multi spray - Goldwing.nl - DE","og_description":"Hochwertiges Mehrzweckspray mit Multifunktionsd\u00fcse f\u00fcr den universellen Einsatz  Universelle Anwendung und Schutz  Vielseitiges, synthetisches Hochleistungs-Mehrzweckspray Stoppt Quietschen und Knarren und schmiert alles, was klebt und klemmt Reinigt und sch\u00fctzt Kunststoff- und Metallteile, z.B. Verkleidungen und Geh\u00e4use Schmiert Verschl\u00fcsse, Scharniere, Buchsen, Ketten, T\u00fcrschl\u00f6sser Multifunktionsd\u00fcse f\u00fcr ein breites Anwendungsspektrum  Umfassender Schutz   L\u00f6st verrostete Metallteile  Korrosionsschutz f\u00fcr Metall- und Elektrobaugruppen  Hervorragende Schmiereigenschaften durch Bornitrid-Zusatz  Verhindert das Einfrieren von Schlie\u00dfzylindern und Schl\u00f6ssern  Verdr\u00e4ngt Wasser zum Schutz vor Feuchtigkeit  Hervorragende Kriecheigenschaften f\u00fcr den Einsatz als Rostl\u00f6ser und Kontaktspray  Vertr\u00e4glich mit den meisten Materialien   Durchdringt und verdr\u00e4ngt Feuchtigkeit in elektrischen und elektronischen Bauteilen  Greift Gummi, Lacke und Kunststoffe nicht an  Best\u00e4ndig gegen hohe Temperaturen  Langanhaltende Schmierung \u00fcber einen weiten Temperaturbereich dank Bornitrid  Bei abnehmender \u00d6lschmierung \u00fcber 180 \u00b0C \u00fcbernimmt Bornitrid die Schmierung bis 1000 \u00b0C (Trockenschmierung)","og_url":"https:\/\/goldwing.nl\/de\/shop\/wartung-reparatur\/oel-fett-bremsfluessigkeit-und-reinigungsmittel\/wurth-multi-spray\/","og_site_name":"Goldwing.nl - DE","article_publisher":"https:\/\/www.facebook.com\/302398026438779","article_modified_time":"2025-06-13T12:29:41+00:00","og_image":[{"width":1600,"height":1600,"url":"https:\/\/goldwing.nl\/de\/wp-content\/uploads\/sites\/3\/2025\/06\/0740b.jpg","type":"image\/jpeg"}],"twitter_card":"summary_large_image","schema":{"@context":"https:\/\/schema.org","@graph":[{"@type":"WebPage","@id":"https:\/\/goldwing.nl\/de\/shop\/wartung-reparatur\/oel-fett-bremsfluessigkeit-und-reinigungsmittel\/wurth-multi-spray\/","url":"https:\/\/goldwing.nl\/de\/shop\/wartung-reparatur\/oel-fett-bremsfluessigkeit-und-reinigungsmittel\/wurth-multi-spray\/","name":"Wurth multi spray - Goldwing.nl - DE","isPartOf":{"@id":"https:\/\/goldwing.nl\/de\/#website"},"primaryImageOfPage":{"@id":"https:\/\/goldwing.nl\/de\/shop\/wartung-reparatur\/oel-fett-bremsfluessigkeit-und-reinigungsmittel\/wurth-multi-spray\/#primaryimage"},"image":{"@id":"https:\/\/goldwing.nl\/de\/shop\/wartung-reparatur\/oel-fett-bremsfluessigkeit-und-reinigungsmittel\/wurth-multi-spray\/#primaryimage"},"thumbnailUrl":"https:\/\/goldwing.nl\/de\/wp-content\/uploads\/sites\/3\/2025\/06\/0740b.jpg","datePublished":"2025-06-13T12:29:38+00:00","dateModified":"2025-06-13T12:29:41+00:00","breadcrumb":{"@id":"https:\/\/goldwing.nl\/de\/shop\/wartung-reparatur\/oel-fett-bremsfluessigkeit-und-reinigungsmittel\/wurth-multi-spray\/#breadcrumb"},"inLanguage":"de","potentialAction":[{"@type":"ReadAction","target":["https:\/\/goldwing.nl\/de\/shop\/wartung-reparatur\/oel-fett-bremsfluessigkeit-und-reinigungsmittel\/wurth-multi-spray\/"]}]},{"@type":"ImageObject","inLanguage":"de","@id":"https:\/\/goldwing.nl\/de\/shop\/wartung-reparatur\/oel-fett-bremsfluessigkeit-und-reinigungsmittel\/wurth-multi-spray\/#primaryimage","url":"https:\/\/goldwing.nl\/de\/wp-content\/uploads\/sites\/3\/2025\/06\/0740b.jpg","contentUrl":"https:\/\/goldwing.nl\/de\/wp-content\/uploads\/sites\/3\/2025\/06\/0740b.jpg","width":1600,"height":1600},{"@type":"BreadcrumbList","@id":"https:\/\/goldwing.nl\/de\/shop\/wartung-reparatur\/oel-fett-bremsfluessigkeit-und-reinigungsmittel\/wurth-multi-spray\/#breadcrumb","itemListElement":[{"@type":"ListItem","position":1,"name":"Home","item":"https:\/\/goldwing.nl\/de\/"},{"@type":"ListItem","position":2,"name":"Webshop","item":"https:\/\/goldwing.nl\/de\/shop\/"},{"@type":"ListItem","position":3,"name":"Wurth multi spray"}]},{"@type":"WebSite","@id":"https:\/\/goldwing.nl\/de\/#website","url":"https:\/\/goldwing.nl\/de\/","name":"Goldwing.nl - DE","description":"Biker&#039;s Best","publisher":{"@id":"https:\/\/goldwing.nl\/de\/#organization"},"potentialAction":[{"@type":"SearchAction","target":{"@type":"EntryPoint","urlTemplate":"https:\/\/goldwing.nl\/de\/?s={search_term_string}"},"query-input":{"@type":"PropertyValueSpecification","valueRequired":true,"valueName":"search_term_string"}}],"inLanguage":"de"},{"@type":"Organization","@id":"https:\/\/goldwing.nl\/de\/#organization","name":"Goldwing.nl - DE","url":"https:\/\/goldwing.nl\/de\/","logo":{"@type":"ImageObject","inLanguage":"de","@id":"https:\/\/goldwing.nl\/de\/#\/schema\/logo\/image\/","url":"https:\/\/goldwing.nl\/de\/wp-content\/uploads\/sites\/3\/2022\/08\/BikersBest-logo.png","contentUrl":"https:\/\/goldwing.nl\/de\/wp-content\/uploads\/sites\/3\/2022\/08\/BikersBest-logo.png","width":311,"height":152,"caption":"Goldwing.nl - DE"},"image":{"@id":"https:\/\/goldwing.nl\/de\/#\/schema\/logo\/image\/"},"sameAs":["https:\/\/www.facebook.com\/302398026438779"]}]}},"_links":{"self":[{"href":"https:\/\/goldwing.nl\/de\/wp-json\/wp\/v2\/product\/28296"}],"collection":[{"href":"https:\/\/goldwing.nl\/de\/wp-json\/wp\/v2\/product"}],"about":[{"href":"https:\/\/goldwing.nl\/de\/wp-json\/wp\/v2\/types\/product"}],"wp:featuredmedia":[{"embeddable":true,"href":"https:\/\/goldwing.nl\/de\/wp-json\/wp\/v2\/media\/28297"}],"wp:attachment":[{"href":"https:\/\/goldwing.nl\/de\/wp-json\/wp\/v2\/media?parent=28296"}],"wp:term":[{"taxonomy":"product_cat","embeddable":true,"href":"https:\/\/goldwing.nl\/de\/wp-json\/wp\/v2\/product_cat?post=28296"},{"taxonomy":"product_tag","embeddable":true,"href":"https:\/\/goldwing.nl\/de\/wp-json\/wp\/v2\/product_tag?post=28296"}],"curies":[{"name":"wp","href":"https:\/\/api.w.org\/{rel}","templated":true}]}}