{"id":28269,"date":"2025-06-20T08:38:44","date_gmt":"2025-06-20T08:38:44","guid":{"rendered":"https:\/\/goldwing.nl\/de\/?post_type=product&#038;p=28269"},"modified":"2025-06-20T08:38:49","modified_gmt":"2025-06-20T08:38:49","slug":"stipt-keramik-beschichtung-500ml","status":"publish","type":"product","link":"https:\/\/goldwing.nl\/de\/shop\/wartung-reparatur\/oel-fett-bremsfluessigkeit-und-reinigungsmittel\/stipt-keramik-beschichtung-500ml\/","title":{"rendered":"Stipt Keramik Beschichtung 500ml."},"content":{"rendered":"","protected":false},"excerpt":{"rendered":"<p>Die Stipt-Keramikbeschichtung ist die L\u00f6sung, wenn Sie einen leicht aufzutragenden Schutz suchen, der dennoch maximale Ergebnisse erzielt! Die Stipt-Keramikbeschichtung bietet:<\/p>\n<ul>\n<li>Ein extrem wasserabweisendes Fahrzeug<\/li>\n<li>Verbesserte Farbe<\/li>\n<li>Tiefenglanz<\/li>\n<li>Geeignet f\u00fcr:<\/li>\n<li>Lack<\/li>\n<li>Fenster<\/li>\n<li>Gummis<\/li>\n<li>Kunststoff<\/li>\n<li>3+ Monate Schutz gegen:<\/li>\n<li>UV-Strahlen<\/li>\n<li>Vogelkot<\/li>\n<li>Schmutz<\/li>\n<li>esch\u00e4digungen<\/li>\n<li><strong>*ACHTUNG* &#8211; kann nach Kontakt mit Scheibenwaschfl\u00fcssigkeit Tr\u00fcbungen verursachen! (wenn f\u00fcr Autos verwendet)<\/strong><\/li>\n<\/ul>\n","protected":false},"featured_media":28400,"template":"","meta":{"_acf_changed":false},"product_cat":[462,557],"product_tag":[],"class_list":["post-28269","product","type-product","status-publish","has-post-thumbnail","hentry","product_cat-oel-fett-bremsfluessigkeit-und-reinigungsmittel","product_cat-wasch-und-reinigungsmittel","product_shipping_class-pakket-artikel","","woocommerce-text-align-center","woocommerce-image-align-center","do-quantity-buttons"],"acf":[],"yoast_head":"<!-- This site is optimized with the Yoast SEO plugin v25.6 - https:\/\/yoast.com\/wordpress\/plugins\/seo\/ -->\n<title>Stipt Keramik Beschichtung 500ml. - Goldwing.nl - DE<\/title>\n<meta name=\"robots\" content=\"index, follow, max-snippet:-1, max-image-preview:large, max-video-preview:-1\" \/>\n<link rel=\"canonical\" href=\"https:\/\/goldwing.nl\/de\/?post_type=product&p=28269\" \/>\n<meta property=\"og:locale\" content=\"de_DE\" \/>\n<meta property=\"og:type\" content=\"article\" \/>\n<meta property=\"og:title\" content=\"Stipt Keramik Beschichtung 500ml. - Goldwing.nl - DE\" \/>\n<meta property=\"og:description\" content=\"Die Stipt-Keramikbeschichtung ist die L\u00f6sung, wenn Sie einen leicht aufzutragenden Schutz suchen, der dennoch maximale Ergebnisse erzielt! Die Stipt-Keramikbeschichtung bietet:   Ein extrem wasserabweisendes Fahrzeug  Verbesserte Farbe  Tiefenglanz  Geeignet f\u00fcr:  Lack  Fenster  Gummis  Kunststoff  3+ Monate Schutz gegen:  UV-Strahlen  Vogelkot  Schmutz  esch\u00e4digungen  *ACHTUNG* - kann nach Kontakt mit Scheibenwaschfl\u00fcssigkeit Tr\u00fcbungen verursachen! (wenn f\u00fcr Autos verwendet)\" \/>\n<meta property=\"og:url\" content=\"https:\/\/goldwing.nl\/de\/?post_type=product&amp;p=28269\" \/>\n<meta property=\"og:site_name\" content=\"Goldwing.nl - DE\" \/>\n<meta property=\"article:publisher\" content=\"https:\/\/www.facebook.com\/302398026438779\" \/>\n<meta property=\"article:modified_time\" content=\"2025-06-20T08:38:49+00:00\" \/>\n<meta property=\"og:image\" content=\"https:\/\/goldwing.nl\/de\/wp-content\/uploads\/sites\/3\/2025\/06\/IMG_9602.jpeg?_t=1749751485\" \/>\n\t<meta property=\"og:image:width\" content=\"548\" \/>\n\t<meta property=\"og:image:height\" content=\"550\" \/>\n\t<meta property=\"og:image:type\" content=\"image\/jpeg\" \/>\n<meta name=\"twitter:card\" content=\"summary_large_image\" \/>\n<script type=\"application\/ld+json\" class=\"yoast-schema-graph\">{\"@context\":\"https:\/\/schema.org\",\"@graph\":[{\"@type\":\"WebPage\",\"@id\":\"https:\/\/goldwing.nl\/de\/?post_type=product&p=28269\",\"url\":\"https:\/\/goldwing.nl\/de\/?post_type=product&p=28269\",\"name\":\"Stipt Keramik Beschichtung 500ml. - Goldwing.nl - DE\",\"isPartOf\":{\"@id\":\"https:\/\/goldwing.nl\/de\/#website\"},\"primaryImageOfPage\":{\"@id\":\"https:\/\/goldwing.nl\/de\/?post_type=product&p=28269#primaryimage\"},\"image\":{\"@id\":\"https:\/\/goldwing.nl\/de\/?post_type=product&p=28269#primaryimage\"},\"thumbnailUrl\":\"https:\/\/goldwing.nl\/de\/wp-content\/uploads\/sites\/3\/2025\/06\/stipt097.jpg\",\"datePublished\":\"2025-06-20T08:38:44+00:00\",\"dateModified\":\"2025-06-20T08:38:49+00:00\",\"breadcrumb\":{\"@id\":\"https:\/\/goldwing.nl\/de\/?post_type=product&p=28269#breadcrumb\"},\"inLanguage\":\"de\",\"potentialAction\":[{\"@type\":\"ReadAction\",\"target\":[\"https:\/\/goldwing.nl\/de\/?post_type=product&p=28269\"]}]},{\"@type\":\"ImageObject\",\"inLanguage\":\"de\",\"@id\":\"https:\/\/goldwing.nl\/de\/?post_type=product&p=28269#primaryimage\",\"url\":\"https:\/\/goldwing.nl\/de\/wp-content\/uploads\/sites\/3\/2025\/06\/stipt097.jpg\",\"contentUrl\":\"https:\/\/goldwing.nl\/de\/wp-content\/uploads\/sites\/3\/2025\/06\/stipt097.jpg\",\"width\":1600,\"height\":1600},{\"@type\":\"BreadcrumbList\",\"@id\":\"https:\/\/goldwing.nl\/de\/?post_type=product&p=28269#breadcrumb\",\"itemListElement\":[{\"@type\":\"ListItem\",\"position\":1,\"name\":\"Home\",\"item\":\"https:\/\/goldwing.nl\/de\/\"},{\"@type\":\"ListItem\",\"position\":2,\"name\":\"Webshop\",\"item\":\"https:\/\/goldwing.nl\/de\/shop\/\"},{\"@type\":\"ListItem\",\"position\":3,\"name\":\"Stipt Keramik Beschichtung 500ml.\"}]},{\"@type\":\"WebSite\",\"@id\":\"https:\/\/goldwing.nl\/de\/#website\",\"url\":\"https:\/\/goldwing.nl\/de\/\",\"name\":\"Goldwing.nl - DE\",\"description\":\"Biker&#039;s Best\",\"publisher\":{\"@id\":\"https:\/\/goldwing.nl\/de\/#organization\"},\"potentialAction\":[{\"@type\":\"SearchAction\",\"target\":{\"@type\":\"EntryPoint\",\"urlTemplate\":\"https:\/\/goldwing.nl\/de\/?s={search_term_string}\"},\"query-input\":{\"@type\":\"PropertyValueSpecification\",\"valueRequired\":true,\"valueName\":\"search_term_string\"}}],\"inLanguage\":\"de\"},{\"@type\":\"Organization\",\"@id\":\"https:\/\/goldwing.nl\/de\/#organization\",\"name\":\"Goldwing.nl - DE\",\"url\":\"https:\/\/goldwing.nl\/de\/\",\"logo\":{\"@type\":\"ImageObject\",\"inLanguage\":\"de\",\"@id\":\"https:\/\/goldwing.nl\/de\/#\/schema\/logo\/image\/\",\"url\":\"https:\/\/goldwing.nl\/de\/wp-content\/uploads\/sites\/3\/2022\/08\/BikersBest-logo.png\",\"contentUrl\":\"https:\/\/goldwing.nl\/de\/wp-content\/uploads\/sites\/3\/2022\/08\/BikersBest-logo.png\",\"width\":311,\"height\":152,\"caption\":\"Goldwing.nl - DE\"},\"image\":{\"@id\":\"https:\/\/goldwing.nl\/de\/#\/schema\/logo\/image\/\"},\"sameAs\":[\"https:\/\/www.facebook.com\/302398026438779\"]}]}<\/script>\n<!-- \/ Yoast SEO plugin. -->","yoast_head_json":{"title":"Stipt Keramik Beschichtung 500ml. - Goldwing.nl - DE","robots":{"index":"index","follow":"follow","max-snippet":"max-snippet:-1","max-image-preview":"max-image-preview:large","max-video-preview":"max-video-preview:-1"},"canonical":"https:\/\/goldwing.nl\/de\/?post_type=product&p=28269","og_locale":"de_DE","og_type":"article","og_title":"Stipt Keramik Beschichtung 500ml. - Goldwing.nl - DE","og_description":"Die Stipt-Keramikbeschichtung ist die L\u00f6sung, wenn Sie einen leicht aufzutragenden Schutz suchen, der dennoch maximale Ergebnisse erzielt! Die Stipt-Keramikbeschichtung bietet:   Ein extrem wasserabweisendes Fahrzeug  Verbesserte Farbe  Tiefenglanz  Geeignet f\u00fcr:  Lack  Fenster  Gummis  Kunststoff  3+ Monate Schutz gegen:  UV-Strahlen  Vogelkot  Schmutz  esch\u00e4digungen  *ACHTUNG* - kann nach Kontakt mit Scheibenwaschfl\u00fcssigkeit Tr\u00fcbungen verursachen! (wenn f\u00fcr Autos verwendet)","og_url":"https:\/\/goldwing.nl\/de\/?post_type=product&p=28269","og_site_name":"Goldwing.nl - DE","article_publisher":"https:\/\/www.facebook.com\/302398026438779","article_modified_time":"2025-06-20T08:38:49+00:00","og_image":[{"width":548,"height":550,"url":"https:\/\/goldwing.nl\/de\/wp-content\/uploads\/sites\/3\/2025\/06\/IMG_9602.jpeg?_t=1749751485","type":"image\/jpeg"}],"twitter_card":"summary_large_image","schema":{"@context":"https:\/\/schema.org","@graph":[{"@type":"WebPage","@id":"https:\/\/goldwing.nl\/de\/?post_type=product&p=28269","url":"https:\/\/goldwing.nl\/de\/?post_type=product&p=28269","name":"Stipt Keramik Beschichtung 500ml. - Goldwing.nl - DE","isPartOf":{"@id":"https:\/\/goldwing.nl\/de\/#website"},"primaryImageOfPage":{"@id":"https:\/\/goldwing.nl\/de\/?post_type=product&p=28269#primaryimage"},"image":{"@id":"https:\/\/goldwing.nl\/de\/?post_type=product&p=28269#primaryimage"},"thumbnailUrl":"https:\/\/goldwing.nl\/de\/wp-content\/uploads\/sites\/3\/2025\/06\/stipt097.jpg","datePublished":"2025-06-20T08:38:44+00:00","dateModified":"2025-06-20T08:38:49+00:00","breadcrumb":{"@id":"https:\/\/goldwing.nl\/de\/?post_type=product&p=28269#breadcrumb"},"inLanguage":"de","potentialAction":[{"@type":"ReadAction","target":["https:\/\/goldwing.nl\/de\/?post_type=product&p=28269"]}]},{"@type":"ImageObject","inLanguage":"de","@id":"https:\/\/goldwing.nl\/de\/?post_type=product&p=28269#primaryimage","url":"https:\/\/goldwing.nl\/de\/wp-content\/uploads\/sites\/3\/2025\/06\/stipt097.jpg","contentUrl":"https:\/\/goldwing.nl\/de\/wp-content\/uploads\/sites\/3\/2025\/06\/stipt097.jpg","width":1600,"height":1600},{"@type":"BreadcrumbList","@id":"https:\/\/goldwing.nl\/de\/?post_type=product&p=28269#breadcrumb","itemListElement":[{"@type":"ListItem","position":1,"name":"Home","item":"https:\/\/goldwing.nl\/de\/"},{"@type":"ListItem","position":2,"name":"Webshop","item":"https:\/\/goldwing.nl\/de\/shop\/"},{"@type":"ListItem","position":3,"name":"Stipt Keramik Beschichtung 500ml."}]},{"@type":"WebSite","@id":"https:\/\/goldwing.nl\/de\/#website","url":"https:\/\/goldwing.nl\/de\/","name":"Goldwing.nl - DE","description":"Biker&#039;s Best","publisher":{"@id":"https:\/\/goldwing.nl\/de\/#organization"},"potentialAction":[{"@type":"SearchAction","target":{"@type":"EntryPoint","urlTemplate":"https:\/\/goldwing.nl\/de\/?s={search_term_string}"},"query-input":{"@type":"PropertyValueSpecification","valueRequired":true,"valueName":"search_term_string"}}],"inLanguage":"de"},{"@type":"Organization","@id":"https:\/\/goldwing.nl\/de\/#organization","name":"Goldwing.nl - DE","url":"https:\/\/goldwing.nl\/de\/","logo":{"@type":"ImageObject","inLanguage":"de","@id":"https:\/\/goldwing.nl\/de\/#\/schema\/logo\/image\/","url":"https:\/\/goldwing.nl\/de\/wp-content\/uploads\/sites\/3\/2022\/08\/BikersBest-logo.png","contentUrl":"https:\/\/goldwing.nl\/de\/wp-content\/uploads\/sites\/3\/2022\/08\/BikersBest-logo.png","width":311,"height":152,"caption":"Goldwing.nl - DE"},"image":{"@id":"https:\/\/goldwing.nl\/de\/#\/schema\/logo\/image\/"},"sameAs":["https:\/\/www.facebook.com\/302398026438779"]}]}},"_links":{"self":[{"href":"https:\/\/goldwing.nl\/de\/wp-json\/wp\/v2\/product\/28269"}],"collection":[{"href":"https:\/\/goldwing.nl\/de\/wp-json\/wp\/v2\/product"}],"about":[{"href":"https:\/\/goldwing.nl\/de\/wp-json\/wp\/v2\/types\/product"}],"wp:featuredmedia":[{"embeddable":true,"href":"https:\/\/goldwing.nl\/de\/wp-json\/wp\/v2\/media\/28400"}],"wp:attachment":[{"href":"https:\/\/goldwing.nl\/de\/wp-json\/wp\/v2\/media?parent=28269"}],"wp:term":[{"taxonomy":"product_cat","embeddable":true,"href":"https:\/\/goldwing.nl\/de\/wp-json\/wp\/v2\/product_cat?post=28269"},{"taxonomy":"product_tag","embeddable":true,"href":"https:\/\/goldwing.nl\/de\/wp-json\/wp\/v2\/product_tag?post=28269"}],"curies":[{"name":"wp","href":"https:\/\/api.w.org\/{rel}","templated":true}]}}