{"id":28268,"date":"2025-06-20T08:51:25","date_gmt":"2025-06-20T08:51:25","guid":{"rendered":"https:\/\/goldwing.nl\/de\/?post_type=product&#038;p=28268"},"modified":"2025-06-20T10:04:51","modified_gmt":"2025-06-20T10:04:51","slug":"stipt-wipe-clean-500ml-waschen-ohne-wasser","status":"publish","type":"product","link":"https:\/\/goldwing.nl\/de\/shop\/wartung-reparatur\/oel-fett-bremsfluessigkeit-und-reinigungsmittel\/stipt-wipe-clean-500ml-waschen-ohne-wasser\/","title":{"rendered":"Stipt wipe &amp; clean 500ml. waschen ohne Wasser"},"content":{"rendered":"","protected":false},"excerpt":{"rendered":"<p>Das Stipt Wipe &amp; Clean bietet eine effektive Reinigung Ihres Fahrzeugs ohne den Einsatz von Wasser. So k\u00f6nnen Sie Ihr Fahrzeug auch dort reinigen, wo Wasser nicht ohne Weiteres zur Verf\u00fcgung steht, z. B. in der Garage oder auf dem Parkplatz.<\/p>\n<p>Dieser Reiniger enth\u00e4lt eine starke Mischung, die den Schmutz l\u00f6st und die Poren der Oberfl\u00e4che f\u00fcllt. So l\u00e4sst sich der Schmutz leicht abwischen und sorgt f\u00fcr eine gr\u00fcndliche Reinigung ohne Wasser.<\/p>\n<p>Nach der Reinigung bleiben die Poren der Oberfl\u00e4che gef\u00fcllt und bilden eine Schutzschicht, die Schmutz, Wasser und Fett abweist. So ist Ihr Auto langfristig vor \u00e4u\u00dferen Einfl\u00fcssen gesch\u00fctzt.<\/p>\n<p>Das Stipt Wipe &amp; Clean ist f\u00fcr verschiedene Oberfl\u00e4chen Ihres Autos geeignet, darunter Lacke, Felgen, Reifen und Glaswaren, sowohl innen als auch au\u00dfen. Das macht es zu einer vielseitigen L\u00f6sung f\u00fcr die Reinigung verschiedener Teile Ihres Fahrzeugs.<\/p>\n<p>Stipt Wipe &amp; Clean ist das Produkt, mit dem Sie Ihr Auto ohne Wasser reinigen k\u00f6nnen!<\/p>\n<p>Eine kraftvolle Mischung l\u00f6st den Schmutz und f\u00fcllt die Poren, wonach er leicht abgewischt werden kann.<\/p>\n<p>Die Poren bleiben nach der Reinigung gef\u00fcllt und bilden eine Schutzschicht, die Schmutz, Wasser und Fett abweist.<\/p>\n<ul>\n<li>Gebrauchsanweisung:<\/li>\n<li>Die zu behandelnde Oberfl\u00e4che mit Stipt Wipe &amp; Clean einspr\u00fchen.<\/li>\n<li>Anschlie\u00dfend die Oberfl\u00e4che mit dem Stipt Wax Towel oder Stipt Multi Cloth polieren.<\/li>\n<li>Waschen Sie Ihr Auto \u00fcberall<\/li>\n<li>Kein Wasser erforderlich; waschen Sie ohne Wasser<\/li>\n<li>Ein Fahrzeug mit viel Schlamm, Sand oder extremer Verschmutzung kann durch die Behandlung trotzdem zerkratzt werden!<\/li>\n<li>Vor Gebrauch sch\u00fctteln<\/li>\n<\/ul>\n<p>&nbsp;<\/p>\n<p>&nbsp;<\/p>\n","protected":false},"featured_media":28406,"template":"","meta":{"_acf_changed":false},"product_cat":[462,557],"product_tag":[],"class_list":["post-28268","product","type-product","status-publish","has-post-thumbnail","hentry","product_cat-oel-fett-bremsfluessigkeit-und-reinigungsmittel","product_cat-wasch-und-reinigungsmittel","product_shipping_class-pakket-artikel","","woocommerce-text-align-center","woocommerce-image-align-center","do-quantity-buttons"],"acf":[],"yoast_head":"<!-- This site is optimized with the Yoast SEO plugin v25.6 - https:\/\/yoast.com\/wordpress\/plugins\/seo\/ -->\n<title>Stipt wipe &amp; clean 500ml. waschen ohne Wasser - Goldwing.nl - DE<\/title>\n<meta name=\"robots\" content=\"index, follow, max-snippet:-1, max-image-preview:large, max-video-preview:-1\" \/>\n<link rel=\"canonical\" href=\"https:\/\/goldwing.nl\/de\/?post_type=product&p=28268\" \/>\n<meta property=\"og:locale\" content=\"de_DE\" \/>\n<meta property=\"og:type\" content=\"article\" \/>\n<meta property=\"og:title\" content=\"Stipt wipe &amp; clean 500ml. waschen ohne Wasser - Goldwing.nl - DE\" \/>\n<meta property=\"og:description\" content=\"Das Stipt Wipe &amp; Clean bietet eine effektive Reinigung Ihres Fahrzeugs ohne den Einsatz von Wasser. So k\u00f6nnen Sie Ihr Fahrzeug auch dort reinigen, wo Wasser nicht ohne Weiteres zur Verf\u00fcgung steht, z. B. in der Garage oder auf dem Parkplatz.  Dieser Reiniger enth\u00e4lt eine starke Mischung, die den Schmutz l\u00f6st und die Poren der Oberfl\u00e4che f\u00fcllt. So l\u00e4sst sich der Schmutz leicht abwischen und sorgt f\u00fcr eine gr\u00fcndliche Reinigung ohne Wasser.  Nach der Reinigung bleiben die Poren der Oberfl\u00e4che gef\u00fcllt und bilden eine Schutzschicht, die Schmutz, Wasser und Fett abweist. So ist Ihr Auto langfristig vor \u00e4u\u00dferen Einfl\u00fcssen gesch\u00fctzt.  Das Stipt Wipe &amp; Clean ist f\u00fcr verschiedene Oberfl\u00e4chen Ihres Autos geeignet, darunter Lacke, Felgen, Reifen und Glaswaren, sowohl innen als auch au\u00dfen. Das macht es zu einer vielseitigen L\u00f6sung f\u00fcr die Reinigung verschiedener Teile Ihres Fahrzeugs.  Stipt Wipe &amp; Clean ist das Produkt, mit dem Sie Ihr Auto ohne Wasser reinigen k\u00f6nnen!  Eine kraftvolle Mischung l\u00f6st den Schmutz und f\u00fcllt die Poren, wonach er leicht abgewischt werden kann.  Die Poren bleiben nach der Reinigung gef\u00fcllt und bilden eine Schutzschicht, die Schmutz, Wasser und Fett abweist.   Gebrauchsanweisung:  Die zu behandelnde Oberfl\u00e4che mit Stipt Wipe &amp; Clean einspr\u00fchen.  Anschlie\u00dfend die Oberfl\u00e4che mit dem Stipt Wax Towel oder Stipt Multi Cloth polieren.  Waschen Sie Ihr Auto \u00fcberall  Kein Wasser erforderlich; waschen Sie ohne Wasser  Ein Fahrzeug mit viel Schlamm, Sand oder extremer Verschmutzung kann durch die Behandlung trotzdem zerkratzt werden!  Vor Gebrauch sch\u00fctteln  &nbsp;  &nbsp;\" \/>\n<meta property=\"og:url\" content=\"https:\/\/goldwing.nl\/de\/?post_type=product&amp;p=28268\" \/>\n<meta property=\"og:site_name\" content=\"Goldwing.nl - DE\" \/>\n<meta property=\"article:publisher\" content=\"https:\/\/www.facebook.com\/302398026438779\" \/>\n<meta property=\"article:modified_time\" content=\"2025-06-20T10:04:51+00:00\" \/>\n<meta property=\"og:image\" content=\"https:\/\/goldwing.nl\/de\/wp-content\/uploads\/sites\/3\/2025\/06\/IMG_9602.jpeg?_t=1749751485\" \/>\n\t<meta property=\"og:image:width\" content=\"548\" \/>\n\t<meta property=\"og:image:height\" content=\"550\" \/>\n\t<meta property=\"og:image:type\" content=\"image\/jpeg\" \/>\n<meta name=\"twitter:card\" content=\"summary_large_image\" \/>\n<script type=\"application\/ld+json\" class=\"yoast-schema-graph\">{\"@context\":\"https:\/\/schema.org\",\"@graph\":[{\"@type\":\"WebPage\",\"@id\":\"https:\/\/goldwing.nl\/de\/?post_type=product&p=28268\",\"url\":\"https:\/\/goldwing.nl\/de\/?post_type=product&p=28268\",\"name\":\"Stipt wipe &amp; clean 500ml. waschen ohne Wasser - Goldwing.nl - DE\",\"isPartOf\":{\"@id\":\"https:\/\/goldwing.nl\/de\/#website\"},\"primaryImageOfPage\":{\"@id\":\"https:\/\/goldwing.nl\/de\/?post_type=product&p=28268#primaryimage\"},\"image\":{\"@id\":\"https:\/\/goldwing.nl\/de\/?post_type=product&p=28268#primaryimage\"},\"thumbnailUrl\":\"https:\/\/goldwing.nl\/de\/wp-content\/uploads\/sites\/3\/2025\/06\/stipt077.jpg\",\"datePublished\":\"2025-06-20T08:51:25+00:00\",\"dateModified\":\"2025-06-20T10:04:51+00:00\",\"breadcrumb\":{\"@id\":\"https:\/\/goldwing.nl\/de\/?post_type=product&p=28268#breadcrumb\"},\"inLanguage\":\"de\",\"potentialAction\":[{\"@type\":\"ReadAction\",\"target\":[\"https:\/\/goldwing.nl\/de\/?post_type=product&p=28268\"]}]},{\"@type\":\"ImageObject\",\"inLanguage\":\"de\",\"@id\":\"https:\/\/goldwing.nl\/de\/?post_type=product&p=28268#primaryimage\",\"url\":\"https:\/\/goldwing.nl\/de\/wp-content\/uploads\/sites\/3\/2025\/06\/stipt077.jpg\",\"contentUrl\":\"https:\/\/goldwing.nl\/de\/wp-content\/uploads\/sites\/3\/2025\/06\/stipt077.jpg\",\"width\":1600,\"height\":1600},{\"@type\":\"BreadcrumbList\",\"@id\":\"https:\/\/goldwing.nl\/de\/?post_type=product&p=28268#breadcrumb\",\"itemListElement\":[{\"@type\":\"ListItem\",\"position\":1,\"name\":\"Home\",\"item\":\"https:\/\/goldwing.nl\/de\/\"},{\"@type\":\"ListItem\",\"position\":2,\"name\":\"Webshop\",\"item\":\"https:\/\/goldwing.nl\/de\/shop\/\"},{\"@type\":\"ListItem\",\"position\":3,\"name\":\"Stipt wipe &amp; clean 500ml. waschen ohne Wasser\"}]},{\"@type\":\"WebSite\",\"@id\":\"https:\/\/goldwing.nl\/de\/#website\",\"url\":\"https:\/\/goldwing.nl\/de\/\",\"name\":\"Goldwing.nl - DE\",\"description\":\"Biker&#039;s Best\",\"publisher\":{\"@id\":\"https:\/\/goldwing.nl\/de\/#organization\"},\"potentialAction\":[{\"@type\":\"SearchAction\",\"target\":{\"@type\":\"EntryPoint\",\"urlTemplate\":\"https:\/\/goldwing.nl\/de\/?s={search_term_string}\"},\"query-input\":{\"@type\":\"PropertyValueSpecification\",\"valueRequired\":true,\"valueName\":\"search_term_string\"}}],\"inLanguage\":\"de\"},{\"@type\":\"Organization\",\"@id\":\"https:\/\/goldwing.nl\/de\/#organization\",\"name\":\"Goldwing.nl - DE\",\"url\":\"https:\/\/goldwing.nl\/de\/\",\"logo\":{\"@type\":\"ImageObject\",\"inLanguage\":\"de\",\"@id\":\"https:\/\/goldwing.nl\/de\/#\/schema\/logo\/image\/\",\"url\":\"https:\/\/goldwing.nl\/de\/wp-content\/uploads\/sites\/3\/2022\/08\/BikersBest-logo.png\",\"contentUrl\":\"https:\/\/goldwing.nl\/de\/wp-content\/uploads\/sites\/3\/2022\/08\/BikersBest-logo.png\",\"width\":311,\"height\":152,\"caption\":\"Goldwing.nl - DE\"},\"image\":{\"@id\":\"https:\/\/goldwing.nl\/de\/#\/schema\/logo\/image\/\"},\"sameAs\":[\"https:\/\/www.facebook.com\/302398026438779\"]}]}<\/script>\n<!-- \/ Yoast SEO plugin. -->","yoast_head_json":{"title":"Stipt wipe &amp; clean 500ml. waschen ohne Wasser - Goldwing.nl - DE","robots":{"index":"index","follow":"follow","max-snippet":"max-snippet:-1","max-image-preview":"max-image-preview:large","max-video-preview":"max-video-preview:-1"},"canonical":"https:\/\/goldwing.nl\/de\/?post_type=product&p=28268","og_locale":"de_DE","og_type":"article","og_title":"Stipt wipe &amp; clean 500ml. waschen ohne Wasser - Goldwing.nl - DE","og_description":"Das Stipt Wipe &amp; Clean bietet eine effektive Reinigung Ihres Fahrzeugs ohne den Einsatz von Wasser. So k\u00f6nnen Sie Ihr Fahrzeug auch dort reinigen, wo Wasser nicht ohne Weiteres zur Verf\u00fcgung steht, z. B. in der Garage oder auf dem Parkplatz.  Dieser Reiniger enth\u00e4lt eine starke Mischung, die den Schmutz l\u00f6st und die Poren der Oberfl\u00e4che f\u00fcllt. So l\u00e4sst sich der Schmutz leicht abwischen und sorgt f\u00fcr eine gr\u00fcndliche Reinigung ohne Wasser.  Nach der Reinigung bleiben die Poren der Oberfl\u00e4che gef\u00fcllt und bilden eine Schutzschicht, die Schmutz, Wasser und Fett abweist. So ist Ihr Auto langfristig vor \u00e4u\u00dferen Einfl\u00fcssen gesch\u00fctzt.  Das Stipt Wipe &amp; Clean ist f\u00fcr verschiedene Oberfl\u00e4chen Ihres Autos geeignet, darunter Lacke, Felgen, Reifen und Glaswaren, sowohl innen als auch au\u00dfen. Das macht es zu einer vielseitigen L\u00f6sung f\u00fcr die Reinigung verschiedener Teile Ihres Fahrzeugs.  Stipt Wipe &amp; Clean ist das Produkt, mit dem Sie Ihr Auto ohne Wasser reinigen k\u00f6nnen!  Eine kraftvolle Mischung l\u00f6st den Schmutz und f\u00fcllt die Poren, wonach er leicht abgewischt werden kann.  Die Poren bleiben nach der Reinigung gef\u00fcllt und bilden eine Schutzschicht, die Schmutz, Wasser und Fett abweist.   Gebrauchsanweisung:  Die zu behandelnde Oberfl\u00e4che mit Stipt Wipe &amp; Clean einspr\u00fchen.  Anschlie\u00dfend die Oberfl\u00e4che mit dem Stipt Wax Towel oder Stipt Multi Cloth polieren.  Waschen Sie Ihr Auto \u00fcberall  Kein Wasser erforderlich; waschen Sie ohne Wasser  Ein Fahrzeug mit viel Schlamm, Sand oder extremer Verschmutzung kann durch die Behandlung trotzdem zerkratzt werden!  Vor Gebrauch sch\u00fctteln  &nbsp;  &nbsp;","og_url":"https:\/\/goldwing.nl\/de\/?post_type=product&p=28268","og_site_name":"Goldwing.nl - DE","article_publisher":"https:\/\/www.facebook.com\/302398026438779","article_modified_time":"2025-06-20T10:04:51+00:00","og_image":[{"width":548,"height":550,"url":"https:\/\/goldwing.nl\/de\/wp-content\/uploads\/sites\/3\/2025\/06\/IMG_9602.jpeg?_t=1749751485","type":"image\/jpeg"}],"twitter_card":"summary_large_image","schema":{"@context":"https:\/\/schema.org","@graph":[{"@type":"WebPage","@id":"https:\/\/goldwing.nl\/de\/?post_type=product&p=28268","url":"https:\/\/goldwing.nl\/de\/?post_type=product&p=28268","name":"Stipt wipe &amp; clean 500ml. waschen ohne Wasser - Goldwing.nl - DE","isPartOf":{"@id":"https:\/\/goldwing.nl\/de\/#website"},"primaryImageOfPage":{"@id":"https:\/\/goldwing.nl\/de\/?post_type=product&p=28268#primaryimage"},"image":{"@id":"https:\/\/goldwing.nl\/de\/?post_type=product&p=28268#primaryimage"},"thumbnailUrl":"https:\/\/goldwing.nl\/de\/wp-content\/uploads\/sites\/3\/2025\/06\/stipt077.jpg","datePublished":"2025-06-20T08:51:25+00:00","dateModified":"2025-06-20T10:04:51+00:00","breadcrumb":{"@id":"https:\/\/goldwing.nl\/de\/?post_type=product&p=28268#breadcrumb"},"inLanguage":"de","potentialAction":[{"@type":"ReadAction","target":["https:\/\/goldwing.nl\/de\/?post_type=product&p=28268"]}]},{"@type":"ImageObject","inLanguage":"de","@id":"https:\/\/goldwing.nl\/de\/?post_type=product&p=28268#primaryimage","url":"https:\/\/goldwing.nl\/de\/wp-content\/uploads\/sites\/3\/2025\/06\/stipt077.jpg","contentUrl":"https:\/\/goldwing.nl\/de\/wp-content\/uploads\/sites\/3\/2025\/06\/stipt077.jpg","width":1600,"height":1600},{"@type":"BreadcrumbList","@id":"https:\/\/goldwing.nl\/de\/?post_type=product&p=28268#breadcrumb","itemListElement":[{"@type":"ListItem","position":1,"name":"Home","item":"https:\/\/goldwing.nl\/de\/"},{"@type":"ListItem","position":2,"name":"Webshop","item":"https:\/\/goldwing.nl\/de\/shop\/"},{"@type":"ListItem","position":3,"name":"Stipt wipe &amp; clean 500ml. waschen ohne Wasser"}]},{"@type":"WebSite","@id":"https:\/\/goldwing.nl\/de\/#website","url":"https:\/\/goldwing.nl\/de\/","name":"Goldwing.nl - DE","description":"Biker&#039;s Best","publisher":{"@id":"https:\/\/goldwing.nl\/de\/#organization"},"potentialAction":[{"@type":"SearchAction","target":{"@type":"EntryPoint","urlTemplate":"https:\/\/goldwing.nl\/de\/?s={search_term_string}"},"query-input":{"@type":"PropertyValueSpecification","valueRequired":true,"valueName":"search_term_string"}}],"inLanguage":"de"},{"@type":"Organization","@id":"https:\/\/goldwing.nl\/de\/#organization","name":"Goldwing.nl - DE","url":"https:\/\/goldwing.nl\/de\/","logo":{"@type":"ImageObject","inLanguage":"de","@id":"https:\/\/goldwing.nl\/de\/#\/schema\/logo\/image\/","url":"https:\/\/goldwing.nl\/de\/wp-content\/uploads\/sites\/3\/2022\/08\/BikersBest-logo.png","contentUrl":"https:\/\/goldwing.nl\/de\/wp-content\/uploads\/sites\/3\/2022\/08\/BikersBest-logo.png","width":311,"height":152,"caption":"Goldwing.nl - DE"},"image":{"@id":"https:\/\/goldwing.nl\/de\/#\/schema\/logo\/image\/"},"sameAs":["https:\/\/www.facebook.com\/302398026438779"]}]}},"_links":{"self":[{"href":"https:\/\/goldwing.nl\/de\/wp-json\/wp\/v2\/product\/28268"}],"collection":[{"href":"https:\/\/goldwing.nl\/de\/wp-json\/wp\/v2\/product"}],"about":[{"href":"https:\/\/goldwing.nl\/de\/wp-json\/wp\/v2\/types\/product"}],"wp:featuredmedia":[{"embeddable":true,"href":"https:\/\/goldwing.nl\/de\/wp-json\/wp\/v2\/media\/28406"}],"wp:attachment":[{"href":"https:\/\/goldwing.nl\/de\/wp-json\/wp\/v2\/media?parent=28268"}],"wp:term":[{"taxonomy":"product_cat","embeddable":true,"href":"https:\/\/goldwing.nl\/de\/wp-json\/wp\/v2\/product_cat?post=28268"},{"taxonomy":"product_tag","embeddable":true,"href":"https:\/\/goldwing.nl\/de\/wp-json\/wp\/v2\/product_tag?post=28268"}],"curies":[{"name":"wp","href":"https:\/\/api.w.org\/{rel}","templated":true}]}}