{"id":28265,"date":"2025-06-20T08:41:58","date_gmt":"2025-06-20T08:41:58","guid":{"rendered":"https:\/\/goldwing.nl\/de\/?post_type=product&#038;p=28265"},"modified":"2025-06-20T08:42:01","modified_gmt":"2025-06-20T08:42:01","slug":"stipt-echt-wirksamer-reiniger-500ml","status":"publish","type":"product","link":"https:\/\/goldwing.nl\/de\/shop\/wartung-reparatur\/oel-fett-bremsfluessigkeit-und-reinigungsmittel\/stipt-echt-wirksamer-reiniger-500ml\/","title":{"rendered":"Stipt echt wirksamer Reiniger 500ml."},"content":{"rendered":"","protected":false},"excerpt":{"rendered":"<p>Stipt Real Effective Cleaner ist ein leistungsstarker alkalischer Reiniger f\u00fcr Motorr\u00e4ume, Radk\u00e4sten, Felgen und den Boden Ihres Autos. Entfernt sehr schnell und effektiv hartn\u00e4ckigen Schmutz, Fett, Wachs, Bremsstaub und Verschmutzungen aller Art.<\/p>\n<p>ANWENDUNGSWEISE:<\/p>\n<ul>\n<li>Spr\u00fchen Sie das Produkt auf die verschmutzte Oberfl\u00e4che und lassen Sie es bis zu f\u00fcnf Minuten einwirken.<\/li>\n<li>Bearbeiten Sie die Felgen mit der Stipt Exterior Detail Brush, der Stipt Wheel Brush, dem Stipt Wheel Towel, den Stipt Precision Brushes und\/oder dem Stipt Wash Sponge und sp\u00fclen Sie die Oberfl\u00e4che sauber.<\/li>\n<li>Bearbeiten Sie den Motorraum und\/oder die Unterseite Ihres Fahrzeugs mit der Stipt-Au\u00dfenreinigungsb\u00fcrste und\/oder den Stipt-Detailb\u00fcrsten und sp\u00fclen Sie die Oberfl\u00e4che sauber.<\/li>\n<li>Der Stipt Real Effective Cleaner ist f\u00fcr Leichtmetallfelgen geeignet.<\/li>\n<li>Der kraftvolle alkalische Reiniger ist f\u00fcr Motorraum, Radk\u00e4sten, Felgen und den Bodenbereich geeignet.<\/li>\n<li>Entfernt schnell und effektiv hartn\u00e4ckigen Schmutz, Fett, Wachs, Bremsstaub und Verunreinigungen.<\/li>\n<\/ul>\n<p>&nbsp;<\/p>\n<p>&nbsp;<\/p>\n<ul>\n<li>Nicht geeignet f\u00fcr polierte, beschichtete, lackierte und verchromte Felgen.<\/li>\n<li>Kann bei unsachgem\u00e4\u00dfer Anwendung schwere Verbrennungen und Augensch\u00e4den verursachen.<\/li>\n<li>Staub\/Rauch\/Gas\/Nebel\/Dampf\/Aerosol nicht einatmen.<\/li>\n<li>Nach der Arbeit mit diesem Produkt die Oberfl\u00e4che gr\u00fcndlich waschen.<\/li>\n<li>Wir empfehlen das Tragen von Schutzkleidung, Handschuhen, Mundschutz, Gesichtsschutz und Augenschutz.<\/li>\n<li>Die Fl\u00fcssigkeit ist nicht zum Verschlucken geeignet.<\/li>\n<li>Bei Ber\u00fchrung mit den Augen sofort einige Minuten lang aussp\u00fclen. Falls erforderlich, Kontaktlinsen herausnehmen und weiter sp\u00fclen.<\/li>\n<li>Bei Ber\u00fchrung mit der Haut<\/li>\n<\/ul>\n","protected":false},"featured_media":28402,"template":"","meta":{"_acf_changed":false},"product_cat":[462,557],"product_tag":[],"class_list":["post-28265","product","type-product","status-publish","has-post-thumbnail","hentry","product_cat-oel-fett-bremsfluessigkeit-und-reinigungsmittel","product_cat-wasch-und-reinigungsmittel","product_shipping_class-pakket-artikel","","woocommerce-text-align-center","woocommerce-image-align-center","do-quantity-buttons"],"acf":[],"yoast_head":"<!-- This site is optimized with the Yoast SEO plugin v25.6 - https:\/\/yoast.com\/wordpress\/plugins\/seo\/ -->\n<title>Stipt echt wirksamer Reiniger 500ml. - Goldwing.nl - DE<\/title>\n<meta name=\"robots\" content=\"index, follow, max-snippet:-1, max-image-preview:large, max-video-preview:-1\" \/>\n<link rel=\"canonical\" href=\"https:\/\/goldwing.nl\/de\/?post_type=product&p=28265\" \/>\n<meta property=\"og:locale\" content=\"de_DE\" \/>\n<meta property=\"og:type\" content=\"article\" \/>\n<meta property=\"og:title\" content=\"Stipt echt wirksamer Reiniger 500ml. - Goldwing.nl - DE\" \/>\n<meta property=\"og:description\" content=\"Stipt Real Effective Cleaner ist ein leistungsstarker alkalischer Reiniger f\u00fcr Motorr\u00e4ume, Radk\u00e4sten, Felgen und den Boden Ihres Autos. Entfernt sehr schnell und effektiv hartn\u00e4ckigen Schmutz, Fett, Wachs, Bremsstaub und Verschmutzungen aller Art.  ANWENDUNGSWEISE:   Spr\u00fchen Sie das Produkt auf die verschmutzte Oberfl\u00e4che und lassen Sie es bis zu f\u00fcnf Minuten einwirken.  Bearbeiten Sie die Felgen mit der Stipt Exterior Detail Brush, der Stipt Wheel Brush, dem Stipt Wheel Towel, den Stipt Precision Brushes und\/oder dem Stipt Wash Sponge und sp\u00fclen Sie die Oberfl\u00e4che sauber.  Bearbeiten Sie den Motorraum und\/oder die Unterseite Ihres Fahrzeugs mit der Stipt-Au\u00dfenreinigungsb\u00fcrste und\/oder den Stipt-Detailb\u00fcrsten und sp\u00fclen Sie die Oberfl\u00e4che sauber.  Der Stipt Real Effective Cleaner ist f\u00fcr Leichtmetallfelgen geeignet.  Der kraftvolle alkalische Reiniger ist f\u00fcr Motorraum, Radk\u00e4sten, Felgen und den Bodenbereich geeignet.  Entfernt schnell und effektiv hartn\u00e4ckigen Schmutz, Fett, Wachs, Bremsstaub und Verunreinigungen.  &nbsp;  &nbsp;   Nicht geeignet f\u00fcr polierte, beschichtete, lackierte und verchromte Felgen.  Kann bei unsachgem\u00e4\u00dfer Anwendung schwere Verbrennungen und Augensch\u00e4den verursachen.  Staub\/Rauch\/Gas\/Nebel\/Dampf\/Aerosol nicht einatmen.  Nach der Arbeit mit diesem Produkt die Oberfl\u00e4che gr\u00fcndlich waschen.  Wir empfehlen das Tragen von Schutzkleidung, Handschuhen, Mundschutz, Gesichtsschutz und Augenschutz.  Die Fl\u00fcssigkeit ist nicht zum Verschlucken geeignet.  Bei Ber\u00fchrung mit den Augen sofort einige Minuten lang aussp\u00fclen. Falls erforderlich, Kontaktlinsen herausnehmen und weiter sp\u00fclen.  Bei Ber\u00fchrung mit der Haut\" \/>\n<meta property=\"og:url\" content=\"https:\/\/goldwing.nl\/de\/?post_type=product&amp;p=28265\" \/>\n<meta property=\"og:site_name\" content=\"Goldwing.nl - DE\" \/>\n<meta property=\"article:publisher\" content=\"https:\/\/www.facebook.com\/302398026438779\" \/>\n<meta property=\"article:modified_time\" content=\"2025-06-20T08:42:01+00:00\" \/>\n<meta property=\"og:image\" content=\"https:\/\/goldwing.nl\/de\/wp-content\/uploads\/sites\/3\/2025\/06\/IMG_9602.jpeg?_t=1749751485\" \/>\n\t<meta property=\"og:image:width\" content=\"548\" \/>\n\t<meta property=\"og:image:height\" content=\"550\" \/>\n\t<meta property=\"og:image:type\" content=\"image\/jpeg\" \/>\n<meta name=\"twitter:card\" content=\"summary_large_image\" \/>\n<script type=\"application\/ld+json\" class=\"yoast-schema-graph\">{\"@context\":\"https:\/\/schema.org\",\"@graph\":[{\"@type\":\"WebPage\",\"@id\":\"https:\/\/goldwing.nl\/de\/?post_type=product&p=28265\",\"url\":\"https:\/\/goldwing.nl\/de\/?post_type=product&p=28265\",\"name\":\"Stipt echt wirksamer Reiniger 500ml. - Goldwing.nl - DE\",\"isPartOf\":{\"@id\":\"https:\/\/goldwing.nl\/de\/#website\"},\"primaryImageOfPage\":{\"@id\":\"https:\/\/goldwing.nl\/de\/?post_type=product&p=28265#primaryimage\"},\"image\":{\"@id\":\"https:\/\/goldwing.nl\/de\/?post_type=product&p=28265#primaryimage\"},\"thumbnailUrl\":\"https:\/\/goldwing.nl\/de\/wp-content\/uploads\/sites\/3\/2025\/06\/stipt009.jpg\",\"datePublished\":\"2025-06-20T08:41:58+00:00\",\"dateModified\":\"2025-06-20T08:42:01+00:00\",\"breadcrumb\":{\"@id\":\"https:\/\/goldwing.nl\/de\/?post_type=product&p=28265#breadcrumb\"},\"inLanguage\":\"de\",\"potentialAction\":[{\"@type\":\"ReadAction\",\"target\":[\"https:\/\/goldwing.nl\/de\/?post_type=product&p=28265\"]}]},{\"@type\":\"ImageObject\",\"inLanguage\":\"de\",\"@id\":\"https:\/\/goldwing.nl\/de\/?post_type=product&p=28265#primaryimage\",\"url\":\"https:\/\/goldwing.nl\/de\/wp-content\/uploads\/sites\/3\/2025\/06\/stipt009.jpg\",\"contentUrl\":\"https:\/\/goldwing.nl\/de\/wp-content\/uploads\/sites\/3\/2025\/06\/stipt009.jpg\",\"width\":1600,\"height\":1600},{\"@type\":\"BreadcrumbList\",\"@id\":\"https:\/\/goldwing.nl\/de\/?post_type=product&p=28265#breadcrumb\",\"itemListElement\":[{\"@type\":\"ListItem\",\"position\":1,\"name\":\"Home\",\"item\":\"https:\/\/goldwing.nl\/de\/\"},{\"@type\":\"ListItem\",\"position\":2,\"name\":\"Webshop\",\"item\":\"https:\/\/goldwing.nl\/de\/shop\/\"},{\"@type\":\"ListItem\",\"position\":3,\"name\":\"Stipt echt wirksamer Reiniger 500ml.\"}]},{\"@type\":\"WebSite\",\"@id\":\"https:\/\/goldwing.nl\/de\/#website\",\"url\":\"https:\/\/goldwing.nl\/de\/\",\"name\":\"Goldwing.nl - DE\",\"description\":\"Biker&#039;s Best\",\"publisher\":{\"@id\":\"https:\/\/goldwing.nl\/de\/#organization\"},\"potentialAction\":[{\"@type\":\"SearchAction\",\"target\":{\"@type\":\"EntryPoint\",\"urlTemplate\":\"https:\/\/goldwing.nl\/de\/?s={search_term_string}\"},\"query-input\":{\"@type\":\"PropertyValueSpecification\",\"valueRequired\":true,\"valueName\":\"search_term_string\"}}],\"inLanguage\":\"de\"},{\"@type\":\"Organization\",\"@id\":\"https:\/\/goldwing.nl\/de\/#organization\",\"name\":\"Goldwing.nl - DE\",\"url\":\"https:\/\/goldwing.nl\/de\/\",\"logo\":{\"@type\":\"ImageObject\",\"inLanguage\":\"de\",\"@id\":\"https:\/\/goldwing.nl\/de\/#\/schema\/logo\/image\/\",\"url\":\"https:\/\/goldwing.nl\/de\/wp-content\/uploads\/sites\/3\/2022\/08\/BikersBest-logo.png\",\"contentUrl\":\"https:\/\/goldwing.nl\/de\/wp-content\/uploads\/sites\/3\/2022\/08\/BikersBest-logo.png\",\"width\":311,\"height\":152,\"caption\":\"Goldwing.nl - DE\"},\"image\":{\"@id\":\"https:\/\/goldwing.nl\/de\/#\/schema\/logo\/image\/\"},\"sameAs\":[\"https:\/\/www.facebook.com\/302398026438779\"]}]}<\/script>\n<!-- \/ Yoast SEO plugin. -->","yoast_head_json":{"title":"Stipt echt wirksamer Reiniger 500ml. - Goldwing.nl - DE","robots":{"index":"index","follow":"follow","max-snippet":"max-snippet:-1","max-image-preview":"max-image-preview:large","max-video-preview":"max-video-preview:-1"},"canonical":"https:\/\/goldwing.nl\/de\/?post_type=product&p=28265","og_locale":"de_DE","og_type":"article","og_title":"Stipt echt wirksamer Reiniger 500ml. - Goldwing.nl - DE","og_description":"Stipt Real Effective Cleaner ist ein leistungsstarker alkalischer Reiniger f\u00fcr Motorr\u00e4ume, Radk\u00e4sten, Felgen und den Boden Ihres Autos. Entfernt sehr schnell und effektiv hartn\u00e4ckigen Schmutz, Fett, Wachs, Bremsstaub und Verschmutzungen aller Art.  ANWENDUNGSWEISE:   Spr\u00fchen Sie das Produkt auf die verschmutzte Oberfl\u00e4che und lassen Sie es bis zu f\u00fcnf Minuten einwirken.  Bearbeiten Sie die Felgen mit der Stipt Exterior Detail Brush, der Stipt Wheel Brush, dem Stipt Wheel Towel, den Stipt Precision Brushes und\/oder dem Stipt Wash Sponge und sp\u00fclen Sie die Oberfl\u00e4che sauber.  Bearbeiten Sie den Motorraum und\/oder die Unterseite Ihres Fahrzeugs mit der Stipt-Au\u00dfenreinigungsb\u00fcrste und\/oder den Stipt-Detailb\u00fcrsten und sp\u00fclen Sie die Oberfl\u00e4che sauber.  Der Stipt Real Effective Cleaner ist f\u00fcr Leichtmetallfelgen geeignet.  Der kraftvolle alkalische Reiniger ist f\u00fcr Motorraum, Radk\u00e4sten, Felgen und den Bodenbereich geeignet.  Entfernt schnell und effektiv hartn\u00e4ckigen Schmutz, Fett, Wachs, Bremsstaub und Verunreinigungen.  &nbsp;  &nbsp;   Nicht geeignet f\u00fcr polierte, beschichtete, lackierte und verchromte Felgen.  Kann bei unsachgem\u00e4\u00dfer Anwendung schwere Verbrennungen und Augensch\u00e4den verursachen.  Staub\/Rauch\/Gas\/Nebel\/Dampf\/Aerosol nicht einatmen.  Nach der Arbeit mit diesem Produkt die Oberfl\u00e4che gr\u00fcndlich waschen.  Wir empfehlen das Tragen von Schutzkleidung, Handschuhen, Mundschutz, Gesichtsschutz und Augenschutz.  Die Fl\u00fcssigkeit ist nicht zum Verschlucken geeignet.  Bei Ber\u00fchrung mit den Augen sofort einige Minuten lang aussp\u00fclen. Falls erforderlich, Kontaktlinsen herausnehmen und weiter sp\u00fclen.  Bei Ber\u00fchrung mit der Haut","og_url":"https:\/\/goldwing.nl\/de\/?post_type=product&p=28265","og_site_name":"Goldwing.nl - DE","article_publisher":"https:\/\/www.facebook.com\/302398026438779","article_modified_time":"2025-06-20T08:42:01+00:00","og_image":[{"width":548,"height":550,"url":"https:\/\/goldwing.nl\/de\/wp-content\/uploads\/sites\/3\/2025\/06\/IMG_9602.jpeg?_t=1749751485","type":"image\/jpeg"}],"twitter_card":"summary_large_image","schema":{"@context":"https:\/\/schema.org","@graph":[{"@type":"WebPage","@id":"https:\/\/goldwing.nl\/de\/?post_type=product&p=28265","url":"https:\/\/goldwing.nl\/de\/?post_type=product&p=28265","name":"Stipt echt wirksamer Reiniger 500ml. - Goldwing.nl - DE","isPartOf":{"@id":"https:\/\/goldwing.nl\/de\/#website"},"primaryImageOfPage":{"@id":"https:\/\/goldwing.nl\/de\/?post_type=product&p=28265#primaryimage"},"image":{"@id":"https:\/\/goldwing.nl\/de\/?post_type=product&p=28265#primaryimage"},"thumbnailUrl":"https:\/\/goldwing.nl\/de\/wp-content\/uploads\/sites\/3\/2025\/06\/stipt009.jpg","datePublished":"2025-06-20T08:41:58+00:00","dateModified":"2025-06-20T08:42:01+00:00","breadcrumb":{"@id":"https:\/\/goldwing.nl\/de\/?post_type=product&p=28265#breadcrumb"},"inLanguage":"de","potentialAction":[{"@type":"ReadAction","target":["https:\/\/goldwing.nl\/de\/?post_type=product&p=28265"]}]},{"@type":"ImageObject","inLanguage":"de","@id":"https:\/\/goldwing.nl\/de\/?post_type=product&p=28265#primaryimage","url":"https:\/\/goldwing.nl\/de\/wp-content\/uploads\/sites\/3\/2025\/06\/stipt009.jpg","contentUrl":"https:\/\/goldwing.nl\/de\/wp-content\/uploads\/sites\/3\/2025\/06\/stipt009.jpg","width":1600,"height":1600},{"@type":"BreadcrumbList","@id":"https:\/\/goldwing.nl\/de\/?post_type=product&p=28265#breadcrumb","itemListElement":[{"@type":"ListItem","position":1,"name":"Home","item":"https:\/\/goldwing.nl\/de\/"},{"@type":"ListItem","position":2,"name":"Webshop","item":"https:\/\/goldwing.nl\/de\/shop\/"},{"@type":"ListItem","position":3,"name":"Stipt echt wirksamer Reiniger 500ml."}]},{"@type":"WebSite","@id":"https:\/\/goldwing.nl\/de\/#website","url":"https:\/\/goldwing.nl\/de\/","name":"Goldwing.nl - DE","description":"Biker&#039;s Best","publisher":{"@id":"https:\/\/goldwing.nl\/de\/#organization"},"potentialAction":[{"@type":"SearchAction","target":{"@type":"EntryPoint","urlTemplate":"https:\/\/goldwing.nl\/de\/?s={search_term_string}"},"query-input":{"@type":"PropertyValueSpecification","valueRequired":true,"valueName":"search_term_string"}}],"inLanguage":"de"},{"@type":"Organization","@id":"https:\/\/goldwing.nl\/de\/#organization","name":"Goldwing.nl - DE","url":"https:\/\/goldwing.nl\/de\/","logo":{"@type":"ImageObject","inLanguage":"de","@id":"https:\/\/goldwing.nl\/de\/#\/schema\/logo\/image\/","url":"https:\/\/goldwing.nl\/de\/wp-content\/uploads\/sites\/3\/2022\/08\/BikersBest-logo.png","contentUrl":"https:\/\/goldwing.nl\/de\/wp-content\/uploads\/sites\/3\/2022\/08\/BikersBest-logo.png","width":311,"height":152,"caption":"Goldwing.nl - DE"},"image":{"@id":"https:\/\/goldwing.nl\/de\/#\/schema\/logo\/image\/"},"sameAs":["https:\/\/www.facebook.com\/302398026438779"]}]}},"_links":{"self":[{"href":"https:\/\/goldwing.nl\/de\/wp-json\/wp\/v2\/product\/28265"}],"collection":[{"href":"https:\/\/goldwing.nl\/de\/wp-json\/wp\/v2\/product"}],"about":[{"href":"https:\/\/goldwing.nl\/de\/wp-json\/wp\/v2\/types\/product"}],"wp:featuredmedia":[{"embeddable":true,"href":"https:\/\/goldwing.nl\/de\/wp-json\/wp\/v2\/media\/28402"}],"wp:attachment":[{"href":"https:\/\/goldwing.nl\/de\/wp-json\/wp\/v2\/media?parent=28265"}],"wp:term":[{"taxonomy":"product_cat","embeddable":true,"href":"https:\/\/goldwing.nl\/de\/wp-json\/wp\/v2\/product_cat?post=28265"},{"taxonomy":"product_tag","embeddable":true,"href":"https:\/\/goldwing.nl\/de\/wp-json\/wp\/v2\/product_tag?post=28265"}],"curies":[{"name":"wp","href":"https:\/\/api.w.org\/{rel}","templated":true}]}}