{"id":28264,"date":"2025-06-20T08:20:00","date_gmt":"2025-06-20T08:20:00","guid":{"rendered":"https:\/\/goldwing.nl\/de\/?post_type=product&#038;p=28264"},"modified":"2025-07-11T09:50:47","modified_gmt":"2025-07-11T09:50:47","slug":"stipt-innenraum-mattreiniger-500ml","status":"publish","type":"product","link":"https:\/\/goldwing.nl\/de\/shop\/wartung-reparatur\/oel-fett-bremsfluessigkeit-und-reinigungsmittel\/stipt-innenraum-mattreiniger-500ml\/","title":{"rendered":"Stipt Innenraum-Mattreiniger 500 ml. (Ideal auch f\u00fcr Ihren Goldwing-Sattel!)"},"content":{"rendered":"","protected":false},"excerpt":{"rendered":"<ul>\n<li>Stipt Interior Matt Cleaner ist ein kraftvoller Reiniger f\u00fcr Autoinnenr\u00e4ume, der f\u00fcr Leder, Stoff, Skai, Alcantara und Kunststoff geeignet ist. Er entfernt m\u00fchelos Schmutz, Glanz und Flecken von verschiedenen Oberfl\u00e4chen.<\/li>\n<li>Der Reiniger mattiert den Innenraum, reduziert den Glanz und schafft eine matte Oberfl\u00e4che f\u00fcr ein elegantes Aussehen.<\/li>\n<li>Stipt Interior Matt Cleaner ist der einzige Mattierungsreiniger f\u00fcr den Innenraum auf dem Markt, was ihn zu einem einzigartigen Produkt f\u00fcr die Reinigung und Mattierung von Autoinnenr\u00e4umen macht.<\/li>\n<li>Das Produkt eignet sich f\u00fcr verschiedene Arten von Polstern und Oberfl\u00e4chen, einschlie\u00dflich Stoff-, Leder- und Alcantarapolstern, und ist somit eine vielseitige L\u00f6sung f\u00fcr die Innenreinigung.<\/li>\n<\/ul>\n<p>Gebrauchsanweisung:<br \/>\nStoffpolsterung\/Dachhimmel\/Matten:<\/p>\n<ul>\n<li>Spr\u00fchen Sie den Stipt Interior Matt Cleaner auf die zu behandelnde Oberfl\u00e4che.<\/li>\n<li>F\u00fcllen Sie den Stipt Grit Bucket 12L mit warmem, sauberem Wasser und befeuchten Sie die Stipt Reinigungsb\u00fcrste und das Stipt Interior Towel.<\/li>\n<li>Dann die Polsterung mit kreisenden Bewegungen reinigen, bis sich der Schmutz l\u00f6st.<\/li>\n<li>Wischen Sie die R\u00fcckst\u00e4nde mit einem warmen, feuchten Stipt-Trockentuch ab und sp\u00fclen Sie das Handtuch in sauberem Wasser aus und wiederholen Sie den Vorgang bei Bedarf.<\/li>\n<li>Um Schimmelbildung zu vermeiden, ist es sehr wichtig, die Stoffbez\u00fcge gr\u00fcndlich zu trocknen, am besten mit einem Staubsauger oder einem trockenen Stipt Dry Towel.<\/li>\n<li>Wenn die Polsterung vollst\u00e4ndig trocken ist, kann sie noch mit Stipt Soft Top Protect impr\u00e4gniert werden.<\/li>\n<li>Lederbez\u00fcge:<\/li>\n<li>Spr\u00fchen Sie den Stipt Interior Matt Cleaner auf die zu behandelnde Oberfl\u00e4che.<\/li>\n<li>F\u00fcllen Sie den Stipt Grit Bucket 12L mit warmem, sauberem Wasser und befeuchten Sie die Stipt Reinigungsb\u00fcrste und das Stipt Interior Towel.<\/li>\n<li>Dann die Polsterung mit kreisenden Bewegungen reinigen, bis sich der Schmutz l\u00f6st.<\/li>\n<li>Wischen Sie die R\u00fcckst\u00e4nde mit einem warmen, feuchten Stipt Dry Towel ab und sp\u00fclen Sie das Handtuch in sauberem Wasser aus und wiederholen Sie den Vorgang bei Bedarf.<\/li>\n<li>Dann die Lederteile mit dem Stipt Clear Glass und dem Stipt Dry Towel nachbehandeln.<\/li>\n<li>Nachdem die Lederpolsterung vollst\u00e4ndig getrocknet ist, ist es wichtig, das Leder mit dem Stipt Leather Protect und dem Stipt Multi Cloth zu n\u00e4hren.<\/li>\n<li>Alcantara-Polsterung:<\/li>\n<li>Spr\u00fchen Sie den Stipt Interior Matt Cleaner auf die zu behandelnde Oberfl\u00e4che.<\/li>\n<li>F\u00fcllen Sie den Stipt Grit Bucket 12L mit warmem, sauberem Wasser und befeuchten Sie das Stipt Interior Towel.<\/li>\n<li>Dann die Polsterung mit kreisenden Bewegungen reinigen, bis sich der Schmutz l\u00f6st.<\/li>\n<li>Die R\u00fcckst\u00e4nde mit einem warmen, feuchten Stipt Dry Towel abwischen und das Handtuch in sauberem Wasser aussp\u00fclen und bei Bedarf wiederholen.<\/li>\n<li>Nicht f\u00fcr Wildleder geeignet.<\/li>\n<li>Handschuhe benutzen.<\/li>\n<li>Die Verwendung dieses Produkts kann bestehende Sch\u00e4den sichtbarer machen.<\/li>\n<li>Nicht in der Sonne oder auf warmen Oberfl\u00e4chen verwenden.<\/li>\n<\/ul>\n<p>&nbsp;<\/p>\n","protected":false},"featured_media":28392,"template":"","meta":{"_acf_changed":false},"product_cat":[462,557],"product_tag":[],"class_list":["post-28264","product","type-product","status-publish","has-post-thumbnail","hentry","product_cat-oel-fett-bremsfluessigkeit-und-reinigungsmittel","product_cat-wasch-und-reinigungsmittel","product_shipping_class-pakket-artikel","","woocommerce-text-align-center","woocommerce-image-align-center","do-quantity-buttons"],"acf":[],"yoast_head":"<!-- This site is optimized with the Yoast SEO plugin v25.6 - https:\/\/yoast.com\/wordpress\/plugins\/seo\/ -->\n<title>Stipt Innenraum-Mattreiniger 500 ml. (Ideal auch f\u00fcr Ihren Goldwing-Sattel!) - Goldwing.nl - DE<\/title>\n<meta name=\"robots\" content=\"index, follow, max-snippet:-1, max-image-preview:large, max-video-preview:-1\" \/>\n<link rel=\"canonical\" href=\"https:\/\/goldwing.nl\/de\/?post_type=product&p=28264\" \/>\n<meta property=\"og:locale\" content=\"de_DE\" \/>\n<meta property=\"og:type\" content=\"article\" \/>\n<meta property=\"og:title\" content=\"Stipt Innenraum-Mattreiniger 500 ml. (Ideal auch f\u00fcr Ihren Goldwing-Sattel!) - Goldwing.nl - DE\" \/>\n<meta property=\"og:description\" content=\"Stipt Interior Matt Cleaner ist ein kraftvoller Reiniger f\u00fcr Autoinnenr\u00e4ume, der f\u00fcr Leder, Stoff, Skai, Alcantara und Kunststoff geeignet ist. Er entfernt m\u00fchelos Schmutz, Glanz und Flecken von verschiedenen Oberfl\u00e4chen.  Der Reiniger mattiert den Innenraum, reduziert den Glanz und schafft eine matte Oberfl\u00e4che f\u00fcr ein elegantes Aussehen.  Stipt Interior Matt Cleaner ist der einzige Mattierungsreiniger f\u00fcr den Innenraum auf dem Markt, was ihn zu einem einzigartigen Produkt f\u00fcr die Reinigung und Mattierung von Autoinnenr\u00e4umen macht.  Das Produkt eignet sich f\u00fcr verschiedene Arten von Polstern und Oberfl\u00e4chen, einschlie\u00dflich Stoff-, Leder- und Alcantarapolstern, und ist somit eine vielseitige L\u00f6sung f\u00fcr die Innenreinigung.  Gebrauchsanweisung: Stoffpolsterung\/Dachhimmel\/Matten:   Spr\u00fchen Sie den Stipt Interior Matt Cleaner auf die zu behandelnde Oberfl\u00e4che.  F\u00fcllen Sie den Stipt Grit Bucket 12L mit warmem, sauberem Wasser und befeuchten Sie die Stipt Reinigungsb\u00fcrste und das Stipt Interior Towel.  Dann die Polsterung mit kreisenden Bewegungen reinigen, bis sich der Schmutz l\u00f6st.  Wischen Sie die R\u00fcckst\u00e4nde mit einem warmen, feuchten Stipt-Trockentuch ab und sp\u00fclen Sie das Handtuch in sauberem Wasser aus und wiederholen Sie den Vorgang bei Bedarf.  Um Schimmelbildung zu vermeiden, ist es sehr wichtig, die Stoffbez\u00fcge gr\u00fcndlich zu trocknen, am besten mit einem Staubsauger oder einem trockenen Stipt Dry Towel.  Wenn die Polsterung vollst\u00e4ndig trocken ist, kann sie noch mit Stipt Soft Top Protect impr\u00e4gniert werden.  Lederbez\u00fcge:  Spr\u00fchen Sie den Stipt Interior Matt Cleaner auf die zu behandelnde Oberfl\u00e4che.  F\u00fcllen Sie den Stipt Grit Bucket 12L mit warmem, sauberem Wasser und befeuchten Sie die Stipt Reinigungsb\u00fcrste und das Stipt Interior Towel.  Dann die Polsterung mit kreisenden Bewegungen reinigen, bis sich der Schmutz l\u00f6st.  Wischen Sie die R\u00fcckst\u00e4nde mit einem warmen, feuchten Stipt Dry Towel ab und sp\u00fclen Sie das Handtuch in sauberem Wasser aus und wiederholen Sie den Vorgang bei Bedarf.  Dann die Lederteile mit dem Stipt Clear Glass und dem Stipt Dry Towel nachbehandeln.  Nachdem die Lederpolsterung vollst\u00e4ndig getrocknet ist, ist es wichtig, das Leder mit dem Stipt Leather Protect und dem Stipt Multi Cloth zu n\u00e4hren.  Alcantara-Polsterung:  Spr\u00fchen Sie den Stipt Interior Matt Cleaner auf die zu behandelnde Oberfl\u00e4che.  F\u00fcllen Sie den Stipt Grit Bucket 12L mit warmem, sauberem Wasser und befeuchten Sie das Stipt Interior Towel.  Dann die Polsterung mit kreisenden Bewegungen reinigen, bis sich der Schmutz l\u00f6st.  Die R\u00fcckst\u00e4nde mit einem warmen, feuchten Stipt Dry Towel abwischen und das Handtuch in sauberem Wasser aussp\u00fclen und bei Bedarf wiederholen.  Nicht f\u00fcr Wildleder geeignet.  Handschuhe benutzen.  Die Verwendung dieses Produkts kann bestehende Sch\u00e4den sichtbarer machen.  Nicht in der Sonne oder auf warmen Oberfl\u00e4chen verwenden.  &nbsp;\" \/>\n<meta property=\"og:url\" content=\"https:\/\/goldwing.nl\/de\/?post_type=product&amp;p=28264\" \/>\n<meta property=\"og:site_name\" content=\"Goldwing.nl - DE\" \/>\n<meta property=\"article:publisher\" content=\"https:\/\/www.facebook.com\/302398026438779\" \/>\n<meta property=\"article:modified_time\" content=\"2025-07-11T09:50:47+00:00\" \/>\n<meta property=\"og:image\" content=\"https:\/\/goldwing.nl\/de\/wp-content\/uploads\/sites\/3\/2025\/06\/IMG_9602.jpeg?_t=1749751485\" \/>\n\t<meta property=\"og:image:width\" content=\"548\" \/>\n\t<meta property=\"og:image:height\" content=\"550\" \/>\n\t<meta property=\"og:image:type\" content=\"image\/jpeg\" \/>\n<meta name=\"twitter:card\" content=\"summary_large_image\" \/>\n<script type=\"application\/ld+json\" class=\"yoast-schema-graph\">{\"@context\":\"https:\/\/schema.org\",\"@graph\":[{\"@type\":\"WebPage\",\"@id\":\"https:\/\/goldwing.nl\/de\/?post_type=product&p=28264\",\"url\":\"https:\/\/goldwing.nl\/de\/?post_type=product&p=28264\",\"name\":\"Stipt Innenraum-Mattreiniger 500 ml. (Ideal auch f\u00fcr Ihren Goldwing-Sattel!) - Goldwing.nl - DE\",\"isPartOf\":{\"@id\":\"https:\/\/goldwing.nl\/de\/#website\"},\"primaryImageOfPage\":{\"@id\":\"https:\/\/goldwing.nl\/de\/?post_type=product&p=28264#primaryimage\"},\"image\":{\"@id\":\"https:\/\/goldwing.nl\/de\/?post_type=product&p=28264#primaryimage\"},\"thumbnailUrl\":\"https:\/\/goldwing.nl\/de\/wp-content\/uploads\/sites\/3\/2025\/06\/stipt008.jpg\",\"datePublished\":\"2025-06-20T08:20:00+00:00\",\"dateModified\":\"2025-07-11T09:50:47+00:00\",\"breadcrumb\":{\"@id\":\"https:\/\/goldwing.nl\/de\/?post_type=product&p=28264#breadcrumb\"},\"inLanguage\":\"de\",\"potentialAction\":[{\"@type\":\"ReadAction\",\"target\":[\"https:\/\/goldwing.nl\/de\/?post_type=product&p=28264\"]}]},{\"@type\":\"ImageObject\",\"inLanguage\":\"de\",\"@id\":\"https:\/\/goldwing.nl\/de\/?post_type=product&p=28264#primaryimage\",\"url\":\"https:\/\/goldwing.nl\/de\/wp-content\/uploads\/sites\/3\/2025\/06\/stipt008.jpg\",\"contentUrl\":\"https:\/\/goldwing.nl\/de\/wp-content\/uploads\/sites\/3\/2025\/06\/stipt008.jpg\",\"width\":1600,\"height\":1600},{\"@type\":\"BreadcrumbList\",\"@id\":\"https:\/\/goldwing.nl\/de\/?post_type=product&p=28264#breadcrumb\",\"itemListElement\":[{\"@type\":\"ListItem\",\"position\":1,\"name\":\"Home\",\"item\":\"https:\/\/goldwing.nl\/de\/\"},{\"@type\":\"ListItem\",\"position\":2,\"name\":\"Webshop\",\"item\":\"https:\/\/goldwing.nl\/de\/shop\/\"},{\"@type\":\"ListItem\",\"position\":3,\"name\":\"Stipt Innenraum-Mattreiniger 500ml.\"}]},{\"@type\":\"WebSite\",\"@id\":\"https:\/\/goldwing.nl\/de\/#website\",\"url\":\"https:\/\/goldwing.nl\/de\/\",\"name\":\"Goldwing.nl - DE\",\"description\":\"Biker&#039;s Best\",\"publisher\":{\"@id\":\"https:\/\/goldwing.nl\/de\/#organization\"},\"potentialAction\":[{\"@type\":\"SearchAction\",\"target\":{\"@type\":\"EntryPoint\",\"urlTemplate\":\"https:\/\/goldwing.nl\/de\/?s={search_term_string}\"},\"query-input\":{\"@type\":\"PropertyValueSpecification\",\"valueRequired\":true,\"valueName\":\"search_term_string\"}}],\"inLanguage\":\"de\"},{\"@type\":\"Organization\",\"@id\":\"https:\/\/goldwing.nl\/de\/#organization\",\"name\":\"Goldwing.nl - DE\",\"url\":\"https:\/\/goldwing.nl\/de\/\",\"logo\":{\"@type\":\"ImageObject\",\"inLanguage\":\"de\",\"@id\":\"https:\/\/goldwing.nl\/de\/#\/schema\/logo\/image\/\",\"url\":\"https:\/\/goldwing.nl\/de\/wp-content\/uploads\/sites\/3\/2022\/08\/BikersBest-logo.png\",\"contentUrl\":\"https:\/\/goldwing.nl\/de\/wp-content\/uploads\/sites\/3\/2022\/08\/BikersBest-logo.png\",\"width\":311,\"height\":152,\"caption\":\"Goldwing.nl - DE\"},\"image\":{\"@id\":\"https:\/\/goldwing.nl\/de\/#\/schema\/logo\/image\/\"},\"sameAs\":[\"https:\/\/www.facebook.com\/302398026438779\"]}]}<\/script>\n<!-- \/ Yoast SEO plugin. -->","yoast_head_json":{"title":"Stipt Innenraum-Mattreiniger 500 ml. (Ideal auch f\u00fcr Ihren Goldwing-Sattel!) - Goldwing.nl - DE","robots":{"index":"index","follow":"follow","max-snippet":"max-snippet:-1","max-image-preview":"max-image-preview:large","max-video-preview":"max-video-preview:-1"},"canonical":"https:\/\/goldwing.nl\/de\/?post_type=product&p=28264","og_locale":"de_DE","og_type":"article","og_title":"Stipt Innenraum-Mattreiniger 500 ml. (Ideal auch f\u00fcr Ihren Goldwing-Sattel!) - Goldwing.nl - DE","og_description":"Stipt Interior Matt Cleaner ist ein kraftvoller Reiniger f\u00fcr Autoinnenr\u00e4ume, der f\u00fcr Leder, Stoff, Skai, Alcantara und Kunststoff geeignet ist. Er entfernt m\u00fchelos Schmutz, Glanz und Flecken von verschiedenen Oberfl\u00e4chen.  Der Reiniger mattiert den Innenraum, reduziert den Glanz und schafft eine matte Oberfl\u00e4che f\u00fcr ein elegantes Aussehen.  Stipt Interior Matt Cleaner ist der einzige Mattierungsreiniger f\u00fcr den Innenraum auf dem Markt, was ihn zu einem einzigartigen Produkt f\u00fcr die Reinigung und Mattierung von Autoinnenr\u00e4umen macht.  Das Produkt eignet sich f\u00fcr verschiedene Arten von Polstern und Oberfl\u00e4chen, einschlie\u00dflich Stoff-, Leder- und Alcantarapolstern, und ist somit eine vielseitige L\u00f6sung f\u00fcr die Innenreinigung.  Gebrauchsanweisung: Stoffpolsterung\/Dachhimmel\/Matten:   Spr\u00fchen Sie den Stipt Interior Matt Cleaner auf die zu behandelnde Oberfl\u00e4che.  F\u00fcllen Sie den Stipt Grit Bucket 12L mit warmem, sauberem Wasser und befeuchten Sie die Stipt Reinigungsb\u00fcrste und das Stipt Interior Towel.  Dann die Polsterung mit kreisenden Bewegungen reinigen, bis sich der Schmutz l\u00f6st.  Wischen Sie die R\u00fcckst\u00e4nde mit einem warmen, feuchten Stipt-Trockentuch ab und sp\u00fclen Sie das Handtuch in sauberem Wasser aus und wiederholen Sie den Vorgang bei Bedarf.  Um Schimmelbildung zu vermeiden, ist es sehr wichtig, die Stoffbez\u00fcge gr\u00fcndlich zu trocknen, am besten mit einem Staubsauger oder einem trockenen Stipt Dry Towel.  Wenn die Polsterung vollst\u00e4ndig trocken ist, kann sie noch mit Stipt Soft Top Protect impr\u00e4gniert werden.  Lederbez\u00fcge:  Spr\u00fchen Sie den Stipt Interior Matt Cleaner auf die zu behandelnde Oberfl\u00e4che.  F\u00fcllen Sie den Stipt Grit Bucket 12L mit warmem, sauberem Wasser und befeuchten Sie die Stipt Reinigungsb\u00fcrste und das Stipt Interior Towel.  Dann die Polsterung mit kreisenden Bewegungen reinigen, bis sich der Schmutz l\u00f6st.  Wischen Sie die R\u00fcckst\u00e4nde mit einem warmen, feuchten Stipt Dry Towel ab und sp\u00fclen Sie das Handtuch in sauberem Wasser aus und wiederholen Sie den Vorgang bei Bedarf.  Dann die Lederteile mit dem Stipt Clear Glass und dem Stipt Dry Towel nachbehandeln.  Nachdem die Lederpolsterung vollst\u00e4ndig getrocknet ist, ist es wichtig, das Leder mit dem Stipt Leather Protect und dem Stipt Multi Cloth zu n\u00e4hren.  Alcantara-Polsterung:  Spr\u00fchen Sie den Stipt Interior Matt Cleaner auf die zu behandelnde Oberfl\u00e4che.  F\u00fcllen Sie den Stipt Grit Bucket 12L mit warmem, sauberem Wasser und befeuchten Sie das Stipt Interior Towel.  Dann die Polsterung mit kreisenden Bewegungen reinigen, bis sich der Schmutz l\u00f6st.  Die R\u00fcckst\u00e4nde mit einem warmen, feuchten Stipt Dry Towel abwischen und das Handtuch in sauberem Wasser aussp\u00fclen und bei Bedarf wiederholen.  Nicht f\u00fcr Wildleder geeignet.  Handschuhe benutzen.  Die Verwendung dieses Produkts kann bestehende Sch\u00e4den sichtbarer machen.  Nicht in der Sonne oder auf warmen Oberfl\u00e4chen verwenden.  &nbsp;","og_url":"https:\/\/goldwing.nl\/de\/?post_type=product&p=28264","og_site_name":"Goldwing.nl - DE","article_publisher":"https:\/\/www.facebook.com\/302398026438779","article_modified_time":"2025-07-11T09:50:47+00:00","og_image":[{"width":548,"height":550,"url":"https:\/\/goldwing.nl\/de\/wp-content\/uploads\/sites\/3\/2025\/06\/IMG_9602.jpeg?_t=1749751485","type":"image\/jpeg"}],"twitter_card":"summary_large_image","schema":{"@context":"https:\/\/schema.org","@graph":[{"@type":"WebPage","@id":"https:\/\/goldwing.nl\/de\/?post_type=product&p=28264","url":"https:\/\/goldwing.nl\/de\/?post_type=product&p=28264","name":"Stipt Innenraum-Mattreiniger 500 ml. (Ideal auch f\u00fcr Ihren Goldwing-Sattel!) - Goldwing.nl - DE","isPartOf":{"@id":"https:\/\/goldwing.nl\/de\/#website"},"primaryImageOfPage":{"@id":"https:\/\/goldwing.nl\/de\/?post_type=product&p=28264#primaryimage"},"image":{"@id":"https:\/\/goldwing.nl\/de\/?post_type=product&p=28264#primaryimage"},"thumbnailUrl":"https:\/\/goldwing.nl\/de\/wp-content\/uploads\/sites\/3\/2025\/06\/stipt008.jpg","datePublished":"2025-06-20T08:20:00+00:00","dateModified":"2025-07-11T09:50:47+00:00","breadcrumb":{"@id":"https:\/\/goldwing.nl\/de\/?post_type=product&p=28264#breadcrumb"},"inLanguage":"de","potentialAction":[{"@type":"ReadAction","target":["https:\/\/goldwing.nl\/de\/?post_type=product&p=28264"]}]},{"@type":"ImageObject","inLanguage":"de","@id":"https:\/\/goldwing.nl\/de\/?post_type=product&p=28264#primaryimage","url":"https:\/\/goldwing.nl\/de\/wp-content\/uploads\/sites\/3\/2025\/06\/stipt008.jpg","contentUrl":"https:\/\/goldwing.nl\/de\/wp-content\/uploads\/sites\/3\/2025\/06\/stipt008.jpg","width":1600,"height":1600},{"@type":"BreadcrumbList","@id":"https:\/\/goldwing.nl\/de\/?post_type=product&p=28264#breadcrumb","itemListElement":[{"@type":"ListItem","position":1,"name":"Home","item":"https:\/\/goldwing.nl\/de\/"},{"@type":"ListItem","position":2,"name":"Webshop","item":"https:\/\/goldwing.nl\/de\/shop\/"},{"@type":"ListItem","position":3,"name":"Stipt Innenraum-Mattreiniger 500ml."}]},{"@type":"WebSite","@id":"https:\/\/goldwing.nl\/de\/#website","url":"https:\/\/goldwing.nl\/de\/","name":"Goldwing.nl - DE","description":"Biker&#039;s Best","publisher":{"@id":"https:\/\/goldwing.nl\/de\/#organization"},"potentialAction":[{"@type":"SearchAction","target":{"@type":"EntryPoint","urlTemplate":"https:\/\/goldwing.nl\/de\/?s={search_term_string}"},"query-input":{"@type":"PropertyValueSpecification","valueRequired":true,"valueName":"search_term_string"}}],"inLanguage":"de"},{"@type":"Organization","@id":"https:\/\/goldwing.nl\/de\/#organization","name":"Goldwing.nl - DE","url":"https:\/\/goldwing.nl\/de\/","logo":{"@type":"ImageObject","inLanguage":"de","@id":"https:\/\/goldwing.nl\/de\/#\/schema\/logo\/image\/","url":"https:\/\/goldwing.nl\/de\/wp-content\/uploads\/sites\/3\/2022\/08\/BikersBest-logo.png","contentUrl":"https:\/\/goldwing.nl\/de\/wp-content\/uploads\/sites\/3\/2022\/08\/BikersBest-logo.png","width":311,"height":152,"caption":"Goldwing.nl - DE"},"image":{"@id":"https:\/\/goldwing.nl\/de\/#\/schema\/logo\/image\/"},"sameAs":["https:\/\/www.facebook.com\/302398026438779"]}]}},"_links":{"self":[{"href":"https:\/\/goldwing.nl\/de\/wp-json\/wp\/v2\/product\/28264"}],"collection":[{"href":"https:\/\/goldwing.nl\/de\/wp-json\/wp\/v2\/product"}],"about":[{"href":"https:\/\/goldwing.nl\/de\/wp-json\/wp\/v2\/types\/product"}],"wp:featuredmedia":[{"embeddable":true,"href":"https:\/\/goldwing.nl\/de\/wp-json\/wp\/v2\/media\/28392"}],"wp:attachment":[{"href":"https:\/\/goldwing.nl\/de\/wp-json\/wp\/v2\/media?parent=28264"}],"wp:term":[{"taxonomy":"product_cat","embeddable":true,"href":"https:\/\/goldwing.nl\/de\/wp-json\/wp\/v2\/product_cat?post=28264"},{"taxonomy":"product_tag","embeddable":true,"href":"https:\/\/goldwing.nl\/de\/wp-json\/wp\/v2\/product_tag?post=28264"}],"curies":[{"name":"wp","href":"https:\/\/api.w.org\/{rel}","templated":true}]}}