{"id":28263,"date":"2025-06-20T08:43:21","date_gmt":"2025-06-20T08:43:21","guid":{"rendered":"https:\/\/goldwing.nl\/de\/?post_type=product&#038;p=28263"},"modified":"2025-06-20T09:47:32","modified_gmt":"2025-06-20T09:47:32","slug":"stipt-klarglas-500ml","status":"publish","type":"product","link":"https:\/\/goldwing.nl\/de\/shop\/wartung-reparatur\/oel-fett-bremsfluessigkeit-und-reinigungsmittel\/stipt-klarglas-500ml\/","title":{"rendered":"Stipt Klarglas 500ml."},"content":{"rendered":"","protected":false},"excerpt":{"rendered":"<p>Stipt Clear Glass reinigt, entfettet und verleiht einen enormen Hochglanz. Sofortige Ergebnisse und keine Schlieren.<\/p>\n<p>Auch f\u00fcr die Reinigung Ihres Kunststoff-Armaturenbretts geeignet.<\/p>\n<p>ANWENDUNGSWEISE:<\/p>\n<ul>\n<li>Waschen Sie Ihre Scheiben zun\u00e4chst mit dem Stipt Perfect Shampoo oder dem Stipt Wax Shampoo.<\/li>\n<li>Dann spr\u00fchen Sie Stipt Clear Glass auf die Scheiben.<\/li>\n<li>Anschlie\u00dfend die Scheiben mit dem Stipt Glass Towel reinigen.<\/li>\n<\/ul>\n","protected":false},"featured_media":28403,"template":"","meta":{"_acf_changed":false},"product_cat":[462,557],"product_tag":[],"class_list":["post-28263","product","type-product","status-publish","has-post-thumbnail","hentry","product_cat-oel-fett-bremsfluessigkeit-und-reinigungsmittel","product_cat-wasch-und-reinigungsmittel","product_shipping_class-pakket-artikel","","woocommerce-text-align-center","woocommerce-image-align-center","do-quantity-buttons"],"acf":[],"yoast_head":"<!-- This site is optimized with the Yoast SEO plugin v25.6 - https:\/\/yoast.com\/wordpress\/plugins\/seo\/ -->\n<title>Stipt Klarglas 500ml. - Goldwing.nl - DE<\/title>\n<meta name=\"robots\" content=\"index, follow, max-snippet:-1, max-image-preview:large, max-video-preview:-1\" \/>\n<link rel=\"canonical\" href=\"https:\/\/goldwing.nl\/de\/?post_type=product&p=28263\" \/>\n<meta property=\"og:locale\" content=\"de_DE\" \/>\n<meta property=\"og:type\" content=\"article\" \/>\n<meta property=\"og:title\" content=\"Stipt Klarglas 500ml. - Goldwing.nl - DE\" \/>\n<meta property=\"og:description\" content=\"Stipt Clear Glass reinigt, entfettet und verleiht einen enormen Hochglanz. Sofortige Ergebnisse und keine Schlieren.  Auch f\u00fcr die Reinigung Ihres Kunststoff-Armaturenbretts geeignet.  ANWENDUNGSWEISE:   Waschen Sie Ihre Scheiben zun\u00e4chst mit dem Stipt Perfect Shampoo oder dem Stipt Wax Shampoo.  Dann spr\u00fchen Sie Stipt Clear Glass auf die Scheiben.  Anschlie\u00dfend die Scheiben mit dem Stipt Glass Towel reinigen.\" \/>\n<meta property=\"og:url\" content=\"https:\/\/goldwing.nl\/de\/?post_type=product&amp;p=28263\" \/>\n<meta property=\"og:site_name\" content=\"Goldwing.nl - DE\" \/>\n<meta property=\"article:publisher\" content=\"https:\/\/www.facebook.com\/302398026438779\" \/>\n<meta property=\"article:modified_time\" content=\"2025-06-20T09:47:32+00:00\" \/>\n<meta property=\"og:image\" content=\"https:\/\/goldwing.nl\/de\/wp-content\/uploads\/sites\/3\/2025\/06\/IMG_9602.jpeg?_t=1749897343\" \/>\n\t<meta property=\"og:image:width\" content=\"548\" \/>\n\t<meta property=\"og:image:height\" content=\"550\" \/>\n\t<meta property=\"og:image:type\" content=\"image\/jpeg\" \/>\n<meta name=\"twitter:card\" content=\"summary_large_image\" \/>\n<script type=\"application\/ld+json\" class=\"yoast-schema-graph\">{\"@context\":\"https:\/\/schema.org\",\"@graph\":[{\"@type\":\"WebPage\",\"@id\":\"https:\/\/goldwing.nl\/de\/?post_type=product&p=28263\",\"url\":\"https:\/\/goldwing.nl\/de\/?post_type=product&p=28263\",\"name\":\"Stipt Klarglas 500ml. - Goldwing.nl - DE\",\"isPartOf\":{\"@id\":\"https:\/\/goldwing.nl\/de\/#website\"},\"primaryImageOfPage\":{\"@id\":\"https:\/\/goldwing.nl\/de\/?post_type=product&p=28263#primaryimage\"},\"image\":{\"@id\":\"https:\/\/goldwing.nl\/de\/?post_type=product&p=28263#primaryimage\"},\"thumbnailUrl\":\"https:\/\/goldwing.nl\/de\/wp-content\/uploads\/sites\/3\/2025\/06\/stipt007.jpg\",\"datePublished\":\"2025-06-20T08:43:21+00:00\",\"dateModified\":\"2025-06-20T09:47:32+00:00\",\"breadcrumb\":{\"@id\":\"https:\/\/goldwing.nl\/de\/?post_type=product&p=28263#breadcrumb\"},\"inLanguage\":\"de\",\"potentialAction\":[{\"@type\":\"ReadAction\",\"target\":[\"https:\/\/goldwing.nl\/de\/?post_type=product&p=28263\"]}]},{\"@type\":\"ImageObject\",\"inLanguage\":\"de\",\"@id\":\"https:\/\/goldwing.nl\/de\/?post_type=product&p=28263#primaryimage\",\"url\":\"https:\/\/goldwing.nl\/de\/wp-content\/uploads\/sites\/3\/2025\/06\/stipt007.jpg\",\"contentUrl\":\"https:\/\/goldwing.nl\/de\/wp-content\/uploads\/sites\/3\/2025\/06\/stipt007.jpg\",\"width\":1600,\"height\":1600},{\"@type\":\"BreadcrumbList\",\"@id\":\"https:\/\/goldwing.nl\/de\/?post_type=product&p=28263#breadcrumb\",\"itemListElement\":[{\"@type\":\"ListItem\",\"position\":1,\"name\":\"Home\",\"item\":\"https:\/\/goldwing.nl\/de\/\"},{\"@type\":\"ListItem\",\"position\":2,\"name\":\"Webshop\",\"item\":\"https:\/\/goldwing.nl\/de\/shop\/\"},{\"@type\":\"ListItem\",\"position\":3,\"name\":\"Stipt Klarglas 500ml.\"}]},{\"@type\":\"WebSite\",\"@id\":\"https:\/\/goldwing.nl\/de\/#website\",\"url\":\"https:\/\/goldwing.nl\/de\/\",\"name\":\"Goldwing.nl - DE\",\"description\":\"Biker&#039;s Best\",\"publisher\":{\"@id\":\"https:\/\/goldwing.nl\/de\/#organization\"},\"potentialAction\":[{\"@type\":\"SearchAction\",\"target\":{\"@type\":\"EntryPoint\",\"urlTemplate\":\"https:\/\/goldwing.nl\/de\/?s={search_term_string}\"},\"query-input\":{\"@type\":\"PropertyValueSpecification\",\"valueRequired\":true,\"valueName\":\"search_term_string\"}}],\"inLanguage\":\"de\"},{\"@type\":\"Organization\",\"@id\":\"https:\/\/goldwing.nl\/de\/#organization\",\"name\":\"Goldwing.nl - DE\",\"url\":\"https:\/\/goldwing.nl\/de\/\",\"logo\":{\"@type\":\"ImageObject\",\"inLanguage\":\"de\",\"@id\":\"https:\/\/goldwing.nl\/de\/#\/schema\/logo\/image\/\",\"url\":\"https:\/\/goldwing.nl\/de\/wp-content\/uploads\/sites\/3\/2022\/08\/BikersBest-logo.png\",\"contentUrl\":\"https:\/\/goldwing.nl\/de\/wp-content\/uploads\/sites\/3\/2022\/08\/BikersBest-logo.png\",\"width\":311,\"height\":152,\"caption\":\"Goldwing.nl - DE\"},\"image\":{\"@id\":\"https:\/\/goldwing.nl\/de\/#\/schema\/logo\/image\/\"},\"sameAs\":[\"https:\/\/www.facebook.com\/302398026438779\"]}]}<\/script>\n<!-- \/ Yoast SEO plugin. -->","yoast_head_json":{"title":"Stipt Klarglas 500ml. - Goldwing.nl - DE","robots":{"index":"index","follow":"follow","max-snippet":"max-snippet:-1","max-image-preview":"max-image-preview:large","max-video-preview":"max-video-preview:-1"},"canonical":"https:\/\/goldwing.nl\/de\/?post_type=product&p=28263","og_locale":"de_DE","og_type":"article","og_title":"Stipt Klarglas 500ml. - Goldwing.nl - DE","og_description":"Stipt Clear Glass reinigt, entfettet und verleiht einen enormen Hochglanz. Sofortige Ergebnisse und keine Schlieren.  Auch f\u00fcr die Reinigung Ihres Kunststoff-Armaturenbretts geeignet.  ANWENDUNGSWEISE:   Waschen Sie Ihre Scheiben zun\u00e4chst mit dem Stipt Perfect Shampoo oder dem Stipt Wax Shampoo.  Dann spr\u00fchen Sie Stipt Clear Glass auf die Scheiben.  Anschlie\u00dfend die Scheiben mit dem Stipt Glass Towel reinigen.","og_url":"https:\/\/goldwing.nl\/de\/?post_type=product&p=28263","og_site_name":"Goldwing.nl - DE","article_publisher":"https:\/\/www.facebook.com\/302398026438779","article_modified_time":"2025-06-20T09:47:32+00:00","og_image":[{"width":548,"height":550,"url":"https:\/\/goldwing.nl\/de\/wp-content\/uploads\/sites\/3\/2025\/06\/IMG_9602.jpeg?_t=1749897343","type":"image\/jpeg"}],"twitter_card":"summary_large_image","schema":{"@context":"https:\/\/schema.org","@graph":[{"@type":"WebPage","@id":"https:\/\/goldwing.nl\/de\/?post_type=product&p=28263","url":"https:\/\/goldwing.nl\/de\/?post_type=product&p=28263","name":"Stipt Klarglas 500ml. - Goldwing.nl - DE","isPartOf":{"@id":"https:\/\/goldwing.nl\/de\/#website"},"primaryImageOfPage":{"@id":"https:\/\/goldwing.nl\/de\/?post_type=product&p=28263#primaryimage"},"image":{"@id":"https:\/\/goldwing.nl\/de\/?post_type=product&p=28263#primaryimage"},"thumbnailUrl":"https:\/\/goldwing.nl\/de\/wp-content\/uploads\/sites\/3\/2025\/06\/stipt007.jpg","datePublished":"2025-06-20T08:43:21+00:00","dateModified":"2025-06-20T09:47:32+00:00","breadcrumb":{"@id":"https:\/\/goldwing.nl\/de\/?post_type=product&p=28263#breadcrumb"},"inLanguage":"de","potentialAction":[{"@type":"ReadAction","target":["https:\/\/goldwing.nl\/de\/?post_type=product&p=28263"]}]},{"@type":"ImageObject","inLanguage":"de","@id":"https:\/\/goldwing.nl\/de\/?post_type=product&p=28263#primaryimage","url":"https:\/\/goldwing.nl\/de\/wp-content\/uploads\/sites\/3\/2025\/06\/stipt007.jpg","contentUrl":"https:\/\/goldwing.nl\/de\/wp-content\/uploads\/sites\/3\/2025\/06\/stipt007.jpg","width":1600,"height":1600},{"@type":"BreadcrumbList","@id":"https:\/\/goldwing.nl\/de\/?post_type=product&p=28263#breadcrumb","itemListElement":[{"@type":"ListItem","position":1,"name":"Home","item":"https:\/\/goldwing.nl\/de\/"},{"@type":"ListItem","position":2,"name":"Webshop","item":"https:\/\/goldwing.nl\/de\/shop\/"},{"@type":"ListItem","position":3,"name":"Stipt Klarglas 500ml."}]},{"@type":"WebSite","@id":"https:\/\/goldwing.nl\/de\/#website","url":"https:\/\/goldwing.nl\/de\/","name":"Goldwing.nl - DE","description":"Biker&#039;s Best","publisher":{"@id":"https:\/\/goldwing.nl\/de\/#organization"},"potentialAction":[{"@type":"SearchAction","target":{"@type":"EntryPoint","urlTemplate":"https:\/\/goldwing.nl\/de\/?s={search_term_string}"},"query-input":{"@type":"PropertyValueSpecification","valueRequired":true,"valueName":"search_term_string"}}],"inLanguage":"de"},{"@type":"Organization","@id":"https:\/\/goldwing.nl\/de\/#organization","name":"Goldwing.nl - DE","url":"https:\/\/goldwing.nl\/de\/","logo":{"@type":"ImageObject","inLanguage":"de","@id":"https:\/\/goldwing.nl\/de\/#\/schema\/logo\/image\/","url":"https:\/\/goldwing.nl\/de\/wp-content\/uploads\/sites\/3\/2022\/08\/BikersBest-logo.png","contentUrl":"https:\/\/goldwing.nl\/de\/wp-content\/uploads\/sites\/3\/2022\/08\/BikersBest-logo.png","width":311,"height":152,"caption":"Goldwing.nl - DE"},"image":{"@id":"https:\/\/goldwing.nl\/de\/#\/schema\/logo\/image\/"},"sameAs":["https:\/\/www.facebook.com\/302398026438779"]}]}},"_links":{"self":[{"href":"https:\/\/goldwing.nl\/de\/wp-json\/wp\/v2\/product\/28263"}],"collection":[{"href":"https:\/\/goldwing.nl\/de\/wp-json\/wp\/v2\/product"}],"about":[{"href":"https:\/\/goldwing.nl\/de\/wp-json\/wp\/v2\/types\/product"}],"wp:featuredmedia":[{"embeddable":true,"href":"https:\/\/goldwing.nl\/de\/wp-json\/wp\/v2\/media\/28403"}],"wp:attachment":[{"href":"https:\/\/goldwing.nl\/de\/wp-json\/wp\/v2\/media?parent=28263"}],"wp:term":[{"taxonomy":"product_cat","embeddable":true,"href":"https:\/\/goldwing.nl\/de\/wp-json\/wp\/v2\/product_cat?post=28263"},{"taxonomy":"product_tag","embeddable":true,"href":"https:\/\/goldwing.nl\/de\/wp-json\/wp\/v2\/product_tag?post=28263"}],"curies":[{"name":"wp","href":"https:\/\/api.w.org\/{rel}","templated":true}]}}