{"id":28255,"date":"2025-06-20T08:49:50","date_gmt":"2025-06-20T08:49:50","guid":{"rendered":"https:\/\/goldwing.nl\/de\/?post_type=product&#038;p=28255"},"modified":"2025-06-20T08:49:52","modified_gmt":"2025-06-20T08:49:52","slug":"stipt-anti-insekten-500ml","status":"publish","type":"product","link":"https:\/\/goldwing.nl\/de\/shop\/wartung-reparatur\/oel-fett-bremsfluessigkeit-und-reinigungsmittel\/stipt-anti-insekten-500ml\/","title":{"rendered":"Stipt Anti-Insekten 500ml."},"content":{"rendered":"","protected":false},"excerpt":{"rendered":"<p>Stipt Anti-Insect beseitigt m\u00fchelos Fliegen und Insekten. Erfreulicherweise ist es sehr einfach in der Anwendung.<\/p>\n<p>Inhalt 500 ml.<\/p>\n<ul>\n<li>Hinweise zur Anwendung<\/li>\n<li>Lassen Sie das Auto abk\u00fchlen, bevor Sie Stipt Anti-Insect verwenden.<\/li>\n<li>Spr\u00fchen Sie das Auto vorsichtig mit Stipt Anti-Insect ein.<\/li>\n<li>Warten Sie f\u00fcnfzehn Sekunden bis maximal f\u00fcnf Minuten, bis sich die Fliegen dank unserer Proteinbrecher aufgel\u00f6st haben.<\/li>\n<li>Spr\u00fchen Sie das Auto mit Wasser ab.<\/li>\n<li>Nach der Anwendung waschen Sie Ihr Auto mit unserem Autoshampoo; Stipt Perfect Shampoo<\/li>\n<li>Greift die Lackierung nicht an.<\/li>\n<li>Nicht in der Sonne verwenden.<\/li>\n<\/ul>\n","protected":false},"featured_media":28405,"template":"","meta":{"_acf_changed":false},"product_cat":[462,557],"product_tag":[],"class_list":["post-28255","product","type-product","status-publish","has-post-thumbnail","hentry","product_cat-oel-fett-bremsfluessigkeit-und-reinigungsmittel","product_cat-wasch-und-reinigungsmittel","product_shipping_class-pakket-artikel","","woocommerce-text-align-center","woocommerce-image-align-center","do-quantity-buttons"],"acf":[],"yoast_head":"<!-- This site is optimized with the Yoast SEO plugin v25.6 - https:\/\/yoast.com\/wordpress\/plugins\/seo\/ -->\n<title>Stipt Anti-Insekten 500ml. - Goldwing.nl - DE<\/title>\n<meta name=\"robots\" content=\"index, follow, max-snippet:-1, max-image-preview:large, max-video-preview:-1\" \/>\n<link rel=\"canonical\" href=\"https:\/\/goldwing.nl\/de\/shop\/wasch-und-reinigungsmittel\/stipt-anti-insekten-500ml\/\" \/>\n<meta property=\"og:locale\" content=\"de_DE\" \/>\n<meta property=\"og:type\" content=\"article\" \/>\n<meta property=\"og:title\" content=\"Stipt Anti-Insekten 500ml. - Goldwing.nl - DE\" \/>\n<meta property=\"og:description\" content=\"Stipt Anti-Insect beseitigt m\u00fchelos Fliegen und Insekten. Erfreulicherweise ist es sehr einfach in der Anwendung.  Inhalt 500 ml.   Hinweise zur Anwendung  Lassen Sie das Auto abk\u00fchlen, bevor Sie Stipt Anti-Insect verwenden.  Spr\u00fchen Sie das Auto vorsichtig mit Stipt Anti-Insect ein.  Warten Sie f\u00fcnfzehn Sekunden bis maximal f\u00fcnf Minuten, bis sich die Fliegen dank unserer Proteinbrecher aufgel\u00f6st haben.  Spr\u00fchen Sie das Auto mit Wasser ab.  Nach der Anwendung waschen Sie Ihr Auto mit unserem Autoshampoo; Stipt Perfect Shampoo  Greift die Lackierung nicht an.  Nicht in der Sonne verwenden.\" \/>\n<meta property=\"og:url\" content=\"https:\/\/goldwing.nl\/de\/shop\/wasch-und-reinigungsmittel\/stipt-anti-insekten-500ml\/\" \/>\n<meta property=\"og:site_name\" content=\"Goldwing.nl - DE\" \/>\n<meta property=\"article:publisher\" content=\"https:\/\/www.facebook.com\/302398026438779\" \/>\n<meta property=\"article:modified_time\" content=\"2025-06-20T08:49:52+00:00\" \/>\n<meta property=\"og:image\" content=\"https:\/\/goldwing.nl\/de\/wp-content\/uploads\/sites\/3\/2025\/06\/IMG_9601.png\" \/>\n\t<meta property=\"og:image:width\" content=\"600\" \/>\n\t<meta property=\"og:image:height\" content=\"428\" \/>\n\t<meta property=\"og:image:type\" content=\"image\/png\" \/>\n<meta name=\"twitter:card\" content=\"summary_large_image\" \/>\n<script type=\"application\/ld+json\" class=\"yoast-schema-graph\">{\"@context\":\"https:\/\/schema.org\",\"@graph\":[{\"@type\":\"WebPage\",\"@id\":\"https:\/\/goldwing.nl\/de\/shop\/wasch-und-reinigungsmittel\/stipt-anti-insekten-500ml\/\",\"url\":\"https:\/\/goldwing.nl\/de\/shop\/wasch-und-reinigungsmittel\/stipt-anti-insekten-500ml\/\",\"name\":\"Stipt Anti-Insekten 500ml. - Goldwing.nl - DE\",\"isPartOf\":{\"@id\":\"https:\/\/goldwing.nl\/de\/#website\"},\"primaryImageOfPage\":{\"@id\":\"https:\/\/goldwing.nl\/de\/shop\/wasch-und-reinigungsmittel\/stipt-anti-insekten-500ml\/#primaryimage\"},\"image\":{\"@id\":\"https:\/\/goldwing.nl\/de\/shop\/wasch-und-reinigungsmittel\/stipt-anti-insekten-500ml\/#primaryimage\"},\"thumbnailUrl\":\"https:\/\/goldwing.nl\/de\/wp-content\/uploads\/sites\/3\/2025\/06\/stipt005.jpg\",\"datePublished\":\"2025-06-20T08:49:50+00:00\",\"dateModified\":\"2025-06-20T08:49:52+00:00\",\"breadcrumb\":{\"@id\":\"https:\/\/goldwing.nl\/de\/shop\/wasch-und-reinigungsmittel\/stipt-anti-insekten-500ml\/#breadcrumb\"},\"inLanguage\":\"de\",\"potentialAction\":[{\"@type\":\"ReadAction\",\"target\":[\"https:\/\/goldwing.nl\/de\/shop\/wasch-und-reinigungsmittel\/stipt-anti-insekten-500ml\/\"]}]},{\"@type\":\"ImageObject\",\"inLanguage\":\"de\",\"@id\":\"https:\/\/goldwing.nl\/de\/shop\/wasch-und-reinigungsmittel\/stipt-anti-insekten-500ml\/#primaryimage\",\"url\":\"https:\/\/goldwing.nl\/de\/wp-content\/uploads\/sites\/3\/2025\/06\/stipt005.jpg\",\"contentUrl\":\"https:\/\/goldwing.nl\/de\/wp-content\/uploads\/sites\/3\/2025\/06\/stipt005.jpg\",\"width\":1600,\"height\":1600},{\"@type\":\"BreadcrumbList\",\"@id\":\"https:\/\/goldwing.nl\/de\/shop\/wasch-und-reinigungsmittel\/stipt-anti-insekten-500ml\/#breadcrumb\",\"itemListElement\":[{\"@type\":\"ListItem\",\"position\":1,\"name\":\"Home\",\"item\":\"https:\/\/goldwing.nl\/de\/\"},{\"@type\":\"ListItem\",\"position\":2,\"name\":\"Webshop\",\"item\":\"https:\/\/goldwing.nl\/de\/shop\/\"},{\"@type\":\"ListItem\",\"position\":3,\"name\":\"Stipt Anti-Insekten 500ML\"}]},{\"@type\":\"WebSite\",\"@id\":\"https:\/\/goldwing.nl\/de\/#website\",\"url\":\"https:\/\/goldwing.nl\/de\/\",\"name\":\"Goldwing.nl - DE\",\"description\":\"Biker&#039;s Best\",\"publisher\":{\"@id\":\"https:\/\/goldwing.nl\/de\/#organization\"},\"potentialAction\":[{\"@type\":\"SearchAction\",\"target\":{\"@type\":\"EntryPoint\",\"urlTemplate\":\"https:\/\/goldwing.nl\/de\/?s={search_term_string}\"},\"query-input\":{\"@type\":\"PropertyValueSpecification\",\"valueRequired\":true,\"valueName\":\"search_term_string\"}}],\"inLanguage\":\"de\"},{\"@type\":\"Organization\",\"@id\":\"https:\/\/goldwing.nl\/de\/#organization\",\"name\":\"Goldwing.nl - DE\",\"url\":\"https:\/\/goldwing.nl\/de\/\",\"logo\":{\"@type\":\"ImageObject\",\"inLanguage\":\"de\",\"@id\":\"https:\/\/goldwing.nl\/de\/#\/schema\/logo\/image\/\",\"url\":\"https:\/\/goldwing.nl\/de\/wp-content\/uploads\/sites\/3\/2022\/08\/BikersBest-logo.png\",\"contentUrl\":\"https:\/\/goldwing.nl\/de\/wp-content\/uploads\/sites\/3\/2022\/08\/BikersBest-logo.png\",\"width\":311,\"height\":152,\"caption\":\"Goldwing.nl - DE\"},\"image\":{\"@id\":\"https:\/\/goldwing.nl\/de\/#\/schema\/logo\/image\/\"},\"sameAs\":[\"https:\/\/www.facebook.com\/302398026438779\"]}]}<\/script>\n<!-- \/ Yoast SEO plugin. -->","yoast_head_json":{"title":"Stipt Anti-Insekten 500ml. - Goldwing.nl - DE","robots":{"index":"index","follow":"follow","max-snippet":"max-snippet:-1","max-image-preview":"max-image-preview:large","max-video-preview":"max-video-preview:-1"},"canonical":"https:\/\/goldwing.nl\/de\/shop\/wasch-und-reinigungsmittel\/stipt-anti-insekten-500ml\/","og_locale":"de_DE","og_type":"article","og_title":"Stipt Anti-Insekten 500ml. - Goldwing.nl - DE","og_description":"Stipt Anti-Insect beseitigt m\u00fchelos Fliegen und Insekten. Erfreulicherweise ist es sehr einfach in der Anwendung.  Inhalt 500 ml.   Hinweise zur Anwendung  Lassen Sie das Auto abk\u00fchlen, bevor Sie Stipt Anti-Insect verwenden.  Spr\u00fchen Sie das Auto vorsichtig mit Stipt Anti-Insect ein.  Warten Sie f\u00fcnfzehn Sekunden bis maximal f\u00fcnf Minuten, bis sich die Fliegen dank unserer Proteinbrecher aufgel\u00f6st haben.  Spr\u00fchen Sie das Auto mit Wasser ab.  Nach der Anwendung waschen Sie Ihr Auto mit unserem Autoshampoo; Stipt Perfect Shampoo  Greift die Lackierung nicht an.  Nicht in der Sonne verwenden.","og_url":"https:\/\/goldwing.nl\/de\/shop\/wasch-und-reinigungsmittel\/stipt-anti-insekten-500ml\/","og_site_name":"Goldwing.nl - DE","article_publisher":"https:\/\/www.facebook.com\/302398026438779","article_modified_time":"2025-06-20T08:49:52+00:00","og_image":[{"width":600,"height":428,"url":"https:\/\/goldwing.nl\/de\/wp-content\/uploads\/sites\/3\/2025\/06\/IMG_9601.png","type":"image\/png"}],"twitter_card":"summary_large_image","schema":{"@context":"https:\/\/schema.org","@graph":[{"@type":"WebPage","@id":"https:\/\/goldwing.nl\/de\/shop\/wasch-und-reinigungsmittel\/stipt-anti-insekten-500ml\/","url":"https:\/\/goldwing.nl\/de\/shop\/wasch-und-reinigungsmittel\/stipt-anti-insekten-500ml\/","name":"Stipt Anti-Insekten 500ml. - Goldwing.nl - DE","isPartOf":{"@id":"https:\/\/goldwing.nl\/de\/#website"},"primaryImageOfPage":{"@id":"https:\/\/goldwing.nl\/de\/shop\/wasch-und-reinigungsmittel\/stipt-anti-insekten-500ml\/#primaryimage"},"image":{"@id":"https:\/\/goldwing.nl\/de\/shop\/wasch-und-reinigungsmittel\/stipt-anti-insekten-500ml\/#primaryimage"},"thumbnailUrl":"https:\/\/goldwing.nl\/de\/wp-content\/uploads\/sites\/3\/2025\/06\/stipt005.jpg","datePublished":"2025-06-20T08:49:50+00:00","dateModified":"2025-06-20T08:49:52+00:00","breadcrumb":{"@id":"https:\/\/goldwing.nl\/de\/shop\/wasch-und-reinigungsmittel\/stipt-anti-insekten-500ml\/#breadcrumb"},"inLanguage":"de","potentialAction":[{"@type":"ReadAction","target":["https:\/\/goldwing.nl\/de\/shop\/wasch-und-reinigungsmittel\/stipt-anti-insekten-500ml\/"]}]},{"@type":"ImageObject","inLanguage":"de","@id":"https:\/\/goldwing.nl\/de\/shop\/wasch-und-reinigungsmittel\/stipt-anti-insekten-500ml\/#primaryimage","url":"https:\/\/goldwing.nl\/de\/wp-content\/uploads\/sites\/3\/2025\/06\/stipt005.jpg","contentUrl":"https:\/\/goldwing.nl\/de\/wp-content\/uploads\/sites\/3\/2025\/06\/stipt005.jpg","width":1600,"height":1600},{"@type":"BreadcrumbList","@id":"https:\/\/goldwing.nl\/de\/shop\/wasch-und-reinigungsmittel\/stipt-anti-insekten-500ml\/#breadcrumb","itemListElement":[{"@type":"ListItem","position":1,"name":"Home","item":"https:\/\/goldwing.nl\/de\/"},{"@type":"ListItem","position":2,"name":"Webshop","item":"https:\/\/goldwing.nl\/de\/shop\/"},{"@type":"ListItem","position":3,"name":"Stipt Anti-Insekten 500ML"}]},{"@type":"WebSite","@id":"https:\/\/goldwing.nl\/de\/#website","url":"https:\/\/goldwing.nl\/de\/","name":"Goldwing.nl - DE","description":"Biker&#039;s Best","publisher":{"@id":"https:\/\/goldwing.nl\/de\/#organization"},"potentialAction":[{"@type":"SearchAction","target":{"@type":"EntryPoint","urlTemplate":"https:\/\/goldwing.nl\/de\/?s={search_term_string}"},"query-input":{"@type":"PropertyValueSpecification","valueRequired":true,"valueName":"search_term_string"}}],"inLanguage":"de"},{"@type":"Organization","@id":"https:\/\/goldwing.nl\/de\/#organization","name":"Goldwing.nl - DE","url":"https:\/\/goldwing.nl\/de\/","logo":{"@type":"ImageObject","inLanguage":"de","@id":"https:\/\/goldwing.nl\/de\/#\/schema\/logo\/image\/","url":"https:\/\/goldwing.nl\/de\/wp-content\/uploads\/sites\/3\/2022\/08\/BikersBest-logo.png","contentUrl":"https:\/\/goldwing.nl\/de\/wp-content\/uploads\/sites\/3\/2022\/08\/BikersBest-logo.png","width":311,"height":152,"caption":"Goldwing.nl - DE"},"image":{"@id":"https:\/\/goldwing.nl\/de\/#\/schema\/logo\/image\/"},"sameAs":["https:\/\/www.facebook.com\/302398026438779"]}]}},"_links":{"self":[{"href":"https:\/\/goldwing.nl\/de\/wp-json\/wp\/v2\/product\/28255"}],"collection":[{"href":"https:\/\/goldwing.nl\/de\/wp-json\/wp\/v2\/product"}],"about":[{"href":"https:\/\/goldwing.nl\/de\/wp-json\/wp\/v2\/types\/product"}],"wp:featuredmedia":[{"embeddable":true,"href":"https:\/\/goldwing.nl\/de\/wp-json\/wp\/v2\/media\/28405"}],"wp:attachment":[{"href":"https:\/\/goldwing.nl\/de\/wp-json\/wp\/v2\/media?parent=28255"}],"wp:term":[{"taxonomy":"product_cat","embeddable":true,"href":"https:\/\/goldwing.nl\/de\/wp-json\/wp\/v2\/product_cat?post=28255"},{"taxonomy":"product_tag","embeddable":true,"href":"https:\/\/goldwing.nl\/de\/wp-json\/wp\/v2\/product_tag?post=28255"}],"curies":[{"name":"wp","href":"https:\/\/api.w.org\/{rel}","templated":true}]}}