{"id":28252,"date":"2025-06-11T13:35:18","date_gmt":"2025-06-11T13:35:18","guid":{"rendered":"https:\/\/goldwing.nl\/de\/shop\/niet-gecategoriseerd\/putoline-helmreinigungsmittel-500ml\/"},"modified":"2025-06-12T15:30:31","modified_gmt":"2025-06-12T15:30:31","slug":"putoline-helmreinigungsmittel-500ml","status":"publish","type":"product","link":"https:\/\/goldwing.nl\/de\/shop\/helme\/putoline-helmreinigungsmittel-500ml\/","title":{"rendered":"putoline Helmreinigungsmittel 500ML"},"content":{"rendered":"","protected":false},"excerpt":{"rendered":"<p>putoline Helmreinigungsmittel 500ML<\/p>\n<p>Helmet Sanitiser ist ein hygienischer, sch\u00e4umender Helmreiniger. Das Produkt ist schnell und einfach in der Anwendung. Es reinigt und neutralisiert unangenehme Ger\u00fcche im Helmfutter und hinterl\u00e4sst einen frischen Zitrusduft. Helmet Sanitizer ist auch f\u00fcr die Reinigung der Helmschale und des Visiers geeignet.<\/p>\n<p>Gebrauchsanweisung:<\/p>\n<ul>\n<li>Helmet Sanitizer aufrecht halten und auf das Helmpolster spr\u00fchen<\/li>\n<li>Mit einem feuchten Tuch abwischen<\/li>\n<li>An einem warmen und gut bel\u00fcfteten Ort trocknen lassen<\/li>\n<\/ul>\n","protected":false},"featured_media":28273,"template":"","meta":{"_acf_changed":false},"product_cat":[539,557],"product_tag":[],"class_list":["post-28252","product","type-product","status-publish","has-post-thumbnail","hentry","product_cat-helme","product_cat-wasch-und-reinigungsmittel","product_shipping_class-pakket-artikel","","woocommerce-text-align-center","woocommerce-image-align-center","do-quantity-buttons"],"acf":[],"yoast_head":"<!-- This site is optimized with the Yoast SEO plugin v25.6 - https:\/\/yoast.com\/wordpress\/plugins\/seo\/ -->\n<title>putoline Helmreinigungsmittel 500ML - Goldwing.nl - DE<\/title>\n<meta name=\"robots\" content=\"index, follow, max-snippet:-1, max-image-preview:large, max-video-preview:-1\" \/>\n<link rel=\"canonical\" href=\"https:\/\/goldwing.nl\/de\/shop\/helme\/putoline-helmreinigungsmittel-500ml\/\" \/>\n<meta property=\"og:locale\" content=\"de_DE\" \/>\n<meta property=\"og:type\" content=\"article\" \/>\n<meta property=\"og:title\" content=\"putoline Helmreinigungsmittel 500ML - Goldwing.nl - DE\" \/>\n<meta property=\"og:description\" content=\"putoline Helmreinigungsmittel 500ML  Helmet Sanitiser ist ein hygienischer, sch\u00e4umender Helmreiniger. Das Produkt ist schnell und einfach in der Anwendung. Es reinigt und neutralisiert unangenehme Ger\u00fcche im Helmfutter und hinterl\u00e4sst einen frischen Zitrusduft. Helmet Sanitizer ist auch f\u00fcr die Reinigung der Helmschale und des Visiers geeignet.  Gebrauchsanweisung:   Helmet Sanitizer aufrecht halten und auf das Helmpolster spr\u00fchen  Mit einem feuchten Tuch abwischen  An einem warmen und gut bel\u00fcfteten Ort trocknen lassen\" \/>\n<meta property=\"og:url\" content=\"https:\/\/goldwing.nl\/de\/shop\/helme\/putoline-helmreinigungsmittel-500ml\/\" \/>\n<meta property=\"og:site_name\" content=\"Goldwing.nl - DE\" \/>\n<meta property=\"article:publisher\" content=\"https:\/\/www.facebook.com\/302398026438779\" \/>\n<meta property=\"article:modified_time\" content=\"2025-06-12T15:30:31+00:00\" \/>\n<meta property=\"og:image\" content=\"https:\/\/goldwing.nl\/de\/wp-content\/uploads\/sites\/3\/2025\/06\/74085-Middel.png?_t=1749649118\" \/>\n\t<meta property=\"og:image:width\" content=\"768\" \/>\n\t<meta property=\"og:image:height\" content=\"768\" \/>\n\t<meta property=\"og:image:type\" content=\"image\/png\" \/>\n<meta name=\"twitter:card\" content=\"summary_large_image\" \/>\n<meta name=\"twitter:label1\" content=\"Gesch\u00e4tzte Lesezeit\" \/>\n\t<meta name=\"twitter:data1\" content=\"1\u00a0Minute\" \/>\n<script type=\"application\/ld+json\" class=\"yoast-schema-graph\">{\"@context\":\"https:\/\/schema.org\",\"@graph\":[{\"@type\":\"WebPage\",\"@id\":\"https:\/\/goldwing.nl\/de\/shop\/helme\/putoline-helmreinigungsmittel-500ml\/\",\"url\":\"https:\/\/goldwing.nl\/de\/shop\/helme\/putoline-helmreinigungsmittel-500ml\/\",\"name\":\"putoline Helmreinigungsmittel 500ML - Goldwing.nl - DE\",\"isPartOf\":{\"@id\":\"https:\/\/goldwing.nl\/de\/#website\"},\"primaryImageOfPage\":{\"@id\":\"https:\/\/goldwing.nl\/de\/shop\/helme\/putoline-helmreinigungsmittel-500ml\/#primaryimage\"},\"image\":{\"@id\":\"https:\/\/goldwing.nl\/de\/shop\/helme\/putoline-helmreinigungsmittel-500ml\/#primaryimage\"},\"thumbnailUrl\":\"https:\/\/goldwing.nl\/de\/wp-content\/uploads\/sites\/3\/2025\/06\/74085-1.jpg\",\"datePublished\":\"2025-06-11T13:35:18+00:00\",\"dateModified\":\"2025-06-12T15:30:31+00:00\",\"breadcrumb\":{\"@id\":\"https:\/\/goldwing.nl\/de\/shop\/helme\/putoline-helmreinigungsmittel-500ml\/#breadcrumb\"},\"inLanguage\":\"de\",\"potentialAction\":[{\"@type\":\"ReadAction\",\"target\":[\"https:\/\/goldwing.nl\/de\/shop\/helme\/putoline-helmreinigungsmittel-500ml\/\"]}]},{\"@type\":\"ImageObject\",\"inLanguage\":\"de\",\"@id\":\"https:\/\/goldwing.nl\/de\/shop\/helme\/putoline-helmreinigungsmittel-500ml\/#primaryimage\",\"url\":\"https:\/\/goldwing.nl\/de\/wp-content\/uploads\/sites\/3\/2025\/06\/74085-1.jpg\",\"contentUrl\":\"https:\/\/goldwing.nl\/de\/wp-content\/uploads\/sites\/3\/2025\/06\/74085-1.jpg\",\"width\":2048,\"height\":2048},{\"@type\":\"BreadcrumbList\",\"@id\":\"https:\/\/goldwing.nl\/de\/shop\/helme\/putoline-helmreinigungsmittel-500ml\/#breadcrumb\",\"itemListElement\":[{\"@type\":\"ListItem\",\"position\":1,\"name\":\"Home\",\"item\":\"https:\/\/goldwing.nl\/de\/\"},{\"@type\":\"ListItem\",\"position\":2,\"name\":\"Webshop\",\"item\":\"https:\/\/goldwing.nl\/de\/shop\/\"},{\"@type\":\"ListItem\",\"position\":3,\"name\":\"putoline Helmreinigungsmittel 500ML\"}]},{\"@type\":\"WebSite\",\"@id\":\"https:\/\/goldwing.nl\/de\/#website\",\"url\":\"https:\/\/goldwing.nl\/de\/\",\"name\":\"Goldwing.nl - DE\",\"description\":\"Biker&#039;s Best\",\"publisher\":{\"@id\":\"https:\/\/goldwing.nl\/de\/#organization\"},\"potentialAction\":[{\"@type\":\"SearchAction\",\"target\":{\"@type\":\"EntryPoint\",\"urlTemplate\":\"https:\/\/goldwing.nl\/de\/?s={search_term_string}\"},\"query-input\":{\"@type\":\"PropertyValueSpecification\",\"valueRequired\":true,\"valueName\":\"search_term_string\"}}],\"inLanguage\":\"de\"},{\"@type\":\"Organization\",\"@id\":\"https:\/\/goldwing.nl\/de\/#organization\",\"name\":\"Goldwing.nl - DE\",\"url\":\"https:\/\/goldwing.nl\/de\/\",\"logo\":{\"@type\":\"ImageObject\",\"inLanguage\":\"de\",\"@id\":\"https:\/\/goldwing.nl\/de\/#\/schema\/logo\/image\/\",\"url\":\"https:\/\/goldwing.nl\/de\/wp-content\/uploads\/sites\/3\/2022\/08\/BikersBest-logo.png\",\"contentUrl\":\"https:\/\/goldwing.nl\/de\/wp-content\/uploads\/sites\/3\/2022\/08\/BikersBest-logo.png\",\"width\":311,\"height\":152,\"caption\":\"Goldwing.nl - DE\"},\"image\":{\"@id\":\"https:\/\/goldwing.nl\/de\/#\/schema\/logo\/image\/\"},\"sameAs\":[\"https:\/\/www.facebook.com\/302398026438779\"]}]}<\/script>\n<!-- \/ Yoast SEO plugin. -->","yoast_head_json":{"title":"putoline Helmreinigungsmittel 500ML - Goldwing.nl - DE","robots":{"index":"index","follow":"follow","max-snippet":"max-snippet:-1","max-image-preview":"max-image-preview:large","max-video-preview":"max-video-preview:-1"},"canonical":"https:\/\/goldwing.nl\/de\/shop\/helme\/putoline-helmreinigungsmittel-500ml\/","og_locale":"de_DE","og_type":"article","og_title":"putoline Helmreinigungsmittel 500ML - Goldwing.nl - DE","og_description":"putoline Helmreinigungsmittel 500ML  Helmet Sanitiser ist ein hygienischer, sch\u00e4umender Helmreiniger. Das Produkt ist schnell und einfach in der Anwendung. Es reinigt und neutralisiert unangenehme Ger\u00fcche im Helmfutter und hinterl\u00e4sst einen frischen Zitrusduft. Helmet Sanitizer ist auch f\u00fcr die Reinigung der Helmschale und des Visiers geeignet.  Gebrauchsanweisung:   Helmet Sanitizer aufrecht halten und auf das Helmpolster spr\u00fchen  Mit einem feuchten Tuch abwischen  An einem warmen und gut bel\u00fcfteten Ort trocknen lassen","og_url":"https:\/\/goldwing.nl\/de\/shop\/helme\/putoline-helmreinigungsmittel-500ml\/","og_site_name":"Goldwing.nl - DE","article_publisher":"https:\/\/www.facebook.com\/302398026438779","article_modified_time":"2025-06-12T15:30:31+00:00","og_image":[{"width":768,"height":768,"url":"https:\/\/goldwing.nl\/de\/wp-content\/uploads\/sites\/3\/2025\/06\/74085-Middel.png?_t=1749649118","type":"image\/png"}],"twitter_card":"summary_large_image","twitter_misc":{"Gesch\u00e4tzte Lesezeit":"1\u00a0Minute"},"schema":{"@context":"https:\/\/schema.org","@graph":[{"@type":"WebPage","@id":"https:\/\/goldwing.nl\/de\/shop\/helme\/putoline-helmreinigungsmittel-500ml\/","url":"https:\/\/goldwing.nl\/de\/shop\/helme\/putoline-helmreinigungsmittel-500ml\/","name":"putoline Helmreinigungsmittel 500ML - Goldwing.nl - DE","isPartOf":{"@id":"https:\/\/goldwing.nl\/de\/#website"},"primaryImageOfPage":{"@id":"https:\/\/goldwing.nl\/de\/shop\/helme\/putoline-helmreinigungsmittel-500ml\/#primaryimage"},"image":{"@id":"https:\/\/goldwing.nl\/de\/shop\/helme\/putoline-helmreinigungsmittel-500ml\/#primaryimage"},"thumbnailUrl":"https:\/\/goldwing.nl\/de\/wp-content\/uploads\/sites\/3\/2025\/06\/74085-1.jpg","datePublished":"2025-06-11T13:35:18+00:00","dateModified":"2025-06-12T15:30:31+00:00","breadcrumb":{"@id":"https:\/\/goldwing.nl\/de\/shop\/helme\/putoline-helmreinigungsmittel-500ml\/#breadcrumb"},"inLanguage":"de","potentialAction":[{"@type":"ReadAction","target":["https:\/\/goldwing.nl\/de\/shop\/helme\/putoline-helmreinigungsmittel-500ml\/"]}]},{"@type":"ImageObject","inLanguage":"de","@id":"https:\/\/goldwing.nl\/de\/shop\/helme\/putoline-helmreinigungsmittel-500ml\/#primaryimage","url":"https:\/\/goldwing.nl\/de\/wp-content\/uploads\/sites\/3\/2025\/06\/74085-1.jpg","contentUrl":"https:\/\/goldwing.nl\/de\/wp-content\/uploads\/sites\/3\/2025\/06\/74085-1.jpg","width":2048,"height":2048},{"@type":"BreadcrumbList","@id":"https:\/\/goldwing.nl\/de\/shop\/helme\/putoline-helmreinigungsmittel-500ml\/#breadcrumb","itemListElement":[{"@type":"ListItem","position":1,"name":"Home","item":"https:\/\/goldwing.nl\/de\/"},{"@type":"ListItem","position":2,"name":"Webshop","item":"https:\/\/goldwing.nl\/de\/shop\/"},{"@type":"ListItem","position":3,"name":"putoline Helmreinigungsmittel 500ML"}]},{"@type":"WebSite","@id":"https:\/\/goldwing.nl\/de\/#website","url":"https:\/\/goldwing.nl\/de\/","name":"Goldwing.nl - DE","description":"Biker&#039;s Best","publisher":{"@id":"https:\/\/goldwing.nl\/de\/#organization"},"potentialAction":[{"@type":"SearchAction","target":{"@type":"EntryPoint","urlTemplate":"https:\/\/goldwing.nl\/de\/?s={search_term_string}"},"query-input":{"@type":"PropertyValueSpecification","valueRequired":true,"valueName":"search_term_string"}}],"inLanguage":"de"},{"@type":"Organization","@id":"https:\/\/goldwing.nl\/de\/#organization","name":"Goldwing.nl - DE","url":"https:\/\/goldwing.nl\/de\/","logo":{"@type":"ImageObject","inLanguage":"de","@id":"https:\/\/goldwing.nl\/de\/#\/schema\/logo\/image\/","url":"https:\/\/goldwing.nl\/de\/wp-content\/uploads\/sites\/3\/2022\/08\/BikersBest-logo.png","contentUrl":"https:\/\/goldwing.nl\/de\/wp-content\/uploads\/sites\/3\/2022\/08\/BikersBest-logo.png","width":311,"height":152,"caption":"Goldwing.nl - DE"},"image":{"@id":"https:\/\/goldwing.nl\/de\/#\/schema\/logo\/image\/"},"sameAs":["https:\/\/www.facebook.com\/302398026438779"]}]}},"_links":{"self":[{"href":"https:\/\/goldwing.nl\/de\/wp-json\/wp\/v2\/product\/28252"}],"collection":[{"href":"https:\/\/goldwing.nl\/de\/wp-json\/wp\/v2\/product"}],"about":[{"href":"https:\/\/goldwing.nl\/de\/wp-json\/wp\/v2\/types\/product"}],"wp:featuredmedia":[{"embeddable":true,"href":"https:\/\/goldwing.nl\/de\/wp-json\/wp\/v2\/media\/28273"}],"wp:attachment":[{"href":"https:\/\/goldwing.nl\/de\/wp-json\/wp\/v2\/media?parent=28252"}],"wp:term":[{"taxonomy":"product_cat","embeddable":true,"href":"https:\/\/goldwing.nl\/de\/wp-json\/wp\/v2\/product_cat?post=28252"},{"taxonomy":"product_tag","embeddable":true,"href":"https:\/\/goldwing.nl\/de\/wp-json\/wp\/v2\/product_tag?post=28252"}],"curies":[{"name":"wp","href":"https:\/\/api.w.org\/{rel}","templated":true}]}}