{"id":28213,"date":"2025-06-06T15:26:18","date_gmt":"2025-06-06T15:26:18","guid":{"rendered":"https:\/\/goldwing.nl\/de\/shop\/niet-gecategoriseerd\/kombi-reinigungsrolle-mit-multiwachs\/"},"modified":"2025-10-27T11:27:36","modified_gmt":"2025-10-27T11:27:36","slug":"kombi-reinigungsrolle-mit-multiwachs","status":"publish","type":"product","link":"https:\/\/goldwing.nl\/de\/shop\/wartung-reparatur\/oel-fett-bremsfluessigkeit-und-reinigungsmittel\/kombi-reinigungsrolle-mit-multiwachs\/","title":{"rendered":"Kombi-Reinigungsrolle mit Multiwachs"},"content":{"rendered":"","protected":false},"excerpt":{"rendered":"<p>Kombi-Reinigungsrolle mit Multiwachs<\/p>\n<ul>\n<li>Einfache Anwendung -&gt; aufspr\u00fchen und abreiben;<\/li>\n<li>Verleiht einen langanhaltenden Tiefenglanz -&gt; sch\u00f6nes Ergebnis;<\/li>\n<li>Auf vielen Oberfl\u00e4chen anwendbar -&gt; breiter Einsatzbereich;<\/li>\n<li>Reinigt und gl\u00e4nzt in einem Zug;<\/li>\n<li>Hinterl\u00e4sst einen frischen Lavendelduft -&gt; gibt ein sauberes und frisches Gef\u00fchl;<\/li>\n<li>Wirkt wasserabweisend -&gt; Wasser l\u00e4uft leicht ab.<\/li>\n<li>Aerosoldose gut sch\u00fctteln, damit sich der Inhalt der Dose gut vermischt. 2 bis 3 m2 einspr\u00fchen und sofort mit einem gut befeuchteten Tuch (z. B. weiches Baumwoll- oder Mikrofasertuch) trocken wischen und auf Hochglanz polieren.<\/li>\n<\/ul>\n","protected":false},"featured_media":28272,"template":"","meta":{"_acf_changed":false},"product_cat":[397,462,557],"product_tag":[],"class_list":["post-28213","product","type-product","status-publish","has-post-thumbnail","hentry","product_cat-wartung-reparatur","product_cat-oel-fett-bremsfluessigkeit-und-reinigungsmittel","product_cat-wasch-und-reinigungsmittel","product_shipping_class-pakket-artikel","","woocommerce-text-align-center","woocommerce-image-align-center","do-quantity-buttons"],"acf":[],"yoast_head":"<!-- This site is optimized with the Yoast SEO plugin v25.6 - https:\/\/yoast.com\/wordpress\/plugins\/seo\/ -->\n<title>Kombi-Reinigungsrolle mit Multiwachs - Goldwing.nl - DE<\/title>\n<meta name=\"robots\" content=\"index, follow, max-snippet:-1, max-image-preview:large, max-video-preview:-1\" \/>\n<link rel=\"canonical\" href=\"https:\/\/goldwing.nl\/de\/shop\/wartung-reparatur\/kombi-reinigungsrolle-mit-multiwachs\/\" \/>\n<meta property=\"og:locale\" content=\"de_DE\" \/>\n<meta property=\"og:type\" content=\"article\" \/>\n<meta property=\"og:title\" content=\"Kombi-Reinigungsrolle mit Multiwachs - Goldwing.nl - DE\" \/>\n<meta property=\"og:description\" content=\"Kombi-Reinigungsrolle mit Multiwachs   Einfache Anwendung -&gt; aufspr\u00fchen und abreiben;  Verleiht einen langanhaltenden Tiefenglanz -&gt; sch\u00f6nes Ergebnis;  Auf vielen Oberfl\u00e4chen anwendbar -&gt; breiter Einsatzbereich;  Reinigt und gl\u00e4nzt in einem Zug;  Hinterl\u00e4sst einen frischen Lavendelduft -&gt; gibt ein sauberes und frisches Gef\u00fchl;  Wirkt wasserabweisend -&gt; Wasser l\u00e4uft leicht ab.  Aerosoldose gut sch\u00fctteln, damit sich der Inhalt der Dose gut vermischt. 2 bis 3 m2 einspr\u00fchen und sofort mit einem gut befeuchteten Tuch (z. B. weiches Baumwoll- oder Mikrofasertuch) trocken wischen und auf Hochglanz polieren.\" \/>\n<meta property=\"og:url\" content=\"https:\/\/goldwing.nl\/de\/shop\/wartung-reparatur\/kombi-reinigungsrolle-mit-multiwachs\/\" \/>\n<meta property=\"og:site_name\" content=\"Goldwing.nl - DE\" \/>\n<meta property=\"article:publisher\" content=\"https:\/\/www.facebook.com\/302398026438779\" \/>\n<meta property=\"article:modified_time\" content=\"2025-10-27T11:27:36+00:00\" \/>\n<meta property=\"og:image\" content=\"https:\/\/goldwing.nl\/de\/wp-content\/uploads\/sites\/3\/2025\/06\/0740-scaled.jpg\" \/>\n\t<meta property=\"og:image:width\" content=\"2234\" \/>\n\t<meta property=\"og:image:height\" content=\"2560\" \/>\n\t<meta property=\"og:image:type\" content=\"image\/jpeg\" \/>\n<meta name=\"twitter:card\" content=\"summary_large_image\" \/>\n<script type=\"application\/ld+json\" class=\"yoast-schema-graph\">{\"@context\":\"https:\/\/schema.org\",\"@graph\":[{\"@type\":\"WebPage\",\"@id\":\"https:\/\/goldwing.nl\/de\/shop\/wartung-reparatur\/kombi-reinigungsrolle-mit-multiwachs\/\",\"url\":\"https:\/\/goldwing.nl\/de\/shop\/wartung-reparatur\/kombi-reinigungsrolle-mit-multiwachs\/\",\"name\":\"Kombi-Reinigungsrolle mit Multiwachs - Goldwing.nl - DE\",\"isPartOf\":{\"@id\":\"https:\/\/goldwing.nl\/de\/#website\"},\"primaryImageOfPage\":{\"@id\":\"https:\/\/goldwing.nl\/de\/shop\/wartung-reparatur\/kombi-reinigungsrolle-mit-multiwachs\/#primaryimage\"},\"image\":{\"@id\":\"https:\/\/goldwing.nl\/de\/shop\/wartung-reparatur\/kombi-reinigungsrolle-mit-multiwachs\/#primaryimage\"},\"thumbnailUrl\":\"https:\/\/goldwing.nl\/de\/wp-content\/uploads\/sites\/3\/2025\/06\/0740-1-Middel.jpg\",\"datePublished\":\"2025-06-06T15:26:18+00:00\",\"dateModified\":\"2025-10-27T11:27:36+00:00\",\"breadcrumb\":{\"@id\":\"https:\/\/goldwing.nl\/de\/shop\/wartung-reparatur\/kombi-reinigungsrolle-mit-multiwachs\/#breadcrumb\"},\"inLanguage\":\"de\",\"potentialAction\":[{\"@type\":\"ReadAction\",\"target\":[\"https:\/\/goldwing.nl\/de\/shop\/wartung-reparatur\/kombi-reinigungsrolle-mit-multiwachs\/\"]}]},{\"@type\":\"ImageObject\",\"inLanguage\":\"de\",\"@id\":\"https:\/\/goldwing.nl\/de\/shop\/wartung-reparatur\/kombi-reinigungsrolle-mit-multiwachs\/#primaryimage\",\"url\":\"https:\/\/goldwing.nl\/de\/wp-content\/uploads\/sites\/3\/2025\/06\/0740-1-Middel.jpg\",\"contentUrl\":\"https:\/\/goldwing.nl\/de\/wp-content\/uploads\/sites\/3\/2025\/06\/0740-1-Middel.jpg\",\"width\":768,\"height\":768},{\"@type\":\"BreadcrumbList\",\"@id\":\"https:\/\/goldwing.nl\/de\/shop\/wartung-reparatur\/kombi-reinigungsrolle-mit-multiwachs\/#breadcrumb\",\"itemListElement\":[{\"@type\":\"ListItem\",\"position\":1,\"name\":\"Home\",\"item\":\"https:\/\/goldwing.nl\/de\/\"},{\"@type\":\"ListItem\",\"position\":2,\"name\":\"Webshop\",\"item\":\"https:\/\/goldwing.nl\/de\/shop\/\"},{\"@type\":\"ListItem\",\"position\":3,\"name\":\"Kombi-Reinigungsrolle mit Multiwachs\"}]},{\"@type\":\"WebSite\",\"@id\":\"https:\/\/goldwing.nl\/de\/#website\",\"url\":\"https:\/\/goldwing.nl\/de\/\",\"name\":\"Goldwing.nl - DE\",\"description\":\"Biker&#039;s Best\",\"publisher\":{\"@id\":\"https:\/\/goldwing.nl\/de\/#organization\"},\"potentialAction\":[{\"@type\":\"SearchAction\",\"target\":{\"@type\":\"EntryPoint\",\"urlTemplate\":\"https:\/\/goldwing.nl\/de\/?s={search_term_string}\"},\"query-input\":{\"@type\":\"PropertyValueSpecification\",\"valueRequired\":true,\"valueName\":\"search_term_string\"}}],\"inLanguage\":\"de\"},{\"@type\":\"Organization\",\"@id\":\"https:\/\/goldwing.nl\/de\/#organization\",\"name\":\"Goldwing.nl - DE\",\"url\":\"https:\/\/goldwing.nl\/de\/\",\"logo\":{\"@type\":\"ImageObject\",\"inLanguage\":\"de\",\"@id\":\"https:\/\/goldwing.nl\/de\/#\/schema\/logo\/image\/\",\"url\":\"https:\/\/goldwing.nl\/de\/wp-content\/uploads\/sites\/3\/2022\/08\/BikersBest-logo.png\",\"contentUrl\":\"https:\/\/goldwing.nl\/de\/wp-content\/uploads\/sites\/3\/2022\/08\/BikersBest-logo.png\",\"width\":311,\"height\":152,\"caption\":\"Goldwing.nl - DE\"},\"image\":{\"@id\":\"https:\/\/goldwing.nl\/de\/#\/schema\/logo\/image\/\"},\"sameAs\":[\"https:\/\/www.facebook.com\/302398026438779\"]}]}<\/script>\n<!-- \/ Yoast SEO plugin. -->","yoast_head_json":{"title":"Kombi-Reinigungsrolle mit Multiwachs - Goldwing.nl - DE","robots":{"index":"index","follow":"follow","max-snippet":"max-snippet:-1","max-image-preview":"max-image-preview:large","max-video-preview":"max-video-preview:-1"},"canonical":"https:\/\/goldwing.nl\/de\/shop\/wartung-reparatur\/kombi-reinigungsrolle-mit-multiwachs\/","og_locale":"de_DE","og_type":"article","og_title":"Kombi-Reinigungsrolle mit Multiwachs - Goldwing.nl - DE","og_description":"Kombi-Reinigungsrolle mit Multiwachs   Einfache Anwendung -&gt; aufspr\u00fchen und abreiben;  Verleiht einen langanhaltenden Tiefenglanz -&gt; sch\u00f6nes Ergebnis;  Auf vielen Oberfl\u00e4chen anwendbar -&gt; breiter Einsatzbereich;  Reinigt und gl\u00e4nzt in einem Zug;  Hinterl\u00e4sst einen frischen Lavendelduft -&gt; gibt ein sauberes und frisches Gef\u00fchl;  Wirkt wasserabweisend -&gt; Wasser l\u00e4uft leicht ab.  Aerosoldose gut sch\u00fctteln, damit sich der Inhalt der Dose gut vermischt. 2 bis 3 m2 einspr\u00fchen und sofort mit einem gut befeuchteten Tuch (z. B. weiches Baumwoll- oder Mikrofasertuch) trocken wischen und auf Hochglanz polieren.","og_url":"https:\/\/goldwing.nl\/de\/shop\/wartung-reparatur\/kombi-reinigungsrolle-mit-multiwachs\/","og_site_name":"Goldwing.nl - DE","article_publisher":"https:\/\/www.facebook.com\/302398026438779","article_modified_time":"2025-10-27T11:27:36+00:00","og_image":[{"width":2234,"height":2560,"url":"https:\/\/goldwing.nl\/de\/wp-content\/uploads\/sites\/3\/2025\/06\/0740-scaled.jpg","type":"image\/jpeg"}],"twitter_card":"summary_large_image","schema":{"@context":"https:\/\/schema.org","@graph":[{"@type":"WebPage","@id":"https:\/\/goldwing.nl\/de\/shop\/wartung-reparatur\/kombi-reinigungsrolle-mit-multiwachs\/","url":"https:\/\/goldwing.nl\/de\/shop\/wartung-reparatur\/kombi-reinigungsrolle-mit-multiwachs\/","name":"Kombi-Reinigungsrolle mit Multiwachs - Goldwing.nl - DE","isPartOf":{"@id":"https:\/\/goldwing.nl\/de\/#website"},"primaryImageOfPage":{"@id":"https:\/\/goldwing.nl\/de\/shop\/wartung-reparatur\/kombi-reinigungsrolle-mit-multiwachs\/#primaryimage"},"image":{"@id":"https:\/\/goldwing.nl\/de\/shop\/wartung-reparatur\/kombi-reinigungsrolle-mit-multiwachs\/#primaryimage"},"thumbnailUrl":"https:\/\/goldwing.nl\/de\/wp-content\/uploads\/sites\/3\/2025\/06\/0740-1-Middel.jpg","datePublished":"2025-06-06T15:26:18+00:00","dateModified":"2025-10-27T11:27:36+00:00","breadcrumb":{"@id":"https:\/\/goldwing.nl\/de\/shop\/wartung-reparatur\/kombi-reinigungsrolle-mit-multiwachs\/#breadcrumb"},"inLanguage":"de","potentialAction":[{"@type":"ReadAction","target":["https:\/\/goldwing.nl\/de\/shop\/wartung-reparatur\/kombi-reinigungsrolle-mit-multiwachs\/"]}]},{"@type":"ImageObject","inLanguage":"de","@id":"https:\/\/goldwing.nl\/de\/shop\/wartung-reparatur\/kombi-reinigungsrolle-mit-multiwachs\/#primaryimage","url":"https:\/\/goldwing.nl\/de\/wp-content\/uploads\/sites\/3\/2025\/06\/0740-1-Middel.jpg","contentUrl":"https:\/\/goldwing.nl\/de\/wp-content\/uploads\/sites\/3\/2025\/06\/0740-1-Middel.jpg","width":768,"height":768},{"@type":"BreadcrumbList","@id":"https:\/\/goldwing.nl\/de\/shop\/wartung-reparatur\/kombi-reinigungsrolle-mit-multiwachs\/#breadcrumb","itemListElement":[{"@type":"ListItem","position":1,"name":"Home","item":"https:\/\/goldwing.nl\/de\/"},{"@type":"ListItem","position":2,"name":"Webshop","item":"https:\/\/goldwing.nl\/de\/shop\/"},{"@type":"ListItem","position":3,"name":"Kombi-Reinigungsrolle mit Multiwachs"}]},{"@type":"WebSite","@id":"https:\/\/goldwing.nl\/de\/#website","url":"https:\/\/goldwing.nl\/de\/","name":"Goldwing.nl - DE","description":"Biker&#039;s Best","publisher":{"@id":"https:\/\/goldwing.nl\/de\/#organization"},"potentialAction":[{"@type":"SearchAction","target":{"@type":"EntryPoint","urlTemplate":"https:\/\/goldwing.nl\/de\/?s={search_term_string}"},"query-input":{"@type":"PropertyValueSpecification","valueRequired":true,"valueName":"search_term_string"}}],"inLanguage":"de"},{"@type":"Organization","@id":"https:\/\/goldwing.nl\/de\/#organization","name":"Goldwing.nl - DE","url":"https:\/\/goldwing.nl\/de\/","logo":{"@type":"ImageObject","inLanguage":"de","@id":"https:\/\/goldwing.nl\/de\/#\/schema\/logo\/image\/","url":"https:\/\/goldwing.nl\/de\/wp-content\/uploads\/sites\/3\/2022\/08\/BikersBest-logo.png","contentUrl":"https:\/\/goldwing.nl\/de\/wp-content\/uploads\/sites\/3\/2022\/08\/BikersBest-logo.png","width":311,"height":152,"caption":"Goldwing.nl - DE"},"image":{"@id":"https:\/\/goldwing.nl\/de\/#\/schema\/logo\/image\/"},"sameAs":["https:\/\/www.facebook.com\/302398026438779"]}]}},"_links":{"self":[{"href":"https:\/\/goldwing.nl\/de\/wp-json\/wp\/v2\/product\/28213"}],"collection":[{"href":"https:\/\/goldwing.nl\/de\/wp-json\/wp\/v2\/product"}],"about":[{"href":"https:\/\/goldwing.nl\/de\/wp-json\/wp\/v2\/types\/product"}],"wp:featuredmedia":[{"embeddable":true,"href":"https:\/\/goldwing.nl\/de\/wp-json\/wp\/v2\/media\/28272"}],"wp:attachment":[{"href":"https:\/\/goldwing.nl\/de\/wp-json\/wp\/v2\/media?parent=28213"}],"wp:term":[{"taxonomy":"product_cat","embeddable":true,"href":"https:\/\/goldwing.nl\/de\/wp-json\/wp\/v2\/product_cat?post=28213"},{"taxonomy":"product_tag","embeddable":true,"href":"https:\/\/goldwing.nl\/de\/wp-json\/wp\/v2\/product_tag?post=28213"}],"curies":[{"name":"wp","href":"https:\/\/api.w.org\/{rel}","templated":true}]}}