{"id":28203,"date":"2025-06-19T10:36:33","date_gmt":"2025-06-19T10:36:33","guid":{"rendered":"https:\/\/goldwing.nl\/de\/?post_type=product&#038;p=28203"},"modified":"2026-04-09T15:10:39","modified_gmt":"2026-04-09T15:10:39","slug":"hintere-gl1800-2018up-modelle-kotflugelfullerleisten","status":"publish","type":"product","link":"https:\/\/goldwing.nl\/de\/shop\/goldwing-gl-1800-2018-up-zubehoer\/hintere-gl1800-2018up-modelle-kotflugelfullerleisten\/","title":{"rendered":"Hintere GL1800 2018up Modelle Kotfl\u00fcgelf\u00fcllerleisten (in schwarz) (D)"},"content":{"rendered":"","protected":false},"excerpt":{"rendered":"<p>Hintere GL1800 2018UP Modelle Kotfl\u00fcgelf\u00fcllerleisten<\/p>\n<ul>\n<li>F\u00fcllt die unsch\u00f6ne L\u00fccke zwischen Kotfl\u00fcgel und Satteltasche<\/li>\n<li>Reduziert bei nassem Wetter die Spritzwasserbildung zwischen Schutzblech und Satteltasche<\/li>\n<li>Verringert die Schmutzablagerung am Heck des Motorrads<\/li>\n<li>Passt zum OEM-Kotfl\u00fcgel f\u00fcr ein werkseitiges Aussehen<\/li>\n<li>Hergestellt aus langlebigem EPDM-Gummi<\/li>\n<li>Leicht abnehmbares Schutzblech f\u00fcr Servicearbeiten<\/li>\n<li>Funktioniert mit allen Goldstrike-Zubeh\u00f6rteilen<\/li>\n<\/ul>\n","protected":false},"featured_media":28377,"template":"","meta":{"_acf_changed":false},"product_cat":[400,554],"product_tag":[],"class_list":["post-28203","product","type-product","status-publish","has-post-thumbnail","hentry","product_cat-goldwing-gl-1800-2018-up-zubehoer","product_cat-gl1800-2021-up-deutsch","","woocommerce-text-align-center","woocommerce-image-align-center","do-quantity-buttons"],"acf":[],"yoast_head":"<!-- This site is optimized with the Yoast SEO plugin v25.6 - https:\/\/yoast.com\/wordpress\/plugins\/seo\/ -->\n<title>Hintere GL1800 2018up Modelle Kotfl\u00fcgelf\u00fcllerleisten (in schwarz) (D) - Goldwing.nl - DE<\/title>\n<meta name=\"robots\" content=\"index, follow, max-snippet:-1, max-image-preview:large, max-video-preview:-1\" \/>\n<link rel=\"canonical\" href=\"https:\/\/goldwing.nl\/de\/?post_type=product&p=28203\" \/>\n<meta property=\"og:locale\" content=\"de_DE\" \/>\n<meta property=\"og:type\" content=\"article\" \/>\n<meta property=\"og:title\" content=\"Hintere GL1800 2018up Modelle Kotfl\u00fcgelf\u00fcllerleisten (in schwarz) (D) - Goldwing.nl - DE\" \/>\n<meta property=\"og:description\" content=\"Hintere GL1800 2018UP Modelle Kotfl\u00fcgelf\u00fcllerleisten   F\u00fcllt die unsch\u00f6ne L\u00fccke zwischen Kotfl\u00fcgel und Satteltasche  Reduziert bei nassem Wetter die Spritzwasserbildung zwischen Schutzblech und Satteltasche  Verringert die Schmutzablagerung am Heck des Motorrads  Passt zum OEM-Kotfl\u00fcgel f\u00fcr ein werkseitiges Aussehen  Hergestellt aus langlebigem EPDM-Gummi  Leicht abnehmbares Schutzblech f\u00fcr Servicearbeiten  Funktioniert mit allen Goldstrike-Zubeh\u00f6rteilen\" \/>\n<meta property=\"og:url\" content=\"https:\/\/goldwing.nl\/de\/?post_type=product&amp;p=28203\" \/>\n<meta property=\"og:site_name\" content=\"Goldwing.nl - DE\" \/>\n<meta property=\"article:publisher\" content=\"https:\/\/www.facebook.com\/302398026438779\" \/>\n<meta property=\"article:modified_time\" content=\"2026-04-09T15:10:39+00:00\" \/>\n<meta name=\"twitter:card\" content=\"summary_large_image\" \/>\n<script type=\"application\/ld+json\" class=\"yoast-schema-graph\">{\"@context\":\"https:\/\/schema.org\",\"@graph\":[{\"@type\":\"WebPage\",\"@id\":\"https:\/\/goldwing.nl\/de\/?post_type=product&p=28203\",\"url\":\"https:\/\/goldwing.nl\/de\/?post_type=product&p=28203\",\"name\":\"Hintere GL1800 2018up Modelle Kotfl\u00fcgelf\u00fcllerleisten (in schwarz) (D) - Goldwing.nl - DE\",\"isPartOf\":{\"@id\":\"https:\/\/goldwing.nl\/de\/#website\"},\"primaryImageOfPage\":{\"@id\":\"https:\/\/goldwing.nl\/de\/?post_type=product&p=28203#primaryimage\"},\"image\":{\"@id\":\"https:\/\/goldwing.nl\/de\/?post_type=product&p=28203#primaryimage\"},\"thumbnailUrl\":\"https:\/\/goldwing.nl\/de\/wp-content\/uploads\/sites\/3\/2025\/06\/68901.jpg\",\"datePublished\":\"2025-06-19T10:36:33+00:00\",\"dateModified\":\"2026-04-09T15:10:39+00:00\",\"breadcrumb\":{\"@id\":\"https:\/\/goldwing.nl\/de\/?post_type=product&p=28203#breadcrumb\"},\"inLanguage\":\"de\",\"potentialAction\":[{\"@type\":\"ReadAction\",\"target\":[\"https:\/\/goldwing.nl\/de\/?post_type=product&p=28203\"]}]},{\"@type\":\"ImageObject\",\"inLanguage\":\"de\",\"@id\":\"https:\/\/goldwing.nl\/de\/?post_type=product&p=28203#primaryimage\",\"url\":\"https:\/\/goldwing.nl\/de\/wp-content\/uploads\/sites\/3\/2025\/06\/68901.jpg\",\"contentUrl\":\"https:\/\/goldwing.nl\/de\/wp-content\/uploads\/sites\/3\/2025\/06\/68901.jpg\",\"width\":1600,\"height\":1600},{\"@type\":\"BreadcrumbList\",\"@id\":\"https:\/\/goldwing.nl\/de\/?post_type=product&p=28203#breadcrumb\",\"itemListElement\":[{\"@type\":\"ListItem\",\"position\":1,\"name\":\"Home\",\"item\":\"https:\/\/goldwing.nl\/de\/\"},{\"@type\":\"ListItem\",\"position\":2,\"name\":\"Webshop\",\"item\":\"https:\/\/goldwing.nl\/de\/shop\/\"},{\"@type\":\"ListItem\",\"position\":3,\"name\":\"Hintere GL1800 2018up Modelle Kotfl\u00fcgelf\u00fcllerleisten (in schwarz)\"}]},{\"@type\":\"WebSite\",\"@id\":\"https:\/\/goldwing.nl\/de\/#website\",\"url\":\"https:\/\/goldwing.nl\/de\/\",\"name\":\"Goldwing.nl - DE\",\"description\":\"Biker&#039;s Best\",\"publisher\":{\"@id\":\"https:\/\/goldwing.nl\/de\/#organization\"},\"potentialAction\":[{\"@type\":\"SearchAction\",\"target\":{\"@type\":\"EntryPoint\",\"urlTemplate\":\"https:\/\/goldwing.nl\/de\/?s={search_term_string}\"},\"query-input\":{\"@type\":\"PropertyValueSpecification\",\"valueRequired\":true,\"valueName\":\"search_term_string\"}}],\"inLanguage\":\"de\"},{\"@type\":\"Organization\",\"@id\":\"https:\/\/goldwing.nl\/de\/#organization\",\"name\":\"Goldwing.nl - DE\",\"url\":\"https:\/\/goldwing.nl\/de\/\",\"logo\":{\"@type\":\"ImageObject\",\"inLanguage\":\"de\",\"@id\":\"https:\/\/goldwing.nl\/de\/#\/schema\/logo\/image\/\",\"url\":\"https:\/\/goldwing.nl\/de\/wp-content\/uploads\/sites\/3\/2022\/08\/BikersBest-logo.png\",\"contentUrl\":\"https:\/\/goldwing.nl\/de\/wp-content\/uploads\/sites\/3\/2022\/08\/BikersBest-logo.png\",\"width\":311,\"height\":152,\"caption\":\"Goldwing.nl - DE\"},\"image\":{\"@id\":\"https:\/\/goldwing.nl\/de\/#\/schema\/logo\/image\/\"},\"sameAs\":[\"https:\/\/www.facebook.com\/302398026438779\"]}]}<\/script>\n<!-- \/ Yoast SEO plugin. -->","yoast_head_json":{"title":"Hintere GL1800 2018up Modelle Kotfl\u00fcgelf\u00fcllerleisten (in schwarz) (D) - Goldwing.nl - DE","robots":{"index":"index","follow":"follow","max-snippet":"max-snippet:-1","max-image-preview":"max-image-preview:large","max-video-preview":"max-video-preview:-1"},"canonical":"https:\/\/goldwing.nl\/de\/?post_type=product&p=28203","og_locale":"de_DE","og_type":"article","og_title":"Hintere GL1800 2018up Modelle Kotfl\u00fcgelf\u00fcllerleisten (in schwarz) (D) - Goldwing.nl - DE","og_description":"Hintere GL1800 2018UP Modelle Kotfl\u00fcgelf\u00fcllerleisten   F\u00fcllt die unsch\u00f6ne L\u00fccke zwischen Kotfl\u00fcgel und Satteltasche  Reduziert bei nassem Wetter die Spritzwasserbildung zwischen Schutzblech und Satteltasche  Verringert die Schmutzablagerung am Heck des Motorrads  Passt zum OEM-Kotfl\u00fcgel f\u00fcr ein werkseitiges Aussehen  Hergestellt aus langlebigem EPDM-Gummi  Leicht abnehmbares Schutzblech f\u00fcr Servicearbeiten  Funktioniert mit allen Goldstrike-Zubeh\u00f6rteilen","og_url":"https:\/\/goldwing.nl\/de\/?post_type=product&p=28203","og_site_name":"Goldwing.nl - DE","article_publisher":"https:\/\/www.facebook.com\/302398026438779","article_modified_time":"2026-04-09T15:10:39+00:00","twitter_card":"summary_large_image","schema":{"@context":"https:\/\/schema.org","@graph":[{"@type":"WebPage","@id":"https:\/\/goldwing.nl\/de\/?post_type=product&p=28203","url":"https:\/\/goldwing.nl\/de\/?post_type=product&p=28203","name":"Hintere GL1800 2018up Modelle Kotfl\u00fcgelf\u00fcllerleisten (in schwarz) (D) - Goldwing.nl - DE","isPartOf":{"@id":"https:\/\/goldwing.nl\/de\/#website"},"primaryImageOfPage":{"@id":"https:\/\/goldwing.nl\/de\/?post_type=product&p=28203#primaryimage"},"image":{"@id":"https:\/\/goldwing.nl\/de\/?post_type=product&p=28203#primaryimage"},"thumbnailUrl":"https:\/\/goldwing.nl\/de\/wp-content\/uploads\/sites\/3\/2025\/06\/68901.jpg","datePublished":"2025-06-19T10:36:33+00:00","dateModified":"2026-04-09T15:10:39+00:00","breadcrumb":{"@id":"https:\/\/goldwing.nl\/de\/?post_type=product&p=28203#breadcrumb"},"inLanguage":"de","potentialAction":[{"@type":"ReadAction","target":["https:\/\/goldwing.nl\/de\/?post_type=product&p=28203"]}]},{"@type":"ImageObject","inLanguage":"de","@id":"https:\/\/goldwing.nl\/de\/?post_type=product&p=28203#primaryimage","url":"https:\/\/goldwing.nl\/de\/wp-content\/uploads\/sites\/3\/2025\/06\/68901.jpg","contentUrl":"https:\/\/goldwing.nl\/de\/wp-content\/uploads\/sites\/3\/2025\/06\/68901.jpg","width":1600,"height":1600},{"@type":"BreadcrumbList","@id":"https:\/\/goldwing.nl\/de\/?post_type=product&p=28203#breadcrumb","itemListElement":[{"@type":"ListItem","position":1,"name":"Home","item":"https:\/\/goldwing.nl\/de\/"},{"@type":"ListItem","position":2,"name":"Webshop","item":"https:\/\/goldwing.nl\/de\/shop\/"},{"@type":"ListItem","position":3,"name":"Hintere GL1800 2018up Modelle Kotfl\u00fcgelf\u00fcllerleisten (in schwarz)"}]},{"@type":"WebSite","@id":"https:\/\/goldwing.nl\/de\/#website","url":"https:\/\/goldwing.nl\/de\/","name":"Goldwing.nl - DE","description":"Biker&#039;s Best","publisher":{"@id":"https:\/\/goldwing.nl\/de\/#organization"},"potentialAction":[{"@type":"SearchAction","target":{"@type":"EntryPoint","urlTemplate":"https:\/\/goldwing.nl\/de\/?s={search_term_string}"},"query-input":{"@type":"PropertyValueSpecification","valueRequired":true,"valueName":"search_term_string"}}],"inLanguage":"de"},{"@type":"Organization","@id":"https:\/\/goldwing.nl\/de\/#organization","name":"Goldwing.nl - DE","url":"https:\/\/goldwing.nl\/de\/","logo":{"@type":"ImageObject","inLanguage":"de","@id":"https:\/\/goldwing.nl\/de\/#\/schema\/logo\/image\/","url":"https:\/\/goldwing.nl\/de\/wp-content\/uploads\/sites\/3\/2022\/08\/BikersBest-logo.png","contentUrl":"https:\/\/goldwing.nl\/de\/wp-content\/uploads\/sites\/3\/2022\/08\/BikersBest-logo.png","width":311,"height":152,"caption":"Goldwing.nl - DE"},"image":{"@id":"https:\/\/goldwing.nl\/de\/#\/schema\/logo\/image\/"},"sameAs":["https:\/\/www.facebook.com\/302398026438779"]}]}},"_links":{"self":[{"href":"https:\/\/goldwing.nl\/de\/wp-json\/wp\/v2\/product\/28203"}],"collection":[{"href":"https:\/\/goldwing.nl\/de\/wp-json\/wp\/v2\/product"}],"about":[{"href":"https:\/\/goldwing.nl\/de\/wp-json\/wp\/v2\/types\/product"}],"wp:featuredmedia":[{"embeddable":true,"href":"https:\/\/goldwing.nl\/de\/wp-json\/wp\/v2\/media\/28377"}],"wp:attachment":[{"href":"https:\/\/goldwing.nl\/de\/wp-json\/wp\/v2\/media?parent=28203"}],"wp:term":[{"taxonomy":"product_cat","embeddable":true,"href":"https:\/\/goldwing.nl\/de\/wp-json\/wp\/v2\/product_cat?post=28203"},{"taxonomy":"product_tag","embeddable":true,"href":"https:\/\/goldwing.nl\/de\/wp-json\/wp\/v2\/product_tag?post=28203"}],"curies":[{"name":"wp","href":"https:\/\/api.w.org\/{rel}","templated":true}]}}