{"id":27919,"date":"2025-03-13T13:08:31","date_gmt":"2025-03-13T13:08:31","guid":{"rendered":"https:\/\/goldwing.nl\/de\/shop\/niet-gecategoriseerd\/armlehne-fur-goldwing-gl-1800-2021-up\/"},"modified":"2025-10-01T14:05:32","modified_gmt":"2025-10-01T14:05:32","slug":"armlehne-fur-goldwing-gl-1800-2021-up","status":"publish","type":"product","link":"https:\/\/goldwing.nl\/de\/shop\/gl1800-2021-up-deutsch\/armlehne-fur-goldwing-gl-1800-2021-up\/","title":{"rendered":"Armlehne f\u00fcr Goldwing GL 1800 2021-up (C)"},"content":{"rendered":"","protected":false},"excerpt":{"rendered":"<ul>\n<li>Einfache Schraubmontage<\/li>\n<li>Kein Bohren<\/li>\n<li>Keine dauerhafte Ver\u00e4nderung an Ihrem Motorrad<\/li>\n<li>Hergestellt aus weichem, strapazierf\u00e4higem Gummi mit einem starren Aluminiumrahmen<\/li>\n<li>Verf\u00fcgt \u00fcber einen Zubeh\u00f6ranschluss sowohl auf der linken als auch auf der rechten Seite &#8211; optionale Zubeh\u00f6rhalterungen und Zubeh\u00f6r sind separat erh\u00e4ltlich<\/li>\n<li>Erh\u00f6hter Komfort und Halt<\/li>\n<\/ul>\n","protected":false},"featured_media":27923,"template":"","meta":{"_acf_changed":false},"product_cat":[554],"product_tag":[],"class_list":["post-27919","product","type-product","status-publish","has-post-thumbnail","hentry","product_cat-gl1800-2021-up-deutsch","product_shipping_class-pakket-artikel","","woocommerce-text-align-center","woocommerce-image-align-center","do-quantity-buttons"],"acf":[],"yoast_head":"<!-- This site is optimized with the Yoast SEO plugin v25.6 - https:\/\/yoast.com\/wordpress\/plugins\/seo\/ -->\n<title>Armlehne f\u00fcr Goldwing GL 1800 2021-up (C) - Goldwing.nl - DE<\/title>\n<meta name=\"robots\" content=\"index, follow, max-snippet:-1, max-image-preview:large, max-video-preview:-1\" \/>\n<link rel=\"canonical\" href=\"https:\/\/goldwing.nl\/de\/shop\/gl1800-2021-up-deutsch\/armlehne-fur-goldwing-gl-1800-2021-up\/\" \/>\n<meta property=\"og:locale\" content=\"de_DE\" \/>\n<meta property=\"og:type\" content=\"article\" \/>\n<meta property=\"og:title\" content=\"Armlehne f\u00fcr Goldwing GL 1800 2021-up (C) - Goldwing.nl - DE\" \/>\n<meta property=\"og:description\" content=\"Einfache Schraubmontage  Kein Bohren  Keine dauerhafte Ver\u00e4nderung an Ihrem Motorrad  Hergestellt aus weichem, strapazierf\u00e4higem Gummi mit einem starren Aluminiumrahmen  Verf\u00fcgt \u00fcber einen Zubeh\u00f6ranschluss sowohl auf der linken als auch auf der rechten Seite - optionale Zubeh\u00f6rhalterungen und Zubeh\u00f6r sind separat erh\u00e4ltlich  Erh\u00f6hter Komfort und Halt\" \/>\n<meta property=\"og:url\" content=\"https:\/\/goldwing.nl\/de\/shop\/gl1800-2021-up-deutsch\/armlehne-fur-goldwing-gl-1800-2021-up\/\" \/>\n<meta property=\"og:site_name\" content=\"Goldwing.nl - DE\" \/>\n<meta property=\"article:publisher\" content=\"https:\/\/www.facebook.com\/302398026438779\" \/>\n<meta property=\"article:modified_time\" content=\"2025-10-01T14:05:32+00:00\" \/>\n<meta property=\"og:image\" content=\"https:\/\/goldwing.nl\/de\/wp-content\/uploads\/sites\/3\/2025\/03\/25121-Medium.jpg\" \/>\n\t<meta property=\"og:image:width\" content=\"768\" \/>\n\t<meta property=\"og:image:height\" content=\"768\" \/>\n\t<meta property=\"og:image:type\" content=\"image\/jpeg\" \/>\n<meta name=\"twitter:card\" content=\"summary_large_image\" \/>\n<script type=\"application\/ld+json\" class=\"yoast-schema-graph\">{\"@context\":\"https:\/\/schema.org\",\"@graph\":[{\"@type\":\"WebPage\",\"@id\":\"https:\/\/goldwing.nl\/de\/shop\/gl1800-2021-up-deutsch\/armlehne-fur-goldwing-gl-1800-2021-up\/\",\"url\":\"https:\/\/goldwing.nl\/de\/shop\/gl1800-2021-up-deutsch\/armlehne-fur-goldwing-gl-1800-2021-up\/\",\"name\":\"Armlehne f\u00fcr Goldwing GL 1800 2021-up (C) - Goldwing.nl - DE\",\"isPartOf\":{\"@id\":\"https:\/\/goldwing.nl\/de\/#website\"},\"primaryImageOfPage\":{\"@id\":\"https:\/\/goldwing.nl\/de\/shop\/gl1800-2021-up-deutsch\/armlehne-fur-goldwing-gl-1800-2021-up\/#primaryimage\"},\"image\":{\"@id\":\"https:\/\/goldwing.nl\/de\/shop\/gl1800-2021-up-deutsch\/armlehne-fur-goldwing-gl-1800-2021-up\/#primaryimage\"},\"thumbnailUrl\":\"https:\/\/goldwing.nl\/de\/wp-content\/uploads\/sites\/3\/2025\/03\/25121-Medium.jpg\",\"datePublished\":\"2025-03-13T13:08:31+00:00\",\"dateModified\":\"2025-10-01T14:05:32+00:00\",\"breadcrumb\":{\"@id\":\"https:\/\/goldwing.nl\/de\/shop\/gl1800-2021-up-deutsch\/armlehne-fur-goldwing-gl-1800-2021-up\/#breadcrumb\"},\"inLanguage\":\"de\",\"potentialAction\":[{\"@type\":\"ReadAction\",\"target\":[\"https:\/\/goldwing.nl\/de\/shop\/gl1800-2021-up-deutsch\/armlehne-fur-goldwing-gl-1800-2021-up\/\"]}]},{\"@type\":\"ImageObject\",\"inLanguage\":\"de\",\"@id\":\"https:\/\/goldwing.nl\/de\/shop\/gl1800-2021-up-deutsch\/armlehne-fur-goldwing-gl-1800-2021-up\/#primaryimage\",\"url\":\"https:\/\/goldwing.nl\/de\/wp-content\/uploads\/sites\/3\/2025\/03\/25121-Medium.jpg\",\"contentUrl\":\"https:\/\/goldwing.nl\/de\/wp-content\/uploads\/sites\/3\/2025\/03\/25121-Medium.jpg\",\"width\":768,\"height\":768},{\"@type\":\"BreadcrumbList\",\"@id\":\"https:\/\/goldwing.nl\/de\/shop\/gl1800-2021-up-deutsch\/armlehne-fur-goldwing-gl-1800-2021-up\/#breadcrumb\",\"itemListElement\":[{\"@type\":\"ListItem\",\"position\":1,\"name\":\"Home\",\"item\":\"https:\/\/goldwing.nl\/de\/\"},{\"@type\":\"ListItem\",\"position\":2,\"name\":\"Webshop\",\"item\":\"https:\/\/goldwing.nl\/de\/shop\/\"},{\"@type\":\"ListItem\",\"position\":3,\"name\":\"Armlehne f\u00fcr Goldwing GL 1800 2021-up\"}]},{\"@type\":\"WebSite\",\"@id\":\"https:\/\/goldwing.nl\/de\/#website\",\"url\":\"https:\/\/goldwing.nl\/de\/\",\"name\":\"Goldwing.nl - DE\",\"description\":\"Biker&#039;s Best\",\"publisher\":{\"@id\":\"https:\/\/goldwing.nl\/de\/#organization\"},\"potentialAction\":[{\"@type\":\"SearchAction\",\"target\":{\"@type\":\"EntryPoint\",\"urlTemplate\":\"https:\/\/goldwing.nl\/de\/?s={search_term_string}\"},\"query-input\":{\"@type\":\"PropertyValueSpecification\",\"valueRequired\":true,\"valueName\":\"search_term_string\"}}],\"inLanguage\":\"de\"},{\"@type\":\"Organization\",\"@id\":\"https:\/\/goldwing.nl\/de\/#organization\",\"name\":\"Goldwing.nl - DE\",\"url\":\"https:\/\/goldwing.nl\/de\/\",\"logo\":{\"@type\":\"ImageObject\",\"inLanguage\":\"de\",\"@id\":\"https:\/\/goldwing.nl\/de\/#\/schema\/logo\/image\/\",\"url\":\"https:\/\/goldwing.nl\/de\/wp-content\/uploads\/sites\/3\/2022\/08\/BikersBest-logo.png\",\"contentUrl\":\"https:\/\/goldwing.nl\/de\/wp-content\/uploads\/sites\/3\/2022\/08\/BikersBest-logo.png\",\"width\":311,\"height\":152,\"caption\":\"Goldwing.nl - DE\"},\"image\":{\"@id\":\"https:\/\/goldwing.nl\/de\/#\/schema\/logo\/image\/\"},\"sameAs\":[\"https:\/\/www.facebook.com\/302398026438779\"]}]}<\/script>\n<!-- \/ Yoast SEO plugin. -->","yoast_head_json":{"title":"Armlehne f\u00fcr Goldwing GL 1800 2021-up (C) - Goldwing.nl - DE","robots":{"index":"index","follow":"follow","max-snippet":"max-snippet:-1","max-image-preview":"max-image-preview:large","max-video-preview":"max-video-preview:-1"},"canonical":"https:\/\/goldwing.nl\/de\/shop\/gl1800-2021-up-deutsch\/armlehne-fur-goldwing-gl-1800-2021-up\/","og_locale":"de_DE","og_type":"article","og_title":"Armlehne f\u00fcr Goldwing GL 1800 2021-up (C) - Goldwing.nl - DE","og_description":"Einfache Schraubmontage  Kein Bohren  Keine dauerhafte Ver\u00e4nderung an Ihrem Motorrad  Hergestellt aus weichem, strapazierf\u00e4higem Gummi mit einem starren Aluminiumrahmen  Verf\u00fcgt \u00fcber einen Zubeh\u00f6ranschluss sowohl auf der linken als auch auf der rechten Seite - optionale Zubeh\u00f6rhalterungen und Zubeh\u00f6r sind separat erh\u00e4ltlich  Erh\u00f6hter Komfort und Halt","og_url":"https:\/\/goldwing.nl\/de\/shop\/gl1800-2021-up-deutsch\/armlehne-fur-goldwing-gl-1800-2021-up\/","og_site_name":"Goldwing.nl - DE","article_publisher":"https:\/\/www.facebook.com\/302398026438779","article_modified_time":"2025-10-01T14:05:32+00:00","og_image":[{"width":768,"height":768,"url":"https:\/\/goldwing.nl\/de\/wp-content\/uploads\/sites\/3\/2025\/03\/25121-Medium.jpg","type":"image\/jpeg"}],"twitter_card":"summary_large_image","schema":{"@context":"https:\/\/schema.org","@graph":[{"@type":"WebPage","@id":"https:\/\/goldwing.nl\/de\/shop\/gl1800-2021-up-deutsch\/armlehne-fur-goldwing-gl-1800-2021-up\/","url":"https:\/\/goldwing.nl\/de\/shop\/gl1800-2021-up-deutsch\/armlehne-fur-goldwing-gl-1800-2021-up\/","name":"Armlehne f\u00fcr Goldwing GL 1800 2021-up (C) - Goldwing.nl - DE","isPartOf":{"@id":"https:\/\/goldwing.nl\/de\/#website"},"primaryImageOfPage":{"@id":"https:\/\/goldwing.nl\/de\/shop\/gl1800-2021-up-deutsch\/armlehne-fur-goldwing-gl-1800-2021-up\/#primaryimage"},"image":{"@id":"https:\/\/goldwing.nl\/de\/shop\/gl1800-2021-up-deutsch\/armlehne-fur-goldwing-gl-1800-2021-up\/#primaryimage"},"thumbnailUrl":"https:\/\/goldwing.nl\/de\/wp-content\/uploads\/sites\/3\/2025\/03\/25121-Medium.jpg","datePublished":"2025-03-13T13:08:31+00:00","dateModified":"2025-10-01T14:05:32+00:00","breadcrumb":{"@id":"https:\/\/goldwing.nl\/de\/shop\/gl1800-2021-up-deutsch\/armlehne-fur-goldwing-gl-1800-2021-up\/#breadcrumb"},"inLanguage":"de","potentialAction":[{"@type":"ReadAction","target":["https:\/\/goldwing.nl\/de\/shop\/gl1800-2021-up-deutsch\/armlehne-fur-goldwing-gl-1800-2021-up\/"]}]},{"@type":"ImageObject","inLanguage":"de","@id":"https:\/\/goldwing.nl\/de\/shop\/gl1800-2021-up-deutsch\/armlehne-fur-goldwing-gl-1800-2021-up\/#primaryimage","url":"https:\/\/goldwing.nl\/de\/wp-content\/uploads\/sites\/3\/2025\/03\/25121-Medium.jpg","contentUrl":"https:\/\/goldwing.nl\/de\/wp-content\/uploads\/sites\/3\/2025\/03\/25121-Medium.jpg","width":768,"height":768},{"@type":"BreadcrumbList","@id":"https:\/\/goldwing.nl\/de\/shop\/gl1800-2021-up-deutsch\/armlehne-fur-goldwing-gl-1800-2021-up\/#breadcrumb","itemListElement":[{"@type":"ListItem","position":1,"name":"Home","item":"https:\/\/goldwing.nl\/de\/"},{"@type":"ListItem","position":2,"name":"Webshop","item":"https:\/\/goldwing.nl\/de\/shop\/"},{"@type":"ListItem","position":3,"name":"Armlehne f\u00fcr Goldwing GL 1800 2021-up"}]},{"@type":"WebSite","@id":"https:\/\/goldwing.nl\/de\/#website","url":"https:\/\/goldwing.nl\/de\/","name":"Goldwing.nl - DE","description":"Biker&#039;s Best","publisher":{"@id":"https:\/\/goldwing.nl\/de\/#organization"},"potentialAction":[{"@type":"SearchAction","target":{"@type":"EntryPoint","urlTemplate":"https:\/\/goldwing.nl\/de\/?s={search_term_string}"},"query-input":{"@type":"PropertyValueSpecification","valueRequired":true,"valueName":"search_term_string"}}],"inLanguage":"de"},{"@type":"Organization","@id":"https:\/\/goldwing.nl\/de\/#organization","name":"Goldwing.nl - DE","url":"https:\/\/goldwing.nl\/de\/","logo":{"@type":"ImageObject","inLanguage":"de","@id":"https:\/\/goldwing.nl\/de\/#\/schema\/logo\/image\/","url":"https:\/\/goldwing.nl\/de\/wp-content\/uploads\/sites\/3\/2022\/08\/BikersBest-logo.png","contentUrl":"https:\/\/goldwing.nl\/de\/wp-content\/uploads\/sites\/3\/2022\/08\/BikersBest-logo.png","width":311,"height":152,"caption":"Goldwing.nl - DE"},"image":{"@id":"https:\/\/goldwing.nl\/de\/#\/schema\/logo\/image\/"},"sameAs":["https:\/\/www.facebook.com\/302398026438779"]}]}},"_links":{"self":[{"href":"https:\/\/goldwing.nl\/de\/wp-json\/wp\/v2\/product\/27919"}],"collection":[{"href":"https:\/\/goldwing.nl\/de\/wp-json\/wp\/v2\/product"}],"about":[{"href":"https:\/\/goldwing.nl\/de\/wp-json\/wp\/v2\/types\/product"}],"wp:featuredmedia":[{"embeddable":true,"href":"https:\/\/goldwing.nl\/de\/wp-json\/wp\/v2\/media\/27923"}],"wp:attachment":[{"href":"https:\/\/goldwing.nl\/de\/wp-json\/wp\/v2\/media?parent=27919"}],"wp:term":[{"taxonomy":"product_cat","embeddable":true,"href":"https:\/\/goldwing.nl\/de\/wp-json\/wp\/v2\/product_cat?post=27919"},{"taxonomy":"product_tag","embeddable":true,"href":"https:\/\/goldwing.nl\/de\/wp-json\/wp\/v2\/product_tag?post=27919"}],"curies":[{"name":"wp","href":"https:\/\/api.w.org\/{rel}","templated":true}]}}