{"id":27855,"date":"2025-02-27T09:23:58","date_gmt":"2025-02-27T09:23:58","guid":{"rendered":"https:\/\/goldwing.nl\/de\/shop\/niet-gecategoriseerd\/goldstrike-led-lichtleiste-fur-das-topcase-gl-1800-2018-2020\/"},"modified":"2025-10-01T14:17:31","modified_gmt":"2025-10-01T14:17:31","slug":"goldstrike-led-lichtleiste-fur-das-topcase-gl-1800-2018-2020-de-letste","status":"publish","type":"product","link":"https:\/\/goldwing.nl\/de\/shop\/goldwing-gl-1800-2018-up-zubehoer\/goldstrike-led-lichtleiste-fur-das-topcase-gl-1800-2018-2020-de-letste\/","title":{"rendered":"Goldstrike LED-Lichtleiste f\u00fcr das Topcase GL 1800 2018-2020 der letste! (F)"},"content":{"rendered":"","protected":false},"excerpt":{"rendered":"<p>f\u00fcr: 2018-2020 Honda Gold Wing, DCT, Tour, Tour DCT, Tour DCT Airbag (Passt NICHT in &#8217;21 GL1800)<\/p>\n<ul>\n<li>Entwickelt, um LED-Fahrlicht, Bremslicht und sequentielle gelbe Blinker auf der R\u00fcckseite Ihrer 2018-2020 Honda Gold Wing hinzuzuf\u00fcgen und die Sichtbarkeit und Sicherheit drastisch zu erh\u00f6hen.<\/li>\n<li>Die LEDs sind in einer flachen, leicht ger\u00e4ucherten Linse eingebaut, die sich in den Kofferraum Ihres Honda Touring Motorrads einf\u00fcgt und gleichzeitig die serienm\u00e4\u00dfige OE-Beleuchtung verbessert.<\/li>\n<li>Einfache Plug-and-Play-Installation mit p\/n 48000<\/li>\n<\/ul>\n","protected":false},"featured_media":27857,"template":"","meta":{"_acf_changed":false},"product_cat":[400],"product_tag":[],"class_list":["post-27855","product","type-product","status-publish","has-post-thumbnail","hentry","product_cat-goldwing-gl-1800-2018-up-zubehoer","product_shipping_class-pakket-artikel","","woocommerce-text-align-center","woocommerce-image-align-center","do-quantity-buttons"],"acf":[],"yoast_head":"<!-- This site is optimized with the Yoast SEO plugin v25.6 - https:\/\/yoast.com\/wordpress\/plugins\/seo\/ -->\n<title>Goldstrike LED-Lichtleiste f\u00fcr das Topcase GL 1800 2018-2020 der letste! (F) - Goldwing.nl - DE<\/title>\n<meta name=\"robots\" content=\"index, follow, max-snippet:-1, max-image-preview:large, max-video-preview:-1\" \/>\n<link rel=\"canonical\" href=\"https:\/\/goldwing.nl\/de\/shop\/goldwing-gl-1800-2018-up-zubehoer\/goldstrike-led-lichtleiste-fur-das-topcase-gl-1800-2018-2020\/\" \/>\n<meta property=\"og:locale\" content=\"de_DE\" \/>\n<meta property=\"og:type\" content=\"article\" \/>\n<meta property=\"og:title\" content=\"Goldstrike LED-Lichtleiste f\u00fcr das Topcase GL 1800 2018-2020 der letste! (F) - Goldwing.nl - DE\" \/>\n<meta property=\"og:description\" content=\"f\u00fcr: 2018-2020 Honda Gold Wing, DCT, Tour, Tour DCT, Tour DCT Airbag (Passt NICHT in &#039;21 GL1800)   Entwickelt, um LED-Fahrlicht, Bremslicht und sequentielle gelbe Blinker auf der R\u00fcckseite Ihrer 2018-2020 Honda Gold Wing hinzuzuf\u00fcgen und die Sichtbarkeit und Sicherheit drastisch zu erh\u00f6hen.  Die LEDs sind in einer flachen, leicht ger\u00e4ucherten Linse eingebaut, die sich in den Kofferraum Ihres Honda Touring Motorrads einf\u00fcgt und gleichzeitig die serienm\u00e4\u00dfige OE-Beleuchtung verbessert.  Einfache Plug-and-Play-Installation mit p\/n 48000\" \/>\n<meta property=\"og:url\" content=\"https:\/\/goldwing.nl\/de\/shop\/goldwing-gl-1800-2018-up-zubehoer\/goldstrike-led-lichtleiste-fur-das-topcase-gl-1800-2018-2020\/\" \/>\n<meta property=\"og:site_name\" content=\"Goldwing.nl - DE\" \/>\n<meta property=\"article:publisher\" content=\"https:\/\/www.facebook.com\/302398026438779\" \/>\n<meta property=\"article:modified_time\" content=\"2025-10-01T14:17:31+00:00\" \/>\n<meta property=\"og:image\" content=\"https:\/\/goldwing.nl\/de\/wp-content\/uploads\/sites\/3\/2025\/02\/48200.jpg\" \/>\n\t<meta property=\"og:image:width\" content=\"575\" \/>\n\t<meta property=\"og:image:height\" content=\"581\" \/>\n\t<meta property=\"og:image:type\" content=\"image\/jpeg\" \/>\n<meta name=\"twitter:card\" content=\"summary_large_image\" \/>\n<script type=\"application\/ld+json\" class=\"yoast-schema-graph\">{\"@context\":\"https:\/\/schema.org\",\"@graph\":[{\"@type\":\"WebPage\",\"@id\":\"https:\/\/goldwing.nl\/de\/shop\/goldwing-gl-1800-2018-up-zubehoer\/goldstrike-led-lichtleiste-fur-das-topcase-gl-1800-2018-2020\/\",\"url\":\"https:\/\/goldwing.nl\/de\/shop\/goldwing-gl-1800-2018-up-zubehoer\/goldstrike-led-lichtleiste-fur-das-topcase-gl-1800-2018-2020\/\",\"name\":\"Goldstrike LED-Lichtleiste f\u00fcr das Topcase GL 1800 2018-2020 der letste! (F) - Goldwing.nl - DE\",\"isPartOf\":{\"@id\":\"https:\/\/goldwing.nl\/de\/#website\"},\"primaryImageOfPage\":{\"@id\":\"https:\/\/goldwing.nl\/de\/shop\/goldwing-gl-1800-2018-up-zubehoer\/goldstrike-led-lichtleiste-fur-das-topcase-gl-1800-2018-2020\/#primaryimage\"},\"image\":{\"@id\":\"https:\/\/goldwing.nl\/de\/shop\/goldwing-gl-1800-2018-up-zubehoer\/goldstrike-led-lichtleiste-fur-das-topcase-gl-1800-2018-2020\/#primaryimage\"},\"thumbnailUrl\":\"https:\/\/goldwing.nl\/de\/wp-content\/uploads\/sites\/3\/2025\/02\/48200.jpg\",\"datePublished\":\"2025-02-27T09:23:58+00:00\",\"dateModified\":\"2025-10-01T14:17:31+00:00\",\"breadcrumb\":{\"@id\":\"https:\/\/goldwing.nl\/de\/shop\/goldwing-gl-1800-2018-up-zubehoer\/goldstrike-led-lichtleiste-fur-das-topcase-gl-1800-2018-2020\/#breadcrumb\"},\"inLanguage\":\"de\",\"potentialAction\":[{\"@type\":\"ReadAction\",\"target\":[\"https:\/\/goldwing.nl\/de\/shop\/goldwing-gl-1800-2018-up-zubehoer\/goldstrike-led-lichtleiste-fur-das-topcase-gl-1800-2018-2020\/\"]}]},{\"@type\":\"ImageObject\",\"inLanguage\":\"de\",\"@id\":\"https:\/\/goldwing.nl\/de\/shop\/goldwing-gl-1800-2018-up-zubehoer\/goldstrike-led-lichtleiste-fur-das-topcase-gl-1800-2018-2020\/#primaryimage\",\"url\":\"https:\/\/goldwing.nl\/de\/wp-content\/uploads\/sites\/3\/2025\/02\/48200.jpg\",\"contentUrl\":\"https:\/\/goldwing.nl\/de\/wp-content\/uploads\/sites\/3\/2025\/02\/48200.jpg\",\"width\":575,\"height\":581},{\"@type\":\"BreadcrumbList\",\"@id\":\"https:\/\/goldwing.nl\/de\/shop\/goldwing-gl-1800-2018-up-zubehoer\/goldstrike-led-lichtleiste-fur-das-topcase-gl-1800-2018-2020\/#breadcrumb\",\"itemListElement\":[{\"@type\":\"ListItem\",\"position\":1,\"name\":\"Home\",\"item\":\"https:\/\/goldwing.nl\/de\/\"},{\"@type\":\"ListItem\",\"position\":2,\"name\":\"Webshop\",\"item\":\"https:\/\/goldwing.nl\/de\/shop\/\"},{\"@type\":\"ListItem\",\"position\":3,\"name\":\"Goldstrike LED-Lichtleiste f\u00fcr das Topcase GL 1800 2018-2020\"}]},{\"@type\":\"WebSite\",\"@id\":\"https:\/\/goldwing.nl\/de\/#website\",\"url\":\"https:\/\/goldwing.nl\/de\/\",\"name\":\"Goldwing.nl - DE\",\"description\":\"Biker&#039;s Best\",\"publisher\":{\"@id\":\"https:\/\/goldwing.nl\/de\/#organization\"},\"potentialAction\":[{\"@type\":\"SearchAction\",\"target\":{\"@type\":\"EntryPoint\",\"urlTemplate\":\"https:\/\/goldwing.nl\/de\/?s={search_term_string}\"},\"query-input\":{\"@type\":\"PropertyValueSpecification\",\"valueRequired\":true,\"valueName\":\"search_term_string\"}}],\"inLanguage\":\"de\"},{\"@type\":\"Organization\",\"@id\":\"https:\/\/goldwing.nl\/de\/#organization\",\"name\":\"Goldwing.nl - DE\",\"url\":\"https:\/\/goldwing.nl\/de\/\",\"logo\":{\"@type\":\"ImageObject\",\"inLanguage\":\"de\",\"@id\":\"https:\/\/goldwing.nl\/de\/#\/schema\/logo\/image\/\",\"url\":\"https:\/\/goldwing.nl\/de\/wp-content\/uploads\/sites\/3\/2022\/08\/BikersBest-logo.png\",\"contentUrl\":\"https:\/\/goldwing.nl\/de\/wp-content\/uploads\/sites\/3\/2022\/08\/BikersBest-logo.png\",\"width\":311,\"height\":152,\"caption\":\"Goldwing.nl - DE\"},\"image\":{\"@id\":\"https:\/\/goldwing.nl\/de\/#\/schema\/logo\/image\/\"},\"sameAs\":[\"https:\/\/www.facebook.com\/302398026438779\"]}]}<\/script>\n<!-- \/ Yoast SEO plugin. -->","yoast_head_json":{"title":"Goldstrike LED-Lichtleiste f\u00fcr das Topcase GL 1800 2018-2020 der letste! (F) - Goldwing.nl - DE","robots":{"index":"index","follow":"follow","max-snippet":"max-snippet:-1","max-image-preview":"max-image-preview:large","max-video-preview":"max-video-preview:-1"},"canonical":"https:\/\/goldwing.nl\/de\/shop\/goldwing-gl-1800-2018-up-zubehoer\/goldstrike-led-lichtleiste-fur-das-topcase-gl-1800-2018-2020\/","og_locale":"de_DE","og_type":"article","og_title":"Goldstrike LED-Lichtleiste f\u00fcr das Topcase GL 1800 2018-2020 der letste! (F) - Goldwing.nl - DE","og_description":"f\u00fcr: 2018-2020 Honda Gold Wing, DCT, Tour, Tour DCT, Tour DCT Airbag (Passt NICHT in '21 GL1800)   Entwickelt, um LED-Fahrlicht, Bremslicht und sequentielle gelbe Blinker auf der R\u00fcckseite Ihrer 2018-2020 Honda Gold Wing hinzuzuf\u00fcgen und die Sichtbarkeit und Sicherheit drastisch zu erh\u00f6hen.  Die LEDs sind in einer flachen, leicht ger\u00e4ucherten Linse eingebaut, die sich in den Kofferraum Ihres Honda Touring Motorrads einf\u00fcgt und gleichzeitig die serienm\u00e4\u00dfige OE-Beleuchtung verbessert.  Einfache Plug-and-Play-Installation mit p\/n 48000","og_url":"https:\/\/goldwing.nl\/de\/shop\/goldwing-gl-1800-2018-up-zubehoer\/goldstrike-led-lichtleiste-fur-das-topcase-gl-1800-2018-2020\/","og_site_name":"Goldwing.nl - DE","article_publisher":"https:\/\/www.facebook.com\/302398026438779","article_modified_time":"2025-10-01T14:17:31+00:00","og_image":[{"width":575,"height":581,"url":"https:\/\/goldwing.nl\/de\/wp-content\/uploads\/sites\/3\/2025\/02\/48200.jpg","type":"image\/jpeg"}],"twitter_card":"summary_large_image","schema":{"@context":"https:\/\/schema.org","@graph":[{"@type":"WebPage","@id":"https:\/\/goldwing.nl\/de\/shop\/goldwing-gl-1800-2018-up-zubehoer\/goldstrike-led-lichtleiste-fur-das-topcase-gl-1800-2018-2020\/","url":"https:\/\/goldwing.nl\/de\/shop\/goldwing-gl-1800-2018-up-zubehoer\/goldstrike-led-lichtleiste-fur-das-topcase-gl-1800-2018-2020\/","name":"Goldstrike LED-Lichtleiste f\u00fcr das Topcase GL 1800 2018-2020 der letste! (F) - Goldwing.nl - DE","isPartOf":{"@id":"https:\/\/goldwing.nl\/de\/#website"},"primaryImageOfPage":{"@id":"https:\/\/goldwing.nl\/de\/shop\/goldwing-gl-1800-2018-up-zubehoer\/goldstrike-led-lichtleiste-fur-das-topcase-gl-1800-2018-2020\/#primaryimage"},"image":{"@id":"https:\/\/goldwing.nl\/de\/shop\/goldwing-gl-1800-2018-up-zubehoer\/goldstrike-led-lichtleiste-fur-das-topcase-gl-1800-2018-2020\/#primaryimage"},"thumbnailUrl":"https:\/\/goldwing.nl\/de\/wp-content\/uploads\/sites\/3\/2025\/02\/48200.jpg","datePublished":"2025-02-27T09:23:58+00:00","dateModified":"2025-10-01T14:17:31+00:00","breadcrumb":{"@id":"https:\/\/goldwing.nl\/de\/shop\/goldwing-gl-1800-2018-up-zubehoer\/goldstrike-led-lichtleiste-fur-das-topcase-gl-1800-2018-2020\/#breadcrumb"},"inLanguage":"de","potentialAction":[{"@type":"ReadAction","target":["https:\/\/goldwing.nl\/de\/shop\/goldwing-gl-1800-2018-up-zubehoer\/goldstrike-led-lichtleiste-fur-das-topcase-gl-1800-2018-2020\/"]}]},{"@type":"ImageObject","inLanguage":"de","@id":"https:\/\/goldwing.nl\/de\/shop\/goldwing-gl-1800-2018-up-zubehoer\/goldstrike-led-lichtleiste-fur-das-topcase-gl-1800-2018-2020\/#primaryimage","url":"https:\/\/goldwing.nl\/de\/wp-content\/uploads\/sites\/3\/2025\/02\/48200.jpg","contentUrl":"https:\/\/goldwing.nl\/de\/wp-content\/uploads\/sites\/3\/2025\/02\/48200.jpg","width":575,"height":581},{"@type":"BreadcrumbList","@id":"https:\/\/goldwing.nl\/de\/shop\/goldwing-gl-1800-2018-up-zubehoer\/goldstrike-led-lichtleiste-fur-das-topcase-gl-1800-2018-2020\/#breadcrumb","itemListElement":[{"@type":"ListItem","position":1,"name":"Home","item":"https:\/\/goldwing.nl\/de\/"},{"@type":"ListItem","position":2,"name":"Webshop","item":"https:\/\/goldwing.nl\/de\/shop\/"},{"@type":"ListItem","position":3,"name":"Goldstrike LED-Lichtleiste f\u00fcr das Topcase GL 1800 2018-2020"}]},{"@type":"WebSite","@id":"https:\/\/goldwing.nl\/de\/#website","url":"https:\/\/goldwing.nl\/de\/","name":"Goldwing.nl - DE","description":"Biker&#039;s Best","publisher":{"@id":"https:\/\/goldwing.nl\/de\/#organization"},"potentialAction":[{"@type":"SearchAction","target":{"@type":"EntryPoint","urlTemplate":"https:\/\/goldwing.nl\/de\/?s={search_term_string}"},"query-input":{"@type":"PropertyValueSpecification","valueRequired":true,"valueName":"search_term_string"}}],"inLanguage":"de"},{"@type":"Organization","@id":"https:\/\/goldwing.nl\/de\/#organization","name":"Goldwing.nl - DE","url":"https:\/\/goldwing.nl\/de\/","logo":{"@type":"ImageObject","inLanguage":"de","@id":"https:\/\/goldwing.nl\/de\/#\/schema\/logo\/image\/","url":"https:\/\/goldwing.nl\/de\/wp-content\/uploads\/sites\/3\/2022\/08\/BikersBest-logo.png","contentUrl":"https:\/\/goldwing.nl\/de\/wp-content\/uploads\/sites\/3\/2022\/08\/BikersBest-logo.png","width":311,"height":152,"caption":"Goldwing.nl - DE"},"image":{"@id":"https:\/\/goldwing.nl\/de\/#\/schema\/logo\/image\/"},"sameAs":["https:\/\/www.facebook.com\/302398026438779"]}]}},"_links":{"self":[{"href":"https:\/\/goldwing.nl\/de\/wp-json\/wp\/v2\/product\/27855"}],"collection":[{"href":"https:\/\/goldwing.nl\/de\/wp-json\/wp\/v2\/product"}],"about":[{"href":"https:\/\/goldwing.nl\/de\/wp-json\/wp\/v2\/types\/product"}],"wp:featuredmedia":[{"embeddable":true,"href":"https:\/\/goldwing.nl\/de\/wp-json\/wp\/v2\/media\/27857"}],"wp:attachment":[{"href":"https:\/\/goldwing.nl\/de\/wp-json\/wp\/v2\/media?parent=27855"}],"wp:term":[{"taxonomy":"product_cat","embeddable":true,"href":"https:\/\/goldwing.nl\/de\/wp-json\/wp\/v2\/product_cat?post=27855"},{"taxonomy":"product_tag","embeddable":true,"href":"https:\/\/goldwing.nl\/de\/wp-json\/wp\/v2\/product_tag?post=27855"}],"curies":[{"name":"wp","href":"https:\/\/api.w.org\/{rel}","templated":true}]}}