{"id":27631,"date":"2025-01-09T11:37:17","date_gmt":"2025-01-09T11:37:17","guid":{"rendered":"https:\/\/goldwing.nl\/de\/shop\/niet-gecategoriseerd\/verdrahtung-anschlussmodul-gl1800-2018up\/"},"modified":"2025-12-06T20:16:02","modified_gmt":"2025-12-06T20:16:02","slug":"verdrahtung-anschlussmodul-gl1800-2018up","status":"publish","type":"product","link":"https:\/\/goldwing.nl\/de\/shop\/goldwing-gl-1800-2018-up-zubehoer\/verdrahtung-anschlussmodul-gl1800-2018up\/","title":{"rendered":"Verdrahtung Anschlussmodul GL1800 2018up (F)"},"content":{"rendered":"","protected":false},"excerpt":{"rendered":"<p>Verdrahtung Anschlussmodul GL1800 2018up<\/p>\n<ul>\n<li>Einfacher Einbau<\/li>\n<li>Direkt in den Hauptkabelbaum einsteckbar, kein Splei\u00dfen<br \/>\nKontrolliert die Fahr-, Dreh- und Bremsfunktionen<\/li>\n<li>24 individuelle Stromanschl\u00fcsse, 12 rechts und 12 links<br \/>\nLeicht erweiterbar \u00fcber die 24 Anschl\u00fcsse hinaus mit dem Y-Splitter 48001<br \/>\nIsolierter Stromversorgungsschutz<\/li>\n<li>5-Draht-Ausgang f\u00fcr Anh\u00e4ngerkabelbaum (max. 10 A)<\/li>\n<li>Robuste ABS-Konstruktion<\/li>\n<li>Gummistopfen sch\u00fctzen nicht verwendete Anschl\u00fcsse<\/li>\n<li>30 A Gesamtleistung<\/li>\n<li>3 A pro Anschluss max.<\/li>\n<li>Vorinstallierte Ringklemmen f\u00fcr sicheren Batterieanschluss<\/li>\n<li>Hochbelastbare mechanische Relais<\/li>\n<li>Automatischer Unterbrecherschutz an jedem Anschluss<\/li>\n<li>Vollst\u00e4ndig abgedichtete Schaltkreise, Relais und Unterbrecher, die vor allen Widrigkeiten<\/li>\n<li>gesch\u00fctzt sind, die Sie oder Mutter Natur mit sich bringen.<\/li>\n<li>Goldstrike- und Twinart-Beleuchtungszubeh\u00f6r wird direkt an den Verteilerblock angeschlossen.<\/li>\n<li>F\u00fcr Kuryakyn- und Pathfinder-Beleuchtungss\u00e4tze sind Kabeladapter erh\u00e4ltlich (separat erh\u00e4ltlich).<\/li>\n<li>Au\u00dferdem bieten wir einen universellen Kabeladapter f\u00fcr den Anschluss der meisten 12-V-Beleuchtungszubeh\u00f6rteile an.<\/li>\n<\/ul>\n","protected":false},"featured_media":27634,"template":"","meta":{"_acf_changed":false},"product_cat":[400],"product_tag":[],"class_list":["post-27631","product","type-product","status-publish","has-post-thumbnail","hentry","product_cat-goldwing-gl-1800-2018-up-zubehoer","product_shipping_class-pakket-artikel","","woocommerce-text-align-center","woocommerce-image-align-center","do-quantity-buttons"],"acf":[],"yoast_head":"<!-- This site is optimized with the Yoast SEO plugin v25.6 - https:\/\/yoast.com\/wordpress\/plugins\/seo\/ -->\n<title>Verdrahtung Anschlussmodul GL1800 2018up (F) - Goldwing.nl - DE<\/title>\n<meta name=\"robots\" content=\"index, follow, max-snippet:-1, max-image-preview:large, max-video-preview:-1\" \/>\n<link rel=\"canonical\" href=\"https:\/\/goldwing.nl\/de\/shop\/goldwing-gl-1800-2018-up-zubehoer\/verdrahtung-anschlussmodul-gl1800-2018up\/\" \/>\n<meta property=\"og:locale\" content=\"de_DE\" \/>\n<meta property=\"og:type\" content=\"article\" \/>\n<meta property=\"og:title\" content=\"Verdrahtung Anschlussmodul GL1800 2018up (F) - Goldwing.nl - DE\" \/>\n<meta property=\"og:description\" content=\"Verdrahtung Anschlussmodul GL1800 2018up   Einfacher Einbau  Direkt in den Hauptkabelbaum einsteckbar, kein Splei\u00dfen Kontrolliert die Fahr-, Dreh- und Bremsfunktionen  24 individuelle Stromanschl\u00fcsse, 12 rechts und 12 links Leicht erweiterbar \u00fcber die 24 Anschl\u00fcsse hinaus mit dem Y-Splitter 48001 Isolierter Stromversorgungsschutz  5-Draht-Ausgang f\u00fcr Anh\u00e4ngerkabelbaum (max. 10 A)  Robuste ABS-Konstruktion  Gummistopfen sch\u00fctzen nicht verwendete Anschl\u00fcsse  30 A Gesamtleistung  3 A pro Anschluss max.  Vorinstallierte Ringklemmen f\u00fcr sicheren Batterieanschluss  Hochbelastbare mechanische Relais  Automatischer Unterbrecherschutz an jedem Anschluss  Vollst\u00e4ndig abgedichtete Schaltkreise, Relais und Unterbrecher, die vor allen Widrigkeiten  gesch\u00fctzt sind, die Sie oder Mutter Natur mit sich bringen.  Goldstrike- und Twinart-Beleuchtungszubeh\u00f6r wird direkt an den Verteilerblock angeschlossen.  F\u00fcr Kuryakyn- und Pathfinder-Beleuchtungss\u00e4tze sind Kabeladapter erh\u00e4ltlich (separat erh\u00e4ltlich).  Au\u00dferdem bieten wir einen universellen Kabeladapter f\u00fcr den Anschluss der meisten 12-V-Beleuchtungszubeh\u00f6rteile an.\" \/>\n<meta property=\"og:url\" content=\"https:\/\/goldwing.nl\/de\/shop\/goldwing-gl-1800-2018-up-zubehoer\/verdrahtung-anschlussmodul-gl1800-2018up\/\" \/>\n<meta property=\"og:site_name\" content=\"Goldwing.nl - DE\" \/>\n<meta property=\"article:publisher\" content=\"https:\/\/www.facebook.com\/302398026438779\" \/>\n<meta property=\"article:modified_time\" content=\"2025-12-06T20:16:02+00:00\" \/>\n<meta property=\"og:image\" content=\"https:\/\/goldwing.nl\/de\/wp-content\/uploads\/sites\/3\/2025\/01\/48010-Middel.jpg?_t=1740127983\" \/>\n\t<meta property=\"og:image:width\" content=\"1153\" \/>\n\t<meta property=\"og:image:height\" content=\"768\" \/>\n\t<meta property=\"og:image:type\" content=\"image\/jpeg\" \/>\n<meta name=\"twitter:card\" content=\"summary_large_image\" \/>\n<meta name=\"twitter:label1\" content=\"Gesch\u00e4tzte Lesezeit\" \/>\n\t<meta name=\"twitter:data1\" content=\"1\u00a0Minute\" \/>\n<script type=\"application\/ld+json\" class=\"yoast-schema-graph\">{\"@context\":\"https:\/\/schema.org\",\"@graph\":[{\"@type\":\"WebPage\",\"@id\":\"https:\/\/goldwing.nl\/de\/shop\/goldwing-gl-1800-2018-up-zubehoer\/verdrahtung-anschlussmodul-gl1800-2018up\/\",\"url\":\"https:\/\/goldwing.nl\/de\/shop\/goldwing-gl-1800-2018-up-zubehoer\/verdrahtung-anschlussmodul-gl1800-2018up\/\",\"name\":\"Verdrahtung Anschlussmodul GL1800 2018up (F) - Goldwing.nl - DE\",\"isPartOf\":{\"@id\":\"https:\/\/goldwing.nl\/de\/#website\"},\"primaryImageOfPage\":{\"@id\":\"https:\/\/goldwing.nl\/de\/shop\/goldwing-gl-1800-2018-up-zubehoer\/verdrahtung-anschlussmodul-gl1800-2018up\/#primaryimage\"},\"image\":{\"@id\":\"https:\/\/goldwing.nl\/de\/shop\/goldwing-gl-1800-2018-up-zubehoer\/verdrahtung-anschlussmodul-gl1800-2018up\/#primaryimage\"},\"thumbnailUrl\":\"https:\/\/goldwing.nl\/de\/wp-content\/uploads\/sites\/3\/2025\/01\/48010-Middel.jpg\",\"datePublished\":\"2025-01-09T11:37:17+00:00\",\"dateModified\":\"2025-12-06T20:16:02+00:00\",\"breadcrumb\":{\"@id\":\"https:\/\/goldwing.nl\/de\/shop\/goldwing-gl-1800-2018-up-zubehoer\/verdrahtung-anschlussmodul-gl1800-2018up\/#breadcrumb\"},\"inLanguage\":\"de\",\"potentialAction\":[{\"@type\":\"ReadAction\",\"target\":[\"https:\/\/goldwing.nl\/de\/shop\/goldwing-gl-1800-2018-up-zubehoer\/verdrahtung-anschlussmodul-gl1800-2018up\/\"]}]},{\"@type\":\"ImageObject\",\"inLanguage\":\"de\",\"@id\":\"https:\/\/goldwing.nl\/de\/shop\/goldwing-gl-1800-2018-up-zubehoer\/verdrahtung-anschlussmodul-gl1800-2018up\/#primaryimage\",\"url\":\"https:\/\/goldwing.nl\/de\/wp-content\/uploads\/sites\/3\/2025\/01\/48010-Middel.jpg\",\"contentUrl\":\"https:\/\/goldwing.nl\/de\/wp-content\/uploads\/sites\/3\/2025\/01\/48010-Middel.jpg\",\"width\":1153,\"height\":768},{\"@type\":\"BreadcrumbList\",\"@id\":\"https:\/\/goldwing.nl\/de\/shop\/goldwing-gl-1800-2018-up-zubehoer\/verdrahtung-anschlussmodul-gl1800-2018up\/#breadcrumb\",\"itemListElement\":[{\"@type\":\"ListItem\",\"position\":1,\"name\":\"Home\",\"item\":\"https:\/\/goldwing.nl\/de\/\"},{\"@type\":\"ListItem\",\"position\":2,\"name\":\"Webshop\",\"item\":\"https:\/\/goldwing.nl\/de\/shop\/\"},{\"@type\":\"ListItem\",\"position\":3,\"name\":\"Verdrahtung Anschlussmodul GL1800 2018up\"}]},{\"@type\":\"WebSite\",\"@id\":\"https:\/\/goldwing.nl\/de\/#website\",\"url\":\"https:\/\/goldwing.nl\/de\/\",\"name\":\"Goldwing.nl - DE\",\"description\":\"Biker&#039;s Best\",\"publisher\":{\"@id\":\"https:\/\/goldwing.nl\/de\/#organization\"},\"potentialAction\":[{\"@type\":\"SearchAction\",\"target\":{\"@type\":\"EntryPoint\",\"urlTemplate\":\"https:\/\/goldwing.nl\/de\/?s={search_term_string}\"},\"query-input\":{\"@type\":\"PropertyValueSpecification\",\"valueRequired\":true,\"valueName\":\"search_term_string\"}}],\"inLanguage\":\"de\"},{\"@type\":\"Organization\",\"@id\":\"https:\/\/goldwing.nl\/de\/#organization\",\"name\":\"Goldwing.nl - DE\",\"url\":\"https:\/\/goldwing.nl\/de\/\",\"logo\":{\"@type\":\"ImageObject\",\"inLanguage\":\"de\",\"@id\":\"https:\/\/goldwing.nl\/de\/#\/schema\/logo\/image\/\",\"url\":\"https:\/\/goldwing.nl\/de\/wp-content\/uploads\/sites\/3\/2022\/08\/BikersBest-logo.png\",\"contentUrl\":\"https:\/\/goldwing.nl\/de\/wp-content\/uploads\/sites\/3\/2022\/08\/BikersBest-logo.png\",\"width\":311,\"height\":152,\"caption\":\"Goldwing.nl - DE\"},\"image\":{\"@id\":\"https:\/\/goldwing.nl\/de\/#\/schema\/logo\/image\/\"},\"sameAs\":[\"https:\/\/www.facebook.com\/302398026438779\"]}]}<\/script>\n<!-- \/ Yoast SEO plugin. -->","yoast_head_json":{"title":"Verdrahtung Anschlussmodul GL1800 2018up (F) - Goldwing.nl - DE","robots":{"index":"index","follow":"follow","max-snippet":"max-snippet:-1","max-image-preview":"max-image-preview:large","max-video-preview":"max-video-preview:-1"},"canonical":"https:\/\/goldwing.nl\/de\/shop\/goldwing-gl-1800-2018-up-zubehoer\/verdrahtung-anschlussmodul-gl1800-2018up\/","og_locale":"de_DE","og_type":"article","og_title":"Verdrahtung Anschlussmodul GL1800 2018up (F) - Goldwing.nl - DE","og_description":"Verdrahtung Anschlussmodul GL1800 2018up   Einfacher Einbau  Direkt in den Hauptkabelbaum einsteckbar, kein Splei\u00dfen Kontrolliert die Fahr-, Dreh- und Bremsfunktionen  24 individuelle Stromanschl\u00fcsse, 12 rechts und 12 links Leicht erweiterbar \u00fcber die 24 Anschl\u00fcsse hinaus mit dem Y-Splitter 48001 Isolierter Stromversorgungsschutz  5-Draht-Ausgang f\u00fcr Anh\u00e4ngerkabelbaum (max. 10 A)  Robuste ABS-Konstruktion  Gummistopfen sch\u00fctzen nicht verwendete Anschl\u00fcsse  30 A Gesamtleistung  3 A pro Anschluss max.  Vorinstallierte Ringklemmen f\u00fcr sicheren Batterieanschluss  Hochbelastbare mechanische Relais  Automatischer Unterbrecherschutz an jedem Anschluss  Vollst\u00e4ndig abgedichtete Schaltkreise, Relais und Unterbrecher, die vor allen Widrigkeiten  gesch\u00fctzt sind, die Sie oder Mutter Natur mit sich bringen.  Goldstrike- und Twinart-Beleuchtungszubeh\u00f6r wird direkt an den Verteilerblock angeschlossen.  F\u00fcr Kuryakyn- und Pathfinder-Beleuchtungss\u00e4tze sind Kabeladapter erh\u00e4ltlich (separat erh\u00e4ltlich).  Au\u00dferdem bieten wir einen universellen Kabeladapter f\u00fcr den Anschluss der meisten 12-V-Beleuchtungszubeh\u00f6rteile an.","og_url":"https:\/\/goldwing.nl\/de\/shop\/goldwing-gl-1800-2018-up-zubehoer\/verdrahtung-anschlussmodul-gl1800-2018up\/","og_site_name":"Goldwing.nl - DE","article_publisher":"https:\/\/www.facebook.com\/302398026438779","article_modified_time":"2025-12-06T20:16:02+00:00","og_image":[{"width":1153,"height":768,"url":"https:\/\/goldwing.nl\/de\/wp-content\/uploads\/sites\/3\/2025\/01\/48010-Middel.jpg?_t=1740127983","type":"image\/jpeg"}],"twitter_card":"summary_large_image","twitter_misc":{"Gesch\u00e4tzte Lesezeit":"1\u00a0Minute"},"schema":{"@context":"https:\/\/schema.org","@graph":[{"@type":"WebPage","@id":"https:\/\/goldwing.nl\/de\/shop\/goldwing-gl-1800-2018-up-zubehoer\/verdrahtung-anschlussmodul-gl1800-2018up\/","url":"https:\/\/goldwing.nl\/de\/shop\/goldwing-gl-1800-2018-up-zubehoer\/verdrahtung-anschlussmodul-gl1800-2018up\/","name":"Verdrahtung Anschlussmodul GL1800 2018up (F) - Goldwing.nl - DE","isPartOf":{"@id":"https:\/\/goldwing.nl\/de\/#website"},"primaryImageOfPage":{"@id":"https:\/\/goldwing.nl\/de\/shop\/goldwing-gl-1800-2018-up-zubehoer\/verdrahtung-anschlussmodul-gl1800-2018up\/#primaryimage"},"image":{"@id":"https:\/\/goldwing.nl\/de\/shop\/goldwing-gl-1800-2018-up-zubehoer\/verdrahtung-anschlussmodul-gl1800-2018up\/#primaryimage"},"thumbnailUrl":"https:\/\/goldwing.nl\/de\/wp-content\/uploads\/sites\/3\/2025\/01\/48010-Middel.jpg","datePublished":"2025-01-09T11:37:17+00:00","dateModified":"2025-12-06T20:16:02+00:00","breadcrumb":{"@id":"https:\/\/goldwing.nl\/de\/shop\/goldwing-gl-1800-2018-up-zubehoer\/verdrahtung-anschlussmodul-gl1800-2018up\/#breadcrumb"},"inLanguage":"de","potentialAction":[{"@type":"ReadAction","target":["https:\/\/goldwing.nl\/de\/shop\/goldwing-gl-1800-2018-up-zubehoer\/verdrahtung-anschlussmodul-gl1800-2018up\/"]}]},{"@type":"ImageObject","inLanguage":"de","@id":"https:\/\/goldwing.nl\/de\/shop\/goldwing-gl-1800-2018-up-zubehoer\/verdrahtung-anschlussmodul-gl1800-2018up\/#primaryimage","url":"https:\/\/goldwing.nl\/de\/wp-content\/uploads\/sites\/3\/2025\/01\/48010-Middel.jpg","contentUrl":"https:\/\/goldwing.nl\/de\/wp-content\/uploads\/sites\/3\/2025\/01\/48010-Middel.jpg","width":1153,"height":768},{"@type":"BreadcrumbList","@id":"https:\/\/goldwing.nl\/de\/shop\/goldwing-gl-1800-2018-up-zubehoer\/verdrahtung-anschlussmodul-gl1800-2018up\/#breadcrumb","itemListElement":[{"@type":"ListItem","position":1,"name":"Home","item":"https:\/\/goldwing.nl\/de\/"},{"@type":"ListItem","position":2,"name":"Webshop","item":"https:\/\/goldwing.nl\/de\/shop\/"},{"@type":"ListItem","position":3,"name":"Verdrahtung Anschlussmodul GL1800 2018up"}]},{"@type":"WebSite","@id":"https:\/\/goldwing.nl\/de\/#website","url":"https:\/\/goldwing.nl\/de\/","name":"Goldwing.nl - DE","description":"Biker&#039;s Best","publisher":{"@id":"https:\/\/goldwing.nl\/de\/#organization"},"potentialAction":[{"@type":"SearchAction","target":{"@type":"EntryPoint","urlTemplate":"https:\/\/goldwing.nl\/de\/?s={search_term_string}"},"query-input":{"@type":"PropertyValueSpecification","valueRequired":true,"valueName":"search_term_string"}}],"inLanguage":"de"},{"@type":"Organization","@id":"https:\/\/goldwing.nl\/de\/#organization","name":"Goldwing.nl - DE","url":"https:\/\/goldwing.nl\/de\/","logo":{"@type":"ImageObject","inLanguage":"de","@id":"https:\/\/goldwing.nl\/de\/#\/schema\/logo\/image\/","url":"https:\/\/goldwing.nl\/de\/wp-content\/uploads\/sites\/3\/2022\/08\/BikersBest-logo.png","contentUrl":"https:\/\/goldwing.nl\/de\/wp-content\/uploads\/sites\/3\/2022\/08\/BikersBest-logo.png","width":311,"height":152,"caption":"Goldwing.nl - DE"},"image":{"@id":"https:\/\/goldwing.nl\/de\/#\/schema\/logo\/image\/"},"sameAs":["https:\/\/www.facebook.com\/302398026438779"]}]}},"_links":{"self":[{"href":"https:\/\/goldwing.nl\/de\/wp-json\/wp\/v2\/product\/27631"}],"collection":[{"href":"https:\/\/goldwing.nl\/de\/wp-json\/wp\/v2\/product"}],"about":[{"href":"https:\/\/goldwing.nl\/de\/wp-json\/wp\/v2\/types\/product"}],"wp:featuredmedia":[{"embeddable":true,"href":"https:\/\/goldwing.nl\/de\/wp-json\/wp\/v2\/media\/27634"}],"wp:attachment":[{"href":"https:\/\/goldwing.nl\/de\/wp-json\/wp\/v2\/media?parent=27631"}],"wp:term":[{"taxonomy":"product_cat","embeddable":true,"href":"https:\/\/goldwing.nl\/de\/wp-json\/wp\/v2\/product_cat?post=27631"},{"taxonomy":"product_tag","embeddable":true,"href":"https:\/\/goldwing.nl\/de\/wp-json\/wp\/v2\/product_tag?post=27631"}],"curies":[{"name":"wp","href":"https:\/\/api.w.org\/{rel}","templated":true}]}}