{"id":26328,"date":"2024-08-20T12:48:45","date_gmt":"2024-08-20T12:48:45","guid":{"rendered":"https:\/\/goldwing.nl\/de\/shop\/niet-gecategoriseerd\/topcase-spoiler-led-leuchte-gl1800-2021up-modelle-in-chrom-2\/"},"modified":"2025-10-01T15:07:04","modified_gmt":"2025-10-01T15:07:04","slug":"topcase-spoiler-led-leuchte-gl1800-2021up-modelle-in-chrom-2","status":"publish","type":"product","link":"https:\/\/goldwing.nl\/de\/shop\/goldwing-gl-1800-2018-up-zubehoer\/topcase-spoiler-led-leuchte-gl1800-2021up-modelle-in-chrom-2\/","title":{"rendered":"Topcase Spoiler LED-Leuchte GL1800 2021up Modelle &#8211; in schwarz (H)"},"content":{"rendered":"","protected":false},"excerpt":{"rendered":"<p>Topcase Spoiler LED-Leuchte GL1800 2021up Modelle in Chrom<\/p>\n<ul>\n<li>Entwickelt f\u00fcr die Honda Gold Wing GL1800.<\/li>\n<li>Funktioniert sowohl als Fahr- als auch als Bremslicht und erh\u00f6ht die Sichtbarkeit auf der Stra\u00dfe erheblich.<\/li>\n<li>Einfache Installation und schlanke Integration f\u00fcr verbesserte \u00c4sthetik und Sicherheit.<\/li>\n<li>Das schlanke Profil erm\u00f6glicht die Verwendung von Anh\u00e4ngern mit unserer Anh\u00e4ngerkupplung und gew\u00e4hrleistet Vielseitigkeit f\u00fcr Ihre Fahrbed\u00fcrfnisse.<\/li>\n<\/ul>\n","protected":false},"featured_media":26329,"template":"","meta":{"_acf_changed":false},"product_cat":[400],"product_tag":[],"class_list":["post-26328","product","type-product","status-publish","has-post-thumbnail","hentry","product_cat-goldwing-gl-1800-2018-up-zubehoer","product_shipping_class-pakket-artikel","","woocommerce-text-align-center","woocommerce-image-align-center","do-quantity-buttons"],"acf":[],"yoast_head":"<!-- This site is optimized with the Yoast SEO plugin v25.6 - https:\/\/yoast.com\/wordpress\/plugins\/seo\/ -->\n<title>Topcase Spoiler LED-Leuchte GL1800 2021up Modelle - in schwarz (H) - Goldwing.nl - DE<\/title>\n<meta name=\"robots\" content=\"index, follow, max-snippet:-1, max-image-preview:large, max-video-preview:-1\" \/>\n<link rel=\"canonical\" href=\"https:\/\/goldwing.nl\/de\/shop\/goldwing-gl-1800-2018-up-zubehoer\/topcase-spoiler-led-leuchte-gl1800-2021up-modelle-in-chrom-2\/\" \/>\n<meta property=\"og:locale\" content=\"de_DE\" \/>\n<meta property=\"og:type\" content=\"article\" \/>\n<meta property=\"og:title\" content=\"Topcase Spoiler LED-Leuchte GL1800 2021up Modelle - in schwarz (H) - Goldwing.nl - DE\" \/>\n<meta property=\"og:description\" content=\"Topcase Spoiler LED-Leuchte GL1800 2021up Modelle in Chrom   Entwickelt f\u00fcr die Honda Gold Wing GL1800.  Funktioniert sowohl als Fahr- als auch als Bremslicht und erh\u00f6ht die Sichtbarkeit auf der Stra\u00dfe erheblich.  Einfache Installation und schlanke Integration f\u00fcr verbesserte \u00c4sthetik und Sicherheit.  Das schlanke Profil erm\u00f6glicht die Verwendung von Anh\u00e4ngern mit unserer Anh\u00e4ngerkupplung und gew\u00e4hrleistet Vielseitigkeit f\u00fcr Ihre Fahrbed\u00fcrfnisse.\" \/>\n<meta property=\"og:url\" content=\"https:\/\/goldwing.nl\/de\/shop\/goldwing-gl-1800-2018-up-zubehoer\/topcase-spoiler-led-leuchte-gl1800-2021up-modelle-in-chrom-2\/\" \/>\n<meta property=\"og:site_name\" content=\"Goldwing.nl - DE\" \/>\n<meta property=\"article:publisher\" content=\"https:\/\/www.facebook.com\/302398026438779\" \/>\n<meta property=\"article:modified_time\" content=\"2025-10-01T15:07:04+00:00\" \/>\n<meta property=\"og:image\" content=\"https:\/\/goldwing.nl\/de\/wp-content\/uploads\/sites\/3\/2024\/08\/20403048-Middel.jpg?_t=1724162843\" \/>\n\t<meta property=\"og:image:width\" content=\"1016\" \/>\n\t<meta property=\"og:image:height\" content=\"768\" \/>\n\t<meta property=\"og:image:type\" content=\"image\/jpeg\" \/>\n<meta name=\"twitter:card\" content=\"summary_large_image\" \/>\n<script type=\"application\/ld+json\" class=\"yoast-schema-graph\">{\"@context\":\"https:\/\/schema.org\",\"@graph\":[{\"@type\":\"WebPage\",\"@id\":\"https:\/\/goldwing.nl\/de\/shop\/goldwing-gl-1800-2018-up-zubehoer\/topcase-spoiler-led-leuchte-gl1800-2021up-modelle-in-chrom-2\/\",\"url\":\"https:\/\/goldwing.nl\/de\/shop\/goldwing-gl-1800-2018-up-zubehoer\/topcase-spoiler-led-leuchte-gl1800-2021up-modelle-in-chrom-2\/\",\"name\":\"Topcase Spoiler LED-Leuchte GL1800 2021up Modelle - in schwarz (H) - Goldwing.nl - DE\",\"isPartOf\":{\"@id\":\"https:\/\/goldwing.nl\/de\/#website\"},\"primaryImageOfPage\":{\"@id\":\"https:\/\/goldwing.nl\/de\/shop\/goldwing-gl-1800-2018-up-zubehoer\/topcase-spoiler-led-leuchte-gl1800-2021up-modelle-in-chrom-2\/#primaryimage\"},\"image\":{\"@id\":\"https:\/\/goldwing.nl\/de\/shop\/goldwing-gl-1800-2018-up-zubehoer\/topcase-spoiler-led-leuchte-gl1800-2021up-modelle-in-chrom-2\/#primaryimage\"},\"thumbnailUrl\":\"https:\/\/goldwing.nl\/de\/wp-content\/uploads\/sites\/3\/2024\/08\/20403048-Middel.jpg\",\"datePublished\":\"2024-08-20T12:48:45+00:00\",\"dateModified\":\"2025-10-01T15:07:04+00:00\",\"breadcrumb\":{\"@id\":\"https:\/\/goldwing.nl\/de\/shop\/goldwing-gl-1800-2018-up-zubehoer\/topcase-spoiler-led-leuchte-gl1800-2021up-modelle-in-chrom-2\/#breadcrumb\"},\"inLanguage\":\"de\",\"potentialAction\":[{\"@type\":\"ReadAction\",\"target\":[\"https:\/\/goldwing.nl\/de\/shop\/goldwing-gl-1800-2018-up-zubehoer\/topcase-spoiler-led-leuchte-gl1800-2021up-modelle-in-chrom-2\/\"]}]},{\"@type\":\"ImageObject\",\"inLanguage\":\"de\",\"@id\":\"https:\/\/goldwing.nl\/de\/shop\/goldwing-gl-1800-2018-up-zubehoer\/topcase-spoiler-led-leuchte-gl1800-2021up-modelle-in-chrom-2\/#primaryimage\",\"url\":\"https:\/\/goldwing.nl\/de\/wp-content\/uploads\/sites\/3\/2024\/08\/20403048-Middel.jpg\",\"contentUrl\":\"https:\/\/goldwing.nl\/de\/wp-content\/uploads\/sites\/3\/2024\/08\/20403048-Middel.jpg\",\"width\":1016,\"height\":768},{\"@type\":\"BreadcrumbList\",\"@id\":\"https:\/\/goldwing.nl\/de\/shop\/goldwing-gl-1800-2018-up-zubehoer\/topcase-spoiler-led-leuchte-gl1800-2021up-modelle-in-chrom-2\/#breadcrumb\",\"itemListElement\":[{\"@type\":\"ListItem\",\"position\":1,\"name\":\"Home\",\"item\":\"https:\/\/goldwing.nl\/de\/\"},{\"@type\":\"ListItem\",\"position\":2,\"name\":\"Webshop\",\"item\":\"https:\/\/goldwing.nl\/de\/shop\/\"},{\"@type\":\"ListItem\",\"position\":3,\"name\":\"Topcase Spoiler LED-Leuchte GL1800 2021up Modelle in CHROM\"}]},{\"@type\":\"WebSite\",\"@id\":\"https:\/\/goldwing.nl\/de\/#website\",\"url\":\"https:\/\/goldwing.nl\/de\/\",\"name\":\"Goldwing.nl - DE\",\"description\":\"Biker&#039;s Best\",\"publisher\":{\"@id\":\"https:\/\/goldwing.nl\/de\/#organization\"},\"potentialAction\":[{\"@type\":\"SearchAction\",\"target\":{\"@type\":\"EntryPoint\",\"urlTemplate\":\"https:\/\/goldwing.nl\/de\/?s={search_term_string}\"},\"query-input\":{\"@type\":\"PropertyValueSpecification\",\"valueRequired\":true,\"valueName\":\"search_term_string\"}}],\"inLanguage\":\"de\"},{\"@type\":\"Organization\",\"@id\":\"https:\/\/goldwing.nl\/de\/#organization\",\"name\":\"Goldwing.nl - DE\",\"url\":\"https:\/\/goldwing.nl\/de\/\",\"logo\":{\"@type\":\"ImageObject\",\"inLanguage\":\"de\",\"@id\":\"https:\/\/goldwing.nl\/de\/#\/schema\/logo\/image\/\",\"url\":\"https:\/\/goldwing.nl\/de\/wp-content\/uploads\/sites\/3\/2022\/08\/BikersBest-logo.png\",\"contentUrl\":\"https:\/\/goldwing.nl\/de\/wp-content\/uploads\/sites\/3\/2022\/08\/BikersBest-logo.png\",\"width\":311,\"height\":152,\"caption\":\"Goldwing.nl - DE\"},\"image\":{\"@id\":\"https:\/\/goldwing.nl\/de\/#\/schema\/logo\/image\/\"},\"sameAs\":[\"https:\/\/www.facebook.com\/302398026438779\"]}]}<\/script>\n<!-- \/ Yoast SEO plugin. -->","yoast_head_json":{"title":"Topcase Spoiler LED-Leuchte GL1800 2021up Modelle - in schwarz (H) - Goldwing.nl - DE","robots":{"index":"index","follow":"follow","max-snippet":"max-snippet:-1","max-image-preview":"max-image-preview:large","max-video-preview":"max-video-preview:-1"},"canonical":"https:\/\/goldwing.nl\/de\/shop\/goldwing-gl-1800-2018-up-zubehoer\/topcase-spoiler-led-leuchte-gl1800-2021up-modelle-in-chrom-2\/","og_locale":"de_DE","og_type":"article","og_title":"Topcase Spoiler LED-Leuchte GL1800 2021up Modelle - in schwarz (H) - Goldwing.nl - DE","og_description":"Topcase Spoiler LED-Leuchte GL1800 2021up Modelle in Chrom   Entwickelt f\u00fcr die Honda Gold Wing GL1800.  Funktioniert sowohl als Fahr- als auch als Bremslicht und erh\u00f6ht die Sichtbarkeit auf der Stra\u00dfe erheblich.  Einfache Installation und schlanke Integration f\u00fcr verbesserte \u00c4sthetik und Sicherheit.  Das schlanke Profil erm\u00f6glicht die Verwendung von Anh\u00e4ngern mit unserer Anh\u00e4ngerkupplung und gew\u00e4hrleistet Vielseitigkeit f\u00fcr Ihre Fahrbed\u00fcrfnisse.","og_url":"https:\/\/goldwing.nl\/de\/shop\/goldwing-gl-1800-2018-up-zubehoer\/topcase-spoiler-led-leuchte-gl1800-2021up-modelle-in-chrom-2\/","og_site_name":"Goldwing.nl - DE","article_publisher":"https:\/\/www.facebook.com\/302398026438779","article_modified_time":"2025-10-01T15:07:04+00:00","og_image":[{"width":1016,"height":768,"url":"https:\/\/goldwing.nl\/de\/wp-content\/uploads\/sites\/3\/2024\/08\/20403048-Middel.jpg?_t=1724162843","type":"image\/jpeg"}],"twitter_card":"summary_large_image","schema":{"@context":"https:\/\/schema.org","@graph":[{"@type":"WebPage","@id":"https:\/\/goldwing.nl\/de\/shop\/goldwing-gl-1800-2018-up-zubehoer\/topcase-spoiler-led-leuchte-gl1800-2021up-modelle-in-chrom-2\/","url":"https:\/\/goldwing.nl\/de\/shop\/goldwing-gl-1800-2018-up-zubehoer\/topcase-spoiler-led-leuchte-gl1800-2021up-modelle-in-chrom-2\/","name":"Topcase Spoiler LED-Leuchte GL1800 2021up Modelle - in schwarz (H) - Goldwing.nl - DE","isPartOf":{"@id":"https:\/\/goldwing.nl\/de\/#website"},"primaryImageOfPage":{"@id":"https:\/\/goldwing.nl\/de\/shop\/goldwing-gl-1800-2018-up-zubehoer\/topcase-spoiler-led-leuchte-gl1800-2021up-modelle-in-chrom-2\/#primaryimage"},"image":{"@id":"https:\/\/goldwing.nl\/de\/shop\/goldwing-gl-1800-2018-up-zubehoer\/topcase-spoiler-led-leuchte-gl1800-2021up-modelle-in-chrom-2\/#primaryimage"},"thumbnailUrl":"https:\/\/goldwing.nl\/de\/wp-content\/uploads\/sites\/3\/2024\/08\/20403048-Middel.jpg","datePublished":"2024-08-20T12:48:45+00:00","dateModified":"2025-10-01T15:07:04+00:00","breadcrumb":{"@id":"https:\/\/goldwing.nl\/de\/shop\/goldwing-gl-1800-2018-up-zubehoer\/topcase-spoiler-led-leuchte-gl1800-2021up-modelle-in-chrom-2\/#breadcrumb"},"inLanguage":"de","potentialAction":[{"@type":"ReadAction","target":["https:\/\/goldwing.nl\/de\/shop\/goldwing-gl-1800-2018-up-zubehoer\/topcase-spoiler-led-leuchte-gl1800-2021up-modelle-in-chrom-2\/"]}]},{"@type":"ImageObject","inLanguage":"de","@id":"https:\/\/goldwing.nl\/de\/shop\/goldwing-gl-1800-2018-up-zubehoer\/topcase-spoiler-led-leuchte-gl1800-2021up-modelle-in-chrom-2\/#primaryimage","url":"https:\/\/goldwing.nl\/de\/wp-content\/uploads\/sites\/3\/2024\/08\/20403048-Middel.jpg","contentUrl":"https:\/\/goldwing.nl\/de\/wp-content\/uploads\/sites\/3\/2024\/08\/20403048-Middel.jpg","width":1016,"height":768},{"@type":"BreadcrumbList","@id":"https:\/\/goldwing.nl\/de\/shop\/goldwing-gl-1800-2018-up-zubehoer\/topcase-spoiler-led-leuchte-gl1800-2021up-modelle-in-chrom-2\/#breadcrumb","itemListElement":[{"@type":"ListItem","position":1,"name":"Home","item":"https:\/\/goldwing.nl\/de\/"},{"@type":"ListItem","position":2,"name":"Webshop","item":"https:\/\/goldwing.nl\/de\/shop\/"},{"@type":"ListItem","position":3,"name":"Topcase Spoiler LED-Leuchte GL1800 2021up Modelle in CHROM"}]},{"@type":"WebSite","@id":"https:\/\/goldwing.nl\/de\/#website","url":"https:\/\/goldwing.nl\/de\/","name":"Goldwing.nl - DE","description":"Biker&#039;s Best","publisher":{"@id":"https:\/\/goldwing.nl\/de\/#organization"},"potentialAction":[{"@type":"SearchAction","target":{"@type":"EntryPoint","urlTemplate":"https:\/\/goldwing.nl\/de\/?s={search_term_string}"},"query-input":{"@type":"PropertyValueSpecification","valueRequired":true,"valueName":"search_term_string"}}],"inLanguage":"de"},{"@type":"Organization","@id":"https:\/\/goldwing.nl\/de\/#organization","name":"Goldwing.nl - DE","url":"https:\/\/goldwing.nl\/de\/","logo":{"@type":"ImageObject","inLanguage":"de","@id":"https:\/\/goldwing.nl\/de\/#\/schema\/logo\/image\/","url":"https:\/\/goldwing.nl\/de\/wp-content\/uploads\/sites\/3\/2022\/08\/BikersBest-logo.png","contentUrl":"https:\/\/goldwing.nl\/de\/wp-content\/uploads\/sites\/3\/2022\/08\/BikersBest-logo.png","width":311,"height":152,"caption":"Goldwing.nl - DE"},"image":{"@id":"https:\/\/goldwing.nl\/de\/#\/schema\/logo\/image\/"},"sameAs":["https:\/\/www.facebook.com\/302398026438779"]}]}},"_links":{"self":[{"href":"https:\/\/goldwing.nl\/de\/wp-json\/wp\/v2\/product\/26328"}],"collection":[{"href":"https:\/\/goldwing.nl\/de\/wp-json\/wp\/v2\/product"}],"about":[{"href":"https:\/\/goldwing.nl\/de\/wp-json\/wp\/v2\/types\/product"}],"wp:featuredmedia":[{"embeddable":true,"href":"https:\/\/goldwing.nl\/de\/wp-json\/wp\/v2\/media\/26329"}],"wp:attachment":[{"href":"https:\/\/goldwing.nl\/de\/wp-json\/wp\/v2\/media?parent=26328"}],"wp:term":[{"taxonomy":"product_cat","embeddable":true,"href":"https:\/\/goldwing.nl\/de\/wp-json\/wp\/v2\/product_cat?post=26328"},{"taxonomy":"product_tag","embeddable":true,"href":"https:\/\/goldwing.nl\/de\/wp-json\/wp\/v2\/product_tag?post=26328"}],"curies":[{"name":"wp","href":"https:\/\/api.w.org\/{rel}","templated":true}]}}