{"id":26061,"date":"2024-06-05T10:28:54","date_gmt":"2024-06-05T10:28:54","guid":{"rendered":"https:\/\/goldwing.nl\/de\/shop\/niet-gecategoriseerd\/handyhalterung-mit-schnellladegerat-fur-gl1800-2018up-modelle\/"},"modified":"2025-02-21T09:32:41","modified_gmt":"2025-02-21T09:32:41","slug":"handyhalterung-mit-schnellladegerat-fur-gl1800-2018up-modelle","status":"publish","type":"product","link":"https:\/\/goldwing.nl\/de\/shop\/verschiedene-produkte-universell\/kommunikation-und-musik-verschiedene-produkte-universell\/handyhalterung-mit-schnellladegerat-fur-gl1800-2018up-modelle\/","title":{"rendered":"Handyhalterung mit Schnellladeger\u00e4t f\u00fcr GL1800 2018up Modelle"},"content":{"rendered":"","protected":false},"excerpt":{"rendered":"<p>Handyhalterung mit Schnellladeger\u00e4t f\u00fcr GL1800 2018up Modelle<\/p>\n<ul>\n<li>Tiefe, weiche Finger und zus\u00e4tzlicher Tastenabstand.<\/li>\n<li>Schwenkbare Halterung f\u00fcr die Anzeige im Hoch- oder Querformat.<\/li>\n<li>Festziehen und Umlegen des Hebels zum Einrasten.<\/li>\n<li>Verstellbarer, rutschfester Gummifu\u00df f\u00fcr eine Vielzahl von Handys.<\/li>\n<li>Unterst\u00fctzt kabelloses Laden mit bis zu 15 Watt.<\/li>\n<li>iOS- und Android-Unterst\u00fctzung.<\/li>\n<li>Schnelle Aufladung m\u00f6glich.<\/li>\n<li>Wasserdichte Elektronik.<\/li>\n<li>Starke, verst\u00e4rkte schwarze Nylonkomponenten mit griffigen, weichen Fingern.<\/li>\n<li>Einfache Bedienung mit einer Hand.<\/li>\n<li>H\u00e4lt fast jedes Handy einschlie\u00dflich Geh\u00e4use sicher fest.<\/li>\n<li>Einfacher Kabelbaum im Lieferumfang enthalten, der direkt an jede 12-V-Batterie mit integrierter Sicherung angeschlossen werden kann.<\/li>\n<li>Der Verriegelungsgriff kann auf beiden Seiten des Halters verwendet werden.<\/li>\n<li>Kompatibel mit Qi-f\u00e4higen Mobiltelefonen.<br \/>\nBitte vergewissern Sie sich vor der Bestellung beim Hersteller Ihres Handys, dass Ihr Modell kabellose Ladefunktionen besitzt.<\/li>\n<li>Befestigungssystem separat erh\u00e4ltlich<br \/>\nErfordert eine GEN 2 kompatible Kugelhalterung<\/li>\n<\/ul>\n","protected":false},"featured_media":26064,"template":"","meta":{"_acf_changed":false},"product_cat":[400,434],"product_tag":[],"class_list":["post-26061","product","type-product","status-publish","has-post-thumbnail","hentry","product_cat-goldwing-gl-1800-2018-up-zubehoer","product_cat-kommunikation-und-musik-verschiedene-produkte-universell","product_shipping_class-pakket-artikel","","woocommerce-text-align-center","woocommerce-image-align-center","do-quantity-buttons"],"acf":[],"yoast_head":"<!-- This site is optimized with the Yoast SEO plugin v25.6 - https:\/\/yoast.com\/wordpress\/plugins\/seo\/ -->\n<title>Handyhalterung mit Schnellladeger\u00e4t f\u00fcr GL1800 2018up Modelle - Goldwing.nl - DE<\/title>\n<meta name=\"robots\" content=\"index, follow, max-snippet:-1, max-image-preview:large, max-video-preview:-1\" \/>\n<link rel=\"canonical\" href=\"https:\/\/goldwing.nl\/de\/shop\/verschiedene-produkte-universell\/kommunikation-und-musik-verschiedene-produkte-universell\/handyhalterung-mit-schnellladegerat-fur-gl1800-2018up-modelle\/\" \/>\n<meta property=\"og:locale\" content=\"de_DE\" \/>\n<meta property=\"og:type\" content=\"article\" \/>\n<meta property=\"og:title\" content=\"Handyhalterung mit Schnellladeger\u00e4t f\u00fcr GL1800 2018up Modelle - Goldwing.nl - DE\" \/>\n<meta property=\"og:description\" content=\"Handyhalterung mit Schnellladeger\u00e4t f\u00fcr GL1800 2018up Modelle   Tiefe, weiche Finger und zus\u00e4tzlicher Tastenabstand.  Schwenkbare Halterung f\u00fcr die Anzeige im Hoch- oder Querformat.  Festziehen und Umlegen des Hebels zum Einrasten.  Verstellbarer, rutschfester Gummifu\u00df f\u00fcr eine Vielzahl von Handys.  Unterst\u00fctzt kabelloses Laden mit bis zu 15 Watt.  iOS- und Android-Unterst\u00fctzung.  Schnelle Aufladung m\u00f6glich.  Wasserdichte Elektronik.  Starke, verst\u00e4rkte schwarze Nylonkomponenten mit griffigen, weichen Fingern.  Einfache Bedienung mit einer Hand.  H\u00e4lt fast jedes Handy einschlie\u00dflich Geh\u00e4use sicher fest.  Einfacher Kabelbaum im Lieferumfang enthalten, der direkt an jede 12-V-Batterie mit integrierter Sicherung angeschlossen werden kann.  Der Verriegelungsgriff kann auf beiden Seiten des Halters verwendet werden.  Kompatibel mit Qi-f\u00e4higen Mobiltelefonen. Bitte vergewissern Sie sich vor der Bestellung beim Hersteller Ihres Handys, dass Ihr Modell kabellose Ladefunktionen besitzt.  Befestigungssystem separat erh\u00e4ltlich Erfordert eine GEN 2 kompatible Kugelhalterung\" \/>\n<meta property=\"og:url\" content=\"https:\/\/goldwing.nl\/de\/shop\/verschiedene-produkte-universell\/kommunikation-und-musik-verschiedene-produkte-universell\/handyhalterung-mit-schnellladegerat-fur-gl1800-2018up-modelle\/\" \/>\n<meta property=\"og:site_name\" content=\"Goldwing.nl - DE\" \/>\n<meta property=\"article:publisher\" content=\"https:\/\/www.facebook.com\/302398026438779\" \/>\n<meta property=\"article:modified_time\" content=\"2025-02-21T09:32:41+00:00\" \/>\n<meta property=\"og:image\" content=\"https:\/\/goldwing.nl\/de\/wp-content\/uploads\/sites\/3\/2024\/06\/58010-1.jpg\" \/>\n\t<meta property=\"og:image:width\" content=\"1153\" \/>\n\t<meta property=\"og:image:height\" content=\"768\" \/>\n\t<meta property=\"og:image:type\" content=\"image\/jpeg\" \/>\n<meta name=\"twitter:card\" content=\"summary_large_image\" \/>\n<script type=\"application\/ld+json\" class=\"yoast-schema-graph\">{\"@context\":\"https:\/\/schema.org\",\"@graph\":[{\"@type\":\"WebPage\",\"@id\":\"https:\/\/goldwing.nl\/de\/shop\/verschiedene-produkte-universell\/kommunikation-und-musik-verschiedene-produkte-universell\/handyhalterung-mit-schnellladegerat-fur-gl1800-2018up-modelle\/\",\"url\":\"https:\/\/goldwing.nl\/de\/shop\/verschiedene-produkte-universell\/kommunikation-und-musik-verschiedene-produkte-universell\/handyhalterung-mit-schnellladegerat-fur-gl1800-2018up-modelle\/\",\"name\":\"Handyhalterung mit Schnellladeger\u00e4t f\u00fcr GL1800 2018up Modelle - Goldwing.nl - DE\",\"isPartOf\":{\"@id\":\"https:\/\/goldwing.nl\/de\/#website\"},\"primaryImageOfPage\":{\"@id\":\"https:\/\/goldwing.nl\/de\/shop\/verschiedene-produkte-universell\/kommunikation-und-musik-verschiedene-produkte-universell\/handyhalterung-mit-schnellladegerat-fur-gl1800-2018up-modelle\/#primaryimage\"},\"image\":{\"@id\":\"https:\/\/goldwing.nl\/de\/shop\/verschiedene-produkte-universell\/kommunikation-und-musik-verschiedene-produkte-universell\/handyhalterung-mit-schnellladegerat-fur-gl1800-2018up-modelle\/#primaryimage\"},\"thumbnailUrl\":\"https:\/\/goldwing.nl\/de\/wp-content\/uploads\/sites\/3\/2024\/06\/58010-1.jpg\",\"datePublished\":\"2024-06-05T10:28:54+00:00\",\"dateModified\":\"2025-02-21T09:32:41+00:00\",\"breadcrumb\":{\"@id\":\"https:\/\/goldwing.nl\/de\/shop\/verschiedene-produkte-universell\/kommunikation-und-musik-verschiedene-produkte-universell\/handyhalterung-mit-schnellladegerat-fur-gl1800-2018up-modelle\/#breadcrumb\"},\"inLanguage\":\"de\",\"potentialAction\":[{\"@type\":\"ReadAction\",\"target\":[\"https:\/\/goldwing.nl\/de\/shop\/verschiedene-produkte-universell\/kommunikation-und-musik-verschiedene-produkte-universell\/handyhalterung-mit-schnellladegerat-fur-gl1800-2018up-modelle\/\"]}]},{\"@type\":\"ImageObject\",\"inLanguage\":\"de\",\"@id\":\"https:\/\/goldwing.nl\/de\/shop\/verschiedene-produkte-universell\/kommunikation-und-musik-verschiedene-produkte-universell\/handyhalterung-mit-schnellladegerat-fur-gl1800-2018up-modelle\/#primaryimage\",\"url\":\"https:\/\/goldwing.nl\/de\/wp-content\/uploads\/sites\/3\/2024\/06\/58010-1.jpg\",\"contentUrl\":\"https:\/\/goldwing.nl\/de\/wp-content\/uploads\/sites\/3\/2024\/06\/58010-1.jpg\",\"width\":1153,\"height\":768},{\"@type\":\"BreadcrumbList\",\"@id\":\"https:\/\/goldwing.nl\/de\/shop\/verschiedene-produkte-universell\/kommunikation-und-musik-verschiedene-produkte-universell\/handyhalterung-mit-schnellladegerat-fur-gl1800-2018up-modelle\/#breadcrumb\",\"itemListElement\":[{\"@type\":\"ListItem\",\"position\":1,\"name\":\"Home\",\"item\":\"https:\/\/goldwing.nl\/de\/\"},{\"@type\":\"ListItem\",\"position\":2,\"name\":\"Webshop\",\"item\":\"https:\/\/goldwing.nl\/de\/shop\/\"},{\"@type\":\"ListItem\",\"position\":3,\"name\":\"Handyhalterung mit Schnellladeger\u00e4t f\u00fcr GL1800 2018up Modelle\"}]},{\"@type\":\"WebSite\",\"@id\":\"https:\/\/goldwing.nl\/de\/#website\",\"url\":\"https:\/\/goldwing.nl\/de\/\",\"name\":\"Goldwing.nl - DE\",\"description\":\"Biker&#039;s Best\",\"publisher\":{\"@id\":\"https:\/\/goldwing.nl\/de\/#organization\"},\"potentialAction\":[{\"@type\":\"SearchAction\",\"target\":{\"@type\":\"EntryPoint\",\"urlTemplate\":\"https:\/\/goldwing.nl\/de\/?s={search_term_string}\"},\"query-input\":{\"@type\":\"PropertyValueSpecification\",\"valueRequired\":true,\"valueName\":\"search_term_string\"}}],\"inLanguage\":\"de\"},{\"@type\":\"Organization\",\"@id\":\"https:\/\/goldwing.nl\/de\/#organization\",\"name\":\"Goldwing.nl - DE\",\"url\":\"https:\/\/goldwing.nl\/de\/\",\"logo\":{\"@type\":\"ImageObject\",\"inLanguage\":\"de\",\"@id\":\"https:\/\/goldwing.nl\/de\/#\/schema\/logo\/image\/\",\"url\":\"https:\/\/goldwing.nl\/de\/wp-content\/uploads\/sites\/3\/2022\/08\/BikersBest-logo.png\",\"contentUrl\":\"https:\/\/goldwing.nl\/de\/wp-content\/uploads\/sites\/3\/2022\/08\/BikersBest-logo.png\",\"width\":311,\"height\":152,\"caption\":\"Goldwing.nl - DE\"},\"image\":{\"@id\":\"https:\/\/goldwing.nl\/de\/#\/schema\/logo\/image\/\"},\"sameAs\":[\"https:\/\/www.facebook.com\/302398026438779\"]}]}<\/script>\n<!-- \/ Yoast SEO plugin. -->","yoast_head_json":{"title":"Handyhalterung mit Schnellladeger\u00e4t f\u00fcr GL1800 2018up Modelle - Goldwing.nl - DE","robots":{"index":"index","follow":"follow","max-snippet":"max-snippet:-1","max-image-preview":"max-image-preview:large","max-video-preview":"max-video-preview:-1"},"canonical":"https:\/\/goldwing.nl\/de\/shop\/verschiedene-produkte-universell\/kommunikation-und-musik-verschiedene-produkte-universell\/handyhalterung-mit-schnellladegerat-fur-gl1800-2018up-modelle\/","og_locale":"de_DE","og_type":"article","og_title":"Handyhalterung mit Schnellladeger\u00e4t f\u00fcr GL1800 2018up Modelle - Goldwing.nl - DE","og_description":"Handyhalterung mit Schnellladeger\u00e4t f\u00fcr GL1800 2018up Modelle   Tiefe, weiche Finger und zus\u00e4tzlicher Tastenabstand.  Schwenkbare Halterung f\u00fcr die Anzeige im Hoch- oder Querformat.  Festziehen und Umlegen des Hebels zum Einrasten.  Verstellbarer, rutschfester Gummifu\u00df f\u00fcr eine Vielzahl von Handys.  Unterst\u00fctzt kabelloses Laden mit bis zu 15 Watt.  iOS- und Android-Unterst\u00fctzung.  Schnelle Aufladung m\u00f6glich.  Wasserdichte Elektronik.  Starke, verst\u00e4rkte schwarze Nylonkomponenten mit griffigen, weichen Fingern.  Einfache Bedienung mit einer Hand.  H\u00e4lt fast jedes Handy einschlie\u00dflich Geh\u00e4use sicher fest.  Einfacher Kabelbaum im Lieferumfang enthalten, der direkt an jede 12-V-Batterie mit integrierter Sicherung angeschlossen werden kann.  Der Verriegelungsgriff kann auf beiden Seiten des Halters verwendet werden.  Kompatibel mit Qi-f\u00e4higen Mobiltelefonen. Bitte vergewissern Sie sich vor der Bestellung beim Hersteller Ihres Handys, dass Ihr Modell kabellose Ladefunktionen besitzt.  Befestigungssystem separat erh\u00e4ltlich Erfordert eine GEN 2 kompatible Kugelhalterung","og_url":"https:\/\/goldwing.nl\/de\/shop\/verschiedene-produkte-universell\/kommunikation-und-musik-verschiedene-produkte-universell\/handyhalterung-mit-schnellladegerat-fur-gl1800-2018up-modelle\/","og_site_name":"Goldwing.nl - DE","article_publisher":"https:\/\/www.facebook.com\/302398026438779","article_modified_time":"2025-02-21T09:32:41+00:00","og_image":[{"width":1153,"height":768,"url":"https:\/\/goldwing.nl\/de\/wp-content\/uploads\/sites\/3\/2024\/06\/58010-1.jpg","type":"image\/jpeg"}],"twitter_card":"summary_large_image","schema":{"@context":"https:\/\/schema.org","@graph":[{"@type":"WebPage","@id":"https:\/\/goldwing.nl\/de\/shop\/verschiedene-produkte-universell\/kommunikation-und-musik-verschiedene-produkte-universell\/handyhalterung-mit-schnellladegerat-fur-gl1800-2018up-modelle\/","url":"https:\/\/goldwing.nl\/de\/shop\/verschiedene-produkte-universell\/kommunikation-und-musik-verschiedene-produkte-universell\/handyhalterung-mit-schnellladegerat-fur-gl1800-2018up-modelle\/","name":"Handyhalterung mit Schnellladeger\u00e4t f\u00fcr GL1800 2018up Modelle - Goldwing.nl - DE","isPartOf":{"@id":"https:\/\/goldwing.nl\/de\/#website"},"primaryImageOfPage":{"@id":"https:\/\/goldwing.nl\/de\/shop\/verschiedene-produkte-universell\/kommunikation-und-musik-verschiedene-produkte-universell\/handyhalterung-mit-schnellladegerat-fur-gl1800-2018up-modelle\/#primaryimage"},"image":{"@id":"https:\/\/goldwing.nl\/de\/shop\/verschiedene-produkte-universell\/kommunikation-und-musik-verschiedene-produkte-universell\/handyhalterung-mit-schnellladegerat-fur-gl1800-2018up-modelle\/#primaryimage"},"thumbnailUrl":"https:\/\/goldwing.nl\/de\/wp-content\/uploads\/sites\/3\/2024\/06\/58010-1.jpg","datePublished":"2024-06-05T10:28:54+00:00","dateModified":"2025-02-21T09:32:41+00:00","breadcrumb":{"@id":"https:\/\/goldwing.nl\/de\/shop\/verschiedene-produkte-universell\/kommunikation-und-musik-verschiedene-produkte-universell\/handyhalterung-mit-schnellladegerat-fur-gl1800-2018up-modelle\/#breadcrumb"},"inLanguage":"de","potentialAction":[{"@type":"ReadAction","target":["https:\/\/goldwing.nl\/de\/shop\/verschiedene-produkte-universell\/kommunikation-und-musik-verschiedene-produkte-universell\/handyhalterung-mit-schnellladegerat-fur-gl1800-2018up-modelle\/"]}]},{"@type":"ImageObject","inLanguage":"de","@id":"https:\/\/goldwing.nl\/de\/shop\/verschiedene-produkte-universell\/kommunikation-und-musik-verschiedene-produkte-universell\/handyhalterung-mit-schnellladegerat-fur-gl1800-2018up-modelle\/#primaryimage","url":"https:\/\/goldwing.nl\/de\/wp-content\/uploads\/sites\/3\/2024\/06\/58010-1.jpg","contentUrl":"https:\/\/goldwing.nl\/de\/wp-content\/uploads\/sites\/3\/2024\/06\/58010-1.jpg","width":1153,"height":768},{"@type":"BreadcrumbList","@id":"https:\/\/goldwing.nl\/de\/shop\/verschiedene-produkte-universell\/kommunikation-und-musik-verschiedene-produkte-universell\/handyhalterung-mit-schnellladegerat-fur-gl1800-2018up-modelle\/#breadcrumb","itemListElement":[{"@type":"ListItem","position":1,"name":"Home","item":"https:\/\/goldwing.nl\/de\/"},{"@type":"ListItem","position":2,"name":"Webshop","item":"https:\/\/goldwing.nl\/de\/shop\/"},{"@type":"ListItem","position":3,"name":"Handyhalterung mit Schnellladeger\u00e4t f\u00fcr GL1800 2018up Modelle"}]},{"@type":"WebSite","@id":"https:\/\/goldwing.nl\/de\/#website","url":"https:\/\/goldwing.nl\/de\/","name":"Goldwing.nl - DE","description":"Biker&#039;s Best","publisher":{"@id":"https:\/\/goldwing.nl\/de\/#organization"},"potentialAction":[{"@type":"SearchAction","target":{"@type":"EntryPoint","urlTemplate":"https:\/\/goldwing.nl\/de\/?s={search_term_string}"},"query-input":{"@type":"PropertyValueSpecification","valueRequired":true,"valueName":"search_term_string"}}],"inLanguage":"de"},{"@type":"Organization","@id":"https:\/\/goldwing.nl\/de\/#organization","name":"Goldwing.nl - DE","url":"https:\/\/goldwing.nl\/de\/","logo":{"@type":"ImageObject","inLanguage":"de","@id":"https:\/\/goldwing.nl\/de\/#\/schema\/logo\/image\/","url":"https:\/\/goldwing.nl\/de\/wp-content\/uploads\/sites\/3\/2022\/08\/BikersBest-logo.png","contentUrl":"https:\/\/goldwing.nl\/de\/wp-content\/uploads\/sites\/3\/2022\/08\/BikersBest-logo.png","width":311,"height":152,"caption":"Goldwing.nl - DE"},"image":{"@id":"https:\/\/goldwing.nl\/de\/#\/schema\/logo\/image\/"},"sameAs":["https:\/\/www.facebook.com\/302398026438779"]}]}},"_links":{"self":[{"href":"https:\/\/goldwing.nl\/de\/wp-json\/wp\/v2\/product\/26061"}],"collection":[{"href":"https:\/\/goldwing.nl\/de\/wp-json\/wp\/v2\/product"}],"about":[{"href":"https:\/\/goldwing.nl\/de\/wp-json\/wp\/v2\/types\/product"}],"wp:featuredmedia":[{"embeddable":true,"href":"https:\/\/goldwing.nl\/de\/wp-json\/wp\/v2\/media\/26064"}],"wp:attachment":[{"href":"https:\/\/goldwing.nl\/de\/wp-json\/wp\/v2\/media?parent=26061"}],"wp:term":[{"taxonomy":"product_cat","embeddable":true,"href":"https:\/\/goldwing.nl\/de\/wp-json\/wp\/v2\/product_cat?post=26061"},{"taxonomy":"product_tag","embeddable":true,"href":"https:\/\/goldwing.nl\/de\/wp-json\/wp\/v2\/product_tag?post=26061"}],"curies":[{"name":"wp","href":"https:\/\/api.w.org\/{rel}","templated":true}]}}