{"id":25866,"date":"2024-04-18T10:49:50","date_gmt":"2024-04-18T10:49:50","guid":{"rendered":"https:\/\/goldwing.nl\/de\/shop\/niet-gecategoriseerd\/spiegelglassatz-extra-breit-fur-u-a-anhangerbetrieb-fur-gl1800-2018up-ciro-58500\/"},"modified":"2025-10-01T14:18:14","modified_gmt":"2025-10-01T14:18:14","slug":"spiegelglassatz-extra-breit-fur-u-a-anhangerbetrieb-fur-gl1800-2018up-ciro-58500","status":"publish","type":"product","link":"https:\/\/goldwing.nl\/de\/shop\/goldwing-gl-1800-2018-up-zubehoer\/spiegelglassatz-extra-breit-fur-u-a-anhangerbetrieb-fur-gl1800-2018up-ciro-58500\/","title":{"rendered":"Spiegelglassatz extra breit f\u00fcr u.a. Anh\u00e4ngerbetrieb f\u00fcr GL1800 2018up ( CIRO # 58500) (F)"},"content":{"rendered":"","protected":false},"excerpt":{"rendered":"<p>Verringert den toten Winkel und bietet mehr Sicht nach hinten durch f\u00fcnf zus\u00e4tzliche Quadratzentimeter Spiegelfl\u00e4che<\/p>\n<ul>\n<li>Einfacher Einbau<\/li>\n<li>Beibehaltung der serienm\u00e4\u00dfigen Einstellbarkeit<\/li>\n<li>Erweitertes Sichtfeld<\/li>\n<li>Verbesserte Sicht beim Abschleppen<\/li>\n<li>Keine \u00c4nderungen an Ihrem Motorrad<\/li>\n<li>Abmessungen\u00a0\u00a0 7-3\/16 x 4-9\/16 ( 22 x 7.5 cm. )<\/li>\n<li>Farbe der Linse: Klar<\/li>\n<\/ul>\n<p>Im Kit enthalten:<br \/>\nLinke und Rechte Spiegelbaugruppe<br \/>\nBohren erforderlich: Nein<\/p>\n<p>Gesch\u00e4tzte Einbauzeit 15 Minuten<\/p>\n","protected":false},"featured_media":27830,"template":"","meta":{"_acf_changed":false},"product_cat":[400],"product_tag":[],"class_list":["post-25866","product","type-product","status-publish","has-post-thumbnail","hentry","product_cat-goldwing-gl-1800-2018-up-zubehoer","product_shipping_class-pakket-artikel","","woocommerce-text-align-center","woocommerce-image-align-center","do-quantity-buttons"],"acf":[],"yoast_head":"<!-- This site is optimized with the Yoast SEO plugin v25.6 - https:\/\/yoast.com\/wordpress\/plugins\/seo\/ -->\n<title>Spiegelglassatz extra breit f\u00fcr u.a. Anh\u00e4ngerbetrieb f\u00fcr GL1800 2018up ( CIRO # 58500) (F) - Goldwing.nl - DE<\/title>\n<meta name=\"robots\" content=\"index, follow, max-snippet:-1, max-image-preview:large, max-video-preview:-1\" \/>\n<link rel=\"canonical\" href=\"https:\/\/goldwing.nl\/de\/shop\/goldwing-gl-1800-2018-up-zubehoer\/spiegelglassatz-extra-breit-fur-u-a-anhangerbetrieb-fur-gl1800-2018up-ciro-58500\/\" \/>\n<meta property=\"og:locale\" content=\"de_DE\" \/>\n<meta property=\"og:type\" content=\"article\" \/>\n<meta property=\"og:title\" content=\"Spiegelglassatz extra breit f\u00fcr u.a. Anh\u00e4ngerbetrieb f\u00fcr GL1800 2018up ( CIRO # 58500) (F) - Goldwing.nl - DE\" \/>\n<meta property=\"og:description\" content=\"Verringert den toten Winkel und bietet mehr Sicht nach hinten durch f\u00fcnf zus\u00e4tzliche Quadratzentimeter Spiegelfl\u00e4che   Einfacher Einbau  Beibehaltung der serienm\u00e4\u00dfigen Einstellbarkeit  Erweitertes Sichtfeld  Verbesserte Sicht beim Abschleppen  Keine \u00c4nderungen an Ihrem Motorrad  Abmessungen\u00a0\u00a0 7-3\/16 x 4-9\/16 ( 22 x 7.5 cm. )  Farbe der Linse: Klar  Im Kit enthalten: Linke und Rechte Spiegelbaugruppe Bohren erforderlich: Nein  Gesch\u00e4tzte Einbauzeit 15 Minuten\" \/>\n<meta property=\"og:url\" content=\"https:\/\/goldwing.nl\/de\/shop\/goldwing-gl-1800-2018-up-zubehoer\/spiegelglassatz-extra-breit-fur-u-a-anhangerbetrieb-fur-gl1800-2018up-ciro-58500\/\" \/>\n<meta property=\"og:site_name\" content=\"Goldwing.nl - DE\" \/>\n<meta property=\"article:publisher\" content=\"https:\/\/www.facebook.com\/302398026438779\" \/>\n<meta property=\"article:modified_time\" content=\"2025-10-01T14:18:14+00:00\" \/>\n<meta name=\"twitter:card\" content=\"summary_large_image\" \/>\n<script type=\"application\/ld+json\" class=\"yoast-schema-graph\">{\"@context\":\"https:\/\/schema.org\",\"@graph\":[{\"@type\":\"WebPage\",\"@id\":\"https:\/\/goldwing.nl\/de\/shop\/goldwing-gl-1800-2018-up-zubehoer\/spiegelglassatz-extra-breit-fur-u-a-anhangerbetrieb-fur-gl1800-2018up-ciro-58500\/\",\"url\":\"https:\/\/goldwing.nl\/de\/shop\/goldwing-gl-1800-2018-up-zubehoer\/spiegelglassatz-extra-breit-fur-u-a-anhangerbetrieb-fur-gl1800-2018up-ciro-58500\/\",\"name\":\"Spiegelglassatz extra breit f\u00fcr u.a. Anh\u00e4ngerbetrieb f\u00fcr GL1800 2018up ( CIRO # 58500) (F) - Goldwing.nl - DE\",\"isPartOf\":{\"@id\":\"https:\/\/goldwing.nl\/de\/#website\"},\"primaryImageOfPage\":{\"@id\":\"https:\/\/goldwing.nl\/de\/shop\/goldwing-gl-1800-2018-up-zubehoer\/spiegelglassatz-extra-breit-fur-u-a-anhangerbetrieb-fur-gl1800-2018up-ciro-58500\/#primaryimage\"},\"image\":{\"@id\":\"https:\/\/goldwing.nl\/de\/shop\/goldwing-gl-1800-2018-up-zubehoer\/spiegelglassatz-extra-breit-fur-u-a-anhangerbetrieb-fur-gl1800-2018up-ciro-58500\/#primaryimage\"},\"thumbnailUrl\":\"https:\/\/goldwing.nl\/de\/wp-content\/uploads\/sites\/3\/2025\/02\/58500-3.jpg\",\"datePublished\":\"2024-04-18T10:49:50+00:00\",\"dateModified\":\"2025-10-01T14:18:14+00:00\",\"breadcrumb\":{\"@id\":\"https:\/\/goldwing.nl\/de\/shop\/goldwing-gl-1800-2018-up-zubehoer\/spiegelglassatz-extra-breit-fur-u-a-anhangerbetrieb-fur-gl1800-2018up-ciro-58500\/#breadcrumb\"},\"inLanguage\":\"de\",\"potentialAction\":[{\"@type\":\"ReadAction\",\"target\":[\"https:\/\/goldwing.nl\/de\/shop\/goldwing-gl-1800-2018-up-zubehoer\/spiegelglassatz-extra-breit-fur-u-a-anhangerbetrieb-fur-gl1800-2018up-ciro-58500\/\"]}]},{\"@type\":\"ImageObject\",\"inLanguage\":\"de\",\"@id\":\"https:\/\/goldwing.nl\/de\/shop\/goldwing-gl-1800-2018-up-zubehoer\/spiegelglassatz-extra-breit-fur-u-a-anhangerbetrieb-fur-gl1800-2018up-ciro-58500\/#primaryimage\",\"url\":\"https:\/\/goldwing.nl\/de\/wp-content\/uploads\/sites\/3\/2025\/02\/58500-3.jpg\",\"contentUrl\":\"https:\/\/goldwing.nl\/de\/wp-content\/uploads\/sites\/3\/2025\/02\/58500-3.jpg\",\"width\":275,\"height\":183},{\"@type\":\"BreadcrumbList\",\"@id\":\"https:\/\/goldwing.nl\/de\/shop\/goldwing-gl-1800-2018-up-zubehoer\/spiegelglassatz-extra-breit-fur-u-a-anhangerbetrieb-fur-gl1800-2018up-ciro-58500\/#breadcrumb\",\"itemListElement\":[{\"@type\":\"ListItem\",\"position\":1,\"name\":\"Home\",\"item\":\"https:\/\/goldwing.nl\/de\/\"},{\"@type\":\"ListItem\",\"position\":2,\"name\":\"Webshop\",\"item\":\"https:\/\/goldwing.nl\/de\/shop\/\"},{\"@type\":\"ListItem\",\"position\":3,\"name\":\"Spiegelglassatz extra breit f\u00fcr u.a. Anh\u00e4ngerbetrieb f\u00fcr GL1800 2018up ( CIRO # 58500)\"}]},{\"@type\":\"WebSite\",\"@id\":\"https:\/\/goldwing.nl\/de\/#website\",\"url\":\"https:\/\/goldwing.nl\/de\/\",\"name\":\"Goldwing.nl - DE\",\"description\":\"Biker&#039;s Best\",\"publisher\":{\"@id\":\"https:\/\/goldwing.nl\/de\/#organization\"},\"potentialAction\":[{\"@type\":\"SearchAction\",\"target\":{\"@type\":\"EntryPoint\",\"urlTemplate\":\"https:\/\/goldwing.nl\/de\/?s={search_term_string}\"},\"query-input\":{\"@type\":\"PropertyValueSpecification\",\"valueRequired\":true,\"valueName\":\"search_term_string\"}}],\"inLanguage\":\"de\"},{\"@type\":\"Organization\",\"@id\":\"https:\/\/goldwing.nl\/de\/#organization\",\"name\":\"Goldwing.nl - DE\",\"url\":\"https:\/\/goldwing.nl\/de\/\",\"logo\":{\"@type\":\"ImageObject\",\"inLanguage\":\"de\",\"@id\":\"https:\/\/goldwing.nl\/de\/#\/schema\/logo\/image\/\",\"url\":\"https:\/\/goldwing.nl\/de\/wp-content\/uploads\/sites\/3\/2022\/08\/BikersBest-logo.png\",\"contentUrl\":\"https:\/\/goldwing.nl\/de\/wp-content\/uploads\/sites\/3\/2022\/08\/BikersBest-logo.png\",\"width\":311,\"height\":152,\"caption\":\"Goldwing.nl - DE\"},\"image\":{\"@id\":\"https:\/\/goldwing.nl\/de\/#\/schema\/logo\/image\/\"},\"sameAs\":[\"https:\/\/www.facebook.com\/302398026438779\"]}]}<\/script>\n<!-- \/ Yoast SEO plugin. -->","yoast_head_json":{"title":"Spiegelglassatz extra breit f\u00fcr u.a. Anh\u00e4ngerbetrieb f\u00fcr GL1800 2018up ( CIRO # 58500) (F) - Goldwing.nl - DE","robots":{"index":"index","follow":"follow","max-snippet":"max-snippet:-1","max-image-preview":"max-image-preview:large","max-video-preview":"max-video-preview:-1"},"canonical":"https:\/\/goldwing.nl\/de\/shop\/goldwing-gl-1800-2018-up-zubehoer\/spiegelglassatz-extra-breit-fur-u-a-anhangerbetrieb-fur-gl1800-2018up-ciro-58500\/","og_locale":"de_DE","og_type":"article","og_title":"Spiegelglassatz extra breit f\u00fcr u.a. Anh\u00e4ngerbetrieb f\u00fcr GL1800 2018up ( CIRO # 58500) (F) - Goldwing.nl - DE","og_description":"Verringert den toten Winkel und bietet mehr Sicht nach hinten durch f\u00fcnf zus\u00e4tzliche Quadratzentimeter Spiegelfl\u00e4che   Einfacher Einbau  Beibehaltung der serienm\u00e4\u00dfigen Einstellbarkeit  Erweitertes Sichtfeld  Verbesserte Sicht beim Abschleppen  Keine \u00c4nderungen an Ihrem Motorrad  Abmessungen\u00a0\u00a0 7-3\/16 x 4-9\/16 ( 22 x 7.5 cm. )  Farbe der Linse: Klar  Im Kit enthalten: Linke und Rechte Spiegelbaugruppe Bohren erforderlich: Nein  Gesch\u00e4tzte Einbauzeit 15 Minuten","og_url":"https:\/\/goldwing.nl\/de\/shop\/goldwing-gl-1800-2018-up-zubehoer\/spiegelglassatz-extra-breit-fur-u-a-anhangerbetrieb-fur-gl1800-2018up-ciro-58500\/","og_site_name":"Goldwing.nl - DE","article_publisher":"https:\/\/www.facebook.com\/302398026438779","article_modified_time":"2025-10-01T14:18:14+00:00","twitter_card":"summary_large_image","schema":{"@context":"https:\/\/schema.org","@graph":[{"@type":"WebPage","@id":"https:\/\/goldwing.nl\/de\/shop\/goldwing-gl-1800-2018-up-zubehoer\/spiegelglassatz-extra-breit-fur-u-a-anhangerbetrieb-fur-gl1800-2018up-ciro-58500\/","url":"https:\/\/goldwing.nl\/de\/shop\/goldwing-gl-1800-2018-up-zubehoer\/spiegelglassatz-extra-breit-fur-u-a-anhangerbetrieb-fur-gl1800-2018up-ciro-58500\/","name":"Spiegelglassatz extra breit f\u00fcr u.a. Anh\u00e4ngerbetrieb f\u00fcr GL1800 2018up ( CIRO # 58500) (F) - Goldwing.nl - DE","isPartOf":{"@id":"https:\/\/goldwing.nl\/de\/#website"},"primaryImageOfPage":{"@id":"https:\/\/goldwing.nl\/de\/shop\/goldwing-gl-1800-2018-up-zubehoer\/spiegelglassatz-extra-breit-fur-u-a-anhangerbetrieb-fur-gl1800-2018up-ciro-58500\/#primaryimage"},"image":{"@id":"https:\/\/goldwing.nl\/de\/shop\/goldwing-gl-1800-2018-up-zubehoer\/spiegelglassatz-extra-breit-fur-u-a-anhangerbetrieb-fur-gl1800-2018up-ciro-58500\/#primaryimage"},"thumbnailUrl":"https:\/\/goldwing.nl\/de\/wp-content\/uploads\/sites\/3\/2025\/02\/58500-3.jpg","datePublished":"2024-04-18T10:49:50+00:00","dateModified":"2025-10-01T14:18:14+00:00","breadcrumb":{"@id":"https:\/\/goldwing.nl\/de\/shop\/goldwing-gl-1800-2018-up-zubehoer\/spiegelglassatz-extra-breit-fur-u-a-anhangerbetrieb-fur-gl1800-2018up-ciro-58500\/#breadcrumb"},"inLanguage":"de","potentialAction":[{"@type":"ReadAction","target":["https:\/\/goldwing.nl\/de\/shop\/goldwing-gl-1800-2018-up-zubehoer\/spiegelglassatz-extra-breit-fur-u-a-anhangerbetrieb-fur-gl1800-2018up-ciro-58500\/"]}]},{"@type":"ImageObject","inLanguage":"de","@id":"https:\/\/goldwing.nl\/de\/shop\/goldwing-gl-1800-2018-up-zubehoer\/spiegelglassatz-extra-breit-fur-u-a-anhangerbetrieb-fur-gl1800-2018up-ciro-58500\/#primaryimage","url":"https:\/\/goldwing.nl\/de\/wp-content\/uploads\/sites\/3\/2025\/02\/58500-3.jpg","contentUrl":"https:\/\/goldwing.nl\/de\/wp-content\/uploads\/sites\/3\/2025\/02\/58500-3.jpg","width":275,"height":183},{"@type":"BreadcrumbList","@id":"https:\/\/goldwing.nl\/de\/shop\/goldwing-gl-1800-2018-up-zubehoer\/spiegelglassatz-extra-breit-fur-u-a-anhangerbetrieb-fur-gl1800-2018up-ciro-58500\/#breadcrumb","itemListElement":[{"@type":"ListItem","position":1,"name":"Home","item":"https:\/\/goldwing.nl\/de\/"},{"@type":"ListItem","position":2,"name":"Webshop","item":"https:\/\/goldwing.nl\/de\/shop\/"},{"@type":"ListItem","position":3,"name":"Spiegelglassatz extra breit f\u00fcr u.a. Anh\u00e4ngerbetrieb f\u00fcr GL1800 2018up ( CIRO # 58500)"}]},{"@type":"WebSite","@id":"https:\/\/goldwing.nl\/de\/#website","url":"https:\/\/goldwing.nl\/de\/","name":"Goldwing.nl - DE","description":"Biker&#039;s Best","publisher":{"@id":"https:\/\/goldwing.nl\/de\/#organization"},"potentialAction":[{"@type":"SearchAction","target":{"@type":"EntryPoint","urlTemplate":"https:\/\/goldwing.nl\/de\/?s={search_term_string}"},"query-input":{"@type":"PropertyValueSpecification","valueRequired":true,"valueName":"search_term_string"}}],"inLanguage":"de"},{"@type":"Organization","@id":"https:\/\/goldwing.nl\/de\/#organization","name":"Goldwing.nl - DE","url":"https:\/\/goldwing.nl\/de\/","logo":{"@type":"ImageObject","inLanguage":"de","@id":"https:\/\/goldwing.nl\/de\/#\/schema\/logo\/image\/","url":"https:\/\/goldwing.nl\/de\/wp-content\/uploads\/sites\/3\/2022\/08\/BikersBest-logo.png","contentUrl":"https:\/\/goldwing.nl\/de\/wp-content\/uploads\/sites\/3\/2022\/08\/BikersBest-logo.png","width":311,"height":152,"caption":"Goldwing.nl - DE"},"image":{"@id":"https:\/\/goldwing.nl\/de\/#\/schema\/logo\/image\/"},"sameAs":["https:\/\/www.facebook.com\/302398026438779"]}]}},"_links":{"self":[{"href":"https:\/\/goldwing.nl\/de\/wp-json\/wp\/v2\/product\/25866"}],"collection":[{"href":"https:\/\/goldwing.nl\/de\/wp-json\/wp\/v2\/product"}],"about":[{"href":"https:\/\/goldwing.nl\/de\/wp-json\/wp\/v2\/types\/product"}],"wp:featuredmedia":[{"embeddable":true,"href":"https:\/\/goldwing.nl\/de\/wp-json\/wp\/v2\/media\/27830"}],"wp:attachment":[{"href":"https:\/\/goldwing.nl\/de\/wp-json\/wp\/v2\/media?parent=25866"}],"wp:term":[{"taxonomy":"product_cat","embeddable":true,"href":"https:\/\/goldwing.nl\/de\/wp-json\/wp\/v2\/product_cat?post=25866"},{"taxonomy":"product_tag","embeddable":true,"href":"https:\/\/goldwing.nl\/de\/wp-json\/wp\/v2\/product_tag?post=25866"}],"curies":[{"name":"wp","href":"https:\/\/api.w.org\/{rel}","templated":true}]}}