{"id":25864,"date":"2024-04-18T10:46:26","date_gmt":"2024-04-18T10:46:26","guid":{"rendered":"https:\/\/goldwing.nl\/de\/shop\/niet-gecategoriseerd\/spiegelglas-set-mit-blinker-gl1800-2018up-ciro-58510\/"},"modified":"2025-12-30T08:58:45","modified_gmt":"2025-12-30T08:58:45","slug":"spiegelglas-set-mit-blinker-gl1800-2018up-ciro-58510","status":"publish","type":"product","link":"https:\/\/goldwing.nl\/de\/shop\/goldwing-gl-1800-2018-up-zubehoer\/spiegelglas-set-mit-blinker-gl1800-2018up-ciro-58510\/","title":{"rendered":"Goldstrike Spiegelglas-Set mit Blinker, extra breit GL1800 2018up ( CIRO # 58510) (F)"},"content":{"rendered":"","protected":false},"excerpt":{"rendered":"<p>Spiegelglas-Set mit Blinker, extra breit GL1800 2018up ( CIRO # 58510)<\/p>\n<ul>\n<li>Integriertes sequentielles gelbes Blinklicht.<\/li>\n<li>Verdeckter sequentieller Blinker, wenn er nicht benutzt wird.<\/li>\n<li>Asph\u00e4risches Doppelspiegeldesign, kein Fisheye-Kuppelspiegel erforderlich.<\/li>\n<li>Verringert den toten Winkel und bietet mehr Sicht nach hinten durch f\u00fcnf zus\u00e4tzliche Quadratzentimeter Spiegelfl\u00e4che.<\/li>\n<li>Einfacher Einbau.<\/li>\n<li>Die serienm\u00e4\u00dfige Verstellbarkeit bleibt erhalten.<\/li>\n<li>Erweitertes Sichtfeld.<\/li>\n<li>Bessere Sicht beim Abschleppen.<\/li>\n<li>Erweitertes Sichtfeld: 1\/2&#8243; h\u00f6her und 1-1\/4&#8243; breiter als der Werksspiegel.<\/li>\n<li>Plug-N-Play-Kabelbaum, kein Schneiden oder Splei\u00dfen.<\/li>\n<li>Stecker im Werksstil f\u00fcr eine einfache Installation.<\/li>\n<li>Kein Entfernen von Karosserieteilen.<\/li>\n<li>Wird an der werkseitigen Spiegelhalterung montiert.<\/li>\n<li>Betreiben Sie das Motorrad nicht mit eingeklappten Spiegeln.<\/li>\n<li>Vorgesehen f\u00fcr die Verwendung mit OEM-Blinkern.<\/li>\n<li>Einige Aftermarket-Frontblinker beeintr\u00e4chtigen die Leistung dieser Lichter.<\/li>\n<\/ul>\n","protected":false},"featured_media":25865,"template":"","meta":{"_acf_changed":false},"product_cat":[400],"product_tag":[],"class_list":["post-25864","product","type-product","status-publish","has-post-thumbnail","hentry","product_cat-goldwing-gl-1800-2018-up-zubehoer","product_shipping_class-pakket-artikel","","woocommerce-text-align-center","woocommerce-image-align-center","do-quantity-buttons"],"acf":[],"yoast_head":"<!-- This site is optimized with the Yoast SEO plugin v25.6 - https:\/\/yoast.com\/wordpress\/plugins\/seo\/ -->\n<title>Goldstrike Spiegelglas-Set mit Blinker, extra breit GL1800 2018up ( CIRO # 58510) (F) - Goldwing.nl - DE<\/title>\n<meta name=\"robots\" content=\"index, follow, max-snippet:-1, max-image-preview:large, max-video-preview:-1\" \/>\n<link rel=\"canonical\" href=\"https:\/\/goldwing.nl\/de\/shop\/goldwing-gl-1800-2018-up-zubehoer\/spiegelglas-set-mit-blinker-gl1800-2018up-ciro-58510\/\" \/>\n<meta property=\"og:locale\" content=\"de_DE\" \/>\n<meta property=\"og:type\" content=\"article\" \/>\n<meta property=\"og:title\" content=\"Goldstrike Spiegelglas-Set mit Blinker, extra breit GL1800 2018up ( CIRO # 58510) (F) - Goldwing.nl - DE\" \/>\n<meta property=\"og:description\" content=\"Spiegelglas-Set mit Blinker, extra breit GL1800 2018up ( CIRO # 58510)   Integriertes sequentielles gelbes Blinklicht.  Verdeckter sequentieller Blinker, wenn er nicht benutzt wird.  Asph\u00e4risches Doppelspiegeldesign, kein Fisheye-Kuppelspiegel erforderlich.  Verringert den toten Winkel und bietet mehr Sicht nach hinten durch f\u00fcnf zus\u00e4tzliche Quadratzentimeter Spiegelfl\u00e4che.  Einfacher Einbau.  Die serienm\u00e4\u00dfige Verstellbarkeit bleibt erhalten.  Erweitertes Sichtfeld.  Bessere Sicht beim Abschleppen.  Erweitertes Sichtfeld: 1\/2&quot; h\u00f6her und 1-1\/4&quot; breiter als der Werksspiegel.  Plug-N-Play-Kabelbaum, kein Schneiden oder Splei\u00dfen.  Stecker im Werksstil f\u00fcr eine einfache Installation.  Kein Entfernen von Karosserieteilen.  Wird an der werkseitigen Spiegelhalterung montiert.  Betreiben Sie das Motorrad nicht mit eingeklappten Spiegeln.  Vorgesehen f\u00fcr die Verwendung mit OEM-Blinkern.  Einige Aftermarket-Frontblinker beeintr\u00e4chtigen die Leistung dieser Lichter.\" \/>\n<meta property=\"og:url\" content=\"https:\/\/goldwing.nl\/de\/shop\/goldwing-gl-1800-2018-up-zubehoer\/spiegelglas-set-mit-blinker-gl1800-2018up-ciro-58510\/\" \/>\n<meta property=\"og:site_name\" content=\"Goldwing.nl - DE\" \/>\n<meta property=\"article:publisher\" content=\"https:\/\/www.facebook.com\/302398026438779\" \/>\n<meta property=\"article:modified_time\" content=\"2025-12-30T08:58:45+00:00\" \/>\n<meta property=\"og:image\" content=\"https:\/\/goldwing.nl\/de\/wp-content\/uploads\/sites\/3\/2024\/04\/58510-Middel.jpg\" \/>\n\t<meta property=\"og:image:width\" content=\"1153\" \/>\n\t<meta property=\"og:image:height\" content=\"768\" \/>\n\t<meta property=\"og:image:type\" content=\"image\/jpeg\" \/>\n<meta name=\"twitter:card\" content=\"summary_large_image\" \/>\n<script type=\"application\/ld+json\" class=\"yoast-schema-graph\">{\"@context\":\"https:\/\/schema.org\",\"@graph\":[{\"@type\":\"WebPage\",\"@id\":\"https:\/\/goldwing.nl\/de\/shop\/goldwing-gl-1800-2018-up-zubehoer\/spiegelglas-set-mit-blinker-gl1800-2018up-ciro-58510\/\",\"url\":\"https:\/\/goldwing.nl\/de\/shop\/goldwing-gl-1800-2018-up-zubehoer\/spiegelglas-set-mit-blinker-gl1800-2018up-ciro-58510\/\",\"name\":\"Goldstrike Spiegelglas-Set mit Blinker, extra breit GL1800 2018up ( CIRO # 58510) (F) - Goldwing.nl - DE\",\"isPartOf\":{\"@id\":\"https:\/\/goldwing.nl\/de\/#website\"},\"primaryImageOfPage\":{\"@id\":\"https:\/\/goldwing.nl\/de\/shop\/goldwing-gl-1800-2018-up-zubehoer\/spiegelglas-set-mit-blinker-gl1800-2018up-ciro-58510\/#primaryimage\"},\"image\":{\"@id\":\"https:\/\/goldwing.nl\/de\/shop\/goldwing-gl-1800-2018-up-zubehoer\/spiegelglas-set-mit-blinker-gl1800-2018up-ciro-58510\/#primaryimage\"},\"thumbnailUrl\":\"https:\/\/goldwing.nl\/de\/wp-content\/uploads\/sites\/3\/2024\/04\/58510-Middel.jpg\",\"datePublished\":\"2024-04-18T10:46:26+00:00\",\"dateModified\":\"2025-12-30T08:58:45+00:00\",\"breadcrumb\":{\"@id\":\"https:\/\/goldwing.nl\/de\/shop\/goldwing-gl-1800-2018-up-zubehoer\/spiegelglas-set-mit-blinker-gl1800-2018up-ciro-58510\/#breadcrumb\"},\"inLanguage\":\"de\",\"potentialAction\":[{\"@type\":\"ReadAction\",\"target\":[\"https:\/\/goldwing.nl\/de\/shop\/goldwing-gl-1800-2018-up-zubehoer\/spiegelglas-set-mit-blinker-gl1800-2018up-ciro-58510\/\"]}]},{\"@type\":\"ImageObject\",\"inLanguage\":\"de\",\"@id\":\"https:\/\/goldwing.nl\/de\/shop\/goldwing-gl-1800-2018-up-zubehoer\/spiegelglas-set-mit-blinker-gl1800-2018up-ciro-58510\/#primaryimage\",\"url\":\"https:\/\/goldwing.nl\/de\/wp-content\/uploads\/sites\/3\/2024\/04\/58510-Middel.jpg\",\"contentUrl\":\"https:\/\/goldwing.nl\/de\/wp-content\/uploads\/sites\/3\/2024\/04\/58510-Middel.jpg\",\"width\":1153,\"height\":768},{\"@type\":\"BreadcrumbList\",\"@id\":\"https:\/\/goldwing.nl\/de\/shop\/goldwing-gl-1800-2018-up-zubehoer\/spiegelglas-set-mit-blinker-gl1800-2018up-ciro-58510\/#breadcrumb\",\"itemListElement\":[{\"@type\":\"ListItem\",\"position\":1,\"name\":\"Home\",\"item\":\"https:\/\/goldwing.nl\/de\/\"},{\"@type\":\"ListItem\",\"position\":2,\"name\":\"Webshop\",\"item\":\"https:\/\/goldwing.nl\/de\/shop\/\"},{\"@type\":\"ListItem\",\"position\":3,\"name\":\"Spiegelglas-Set mit Blinker GL1800 2018up ( CIRO # 58510)\"}]},{\"@type\":\"WebSite\",\"@id\":\"https:\/\/goldwing.nl\/de\/#website\",\"url\":\"https:\/\/goldwing.nl\/de\/\",\"name\":\"Goldwing.nl - DE\",\"description\":\"Biker&#039;s Best\",\"publisher\":{\"@id\":\"https:\/\/goldwing.nl\/de\/#organization\"},\"potentialAction\":[{\"@type\":\"SearchAction\",\"target\":{\"@type\":\"EntryPoint\",\"urlTemplate\":\"https:\/\/goldwing.nl\/de\/?s={search_term_string}\"},\"query-input\":{\"@type\":\"PropertyValueSpecification\",\"valueRequired\":true,\"valueName\":\"search_term_string\"}}],\"inLanguage\":\"de\"},{\"@type\":\"Organization\",\"@id\":\"https:\/\/goldwing.nl\/de\/#organization\",\"name\":\"Goldwing.nl - DE\",\"url\":\"https:\/\/goldwing.nl\/de\/\",\"logo\":{\"@type\":\"ImageObject\",\"inLanguage\":\"de\",\"@id\":\"https:\/\/goldwing.nl\/de\/#\/schema\/logo\/image\/\",\"url\":\"https:\/\/goldwing.nl\/de\/wp-content\/uploads\/sites\/3\/2022\/08\/BikersBest-logo.png\",\"contentUrl\":\"https:\/\/goldwing.nl\/de\/wp-content\/uploads\/sites\/3\/2022\/08\/BikersBest-logo.png\",\"width\":311,\"height\":152,\"caption\":\"Goldwing.nl - DE\"},\"image\":{\"@id\":\"https:\/\/goldwing.nl\/de\/#\/schema\/logo\/image\/\"},\"sameAs\":[\"https:\/\/www.facebook.com\/302398026438779\"]}]}<\/script>\n<!-- \/ Yoast SEO plugin. -->","yoast_head_json":{"title":"Goldstrike Spiegelglas-Set mit Blinker, extra breit GL1800 2018up ( CIRO # 58510) (F) - Goldwing.nl - DE","robots":{"index":"index","follow":"follow","max-snippet":"max-snippet:-1","max-image-preview":"max-image-preview:large","max-video-preview":"max-video-preview:-1"},"canonical":"https:\/\/goldwing.nl\/de\/shop\/goldwing-gl-1800-2018-up-zubehoer\/spiegelglas-set-mit-blinker-gl1800-2018up-ciro-58510\/","og_locale":"de_DE","og_type":"article","og_title":"Goldstrike Spiegelglas-Set mit Blinker, extra breit GL1800 2018up ( CIRO # 58510) (F) - Goldwing.nl - DE","og_description":"Spiegelglas-Set mit Blinker, extra breit GL1800 2018up ( CIRO # 58510)   Integriertes sequentielles gelbes Blinklicht.  Verdeckter sequentieller Blinker, wenn er nicht benutzt wird.  Asph\u00e4risches Doppelspiegeldesign, kein Fisheye-Kuppelspiegel erforderlich.  Verringert den toten Winkel und bietet mehr Sicht nach hinten durch f\u00fcnf zus\u00e4tzliche Quadratzentimeter Spiegelfl\u00e4che.  Einfacher Einbau.  Die serienm\u00e4\u00dfige Verstellbarkeit bleibt erhalten.  Erweitertes Sichtfeld.  Bessere Sicht beim Abschleppen.  Erweitertes Sichtfeld: 1\/2\" h\u00f6her und 1-1\/4\" breiter als der Werksspiegel.  Plug-N-Play-Kabelbaum, kein Schneiden oder Splei\u00dfen.  Stecker im Werksstil f\u00fcr eine einfache Installation.  Kein Entfernen von Karosserieteilen.  Wird an der werkseitigen Spiegelhalterung montiert.  Betreiben Sie das Motorrad nicht mit eingeklappten Spiegeln.  Vorgesehen f\u00fcr die Verwendung mit OEM-Blinkern.  Einige Aftermarket-Frontblinker beeintr\u00e4chtigen die Leistung dieser Lichter.","og_url":"https:\/\/goldwing.nl\/de\/shop\/goldwing-gl-1800-2018-up-zubehoer\/spiegelglas-set-mit-blinker-gl1800-2018up-ciro-58510\/","og_site_name":"Goldwing.nl - DE","article_publisher":"https:\/\/www.facebook.com\/302398026438779","article_modified_time":"2025-12-30T08:58:45+00:00","og_image":[{"width":1153,"height":768,"url":"https:\/\/goldwing.nl\/de\/wp-content\/uploads\/sites\/3\/2024\/04\/58510-Middel.jpg","type":"image\/jpeg"}],"twitter_card":"summary_large_image","schema":{"@context":"https:\/\/schema.org","@graph":[{"@type":"WebPage","@id":"https:\/\/goldwing.nl\/de\/shop\/goldwing-gl-1800-2018-up-zubehoer\/spiegelglas-set-mit-blinker-gl1800-2018up-ciro-58510\/","url":"https:\/\/goldwing.nl\/de\/shop\/goldwing-gl-1800-2018-up-zubehoer\/spiegelglas-set-mit-blinker-gl1800-2018up-ciro-58510\/","name":"Goldstrike Spiegelglas-Set mit Blinker, extra breit GL1800 2018up ( CIRO # 58510) (F) - Goldwing.nl - DE","isPartOf":{"@id":"https:\/\/goldwing.nl\/de\/#website"},"primaryImageOfPage":{"@id":"https:\/\/goldwing.nl\/de\/shop\/goldwing-gl-1800-2018-up-zubehoer\/spiegelglas-set-mit-blinker-gl1800-2018up-ciro-58510\/#primaryimage"},"image":{"@id":"https:\/\/goldwing.nl\/de\/shop\/goldwing-gl-1800-2018-up-zubehoer\/spiegelglas-set-mit-blinker-gl1800-2018up-ciro-58510\/#primaryimage"},"thumbnailUrl":"https:\/\/goldwing.nl\/de\/wp-content\/uploads\/sites\/3\/2024\/04\/58510-Middel.jpg","datePublished":"2024-04-18T10:46:26+00:00","dateModified":"2025-12-30T08:58:45+00:00","breadcrumb":{"@id":"https:\/\/goldwing.nl\/de\/shop\/goldwing-gl-1800-2018-up-zubehoer\/spiegelglas-set-mit-blinker-gl1800-2018up-ciro-58510\/#breadcrumb"},"inLanguage":"de","potentialAction":[{"@type":"ReadAction","target":["https:\/\/goldwing.nl\/de\/shop\/goldwing-gl-1800-2018-up-zubehoer\/spiegelglas-set-mit-blinker-gl1800-2018up-ciro-58510\/"]}]},{"@type":"ImageObject","inLanguage":"de","@id":"https:\/\/goldwing.nl\/de\/shop\/goldwing-gl-1800-2018-up-zubehoer\/spiegelglas-set-mit-blinker-gl1800-2018up-ciro-58510\/#primaryimage","url":"https:\/\/goldwing.nl\/de\/wp-content\/uploads\/sites\/3\/2024\/04\/58510-Middel.jpg","contentUrl":"https:\/\/goldwing.nl\/de\/wp-content\/uploads\/sites\/3\/2024\/04\/58510-Middel.jpg","width":1153,"height":768},{"@type":"BreadcrumbList","@id":"https:\/\/goldwing.nl\/de\/shop\/goldwing-gl-1800-2018-up-zubehoer\/spiegelglas-set-mit-blinker-gl1800-2018up-ciro-58510\/#breadcrumb","itemListElement":[{"@type":"ListItem","position":1,"name":"Home","item":"https:\/\/goldwing.nl\/de\/"},{"@type":"ListItem","position":2,"name":"Webshop","item":"https:\/\/goldwing.nl\/de\/shop\/"},{"@type":"ListItem","position":3,"name":"Spiegelglas-Set mit Blinker GL1800 2018up ( CIRO # 58510)"}]},{"@type":"WebSite","@id":"https:\/\/goldwing.nl\/de\/#website","url":"https:\/\/goldwing.nl\/de\/","name":"Goldwing.nl - DE","description":"Biker&#039;s Best","publisher":{"@id":"https:\/\/goldwing.nl\/de\/#organization"},"potentialAction":[{"@type":"SearchAction","target":{"@type":"EntryPoint","urlTemplate":"https:\/\/goldwing.nl\/de\/?s={search_term_string}"},"query-input":{"@type":"PropertyValueSpecification","valueRequired":true,"valueName":"search_term_string"}}],"inLanguage":"de"},{"@type":"Organization","@id":"https:\/\/goldwing.nl\/de\/#organization","name":"Goldwing.nl - DE","url":"https:\/\/goldwing.nl\/de\/","logo":{"@type":"ImageObject","inLanguage":"de","@id":"https:\/\/goldwing.nl\/de\/#\/schema\/logo\/image\/","url":"https:\/\/goldwing.nl\/de\/wp-content\/uploads\/sites\/3\/2022\/08\/BikersBest-logo.png","contentUrl":"https:\/\/goldwing.nl\/de\/wp-content\/uploads\/sites\/3\/2022\/08\/BikersBest-logo.png","width":311,"height":152,"caption":"Goldwing.nl - DE"},"image":{"@id":"https:\/\/goldwing.nl\/de\/#\/schema\/logo\/image\/"},"sameAs":["https:\/\/www.facebook.com\/302398026438779"]}]}},"_links":{"self":[{"href":"https:\/\/goldwing.nl\/de\/wp-json\/wp\/v2\/product\/25864"}],"collection":[{"href":"https:\/\/goldwing.nl\/de\/wp-json\/wp\/v2\/product"}],"about":[{"href":"https:\/\/goldwing.nl\/de\/wp-json\/wp\/v2\/types\/product"}],"wp:featuredmedia":[{"embeddable":true,"href":"https:\/\/goldwing.nl\/de\/wp-json\/wp\/v2\/media\/25865"}],"wp:attachment":[{"href":"https:\/\/goldwing.nl\/de\/wp-json\/wp\/v2\/media?parent=25864"}],"wp:term":[{"taxonomy":"product_cat","embeddable":true,"href":"https:\/\/goldwing.nl\/de\/wp-json\/wp\/v2\/product_cat?post=25864"},{"taxonomy":"product_tag","embeddable":true,"href":"https:\/\/goldwing.nl\/de\/wp-json\/wp\/v2\/product_tag?post=25864"}],"curies":[{"name":"wp","href":"https:\/\/api.w.org\/{rel}","templated":true}]}}