{"id":24601,"date":"2023-11-15T14:22:47","date_gmt":"2023-11-15T14:22:47","guid":{"rendered":"https:\/\/goldwing.nl\/de\/shop\/niet-gecategoriseerd\/beifahrerarmlehnensatz-gl1800-2021up-modelle\/"},"modified":"2025-04-09T07:50:10","modified_gmt":"2025-04-09T07:50:10","slug":"beifahrerarmlehnensatz-gl1800-2021up-modelle","status":"publish","type":"product","link":"https:\/\/goldwing.nl\/de\/shop\/gl1800-2021-up-deutsch\/beifahrerarmlehnensatz-gl1800-2021up-modelle\/","title":{"rendered":"Beifahrer Armlehnensatz GL1800 2021up Modelle &#8211; einschlie\u00dflich Kugelaufsatz (letzter)"},"content":{"rendered":"","protected":false},"excerpt":{"rendered":"<p>GL1800 2021up<\/p>\n<ul>\n<li>Einfache Schraubmontage<\/li>\n<li>Kein Bohren<\/li>\n<li>Keine dauerhafte Ver\u00e4nderung an Ihrem Motorrad<\/li>\n<li>Hergestellt aus weichem, strapazierf\u00e4higem Gummi mit einem starren Aluminiumrahmen<\/li>\n<li>Verf\u00fcgt \u00fcber einen Zubeh\u00f6ranschluss auf der linken und rechten Seite Optionale Zubeh\u00f6raufnahmen und Zubeh\u00f6r sind separat erh\u00e4ltlich<\/li>\n<li>Erh\u00f6hter Komfort und Halt<\/li>\n<li>Funktioniert mit Ihrem bevorzugten Goldstrike-Armlehnenzubeh\u00f6r:<\/li>\n<li>25011 GEN 2 Versetzte, schwenkbare Zubeh\u00f6raufnahme f\u00fcr die Beifahrer-Armlehne der Gold Wing<\/li>\n<li>25022 Versetzte Zubeh\u00f6raufnahme f\u00fcr die Beifahrer-Armlehne<\/li>\n<li>25010 GEN 2 Beifahrer-Getr\u00e4nkehalter Station\u00e4re Kugelaufnahme<\/li>\n<li>58142 GEN 2 Beifahrer-Telefonaufnahme<\/li>\n<\/ul>\n","protected":false},"featured_media":24619,"template":"","meta":{"_acf_changed":false},"product_cat":[554],"product_tag":[],"class_list":["post-24601","product","type-product","status-publish","has-post-thumbnail","hentry","product_cat-gl1800-2021-up-deutsch","product_shipping_class-pakket-artikel","","woocommerce-text-align-center","woocommerce-image-align-center","do-quantity-buttons"],"acf":[],"yoast_head":"<!-- This site is optimized with the Yoast SEO plugin v25.6 - https:\/\/yoast.com\/wordpress\/plugins\/seo\/ -->\n<title>Beifahrer Armlehnensatz GL1800 2021up Modelle - einschlie\u00dflich Kugelaufsatz (letzter) - Goldwing.nl - DE<\/title>\n<meta name=\"robots\" content=\"index, follow, max-snippet:-1, max-image-preview:large, max-video-preview:-1\" \/>\n<link rel=\"canonical\" href=\"https:\/\/goldwing.nl\/de\/shop\/goldwing-gl-1800-2018-up-zubehoer\/beifahrerarmlehnensatz-gl1800-2021up-modelle\/\" \/>\n<meta property=\"og:locale\" content=\"de_DE\" \/>\n<meta property=\"og:type\" content=\"article\" \/>\n<meta property=\"og:title\" content=\"Beifahrer Armlehnensatz GL1800 2021up Modelle - einschlie\u00dflich Kugelaufsatz (letzter) - Goldwing.nl - DE\" \/>\n<meta property=\"og:description\" content=\"GL1800 2021up   Einfache Schraubmontage  Kein Bohren  Keine dauerhafte Ver\u00e4nderung an Ihrem Motorrad  Hergestellt aus weichem, strapazierf\u00e4higem Gummi mit einem starren Aluminiumrahmen  Verf\u00fcgt \u00fcber einen Zubeh\u00f6ranschluss auf der linken und rechten Seite Optionale Zubeh\u00f6raufnahmen und Zubeh\u00f6r sind separat erh\u00e4ltlich  Erh\u00f6hter Komfort und Halt  Funktioniert mit Ihrem bevorzugten Goldstrike-Armlehnenzubeh\u00f6r:  25011 GEN 2 Versetzte, schwenkbare Zubeh\u00f6raufnahme f\u00fcr die Beifahrer-Armlehne der Gold Wing  25022 Versetzte Zubeh\u00f6raufnahme f\u00fcr die Beifahrer-Armlehne  25010 GEN 2 Beifahrer-Getr\u00e4nkehalter Station\u00e4re Kugelaufnahme  58142 GEN 2 Beifahrer-Telefonaufnahme\" \/>\n<meta property=\"og:url\" content=\"https:\/\/goldwing.nl\/de\/shop\/goldwing-gl-1800-2018-up-zubehoer\/beifahrerarmlehnensatz-gl1800-2021up-modelle\/\" \/>\n<meta property=\"og:site_name\" content=\"Goldwing.nl - DE\" \/>\n<meta property=\"article:publisher\" content=\"https:\/\/www.facebook.com\/302398026438779\" \/>\n<meta property=\"article:modified_time\" content=\"2025-04-09T07:50:10+00:00\" \/>\n<meta property=\"og:image\" content=\"https:\/\/goldwing.nl\/de\/wp-content\/uploads\/sites\/3\/2023\/11\/25021-ARMRESTS-2.jpg\" \/>\n\t<meta property=\"og:image:width\" content=\"1100\" \/>\n\t<meta property=\"og:image:height\" content=\"733\" \/>\n\t<meta property=\"og:image:type\" content=\"image\/jpeg\" \/>\n<meta name=\"twitter:card\" content=\"summary_large_image\" \/>\n<script type=\"application\/ld+json\" class=\"yoast-schema-graph\">{\"@context\":\"https:\/\/schema.org\",\"@graph\":[{\"@type\":\"WebPage\",\"@id\":\"https:\/\/goldwing.nl\/de\/shop\/goldwing-gl-1800-2018-up-zubehoer\/beifahrerarmlehnensatz-gl1800-2021up-modelle\/\",\"url\":\"https:\/\/goldwing.nl\/de\/shop\/goldwing-gl-1800-2018-up-zubehoer\/beifahrerarmlehnensatz-gl1800-2021up-modelle\/\",\"name\":\"Beifahrer Armlehnensatz GL1800 2021up Modelle - einschlie\u00dflich Kugelaufsatz (letzter) - Goldwing.nl - DE\",\"isPartOf\":{\"@id\":\"https:\/\/goldwing.nl\/de\/#website\"},\"primaryImageOfPage\":{\"@id\":\"https:\/\/goldwing.nl\/de\/shop\/goldwing-gl-1800-2018-up-zubehoer\/beifahrerarmlehnensatz-gl1800-2021up-modelle\/#primaryimage\"},\"image\":{\"@id\":\"https:\/\/goldwing.nl\/de\/shop\/goldwing-gl-1800-2018-up-zubehoer\/beifahrerarmlehnensatz-gl1800-2021up-modelle\/#primaryimage\"},\"thumbnailUrl\":\"https:\/\/goldwing.nl\/de\/wp-content\/uploads\/sites\/3\/2023\/11\/25021-ARMRESTS-2.jpg\",\"datePublished\":\"2023-11-15T14:22:47+00:00\",\"dateModified\":\"2025-04-09T07:50:10+00:00\",\"breadcrumb\":{\"@id\":\"https:\/\/goldwing.nl\/de\/shop\/goldwing-gl-1800-2018-up-zubehoer\/beifahrerarmlehnensatz-gl1800-2021up-modelle\/#breadcrumb\"},\"inLanguage\":\"de\",\"potentialAction\":[{\"@type\":\"ReadAction\",\"target\":[\"https:\/\/goldwing.nl\/de\/shop\/goldwing-gl-1800-2018-up-zubehoer\/beifahrerarmlehnensatz-gl1800-2021up-modelle\/\"]}]},{\"@type\":\"ImageObject\",\"inLanguage\":\"de\",\"@id\":\"https:\/\/goldwing.nl\/de\/shop\/goldwing-gl-1800-2018-up-zubehoer\/beifahrerarmlehnensatz-gl1800-2021up-modelle\/#primaryimage\",\"url\":\"https:\/\/goldwing.nl\/de\/wp-content\/uploads\/sites\/3\/2023\/11\/25021-ARMRESTS-2.jpg\",\"contentUrl\":\"https:\/\/goldwing.nl\/de\/wp-content\/uploads\/sites\/3\/2023\/11\/25021-ARMRESTS-2.jpg\",\"width\":1100,\"height\":733},{\"@type\":\"BreadcrumbList\",\"@id\":\"https:\/\/goldwing.nl\/de\/shop\/goldwing-gl-1800-2018-up-zubehoer\/beifahrerarmlehnensatz-gl1800-2021up-modelle\/#breadcrumb\",\"itemListElement\":[{\"@type\":\"ListItem\",\"position\":1,\"name\":\"Home\",\"item\":\"https:\/\/goldwing.nl\/de\/\"},{\"@type\":\"ListItem\",\"position\":2,\"name\":\"Webshop\",\"item\":\"https:\/\/goldwing.nl\/de\/shop\/\"},{\"@type\":\"ListItem\",\"position\":3,\"name\":\"Beifahrer Armlehnensatz GL1800 2021up Modelle\"}]},{\"@type\":\"WebSite\",\"@id\":\"https:\/\/goldwing.nl\/de\/#website\",\"url\":\"https:\/\/goldwing.nl\/de\/\",\"name\":\"Goldwing.nl - DE\",\"description\":\"Biker&#039;s Best\",\"publisher\":{\"@id\":\"https:\/\/goldwing.nl\/de\/#organization\"},\"potentialAction\":[{\"@type\":\"SearchAction\",\"target\":{\"@type\":\"EntryPoint\",\"urlTemplate\":\"https:\/\/goldwing.nl\/de\/?s={search_term_string}\"},\"query-input\":{\"@type\":\"PropertyValueSpecification\",\"valueRequired\":true,\"valueName\":\"search_term_string\"}}],\"inLanguage\":\"de\"},{\"@type\":\"Organization\",\"@id\":\"https:\/\/goldwing.nl\/de\/#organization\",\"name\":\"Goldwing.nl - DE\",\"url\":\"https:\/\/goldwing.nl\/de\/\",\"logo\":{\"@type\":\"ImageObject\",\"inLanguage\":\"de\",\"@id\":\"https:\/\/goldwing.nl\/de\/#\/schema\/logo\/image\/\",\"url\":\"https:\/\/goldwing.nl\/de\/wp-content\/uploads\/sites\/3\/2022\/08\/BikersBest-logo.png\",\"contentUrl\":\"https:\/\/goldwing.nl\/de\/wp-content\/uploads\/sites\/3\/2022\/08\/BikersBest-logo.png\",\"width\":311,\"height\":152,\"caption\":\"Goldwing.nl - DE\"},\"image\":{\"@id\":\"https:\/\/goldwing.nl\/de\/#\/schema\/logo\/image\/\"},\"sameAs\":[\"https:\/\/www.facebook.com\/302398026438779\"]}]}<\/script>\n<!-- \/ Yoast SEO plugin. -->","yoast_head_json":{"title":"Beifahrer Armlehnensatz GL1800 2021up Modelle - einschlie\u00dflich Kugelaufsatz (letzter) - Goldwing.nl - DE","robots":{"index":"index","follow":"follow","max-snippet":"max-snippet:-1","max-image-preview":"max-image-preview:large","max-video-preview":"max-video-preview:-1"},"canonical":"https:\/\/goldwing.nl\/de\/shop\/goldwing-gl-1800-2018-up-zubehoer\/beifahrerarmlehnensatz-gl1800-2021up-modelle\/","og_locale":"de_DE","og_type":"article","og_title":"Beifahrer Armlehnensatz GL1800 2021up Modelle - einschlie\u00dflich Kugelaufsatz (letzter) - Goldwing.nl - DE","og_description":"GL1800 2021up   Einfache Schraubmontage  Kein Bohren  Keine dauerhafte Ver\u00e4nderung an Ihrem Motorrad  Hergestellt aus weichem, strapazierf\u00e4higem Gummi mit einem starren Aluminiumrahmen  Verf\u00fcgt \u00fcber einen Zubeh\u00f6ranschluss auf der linken und rechten Seite Optionale Zubeh\u00f6raufnahmen und Zubeh\u00f6r sind separat erh\u00e4ltlich  Erh\u00f6hter Komfort und Halt  Funktioniert mit Ihrem bevorzugten Goldstrike-Armlehnenzubeh\u00f6r:  25011 GEN 2 Versetzte, schwenkbare Zubeh\u00f6raufnahme f\u00fcr die Beifahrer-Armlehne der Gold Wing  25022 Versetzte Zubeh\u00f6raufnahme f\u00fcr die Beifahrer-Armlehne  25010 GEN 2 Beifahrer-Getr\u00e4nkehalter Station\u00e4re Kugelaufnahme  58142 GEN 2 Beifahrer-Telefonaufnahme","og_url":"https:\/\/goldwing.nl\/de\/shop\/goldwing-gl-1800-2018-up-zubehoer\/beifahrerarmlehnensatz-gl1800-2021up-modelle\/","og_site_name":"Goldwing.nl - DE","article_publisher":"https:\/\/www.facebook.com\/302398026438779","article_modified_time":"2025-04-09T07:50:10+00:00","og_image":[{"width":1100,"height":733,"url":"https:\/\/goldwing.nl\/de\/wp-content\/uploads\/sites\/3\/2023\/11\/25021-ARMRESTS-2.jpg","type":"image\/jpeg"}],"twitter_card":"summary_large_image","schema":{"@context":"https:\/\/schema.org","@graph":[{"@type":"WebPage","@id":"https:\/\/goldwing.nl\/de\/shop\/goldwing-gl-1800-2018-up-zubehoer\/beifahrerarmlehnensatz-gl1800-2021up-modelle\/","url":"https:\/\/goldwing.nl\/de\/shop\/goldwing-gl-1800-2018-up-zubehoer\/beifahrerarmlehnensatz-gl1800-2021up-modelle\/","name":"Beifahrer Armlehnensatz GL1800 2021up Modelle - einschlie\u00dflich Kugelaufsatz (letzter) - Goldwing.nl - DE","isPartOf":{"@id":"https:\/\/goldwing.nl\/de\/#website"},"primaryImageOfPage":{"@id":"https:\/\/goldwing.nl\/de\/shop\/goldwing-gl-1800-2018-up-zubehoer\/beifahrerarmlehnensatz-gl1800-2021up-modelle\/#primaryimage"},"image":{"@id":"https:\/\/goldwing.nl\/de\/shop\/goldwing-gl-1800-2018-up-zubehoer\/beifahrerarmlehnensatz-gl1800-2021up-modelle\/#primaryimage"},"thumbnailUrl":"https:\/\/goldwing.nl\/de\/wp-content\/uploads\/sites\/3\/2023\/11\/25021-ARMRESTS-2.jpg","datePublished":"2023-11-15T14:22:47+00:00","dateModified":"2025-04-09T07:50:10+00:00","breadcrumb":{"@id":"https:\/\/goldwing.nl\/de\/shop\/goldwing-gl-1800-2018-up-zubehoer\/beifahrerarmlehnensatz-gl1800-2021up-modelle\/#breadcrumb"},"inLanguage":"de","potentialAction":[{"@type":"ReadAction","target":["https:\/\/goldwing.nl\/de\/shop\/goldwing-gl-1800-2018-up-zubehoer\/beifahrerarmlehnensatz-gl1800-2021up-modelle\/"]}]},{"@type":"ImageObject","inLanguage":"de","@id":"https:\/\/goldwing.nl\/de\/shop\/goldwing-gl-1800-2018-up-zubehoer\/beifahrerarmlehnensatz-gl1800-2021up-modelle\/#primaryimage","url":"https:\/\/goldwing.nl\/de\/wp-content\/uploads\/sites\/3\/2023\/11\/25021-ARMRESTS-2.jpg","contentUrl":"https:\/\/goldwing.nl\/de\/wp-content\/uploads\/sites\/3\/2023\/11\/25021-ARMRESTS-2.jpg","width":1100,"height":733},{"@type":"BreadcrumbList","@id":"https:\/\/goldwing.nl\/de\/shop\/goldwing-gl-1800-2018-up-zubehoer\/beifahrerarmlehnensatz-gl1800-2021up-modelle\/#breadcrumb","itemListElement":[{"@type":"ListItem","position":1,"name":"Home","item":"https:\/\/goldwing.nl\/de\/"},{"@type":"ListItem","position":2,"name":"Webshop","item":"https:\/\/goldwing.nl\/de\/shop\/"},{"@type":"ListItem","position":3,"name":"Beifahrer Armlehnensatz GL1800 2021up Modelle"}]},{"@type":"WebSite","@id":"https:\/\/goldwing.nl\/de\/#website","url":"https:\/\/goldwing.nl\/de\/","name":"Goldwing.nl - DE","description":"Biker&#039;s Best","publisher":{"@id":"https:\/\/goldwing.nl\/de\/#organization"},"potentialAction":[{"@type":"SearchAction","target":{"@type":"EntryPoint","urlTemplate":"https:\/\/goldwing.nl\/de\/?s={search_term_string}"},"query-input":{"@type":"PropertyValueSpecification","valueRequired":true,"valueName":"search_term_string"}}],"inLanguage":"de"},{"@type":"Organization","@id":"https:\/\/goldwing.nl\/de\/#organization","name":"Goldwing.nl - DE","url":"https:\/\/goldwing.nl\/de\/","logo":{"@type":"ImageObject","inLanguage":"de","@id":"https:\/\/goldwing.nl\/de\/#\/schema\/logo\/image\/","url":"https:\/\/goldwing.nl\/de\/wp-content\/uploads\/sites\/3\/2022\/08\/BikersBest-logo.png","contentUrl":"https:\/\/goldwing.nl\/de\/wp-content\/uploads\/sites\/3\/2022\/08\/BikersBest-logo.png","width":311,"height":152,"caption":"Goldwing.nl - DE"},"image":{"@id":"https:\/\/goldwing.nl\/de\/#\/schema\/logo\/image\/"},"sameAs":["https:\/\/www.facebook.com\/302398026438779"]}]}},"_links":{"self":[{"href":"https:\/\/goldwing.nl\/de\/wp-json\/wp\/v2\/product\/24601"}],"collection":[{"href":"https:\/\/goldwing.nl\/de\/wp-json\/wp\/v2\/product"}],"about":[{"href":"https:\/\/goldwing.nl\/de\/wp-json\/wp\/v2\/types\/product"}],"wp:featuredmedia":[{"embeddable":true,"href":"https:\/\/goldwing.nl\/de\/wp-json\/wp\/v2\/media\/24619"}],"wp:attachment":[{"href":"https:\/\/goldwing.nl\/de\/wp-json\/wp\/v2\/media?parent=24601"}],"wp:term":[{"taxonomy":"product_cat","embeddable":true,"href":"https:\/\/goldwing.nl\/de\/wp-json\/wp\/v2\/product_cat?post=24601"},{"taxonomy":"product_tag","embeddable":true,"href":"https:\/\/goldwing.nl\/de\/wp-json\/wp\/v2\/product_tag?post=24601"}],"curies":[{"name":"wp","href":"https:\/\/api.w.org\/{rel}","templated":true}]}}