{"id":23937,"date":"2022-11-17T15:53:30","date_gmt":"2022-11-17T15:53:30","guid":{"rendered":"https:\/\/goldwing.nl\/de\/?post_type=product&#038;p=23937"},"modified":"2025-02-22T11:20:11","modified_gmt":"2025-02-22T11:20:11","slug":"road-sofa-sattel-mit-rueckenlehne-und-gel-gl1800-2018up-modelle-p-08102086","status":"publish","type":"product","link":"https:\/\/goldwing.nl\/de\/shop\/goldwing-gl-1800-2018-up-zubehoer\/road-sofa-sattel-mit-rueckenlehne-und-gel-gl1800-2018up-modelle-p-08102086\/","title":{"rendered":"Road Sofa Sattel mit R\u00fcckenlehne und GEL GL1800 2018up Modelle P 08102086"},"content":{"rendered":"","protected":false},"excerpt":{"rendered":"<p>Road Sofa Sattel mit R\u00fcckenlehne und GEL GL1800 2018up Modelle P 08102086<\/p>\n<ul>\n<li>Die hohe Lendenwirbelst\u00fctze und der breite Fahrersattel st\u00fctzen R\u00fccken und Beine f\u00fcr \u00fcberragenden Komfort, w\u00e4hrend die stromlinienf\u00f6rmige Nase die Reichweite des Fahrers zum Boden verbessert<\/li>\n<li>Das raffinierte Split-Cushion-Design trennt die Sitzfl\u00e4che von der Lendenwirbelst\u00fctze, um den Druck auf das Stei\u00dfbein\/den R\u00fccken zu reduzieren und maximalen Komfort auf lange Sicht zu gew\u00e4hrleisten<\/li>\n<li>GelCore\u2122 vorne und hinten reduziert den Druck auf das Stei\u00dfbein und erh\u00f6ht die Durchblutung und den Komfort f\u00fcr Fahrer und Beifahrer<\/li>\n<li>Gepolsterter, weicher Polsterbezug, der durch eine nachgiebige Schaumstoffschicht unter dem Bezug gest\u00fctzt wird, um unglaublichen Komfort und Stil zu bieten<\/li>\n<li>Hergestellt mit perforierten Ledereins\u00e4tzen und wetterfest, wartungsfreiem SaddleHyde\u2122<\/li>\n<li>Passend f\u00fcr Saddlemen- oder Harley-Davidson\u00ae-R\u00fcckenlehnen (separat erh\u00e4ltlich)<\/li>\n<li>Klassisch gestalteter, knopfgetufteter Bezug<\/li>\n<li>Hergestellt in den U. S.A.<\/li>\n<\/ul>\n","protected":false},"featured_media":23938,"template":"","meta":{"_acf_changed":false},"product_cat":[400,544],"product_tag":[],"class_list":["post-23937","product","type-product","status-publish","has-post-thumbnail","hentry","product_cat-goldwing-gl-1800-2018-up-zubehoer","product_cat-gl-1800-bagger-2018-up","product_shipping_class-pakket-artikel","","woocommerce-text-align-center","woocommerce-image-align-center","do-quantity-buttons"],"acf":[],"yoast_head":"<!-- This site is optimized with the Yoast SEO plugin v25.6 - https:\/\/yoast.com\/wordpress\/plugins\/seo\/ -->\n<title>Road Sofa Sattel mit R\u00fcckenlehne und GEL GL1800 2018up Modelle P 08102086 - Goldwing.nl - DE<\/title>\n<meta name=\"robots\" content=\"index, follow, max-snippet:-1, max-image-preview:large, max-video-preview:-1\" \/>\n<link rel=\"canonical\" href=\"https:\/\/goldwing.nl\/de\/shop\/goldwing-gl-1800-2018-up-zubehoer\/road-sofa-sattel-mit-rueckenlehne-und-gel-gl1800-2018up-modelle-p-08102086\/\" \/>\n<meta property=\"og:locale\" content=\"de_DE\" \/>\n<meta property=\"og:type\" content=\"article\" \/>\n<meta property=\"og:title\" content=\"Road Sofa Sattel mit R\u00fcckenlehne und GEL GL1800 2018up Modelle P 08102086 - Goldwing.nl - DE\" \/>\n<meta property=\"og:description\" content=\"Road Sofa Sattel mit R\u00fcckenlehne und GEL GL1800 2018up Modelle P 08102086   Die hohe Lendenwirbelst\u00fctze und der breite Fahrersattel st\u00fctzen R\u00fccken und Beine f\u00fcr \u00fcberragenden Komfort, w\u00e4hrend die stromlinienf\u00f6rmige Nase die Reichweite des Fahrers zum Boden verbessert  Das raffinierte Split-Cushion-Design trennt die Sitzfl\u00e4che von der Lendenwirbelst\u00fctze, um den Druck auf das Stei\u00dfbein\/den R\u00fccken zu reduzieren und maximalen Komfort auf lange Sicht zu gew\u00e4hrleisten  GelCore\u2122 vorne und hinten reduziert den Druck auf das Stei\u00dfbein und erh\u00f6ht die Durchblutung und den Komfort f\u00fcr Fahrer und Beifahrer  Gepolsterter, weicher Polsterbezug, der durch eine nachgiebige Schaumstoffschicht unter dem Bezug gest\u00fctzt wird, um unglaublichen Komfort und Stil zu bieten  Hergestellt mit perforierten Ledereins\u00e4tzen und wetterfest, wartungsfreiem SaddleHyde\u2122  Passend f\u00fcr Saddlemen- oder Harley-Davidson\u00ae-R\u00fcckenlehnen (separat erh\u00e4ltlich)  Klassisch gestalteter, knopfgetufteter Bezug  Hergestellt in den U. S.A.\" \/>\n<meta property=\"og:url\" content=\"https:\/\/goldwing.nl\/de\/shop\/goldwing-gl-1800-2018-up-zubehoer\/road-sofa-sattel-mit-rueckenlehne-und-gel-gl1800-2018up-modelle-p-08102086\/\" \/>\n<meta property=\"og:site_name\" content=\"Goldwing.nl - DE\" \/>\n<meta property=\"article:publisher\" content=\"https:\/\/www.facebook.com\/302398026438779\" \/>\n<meta property=\"article:modified_time\" content=\"2025-02-22T11:20:11+00:00\" \/>\n<meta property=\"og:image\" content=\"https:\/\/goldwing.nl\/de\/wp-content\/uploads\/sites\/3\/2022\/11\/0810208620Middel-1.jpg\" \/>\n\t<meta property=\"og:image:width\" content=\"768\" \/>\n\t<meta property=\"og:image:height\" content=\"768\" \/>\n\t<meta property=\"og:image:type\" content=\"image\/jpeg\" \/>\n<meta name=\"twitter:card\" content=\"summary_large_image\" \/>\n<script type=\"application\/ld+json\" class=\"yoast-schema-graph\">{\"@context\":\"https:\/\/schema.org\",\"@graph\":[{\"@type\":\"WebPage\",\"@id\":\"https:\/\/goldwing.nl\/de\/shop\/goldwing-gl-1800-2018-up-zubehoer\/road-sofa-sattel-mit-rueckenlehne-und-gel-gl1800-2018up-modelle-p-08102086\/\",\"url\":\"https:\/\/goldwing.nl\/de\/shop\/goldwing-gl-1800-2018-up-zubehoer\/road-sofa-sattel-mit-rueckenlehne-und-gel-gl1800-2018up-modelle-p-08102086\/\",\"name\":\"Road Sofa Sattel mit R\u00fcckenlehne und GEL GL1800 2018up Modelle P 08102086 - Goldwing.nl - DE\",\"isPartOf\":{\"@id\":\"https:\/\/goldwing.nl\/de\/#website\"},\"primaryImageOfPage\":{\"@id\":\"https:\/\/goldwing.nl\/de\/shop\/goldwing-gl-1800-2018-up-zubehoer\/road-sofa-sattel-mit-rueckenlehne-und-gel-gl1800-2018up-modelle-p-08102086\/#primaryimage\"},\"image\":{\"@id\":\"https:\/\/goldwing.nl\/de\/shop\/goldwing-gl-1800-2018-up-zubehoer\/road-sofa-sattel-mit-rueckenlehne-und-gel-gl1800-2018up-modelle-p-08102086\/#primaryimage\"},\"thumbnailUrl\":\"https:\/\/goldwing.nl\/de\/wp-content\/uploads\/sites\/3\/2022\/11\/0810208620Middel-1.jpg\",\"datePublished\":\"2022-11-17T15:53:30+00:00\",\"dateModified\":\"2025-02-22T11:20:11+00:00\",\"breadcrumb\":{\"@id\":\"https:\/\/goldwing.nl\/de\/shop\/goldwing-gl-1800-2018-up-zubehoer\/road-sofa-sattel-mit-rueckenlehne-und-gel-gl1800-2018up-modelle-p-08102086\/#breadcrumb\"},\"inLanguage\":\"de\",\"potentialAction\":[{\"@type\":\"ReadAction\",\"target\":[\"https:\/\/goldwing.nl\/de\/shop\/goldwing-gl-1800-2018-up-zubehoer\/road-sofa-sattel-mit-rueckenlehne-und-gel-gl1800-2018up-modelle-p-08102086\/\"]}]},{\"@type\":\"ImageObject\",\"inLanguage\":\"de\",\"@id\":\"https:\/\/goldwing.nl\/de\/shop\/goldwing-gl-1800-2018-up-zubehoer\/road-sofa-sattel-mit-rueckenlehne-und-gel-gl1800-2018up-modelle-p-08102086\/#primaryimage\",\"url\":\"https:\/\/goldwing.nl\/de\/wp-content\/uploads\/sites\/3\/2022\/11\/0810208620Middel-1.jpg\",\"contentUrl\":\"https:\/\/goldwing.nl\/de\/wp-content\/uploads\/sites\/3\/2022\/11\/0810208620Middel-1.jpg\",\"width\":768,\"height\":768},{\"@type\":\"BreadcrumbList\",\"@id\":\"https:\/\/goldwing.nl\/de\/shop\/goldwing-gl-1800-2018-up-zubehoer\/road-sofa-sattel-mit-rueckenlehne-und-gel-gl1800-2018up-modelle-p-08102086\/#breadcrumb\",\"itemListElement\":[{\"@type\":\"ListItem\",\"position\":1,\"name\":\"Home\",\"item\":\"https:\/\/goldwing.nl\/de\/\"},{\"@type\":\"ListItem\",\"position\":2,\"name\":\"Webshop\",\"item\":\"https:\/\/goldwing.nl\/de\/shop\/\"},{\"@type\":\"ListItem\",\"position\":3,\"name\":\"Road Sofa Sattel mit R\u00fcckenlehne und GEL GL1800 2018up Modelle P 08102086\"}]},{\"@type\":\"WebSite\",\"@id\":\"https:\/\/goldwing.nl\/de\/#website\",\"url\":\"https:\/\/goldwing.nl\/de\/\",\"name\":\"Goldwing.nl - DE\",\"description\":\"Biker&#039;s Best\",\"publisher\":{\"@id\":\"https:\/\/goldwing.nl\/de\/#organization\"},\"potentialAction\":[{\"@type\":\"SearchAction\",\"target\":{\"@type\":\"EntryPoint\",\"urlTemplate\":\"https:\/\/goldwing.nl\/de\/?s={search_term_string}\"},\"query-input\":{\"@type\":\"PropertyValueSpecification\",\"valueRequired\":true,\"valueName\":\"search_term_string\"}}],\"inLanguage\":\"de\"},{\"@type\":\"Organization\",\"@id\":\"https:\/\/goldwing.nl\/de\/#organization\",\"name\":\"Goldwing.nl - DE\",\"url\":\"https:\/\/goldwing.nl\/de\/\",\"logo\":{\"@type\":\"ImageObject\",\"inLanguage\":\"de\",\"@id\":\"https:\/\/goldwing.nl\/de\/#\/schema\/logo\/image\/\",\"url\":\"https:\/\/goldwing.nl\/de\/wp-content\/uploads\/sites\/3\/2022\/08\/BikersBest-logo.png\",\"contentUrl\":\"https:\/\/goldwing.nl\/de\/wp-content\/uploads\/sites\/3\/2022\/08\/BikersBest-logo.png\",\"width\":311,\"height\":152,\"caption\":\"Goldwing.nl - DE\"},\"image\":{\"@id\":\"https:\/\/goldwing.nl\/de\/#\/schema\/logo\/image\/\"},\"sameAs\":[\"https:\/\/www.facebook.com\/302398026438779\"]}]}<\/script>\n<!-- \/ Yoast SEO plugin. -->","yoast_head_json":{"title":"Road Sofa Sattel mit R\u00fcckenlehne und GEL GL1800 2018up Modelle P 08102086 - Goldwing.nl - DE","robots":{"index":"index","follow":"follow","max-snippet":"max-snippet:-1","max-image-preview":"max-image-preview:large","max-video-preview":"max-video-preview:-1"},"canonical":"https:\/\/goldwing.nl\/de\/shop\/goldwing-gl-1800-2018-up-zubehoer\/road-sofa-sattel-mit-rueckenlehne-und-gel-gl1800-2018up-modelle-p-08102086\/","og_locale":"de_DE","og_type":"article","og_title":"Road Sofa Sattel mit R\u00fcckenlehne und GEL GL1800 2018up Modelle P 08102086 - Goldwing.nl - DE","og_description":"Road Sofa Sattel mit R\u00fcckenlehne und GEL GL1800 2018up Modelle P 08102086   Die hohe Lendenwirbelst\u00fctze und der breite Fahrersattel st\u00fctzen R\u00fccken und Beine f\u00fcr \u00fcberragenden Komfort, w\u00e4hrend die stromlinienf\u00f6rmige Nase die Reichweite des Fahrers zum Boden verbessert  Das raffinierte Split-Cushion-Design trennt die Sitzfl\u00e4che von der Lendenwirbelst\u00fctze, um den Druck auf das Stei\u00dfbein\/den R\u00fccken zu reduzieren und maximalen Komfort auf lange Sicht zu gew\u00e4hrleisten  GelCore\u2122 vorne und hinten reduziert den Druck auf das Stei\u00dfbein und erh\u00f6ht die Durchblutung und den Komfort f\u00fcr Fahrer und Beifahrer  Gepolsterter, weicher Polsterbezug, der durch eine nachgiebige Schaumstoffschicht unter dem Bezug gest\u00fctzt wird, um unglaublichen Komfort und Stil zu bieten  Hergestellt mit perforierten Ledereins\u00e4tzen und wetterfest, wartungsfreiem SaddleHyde\u2122  Passend f\u00fcr Saddlemen- oder Harley-Davidson\u00ae-R\u00fcckenlehnen (separat erh\u00e4ltlich)  Klassisch gestalteter, knopfgetufteter Bezug  Hergestellt in den U. S.A.","og_url":"https:\/\/goldwing.nl\/de\/shop\/goldwing-gl-1800-2018-up-zubehoer\/road-sofa-sattel-mit-rueckenlehne-und-gel-gl1800-2018up-modelle-p-08102086\/","og_site_name":"Goldwing.nl - DE","article_publisher":"https:\/\/www.facebook.com\/302398026438779","article_modified_time":"2025-02-22T11:20:11+00:00","og_image":[{"width":768,"height":768,"url":"https:\/\/goldwing.nl\/de\/wp-content\/uploads\/sites\/3\/2022\/11\/0810208620Middel-1.jpg","type":"image\/jpeg"}],"twitter_card":"summary_large_image","schema":{"@context":"https:\/\/schema.org","@graph":[{"@type":"WebPage","@id":"https:\/\/goldwing.nl\/de\/shop\/goldwing-gl-1800-2018-up-zubehoer\/road-sofa-sattel-mit-rueckenlehne-und-gel-gl1800-2018up-modelle-p-08102086\/","url":"https:\/\/goldwing.nl\/de\/shop\/goldwing-gl-1800-2018-up-zubehoer\/road-sofa-sattel-mit-rueckenlehne-und-gel-gl1800-2018up-modelle-p-08102086\/","name":"Road Sofa Sattel mit R\u00fcckenlehne und GEL GL1800 2018up Modelle P 08102086 - Goldwing.nl - DE","isPartOf":{"@id":"https:\/\/goldwing.nl\/de\/#website"},"primaryImageOfPage":{"@id":"https:\/\/goldwing.nl\/de\/shop\/goldwing-gl-1800-2018-up-zubehoer\/road-sofa-sattel-mit-rueckenlehne-und-gel-gl1800-2018up-modelle-p-08102086\/#primaryimage"},"image":{"@id":"https:\/\/goldwing.nl\/de\/shop\/goldwing-gl-1800-2018-up-zubehoer\/road-sofa-sattel-mit-rueckenlehne-und-gel-gl1800-2018up-modelle-p-08102086\/#primaryimage"},"thumbnailUrl":"https:\/\/goldwing.nl\/de\/wp-content\/uploads\/sites\/3\/2022\/11\/0810208620Middel-1.jpg","datePublished":"2022-11-17T15:53:30+00:00","dateModified":"2025-02-22T11:20:11+00:00","breadcrumb":{"@id":"https:\/\/goldwing.nl\/de\/shop\/goldwing-gl-1800-2018-up-zubehoer\/road-sofa-sattel-mit-rueckenlehne-und-gel-gl1800-2018up-modelle-p-08102086\/#breadcrumb"},"inLanguage":"de","potentialAction":[{"@type":"ReadAction","target":["https:\/\/goldwing.nl\/de\/shop\/goldwing-gl-1800-2018-up-zubehoer\/road-sofa-sattel-mit-rueckenlehne-und-gel-gl1800-2018up-modelle-p-08102086\/"]}]},{"@type":"ImageObject","inLanguage":"de","@id":"https:\/\/goldwing.nl\/de\/shop\/goldwing-gl-1800-2018-up-zubehoer\/road-sofa-sattel-mit-rueckenlehne-und-gel-gl1800-2018up-modelle-p-08102086\/#primaryimage","url":"https:\/\/goldwing.nl\/de\/wp-content\/uploads\/sites\/3\/2022\/11\/0810208620Middel-1.jpg","contentUrl":"https:\/\/goldwing.nl\/de\/wp-content\/uploads\/sites\/3\/2022\/11\/0810208620Middel-1.jpg","width":768,"height":768},{"@type":"BreadcrumbList","@id":"https:\/\/goldwing.nl\/de\/shop\/goldwing-gl-1800-2018-up-zubehoer\/road-sofa-sattel-mit-rueckenlehne-und-gel-gl1800-2018up-modelle-p-08102086\/#breadcrumb","itemListElement":[{"@type":"ListItem","position":1,"name":"Home","item":"https:\/\/goldwing.nl\/de\/"},{"@type":"ListItem","position":2,"name":"Webshop","item":"https:\/\/goldwing.nl\/de\/shop\/"},{"@type":"ListItem","position":3,"name":"Road Sofa Sattel mit R\u00fcckenlehne und GEL GL1800 2018up Modelle P 08102086"}]},{"@type":"WebSite","@id":"https:\/\/goldwing.nl\/de\/#website","url":"https:\/\/goldwing.nl\/de\/","name":"Goldwing.nl - DE","description":"Biker&#039;s Best","publisher":{"@id":"https:\/\/goldwing.nl\/de\/#organization"},"potentialAction":[{"@type":"SearchAction","target":{"@type":"EntryPoint","urlTemplate":"https:\/\/goldwing.nl\/de\/?s={search_term_string}"},"query-input":{"@type":"PropertyValueSpecification","valueRequired":true,"valueName":"search_term_string"}}],"inLanguage":"de"},{"@type":"Organization","@id":"https:\/\/goldwing.nl\/de\/#organization","name":"Goldwing.nl - DE","url":"https:\/\/goldwing.nl\/de\/","logo":{"@type":"ImageObject","inLanguage":"de","@id":"https:\/\/goldwing.nl\/de\/#\/schema\/logo\/image\/","url":"https:\/\/goldwing.nl\/de\/wp-content\/uploads\/sites\/3\/2022\/08\/BikersBest-logo.png","contentUrl":"https:\/\/goldwing.nl\/de\/wp-content\/uploads\/sites\/3\/2022\/08\/BikersBest-logo.png","width":311,"height":152,"caption":"Goldwing.nl - DE"},"image":{"@id":"https:\/\/goldwing.nl\/de\/#\/schema\/logo\/image\/"},"sameAs":["https:\/\/www.facebook.com\/302398026438779"]}]}},"_links":{"self":[{"href":"https:\/\/goldwing.nl\/de\/wp-json\/wp\/v2\/product\/23937"}],"collection":[{"href":"https:\/\/goldwing.nl\/de\/wp-json\/wp\/v2\/product"}],"about":[{"href":"https:\/\/goldwing.nl\/de\/wp-json\/wp\/v2\/types\/product"}],"wp:featuredmedia":[{"embeddable":true,"href":"https:\/\/goldwing.nl\/de\/wp-json\/wp\/v2\/media\/23938"}],"wp:attachment":[{"href":"https:\/\/goldwing.nl\/de\/wp-json\/wp\/v2\/media?parent=23937"}],"wp:term":[{"taxonomy":"product_cat","embeddable":true,"href":"https:\/\/goldwing.nl\/de\/wp-json\/wp\/v2\/product_cat?post=23937"},{"taxonomy":"product_tag","embeddable":true,"href":"https:\/\/goldwing.nl\/de\/wp-json\/wp\/v2\/product_tag?post=23937"}],"curies":[{"name":"wp","href":"https:\/\/api.w.org\/{rel}","templated":true}]}}