{"id":23919,"date":"2022-11-17T15:52:59","date_gmt":"2022-11-17T15:52:59","guid":{"rendered":"https:\/\/goldwing.nl\/de\/?post_type=product&#038;p=23919"},"modified":"2025-02-22T11:31:20","modified_gmt":"2025-02-22T11:31:20","slug":"strassensofa-sattel-mit-gel-gl1800-2018-2020-modelle-inkl-rueckenlehne","status":"publish","type":"product","link":"https:\/\/goldwing.nl\/de\/shop\/goldwing-gl-1800-2018-up-zubehoer\/strassensofa-sattel-mit-gel-gl1800-2018-2020-modelle-inkl-rueckenlehne\/","title":{"rendered":"Stra\u00dfensofa-Sattel mit GEL GL1800 2018up Modelle inkl. R\u00fcckenlehne f\u00fcr Fahrer"},"content":{"rendered":"","protected":false},"excerpt":{"rendered":"<p>Stra\u00dfensofa-Sattel mit GEL GL1800 2018up Modelle inkl. R\u00fcckenlehne<\/p>\n<ul>\n<li>Die hohe Lendenwirbelst\u00fctze und der breite Fahrersattel st\u00fctzen R\u00fccken und Beine f\u00fcr \u00fcberragenden Komfort, w\u00e4hrend die stromlinienf\u00f6rmige Nase die Reichweite des Fahrers zum Boden verbessert<\/li>\n<li>Das raffinierte Split-Cushion-Design maximiert den Komfort auf lange Sicht, indem es die Sitzfl\u00e4che von der Lendenwirbelst\u00fctze trennt, um den Druck auf das Stei\u00dfbein und den R\u00fccken zu reduzieren<\/li>\n<li>GelCore\u2122 vorne und hinten reduziert den Druck auf das Stei\u00dfbein und erh\u00f6ht die Durchblutung und den Komfort f\u00fcr Fahrer und Beifahrer<\/li>\n<li>Hergestellt mit perforierten Ledereins\u00e4tzen und wetterfest, SaddleHyde\u2122 mit wetterfestem, wartungsfreiem<\/li>\n<li>Bezug, der speziell entwickelt wurde, um Ihren Sitz vor Wasser und Schmutz zu sch\u00fctzen<\/li>\n<li>Bel\u00fcftete, weiche Lederpolsterung sorgt f\u00fcr ein luxuri\u00f6ses Aussehen und Fahrgef\u00fchl<\/li>\n<li>Entwickelt und hergestellt in den USA<\/li>\n<li>7&#8243; (17. 78 cm) Lendenwirbelst\u00fctze.<\/li>\n<\/ul>\n","protected":false},"featured_media":23920,"template":"","meta":{"_acf_changed":false},"product_cat":[400,544],"product_tag":[],"class_list":["post-23919","product","type-product","status-publish","has-post-thumbnail","hentry","product_cat-goldwing-gl-1800-2018-up-zubehoer","product_cat-gl-1800-bagger-2018-up","product_shipping_class-pakket-artikel","","woocommerce-text-align-center","woocommerce-image-align-center","do-quantity-buttons"],"acf":[],"yoast_head":"<!-- This site is optimized with the Yoast SEO plugin v25.6 - https:\/\/yoast.com\/wordpress\/plugins\/seo\/ -->\n<title>Stra\u00dfensofa-Sattel mit GEL GL1800 2018up Modelle inkl. R\u00fcckenlehne f\u00fcr Fahrer - Goldwing.nl - DE<\/title>\n<meta name=\"robots\" content=\"index, follow, max-snippet:-1, max-image-preview:large, max-video-preview:-1\" \/>\n<link rel=\"canonical\" href=\"https:\/\/goldwing.nl\/de\/shop\/goldwing-gl-1800-2018-up-zubehoer\/strassensofa-sattel-mit-gel-gl1800-2018-2020-modelle-inkl-rueckenlehne\/\" \/>\n<meta property=\"og:locale\" content=\"de_DE\" \/>\n<meta property=\"og:type\" content=\"article\" \/>\n<meta property=\"og:title\" content=\"Stra\u00dfensofa-Sattel mit GEL GL1800 2018up Modelle inkl. R\u00fcckenlehne f\u00fcr Fahrer - Goldwing.nl - DE\" \/>\n<meta property=\"og:description\" content=\"Stra\u00dfensofa-Sattel mit GEL GL1800 2018up Modelle inkl. R\u00fcckenlehne   Die hohe Lendenwirbelst\u00fctze und der breite Fahrersattel st\u00fctzen R\u00fccken und Beine f\u00fcr \u00fcberragenden Komfort, w\u00e4hrend die stromlinienf\u00f6rmige Nase die Reichweite des Fahrers zum Boden verbessert  Das raffinierte Split-Cushion-Design maximiert den Komfort auf lange Sicht, indem es die Sitzfl\u00e4che von der Lendenwirbelst\u00fctze trennt, um den Druck auf das Stei\u00dfbein und den R\u00fccken zu reduzieren  GelCore\u2122 vorne und hinten reduziert den Druck auf das Stei\u00dfbein und erh\u00f6ht die Durchblutung und den Komfort f\u00fcr Fahrer und Beifahrer  Hergestellt mit perforierten Ledereins\u00e4tzen und wetterfest, SaddleHyde\u2122 mit wetterfestem, wartungsfreiem  Bezug, der speziell entwickelt wurde, um Ihren Sitz vor Wasser und Schmutz zu sch\u00fctzen  Bel\u00fcftete, weiche Lederpolsterung sorgt f\u00fcr ein luxuri\u00f6ses Aussehen und Fahrgef\u00fchl  Entwickelt und hergestellt in den USA  7&quot; (17. 78 cm) Lendenwirbelst\u00fctze.\" \/>\n<meta property=\"og:url\" content=\"https:\/\/goldwing.nl\/de\/shop\/goldwing-gl-1800-2018-up-zubehoer\/strassensofa-sattel-mit-gel-gl1800-2018-2020-modelle-inkl-rueckenlehne\/\" \/>\n<meta property=\"og:site_name\" content=\"Goldwing.nl - DE\" \/>\n<meta property=\"article:publisher\" content=\"https:\/\/www.facebook.com\/302398026438779\" \/>\n<meta property=\"article:modified_time\" content=\"2025-02-22T11:31:20+00:00\" \/>\n<meta property=\"og:image\" content=\"https:\/\/goldwing.nl\/de\/wp-content\/uploads\/sites\/3\/2022\/11\/0810208220Middel-1.jpg\" \/>\n\t<meta property=\"og:image:width\" content=\"768\" \/>\n\t<meta property=\"og:image:height\" content=\"768\" \/>\n\t<meta property=\"og:image:type\" content=\"image\/jpeg\" \/>\n<meta name=\"twitter:card\" content=\"summary_large_image\" \/>\n<script type=\"application\/ld+json\" class=\"yoast-schema-graph\">{\"@context\":\"https:\/\/schema.org\",\"@graph\":[{\"@type\":\"WebPage\",\"@id\":\"https:\/\/goldwing.nl\/de\/shop\/goldwing-gl-1800-2018-up-zubehoer\/strassensofa-sattel-mit-gel-gl1800-2018-2020-modelle-inkl-rueckenlehne\/\",\"url\":\"https:\/\/goldwing.nl\/de\/shop\/goldwing-gl-1800-2018-up-zubehoer\/strassensofa-sattel-mit-gel-gl1800-2018-2020-modelle-inkl-rueckenlehne\/\",\"name\":\"Stra\u00dfensofa-Sattel mit GEL GL1800 2018up Modelle inkl. R\u00fcckenlehne f\u00fcr Fahrer - Goldwing.nl - DE\",\"isPartOf\":{\"@id\":\"https:\/\/goldwing.nl\/de\/#website\"},\"primaryImageOfPage\":{\"@id\":\"https:\/\/goldwing.nl\/de\/shop\/goldwing-gl-1800-2018-up-zubehoer\/strassensofa-sattel-mit-gel-gl1800-2018-2020-modelle-inkl-rueckenlehne\/#primaryimage\"},\"image\":{\"@id\":\"https:\/\/goldwing.nl\/de\/shop\/goldwing-gl-1800-2018-up-zubehoer\/strassensofa-sattel-mit-gel-gl1800-2018-2020-modelle-inkl-rueckenlehne\/#primaryimage\"},\"thumbnailUrl\":\"https:\/\/goldwing.nl\/de\/wp-content\/uploads\/sites\/3\/2022\/11\/0810208220Middel-1.jpg\",\"datePublished\":\"2022-11-17T15:52:59+00:00\",\"dateModified\":\"2025-02-22T11:31:20+00:00\",\"breadcrumb\":{\"@id\":\"https:\/\/goldwing.nl\/de\/shop\/goldwing-gl-1800-2018-up-zubehoer\/strassensofa-sattel-mit-gel-gl1800-2018-2020-modelle-inkl-rueckenlehne\/#breadcrumb\"},\"inLanguage\":\"de\",\"potentialAction\":[{\"@type\":\"ReadAction\",\"target\":[\"https:\/\/goldwing.nl\/de\/shop\/goldwing-gl-1800-2018-up-zubehoer\/strassensofa-sattel-mit-gel-gl1800-2018-2020-modelle-inkl-rueckenlehne\/\"]}]},{\"@type\":\"ImageObject\",\"inLanguage\":\"de\",\"@id\":\"https:\/\/goldwing.nl\/de\/shop\/goldwing-gl-1800-2018-up-zubehoer\/strassensofa-sattel-mit-gel-gl1800-2018-2020-modelle-inkl-rueckenlehne\/#primaryimage\",\"url\":\"https:\/\/goldwing.nl\/de\/wp-content\/uploads\/sites\/3\/2022\/11\/0810208220Middel-1.jpg\",\"contentUrl\":\"https:\/\/goldwing.nl\/de\/wp-content\/uploads\/sites\/3\/2022\/11\/0810208220Middel-1.jpg\",\"width\":768,\"height\":768},{\"@type\":\"BreadcrumbList\",\"@id\":\"https:\/\/goldwing.nl\/de\/shop\/goldwing-gl-1800-2018-up-zubehoer\/strassensofa-sattel-mit-gel-gl1800-2018-2020-modelle-inkl-rueckenlehne\/#breadcrumb\",\"itemListElement\":[{\"@type\":\"ListItem\",\"position\":1,\"name\":\"Home\",\"item\":\"https:\/\/goldwing.nl\/de\/\"},{\"@type\":\"ListItem\",\"position\":2,\"name\":\"Webshop\",\"item\":\"https:\/\/goldwing.nl\/de\/shop\/\"},{\"@type\":\"ListItem\",\"position\":3,\"name\":\"Stra\u00dfensofa-Sattel mit GEL GL1800 2018up Modelle inkl. R\u00fcckenlehne f\u00fcr Fahrer\"}]},{\"@type\":\"WebSite\",\"@id\":\"https:\/\/goldwing.nl\/de\/#website\",\"url\":\"https:\/\/goldwing.nl\/de\/\",\"name\":\"Goldwing.nl - DE\",\"description\":\"Biker&#039;s Best\",\"publisher\":{\"@id\":\"https:\/\/goldwing.nl\/de\/#organization\"},\"potentialAction\":[{\"@type\":\"SearchAction\",\"target\":{\"@type\":\"EntryPoint\",\"urlTemplate\":\"https:\/\/goldwing.nl\/de\/?s={search_term_string}\"},\"query-input\":{\"@type\":\"PropertyValueSpecification\",\"valueRequired\":true,\"valueName\":\"search_term_string\"}}],\"inLanguage\":\"de\"},{\"@type\":\"Organization\",\"@id\":\"https:\/\/goldwing.nl\/de\/#organization\",\"name\":\"Goldwing.nl - DE\",\"url\":\"https:\/\/goldwing.nl\/de\/\",\"logo\":{\"@type\":\"ImageObject\",\"inLanguage\":\"de\",\"@id\":\"https:\/\/goldwing.nl\/de\/#\/schema\/logo\/image\/\",\"url\":\"https:\/\/goldwing.nl\/de\/wp-content\/uploads\/sites\/3\/2022\/08\/BikersBest-logo.png\",\"contentUrl\":\"https:\/\/goldwing.nl\/de\/wp-content\/uploads\/sites\/3\/2022\/08\/BikersBest-logo.png\",\"width\":311,\"height\":152,\"caption\":\"Goldwing.nl - DE\"},\"image\":{\"@id\":\"https:\/\/goldwing.nl\/de\/#\/schema\/logo\/image\/\"},\"sameAs\":[\"https:\/\/www.facebook.com\/302398026438779\"]}]}<\/script>\n<!-- \/ Yoast SEO plugin. -->","yoast_head_json":{"title":"Stra\u00dfensofa-Sattel mit GEL GL1800 2018up Modelle inkl. R\u00fcckenlehne f\u00fcr Fahrer - Goldwing.nl - DE","robots":{"index":"index","follow":"follow","max-snippet":"max-snippet:-1","max-image-preview":"max-image-preview:large","max-video-preview":"max-video-preview:-1"},"canonical":"https:\/\/goldwing.nl\/de\/shop\/goldwing-gl-1800-2018-up-zubehoer\/strassensofa-sattel-mit-gel-gl1800-2018-2020-modelle-inkl-rueckenlehne\/","og_locale":"de_DE","og_type":"article","og_title":"Stra\u00dfensofa-Sattel mit GEL GL1800 2018up Modelle inkl. R\u00fcckenlehne f\u00fcr Fahrer - Goldwing.nl - DE","og_description":"Stra\u00dfensofa-Sattel mit GEL GL1800 2018up Modelle inkl. R\u00fcckenlehne   Die hohe Lendenwirbelst\u00fctze und der breite Fahrersattel st\u00fctzen R\u00fccken und Beine f\u00fcr \u00fcberragenden Komfort, w\u00e4hrend die stromlinienf\u00f6rmige Nase die Reichweite des Fahrers zum Boden verbessert  Das raffinierte Split-Cushion-Design maximiert den Komfort auf lange Sicht, indem es die Sitzfl\u00e4che von der Lendenwirbelst\u00fctze trennt, um den Druck auf das Stei\u00dfbein und den R\u00fccken zu reduzieren  GelCore\u2122 vorne und hinten reduziert den Druck auf das Stei\u00dfbein und erh\u00f6ht die Durchblutung und den Komfort f\u00fcr Fahrer und Beifahrer  Hergestellt mit perforierten Ledereins\u00e4tzen und wetterfest, SaddleHyde\u2122 mit wetterfestem, wartungsfreiem  Bezug, der speziell entwickelt wurde, um Ihren Sitz vor Wasser und Schmutz zu sch\u00fctzen  Bel\u00fcftete, weiche Lederpolsterung sorgt f\u00fcr ein luxuri\u00f6ses Aussehen und Fahrgef\u00fchl  Entwickelt und hergestellt in den USA  7\" (17. 78 cm) Lendenwirbelst\u00fctze.","og_url":"https:\/\/goldwing.nl\/de\/shop\/goldwing-gl-1800-2018-up-zubehoer\/strassensofa-sattel-mit-gel-gl1800-2018-2020-modelle-inkl-rueckenlehne\/","og_site_name":"Goldwing.nl - DE","article_publisher":"https:\/\/www.facebook.com\/302398026438779","article_modified_time":"2025-02-22T11:31:20+00:00","og_image":[{"width":768,"height":768,"url":"https:\/\/goldwing.nl\/de\/wp-content\/uploads\/sites\/3\/2022\/11\/0810208220Middel-1.jpg","type":"image\/jpeg"}],"twitter_card":"summary_large_image","schema":{"@context":"https:\/\/schema.org","@graph":[{"@type":"WebPage","@id":"https:\/\/goldwing.nl\/de\/shop\/goldwing-gl-1800-2018-up-zubehoer\/strassensofa-sattel-mit-gel-gl1800-2018-2020-modelle-inkl-rueckenlehne\/","url":"https:\/\/goldwing.nl\/de\/shop\/goldwing-gl-1800-2018-up-zubehoer\/strassensofa-sattel-mit-gel-gl1800-2018-2020-modelle-inkl-rueckenlehne\/","name":"Stra\u00dfensofa-Sattel mit GEL GL1800 2018up Modelle inkl. R\u00fcckenlehne f\u00fcr Fahrer - Goldwing.nl - DE","isPartOf":{"@id":"https:\/\/goldwing.nl\/de\/#website"},"primaryImageOfPage":{"@id":"https:\/\/goldwing.nl\/de\/shop\/goldwing-gl-1800-2018-up-zubehoer\/strassensofa-sattel-mit-gel-gl1800-2018-2020-modelle-inkl-rueckenlehne\/#primaryimage"},"image":{"@id":"https:\/\/goldwing.nl\/de\/shop\/goldwing-gl-1800-2018-up-zubehoer\/strassensofa-sattel-mit-gel-gl1800-2018-2020-modelle-inkl-rueckenlehne\/#primaryimage"},"thumbnailUrl":"https:\/\/goldwing.nl\/de\/wp-content\/uploads\/sites\/3\/2022\/11\/0810208220Middel-1.jpg","datePublished":"2022-11-17T15:52:59+00:00","dateModified":"2025-02-22T11:31:20+00:00","breadcrumb":{"@id":"https:\/\/goldwing.nl\/de\/shop\/goldwing-gl-1800-2018-up-zubehoer\/strassensofa-sattel-mit-gel-gl1800-2018-2020-modelle-inkl-rueckenlehne\/#breadcrumb"},"inLanguage":"de","potentialAction":[{"@type":"ReadAction","target":["https:\/\/goldwing.nl\/de\/shop\/goldwing-gl-1800-2018-up-zubehoer\/strassensofa-sattel-mit-gel-gl1800-2018-2020-modelle-inkl-rueckenlehne\/"]}]},{"@type":"ImageObject","inLanguage":"de","@id":"https:\/\/goldwing.nl\/de\/shop\/goldwing-gl-1800-2018-up-zubehoer\/strassensofa-sattel-mit-gel-gl1800-2018-2020-modelle-inkl-rueckenlehne\/#primaryimage","url":"https:\/\/goldwing.nl\/de\/wp-content\/uploads\/sites\/3\/2022\/11\/0810208220Middel-1.jpg","contentUrl":"https:\/\/goldwing.nl\/de\/wp-content\/uploads\/sites\/3\/2022\/11\/0810208220Middel-1.jpg","width":768,"height":768},{"@type":"BreadcrumbList","@id":"https:\/\/goldwing.nl\/de\/shop\/goldwing-gl-1800-2018-up-zubehoer\/strassensofa-sattel-mit-gel-gl1800-2018-2020-modelle-inkl-rueckenlehne\/#breadcrumb","itemListElement":[{"@type":"ListItem","position":1,"name":"Home","item":"https:\/\/goldwing.nl\/de\/"},{"@type":"ListItem","position":2,"name":"Webshop","item":"https:\/\/goldwing.nl\/de\/shop\/"},{"@type":"ListItem","position":3,"name":"Stra\u00dfensofa-Sattel mit GEL GL1800 2018up Modelle inkl. R\u00fcckenlehne f\u00fcr Fahrer"}]},{"@type":"WebSite","@id":"https:\/\/goldwing.nl\/de\/#website","url":"https:\/\/goldwing.nl\/de\/","name":"Goldwing.nl - DE","description":"Biker&#039;s Best","publisher":{"@id":"https:\/\/goldwing.nl\/de\/#organization"},"potentialAction":[{"@type":"SearchAction","target":{"@type":"EntryPoint","urlTemplate":"https:\/\/goldwing.nl\/de\/?s={search_term_string}"},"query-input":{"@type":"PropertyValueSpecification","valueRequired":true,"valueName":"search_term_string"}}],"inLanguage":"de"},{"@type":"Organization","@id":"https:\/\/goldwing.nl\/de\/#organization","name":"Goldwing.nl - DE","url":"https:\/\/goldwing.nl\/de\/","logo":{"@type":"ImageObject","inLanguage":"de","@id":"https:\/\/goldwing.nl\/de\/#\/schema\/logo\/image\/","url":"https:\/\/goldwing.nl\/de\/wp-content\/uploads\/sites\/3\/2022\/08\/BikersBest-logo.png","contentUrl":"https:\/\/goldwing.nl\/de\/wp-content\/uploads\/sites\/3\/2022\/08\/BikersBest-logo.png","width":311,"height":152,"caption":"Goldwing.nl - DE"},"image":{"@id":"https:\/\/goldwing.nl\/de\/#\/schema\/logo\/image\/"},"sameAs":["https:\/\/www.facebook.com\/302398026438779"]}]}},"_links":{"self":[{"href":"https:\/\/goldwing.nl\/de\/wp-json\/wp\/v2\/product\/23919"}],"collection":[{"href":"https:\/\/goldwing.nl\/de\/wp-json\/wp\/v2\/product"}],"about":[{"href":"https:\/\/goldwing.nl\/de\/wp-json\/wp\/v2\/types\/product"}],"wp:featuredmedia":[{"embeddable":true,"href":"https:\/\/goldwing.nl\/de\/wp-json\/wp\/v2\/media\/23920"}],"wp:attachment":[{"href":"https:\/\/goldwing.nl\/de\/wp-json\/wp\/v2\/media?parent=23919"}],"wp:term":[{"taxonomy":"product_cat","embeddable":true,"href":"https:\/\/goldwing.nl\/de\/wp-json\/wp\/v2\/product_cat?post=23919"},{"taxonomy":"product_tag","embeddable":true,"href":"https:\/\/goldwing.nl\/de\/wp-json\/wp\/v2\/product_tag?post=23919"}],"curies":[{"name":"wp","href":"https:\/\/api.w.org\/{rel}","templated":true}]}}