{"id":23857,"date":"2022-11-17T15:51:07","date_gmt":"2022-11-17T15:51:07","guid":{"rendered":"https:\/\/goldwing.nl\/de\/?post_type=product&#038;p=23857"},"modified":"2025-10-01T14:45:32","modified_gmt":"2025-10-01T14:45:32","slug":"top-box-rack-chrom-gl1800-2021up-modelle-pre-order","status":"publish","type":"product","link":"https:\/\/goldwing.nl\/de\/shop\/gl1800-2021-up-deutsch\/top-box-rack-chrom-gl1800-2021up-modelle-pre-order\/","title":{"rendered":"Top Box Rack Chrom GL1800 2021up Modelle (G)"},"content":{"rendered":"","protected":false},"excerpt":{"rendered":"<p>Top Box Rack Chrom GL1800 2021up Modelle<\/p>\n<ul>\n<li>Ma\u00dfgeschneidert f\u00fcr die Linienf\u00fchrung der GL1800<\/li>\n<li>Kann mit der OEM-Halterung oder mit der Show Chromes Tour-Gep\u00e4cktr\u00e4gerhalterung montiert werden \u2013 siehe zugeh\u00f6rige Produkte<\/li>\n<li>Bietet Platz f\u00fcr gro\u00dfe Reisetaschen<\/li>\n<li>Kommt mit ma\u00dfgefertigten Gummit\u00fcllen, die eine wasserdichte Abdichtung schaffen und die Elemente drau\u00dfen halten<\/li>\n<li>Inklusive Hardware und detaillierter Anleitung<\/li>\n<\/ul>\n","protected":false},"featured_media":23858,"template":"","meta":{"_acf_changed":false},"product_cat":[554],"product_tag":[],"class_list":["post-23857","product","type-product","status-publish","has-post-thumbnail","hentry","product_cat-gl1800-2021-up-deutsch","product_shipping_class-briefkasten-artikel","","woocommerce-text-align-center","woocommerce-image-align-center","do-quantity-buttons"],"acf":[],"yoast_head":"<!-- This site is optimized with the Yoast SEO plugin v25.6 - https:\/\/yoast.com\/wordpress\/plugins\/seo\/ -->\n<title>Top Box Rack Chrom GL1800 2021up Modelle (G) - Goldwing.nl - DE<\/title>\n<meta name=\"robots\" content=\"index, follow, max-snippet:-1, max-image-preview:large, max-video-preview:-1\" \/>\n<link rel=\"canonical\" href=\"https:\/\/goldwing.nl\/de\/shop\/goldwing-gl-1800-2018-up-zubehoer\/top-box-rack-chrom-gl1800-2021up-modelle-pre-order\/\" \/>\n<meta property=\"og:locale\" content=\"de_DE\" \/>\n<meta property=\"og:type\" content=\"article\" \/>\n<meta property=\"og:title\" content=\"Top Box Rack Chrom GL1800 2021up Modelle (G) - Goldwing.nl - DE\" \/>\n<meta property=\"og:description\" content=\"Top Box Rack Chrom GL1800 2021up Modelle   Ma\u00dfgeschneidert f\u00fcr die Linienf\u00fchrung der GL1800  Kann mit der OEM-Halterung oder mit der Show Chromes Tour-Gep\u00e4cktr\u00e4gerhalterung montiert werden \u2013 siehe zugeh\u00f6rige Produkte  Bietet Platz f\u00fcr gro\u00dfe Reisetaschen  Kommt mit ma\u00dfgefertigten Gummit\u00fcllen, die eine wasserdichte Abdichtung schaffen und die Elemente drau\u00dfen halten  Inklusive Hardware und detaillierter Anleitung\" \/>\n<meta property=\"og:url\" content=\"https:\/\/goldwing.nl\/de\/shop\/goldwing-gl-1800-2018-up-zubehoer\/top-box-rack-chrom-gl1800-2021up-modelle-pre-order\/\" \/>\n<meta property=\"og:site_name\" content=\"Goldwing.nl - DE\" \/>\n<meta property=\"article:publisher\" content=\"https:\/\/www.facebook.com\/302398026438779\" \/>\n<meta property=\"article:modified_time\" content=\"2025-10-01T14:45:32+00:00\" \/>\n<meta property=\"og:image\" content=\"https:\/\/goldwing.nl\/de\/wp-content\/uploads\/sites\/3\/2022\/11\/image_624d90ec5373e_79059A-1.jpg\" \/>\n\t<meta property=\"og:image:width\" content=\"500\" \/>\n\t<meta property=\"og:image:height\" content=\"500\" \/>\n\t<meta property=\"og:image:type\" content=\"image\/jpeg\" \/>\n<meta name=\"twitter:card\" content=\"summary_large_image\" \/>\n<script type=\"application\/ld+json\" class=\"yoast-schema-graph\">{\"@context\":\"https:\/\/schema.org\",\"@graph\":[{\"@type\":\"WebPage\",\"@id\":\"https:\/\/goldwing.nl\/de\/shop\/goldwing-gl-1800-2018-up-zubehoer\/top-box-rack-chrom-gl1800-2021up-modelle-pre-order\/\",\"url\":\"https:\/\/goldwing.nl\/de\/shop\/goldwing-gl-1800-2018-up-zubehoer\/top-box-rack-chrom-gl1800-2021up-modelle-pre-order\/\",\"name\":\"Top Box Rack Chrom GL1800 2021up Modelle (G) - Goldwing.nl - DE\",\"isPartOf\":{\"@id\":\"https:\/\/goldwing.nl\/de\/#website\"},\"primaryImageOfPage\":{\"@id\":\"https:\/\/goldwing.nl\/de\/shop\/goldwing-gl-1800-2018-up-zubehoer\/top-box-rack-chrom-gl1800-2021up-modelle-pre-order\/#primaryimage\"},\"image\":{\"@id\":\"https:\/\/goldwing.nl\/de\/shop\/goldwing-gl-1800-2018-up-zubehoer\/top-box-rack-chrom-gl1800-2021up-modelle-pre-order\/#primaryimage\"},\"thumbnailUrl\":\"https:\/\/goldwing.nl\/de\/wp-content\/uploads\/sites\/3\/2022\/11\/image_624d90ec5373e_79059A-1.jpg\",\"datePublished\":\"2022-11-17T15:51:07+00:00\",\"dateModified\":\"2025-10-01T14:45:32+00:00\",\"breadcrumb\":{\"@id\":\"https:\/\/goldwing.nl\/de\/shop\/goldwing-gl-1800-2018-up-zubehoer\/top-box-rack-chrom-gl1800-2021up-modelle-pre-order\/#breadcrumb\"},\"inLanguage\":\"de\",\"potentialAction\":[{\"@type\":\"ReadAction\",\"target\":[\"https:\/\/goldwing.nl\/de\/shop\/goldwing-gl-1800-2018-up-zubehoer\/top-box-rack-chrom-gl1800-2021up-modelle-pre-order\/\"]}]},{\"@type\":\"ImageObject\",\"inLanguage\":\"de\",\"@id\":\"https:\/\/goldwing.nl\/de\/shop\/goldwing-gl-1800-2018-up-zubehoer\/top-box-rack-chrom-gl1800-2021up-modelle-pre-order\/#primaryimage\",\"url\":\"https:\/\/goldwing.nl\/de\/wp-content\/uploads\/sites\/3\/2022\/11\/image_624d90ec5373e_79059A-1.jpg\",\"contentUrl\":\"https:\/\/goldwing.nl\/de\/wp-content\/uploads\/sites\/3\/2022\/11\/image_624d90ec5373e_79059A-1.jpg\",\"width\":500,\"height\":500},{\"@type\":\"BreadcrumbList\",\"@id\":\"https:\/\/goldwing.nl\/de\/shop\/goldwing-gl-1800-2018-up-zubehoer\/top-box-rack-chrom-gl1800-2021up-modelle-pre-order\/#breadcrumb\",\"itemListElement\":[{\"@type\":\"ListItem\",\"position\":1,\"name\":\"Home\",\"item\":\"https:\/\/goldwing.nl\/de\/\"},{\"@type\":\"ListItem\",\"position\":2,\"name\":\"Webshop\",\"item\":\"https:\/\/goldwing.nl\/de\/shop\/\"},{\"@type\":\"ListItem\",\"position\":3,\"name\":\"Top Box Rack Chrom GL1800 2021up Modelle\"}]},{\"@type\":\"WebSite\",\"@id\":\"https:\/\/goldwing.nl\/de\/#website\",\"url\":\"https:\/\/goldwing.nl\/de\/\",\"name\":\"Goldwing.nl - DE\",\"description\":\"Biker&#039;s Best\",\"publisher\":{\"@id\":\"https:\/\/goldwing.nl\/de\/#organization\"},\"potentialAction\":[{\"@type\":\"SearchAction\",\"target\":{\"@type\":\"EntryPoint\",\"urlTemplate\":\"https:\/\/goldwing.nl\/de\/?s={search_term_string}\"},\"query-input\":{\"@type\":\"PropertyValueSpecification\",\"valueRequired\":true,\"valueName\":\"search_term_string\"}}],\"inLanguage\":\"de\"},{\"@type\":\"Organization\",\"@id\":\"https:\/\/goldwing.nl\/de\/#organization\",\"name\":\"Goldwing.nl - DE\",\"url\":\"https:\/\/goldwing.nl\/de\/\",\"logo\":{\"@type\":\"ImageObject\",\"inLanguage\":\"de\",\"@id\":\"https:\/\/goldwing.nl\/de\/#\/schema\/logo\/image\/\",\"url\":\"https:\/\/goldwing.nl\/de\/wp-content\/uploads\/sites\/3\/2022\/08\/BikersBest-logo.png\",\"contentUrl\":\"https:\/\/goldwing.nl\/de\/wp-content\/uploads\/sites\/3\/2022\/08\/BikersBest-logo.png\",\"width\":311,\"height\":152,\"caption\":\"Goldwing.nl - DE\"},\"image\":{\"@id\":\"https:\/\/goldwing.nl\/de\/#\/schema\/logo\/image\/\"},\"sameAs\":[\"https:\/\/www.facebook.com\/302398026438779\"]}]}<\/script>\n<!-- \/ Yoast SEO plugin. -->","yoast_head_json":{"title":"Top Box Rack Chrom GL1800 2021up Modelle (G) - Goldwing.nl - DE","robots":{"index":"index","follow":"follow","max-snippet":"max-snippet:-1","max-image-preview":"max-image-preview:large","max-video-preview":"max-video-preview:-1"},"canonical":"https:\/\/goldwing.nl\/de\/shop\/goldwing-gl-1800-2018-up-zubehoer\/top-box-rack-chrom-gl1800-2021up-modelle-pre-order\/","og_locale":"de_DE","og_type":"article","og_title":"Top Box Rack Chrom GL1800 2021up Modelle (G) - Goldwing.nl - DE","og_description":"Top Box Rack Chrom GL1800 2021up Modelle   Ma\u00dfgeschneidert f\u00fcr die Linienf\u00fchrung der GL1800  Kann mit der OEM-Halterung oder mit der Show Chromes Tour-Gep\u00e4cktr\u00e4gerhalterung montiert werden \u2013 siehe zugeh\u00f6rige Produkte  Bietet Platz f\u00fcr gro\u00dfe Reisetaschen  Kommt mit ma\u00dfgefertigten Gummit\u00fcllen, die eine wasserdichte Abdichtung schaffen und die Elemente drau\u00dfen halten  Inklusive Hardware und detaillierter Anleitung","og_url":"https:\/\/goldwing.nl\/de\/shop\/goldwing-gl-1800-2018-up-zubehoer\/top-box-rack-chrom-gl1800-2021up-modelle-pre-order\/","og_site_name":"Goldwing.nl - DE","article_publisher":"https:\/\/www.facebook.com\/302398026438779","article_modified_time":"2025-10-01T14:45:32+00:00","og_image":[{"width":500,"height":500,"url":"https:\/\/goldwing.nl\/de\/wp-content\/uploads\/sites\/3\/2022\/11\/image_624d90ec5373e_79059A-1.jpg","type":"image\/jpeg"}],"twitter_card":"summary_large_image","schema":{"@context":"https:\/\/schema.org","@graph":[{"@type":"WebPage","@id":"https:\/\/goldwing.nl\/de\/shop\/goldwing-gl-1800-2018-up-zubehoer\/top-box-rack-chrom-gl1800-2021up-modelle-pre-order\/","url":"https:\/\/goldwing.nl\/de\/shop\/goldwing-gl-1800-2018-up-zubehoer\/top-box-rack-chrom-gl1800-2021up-modelle-pre-order\/","name":"Top Box Rack Chrom GL1800 2021up Modelle (G) - Goldwing.nl - DE","isPartOf":{"@id":"https:\/\/goldwing.nl\/de\/#website"},"primaryImageOfPage":{"@id":"https:\/\/goldwing.nl\/de\/shop\/goldwing-gl-1800-2018-up-zubehoer\/top-box-rack-chrom-gl1800-2021up-modelle-pre-order\/#primaryimage"},"image":{"@id":"https:\/\/goldwing.nl\/de\/shop\/goldwing-gl-1800-2018-up-zubehoer\/top-box-rack-chrom-gl1800-2021up-modelle-pre-order\/#primaryimage"},"thumbnailUrl":"https:\/\/goldwing.nl\/de\/wp-content\/uploads\/sites\/3\/2022\/11\/image_624d90ec5373e_79059A-1.jpg","datePublished":"2022-11-17T15:51:07+00:00","dateModified":"2025-10-01T14:45:32+00:00","breadcrumb":{"@id":"https:\/\/goldwing.nl\/de\/shop\/goldwing-gl-1800-2018-up-zubehoer\/top-box-rack-chrom-gl1800-2021up-modelle-pre-order\/#breadcrumb"},"inLanguage":"de","potentialAction":[{"@type":"ReadAction","target":["https:\/\/goldwing.nl\/de\/shop\/goldwing-gl-1800-2018-up-zubehoer\/top-box-rack-chrom-gl1800-2021up-modelle-pre-order\/"]}]},{"@type":"ImageObject","inLanguage":"de","@id":"https:\/\/goldwing.nl\/de\/shop\/goldwing-gl-1800-2018-up-zubehoer\/top-box-rack-chrom-gl1800-2021up-modelle-pre-order\/#primaryimage","url":"https:\/\/goldwing.nl\/de\/wp-content\/uploads\/sites\/3\/2022\/11\/image_624d90ec5373e_79059A-1.jpg","contentUrl":"https:\/\/goldwing.nl\/de\/wp-content\/uploads\/sites\/3\/2022\/11\/image_624d90ec5373e_79059A-1.jpg","width":500,"height":500},{"@type":"BreadcrumbList","@id":"https:\/\/goldwing.nl\/de\/shop\/goldwing-gl-1800-2018-up-zubehoer\/top-box-rack-chrom-gl1800-2021up-modelle-pre-order\/#breadcrumb","itemListElement":[{"@type":"ListItem","position":1,"name":"Home","item":"https:\/\/goldwing.nl\/de\/"},{"@type":"ListItem","position":2,"name":"Webshop","item":"https:\/\/goldwing.nl\/de\/shop\/"},{"@type":"ListItem","position":3,"name":"Top Box Rack Chrom GL1800 2021up Modelle"}]},{"@type":"WebSite","@id":"https:\/\/goldwing.nl\/de\/#website","url":"https:\/\/goldwing.nl\/de\/","name":"Goldwing.nl - DE","description":"Biker&#039;s Best","publisher":{"@id":"https:\/\/goldwing.nl\/de\/#organization"},"potentialAction":[{"@type":"SearchAction","target":{"@type":"EntryPoint","urlTemplate":"https:\/\/goldwing.nl\/de\/?s={search_term_string}"},"query-input":{"@type":"PropertyValueSpecification","valueRequired":true,"valueName":"search_term_string"}}],"inLanguage":"de"},{"@type":"Organization","@id":"https:\/\/goldwing.nl\/de\/#organization","name":"Goldwing.nl - DE","url":"https:\/\/goldwing.nl\/de\/","logo":{"@type":"ImageObject","inLanguage":"de","@id":"https:\/\/goldwing.nl\/de\/#\/schema\/logo\/image\/","url":"https:\/\/goldwing.nl\/de\/wp-content\/uploads\/sites\/3\/2022\/08\/BikersBest-logo.png","contentUrl":"https:\/\/goldwing.nl\/de\/wp-content\/uploads\/sites\/3\/2022\/08\/BikersBest-logo.png","width":311,"height":152,"caption":"Goldwing.nl - DE"},"image":{"@id":"https:\/\/goldwing.nl\/de\/#\/schema\/logo\/image\/"},"sameAs":["https:\/\/www.facebook.com\/302398026438779"]}]}},"_links":{"self":[{"href":"https:\/\/goldwing.nl\/de\/wp-json\/wp\/v2\/product\/23857"}],"collection":[{"href":"https:\/\/goldwing.nl\/de\/wp-json\/wp\/v2\/product"}],"about":[{"href":"https:\/\/goldwing.nl\/de\/wp-json\/wp\/v2\/types\/product"}],"wp:featuredmedia":[{"embeddable":true,"href":"https:\/\/goldwing.nl\/de\/wp-json\/wp\/v2\/media\/23858"}],"wp:attachment":[{"href":"https:\/\/goldwing.nl\/de\/wp-json\/wp\/v2\/media?parent=23857"}],"wp:term":[{"taxonomy":"product_cat","embeddable":true,"href":"https:\/\/goldwing.nl\/de\/wp-json\/wp\/v2\/product_cat?post=23857"},{"taxonomy":"product_tag","embeddable":true,"href":"https:\/\/goldwing.nl\/de\/wp-json\/wp\/v2\/product_tag?post=23857"}],"curies":[{"name":"wp","href":"https:\/\/api.w.org\/{rel}","templated":true}]}}