{"id":23584,"date":"2022-11-17T15:43:01","date_gmt":"2022-11-17T15:43:01","guid":{"rendered":"https:\/\/goldwing.nl\/de\/?post_type=product&#038;p=23584"},"modified":"2026-03-06T14:25:17","modified_gmt":"2026-03-06T14:25:17","slug":"topcase-spoiler-led-licht-chrom-gl1800-2021-modelle","status":"publish","type":"product","link":"https:\/\/goldwing.nl\/de\/shop\/gl1800-2021-up-deutsch\/topcase-spoiler-led-licht-chrom-gl1800-2021-modelle\/","title":{"rendered":"Topcase Spoiler LED Licht Chrom GL1800 2021up Modelle (F)"},"content":{"rendered":"","protected":false},"excerpt":{"rendered":"<p>Topcase Spoiler LED Licht Chrom GL1800 2021 Modelle<\/p>\n<ul>\n<li>GHOST\u2122 Lens Technology<\/li>\n<li>11 Einschaltanimationen<\/li>\n<li>Mehrere Abbiegemodi mit optionalem Stroboskop-Effekt<\/li>\n<li>Bernsteinfarbene oder rote Blinkeroptionen<\/li>\n<li>3 Bremsanimationen (Bremsstroboskop) und w\u00e4hlbare Abk\u00fchlzeiten. Bei der Bremsanimation haben Sie die M\u00f6glichkeit, zwischen 3 verschiedenen Bremsblitzmodi zu w\u00e4hlen.<\/li>\n<li>5 Bremsen-Burst-Modi mit Frequenz- und Burst-Verz\u00f6gerungsoptionen.<\/li>\n<li>Mit den Brake Burst Modi k\u00f6nnen Sie zwischen 5 verschiedenen Lichtshows w\u00e4hlen, die blinken, wenn Sie die Bremse bei einem Stopp halten, was zu einer erh\u00f6hten Sichtbarkeit f\u00fchrt.<\/li>\n<li>Sie k\u00f6nnen auch nur die Frequenz des Blitzes einstellen.<\/li>\n<li>Laufanimation: Diese Funktion erm\u00f6glicht es dem Benutzer, das Kofferraumlicht w\u00e4hrend einer Parade oder einer Show eine Lichtshow ablaufen zu lassen.<\/li>\n<li>Mit der kostenlosen Lightstrike-App k\u00f6nnen Sie \u00fcber hundert verschiedene Lichtkombinationen steuern.<\/li>\n<li>Wir entwickeln regelm\u00e4\u00dfig neue Funktionen, die der App kostenlos hinzugef\u00fcgt werden.<\/li>\n<li>Einstellbare Helligkeit des Fahrlichts<\/li>\n<li>Kostenlos herunterladbare, passwortgesch\u00fctzte Bluetooth-Telefon-App f\u00fcr iOS- und Android-Ger\u00e4te<\/li>\n<li>Erh\u00f6hte Sichtbarkeit beim Anhalten durch Hinzuf\u00fcgen von optionalen Bewegungen und Animationen zu Ihrem Bremslicht<\/li>\n<li>Rotes Fahrlicht, rote Blinker (anpassbar auf gelb) und rotes Fahrlicht.<\/li>\n<li>Mit der laufenden Entwicklung der LIghtstiike Produktlinie k\u00f6nnen sich Optionen und Animationen mit App-Updates \u00e4ndern.<\/li>\n<\/ul>\n","protected":false},"featured_media":23585,"template":"","meta":{"_acf_changed":false},"product_cat":[554],"product_tag":[],"class_list":["post-23584","product","type-product","status-publish","has-post-thumbnail","hentry","product_cat-gl1800-2021-up-deutsch","product_shipping_class-pakket-artikel","","woocommerce-text-align-center","woocommerce-image-align-center","do-quantity-buttons"],"acf":[],"yoast_head":"<!-- This site is optimized with the Yoast SEO plugin v25.6 - https:\/\/yoast.com\/wordpress\/plugins\/seo\/ -->\n<title>Topcase Spoiler LED Licht Chrom GL1800 2021up Modelle (F) - Goldwing.nl - DE<\/title>\n<meta name=\"robots\" content=\"index, follow, max-snippet:-1, max-image-preview:large, max-video-preview:-1\" \/>\n<link rel=\"canonical\" href=\"https:\/\/goldwing.nl\/de\/shop\/goldwing-gl-1800-2018-up-zubehoer\/topcase-spoiler-led-licht-chrom-gl1800-2021-modelle\/\" \/>\n<meta property=\"og:locale\" content=\"de_DE\" \/>\n<meta property=\"og:type\" content=\"article\" \/>\n<meta property=\"og:title\" content=\"Topcase Spoiler LED Licht Chrom GL1800 2021up Modelle (F) - Goldwing.nl - DE\" \/>\n<meta property=\"og:description\" content=\"Topcase Spoiler LED Licht Chrom GL1800 2021 Modelle   GHOST\u2122 Lens Technology  11 Einschaltanimationen  Mehrere Abbiegemodi mit optionalem Stroboskop-Effekt  Bernsteinfarbene oder rote Blinkeroptionen  3 Bremsanimationen (Bremsstroboskop) und w\u00e4hlbare Abk\u00fchlzeiten. Bei der Bremsanimation haben Sie die M\u00f6glichkeit, zwischen 3 verschiedenen Bremsblitzmodi zu w\u00e4hlen.  5 Bremsen-Burst-Modi mit Frequenz- und Burst-Verz\u00f6gerungsoptionen.  Mit den Brake Burst Modi k\u00f6nnen Sie zwischen 5 verschiedenen Lichtshows w\u00e4hlen, die blinken, wenn Sie die Bremse bei einem Stopp halten, was zu einer erh\u00f6hten Sichtbarkeit f\u00fchrt.  Sie k\u00f6nnen auch nur die Frequenz des Blitzes einstellen.  Laufanimation: Diese Funktion erm\u00f6glicht es dem Benutzer, das Kofferraumlicht w\u00e4hrend einer Parade oder einer Show eine Lichtshow ablaufen zu lassen.  Mit der kostenlosen Lightstrike-App k\u00f6nnen Sie \u00fcber hundert verschiedene Lichtkombinationen steuern.  Wir entwickeln regelm\u00e4\u00dfig neue Funktionen, die der App kostenlos hinzugef\u00fcgt werden.  Einstellbare Helligkeit des Fahrlichts  Kostenlos herunterladbare, passwortgesch\u00fctzte Bluetooth-Telefon-App f\u00fcr iOS- und Android-Ger\u00e4te  Erh\u00f6hte Sichtbarkeit beim Anhalten durch Hinzuf\u00fcgen von optionalen Bewegungen und Animationen zu Ihrem Bremslicht  Rotes Fahrlicht, rote Blinker (anpassbar auf gelb) und rotes Fahrlicht.  Mit der laufenden Entwicklung der LIghtstiike Produktlinie k\u00f6nnen sich Optionen und Animationen mit App-Updates \u00e4ndern.\" \/>\n<meta property=\"og:url\" content=\"https:\/\/goldwing.nl\/de\/shop\/goldwing-gl-1800-2018-up-zubehoer\/topcase-spoiler-led-licht-chrom-gl1800-2021-modelle\/\" \/>\n<meta property=\"og:site_name\" content=\"Goldwing.nl - DE\" \/>\n<meta property=\"article:publisher\" content=\"https:\/\/www.facebook.com\/302398026438779\" \/>\n<meta property=\"article:modified_time\" content=\"2026-03-06T14:25:17+00:00\" \/>\n<meta property=\"og:image\" content=\"https:\/\/goldwing.nl\/de\/wp-content\/uploads\/sites\/3\/2022\/11\/48024d20Middel-1.jpg\" \/>\n\t<meta property=\"og:image:width\" content=\"768\" \/>\n\t<meta property=\"og:image:height\" content=\"768\" \/>\n\t<meta property=\"og:image:type\" content=\"image\/jpeg\" \/>\n<meta name=\"twitter:card\" content=\"summary_large_image\" \/>\n<script type=\"application\/ld+json\" class=\"yoast-schema-graph\">{\"@context\":\"https:\/\/schema.org\",\"@graph\":[{\"@type\":\"WebPage\",\"@id\":\"https:\/\/goldwing.nl\/de\/shop\/goldwing-gl-1800-2018-up-zubehoer\/topcase-spoiler-led-licht-chrom-gl1800-2021-modelle\/\",\"url\":\"https:\/\/goldwing.nl\/de\/shop\/goldwing-gl-1800-2018-up-zubehoer\/topcase-spoiler-led-licht-chrom-gl1800-2021-modelle\/\",\"name\":\"Topcase Spoiler LED Licht Chrom GL1800 2021up Modelle (F) - Goldwing.nl - DE\",\"isPartOf\":{\"@id\":\"https:\/\/goldwing.nl\/de\/#website\"},\"primaryImageOfPage\":{\"@id\":\"https:\/\/goldwing.nl\/de\/shop\/goldwing-gl-1800-2018-up-zubehoer\/topcase-spoiler-led-licht-chrom-gl1800-2021-modelle\/#primaryimage\"},\"image\":{\"@id\":\"https:\/\/goldwing.nl\/de\/shop\/goldwing-gl-1800-2018-up-zubehoer\/topcase-spoiler-led-licht-chrom-gl1800-2021-modelle\/#primaryimage\"},\"thumbnailUrl\":\"https:\/\/goldwing.nl\/de\/wp-content\/uploads\/sites\/3\/2022\/11\/48024d20Middel-1.jpg\",\"datePublished\":\"2022-11-17T15:43:01+00:00\",\"dateModified\":\"2026-03-06T14:25:17+00:00\",\"breadcrumb\":{\"@id\":\"https:\/\/goldwing.nl\/de\/shop\/goldwing-gl-1800-2018-up-zubehoer\/topcase-spoiler-led-licht-chrom-gl1800-2021-modelle\/#breadcrumb\"},\"inLanguage\":\"de\",\"potentialAction\":[{\"@type\":\"ReadAction\",\"target\":[\"https:\/\/goldwing.nl\/de\/shop\/goldwing-gl-1800-2018-up-zubehoer\/topcase-spoiler-led-licht-chrom-gl1800-2021-modelle\/\"]}]},{\"@type\":\"ImageObject\",\"inLanguage\":\"de\",\"@id\":\"https:\/\/goldwing.nl\/de\/shop\/goldwing-gl-1800-2018-up-zubehoer\/topcase-spoiler-led-licht-chrom-gl1800-2021-modelle\/#primaryimage\",\"url\":\"https:\/\/goldwing.nl\/de\/wp-content\/uploads\/sites\/3\/2022\/11\/48024d20Middel-1.jpg\",\"contentUrl\":\"https:\/\/goldwing.nl\/de\/wp-content\/uploads\/sites\/3\/2022\/11\/48024d20Middel-1.jpg\",\"width\":768,\"height\":768},{\"@type\":\"BreadcrumbList\",\"@id\":\"https:\/\/goldwing.nl\/de\/shop\/goldwing-gl-1800-2018-up-zubehoer\/topcase-spoiler-led-licht-chrom-gl1800-2021-modelle\/#breadcrumb\",\"itemListElement\":[{\"@type\":\"ListItem\",\"position\":1,\"name\":\"Home\",\"item\":\"https:\/\/goldwing.nl\/de\/\"},{\"@type\":\"ListItem\",\"position\":2,\"name\":\"Webshop\",\"item\":\"https:\/\/goldwing.nl\/de\/shop\/\"},{\"@type\":\"ListItem\",\"position\":3,\"name\":\"Topcase Spoiler LED Licht Chrom GL1800 2021up Modelle\"}]},{\"@type\":\"WebSite\",\"@id\":\"https:\/\/goldwing.nl\/de\/#website\",\"url\":\"https:\/\/goldwing.nl\/de\/\",\"name\":\"Goldwing.nl - DE\",\"description\":\"Biker&#039;s Best\",\"publisher\":{\"@id\":\"https:\/\/goldwing.nl\/de\/#organization\"},\"potentialAction\":[{\"@type\":\"SearchAction\",\"target\":{\"@type\":\"EntryPoint\",\"urlTemplate\":\"https:\/\/goldwing.nl\/de\/?s={search_term_string}\"},\"query-input\":{\"@type\":\"PropertyValueSpecification\",\"valueRequired\":true,\"valueName\":\"search_term_string\"}}],\"inLanguage\":\"de\"},{\"@type\":\"Organization\",\"@id\":\"https:\/\/goldwing.nl\/de\/#organization\",\"name\":\"Goldwing.nl - DE\",\"url\":\"https:\/\/goldwing.nl\/de\/\",\"logo\":{\"@type\":\"ImageObject\",\"inLanguage\":\"de\",\"@id\":\"https:\/\/goldwing.nl\/de\/#\/schema\/logo\/image\/\",\"url\":\"https:\/\/goldwing.nl\/de\/wp-content\/uploads\/sites\/3\/2022\/08\/BikersBest-logo.png\",\"contentUrl\":\"https:\/\/goldwing.nl\/de\/wp-content\/uploads\/sites\/3\/2022\/08\/BikersBest-logo.png\",\"width\":311,\"height\":152,\"caption\":\"Goldwing.nl - DE\"},\"image\":{\"@id\":\"https:\/\/goldwing.nl\/de\/#\/schema\/logo\/image\/\"},\"sameAs\":[\"https:\/\/www.facebook.com\/302398026438779\"]}]}<\/script>\n<!-- \/ Yoast SEO plugin. -->","yoast_head_json":{"title":"Topcase Spoiler LED Licht Chrom GL1800 2021up Modelle (F) - Goldwing.nl - DE","robots":{"index":"index","follow":"follow","max-snippet":"max-snippet:-1","max-image-preview":"max-image-preview:large","max-video-preview":"max-video-preview:-1"},"canonical":"https:\/\/goldwing.nl\/de\/shop\/goldwing-gl-1800-2018-up-zubehoer\/topcase-spoiler-led-licht-chrom-gl1800-2021-modelle\/","og_locale":"de_DE","og_type":"article","og_title":"Topcase Spoiler LED Licht Chrom GL1800 2021up Modelle (F) - Goldwing.nl - DE","og_description":"Topcase Spoiler LED Licht Chrom GL1800 2021 Modelle   GHOST\u2122 Lens Technology  11 Einschaltanimationen  Mehrere Abbiegemodi mit optionalem Stroboskop-Effekt  Bernsteinfarbene oder rote Blinkeroptionen  3 Bremsanimationen (Bremsstroboskop) und w\u00e4hlbare Abk\u00fchlzeiten. Bei der Bremsanimation haben Sie die M\u00f6glichkeit, zwischen 3 verschiedenen Bremsblitzmodi zu w\u00e4hlen.  5 Bremsen-Burst-Modi mit Frequenz- und Burst-Verz\u00f6gerungsoptionen.  Mit den Brake Burst Modi k\u00f6nnen Sie zwischen 5 verschiedenen Lichtshows w\u00e4hlen, die blinken, wenn Sie die Bremse bei einem Stopp halten, was zu einer erh\u00f6hten Sichtbarkeit f\u00fchrt.  Sie k\u00f6nnen auch nur die Frequenz des Blitzes einstellen.  Laufanimation: Diese Funktion erm\u00f6glicht es dem Benutzer, das Kofferraumlicht w\u00e4hrend einer Parade oder einer Show eine Lichtshow ablaufen zu lassen.  Mit der kostenlosen Lightstrike-App k\u00f6nnen Sie \u00fcber hundert verschiedene Lichtkombinationen steuern.  Wir entwickeln regelm\u00e4\u00dfig neue Funktionen, die der App kostenlos hinzugef\u00fcgt werden.  Einstellbare Helligkeit des Fahrlichts  Kostenlos herunterladbare, passwortgesch\u00fctzte Bluetooth-Telefon-App f\u00fcr iOS- und Android-Ger\u00e4te  Erh\u00f6hte Sichtbarkeit beim Anhalten durch Hinzuf\u00fcgen von optionalen Bewegungen und Animationen zu Ihrem Bremslicht  Rotes Fahrlicht, rote Blinker (anpassbar auf gelb) und rotes Fahrlicht.  Mit der laufenden Entwicklung der LIghtstiike Produktlinie k\u00f6nnen sich Optionen und Animationen mit App-Updates \u00e4ndern.","og_url":"https:\/\/goldwing.nl\/de\/shop\/goldwing-gl-1800-2018-up-zubehoer\/topcase-spoiler-led-licht-chrom-gl1800-2021-modelle\/","og_site_name":"Goldwing.nl - DE","article_publisher":"https:\/\/www.facebook.com\/302398026438779","article_modified_time":"2026-03-06T14:25:17+00:00","og_image":[{"width":768,"height":768,"url":"https:\/\/goldwing.nl\/de\/wp-content\/uploads\/sites\/3\/2022\/11\/48024d20Middel-1.jpg","type":"image\/jpeg"}],"twitter_card":"summary_large_image","schema":{"@context":"https:\/\/schema.org","@graph":[{"@type":"WebPage","@id":"https:\/\/goldwing.nl\/de\/shop\/goldwing-gl-1800-2018-up-zubehoer\/topcase-spoiler-led-licht-chrom-gl1800-2021-modelle\/","url":"https:\/\/goldwing.nl\/de\/shop\/goldwing-gl-1800-2018-up-zubehoer\/topcase-spoiler-led-licht-chrom-gl1800-2021-modelle\/","name":"Topcase Spoiler LED Licht Chrom GL1800 2021up Modelle (F) - Goldwing.nl - DE","isPartOf":{"@id":"https:\/\/goldwing.nl\/de\/#website"},"primaryImageOfPage":{"@id":"https:\/\/goldwing.nl\/de\/shop\/goldwing-gl-1800-2018-up-zubehoer\/topcase-spoiler-led-licht-chrom-gl1800-2021-modelle\/#primaryimage"},"image":{"@id":"https:\/\/goldwing.nl\/de\/shop\/goldwing-gl-1800-2018-up-zubehoer\/topcase-spoiler-led-licht-chrom-gl1800-2021-modelle\/#primaryimage"},"thumbnailUrl":"https:\/\/goldwing.nl\/de\/wp-content\/uploads\/sites\/3\/2022\/11\/48024d20Middel-1.jpg","datePublished":"2022-11-17T15:43:01+00:00","dateModified":"2026-03-06T14:25:17+00:00","breadcrumb":{"@id":"https:\/\/goldwing.nl\/de\/shop\/goldwing-gl-1800-2018-up-zubehoer\/topcase-spoiler-led-licht-chrom-gl1800-2021-modelle\/#breadcrumb"},"inLanguage":"de","potentialAction":[{"@type":"ReadAction","target":["https:\/\/goldwing.nl\/de\/shop\/goldwing-gl-1800-2018-up-zubehoer\/topcase-spoiler-led-licht-chrom-gl1800-2021-modelle\/"]}]},{"@type":"ImageObject","inLanguage":"de","@id":"https:\/\/goldwing.nl\/de\/shop\/goldwing-gl-1800-2018-up-zubehoer\/topcase-spoiler-led-licht-chrom-gl1800-2021-modelle\/#primaryimage","url":"https:\/\/goldwing.nl\/de\/wp-content\/uploads\/sites\/3\/2022\/11\/48024d20Middel-1.jpg","contentUrl":"https:\/\/goldwing.nl\/de\/wp-content\/uploads\/sites\/3\/2022\/11\/48024d20Middel-1.jpg","width":768,"height":768},{"@type":"BreadcrumbList","@id":"https:\/\/goldwing.nl\/de\/shop\/goldwing-gl-1800-2018-up-zubehoer\/topcase-spoiler-led-licht-chrom-gl1800-2021-modelle\/#breadcrumb","itemListElement":[{"@type":"ListItem","position":1,"name":"Home","item":"https:\/\/goldwing.nl\/de\/"},{"@type":"ListItem","position":2,"name":"Webshop","item":"https:\/\/goldwing.nl\/de\/shop\/"},{"@type":"ListItem","position":3,"name":"Topcase Spoiler LED Licht Chrom GL1800 2021up Modelle"}]},{"@type":"WebSite","@id":"https:\/\/goldwing.nl\/de\/#website","url":"https:\/\/goldwing.nl\/de\/","name":"Goldwing.nl - DE","description":"Biker&#039;s Best","publisher":{"@id":"https:\/\/goldwing.nl\/de\/#organization"},"potentialAction":[{"@type":"SearchAction","target":{"@type":"EntryPoint","urlTemplate":"https:\/\/goldwing.nl\/de\/?s={search_term_string}"},"query-input":{"@type":"PropertyValueSpecification","valueRequired":true,"valueName":"search_term_string"}}],"inLanguage":"de"},{"@type":"Organization","@id":"https:\/\/goldwing.nl\/de\/#organization","name":"Goldwing.nl - DE","url":"https:\/\/goldwing.nl\/de\/","logo":{"@type":"ImageObject","inLanguage":"de","@id":"https:\/\/goldwing.nl\/de\/#\/schema\/logo\/image\/","url":"https:\/\/goldwing.nl\/de\/wp-content\/uploads\/sites\/3\/2022\/08\/BikersBest-logo.png","contentUrl":"https:\/\/goldwing.nl\/de\/wp-content\/uploads\/sites\/3\/2022\/08\/BikersBest-logo.png","width":311,"height":152,"caption":"Goldwing.nl - DE"},"image":{"@id":"https:\/\/goldwing.nl\/de\/#\/schema\/logo\/image\/"},"sameAs":["https:\/\/www.facebook.com\/302398026438779"]}]}},"_links":{"self":[{"href":"https:\/\/goldwing.nl\/de\/wp-json\/wp\/v2\/product\/23584"}],"collection":[{"href":"https:\/\/goldwing.nl\/de\/wp-json\/wp\/v2\/product"}],"about":[{"href":"https:\/\/goldwing.nl\/de\/wp-json\/wp\/v2\/types\/product"}],"wp:featuredmedia":[{"embeddable":true,"href":"https:\/\/goldwing.nl\/de\/wp-json\/wp\/v2\/media\/23585"}],"wp:attachment":[{"href":"https:\/\/goldwing.nl\/de\/wp-json\/wp\/v2\/media?parent=23584"}],"wp:term":[{"taxonomy":"product_cat","embeddable":true,"href":"https:\/\/goldwing.nl\/de\/wp-json\/wp\/v2\/product_cat?post=23584"},{"taxonomy":"product_tag","embeddable":true,"href":"https:\/\/goldwing.nl\/de\/wp-json\/wp\/v2\/product_tag?post=23584"}],"curies":[{"name":"wp","href":"https:\/\/api.w.org\/{rel}","templated":true}]}}