{"id":23303,"date":"2022-11-17T15:34:38","date_gmt":"2022-11-17T15:34:38","guid":{"rendered":"https:\/\/goldwing.nl\/de\/?post_type=product&#038;p=23303"},"modified":"2026-01-21T13:36:37","modified_gmt":"2026-01-21T13:36:37","slug":"windwingset-deluxe-alle-gl1800-ab-2018-modelle-p-23500507","status":"publish","type":"product","link":"https:\/\/goldwing.nl\/de\/shop\/goldwing-gl-1800-2018-up-zubehoer\/windwingset-deluxe-alle-gl1800-ab-2018-modelle-p-23500507\/","title":{"rendered":"Windwingset deluxe alle GL1800 ab 2018 Modelle (I) (P 23500507)"},"content":{"rendered":"","protected":false},"excerpt":{"rendered":"<p>Windwingset deluxe alle GL1800 ab 2018<\/p>\n<ul>\n<li>Schlie\u00dfen Sie die Bel\u00fcftungs\u00f6ffnungen, um den Luftstrom um die Verkleidung und den Fahrer herum zu lenken, damit es weniger Turbulenzen im Cockpit gibt, oder um kalte Luft abzuhalten, oder \u00f6ffnen Sie die Bel\u00fcftungs\u00f6ffnungen f\u00fcr eine erfrischende Brise an hei\u00dfen Tagen.<\/li>\n<li>Kann auf mehrere sichere Positionen eingestellt werden, so dass Sie den Luftstrom genau dorthin lenken k\u00f6nnen, wo Sie ihn haben wollen, w\u00e4hrend er sich nahtlos in die Frontverkleidung der Gold Wing einf\u00fcgt<\/li>\n<li>Federbelasteter Mechanismus f\u00fcr sichere Verstellbarkeit<\/li>\n<li>Langlebige Konstruktion aus ABS und bruchsicherem Polycarbonat<\/li>\n<li>Dunkle Raucht\u00f6nung f\u00fcr mehr Stil<\/li>\n<\/ul>\n","protected":false},"featured_media":23304,"template":"","meta":{"_acf_changed":false},"product_cat":[400,544],"product_tag":[],"class_list":["post-23303","product","type-product","status-publish","has-post-thumbnail","hentry","product_cat-goldwing-gl-1800-2018-up-zubehoer","product_cat-gl-1800-bagger-2018-up","product_shipping_class-pakket-artikel","","woocommerce-text-align-center","woocommerce-image-align-center","do-quantity-buttons"],"acf":[],"yoast_head":"<!-- This site is optimized with the Yoast SEO plugin v25.6 - https:\/\/yoast.com\/wordpress\/plugins\/seo\/ -->\n<title>Windwingset deluxe alle GL1800 ab 2018 Modelle (I) (P 23500507) - Goldwing.nl - DE<\/title>\n<meta name=\"robots\" content=\"index, follow, max-snippet:-1, max-image-preview:large, max-video-preview:-1\" \/>\n<link rel=\"canonical\" href=\"https:\/\/goldwing.nl\/de\/shop\/goldwing-gl-1800-2018-up-zubehoer\/windwingset-deluxe-alle-gl1800-ab-2018-modelle-p-23500507\/\" \/>\n<meta property=\"og:locale\" content=\"de_DE\" \/>\n<meta property=\"og:type\" content=\"article\" \/>\n<meta property=\"og:title\" content=\"Windwingset deluxe alle GL1800 ab 2018 Modelle (I) (P 23500507) - Goldwing.nl - DE\" \/>\n<meta property=\"og:description\" content=\"Windwingset deluxe alle GL1800 ab 2018   Schlie\u00dfen Sie die Bel\u00fcftungs\u00f6ffnungen, um den Luftstrom um die Verkleidung und den Fahrer herum zu lenken, damit es weniger Turbulenzen im Cockpit gibt, oder um kalte Luft abzuhalten, oder \u00f6ffnen Sie die Bel\u00fcftungs\u00f6ffnungen f\u00fcr eine erfrischende Brise an hei\u00dfen Tagen.  Kann auf mehrere sichere Positionen eingestellt werden, so dass Sie den Luftstrom genau dorthin lenken k\u00f6nnen, wo Sie ihn haben wollen, w\u00e4hrend er sich nahtlos in die Frontverkleidung der Gold Wing einf\u00fcgt  Federbelasteter Mechanismus f\u00fcr sichere Verstellbarkeit  Langlebige Konstruktion aus ABS und bruchsicherem Polycarbonat  Dunkle Raucht\u00f6nung f\u00fcr mehr Stil\" \/>\n<meta property=\"og:url\" content=\"https:\/\/goldwing.nl\/de\/shop\/goldwing-gl-1800-2018-up-zubehoer\/windwingset-deluxe-alle-gl1800-ab-2018-modelle-p-23500507\/\" \/>\n<meta property=\"og:site_name\" content=\"Goldwing.nl - DE\" \/>\n<meta property=\"article:publisher\" content=\"https:\/\/www.facebook.com\/302398026438779\" \/>\n<meta property=\"article:modified_time\" content=\"2026-01-21T13:36:37+00:00\" \/>\n<meta property=\"og:image\" content=\"https:\/\/goldwing.nl\/de\/wp-content\/uploads\/sites\/3\/2022\/11\/23500507d20Middel-1.jpg\" \/>\n\t<meta property=\"og:image:width\" content=\"768\" \/>\n\t<meta property=\"og:image:height\" content=\"768\" \/>\n\t<meta property=\"og:image:type\" content=\"image\/jpeg\" \/>\n<meta name=\"twitter:card\" content=\"summary_large_image\" \/>\n<script type=\"application\/ld+json\" class=\"yoast-schema-graph\">{\"@context\":\"https:\/\/schema.org\",\"@graph\":[{\"@type\":\"WebPage\",\"@id\":\"https:\/\/goldwing.nl\/de\/shop\/goldwing-gl-1800-2018-up-zubehoer\/windwingset-deluxe-alle-gl1800-ab-2018-modelle-p-23500507\/\",\"url\":\"https:\/\/goldwing.nl\/de\/shop\/goldwing-gl-1800-2018-up-zubehoer\/windwingset-deluxe-alle-gl1800-ab-2018-modelle-p-23500507\/\",\"name\":\"Windwingset deluxe alle GL1800 ab 2018 Modelle (I) (P 23500507) - Goldwing.nl - DE\",\"isPartOf\":{\"@id\":\"https:\/\/goldwing.nl\/de\/#website\"},\"primaryImageOfPage\":{\"@id\":\"https:\/\/goldwing.nl\/de\/shop\/goldwing-gl-1800-2018-up-zubehoer\/windwingset-deluxe-alle-gl1800-ab-2018-modelle-p-23500507\/#primaryimage\"},\"image\":{\"@id\":\"https:\/\/goldwing.nl\/de\/shop\/goldwing-gl-1800-2018-up-zubehoer\/windwingset-deluxe-alle-gl1800-ab-2018-modelle-p-23500507\/#primaryimage\"},\"thumbnailUrl\":\"https:\/\/goldwing.nl\/de\/wp-content\/uploads\/sites\/3\/2022\/11\/23500507d20Middel-1.jpg\",\"datePublished\":\"2022-11-17T15:34:38+00:00\",\"dateModified\":\"2026-01-21T13:36:37+00:00\",\"breadcrumb\":{\"@id\":\"https:\/\/goldwing.nl\/de\/shop\/goldwing-gl-1800-2018-up-zubehoer\/windwingset-deluxe-alle-gl1800-ab-2018-modelle-p-23500507\/#breadcrumb\"},\"inLanguage\":\"de\",\"potentialAction\":[{\"@type\":\"ReadAction\",\"target\":[\"https:\/\/goldwing.nl\/de\/shop\/goldwing-gl-1800-2018-up-zubehoer\/windwingset-deluxe-alle-gl1800-ab-2018-modelle-p-23500507\/\"]}]},{\"@type\":\"ImageObject\",\"inLanguage\":\"de\",\"@id\":\"https:\/\/goldwing.nl\/de\/shop\/goldwing-gl-1800-2018-up-zubehoer\/windwingset-deluxe-alle-gl1800-ab-2018-modelle-p-23500507\/#primaryimage\",\"url\":\"https:\/\/goldwing.nl\/de\/wp-content\/uploads\/sites\/3\/2022\/11\/23500507d20Middel-1.jpg\",\"contentUrl\":\"https:\/\/goldwing.nl\/de\/wp-content\/uploads\/sites\/3\/2022\/11\/23500507d20Middel-1.jpg\",\"width\":768,\"height\":768},{\"@type\":\"BreadcrumbList\",\"@id\":\"https:\/\/goldwing.nl\/de\/shop\/goldwing-gl-1800-2018-up-zubehoer\/windwingset-deluxe-alle-gl1800-ab-2018-modelle-p-23500507\/#breadcrumb\",\"itemListElement\":[{\"@type\":\"ListItem\",\"position\":1,\"name\":\"Home\",\"item\":\"https:\/\/goldwing.nl\/de\/\"},{\"@type\":\"ListItem\",\"position\":2,\"name\":\"Webshop\",\"item\":\"https:\/\/goldwing.nl\/de\/shop\/\"},{\"@type\":\"ListItem\",\"position\":3,\"name\":\"Windwingset deluxe alle GL1800 ab 2018 Modelle ( P 23500507 )\"}]},{\"@type\":\"WebSite\",\"@id\":\"https:\/\/goldwing.nl\/de\/#website\",\"url\":\"https:\/\/goldwing.nl\/de\/\",\"name\":\"Goldwing.nl - DE\",\"description\":\"Biker&#039;s Best\",\"publisher\":{\"@id\":\"https:\/\/goldwing.nl\/de\/#organization\"},\"potentialAction\":[{\"@type\":\"SearchAction\",\"target\":{\"@type\":\"EntryPoint\",\"urlTemplate\":\"https:\/\/goldwing.nl\/de\/?s={search_term_string}\"},\"query-input\":{\"@type\":\"PropertyValueSpecification\",\"valueRequired\":true,\"valueName\":\"search_term_string\"}}],\"inLanguage\":\"de\"},{\"@type\":\"Organization\",\"@id\":\"https:\/\/goldwing.nl\/de\/#organization\",\"name\":\"Goldwing.nl - DE\",\"url\":\"https:\/\/goldwing.nl\/de\/\",\"logo\":{\"@type\":\"ImageObject\",\"inLanguage\":\"de\",\"@id\":\"https:\/\/goldwing.nl\/de\/#\/schema\/logo\/image\/\",\"url\":\"https:\/\/goldwing.nl\/de\/wp-content\/uploads\/sites\/3\/2022\/08\/BikersBest-logo.png\",\"contentUrl\":\"https:\/\/goldwing.nl\/de\/wp-content\/uploads\/sites\/3\/2022\/08\/BikersBest-logo.png\",\"width\":311,\"height\":152,\"caption\":\"Goldwing.nl - DE\"},\"image\":{\"@id\":\"https:\/\/goldwing.nl\/de\/#\/schema\/logo\/image\/\"},\"sameAs\":[\"https:\/\/www.facebook.com\/302398026438779\"]}]}<\/script>\n<!-- \/ Yoast SEO plugin. -->","yoast_head_json":{"title":"Windwingset deluxe alle GL1800 ab 2018 Modelle (I) (P 23500507) - Goldwing.nl - DE","robots":{"index":"index","follow":"follow","max-snippet":"max-snippet:-1","max-image-preview":"max-image-preview:large","max-video-preview":"max-video-preview:-1"},"canonical":"https:\/\/goldwing.nl\/de\/shop\/goldwing-gl-1800-2018-up-zubehoer\/windwingset-deluxe-alle-gl1800-ab-2018-modelle-p-23500507\/","og_locale":"de_DE","og_type":"article","og_title":"Windwingset deluxe alle GL1800 ab 2018 Modelle (I) (P 23500507) - Goldwing.nl - DE","og_description":"Windwingset deluxe alle GL1800 ab 2018   Schlie\u00dfen Sie die Bel\u00fcftungs\u00f6ffnungen, um den Luftstrom um die Verkleidung und den Fahrer herum zu lenken, damit es weniger Turbulenzen im Cockpit gibt, oder um kalte Luft abzuhalten, oder \u00f6ffnen Sie die Bel\u00fcftungs\u00f6ffnungen f\u00fcr eine erfrischende Brise an hei\u00dfen Tagen.  Kann auf mehrere sichere Positionen eingestellt werden, so dass Sie den Luftstrom genau dorthin lenken k\u00f6nnen, wo Sie ihn haben wollen, w\u00e4hrend er sich nahtlos in die Frontverkleidung der Gold Wing einf\u00fcgt  Federbelasteter Mechanismus f\u00fcr sichere Verstellbarkeit  Langlebige Konstruktion aus ABS und bruchsicherem Polycarbonat  Dunkle Raucht\u00f6nung f\u00fcr mehr Stil","og_url":"https:\/\/goldwing.nl\/de\/shop\/goldwing-gl-1800-2018-up-zubehoer\/windwingset-deluxe-alle-gl1800-ab-2018-modelle-p-23500507\/","og_site_name":"Goldwing.nl - DE","article_publisher":"https:\/\/www.facebook.com\/302398026438779","article_modified_time":"2026-01-21T13:36:37+00:00","og_image":[{"width":768,"height":768,"url":"https:\/\/goldwing.nl\/de\/wp-content\/uploads\/sites\/3\/2022\/11\/23500507d20Middel-1.jpg","type":"image\/jpeg"}],"twitter_card":"summary_large_image","schema":{"@context":"https:\/\/schema.org","@graph":[{"@type":"WebPage","@id":"https:\/\/goldwing.nl\/de\/shop\/goldwing-gl-1800-2018-up-zubehoer\/windwingset-deluxe-alle-gl1800-ab-2018-modelle-p-23500507\/","url":"https:\/\/goldwing.nl\/de\/shop\/goldwing-gl-1800-2018-up-zubehoer\/windwingset-deluxe-alle-gl1800-ab-2018-modelle-p-23500507\/","name":"Windwingset deluxe alle GL1800 ab 2018 Modelle (I) (P 23500507) - Goldwing.nl - DE","isPartOf":{"@id":"https:\/\/goldwing.nl\/de\/#website"},"primaryImageOfPage":{"@id":"https:\/\/goldwing.nl\/de\/shop\/goldwing-gl-1800-2018-up-zubehoer\/windwingset-deluxe-alle-gl1800-ab-2018-modelle-p-23500507\/#primaryimage"},"image":{"@id":"https:\/\/goldwing.nl\/de\/shop\/goldwing-gl-1800-2018-up-zubehoer\/windwingset-deluxe-alle-gl1800-ab-2018-modelle-p-23500507\/#primaryimage"},"thumbnailUrl":"https:\/\/goldwing.nl\/de\/wp-content\/uploads\/sites\/3\/2022\/11\/23500507d20Middel-1.jpg","datePublished":"2022-11-17T15:34:38+00:00","dateModified":"2026-01-21T13:36:37+00:00","breadcrumb":{"@id":"https:\/\/goldwing.nl\/de\/shop\/goldwing-gl-1800-2018-up-zubehoer\/windwingset-deluxe-alle-gl1800-ab-2018-modelle-p-23500507\/#breadcrumb"},"inLanguage":"de","potentialAction":[{"@type":"ReadAction","target":["https:\/\/goldwing.nl\/de\/shop\/goldwing-gl-1800-2018-up-zubehoer\/windwingset-deluxe-alle-gl1800-ab-2018-modelle-p-23500507\/"]}]},{"@type":"ImageObject","inLanguage":"de","@id":"https:\/\/goldwing.nl\/de\/shop\/goldwing-gl-1800-2018-up-zubehoer\/windwingset-deluxe-alle-gl1800-ab-2018-modelle-p-23500507\/#primaryimage","url":"https:\/\/goldwing.nl\/de\/wp-content\/uploads\/sites\/3\/2022\/11\/23500507d20Middel-1.jpg","contentUrl":"https:\/\/goldwing.nl\/de\/wp-content\/uploads\/sites\/3\/2022\/11\/23500507d20Middel-1.jpg","width":768,"height":768},{"@type":"BreadcrumbList","@id":"https:\/\/goldwing.nl\/de\/shop\/goldwing-gl-1800-2018-up-zubehoer\/windwingset-deluxe-alle-gl1800-ab-2018-modelle-p-23500507\/#breadcrumb","itemListElement":[{"@type":"ListItem","position":1,"name":"Home","item":"https:\/\/goldwing.nl\/de\/"},{"@type":"ListItem","position":2,"name":"Webshop","item":"https:\/\/goldwing.nl\/de\/shop\/"},{"@type":"ListItem","position":3,"name":"Windwingset deluxe alle GL1800 ab 2018 Modelle ( P 23500507 )"}]},{"@type":"WebSite","@id":"https:\/\/goldwing.nl\/de\/#website","url":"https:\/\/goldwing.nl\/de\/","name":"Goldwing.nl - DE","description":"Biker&#039;s Best","publisher":{"@id":"https:\/\/goldwing.nl\/de\/#organization"},"potentialAction":[{"@type":"SearchAction","target":{"@type":"EntryPoint","urlTemplate":"https:\/\/goldwing.nl\/de\/?s={search_term_string}"},"query-input":{"@type":"PropertyValueSpecification","valueRequired":true,"valueName":"search_term_string"}}],"inLanguage":"de"},{"@type":"Organization","@id":"https:\/\/goldwing.nl\/de\/#organization","name":"Goldwing.nl - DE","url":"https:\/\/goldwing.nl\/de\/","logo":{"@type":"ImageObject","inLanguage":"de","@id":"https:\/\/goldwing.nl\/de\/#\/schema\/logo\/image\/","url":"https:\/\/goldwing.nl\/de\/wp-content\/uploads\/sites\/3\/2022\/08\/BikersBest-logo.png","contentUrl":"https:\/\/goldwing.nl\/de\/wp-content\/uploads\/sites\/3\/2022\/08\/BikersBest-logo.png","width":311,"height":152,"caption":"Goldwing.nl - DE"},"image":{"@id":"https:\/\/goldwing.nl\/de\/#\/schema\/logo\/image\/"},"sameAs":["https:\/\/www.facebook.com\/302398026438779"]}]}},"_links":{"self":[{"href":"https:\/\/goldwing.nl\/de\/wp-json\/wp\/v2\/product\/23303"}],"collection":[{"href":"https:\/\/goldwing.nl\/de\/wp-json\/wp\/v2\/product"}],"about":[{"href":"https:\/\/goldwing.nl\/de\/wp-json\/wp\/v2\/types\/product"}],"wp:featuredmedia":[{"embeddable":true,"href":"https:\/\/goldwing.nl\/de\/wp-json\/wp\/v2\/media\/23304"}],"wp:attachment":[{"href":"https:\/\/goldwing.nl\/de\/wp-json\/wp\/v2\/media?parent=23303"}],"wp:term":[{"taxonomy":"product_cat","embeddable":true,"href":"https:\/\/goldwing.nl\/de\/wp-json\/wp\/v2\/product_cat?post=23303"},{"taxonomy":"product_tag","embeddable":true,"href":"https:\/\/goldwing.nl\/de\/wp-json\/wp\/v2\/product_tag?post=23303"}],"curies":[{"name":"wp","href":"https:\/\/api.w.org\/{rel}","templated":true}]}}