{"id":23130,"date":"2022-11-17T15:29:36","date_gmt":"2022-11-17T15:29:36","guid":{"rendered":"https:\/\/goldwing.nl\/de\/?post_type=product&#038;p=23130"},"modified":"2025-10-04T07:52:56","modified_gmt":"2025-10-04T07:52:56","slug":"versetzungssatz-zum-anbringen-des-topcase-am-heck-gl1800-2018up-modelle","status":"publish","type":"product","link":"https:\/\/goldwing.nl\/de\/shop\/goldwing-gl-1800-2018-up-zubehoer\/versetzungssatz-zum-anbringen-des-topcase-am-heck-gl1800-2018up-modelle\/","title":{"rendered":"Versetzungssatz zum Anbringen des Topcase am Heck GL1800 2018up Modelle (10cm) (I)"},"content":{"rendered":"","protected":false},"excerpt":{"rendered":"<p>Versetzungssatz zum Anbringen des Topcase am Heck GL1800 2018up Modelle<\/p>\n<ul>\n<li>Das Kuryakyn Trunk Relocator Kit f\u00fcr die Honda GL1800 Gold Wing schafft Platz f\u00fcr Fahrer und Beifahrer.<\/li>\n<li>Bewegen Sie den Kofferraum 4&#8243; zur\u00fcck und 1&#8243; nach oben f\u00fcr verbesserte Ergonomie und Komfort.<\/li>\n<li>Einfache Installation mit mitgelieferter Hardware<\/li>\n<li>Inklusive OEM-Stil Vinyl-F\u00fcllung Pad deckt die L\u00fccke und freiliegende Verkabelung f\u00fcr einen sauberen Look<\/li>\n<li>Bewegt den Kofferraum zur\u00fcck 4 &#8222;vom Fahrer und bis 1&#8220;<\/li>\n<\/ul>\n","protected":false},"featured_media":23131,"template":"","meta":{"_acf_changed":false},"product_cat":[400],"product_tag":[],"class_list":["post-23130","product","type-product","status-publish","has-post-thumbnail","hentry","product_cat-goldwing-gl-1800-2018-up-zubehoer","product_shipping_class-pakket-artikel","","woocommerce-text-align-center","woocommerce-image-align-center","do-quantity-buttons"],"acf":[],"yoast_head":"<!-- This site is optimized with the Yoast SEO plugin v25.6 - https:\/\/yoast.com\/wordpress\/plugins\/seo\/ -->\n<title>Versetzungssatz zum Anbringen des Topcase am Heck GL1800 2018up Modelle (10cm) (I) - Goldwing.nl - DE<\/title>\n<meta name=\"robots\" content=\"index, follow, max-snippet:-1, max-image-preview:large, max-video-preview:-1\" \/>\n<link rel=\"canonical\" href=\"https:\/\/goldwing.nl\/de\/shop\/goldwing-gl-1800-2018-up-zubehoer\/versetzungssatz-zum-anbringen-des-topcase-am-heck-gl1800-2018up-modelle\/\" \/>\n<meta property=\"og:locale\" content=\"de_DE\" \/>\n<meta property=\"og:type\" content=\"article\" \/>\n<meta property=\"og:title\" content=\"Versetzungssatz zum Anbringen des Topcase am Heck GL1800 2018up Modelle (10cm) (I) - Goldwing.nl - DE\" \/>\n<meta property=\"og:description\" content=\"Versetzungssatz zum Anbringen des Topcase am Heck GL1800 2018up Modelle   Das Kuryakyn Trunk Relocator Kit f\u00fcr die Honda GL1800 Gold Wing schafft Platz f\u00fcr Fahrer und Beifahrer.  Bewegen Sie den Kofferraum 4&quot; zur\u00fcck und 1&quot; nach oben f\u00fcr verbesserte Ergonomie und Komfort.  Einfache Installation mit mitgelieferter Hardware  Inklusive OEM-Stil Vinyl-F\u00fcllung Pad deckt die L\u00fccke und freiliegende Verkabelung f\u00fcr einen sauberen Look  Bewegt den Kofferraum zur\u00fcck 4 &quot;vom Fahrer und bis 1&quot;\" \/>\n<meta property=\"og:url\" content=\"https:\/\/goldwing.nl\/de\/shop\/goldwing-gl-1800-2018-up-zubehoer\/versetzungssatz-zum-anbringen-des-topcase-am-heck-gl1800-2018up-modelle\/\" \/>\n<meta property=\"og:site_name\" content=\"Goldwing.nl - DE\" \/>\n<meta property=\"article:publisher\" content=\"https:\/\/www.facebook.com\/302398026438779\" \/>\n<meta property=\"article:modified_time\" content=\"2025-10-04T07:52:56+00:00\" \/>\n<meta property=\"og:image\" content=\"https:\/\/goldwing.nl\/de\/wp-content\/uploads\/sites\/3\/2022\/11\/3522001a-1.jpg\" \/>\n\t<meta property=\"og:image:width\" content=\"1200\" \/>\n\t<meta property=\"og:image:height\" content=\"1200\" \/>\n\t<meta property=\"og:image:type\" content=\"image\/jpeg\" \/>\n<meta name=\"twitter:card\" content=\"summary_large_image\" \/>\n<script type=\"application\/ld+json\" class=\"yoast-schema-graph\">{\"@context\":\"https:\/\/schema.org\",\"@graph\":[{\"@type\":\"WebPage\",\"@id\":\"https:\/\/goldwing.nl\/de\/shop\/goldwing-gl-1800-2018-up-zubehoer\/versetzungssatz-zum-anbringen-des-topcase-am-heck-gl1800-2018up-modelle\/\",\"url\":\"https:\/\/goldwing.nl\/de\/shop\/goldwing-gl-1800-2018-up-zubehoer\/versetzungssatz-zum-anbringen-des-topcase-am-heck-gl1800-2018up-modelle\/\",\"name\":\"Versetzungssatz zum Anbringen des Topcase am Heck GL1800 2018up Modelle (10cm) (I) - Goldwing.nl - DE\",\"isPartOf\":{\"@id\":\"https:\/\/goldwing.nl\/de\/#website\"},\"primaryImageOfPage\":{\"@id\":\"https:\/\/goldwing.nl\/de\/shop\/goldwing-gl-1800-2018-up-zubehoer\/versetzungssatz-zum-anbringen-des-topcase-am-heck-gl1800-2018up-modelle\/#primaryimage\"},\"image\":{\"@id\":\"https:\/\/goldwing.nl\/de\/shop\/goldwing-gl-1800-2018-up-zubehoer\/versetzungssatz-zum-anbringen-des-topcase-am-heck-gl1800-2018up-modelle\/#primaryimage\"},\"thumbnailUrl\":\"https:\/\/goldwing.nl\/de\/wp-content\/uploads\/sites\/3\/2022\/11\/3522001a-1.jpg\",\"datePublished\":\"2022-11-17T15:29:36+00:00\",\"dateModified\":\"2025-10-04T07:52:56+00:00\",\"breadcrumb\":{\"@id\":\"https:\/\/goldwing.nl\/de\/shop\/goldwing-gl-1800-2018-up-zubehoer\/versetzungssatz-zum-anbringen-des-topcase-am-heck-gl1800-2018up-modelle\/#breadcrumb\"},\"inLanguage\":\"de\",\"potentialAction\":[{\"@type\":\"ReadAction\",\"target\":[\"https:\/\/goldwing.nl\/de\/shop\/goldwing-gl-1800-2018-up-zubehoer\/versetzungssatz-zum-anbringen-des-topcase-am-heck-gl1800-2018up-modelle\/\"]}]},{\"@type\":\"ImageObject\",\"inLanguage\":\"de\",\"@id\":\"https:\/\/goldwing.nl\/de\/shop\/goldwing-gl-1800-2018-up-zubehoer\/versetzungssatz-zum-anbringen-des-topcase-am-heck-gl1800-2018up-modelle\/#primaryimage\",\"url\":\"https:\/\/goldwing.nl\/de\/wp-content\/uploads\/sites\/3\/2022\/11\/3522001a-1.jpg\",\"contentUrl\":\"https:\/\/goldwing.nl\/de\/wp-content\/uploads\/sites\/3\/2022\/11\/3522001a-1.jpg\",\"width\":1200,\"height\":1200},{\"@type\":\"BreadcrumbList\",\"@id\":\"https:\/\/goldwing.nl\/de\/shop\/goldwing-gl-1800-2018-up-zubehoer\/versetzungssatz-zum-anbringen-des-topcase-am-heck-gl1800-2018up-modelle\/#breadcrumb\",\"itemListElement\":[{\"@type\":\"ListItem\",\"position\":1,\"name\":\"Home\",\"item\":\"https:\/\/goldwing.nl\/de\/\"},{\"@type\":\"ListItem\",\"position\":2,\"name\":\"Webshop\",\"item\":\"https:\/\/goldwing.nl\/de\/shop\/\"},{\"@type\":\"ListItem\",\"position\":3,\"name\":\"Versetzungssatz zum Anbringen des Topcase am Heck GL1800 2018up Modelle (10cm)\"}]},{\"@type\":\"WebSite\",\"@id\":\"https:\/\/goldwing.nl\/de\/#website\",\"url\":\"https:\/\/goldwing.nl\/de\/\",\"name\":\"Goldwing.nl - DE\",\"description\":\"Biker&#039;s Best\",\"publisher\":{\"@id\":\"https:\/\/goldwing.nl\/de\/#organization\"},\"potentialAction\":[{\"@type\":\"SearchAction\",\"target\":{\"@type\":\"EntryPoint\",\"urlTemplate\":\"https:\/\/goldwing.nl\/de\/?s={search_term_string}\"},\"query-input\":{\"@type\":\"PropertyValueSpecification\",\"valueRequired\":true,\"valueName\":\"search_term_string\"}}],\"inLanguage\":\"de\"},{\"@type\":\"Organization\",\"@id\":\"https:\/\/goldwing.nl\/de\/#organization\",\"name\":\"Goldwing.nl - DE\",\"url\":\"https:\/\/goldwing.nl\/de\/\",\"logo\":{\"@type\":\"ImageObject\",\"inLanguage\":\"de\",\"@id\":\"https:\/\/goldwing.nl\/de\/#\/schema\/logo\/image\/\",\"url\":\"https:\/\/goldwing.nl\/de\/wp-content\/uploads\/sites\/3\/2022\/08\/BikersBest-logo.png\",\"contentUrl\":\"https:\/\/goldwing.nl\/de\/wp-content\/uploads\/sites\/3\/2022\/08\/BikersBest-logo.png\",\"width\":311,\"height\":152,\"caption\":\"Goldwing.nl - DE\"},\"image\":{\"@id\":\"https:\/\/goldwing.nl\/de\/#\/schema\/logo\/image\/\"},\"sameAs\":[\"https:\/\/www.facebook.com\/302398026438779\"]}]}<\/script>\n<!-- \/ Yoast SEO plugin. -->","yoast_head_json":{"title":"Versetzungssatz zum Anbringen des Topcase am Heck GL1800 2018up Modelle (10cm) (I) - Goldwing.nl - DE","robots":{"index":"index","follow":"follow","max-snippet":"max-snippet:-1","max-image-preview":"max-image-preview:large","max-video-preview":"max-video-preview:-1"},"canonical":"https:\/\/goldwing.nl\/de\/shop\/goldwing-gl-1800-2018-up-zubehoer\/versetzungssatz-zum-anbringen-des-topcase-am-heck-gl1800-2018up-modelle\/","og_locale":"de_DE","og_type":"article","og_title":"Versetzungssatz zum Anbringen des Topcase am Heck GL1800 2018up Modelle (10cm) (I) - Goldwing.nl - DE","og_description":"Versetzungssatz zum Anbringen des Topcase am Heck GL1800 2018up Modelle   Das Kuryakyn Trunk Relocator Kit f\u00fcr die Honda GL1800 Gold Wing schafft Platz f\u00fcr Fahrer und Beifahrer.  Bewegen Sie den Kofferraum 4\" zur\u00fcck und 1\" nach oben f\u00fcr verbesserte Ergonomie und Komfort.  Einfache Installation mit mitgelieferter Hardware  Inklusive OEM-Stil Vinyl-F\u00fcllung Pad deckt die L\u00fccke und freiliegende Verkabelung f\u00fcr einen sauberen Look  Bewegt den Kofferraum zur\u00fcck 4 \"vom Fahrer und bis 1\"","og_url":"https:\/\/goldwing.nl\/de\/shop\/goldwing-gl-1800-2018-up-zubehoer\/versetzungssatz-zum-anbringen-des-topcase-am-heck-gl1800-2018up-modelle\/","og_site_name":"Goldwing.nl - DE","article_publisher":"https:\/\/www.facebook.com\/302398026438779","article_modified_time":"2025-10-04T07:52:56+00:00","og_image":[{"width":1200,"height":1200,"url":"https:\/\/goldwing.nl\/de\/wp-content\/uploads\/sites\/3\/2022\/11\/3522001a-1.jpg","type":"image\/jpeg"}],"twitter_card":"summary_large_image","schema":{"@context":"https:\/\/schema.org","@graph":[{"@type":"WebPage","@id":"https:\/\/goldwing.nl\/de\/shop\/goldwing-gl-1800-2018-up-zubehoer\/versetzungssatz-zum-anbringen-des-topcase-am-heck-gl1800-2018up-modelle\/","url":"https:\/\/goldwing.nl\/de\/shop\/goldwing-gl-1800-2018-up-zubehoer\/versetzungssatz-zum-anbringen-des-topcase-am-heck-gl1800-2018up-modelle\/","name":"Versetzungssatz zum Anbringen des Topcase am Heck GL1800 2018up Modelle (10cm) (I) - Goldwing.nl - DE","isPartOf":{"@id":"https:\/\/goldwing.nl\/de\/#website"},"primaryImageOfPage":{"@id":"https:\/\/goldwing.nl\/de\/shop\/goldwing-gl-1800-2018-up-zubehoer\/versetzungssatz-zum-anbringen-des-topcase-am-heck-gl1800-2018up-modelle\/#primaryimage"},"image":{"@id":"https:\/\/goldwing.nl\/de\/shop\/goldwing-gl-1800-2018-up-zubehoer\/versetzungssatz-zum-anbringen-des-topcase-am-heck-gl1800-2018up-modelle\/#primaryimage"},"thumbnailUrl":"https:\/\/goldwing.nl\/de\/wp-content\/uploads\/sites\/3\/2022\/11\/3522001a-1.jpg","datePublished":"2022-11-17T15:29:36+00:00","dateModified":"2025-10-04T07:52:56+00:00","breadcrumb":{"@id":"https:\/\/goldwing.nl\/de\/shop\/goldwing-gl-1800-2018-up-zubehoer\/versetzungssatz-zum-anbringen-des-topcase-am-heck-gl1800-2018up-modelle\/#breadcrumb"},"inLanguage":"de","potentialAction":[{"@type":"ReadAction","target":["https:\/\/goldwing.nl\/de\/shop\/goldwing-gl-1800-2018-up-zubehoer\/versetzungssatz-zum-anbringen-des-topcase-am-heck-gl1800-2018up-modelle\/"]}]},{"@type":"ImageObject","inLanguage":"de","@id":"https:\/\/goldwing.nl\/de\/shop\/goldwing-gl-1800-2018-up-zubehoer\/versetzungssatz-zum-anbringen-des-topcase-am-heck-gl1800-2018up-modelle\/#primaryimage","url":"https:\/\/goldwing.nl\/de\/wp-content\/uploads\/sites\/3\/2022\/11\/3522001a-1.jpg","contentUrl":"https:\/\/goldwing.nl\/de\/wp-content\/uploads\/sites\/3\/2022\/11\/3522001a-1.jpg","width":1200,"height":1200},{"@type":"BreadcrumbList","@id":"https:\/\/goldwing.nl\/de\/shop\/goldwing-gl-1800-2018-up-zubehoer\/versetzungssatz-zum-anbringen-des-topcase-am-heck-gl1800-2018up-modelle\/#breadcrumb","itemListElement":[{"@type":"ListItem","position":1,"name":"Home","item":"https:\/\/goldwing.nl\/de\/"},{"@type":"ListItem","position":2,"name":"Webshop","item":"https:\/\/goldwing.nl\/de\/shop\/"},{"@type":"ListItem","position":3,"name":"Versetzungssatz zum Anbringen des Topcase am Heck GL1800 2018up Modelle (10cm)"}]},{"@type":"WebSite","@id":"https:\/\/goldwing.nl\/de\/#website","url":"https:\/\/goldwing.nl\/de\/","name":"Goldwing.nl - DE","description":"Biker&#039;s Best","publisher":{"@id":"https:\/\/goldwing.nl\/de\/#organization"},"potentialAction":[{"@type":"SearchAction","target":{"@type":"EntryPoint","urlTemplate":"https:\/\/goldwing.nl\/de\/?s={search_term_string}"},"query-input":{"@type":"PropertyValueSpecification","valueRequired":true,"valueName":"search_term_string"}}],"inLanguage":"de"},{"@type":"Organization","@id":"https:\/\/goldwing.nl\/de\/#organization","name":"Goldwing.nl - DE","url":"https:\/\/goldwing.nl\/de\/","logo":{"@type":"ImageObject","inLanguage":"de","@id":"https:\/\/goldwing.nl\/de\/#\/schema\/logo\/image\/","url":"https:\/\/goldwing.nl\/de\/wp-content\/uploads\/sites\/3\/2022\/08\/BikersBest-logo.png","contentUrl":"https:\/\/goldwing.nl\/de\/wp-content\/uploads\/sites\/3\/2022\/08\/BikersBest-logo.png","width":311,"height":152,"caption":"Goldwing.nl - DE"},"image":{"@id":"https:\/\/goldwing.nl\/de\/#\/schema\/logo\/image\/"},"sameAs":["https:\/\/www.facebook.com\/302398026438779"]}]}},"_links":{"self":[{"href":"https:\/\/goldwing.nl\/de\/wp-json\/wp\/v2\/product\/23130"}],"collection":[{"href":"https:\/\/goldwing.nl\/de\/wp-json\/wp\/v2\/product"}],"about":[{"href":"https:\/\/goldwing.nl\/de\/wp-json\/wp\/v2\/types\/product"}],"wp:featuredmedia":[{"embeddable":true,"href":"https:\/\/goldwing.nl\/de\/wp-json\/wp\/v2\/media\/23131"}],"wp:attachment":[{"href":"https:\/\/goldwing.nl\/de\/wp-json\/wp\/v2\/media?parent=23130"}],"wp:term":[{"taxonomy":"product_cat","embeddable":true,"href":"https:\/\/goldwing.nl\/de\/wp-json\/wp\/v2\/product_cat?post=23130"},{"taxonomy":"product_tag","embeddable":true,"href":"https:\/\/goldwing.nl\/de\/wp-json\/wp\/v2\/product_tag?post=23130"}],"curies":[{"name":"wp","href":"https:\/\/api.w.org\/{rel}","templated":true}]}}