{"id":23122,"date":"2022-11-17T15:29:23","date_gmt":"2022-11-17T15:29:23","guid":{"rendered":"https:\/\/goldwing.nl\/de\/?post_type=product&#038;p=23122"},"modified":"2025-02-24T11:15:50","modified_gmt":"2025-02-24T11:15:50","slug":"becherhalter-fuer-den-beifahrer-an-der-armlehne-gl1200-1500-und-alle-gl1800-modelle-einschliesslich-der-modelle-ab-2018","status":"publish","type":"product","link":"https:\/\/goldwing.nl\/de\/shop\/gl-1800-2012-2017\/zubehoer-gl-1800-2012-2017\/becherhalter-fuer-den-beifahrer-an-der-armlehne-gl1200-1500-und-alle-gl1800-modelle-einschliesslich-der-modelle-ab-2018\/","title":{"rendered":"Becherhalter f\u00fcr den Beifahrer an der Armlehne GL1200\/1500 und alle GL1800-Modelle, einschlie\u00dflich der Modelle ab 2018"},"content":{"rendered":"","protected":false},"excerpt":{"rendered":"<p>Becherhalter f\u00fcr den Beifahrer an der Armlehne GL1200\/1500 und alle GL1800-Modelle, einschlie\u00dflich der Modelle ab 2018<\/p>\n<ul>\n<li>Sobald die Halterung an ihrem Platz ist, kann der Getr\u00e4nkehalter schnell eingerastet oder entfernt werden<\/li>\n<li>Montiert an Big Bike Parts\u00ae Beifahrer-Armlehnen-Kits<\/li>\n<li>Kein Kunststoff, hergestellt aus haltbarem Stahl<\/li>\n<li>Zus\u00e4tzliche Sicherheit ist mit einer Stellschraube verf\u00fcgbar, um sicherzustellen, dass er nicht weggeht, w\u00e4hrend Sie weg sind<\/li>\n<li>Passt zu Big Bike Parts Armlehnen, GL1200 GL1500, GL1800,<\/li>\n<\/ul>\n","protected":false},"featured_media":23123,"template":"","meta":{"_acf_changed":false},"product_cat":[356,364,385,386,400,544],"product_tag":[],"class_list":["post-23122","product","type-product","status-publish","has-post-thumbnail","hentry","product_cat-zubehoer-goldwing-gl-1200","product_cat-zubehoer-goldwing-gl-1500","product_cat-zubehoer-goldwing-gl-1800","product_cat-zubehoer-gl-1800-2012-2017","product_cat-goldwing-gl-1800-2018-up-zubehoer","product_cat-gl-1800-bagger-2018-up","product_shipping_class-pakket-artikel","","woocommerce-text-align-center","woocommerce-image-align-center","do-quantity-buttons"],"acf":[],"yoast_head":"<!-- This site is optimized with the Yoast SEO plugin v25.6 - https:\/\/yoast.com\/wordpress\/plugins\/seo\/ -->\n<title>Becherhalter f\u00fcr den Beifahrer an der Armlehne GL1200\/1500 und alle GL1800-Modelle, einschlie\u00dflich der Modelle ab 2018 - Goldwing.nl - DE<\/title>\n<meta name=\"robots\" content=\"index, follow, max-snippet:-1, max-image-preview:large, max-video-preview:-1\" \/>\n<link rel=\"canonical\" href=\"https:\/\/goldwing.nl\/de\/shop\/gl-1800-2012-2017\/zubehoer-gl-1800-2012-2017\/becherhalter-fuer-den-beifahrer-an-der-armlehne-gl1200-1500-und-alle-gl1800-modelle-einschliesslich-der-modelle-ab-2018\/\" \/>\n<meta property=\"og:locale\" content=\"de_DE\" \/>\n<meta property=\"og:type\" content=\"article\" \/>\n<meta property=\"og:title\" content=\"Becherhalter f\u00fcr den Beifahrer an der Armlehne GL1200\/1500 und alle GL1800-Modelle, einschlie\u00dflich der Modelle ab 2018 - Goldwing.nl - DE\" \/>\n<meta property=\"og:description\" content=\"Becherhalter f\u00fcr den Beifahrer an der Armlehne GL1200\/1500 und alle GL1800-Modelle, einschlie\u00dflich der Modelle ab 2018   Sobald die Halterung an ihrem Platz ist, kann der Getr\u00e4nkehalter schnell eingerastet oder entfernt werden  Montiert an Big Bike Parts\u00ae Beifahrer-Armlehnen-Kits  Kein Kunststoff, hergestellt aus haltbarem Stahl  Zus\u00e4tzliche Sicherheit ist mit einer Stellschraube verf\u00fcgbar, um sicherzustellen, dass er nicht weggeht, w\u00e4hrend Sie weg sind  Passt zu Big Bike Parts Armlehnen, GL1200 GL1500, GL1800,\" \/>\n<meta property=\"og:url\" content=\"https:\/\/goldwing.nl\/de\/shop\/gl-1800-2012-2017\/zubehoer-gl-1800-2012-2017\/becherhalter-fuer-den-beifahrer-an-der-armlehne-gl1200-1500-und-alle-gl1800-modelle-einschliesslich-der-modelle-ab-2018\/\" \/>\n<meta property=\"og:site_name\" content=\"Goldwing.nl - DE\" \/>\n<meta property=\"article:publisher\" content=\"https:\/\/www.facebook.com\/302398026438779\" \/>\n<meta property=\"article:modified_time\" content=\"2025-02-24T11:15:50+00:00\" \/>\n<meta property=\"og:image\" content=\"https:\/\/goldwing.nl\/de\/wp-content\/uploads\/sites\/3\/2022\/11\/06360180b-1.jpg\" \/>\n\t<meta property=\"og:image:width\" content=\"1200\" \/>\n\t<meta property=\"og:image:height\" content=\"1200\" \/>\n\t<meta property=\"og:image:type\" content=\"image\/jpeg\" \/>\n<meta name=\"twitter:card\" content=\"summary_large_image\" \/>\n<script type=\"application\/ld+json\" class=\"yoast-schema-graph\">{\"@context\":\"https:\/\/schema.org\",\"@graph\":[{\"@type\":\"WebPage\",\"@id\":\"https:\/\/goldwing.nl\/de\/shop\/gl-1800-2012-2017\/zubehoer-gl-1800-2012-2017\/becherhalter-fuer-den-beifahrer-an-der-armlehne-gl1200-1500-und-alle-gl1800-modelle-einschliesslich-der-modelle-ab-2018\/\",\"url\":\"https:\/\/goldwing.nl\/de\/shop\/gl-1800-2012-2017\/zubehoer-gl-1800-2012-2017\/becherhalter-fuer-den-beifahrer-an-der-armlehne-gl1200-1500-und-alle-gl1800-modelle-einschliesslich-der-modelle-ab-2018\/\",\"name\":\"Becherhalter f\u00fcr den Beifahrer an der Armlehne GL1200\/1500 und alle GL1800-Modelle, einschlie\u00dflich der Modelle ab 2018 - Goldwing.nl - DE\",\"isPartOf\":{\"@id\":\"https:\/\/goldwing.nl\/de\/#website\"},\"primaryImageOfPage\":{\"@id\":\"https:\/\/goldwing.nl\/de\/shop\/gl-1800-2012-2017\/zubehoer-gl-1800-2012-2017\/becherhalter-fuer-den-beifahrer-an-der-armlehne-gl1200-1500-und-alle-gl1800-modelle-einschliesslich-der-modelle-ab-2018\/#primaryimage\"},\"image\":{\"@id\":\"https:\/\/goldwing.nl\/de\/shop\/gl-1800-2012-2017\/zubehoer-gl-1800-2012-2017\/becherhalter-fuer-den-beifahrer-an-der-armlehne-gl1200-1500-und-alle-gl1800-modelle-einschliesslich-der-modelle-ab-2018\/#primaryimage\"},\"thumbnailUrl\":\"https:\/\/goldwing.nl\/de\/wp-content\/uploads\/sites\/3\/2022\/11\/06360180b-1.jpg\",\"datePublished\":\"2022-11-17T15:29:23+00:00\",\"dateModified\":\"2025-02-24T11:15:50+00:00\",\"breadcrumb\":{\"@id\":\"https:\/\/goldwing.nl\/de\/shop\/gl-1800-2012-2017\/zubehoer-gl-1800-2012-2017\/becherhalter-fuer-den-beifahrer-an-der-armlehne-gl1200-1500-und-alle-gl1800-modelle-einschliesslich-der-modelle-ab-2018\/#breadcrumb\"},\"inLanguage\":\"de\",\"potentialAction\":[{\"@type\":\"ReadAction\",\"target\":[\"https:\/\/goldwing.nl\/de\/shop\/gl-1800-2012-2017\/zubehoer-gl-1800-2012-2017\/becherhalter-fuer-den-beifahrer-an-der-armlehne-gl1200-1500-und-alle-gl1800-modelle-einschliesslich-der-modelle-ab-2018\/\"]}]},{\"@type\":\"ImageObject\",\"inLanguage\":\"de\",\"@id\":\"https:\/\/goldwing.nl\/de\/shop\/gl-1800-2012-2017\/zubehoer-gl-1800-2012-2017\/becherhalter-fuer-den-beifahrer-an-der-armlehne-gl1200-1500-und-alle-gl1800-modelle-einschliesslich-der-modelle-ab-2018\/#primaryimage\",\"url\":\"https:\/\/goldwing.nl\/de\/wp-content\/uploads\/sites\/3\/2022\/11\/06360180b-1.jpg\",\"contentUrl\":\"https:\/\/goldwing.nl\/de\/wp-content\/uploads\/sites\/3\/2022\/11\/06360180b-1.jpg\",\"width\":1200,\"height\":1200},{\"@type\":\"BreadcrumbList\",\"@id\":\"https:\/\/goldwing.nl\/de\/shop\/gl-1800-2012-2017\/zubehoer-gl-1800-2012-2017\/becherhalter-fuer-den-beifahrer-an-der-armlehne-gl1200-1500-und-alle-gl1800-modelle-einschliesslich-der-modelle-ab-2018\/#breadcrumb\",\"itemListElement\":[{\"@type\":\"ListItem\",\"position\":1,\"name\":\"Home\",\"item\":\"https:\/\/goldwing.nl\/de\/\"},{\"@type\":\"ListItem\",\"position\":2,\"name\":\"Webshop\",\"item\":\"https:\/\/goldwing.nl\/de\/shop\/\"},{\"@type\":\"ListItem\",\"position\":3,\"name\":\"Becherhalter f\u00fcr den Beifahrer an der Armlehne GL1200\/1500 und alle GL1800-Modelle, einschlie\u00dflich der Modelle ab 2018\"}]},{\"@type\":\"WebSite\",\"@id\":\"https:\/\/goldwing.nl\/de\/#website\",\"url\":\"https:\/\/goldwing.nl\/de\/\",\"name\":\"Goldwing.nl - DE\",\"description\":\"Biker&#039;s Best\",\"publisher\":{\"@id\":\"https:\/\/goldwing.nl\/de\/#organization\"},\"potentialAction\":[{\"@type\":\"SearchAction\",\"target\":{\"@type\":\"EntryPoint\",\"urlTemplate\":\"https:\/\/goldwing.nl\/de\/?s={search_term_string}\"},\"query-input\":{\"@type\":\"PropertyValueSpecification\",\"valueRequired\":true,\"valueName\":\"search_term_string\"}}],\"inLanguage\":\"de\"},{\"@type\":\"Organization\",\"@id\":\"https:\/\/goldwing.nl\/de\/#organization\",\"name\":\"Goldwing.nl - DE\",\"url\":\"https:\/\/goldwing.nl\/de\/\",\"logo\":{\"@type\":\"ImageObject\",\"inLanguage\":\"de\",\"@id\":\"https:\/\/goldwing.nl\/de\/#\/schema\/logo\/image\/\",\"url\":\"https:\/\/goldwing.nl\/de\/wp-content\/uploads\/sites\/3\/2022\/08\/BikersBest-logo.png\",\"contentUrl\":\"https:\/\/goldwing.nl\/de\/wp-content\/uploads\/sites\/3\/2022\/08\/BikersBest-logo.png\",\"width\":311,\"height\":152,\"caption\":\"Goldwing.nl - DE\"},\"image\":{\"@id\":\"https:\/\/goldwing.nl\/de\/#\/schema\/logo\/image\/\"},\"sameAs\":[\"https:\/\/www.facebook.com\/302398026438779\"]}]}<\/script>\n<!-- \/ Yoast SEO plugin. -->","yoast_head_json":{"title":"Becherhalter f\u00fcr den Beifahrer an der Armlehne GL1200\/1500 und alle GL1800-Modelle, einschlie\u00dflich der Modelle ab 2018 - Goldwing.nl - DE","robots":{"index":"index","follow":"follow","max-snippet":"max-snippet:-1","max-image-preview":"max-image-preview:large","max-video-preview":"max-video-preview:-1"},"canonical":"https:\/\/goldwing.nl\/de\/shop\/gl-1800-2012-2017\/zubehoer-gl-1800-2012-2017\/becherhalter-fuer-den-beifahrer-an-der-armlehne-gl1200-1500-und-alle-gl1800-modelle-einschliesslich-der-modelle-ab-2018\/","og_locale":"de_DE","og_type":"article","og_title":"Becherhalter f\u00fcr den Beifahrer an der Armlehne GL1200\/1500 und alle GL1800-Modelle, einschlie\u00dflich der Modelle ab 2018 - Goldwing.nl - DE","og_description":"Becherhalter f\u00fcr den Beifahrer an der Armlehne GL1200\/1500 und alle GL1800-Modelle, einschlie\u00dflich der Modelle ab 2018   Sobald die Halterung an ihrem Platz ist, kann der Getr\u00e4nkehalter schnell eingerastet oder entfernt werden  Montiert an Big Bike Parts\u00ae Beifahrer-Armlehnen-Kits  Kein Kunststoff, hergestellt aus haltbarem Stahl  Zus\u00e4tzliche Sicherheit ist mit einer Stellschraube verf\u00fcgbar, um sicherzustellen, dass er nicht weggeht, w\u00e4hrend Sie weg sind  Passt zu Big Bike Parts Armlehnen, GL1200 GL1500, GL1800,","og_url":"https:\/\/goldwing.nl\/de\/shop\/gl-1800-2012-2017\/zubehoer-gl-1800-2012-2017\/becherhalter-fuer-den-beifahrer-an-der-armlehne-gl1200-1500-und-alle-gl1800-modelle-einschliesslich-der-modelle-ab-2018\/","og_site_name":"Goldwing.nl - DE","article_publisher":"https:\/\/www.facebook.com\/302398026438779","article_modified_time":"2025-02-24T11:15:50+00:00","og_image":[{"width":1200,"height":1200,"url":"https:\/\/goldwing.nl\/de\/wp-content\/uploads\/sites\/3\/2022\/11\/06360180b-1.jpg","type":"image\/jpeg"}],"twitter_card":"summary_large_image","schema":{"@context":"https:\/\/schema.org","@graph":[{"@type":"WebPage","@id":"https:\/\/goldwing.nl\/de\/shop\/gl-1800-2012-2017\/zubehoer-gl-1800-2012-2017\/becherhalter-fuer-den-beifahrer-an-der-armlehne-gl1200-1500-und-alle-gl1800-modelle-einschliesslich-der-modelle-ab-2018\/","url":"https:\/\/goldwing.nl\/de\/shop\/gl-1800-2012-2017\/zubehoer-gl-1800-2012-2017\/becherhalter-fuer-den-beifahrer-an-der-armlehne-gl1200-1500-und-alle-gl1800-modelle-einschliesslich-der-modelle-ab-2018\/","name":"Becherhalter f\u00fcr den Beifahrer an der Armlehne GL1200\/1500 und alle GL1800-Modelle, einschlie\u00dflich der Modelle ab 2018 - Goldwing.nl - DE","isPartOf":{"@id":"https:\/\/goldwing.nl\/de\/#website"},"primaryImageOfPage":{"@id":"https:\/\/goldwing.nl\/de\/shop\/gl-1800-2012-2017\/zubehoer-gl-1800-2012-2017\/becherhalter-fuer-den-beifahrer-an-der-armlehne-gl1200-1500-und-alle-gl1800-modelle-einschliesslich-der-modelle-ab-2018\/#primaryimage"},"image":{"@id":"https:\/\/goldwing.nl\/de\/shop\/gl-1800-2012-2017\/zubehoer-gl-1800-2012-2017\/becherhalter-fuer-den-beifahrer-an-der-armlehne-gl1200-1500-und-alle-gl1800-modelle-einschliesslich-der-modelle-ab-2018\/#primaryimage"},"thumbnailUrl":"https:\/\/goldwing.nl\/de\/wp-content\/uploads\/sites\/3\/2022\/11\/06360180b-1.jpg","datePublished":"2022-11-17T15:29:23+00:00","dateModified":"2025-02-24T11:15:50+00:00","breadcrumb":{"@id":"https:\/\/goldwing.nl\/de\/shop\/gl-1800-2012-2017\/zubehoer-gl-1800-2012-2017\/becherhalter-fuer-den-beifahrer-an-der-armlehne-gl1200-1500-und-alle-gl1800-modelle-einschliesslich-der-modelle-ab-2018\/#breadcrumb"},"inLanguage":"de","potentialAction":[{"@type":"ReadAction","target":["https:\/\/goldwing.nl\/de\/shop\/gl-1800-2012-2017\/zubehoer-gl-1800-2012-2017\/becherhalter-fuer-den-beifahrer-an-der-armlehne-gl1200-1500-und-alle-gl1800-modelle-einschliesslich-der-modelle-ab-2018\/"]}]},{"@type":"ImageObject","inLanguage":"de","@id":"https:\/\/goldwing.nl\/de\/shop\/gl-1800-2012-2017\/zubehoer-gl-1800-2012-2017\/becherhalter-fuer-den-beifahrer-an-der-armlehne-gl1200-1500-und-alle-gl1800-modelle-einschliesslich-der-modelle-ab-2018\/#primaryimage","url":"https:\/\/goldwing.nl\/de\/wp-content\/uploads\/sites\/3\/2022\/11\/06360180b-1.jpg","contentUrl":"https:\/\/goldwing.nl\/de\/wp-content\/uploads\/sites\/3\/2022\/11\/06360180b-1.jpg","width":1200,"height":1200},{"@type":"BreadcrumbList","@id":"https:\/\/goldwing.nl\/de\/shop\/gl-1800-2012-2017\/zubehoer-gl-1800-2012-2017\/becherhalter-fuer-den-beifahrer-an-der-armlehne-gl1200-1500-und-alle-gl1800-modelle-einschliesslich-der-modelle-ab-2018\/#breadcrumb","itemListElement":[{"@type":"ListItem","position":1,"name":"Home","item":"https:\/\/goldwing.nl\/de\/"},{"@type":"ListItem","position":2,"name":"Webshop","item":"https:\/\/goldwing.nl\/de\/shop\/"},{"@type":"ListItem","position":3,"name":"Becherhalter f\u00fcr den Beifahrer an der Armlehne GL1200\/1500 und alle GL1800-Modelle, einschlie\u00dflich der Modelle ab 2018"}]},{"@type":"WebSite","@id":"https:\/\/goldwing.nl\/de\/#website","url":"https:\/\/goldwing.nl\/de\/","name":"Goldwing.nl - DE","description":"Biker&#039;s Best","publisher":{"@id":"https:\/\/goldwing.nl\/de\/#organization"},"potentialAction":[{"@type":"SearchAction","target":{"@type":"EntryPoint","urlTemplate":"https:\/\/goldwing.nl\/de\/?s={search_term_string}"},"query-input":{"@type":"PropertyValueSpecification","valueRequired":true,"valueName":"search_term_string"}}],"inLanguage":"de"},{"@type":"Organization","@id":"https:\/\/goldwing.nl\/de\/#organization","name":"Goldwing.nl - DE","url":"https:\/\/goldwing.nl\/de\/","logo":{"@type":"ImageObject","inLanguage":"de","@id":"https:\/\/goldwing.nl\/de\/#\/schema\/logo\/image\/","url":"https:\/\/goldwing.nl\/de\/wp-content\/uploads\/sites\/3\/2022\/08\/BikersBest-logo.png","contentUrl":"https:\/\/goldwing.nl\/de\/wp-content\/uploads\/sites\/3\/2022\/08\/BikersBest-logo.png","width":311,"height":152,"caption":"Goldwing.nl - DE"},"image":{"@id":"https:\/\/goldwing.nl\/de\/#\/schema\/logo\/image\/"},"sameAs":["https:\/\/www.facebook.com\/302398026438779"]}]}},"_links":{"self":[{"href":"https:\/\/goldwing.nl\/de\/wp-json\/wp\/v2\/product\/23122"}],"collection":[{"href":"https:\/\/goldwing.nl\/de\/wp-json\/wp\/v2\/product"}],"about":[{"href":"https:\/\/goldwing.nl\/de\/wp-json\/wp\/v2\/types\/product"}],"wp:featuredmedia":[{"embeddable":true,"href":"https:\/\/goldwing.nl\/de\/wp-json\/wp\/v2\/media\/23123"}],"wp:attachment":[{"href":"https:\/\/goldwing.nl\/de\/wp-json\/wp\/v2\/media?parent=23122"}],"wp:term":[{"taxonomy":"product_cat","embeddable":true,"href":"https:\/\/goldwing.nl\/de\/wp-json\/wp\/v2\/product_cat?post=23122"},{"taxonomy":"product_tag","embeddable":true,"href":"https:\/\/goldwing.nl\/de\/wp-json\/wp\/v2\/product_tag?post=23122"}],"curies":[{"name":"wp","href":"https:\/\/api.w.org\/{rel}","templated":true}]}}