{"id":23102,"date":"2022-11-17T15:28:50","date_gmt":"2022-11-17T15:28:50","guid":{"rendered":"https:\/\/goldwing.nl\/de\/?post_type=product&#038;p=23102"},"modified":"2025-07-19T10:41:29","modified_gmt":"2025-07-19T10:41:29","slug":"anhaengerkupplung-mit-kleinerer-usa-kugel-fuer-gl1800-2018up-modelle","status":"publish","type":"product","link":"https:\/\/goldwing.nl\/de\/shop\/goldwing-gl-1800-2018-up-zubehoer\/anhaengerkupplung-mit-kleinerer-usa-kugel-fuer-gl1800-2018up-modelle\/","title":{"rendered":"Anh\u00e4ngerkupplung mit kleinerer USA-Kugel f\u00fcr GL1800 2018up Modelle"},"content":{"rendered":"","protected":false},"excerpt":{"rendered":"<p>Anh\u00e4ngerkupplung mit kleinerer USA-Kugel f\u00fcr GL1800 2018up Modelle<\/p>\n<ul>\n<li>Versteckte vertikale Empf\u00e4ngerkupplung<\/li>\n<li>Wird sicher an 6 Punkten NUR am Hauptrahmen befestigt, nicht am schwachen Hilfsrahmen oder an den Auspuffhalterungen<\/li>\n<li>Schr\u00e4nkt den Ausbau des Hinterreifens oder die Wartung des Motorrads nicht ein<\/li>\n<li>Die Zunge ist abnehmbar und verf\u00fcgt \u00fcber mehrere L\u00f6cher zur H\u00f6henverstellung<\/li>\n<li>Innovative Zungenspannschraube, die das \u201eWandern\u201c des Anh\u00e4ngers und Klapperger\u00e4usche eliminiert<\/li>\n<li>F\u00fcr die Installation sind nur einfache Handwerkzeuge und eine minimale Demontage erforderlich<\/li>\n<li>Integrierte Sicherheitskettenl\u00f6cher<\/li>\n<li>Aus kohlenstoffreichem Stahl lasergeschnitten, CNC-geformt, von Hand geschwei\u00dft und mit einer Pulverbeschichtung versehen<\/li>\n<li>Die Zunge ist verchromt<\/li>\n<\/ul>\n","protected":false},"featured_media":23103,"template":"","meta":{"_acf_changed":false},"product_cat":[400,544],"product_tag":[],"class_list":["post-23102","product","type-product","status-publish","has-post-thumbnail","hentry","product_cat-goldwing-gl-1800-2018-up-zubehoer","product_cat-gl-1800-bagger-2018-up","product_shipping_class-pakket-artikel","","woocommerce-text-align-center","woocommerce-image-align-center","do-quantity-buttons"],"acf":[],"yoast_head":"<!-- This site is optimized with the Yoast SEO plugin v25.6 - https:\/\/yoast.com\/wordpress\/plugins\/seo\/ -->\n<title>Anh\u00e4ngerkupplung mit kleinerer USA-Kugel f\u00fcr GL1800 2018up Modelle - Goldwing.nl - DE<\/title>\n<meta name=\"robots\" content=\"index, follow, max-snippet:-1, max-image-preview:large, max-video-preview:-1\" \/>\n<link rel=\"canonical\" href=\"https:\/\/goldwing.nl\/de\/shop\/goldwing-gl-1800-2018-up-zubehoer\/anhaengerkupplung-mit-kleinerer-usa-kugel-fuer-gl1800-2018up-modelle\/\" \/>\n<meta property=\"og:locale\" content=\"de_DE\" \/>\n<meta property=\"og:type\" content=\"article\" \/>\n<meta property=\"og:title\" content=\"Anh\u00e4ngerkupplung mit kleinerer USA-Kugel f\u00fcr GL1800 2018up Modelle - Goldwing.nl - DE\" \/>\n<meta property=\"og:description\" content=\"Anh\u00e4ngerkupplung mit kleinerer USA-Kugel f\u00fcr GL1800 2018up Modelle   Versteckte vertikale Empf\u00e4ngerkupplung  Wird sicher an 6 Punkten NUR am Hauptrahmen befestigt, nicht am schwachen Hilfsrahmen oder an den Auspuffhalterungen  Schr\u00e4nkt den Ausbau des Hinterreifens oder die Wartung des Motorrads nicht ein  Die Zunge ist abnehmbar und verf\u00fcgt \u00fcber mehrere L\u00f6cher zur H\u00f6henverstellung  Innovative Zungenspannschraube, die das \u201eWandern\u201c des Anh\u00e4ngers und Klapperger\u00e4usche eliminiert  F\u00fcr die Installation sind nur einfache Handwerkzeuge und eine minimale Demontage erforderlich  Integrierte Sicherheitskettenl\u00f6cher  Aus kohlenstoffreichem Stahl lasergeschnitten, CNC-geformt, von Hand geschwei\u00dft und mit einer Pulverbeschichtung versehen  Die Zunge ist verchromt\" \/>\n<meta property=\"og:url\" content=\"https:\/\/goldwing.nl\/de\/shop\/goldwing-gl-1800-2018-up-zubehoer\/anhaengerkupplung-mit-kleinerer-usa-kugel-fuer-gl1800-2018up-modelle\/\" \/>\n<meta property=\"og:site_name\" content=\"Goldwing.nl - DE\" \/>\n<meta property=\"article:publisher\" content=\"https:\/\/www.facebook.com\/302398026438779\" \/>\n<meta property=\"article:modified_time\" content=\"2025-07-19T10:41:29+00:00\" \/>\n<meta property=\"og:image\" content=\"https:\/\/goldwing.nl\/de\/wp-content\/uploads\/sites\/3\/2022\/11\/GW007_004web-1.jpg\" \/>\n\t<meta property=\"og:image:width\" content=\"1000\" \/>\n\t<meta property=\"og:image:height\" content=\"665\" \/>\n\t<meta property=\"og:image:type\" content=\"image\/jpeg\" \/>\n<meta name=\"twitter:card\" content=\"summary_large_image\" \/>\n<script type=\"application\/ld+json\" class=\"yoast-schema-graph\">{\"@context\":\"https:\/\/schema.org\",\"@graph\":[{\"@type\":\"WebPage\",\"@id\":\"https:\/\/goldwing.nl\/de\/shop\/goldwing-gl-1800-2018-up-zubehoer\/anhaengerkupplung-mit-kleinerer-usa-kugel-fuer-gl1800-2018up-modelle\/\",\"url\":\"https:\/\/goldwing.nl\/de\/shop\/goldwing-gl-1800-2018-up-zubehoer\/anhaengerkupplung-mit-kleinerer-usa-kugel-fuer-gl1800-2018up-modelle\/\",\"name\":\"Anh\u00e4ngerkupplung mit kleinerer USA-Kugel f\u00fcr GL1800 2018up Modelle - Goldwing.nl - DE\",\"isPartOf\":{\"@id\":\"https:\/\/goldwing.nl\/de\/#website\"},\"primaryImageOfPage\":{\"@id\":\"https:\/\/goldwing.nl\/de\/shop\/goldwing-gl-1800-2018-up-zubehoer\/anhaengerkupplung-mit-kleinerer-usa-kugel-fuer-gl1800-2018up-modelle\/#primaryimage\"},\"image\":{\"@id\":\"https:\/\/goldwing.nl\/de\/shop\/goldwing-gl-1800-2018-up-zubehoer\/anhaengerkupplung-mit-kleinerer-usa-kugel-fuer-gl1800-2018up-modelle\/#primaryimage\"},\"thumbnailUrl\":\"https:\/\/goldwing.nl\/de\/wp-content\/uploads\/sites\/3\/2022\/11\/GW007_004web-1.jpg\",\"datePublished\":\"2022-11-17T15:28:50+00:00\",\"dateModified\":\"2025-07-19T10:41:29+00:00\",\"breadcrumb\":{\"@id\":\"https:\/\/goldwing.nl\/de\/shop\/goldwing-gl-1800-2018-up-zubehoer\/anhaengerkupplung-mit-kleinerer-usa-kugel-fuer-gl1800-2018up-modelle\/#breadcrumb\"},\"inLanguage\":\"de\",\"potentialAction\":[{\"@type\":\"ReadAction\",\"target\":[\"https:\/\/goldwing.nl\/de\/shop\/goldwing-gl-1800-2018-up-zubehoer\/anhaengerkupplung-mit-kleinerer-usa-kugel-fuer-gl1800-2018up-modelle\/\"]}]},{\"@type\":\"ImageObject\",\"inLanguage\":\"de\",\"@id\":\"https:\/\/goldwing.nl\/de\/shop\/goldwing-gl-1800-2018-up-zubehoer\/anhaengerkupplung-mit-kleinerer-usa-kugel-fuer-gl1800-2018up-modelle\/#primaryimage\",\"url\":\"https:\/\/goldwing.nl\/de\/wp-content\/uploads\/sites\/3\/2022\/11\/GW007_004web-1.jpg\",\"contentUrl\":\"https:\/\/goldwing.nl\/de\/wp-content\/uploads\/sites\/3\/2022\/11\/GW007_004web-1.jpg\",\"width\":1000,\"height\":665},{\"@type\":\"BreadcrumbList\",\"@id\":\"https:\/\/goldwing.nl\/de\/shop\/goldwing-gl-1800-2018-up-zubehoer\/anhaengerkupplung-mit-kleinerer-usa-kugel-fuer-gl1800-2018up-modelle\/#breadcrumb\",\"itemListElement\":[{\"@type\":\"ListItem\",\"position\":1,\"name\":\"Home\",\"item\":\"https:\/\/goldwing.nl\/de\/\"},{\"@type\":\"ListItem\",\"position\":2,\"name\":\"Webshop\",\"item\":\"https:\/\/goldwing.nl\/de\/shop\/\"},{\"@type\":\"ListItem\",\"position\":3,\"name\":\"Anh\u00e4ngerkupplung mit kleinerer USA-Kugel f\u00fcr GL1800 2018up Modelle\"}]},{\"@type\":\"WebSite\",\"@id\":\"https:\/\/goldwing.nl\/de\/#website\",\"url\":\"https:\/\/goldwing.nl\/de\/\",\"name\":\"Goldwing.nl - DE\",\"description\":\"Biker&#039;s Best\",\"publisher\":{\"@id\":\"https:\/\/goldwing.nl\/de\/#organization\"},\"potentialAction\":[{\"@type\":\"SearchAction\",\"target\":{\"@type\":\"EntryPoint\",\"urlTemplate\":\"https:\/\/goldwing.nl\/de\/?s={search_term_string}\"},\"query-input\":{\"@type\":\"PropertyValueSpecification\",\"valueRequired\":true,\"valueName\":\"search_term_string\"}}],\"inLanguage\":\"de\"},{\"@type\":\"Organization\",\"@id\":\"https:\/\/goldwing.nl\/de\/#organization\",\"name\":\"Goldwing.nl - DE\",\"url\":\"https:\/\/goldwing.nl\/de\/\",\"logo\":{\"@type\":\"ImageObject\",\"inLanguage\":\"de\",\"@id\":\"https:\/\/goldwing.nl\/de\/#\/schema\/logo\/image\/\",\"url\":\"https:\/\/goldwing.nl\/de\/wp-content\/uploads\/sites\/3\/2022\/08\/BikersBest-logo.png\",\"contentUrl\":\"https:\/\/goldwing.nl\/de\/wp-content\/uploads\/sites\/3\/2022\/08\/BikersBest-logo.png\",\"width\":311,\"height\":152,\"caption\":\"Goldwing.nl - DE\"},\"image\":{\"@id\":\"https:\/\/goldwing.nl\/de\/#\/schema\/logo\/image\/\"},\"sameAs\":[\"https:\/\/www.facebook.com\/302398026438779\"]}]}<\/script>\n<!-- \/ Yoast SEO plugin. -->","yoast_head_json":{"title":"Anh\u00e4ngerkupplung mit kleinerer USA-Kugel f\u00fcr GL1800 2018up Modelle - Goldwing.nl - DE","robots":{"index":"index","follow":"follow","max-snippet":"max-snippet:-1","max-image-preview":"max-image-preview:large","max-video-preview":"max-video-preview:-1"},"canonical":"https:\/\/goldwing.nl\/de\/shop\/goldwing-gl-1800-2018-up-zubehoer\/anhaengerkupplung-mit-kleinerer-usa-kugel-fuer-gl1800-2018up-modelle\/","og_locale":"de_DE","og_type":"article","og_title":"Anh\u00e4ngerkupplung mit kleinerer USA-Kugel f\u00fcr GL1800 2018up Modelle - Goldwing.nl - DE","og_description":"Anh\u00e4ngerkupplung mit kleinerer USA-Kugel f\u00fcr GL1800 2018up Modelle   Versteckte vertikale Empf\u00e4ngerkupplung  Wird sicher an 6 Punkten NUR am Hauptrahmen befestigt, nicht am schwachen Hilfsrahmen oder an den Auspuffhalterungen  Schr\u00e4nkt den Ausbau des Hinterreifens oder die Wartung des Motorrads nicht ein  Die Zunge ist abnehmbar und verf\u00fcgt \u00fcber mehrere L\u00f6cher zur H\u00f6henverstellung  Innovative Zungenspannschraube, die das \u201eWandern\u201c des Anh\u00e4ngers und Klapperger\u00e4usche eliminiert  F\u00fcr die Installation sind nur einfache Handwerkzeuge und eine minimale Demontage erforderlich  Integrierte Sicherheitskettenl\u00f6cher  Aus kohlenstoffreichem Stahl lasergeschnitten, CNC-geformt, von Hand geschwei\u00dft und mit einer Pulverbeschichtung versehen  Die Zunge ist verchromt","og_url":"https:\/\/goldwing.nl\/de\/shop\/goldwing-gl-1800-2018-up-zubehoer\/anhaengerkupplung-mit-kleinerer-usa-kugel-fuer-gl1800-2018up-modelle\/","og_site_name":"Goldwing.nl - DE","article_publisher":"https:\/\/www.facebook.com\/302398026438779","article_modified_time":"2025-07-19T10:41:29+00:00","og_image":[{"width":1000,"height":665,"url":"https:\/\/goldwing.nl\/de\/wp-content\/uploads\/sites\/3\/2022\/11\/GW007_004web-1.jpg","type":"image\/jpeg"}],"twitter_card":"summary_large_image","schema":{"@context":"https:\/\/schema.org","@graph":[{"@type":"WebPage","@id":"https:\/\/goldwing.nl\/de\/shop\/goldwing-gl-1800-2018-up-zubehoer\/anhaengerkupplung-mit-kleinerer-usa-kugel-fuer-gl1800-2018up-modelle\/","url":"https:\/\/goldwing.nl\/de\/shop\/goldwing-gl-1800-2018-up-zubehoer\/anhaengerkupplung-mit-kleinerer-usa-kugel-fuer-gl1800-2018up-modelle\/","name":"Anh\u00e4ngerkupplung mit kleinerer USA-Kugel f\u00fcr GL1800 2018up Modelle - Goldwing.nl - DE","isPartOf":{"@id":"https:\/\/goldwing.nl\/de\/#website"},"primaryImageOfPage":{"@id":"https:\/\/goldwing.nl\/de\/shop\/goldwing-gl-1800-2018-up-zubehoer\/anhaengerkupplung-mit-kleinerer-usa-kugel-fuer-gl1800-2018up-modelle\/#primaryimage"},"image":{"@id":"https:\/\/goldwing.nl\/de\/shop\/goldwing-gl-1800-2018-up-zubehoer\/anhaengerkupplung-mit-kleinerer-usa-kugel-fuer-gl1800-2018up-modelle\/#primaryimage"},"thumbnailUrl":"https:\/\/goldwing.nl\/de\/wp-content\/uploads\/sites\/3\/2022\/11\/GW007_004web-1.jpg","datePublished":"2022-11-17T15:28:50+00:00","dateModified":"2025-07-19T10:41:29+00:00","breadcrumb":{"@id":"https:\/\/goldwing.nl\/de\/shop\/goldwing-gl-1800-2018-up-zubehoer\/anhaengerkupplung-mit-kleinerer-usa-kugel-fuer-gl1800-2018up-modelle\/#breadcrumb"},"inLanguage":"de","potentialAction":[{"@type":"ReadAction","target":["https:\/\/goldwing.nl\/de\/shop\/goldwing-gl-1800-2018-up-zubehoer\/anhaengerkupplung-mit-kleinerer-usa-kugel-fuer-gl1800-2018up-modelle\/"]}]},{"@type":"ImageObject","inLanguage":"de","@id":"https:\/\/goldwing.nl\/de\/shop\/goldwing-gl-1800-2018-up-zubehoer\/anhaengerkupplung-mit-kleinerer-usa-kugel-fuer-gl1800-2018up-modelle\/#primaryimage","url":"https:\/\/goldwing.nl\/de\/wp-content\/uploads\/sites\/3\/2022\/11\/GW007_004web-1.jpg","contentUrl":"https:\/\/goldwing.nl\/de\/wp-content\/uploads\/sites\/3\/2022\/11\/GW007_004web-1.jpg","width":1000,"height":665},{"@type":"BreadcrumbList","@id":"https:\/\/goldwing.nl\/de\/shop\/goldwing-gl-1800-2018-up-zubehoer\/anhaengerkupplung-mit-kleinerer-usa-kugel-fuer-gl1800-2018up-modelle\/#breadcrumb","itemListElement":[{"@type":"ListItem","position":1,"name":"Home","item":"https:\/\/goldwing.nl\/de\/"},{"@type":"ListItem","position":2,"name":"Webshop","item":"https:\/\/goldwing.nl\/de\/shop\/"},{"@type":"ListItem","position":3,"name":"Anh\u00e4ngerkupplung mit kleinerer USA-Kugel f\u00fcr GL1800 2018up Modelle"}]},{"@type":"WebSite","@id":"https:\/\/goldwing.nl\/de\/#website","url":"https:\/\/goldwing.nl\/de\/","name":"Goldwing.nl - DE","description":"Biker&#039;s Best","publisher":{"@id":"https:\/\/goldwing.nl\/de\/#organization"},"potentialAction":[{"@type":"SearchAction","target":{"@type":"EntryPoint","urlTemplate":"https:\/\/goldwing.nl\/de\/?s={search_term_string}"},"query-input":{"@type":"PropertyValueSpecification","valueRequired":true,"valueName":"search_term_string"}}],"inLanguage":"de"},{"@type":"Organization","@id":"https:\/\/goldwing.nl\/de\/#organization","name":"Goldwing.nl - DE","url":"https:\/\/goldwing.nl\/de\/","logo":{"@type":"ImageObject","inLanguage":"de","@id":"https:\/\/goldwing.nl\/de\/#\/schema\/logo\/image\/","url":"https:\/\/goldwing.nl\/de\/wp-content\/uploads\/sites\/3\/2022\/08\/BikersBest-logo.png","contentUrl":"https:\/\/goldwing.nl\/de\/wp-content\/uploads\/sites\/3\/2022\/08\/BikersBest-logo.png","width":311,"height":152,"caption":"Goldwing.nl - DE"},"image":{"@id":"https:\/\/goldwing.nl\/de\/#\/schema\/logo\/image\/"},"sameAs":["https:\/\/www.facebook.com\/302398026438779"]}]}},"_links":{"self":[{"href":"https:\/\/goldwing.nl\/de\/wp-json\/wp\/v2\/product\/23102"}],"collection":[{"href":"https:\/\/goldwing.nl\/de\/wp-json\/wp\/v2\/product"}],"about":[{"href":"https:\/\/goldwing.nl\/de\/wp-json\/wp\/v2\/types\/product"}],"wp:featuredmedia":[{"embeddable":true,"href":"https:\/\/goldwing.nl\/de\/wp-json\/wp\/v2\/media\/23103"}],"wp:attachment":[{"href":"https:\/\/goldwing.nl\/de\/wp-json\/wp\/v2\/media?parent=23102"}],"wp:term":[{"taxonomy":"product_cat","embeddable":true,"href":"https:\/\/goldwing.nl\/de\/wp-json\/wp\/v2\/product_cat?post=23102"},{"taxonomy":"product_tag","embeddable":true,"href":"https:\/\/goldwing.nl\/de\/wp-json\/wp\/v2\/product_tag?post=23102"}],"curies":[{"name":"wp","href":"https:\/\/api.w.org\/{rel}","templated":true}]}}