{"id":23084,"date":"2022-11-17T15:28:21","date_gmt":"2022-11-17T15:28:21","guid":{"rendered":"https:\/\/goldwing.nl\/de\/?post_type=product&#038;p=23084"},"modified":"2025-12-24T14:37:43","modified_gmt":"2025-12-24T14:37:43","slug":"seitenkofferraumtasche-links-oder-rechts-gl1800-2018up-modelle-je","status":"publish","type":"product","link":"https:\/\/goldwing.nl\/de\/shop\/goldwing-gl-1800-2018-up-zubehoer\/seitenkofferraumtasche-links-oder-rechts-gl1800-2018up-modelle-je\/","title":{"rendered":"Seitenkofferraumtasche links oder rechts GL1800 2018up Modelle, je. (G)"},"content":{"rendered":"","protected":false},"excerpt":{"rendered":"<p>Seitenkofferraumtasche links oder rechts GL1800 2018up Modelle,<\/p>\n<ul>\n<li>Ma\u00dfgeschneidert f\u00fcr die Gold Wing Satteltaschenkontur mit ihrem Stauraum von 920 Kubikzoll<\/li>\n<li>Speziell f\u00fcr die Gold Wing Motorr\u00e4der von 2018 und neuer entwickelt<\/li>\n<li>Doppelter Rei\u00dfverschluss oben erm\u00f6glicht bequemes Ein- und Auspacken<\/li>\n<li>Tragegriffe mit verst\u00e4rktem Griff<\/li>\n<li>EU: Speziell auf die Kontur der Gold Wing-Satteltasche abgestimmtes Design mit einem Stauraum von 15,08 l<\/li>\n<\/ul>\n","protected":false},"featured_media":23085,"template":"","meta":{"_acf_changed":false},"product_cat":[400,544],"product_tag":[],"class_list":["post-23084","product","type-product","status-publish","has-post-thumbnail","hentry","product_cat-goldwing-gl-1800-2018-up-zubehoer","product_cat-gl-1800-bagger-2018-up","product_shipping_class-pakket-artikel","","woocommerce-text-align-center","woocommerce-image-align-center","do-quantity-buttons"],"acf":[],"yoast_head":"<!-- This site is optimized with the Yoast SEO plugin v25.6 - https:\/\/yoast.com\/wordpress\/plugins\/seo\/ -->\n<title>Seitenkofferraumtasche links oder rechts GL1800 2018up Modelle, je. (G) - Goldwing.nl - DE<\/title>\n<meta name=\"robots\" content=\"index, follow, max-snippet:-1, max-image-preview:large, max-video-preview:-1\" \/>\n<link rel=\"canonical\" href=\"https:\/\/goldwing.nl\/de\/shop\/goldwing-gl-1800-2018-up-zubehoer\/seitenkofferraumtasche-links-oder-rechts-gl1800-2018up-modelle-je\/\" \/>\n<meta property=\"og:locale\" content=\"de_DE\" \/>\n<meta property=\"og:type\" content=\"article\" \/>\n<meta property=\"og:title\" content=\"Seitenkofferraumtasche links oder rechts GL1800 2018up Modelle, je. (G) - Goldwing.nl - DE\" \/>\n<meta property=\"og:description\" content=\"Seitenkofferraumtasche links oder rechts GL1800 2018up Modelle,   Ma\u00dfgeschneidert f\u00fcr die Gold Wing Satteltaschenkontur mit ihrem Stauraum von 920 Kubikzoll  Speziell f\u00fcr die Gold Wing Motorr\u00e4der von 2018 und neuer entwickelt  Doppelter Rei\u00dfverschluss oben erm\u00f6glicht bequemes Ein- und Auspacken  Tragegriffe mit verst\u00e4rktem Griff  EU: Speziell auf die Kontur der Gold Wing-Satteltasche abgestimmtes Design mit einem Stauraum von 15,08 l\" \/>\n<meta property=\"og:url\" content=\"https:\/\/goldwing.nl\/de\/shop\/goldwing-gl-1800-2018-up-zubehoer\/seitenkofferraumtasche-links-oder-rechts-gl1800-2018up-modelle-je\/\" \/>\n<meta property=\"og:site_name\" content=\"Goldwing.nl - DE\" \/>\n<meta property=\"article:publisher\" content=\"https:\/\/www.facebook.com\/302398026438779\" \/>\n<meta property=\"article:modified_time\" content=\"2025-12-24T14:37:43+00:00\" \/>\n<meta property=\"og:image\" content=\"https:\/\/goldwing.nl\/de\/wp-content\/uploads\/sites\/3\/2022\/11\/HSL-1.jpg\" \/>\n\t<meta property=\"og:image:width\" content=\"1200\" \/>\n\t<meta property=\"og:image:height\" content=\"1200\" \/>\n\t<meta property=\"og:image:type\" content=\"image\/jpeg\" \/>\n<meta name=\"twitter:card\" content=\"summary_large_image\" \/>\n<script type=\"application\/ld+json\" class=\"yoast-schema-graph\">{\"@context\":\"https:\/\/schema.org\",\"@graph\":[{\"@type\":\"WebPage\",\"@id\":\"https:\/\/goldwing.nl\/de\/shop\/goldwing-gl-1800-2018-up-zubehoer\/seitenkofferraumtasche-links-oder-rechts-gl1800-2018up-modelle-je\/\",\"url\":\"https:\/\/goldwing.nl\/de\/shop\/goldwing-gl-1800-2018-up-zubehoer\/seitenkofferraumtasche-links-oder-rechts-gl1800-2018up-modelle-je\/\",\"name\":\"Seitenkofferraumtasche links oder rechts GL1800 2018up Modelle, je. (G) - Goldwing.nl - DE\",\"isPartOf\":{\"@id\":\"https:\/\/goldwing.nl\/de\/#website\"},\"primaryImageOfPage\":{\"@id\":\"https:\/\/goldwing.nl\/de\/shop\/goldwing-gl-1800-2018-up-zubehoer\/seitenkofferraumtasche-links-oder-rechts-gl1800-2018up-modelle-je\/#primaryimage\"},\"image\":{\"@id\":\"https:\/\/goldwing.nl\/de\/shop\/goldwing-gl-1800-2018-up-zubehoer\/seitenkofferraumtasche-links-oder-rechts-gl1800-2018up-modelle-je\/#primaryimage\"},\"thumbnailUrl\":\"https:\/\/goldwing.nl\/de\/wp-content\/uploads\/sites\/3\/2022\/11\/HSL-1.jpg\",\"datePublished\":\"2022-11-17T15:28:21+00:00\",\"dateModified\":\"2025-12-24T14:37:43+00:00\",\"breadcrumb\":{\"@id\":\"https:\/\/goldwing.nl\/de\/shop\/goldwing-gl-1800-2018-up-zubehoer\/seitenkofferraumtasche-links-oder-rechts-gl1800-2018up-modelle-je\/#breadcrumb\"},\"inLanguage\":\"de\",\"potentialAction\":[{\"@type\":\"ReadAction\",\"target\":[\"https:\/\/goldwing.nl\/de\/shop\/goldwing-gl-1800-2018-up-zubehoer\/seitenkofferraumtasche-links-oder-rechts-gl1800-2018up-modelle-je\/\"]}]},{\"@type\":\"ImageObject\",\"inLanguage\":\"de\",\"@id\":\"https:\/\/goldwing.nl\/de\/shop\/goldwing-gl-1800-2018-up-zubehoer\/seitenkofferraumtasche-links-oder-rechts-gl1800-2018up-modelle-je\/#primaryimage\",\"url\":\"https:\/\/goldwing.nl\/de\/wp-content\/uploads\/sites\/3\/2022\/11\/HSL-1.jpg\",\"contentUrl\":\"https:\/\/goldwing.nl\/de\/wp-content\/uploads\/sites\/3\/2022\/11\/HSL-1.jpg\",\"width\":1200,\"height\":1200},{\"@type\":\"BreadcrumbList\",\"@id\":\"https:\/\/goldwing.nl\/de\/shop\/goldwing-gl-1800-2018-up-zubehoer\/seitenkofferraumtasche-links-oder-rechts-gl1800-2018up-modelle-je\/#breadcrumb\",\"itemListElement\":[{\"@type\":\"ListItem\",\"position\":1,\"name\":\"Home\",\"item\":\"https:\/\/goldwing.nl\/de\/\"},{\"@type\":\"ListItem\",\"position\":2,\"name\":\"Webshop\",\"item\":\"https:\/\/goldwing.nl\/de\/shop\/\"},{\"@type\":\"ListItem\",\"position\":3,\"name\":\"Seitenkofferraumtasche links oder rechts GL1800 2018up Modelle, je.\"}]},{\"@type\":\"WebSite\",\"@id\":\"https:\/\/goldwing.nl\/de\/#website\",\"url\":\"https:\/\/goldwing.nl\/de\/\",\"name\":\"Goldwing.nl - DE\",\"description\":\"Biker&#039;s Best\",\"publisher\":{\"@id\":\"https:\/\/goldwing.nl\/de\/#organization\"},\"potentialAction\":[{\"@type\":\"SearchAction\",\"target\":{\"@type\":\"EntryPoint\",\"urlTemplate\":\"https:\/\/goldwing.nl\/de\/?s={search_term_string}\"},\"query-input\":{\"@type\":\"PropertyValueSpecification\",\"valueRequired\":true,\"valueName\":\"search_term_string\"}}],\"inLanguage\":\"de\"},{\"@type\":\"Organization\",\"@id\":\"https:\/\/goldwing.nl\/de\/#organization\",\"name\":\"Goldwing.nl - DE\",\"url\":\"https:\/\/goldwing.nl\/de\/\",\"logo\":{\"@type\":\"ImageObject\",\"inLanguage\":\"de\",\"@id\":\"https:\/\/goldwing.nl\/de\/#\/schema\/logo\/image\/\",\"url\":\"https:\/\/goldwing.nl\/de\/wp-content\/uploads\/sites\/3\/2022\/08\/BikersBest-logo.png\",\"contentUrl\":\"https:\/\/goldwing.nl\/de\/wp-content\/uploads\/sites\/3\/2022\/08\/BikersBest-logo.png\",\"width\":311,\"height\":152,\"caption\":\"Goldwing.nl - DE\"},\"image\":{\"@id\":\"https:\/\/goldwing.nl\/de\/#\/schema\/logo\/image\/\"},\"sameAs\":[\"https:\/\/www.facebook.com\/302398026438779\"]}]}<\/script>\n<!-- \/ Yoast SEO plugin. -->","yoast_head_json":{"title":"Seitenkofferraumtasche links oder rechts GL1800 2018up Modelle, je. (G) - Goldwing.nl - DE","robots":{"index":"index","follow":"follow","max-snippet":"max-snippet:-1","max-image-preview":"max-image-preview:large","max-video-preview":"max-video-preview:-1"},"canonical":"https:\/\/goldwing.nl\/de\/shop\/goldwing-gl-1800-2018-up-zubehoer\/seitenkofferraumtasche-links-oder-rechts-gl1800-2018up-modelle-je\/","og_locale":"de_DE","og_type":"article","og_title":"Seitenkofferraumtasche links oder rechts GL1800 2018up Modelle, je. (G) - Goldwing.nl - DE","og_description":"Seitenkofferraumtasche links oder rechts GL1800 2018up Modelle,   Ma\u00dfgeschneidert f\u00fcr die Gold Wing Satteltaschenkontur mit ihrem Stauraum von 920 Kubikzoll  Speziell f\u00fcr die Gold Wing Motorr\u00e4der von 2018 und neuer entwickelt  Doppelter Rei\u00dfverschluss oben erm\u00f6glicht bequemes Ein- und Auspacken  Tragegriffe mit verst\u00e4rktem Griff  EU: Speziell auf die Kontur der Gold Wing-Satteltasche abgestimmtes Design mit einem Stauraum von 15,08 l","og_url":"https:\/\/goldwing.nl\/de\/shop\/goldwing-gl-1800-2018-up-zubehoer\/seitenkofferraumtasche-links-oder-rechts-gl1800-2018up-modelle-je\/","og_site_name":"Goldwing.nl - DE","article_publisher":"https:\/\/www.facebook.com\/302398026438779","article_modified_time":"2025-12-24T14:37:43+00:00","og_image":[{"width":1200,"height":1200,"url":"https:\/\/goldwing.nl\/de\/wp-content\/uploads\/sites\/3\/2022\/11\/HSL-1.jpg","type":"image\/jpeg"}],"twitter_card":"summary_large_image","schema":{"@context":"https:\/\/schema.org","@graph":[{"@type":"WebPage","@id":"https:\/\/goldwing.nl\/de\/shop\/goldwing-gl-1800-2018-up-zubehoer\/seitenkofferraumtasche-links-oder-rechts-gl1800-2018up-modelle-je\/","url":"https:\/\/goldwing.nl\/de\/shop\/goldwing-gl-1800-2018-up-zubehoer\/seitenkofferraumtasche-links-oder-rechts-gl1800-2018up-modelle-je\/","name":"Seitenkofferraumtasche links oder rechts GL1800 2018up Modelle, je. (G) - Goldwing.nl - DE","isPartOf":{"@id":"https:\/\/goldwing.nl\/de\/#website"},"primaryImageOfPage":{"@id":"https:\/\/goldwing.nl\/de\/shop\/goldwing-gl-1800-2018-up-zubehoer\/seitenkofferraumtasche-links-oder-rechts-gl1800-2018up-modelle-je\/#primaryimage"},"image":{"@id":"https:\/\/goldwing.nl\/de\/shop\/goldwing-gl-1800-2018-up-zubehoer\/seitenkofferraumtasche-links-oder-rechts-gl1800-2018up-modelle-je\/#primaryimage"},"thumbnailUrl":"https:\/\/goldwing.nl\/de\/wp-content\/uploads\/sites\/3\/2022\/11\/HSL-1.jpg","datePublished":"2022-11-17T15:28:21+00:00","dateModified":"2025-12-24T14:37:43+00:00","breadcrumb":{"@id":"https:\/\/goldwing.nl\/de\/shop\/goldwing-gl-1800-2018-up-zubehoer\/seitenkofferraumtasche-links-oder-rechts-gl1800-2018up-modelle-je\/#breadcrumb"},"inLanguage":"de","potentialAction":[{"@type":"ReadAction","target":["https:\/\/goldwing.nl\/de\/shop\/goldwing-gl-1800-2018-up-zubehoer\/seitenkofferraumtasche-links-oder-rechts-gl1800-2018up-modelle-je\/"]}]},{"@type":"ImageObject","inLanguage":"de","@id":"https:\/\/goldwing.nl\/de\/shop\/goldwing-gl-1800-2018-up-zubehoer\/seitenkofferraumtasche-links-oder-rechts-gl1800-2018up-modelle-je\/#primaryimage","url":"https:\/\/goldwing.nl\/de\/wp-content\/uploads\/sites\/3\/2022\/11\/HSL-1.jpg","contentUrl":"https:\/\/goldwing.nl\/de\/wp-content\/uploads\/sites\/3\/2022\/11\/HSL-1.jpg","width":1200,"height":1200},{"@type":"BreadcrumbList","@id":"https:\/\/goldwing.nl\/de\/shop\/goldwing-gl-1800-2018-up-zubehoer\/seitenkofferraumtasche-links-oder-rechts-gl1800-2018up-modelle-je\/#breadcrumb","itemListElement":[{"@type":"ListItem","position":1,"name":"Home","item":"https:\/\/goldwing.nl\/de\/"},{"@type":"ListItem","position":2,"name":"Webshop","item":"https:\/\/goldwing.nl\/de\/shop\/"},{"@type":"ListItem","position":3,"name":"Seitenkofferraumtasche links oder rechts GL1800 2018up Modelle, je."}]},{"@type":"WebSite","@id":"https:\/\/goldwing.nl\/de\/#website","url":"https:\/\/goldwing.nl\/de\/","name":"Goldwing.nl - DE","description":"Biker&#039;s Best","publisher":{"@id":"https:\/\/goldwing.nl\/de\/#organization"},"potentialAction":[{"@type":"SearchAction","target":{"@type":"EntryPoint","urlTemplate":"https:\/\/goldwing.nl\/de\/?s={search_term_string}"},"query-input":{"@type":"PropertyValueSpecification","valueRequired":true,"valueName":"search_term_string"}}],"inLanguage":"de"},{"@type":"Organization","@id":"https:\/\/goldwing.nl\/de\/#organization","name":"Goldwing.nl - DE","url":"https:\/\/goldwing.nl\/de\/","logo":{"@type":"ImageObject","inLanguage":"de","@id":"https:\/\/goldwing.nl\/de\/#\/schema\/logo\/image\/","url":"https:\/\/goldwing.nl\/de\/wp-content\/uploads\/sites\/3\/2022\/08\/BikersBest-logo.png","contentUrl":"https:\/\/goldwing.nl\/de\/wp-content\/uploads\/sites\/3\/2022\/08\/BikersBest-logo.png","width":311,"height":152,"caption":"Goldwing.nl - DE"},"image":{"@id":"https:\/\/goldwing.nl\/de\/#\/schema\/logo\/image\/"},"sameAs":["https:\/\/www.facebook.com\/302398026438779"]}]}},"_links":{"self":[{"href":"https:\/\/goldwing.nl\/de\/wp-json\/wp\/v2\/product\/23084"}],"collection":[{"href":"https:\/\/goldwing.nl\/de\/wp-json\/wp\/v2\/product"}],"about":[{"href":"https:\/\/goldwing.nl\/de\/wp-json\/wp\/v2\/types\/product"}],"wp:featuredmedia":[{"embeddable":true,"href":"https:\/\/goldwing.nl\/de\/wp-json\/wp\/v2\/media\/23085"}],"wp:attachment":[{"href":"https:\/\/goldwing.nl\/de\/wp-json\/wp\/v2\/media?parent=23084"}],"wp:term":[{"taxonomy":"product_cat","embeddable":true,"href":"https:\/\/goldwing.nl\/de\/wp-json\/wp\/v2\/product_cat?post=23084"},{"taxonomy":"product_tag","embeddable":true,"href":"https:\/\/goldwing.nl\/de\/wp-json\/wp\/v2\/product_tag?post=23084"}],"curies":[{"name":"wp","href":"https:\/\/api.w.org\/{rel}","templated":true}]}}