{"id":22968,"date":"2022-11-17T15:25:06","date_gmt":"2022-11-17T15:25:06","guid":{"rendered":"https:\/\/goldwing.nl\/de\/?post_type=product&#038;p=22968"},"modified":"2025-10-01T14:47:46","modified_gmt":"2025-10-01T14:47:46","slug":"rueckenlehne-gl1800-2018up-modelle-auch-bagger-p-08220386","status":"publish","type":"product","link":"https:\/\/goldwing.nl\/de\/shop\/goldwing-gl-1800-2018-up-zubehoer\/rueckenlehne-gl1800-2018up-modelle-auch-bagger-p-08220386\/","title":{"rendered":"R\u00fcckenlehne GL1800 2018up Modelle, auch bagger (P 08220386) (G)"},"content":{"rendered":"","protected":false},"excerpt":{"rendered":"<p>R\u00fcckenlehne GL1800 2018up Modelle, auch bagger ( P 08220386 )<\/p>\n<ul>\n<li>R\u00fcckenlehnenhalterung und R\u00fcckenlehnenbefestigung wurden neu gestaltet, um ein Schiebeverschlusssystem zu integrieren, das es der R\u00fcckenlehnenhalterung erm\u00f6glicht, durch die Sitz\u00f6ffnung hindurch an zwei Verriegelungsbolzen befestigt zu werden, die die R\u00fcckenlehne leicht sichern<\/li>\n<li>. Ein kleines Anheben und Schwenken nach vorne oder hinten, je nach Passform, erm\u00f6glicht es, das gesamte R\u00fcckenlehnenpolster und die Baugruppe in Sekundenschnelle zu entfernen, ohne dass \u00fcber dem Sitz befindliche Teile sichtbar sind<\/li>\n<li>Verstellbar, 1&#8243; vertikal und 3&#8243; horizontal<\/li>\n<li>Hergestellt in U.S.A.<\/li>\n<\/ul>\n","protected":false},"featured_media":22969,"template":"","meta":{"_acf_changed":false},"product_cat":[400,544],"product_tag":[],"class_list":["post-22968","product","type-product","status-publish","has-post-thumbnail","hentry","product_cat-goldwing-gl-1800-2018-up-zubehoer","product_cat-gl-1800-bagger-2018-up","product_shipping_class-pakket-artikel","","woocommerce-text-align-center","woocommerce-image-align-center","do-quantity-buttons"],"acf":[],"yoast_head":"<!-- This site is optimized with the Yoast SEO plugin v25.6 - https:\/\/yoast.com\/wordpress\/plugins\/seo\/ -->\n<title>R\u00fcckenlehne GL1800 2018up Modelle, auch bagger (P 08220386) (G) - Goldwing.nl - DE<\/title>\n<meta name=\"robots\" content=\"index, follow, max-snippet:-1, max-image-preview:large, max-video-preview:-1\" \/>\n<link rel=\"canonical\" href=\"https:\/\/goldwing.nl\/de\/shop\/goldwing-gl-1800-2018-up-zubehoer\/rueckenlehne-gl1800-2018up-modelle-auch-bagger-p-08220386\/\" \/>\n<meta property=\"og:locale\" content=\"de_DE\" \/>\n<meta property=\"og:type\" content=\"article\" \/>\n<meta property=\"og:title\" content=\"R\u00fcckenlehne GL1800 2018up Modelle, auch bagger (P 08220386) (G) - Goldwing.nl - DE\" \/>\n<meta property=\"og:description\" content=\"R\u00fcckenlehne GL1800 2018up Modelle, auch bagger ( P 08220386 )   R\u00fcckenlehnenhalterung und R\u00fcckenlehnenbefestigung wurden neu gestaltet, um ein Schiebeverschlusssystem zu integrieren, das es der R\u00fcckenlehnenhalterung erm\u00f6glicht, durch die Sitz\u00f6ffnung hindurch an zwei Verriegelungsbolzen befestigt zu werden, die die R\u00fcckenlehne leicht sichern  . Ein kleines Anheben und Schwenken nach vorne oder hinten, je nach Passform, erm\u00f6glicht es, das gesamte R\u00fcckenlehnenpolster und die Baugruppe in Sekundenschnelle zu entfernen, ohne dass \u00fcber dem Sitz befindliche Teile sichtbar sind  Verstellbar, 1&quot; vertikal und 3&quot; horizontal  Hergestellt in U.S.A.\" \/>\n<meta property=\"og:url\" content=\"https:\/\/goldwing.nl\/de\/shop\/goldwing-gl-1800-2018-up-zubehoer\/rueckenlehne-gl1800-2018up-modelle-auch-bagger-p-08220386\/\" \/>\n<meta property=\"og:site_name\" content=\"Goldwing.nl - DE\" \/>\n<meta property=\"article:publisher\" content=\"https:\/\/www.facebook.com\/302398026438779\" \/>\n<meta property=\"article:modified_time\" content=\"2025-10-01T14:47:46+00:00\" \/>\n<meta property=\"og:image\" content=\"https:\/\/goldwing.nl\/de\/wp-content\/uploads\/sites\/3\/2022\/11\/08220386a-1.jpg\" \/>\n\t<meta property=\"og:image:width\" content=\"1200\" \/>\n\t<meta property=\"og:image:height\" content=\"1200\" \/>\n\t<meta property=\"og:image:type\" content=\"image\/jpeg\" \/>\n<meta name=\"twitter:card\" content=\"summary_large_image\" \/>\n<script type=\"application\/ld+json\" class=\"yoast-schema-graph\">{\"@context\":\"https:\/\/schema.org\",\"@graph\":[{\"@type\":\"WebPage\",\"@id\":\"https:\/\/goldwing.nl\/de\/shop\/goldwing-gl-1800-2018-up-zubehoer\/rueckenlehne-gl1800-2018up-modelle-auch-bagger-p-08220386\/\",\"url\":\"https:\/\/goldwing.nl\/de\/shop\/goldwing-gl-1800-2018-up-zubehoer\/rueckenlehne-gl1800-2018up-modelle-auch-bagger-p-08220386\/\",\"name\":\"R\u00fcckenlehne GL1800 2018up Modelle, auch bagger (P 08220386) (G) - Goldwing.nl - DE\",\"isPartOf\":{\"@id\":\"https:\/\/goldwing.nl\/de\/#website\"},\"primaryImageOfPage\":{\"@id\":\"https:\/\/goldwing.nl\/de\/shop\/goldwing-gl-1800-2018-up-zubehoer\/rueckenlehne-gl1800-2018up-modelle-auch-bagger-p-08220386\/#primaryimage\"},\"image\":{\"@id\":\"https:\/\/goldwing.nl\/de\/shop\/goldwing-gl-1800-2018-up-zubehoer\/rueckenlehne-gl1800-2018up-modelle-auch-bagger-p-08220386\/#primaryimage\"},\"thumbnailUrl\":\"https:\/\/goldwing.nl\/de\/wp-content\/uploads\/sites\/3\/2022\/11\/08220386a-1.jpg\",\"datePublished\":\"2022-11-17T15:25:06+00:00\",\"dateModified\":\"2025-10-01T14:47:46+00:00\",\"breadcrumb\":{\"@id\":\"https:\/\/goldwing.nl\/de\/shop\/goldwing-gl-1800-2018-up-zubehoer\/rueckenlehne-gl1800-2018up-modelle-auch-bagger-p-08220386\/#breadcrumb\"},\"inLanguage\":\"de\",\"potentialAction\":[{\"@type\":\"ReadAction\",\"target\":[\"https:\/\/goldwing.nl\/de\/shop\/goldwing-gl-1800-2018-up-zubehoer\/rueckenlehne-gl1800-2018up-modelle-auch-bagger-p-08220386\/\"]}]},{\"@type\":\"ImageObject\",\"inLanguage\":\"de\",\"@id\":\"https:\/\/goldwing.nl\/de\/shop\/goldwing-gl-1800-2018-up-zubehoer\/rueckenlehne-gl1800-2018up-modelle-auch-bagger-p-08220386\/#primaryimage\",\"url\":\"https:\/\/goldwing.nl\/de\/wp-content\/uploads\/sites\/3\/2022\/11\/08220386a-1.jpg\",\"contentUrl\":\"https:\/\/goldwing.nl\/de\/wp-content\/uploads\/sites\/3\/2022\/11\/08220386a-1.jpg\",\"width\":1200,\"height\":1200},{\"@type\":\"BreadcrumbList\",\"@id\":\"https:\/\/goldwing.nl\/de\/shop\/goldwing-gl-1800-2018-up-zubehoer\/rueckenlehne-gl1800-2018up-modelle-auch-bagger-p-08220386\/#breadcrumb\",\"itemListElement\":[{\"@type\":\"ListItem\",\"position\":1,\"name\":\"Home\",\"item\":\"https:\/\/goldwing.nl\/de\/\"},{\"@type\":\"ListItem\",\"position\":2,\"name\":\"Webshop\",\"item\":\"https:\/\/goldwing.nl\/de\/shop\/\"},{\"@type\":\"ListItem\",\"position\":3,\"name\":\"R\u00fcckenlehne GL1800 2018up Modelle, auch bagger ( P 08220386 )\"}]},{\"@type\":\"WebSite\",\"@id\":\"https:\/\/goldwing.nl\/de\/#website\",\"url\":\"https:\/\/goldwing.nl\/de\/\",\"name\":\"Goldwing.nl - DE\",\"description\":\"Biker&#039;s Best\",\"publisher\":{\"@id\":\"https:\/\/goldwing.nl\/de\/#organization\"},\"potentialAction\":[{\"@type\":\"SearchAction\",\"target\":{\"@type\":\"EntryPoint\",\"urlTemplate\":\"https:\/\/goldwing.nl\/de\/?s={search_term_string}\"},\"query-input\":{\"@type\":\"PropertyValueSpecification\",\"valueRequired\":true,\"valueName\":\"search_term_string\"}}],\"inLanguage\":\"de\"},{\"@type\":\"Organization\",\"@id\":\"https:\/\/goldwing.nl\/de\/#organization\",\"name\":\"Goldwing.nl - DE\",\"url\":\"https:\/\/goldwing.nl\/de\/\",\"logo\":{\"@type\":\"ImageObject\",\"inLanguage\":\"de\",\"@id\":\"https:\/\/goldwing.nl\/de\/#\/schema\/logo\/image\/\",\"url\":\"https:\/\/goldwing.nl\/de\/wp-content\/uploads\/sites\/3\/2022\/08\/BikersBest-logo.png\",\"contentUrl\":\"https:\/\/goldwing.nl\/de\/wp-content\/uploads\/sites\/3\/2022\/08\/BikersBest-logo.png\",\"width\":311,\"height\":152,\"caption\":\"Goldwing.nl - DE\"},\"image\":{\"@id\":\"https:\/\/goldwing.nl\/de\/#\/schema\/logo\/image\/\"},\"sameAs\":[\"https:\/\/www.facebook.com\/302398026438779\"]}]}<\/script>\n<!-- \/ Yoast SEO plugin. -->","yoast_head_json":{"title":"R\u00fcckenlehne GL1800 2018up Modelle, auch bagger (P 08220386) (G) - Goldwing.nl - DE","robots":{"index":"index","follow":"follow","max-snippet":"max-snippet:-1","max-image-preview":"max-image-preview:large","max-video-preview":"max-video-preview:-1"},"canonical":"https:\/\/goldwing.nl\/de\/shop\/goldwing-gl-1800-2018-up-zubehoer\/rueckenlehne-gl1800-2018up-modelle-auch-bagger-p-08220386\/","og_locale":"de_DE","og_type":"article","og_title":"R\u00fcckenlehne GL1800 2018up Modelle, auch bagger (P 08220386) (G) - Goldwing.nl - DE","og_description":"R\u00fcckenlehne GL1800 2018up Modelle, auch bagger ( P 08220386 )   R\u00fcckenlehnenhalterung und R\u00fcckenlehnenbefestigung wurden neu gestaltet, um ein Schiebeverschlusssystem zu integrieren, das es der R\u00fcckenlehnenhalterung erm\u00f6glicht, durch die Sitz\u00f6ffnung hindurch an zwei Verriegelungsbolzen befestigt zu werden, die die R\u00fcckenlehne leicht sichern  . Ein kleines Anheben und Schwenken nach vorne oder hinten, je nach Passform, erm\u00f6glicht es, das gesamte R\u00fcckenlehnenpolster und die Baugruppe in Sekundenschnelle zu entfernen, ohne dass \u00fcber dem Sitz befindliche Teile sichtbar sind  Verstellbar, 1\" vertikal und 3\" horizontal  Hergestellt in U.S.A.","og_url":"https:\/\/goldwing.nl\/de\/shop\/goldwing-gl-1800-2018-up-zubehoer\/rueckenlehne-gl1800-2018up-modelle-auch-bagger-p-08220386\/","og_site_name":"Goldwing.nl - DE","article_publisher":"https:\/\/www.facebook.com\/302398026438779","article_modified_time":"2025-10-01T14:47:46+00:00","og_image":[{"width":1200,"height":1200,"url":"https:\/\/goldwing.nl\/de\/wp-content\/uploads\/sites\/3\/2022\/11\/08220386a-1.jpg","type":"image\/jpeg"}],"twitter_card":"summary_large_image","schema":{"@context":"https:\/\/schema.org","@graph":[{"@type":"WebPage","@id":"https:\/\/goldwing.nl\/de\/shop\/goldwing-gl-1800-2018-up-zubehoer\/rueckenlehne-gl1800-2018up-modelle-auch-bagger-p-08220386\/","url":"https:\/\/goldwing.nl\/de\/shop\/goldwing-gl-1800-2018-up-zubehoer\/rueckenlehne-gl1800-2018up-modelle-auch-bagger-p-08220386\/","name":"R\u00fcckenlehne GL1800 2018up Modelle, auch bagger (P 08220386) (G) - Goldwing.nl - DE","isPartOf":{"@id":"https:\/\/goldwing.nl\/de\/#website"},"primaryImageOfPage":{"@id":"https:\/\/goldwing.nl\/de\/shop\/goldwing-gl-1800-2018-up-zubehoer\/rueckenlehne-gl1800-2018up-modelle-auch-bagger-p-08220386\/#primaryimage"},"image":{"@id":"https:\/\/goldwing.nl\/de\/shop\/goldwing-gl-1800-2018-up-zubehoer\/rueckenlehne-gl1800-2018up-modelle-auch-bagger-p-08220386\/#primaryimage"},"thumbnailUrl":"https:\/\/goldwing.nl\/de\/wp-content\/uploads\/sites\/3\/2022\/11\/08220386a-1.jpg","datePublished":"2022-11-17T15:25:06+00:00","dateModified":"2025-10-01T14:47:46+00:00","breadcrumb":{"@id":"https:\/\/goldwing.nl\/de\/shop\/goldwing-gl-1800-2018-up-zubehoer\/rueckenlehne-gl1800-2018up-modelle-auch-bagger-p-08220386\/#breadcrumb"},"inLanguage":"de","potentialAction":[{"@type":"ReadAction","target":["https:\/\/goldwing.nl\/de\/shop\/goldwing-gl-1800-2018-up-zubehoer\/rueckenlehne-gl1800-2018up-modelle-auch-bagger-p-08220386\/"]}]},{"@type":"ImageObject","inLanguage":"de","@id":"https:\/\/goldwing.nl\/de\/shop\/goldwing-gl-1800-2018-up-zubehoer\/rueckenlehne-gl1800-2018up-modelle-auch-bagger-p-08220386\/#primaryimage","url":"https:\/\/goldwing.nl\/de\/wp-content\/uploads\/sites\/3\/2022\/11\/08220386a-1.jpg","contentUrl":"https:\/\/goldwing.nl\/de\/wp-content\/uploads\/sites\/3\/2022\/11\/08220386a-1.jpg","width":1200,"height":1200},{"@type":"BreadcrumbList","@id":"https:\/\/goldwing.nl\/de\/shop\/goldwing-gl-1800-2018-up-zubehoer\/rueckenlehne-gl1800-2018up-modelle-auch-bagger-p-08220386\/#breadcrumb","itemListElement":[{"@type":"ListItem","position":1,"name":"Home","item":"https:\/\/goldwing.nl\/de\/"},{"@type":"ListItem","position":2,"name":"Webshop","item":"https:\/\/goldwing.nl\/de\/shop\/"},{"@type":"ListItem","position":3,"name":"R\u00fcckenlehne GL1800 2018up Modelle, auch bagger ( P 08220386 )"}]},{"@type":"WebSite","@id":"https:\/\/goldwing.nl\/de\/#website","url":"https:\/\/goldwing.nl\/de\/","name":"Goldwing.nl - DE","description":"Biker&#039;s Best","publisher":{"@id":"https:\/\/goldwing.nl\/de\/#organization"},"potentialAction":[{"@type":"SearchAction","target":{"@type":"EntryPoint","urlTemplate":"https:\/\/goldwing.nl\/de\/?s={search_term_string}"},"query-input":{"@type":"PropertyValueSpecification","valueRequired":true,"valueName":"search_term_string"}}],"inLanguage":"de"},{"@type":"Organization","@id":"https:\/\/goldwing.nl\/de\/#organization","name":"Goldwing.nl - DE","url":"https:\/\/goldwing.nl\/de\/","logo":{"@type":"ImageObject","inLanguage":"de","@id":"https:\/\/goldwing.nl\/de\/#\/schema\/logo\/image\/","url":"https:\/\/goldwing.nl\/de\/wp-content\/uploads\/sites\/3\/2022\/08\/BikersBest-logo.png","contentUrl":"https:\/\/goldwing.nl\/de\/wp-content\/uploads\/sites\/3\/2022\/08\/BikersBest-logo.png","width":311,"height":152,"caption":"Goldwing.nl - DE"},"image":{"@id":"https:\/\/goldwing.nl\/de\/#\/schema\/logo\/image\/"},"sameAs":["https:\/\/www.facebook.com\/302398026438779"]}]}},"_links":{"self":[{"href":"https:\/\/goldwing.nl\/de\/wp-json\/wp\/v2\/product\/22968"}],"collection":[{"href":"https:\/\/goldwing.nl\/de\/wp-json\/wp\/v2\/product"}],"about":[{"href":"https:\/\/goldwing.nl\/de\/wp-json\/wp\/v2\/types\/product"}],"wp:featuredmedia":[{"embeddable":true,"href":"https:\/\/goldwing.nl\/de\/wp-json\/wp\/v2\/media\/22969"}],"wp:attachment":[{"href":"https:\/\/goldwing.nl\/de\/wp-json\/wp\/v2\/media?parent=22968"}],"wp:term":[{"taxonomy":"product_cat","embeddable":true,"href":"https:\/\/goldwing.nl\/de\/wp-json\/wp\/v2\/product_cat?post=22968"},{"taxonomy":"product_tag","embeddable":true,"href":"https:\/\/goldwing.nl\/de\/wp-json\/wp\/v2\/product_tag?post=22968"}],"curies":[{"name":"wp","href":"https:\/\/api.w.org\/{rel}","templated":true}]}}