{"id":22817,"date":"2022-11-17T15:21:04","date_gmt":"2022-11-17T15:21:04","guid":{"rendered":"https:\/\/goldwing.nl\/de\/?post_type=product&#038;p=22817"},"modified":"2025-10-01T14:16:16","modified_gmt":"2025-10-01T14:16:16","slug":"sturzbuegel-fussrastensatz-einstellbar-gl1800-2018up-modelle-schwarz","status":"publish","type":"product","link":"https:\/\/goldwing.nl\/de\/shop\/goldwing-gl-1800-2018-up-zubehoer\/sturzbuegel-fussrastensatz-einstellbar-gl1800-2018up-modelle-schwarz\/","title":{"rendered":"Sturzb\u00fcgel Fu\u00dfrastensatz einstellbar GL1800 2018up Modelle SCHWARZ (E)"},"content":{"rendered":"","protected":false},"excerpt":{"rendered":"<p>Sturzb\u00fcgel Fu\u00dfrastensatz\u00a0 einstellbar GL1800 2018up Modelle SCHWARZ<\/p>\n<ul>\n<li>Einfache Schraubinstallation<\/li>\n<li>Keine \u00c4nderungen an Ihrem Motorrad oder Kunststoffabdeckungen<\/li>\n<li>Verstecktes Montagesystem sorgt f\u00fcr sauberes Styling<\/li>\n<li>Ergonomisches Design<\/li>\n<li>Mehrere Montagepositionen<\/li>\n<li>3 lineare Verstellpunkte in der Basis integriert<\/li>\n<li>Voll verriegelnder, drehbarer Montagearm mit 30 Verriegelungspunkten<\/li>\n<li>Voll verriegelnde Gabelbefestigung mit 30 Verriegelungspunkten<\/li>\n<li>Konstruktion aus rostfreiem Stahl, rostet nicht wie bei Stahlkits<\/li>\n<li>Hardware aus rostfreiem Stahl<\/li>\n<\/ul>\n","protected":false},"featured_media":22818,"template":"","meta":{"_acf_changed":false},"product_cat":[400,544],"product_tag":[],"class_list":["post-22817","product","type-product","status-publish","has-post-thumbnail","hentry","product_cat-goldwing-gl-1800-2018-up-zubehoer","product_cat-gl-1800-bagger-2018-up","product_shipping_class-pakket-artikel","","woocommerce-text-align-center","woocommerce-image-align-center","do-quantity-buttons"],"acf":[],"yoast_head":"<!-- This site is optimized with the Yoast SEO plugin v25.6 - https:\/\/yoast.com\/wordpress\/plugins\/seo\/ -->\n<title>Sturzb\u00fcgel Fu\u00dfrastensatz einstellbar GL1800 2018up Modelle SCHWARZ (E) - Goldwing.nl - DE<\/title>\n<meta name=\"robots\" content=\"index, follow, max-snippet:-1, max-image-preview:large, max-video-preview:-1\" \/>\n<link rel=\"canonical\" href=\"https:\/\/goldwing.nl\/de\/shop\/goldwing-gl-1800-2018-up-zubehoer\/sturzbuegel-fussrastensatz-einstellbar-gl1800-2018up-modelle-schwarz\/\" \/>\n<meta property=\"og:locale\" content=\"de_DE\" \/>\n<meta property=\"og:type\" content=\"article\" \/>\n<meta property=\"og:title\" content=\"Sturzb\u00fcgel Fu\u00dfrastensatz einstellbar GL1800 2018up Modelle SCHWARZ (E) - Goldwing.nl - DE\" \/>\n<meta property=\"og:description\" content=\"Sturzb\u00fcgel Fu\u00dfrastensatz\u00a0 einstellbar GL1800 2018up Modelle SCHWARZ   Einfache Schraubinstallation  Keine \u00c4nderungen an Ihrem Motorrad oder Kunststoffabdeckungen  Verstecktes Montagesystem sorgt f\u00fcr sauberes Styling  Ergonomisches Design  Mehrere Montagepositionen  3 lineare Verstellpunkte in der Basis integriert  Voll verriegelnder, drehbarer Montagearm mit 30 Verriegelungspunkten  Voll verriegelnde Gabelbefestigung mit 30 Verriegelungspunkten  Konstruktion aus rostfreiem Stahl, rostet nicht wie bei Stahlkits  Hardware aus rostfreiem Stahl\" \/>\n<meta property=\"og:url\" content=\"https:\/\/goldwing.nl\/de\/shop\/goldwing-gl-1800-2018-up-zubehoer\/sturzbuegel-fussrastensatz-einstellbar-gl1800-2018up-modelle-schwarz\/\" \/>\n<meta property=\"og:site_name\" content=\"Goldwing.nl - DE\" \/>\n<meta property=\"article:publisher\" content=\"https:\/\/www.facebook.com\/302398026438779\" \/>\n<meta property=\"article:modified_time\" content=\"2025-10-01T14:16:16+00:00\" \/>\n<meta property=\"og:image\" content=\"https:\/\/goldwing.nl\/de\/wp-content\/uploads\/sites\/3\/2022\/11\/60325-1.png\" \/>\n\t<meta property=\"og:image:width\" content=\"500\" \/>\n\t<meta property=\"og:image:height\" content=\"354\" \/>\n\t<meta property=\"og:image:type\" content=\"image\/png\" \/>\n<meta name=\"twitter:card\" content=\"summary_large_image\" \/>\n<script type=\"application\/ld+json\" class=\"yoast-schema-graph\">{\"@context\":\"https:\/\/schema.org\",\"@graph\":[{\"@type\":\"WebPage\",\"@id\":\"https:\/\/goldwing.nl\/de\/shop\/goldwing-gl-1800-2018-up-zubehoer\/sturzbuegel-fussrastensatz-einstellbar-gl1800-2018up-modelle-schwarz\/\",\"url\":\"https:\/\/goldwing.nl\/de\/shop\/goldwing-gl-1800-2018-up-zubehoer\/sturzbuegel-fussrastensatz-einstellbar-gl1800-2018up-modelle-schwarz\/\",\"name\":\"Sturzb\u00fcgel Fu\u00dfrastensatz einstellbar GL1800 2018up Modelle SCHWARZ (E) - Goldwing.nl - DE\",\"isPartOf\":{\"@id\":\"https:\/\/goldwing.nl\/de\/#website\"},\"primaryImageOfPage\":{\"@id\":\"https:\/\/goldwing.nl\/de\/shop\/goldwing-gl-1800-2018-up-zubehoer\/sturzbuegel-fussrastensatz-einstellbar-gl1800-2018up-modelle-schwarz\/#primaryimage\"},\"image\":{\"@id\":\"https:\/\/goldwing.nl\/de\/shop\/goldwing-gl-1800-2018-up-zubehoer\/sturzbuegel-fussrastensatz-einstellbar-gl1800-2018up-modelle-schwarz\/#primaryimage\"},\"thumbnailUrl\":\"https:\/\/goldwing.nl\/de\/wp-content\/uploads\/sites\/3\/2022\/11\/60325-1.png\",\"datePublished\":\"2022-11-17T15:21:04+00:00\",\"dateModified\":\"2025-10-01T14:16:16+00:00\",\"breadcrumb\":{\"@id\":\"https:\/\/goldwing.nl\/de\/shop\/goldwing-gl-1800-2018-up-zubehoer\/sturzbuegel-fussrastensatz-einstellbar-gl1800-2018up-modelle-schwarz\/#breadcrumb\"},\"inLanguage\":\"de\",\"potentialAction\":[{\"@type\":\"ReadAction\",\"target\":[\"https:\/\/goldwing.nl\/de\/shop\/goldwing-gl-1800-2018-up-zubehoer\/sturzbuegel-fussrastensatz-einstellbar-gl1800-2018up-modelle-schwarz\/\"]}]},{\"@type\":\"ImageObject\",\"inLanguage\":\"de\",\"@id\":\"https:\/\/goldwing.nl\/de\/shop\/goldwing-gl-1800-2018-up-zubehoer\/sturzbuegel-fussrastensatz-einstellbar-gl1800-2018up-modelle-schwarz\/#primaryimage\",\"url\":\"https:\/\/goldwing.nl\/de\/wp-content\/uploads\/sites\/3\/2022\/11\/60325-1.png\",\"contentUrl\":\"https:\/\/goldwing.nl\/de\/wp-content\/uploads\/sites\/3\/2022\/11\/60325-1.png\",\"width\":500,\"height\":354},{\"@type\":\"BreadcrumbList\",\"@id\":\"https:\/\/goldwing.nl\/de\/shop\/goldwing-gl-1800-2018-up-zubehoer\/sturzbuegel-fussrastensatz-einstellbar-gl1800-2018up-modelle-schwarz\/#breadcrumb\",\"itemListElement\":[{\"@type\":\"ListItem\",\"position\":1,\"name\":\"Home\",\"item\":\"https:\/\/goldwing.nl\/de\/\"},{\"@type\":\"ListItem\",\"position\":2,\"name\":\"Webshop\",\"item\":\"https:\/\/goldwing.nl\/de\/shop\/\"},{\"@type\":\"ListItem\",\"position\":3,\"name\":\"Sturzb\u00fcgel Fu\u00dfrastensatz einstellbar GL1800 2018up Modelle SCHWARZ\"}]},{\"@type\":\"WebSite\",\"@id\":\"https:\/\/goldwing.nl\/de\/#website\",\"url\":\"https:\/\/goldwing.nl\/de\/\",\"name\":\"Goldwing.nl - DE\",\"description\":\"Biker&#039;s Best\",\"publisher\":{\"@id\":\"https:\/\/goldwing.nl\/de\/#organization\"},\"potentialAction\":[{\"@type\":\"SearchAction\",\"target\":{\"@type\":\"EntryPoint\",\"urlTemplate\":\"https:\/\/goldwing.nl\/de\/?s={search_term_string}\"},\"query-input\":{\"@type\":\"PropertyValueSpecification\",\"valueRequired\":true,\"valueName\":\"search_term_string\"}}],\"inLanguage\":\"de\"},{\"@type\":\"Organization\",\"@id\":\"https:\/\/goldwing.nl\/de\/#organization\",\"name\":\"Goldwing.nl - DE\",\"url\":\"https:\/\/goldwing.nl\/de\/\",\"logo\":{\"@type\":\"ImageObject\",\"inLanguage\":\"de\",\"@id\":\"https:\/\/goldwing.nl\/de\/#\/schema\/logo\/image\/\",\"url\":\"https:\/\/goldwing.nl\/de\/wp-content\/uploads\/sites\/3\/2022\/08\/BikersBest-logo.png\",\"contentUrl\":\"https:\/\/goldwing.nl\/de\/wp-content\/uploads\/sites\/3\/2022\/08\/BikersBest-logo.png\",\"width\":311,\"height\":152,\"caption\":\"Goldwing.nl - DE\"},\"image\":{\"@id\":\"https:\/\/goldwing.nl\/de\/#\/schema\/logo\/image\/\"},\"sameAs\":[\"https:\/\/www.facebook.com\/302398026438779\"]}]}<\/script>\n<!-- \/ Yoast SEO plugin. -->","yoast_head_json":{"title":"Sturzb\u00fcgel Fu\u00dfrastensatz einstellbar GL1800 2018up Modelle SCHWARZ (E) - Goldwing.nl - DE","robots":{"index":"index","follow":"follow","max-snippet":"max-snippet:-1","max-image-preview":"max-image-preview:large","max-video-preview":"max-video-preview:-1"},"canonical":"https:\/\/goldwing.nl\/de\/shop\/goldwing-gl-1800-2018-up-zubehoer\/sturzbuegel-fussrastensatz-einstellbar-gl1800-2018up-modelle-schwarz\/","og_locale":"de_DE","og_type":"article","og_title":"Sturzb\u00fcgel Fu\u00dfrastensatz einstellbar GL1800 2018up Modelle SCHWARZ (E) - Goldwing.nl - DE","og_description":"Sturzb\u00fcgel Fu\u00dfrastensatz\u00a0 einstellbar GL1800 2018up Modelle SCHWARZ   Einfache Schraubinstallation  Keine \u00c4nderungen an Ihrem Motorrad oder Kunststoffabdeckungen  Verstecktes Montagesystem sorgt f\u00fcr sauberes Styling  Ergonomisches Design  Mehrere Montagepositionen  3 lineare Verstellpunkte in der Basis integriert  Voll verriegelnder, drehbarer Montagearm mit 30 Verriegelungspunkten  Voll verriegelnde Gabelbefestigung mit 30 Verriegelungspunkten  Konstruktion aus rostfreiem Stahl, rostet nicht wie bei Stahlkits  Hardware aus rostfreiem Stahl","og_url":"https:\/\/goldwing.nl\/de\/shop\/goldwing-gl-1800-2018-up-zubehoer\/sturzbuegel-fussrastensatz-einstellbar-gl1800-2018up-modelle-schwarz\/","og_site_name":"Goldwing.nl - DE","article_publisher":"https:\/\/www.facebook.com\/302398026438779","article_modified_time":"2025-10-01T14:16:16+00:00","og_image":[{"width":500,"height":354,"url":"https:\/\/goldwing.nl\/de\/wp-content\/uploads\/sites\/3\/2022\/11\/60325-1.png","type":"image\/png"}],"twitter_card":"summary_large_image","schema":{"@context":"https:\/\/schema.org","@graph":[{"@type":"WebPage","@id":"https:\/\/goldwing.nl\/de\/shop\/goldwing-gl-1800-2018-up-zubehoer\/sturzbuegel-fussrastensatz-einstellbar-gl1800-2018up-modelle-schwarz\/","url":"https:\/\/goldwing.nl\/de\/shop\/goldwing-gl-1800-2018-up-zubehoer\/sturzbuegel-fussrastensatz-einstellbar-gl1800-2018up-modelle-schwarz\/","name":"Sturzb\u00fcgel Fu\u00dfrastensatz einstellbar GL1800 2018up Modelle SCHWARZ (E) - Goldwing.nl - DE","isPartOf":{"@id":"https:\/\/goldwing.nl\/de\/#website"},"primaryImageOfPage":{"@id":"https:\/\/goldwing.nl\/de\/shop\/goldwing-gl-1800-2018-up-zubehoer\/sturzbuegel-fussrastensatz-einstellbar-gl1800-2018up-modelle-schwarz\/#primaryimage"},"image":{"@id":"https:\/\/goldwing.nl\/de\/shop\/goldwing-gl-1800-2018-up-zubehoer\/sturzbuegel-fussrastensatz-einstellbar-gl1800-2018up-modelle-schwarz\/#primaryimage"},"thumbnailUrl":"https:\/\/goldwing.nl\/de\/wp-content\/uploads\/sites\/3\/2022\/11\/60325-1.png","datePublished":"2022-11-17T15:21:04+00:00","dateModified":"2025-10-01T14:16:16+00:00","breadcrumb":{"@id":"https:\/\/goldwing.nl\/de\/shop\/goldwing-gl-1800-2018-up-zubehoer\/sturzbuegel-fussrastensatz-einstellbar-gl1800-2018up-modelle-schwarz\/#breadcrumb"},"inLanguage":"de","potentialAction":[{"@type":"ReadAction","target":["https:\/\/goldwing.nl\/de\/shop\/goldwing-gl-1800-2018-up-zubehoer\/sturzbuegel-fussrastensatz-einstellbar-gl1800-2018up-modelle-schwarz\/"]}]},{"@type":"ImageObject","inLanguage":"de","@id":"https:\/\/goldwing.nl\/de\/shop\/goldwing-gl-1800-2018-up-zubehoer\/sturzbuegel-fussrastensatz-einstellbar-gl1800-2018up-modelle-schwarz\/#primaryimage","url":"https:\/\/goldwing.nl\/de\/wp-content\/uploads\/sites\/3\/2022\/11\/60325-1.png","contentUrl":"https:\/\/goldwing.nl\/de\/wp-content\/uploads\/sites\/3\/2022\/11\/60325-1.png","width":500,"height":354},{"@type":"BreadcrumbList","@id":"https:\/\/goldwing.nl\/de\/shop\/goldwing-gl-1800-2018-up-zubehoer\/sturzbuegel-fussrastensatz-einstellbar-gl1800-2018up-modelle-schwarz\/#breadcrumb","itemListElement":[{"@type":"ListItem","position":1,"name":"Home","item":"https:\/\/goldwing.nl\/de\/"},{"@type":"ListItem","position":2,"name":"Webshop","item":"https:\/\/goldwing.nl\/de\/shop\/"},{"@type":"ListItem","position":3,"name":"Sturzb\u00fcgel Fu\u00dfrastensatz einstellbar GL1800 2018up Modelle SCHWARZ"}]},{"@type":"WebSite","@id":"https:\/\/goldwing.nl\/de\/#website","url":"https:\/\/goldwing.nl\/de\/","name":"Goldwing.nl - DE","description":"Biker&#039;s Best","publisher":{"@id":"https:\/\/goldwing.nl\/de\/#organization"},"potentialAction":[{"@type":"SearchAction","target":{"@type":"EntryPoint","urlTemplate":"https:\/\/goldwing.nl\/de\/?s={search_term_string}"},"query-input":{"@type":"PropertyValueSpecification","valueRequired":true,"valueName":"search_term_string"}}],"inLanguage":"de"},{"@type":"Organization","@id":"https:\/\/goldwing.nl\/de\/#organization","name":"Goldwing.nl - DE","url":"https:\/\/goldwing.nl\/de\/","logo":{"@type":"ImageObject","inLanguage":"de","@id":"https:\/\/goldwing.nl\/de\/#\/schema\/logo\/image\/","url":"https:\/\/goldwing.nl\/de\/wp-content\/uploads\/sites\/3\/2022\/08\/BikersBest-logo.png","contentUrl":"https:\/\/goldwing.nl\/de\/wp-content\/uploads\/sites\/3\/2022\/08\/BikersBest-logo.png","width":311,"height":152,"caption":"Goldwing.nl - DE"},"image":{"@id":"https:\/\/goldwing.nl\/de\/#\/schema\/logo\/image\/"},"sameAs":["https:\/\/www.facebook.com\/302398026438779"]}]}},"_links":{"self":[{"href":"https:\/\/goldwing.nl\/de\/wp-json\/wp\/v2\/product\/22817"}],"collection":[{"href":"https:\/\/goldwing.nl\/de\/wp-json\/wp\/v2\/product"}],"about":[{"href":"https:\/\/goldwing.nl\/de\/wp-json\/wp\/v2\/types\/product"}],"wp:featuredmedia":[{"embeddable":true,"href":"https:\/\/goldwing.nl\/de\/wp-json\/wp\/v2\/media\/22818"}],"wp:attachment":[{"href":"https:\/\/goldwing.nl\/de\/wp-json\/wp\/v2\/media?parent=22817"}],"wp:term":[{"taxonomy":"product_cat","embeddable":true,"href":"https:\/\/goldwing.nl\/de\/wp-json\/wp\/v2\/product_cat?post=22817"},{"taxonomy":"product_tag","embeddable":true,"href":"https:\/\/goldwing.nl\/de\/wp-json\/wp\/v2\/product_tag?post=22817"}],"curies":[{"name":"wp","href":"https:\/\/api.w.org\/{rel}","templated":true}]}}