{"id":22627,"date":"2022-11-17T15:14:24","date_gmt":"2022-11-17T15:14:24","guid":{"rendered":"https:\/\/goldwing.nl\/de\/?post_type=product&#038;p=22627"},"modified":"2025-10-01T13:14:43","modified_gmt":"2025-10-01T13:14:43","slug":"verstellbarer-zehenstuetzensatz-gl1800-2018up-modelle","status":"publish","type":"product","link":"https:\/\/goldwing.nl\/de\/shop\/goldwing-gl-1800-2018-up-zubehoer\/verstellbarer-zehenstuetzensatz-gl1800-2018up-modelle\/","title":{"rendered":"Verstellbarer Zehenst\u00fctzensatz GL1800 2018up Modelle (D)"},"content":{"rendered":"","protected":false},"excerpt":{"rendered":"<p>Verstellbarer Zehenst\u00fctzensatz GL1800 2018up Modelle<\/p>\n<ul>\n<li>Zus\u00e4tzlicher Komfort<\/li>\n<li>Ergonomisches Design<\/li>\n<li>Zweifach einstellbare<\/li>\n<li>lineare Einstellung f\u00fcr Fahrer mit unterschiedlicher K\u00f6rpergr\u00f6\u00dfe<\/li>\n<li>Der Arm dreht sich auf einem Feststellgelenk f\u00fcr die endg\u00fcltige Positionierung<\/li>\n<li>Einfache Montage mit Schrauben<\/li>\n<li>Verstecktes Montagesystem sorgt f\u00fcr sauberes Styling<\/li>\n<li>Edelstahlkonstruktion, die bei richtiger Pflege nicht rostet<\/li>\n<li>Edelstahlbeschl\u00e4ge<\/li>\n<\/ul>\n","protected":false},"featured_media":22628,"template":"","meta":{"_acf_changed":false},"product_cat":[400,544],"product_tag":[],"class_list":["post-22627","product","type-product","status-publish","has-post-thumbnail","hentry","product_cat-goldwing-gl-1800-2018-up-zubehoer","product_cat-gl-1800-bagger-2018-up","product_shipping_class-pakket-artikel","","woocommerce-text-align-center","woocommerce-image-align-center","do-quantity-buttons"],"acf":[],"yoast_head":"<!-- This site is optimized with the Yoast SEO plugin v25.6 - https:\/\/yoast.com\/wordpress\/plugins\/seo\/ -->\n<title>Verstellbarer Zehenst\u00fctzensatz GL1800 2018up Modelle (D) - Goldwing.nl - DE<\/title>\n<meta name=\"robots\" content=\"index, follow, max-snippet:-1, max-image-preview:large, max-video-preview:-1\" \/>\n<link rel=\"canonical\" href=\"https:\/\/goldwing.nl\/de\/shop\/goldwing-gl-1800-2018-up-zubehoer\/verstellbarer-zehenstuetzensatz-gl1800-2018up-modelle\/\" \/>\n<meta property=\"og:locale\" content=\"de_DE\" \/>\n<meta property=\"og:type\" content=\"article\" \/>\n<meta property=\"og:title\" content=\"Verstellbarer Zehenst\u00fctzensatz GL1800 2018up Modelle (D) - Goldwing.nl - DE\" \/>\n<meta property=\"og:description\" content=\"Verstellbarer Zehenst\u00fctzensatz GL1800 2018up Modelle   Zus\u00e4tzlicher Komfort  Ergonomisches Design  Zweifach einstellbare  lineare Einstellung f\u00fcr Fahrer mit unterschiedlicher K\u00f6rpergr\u00f6\u00dfe  Der Arm dreht sich auf einem Feststellgelenk f\u00fcr die endg\u00fcltige Positionierung  Einfache Montage mit Schrauben  Verstecktes Montagesystem sorgt f\u00fcr sauberes Styling  Edelstahlkonstruktion, die bei richtiger Pflege nicht rostet  Edelstahlbeschl\u00e4ge\" \/>\n<meta property=\"og:url\" content=\"https:\/\/goldwing.nl\/de\/shop\/goldwing-gl-1800-2018-up-zubehoer\/verstellbarer-zehenstuetzensatz-gl1800-2018up-modelle\/\" \/>\n<meta property=\"og:site_name\" content=\"Goldwing.nl - DE\" \/>\n<meta property=\"article:publisher\" content=\"https:\/\/www.facebook.com\/302398026438779\" \/>\n<meta property=\"article:modified_time\" content=\"2025-10-01T13:14:43+00:00\" \/>\n<meta property=\"og:image\" content=\"https:\/\/goldwing.nl\/de\/wp-content\/uploads\/sites\/3\/2022\/11\/image_5f3bcd40d46b7_60330-1.jpg\" \/>\n\t<meta property=\"og:image:width\" content=\"1799\" \/>\n\t<meta property=\"og:image:height\" content=\"1199\" \/>\n\t<meta property=\"og:image:type\" content=\"image\/jpeg\" \/>\n<meta name=\"twitter:card\" content=\"summary_large_image\" \/>\n<script type=\"application\/ld+json\" class=\"yoast-schema-graph\">{\"@context\":\"https:\/\/schema.org\",\"@graph\":[{\"@type\":\"WebPage\",\"@id\":\"https:\/\/goldwing.nl\/de\/shop\/goldwing-gl-1800-2018-up-zubehoer\/verstellbarer-zehenstuetzensatz-gl1800-2018up-modelle\/\",\"url\":\"https:\/\/goldwing.nl\/de\/shop\/goldwing-gl-1800-2018-up-zubehoer\/verstellbarer-zehenstuetzensatz-gl1800-2018up-modelle\/\",\"name\":\"Verstellbarer Zehenst\u00fctzensatz GL1800 2018up Modelle (D) - Goldwing.nl - DE\",\"isPartOf\":{\"@id\":\"https:\/\/goldwing.nl\/de\/#website\"},\"primaryImageOfPage\":{\"@id\":\"https:\/\/goldwing.nl\/de\/shop\/goldwing-gl-1800-2018-up-zubehoer\/verstellbarer-zehenstuetzensatz-gl1800-2018up-modelle\/#primaryimage\"},\"image\":{\"@id\":\"https:\/\/goldwing.nl\/de\/shop\/goldwing-gl-1800-2018-up-zubehoer\/verstellbarer-zehenstuetzensatz-gl1800-2018up-modelle\/#primaryimage\"},\"thumbnailUrl\":\"https:\/\/goldwing.nl\/de\/wp-content\/uploads\/sites\/3\/2022\/11\/image_5f3bcd40d46b7_60330-1.jpg\",\"datePublished\":\"2022-11-17T15:14:24+00:00\",\"dateModified\":\"2025-10-01T13:14:43+00:00\",\"breadcrumb\":{\"@id\":\"https:\/\/goldwing.nl\/de\/shop\/goldwing-gl-1800-2018-up-zubehoer\/verstellbarer-zehenstuetzensatz-gl1800-2018up-modelle\/#breadcrumb\"},\"inLanguage\":\"de\",\"potentialAction\":[{\"@type\":\"ReadAction\",\"target\":[\"https:\/\/goldwing.nl\/de\/shop\/goldwing-gl-1800-2018-up-zubehoer\/verstellbarer-zehenstuetzensatz-gl1800-2018up-modelle\/\"]}]},{\"@type\":\"ImageObject\",\"inLanguage\":\"de\",\"@id\":\"https:\/\/goldwing.nl\/de\/shop\/goldwing-gl-1800-2018-up-zubehoer\/verstellbarer-zehenstuetzensatz-gl1800-2018up-modelle\/#primaryimage\",\"url\":\"https:\/\/goldwing.nl\/de\/wp-content\/uploads\/sites\/3\/2022\/11\/image_5f3bcd40d46b7_60330-1.jpg\",\"contentUrl\":\"https:\/\/goldwing.nl\/de\/wp-content\/uploads\/sites\/3\/2022\/11\/image_5f3bcd40d46b7_60330-1.jpg\",\"width\":1799,\"height\":1199},{\"@type\":\"BreadcrumbList\",\"@id\":\"https:\/\/goldwing.nl\/de\/shop\/goldwing-gl-1800-2018-up-zubehoer\/verstellbarer-zehenstuetzensatz-gl1800-2018up-modelle\/#breadcrumb\",\"itemListElement\":[{\"@type\":\"ListItem\",\"position\":1,\"name\":\"Home\",\"item\":\"https:\/\/goldwing.nl\/de\/\"},{\"@type\":\"ListItem\",\"position\":2,\"name\":\"Webshop\",\"item\":\"https:\/\/goldwing.nl\/de\/shop\/\"},{\"@type\":\"ListItem\",\"position\":3,\"name\":\"Verstellbarer Zehenst\u00fctzensatz GL1800 2018up Modelle\"}]},{\"@type\":\"WebSite\",\"@id\":\"https:\/\/goldwing.nl\/de\/#website\",\"url\":\"https:\/\/goldwing.nl\/de\/\",\"name\":\"Goldwing.nl - DE\",\"description\":\"Biker&#039;s Best\",\"publisher\":{\"@id\":\"https:\/\/goldwing.nl\/de\/#organization\"},\"potentialAction\":[{\"@type\":\"SearchAction\",\"target\":{\"@type\":\"EntryPoint\",\"urlTemplate\":\"https:\/\/goldwing.nl\/de\/?s={search_term_string}\"},\"query-input\":{\"@type\":\"PropertyValueSpecification\",\"valueRequired\":true,\"valueName\":\"search_term_string\"}}],\"inLanguage\":\"de\"},{\"@type\":\"Organization\",\"@id\":\"https:\/\/goldwing.nl\/de\/#organization\",\"name\":\"Goldwing.nl - DE\",\"url\":\"https:\/\/goldwing.nl\/de\/\",\"logo\":{\"@type\":\"ImageObject\",\"inLanguage\":\"de\",\"@id\":\"https:\/\/goldwing.nl\/de\/#\/schema\/logo\/image\/\",\"url\":\"https:\/\/goldwing.nl\/de\/wp-content\/uploads\/sites\/3\/2022\/08\/BikersBest-logo.png\",\"contentUrl\":\"https:\/\/goldwing.nl\/de\/wp-content\/uploads\/sites\/3\/2022\/08\/BikersBest-logo.png\",\"width\":311,\"height\":152,\"caption\":\"Goldwing.nl - DE\"},\"image\":{\"@id\":\"https:\/\/goldwing.nl\/de\/#\/schema\/logo\/image\/\"},\"sameAs\":[\"https:\/\/www.facebook.com\/302398026438779\"]}]}<\/script>\n<!-- \/ Yoast SEO plugin. -->","yoast_head_json":{"title":"Verstellbarer Zehenst\u00fctzensatz GL1800 2018up Modelle (D) - Goldwing.nl - DE","robots":{"index":"index","follow":"follow","max-snippet":"max-snippet:-1","max-image-preview":"max-image-preview:large","max-video-preview":"max-video-preview:-1"},"canonical":"https:\/\/goldwing.nl\/de\/shop\/goldwing-gl-1800-2018-up-zubehoer\/verstellbarer-zehenstuetzensatz-gl1800-2018up-modelle\/","og_locale":"de_DE","og_type":"article","og_title":"Verstellbarer Zehenst\u00fctzensatz GL1800 2018up Modelle (D) - Goldwing.nl - DE","og_description":"Verstellbarer Zehenst\u00fctzensatz GL1800 2018up Modelle   Zus\u00e4tzlicher Komfort  Ergonomisches Design  Zweifach einstellbare  lineare Einstellung f\u00fcr Fahrer mit unterschiedlicher K\u00f6rpergr\u00f6\u00dfe  Der Arm dreht sich auf einem Feststellgelenk f\u00fcr die endg\u00fcltige Positionierung  Einfache Montage mit Schrauben  Verstecktes Montagesystem sorgt f\u00fcr sauberes Styling  Edelstahlkonstruktion, die bei richtiger Pflege nicht rostet  Edelstahlbeschl\u00e4ge","og_url":"https:\/\/goldwing.nl\/de\/shop\/goldwing-gl-1800-2018-up-zubehoer\/verstellbarer-zehenstuetzensatz-gl1800-2018up-modelle\/","og_site_name":"Goldwing.nl - DE","article_publisher":"https:\/\/www.facebook.com\/302398026438779","article_modified_time":"2025-10-01T13:14:43+00:00","og_image":[{"width":1799,"height":1199,"url":"https:\/\/goldwing.nl\/de\/wp-content\/uploads\/sites\/3\/2022\/11\/image_5f3bcd40d46b7_60330-1.jpg","type":"image\/jpeg"}],"twitter_card":"summary_large_image","schema":{"@context":"https:\/\/schema.org","@graph":[{"@type":"WebPage","@id":"https:\/\/goldwing.nl\/de\/shop\/goldwing-gl-1800-2018-up-zubehoer\/verstellbarer-zehenstuetzensatz-gl1800-2018up-modelle\/","url":"https:\/\/goldwing.nl\/de\/shop\/goldwing-gl-1800-2018-up-zubehoer\/verstellbarer-zehenstuetzensatz-gl1800-2018up-modelle\/","name":"Verstellbarer Zehenst\u00fctzensatz GL1800 2018up Modelle (D) - Goldwing.nl - DE","isPartOf":{"@id":"https:\/\/goldwing.nl\/de\/#website"},"primaryImageOfPage":{"@id":"https:\/\/goldwing.nl\/de\/shop\/goldwing-gl-1800-2018-up-zubehoer\/verstellbarer-zehenstuetzensatz-gl1800-2018up-modelle\/#primaryimage"},"image":{"@id":"https:\/\/goldwing.nl\/de\/shop\/goldwing-gl-1800-2018-up-zubehoer\/verstellbarer-zehenstuetzensatz-gl1800-2018up-modelle\/#primaryimage"},"thumbnailUrl":"https:\/\/goldwing.nl\/de\/wp-content\/uploads\/sites\/3\/2022\/11\/image_5f3bcd40d46b7_60330-1.jpg","datePublished":"2022-11-17T15:14:24+00:00","dateModified":"2025-10-01T13:14:43+00:00","breadcrumb":{"@id":"https:\/\/goldwing.nl\/de\/shop\/goldwing-gl-1800-2018-up-zubehoer\/verstellbarer-zehenstuetzensatz-gl1800-2018up-modelle\/#breadcrumb"},"inLanguage":"de","potentialAction":[{"@type":"ReadAction","target":["https:\/\/goldwing.nl\/de\/shop\/goldwing-gl-1800-2018-up-zubehoer\/verstellbarer-zehenstuetzensatz-gl1800-2018up-modelle\/"]}]},{"@type":"ImageObject","inLanguage":"de","@id":"https:\/\/goldwing.nl\/de\/shop\/goldwing-gl-1800-2018-up-zubehoer\/verstellbarer-zehenstuetzensatz-gl1800-2018up-modelle\/#primaryimage","url":"https:\/\/goldwing.nl\/de\/wp-content\/uploads\/sites\/3\/2022\/11\/image_5f3bcd40d46b7_60330-1.jpg","contentUrl":"https:\/\/goldwing.nl\/de\/wp-content\/uploads\/sites\/3\/2022\/11\/image_5f3bcd40d46b7_60330-1.jpg","width":1799,"height":1199},{"@type":"BreadcrumbList","@id":"https:\/\/goldwing.nl\/de\/shop\/goldwing-gl-1800-2018-up-zubehoer\/verstellbarer-zehenstuetzensatz-gl1800-2018up-modelle\/#breadcrumb","itemListElement":[{"@type":"ListItem","position":1,"name":"Home","item":"https:\/\/goldwing.nl\/de\/"},{"@type":"ListItem","position":2,"name":"Webshop","item":"https:\/\/goldwing.nl\/de\/shop\/"},{"@type":"ListItem","position":3,"name":"Verstellbarer Zehenst\u00fctzensatz GL1800 2018up Modelle"}]},{"@type":"WebSite","@id":"https:\/\/goldwing.nl\/de\/#website","url":"https:\/\/goldwing.nl\/de\/","name":"Goldwing.nl - DE","description":"Biker&#039;s Best","publisher":{"@id":"https:\/\/goldwing.nl\/de\/#organization"},"potentialAction":[{"@type":"SearchAction","target":{"@type":"EntryPoint","urlTemplate":"https:\/\/goldwing.nl\/de\/?s={search_term_string}"},"query-input":{"@type":"PropertyValueSpecification","valueRequired":true,"valueName":"search_term_string"}}],"inLanguage":"de"},{"@type":"Organization","@id":"https:\/\/goldwing.nl\/de\/#organization","name":"Goldwing.nl - DE","url":"https:\/\/goldwing.nl\/de\/","logo":{"@type":"ImageObject","inLanguage":"de","@id":"https:\/\/goldwing.nl\/de\/#\/schema\/logo\/image\/","url":"https:\/\/goldwing.nl\/de\/wp-content\/uploads\/sites\/3\/2022\/08\/BikersBest-logo.png","contentUrl":"https:\/\/goldwing.nl\/de\/wp-content\/uploads\/sites\/3\/2022\/08\/BikersBest-logo.png","width":311,"height":152,"caption":"Goldwing.nl - DE"},"image":{"@id":"https:\/\/goldwing.nl\/de\/#\/schema\/logo\/image\/"},"sameAs":["https:\/\/www.facebook.com\/302398026438779"]}]}},"_links":{"self":[{"href":"https:\/\/goldwing.nl\/de\/wp-json\/wp\/v2\/product\/22627"}],"collection":[{"href":"https:\/\/goldwing.nl\/de\/wp-json\/wp\/v2\/product"}],"about":[{"href":"https:\/\/goldwing.nl\/de\/wp-json\/wp\/v2\/types\/product"}],"wp:featuredmedia":[{"embeddable":true,"href":"https:\/\/goldwing.nl\/de\/wp-json\/wp\/v2\/media\/22628"}],"wp:attachment":[{"href":"https:\/\/goldwing.nl\/de\/wp-json\/wp\/v2\/media?parent=22627"}],"wp:term":[{"taxonomy":"product_cat","embeddable":true,"href":"https:\/\/goldwing.nl\/de\/wp-json\/wp\/v2\/product_cat?post=22627"},{"taxonomy":"product_tag","embeddable":true,"href":"https:\/\/goldwing.nl\/de\/wp-json\/wp\/v2\/product_tag?post=22627"}],"curies":[{"name":"wp","href":"https:\/\/api.w.org\/{rel}","templated":true}]}}