{"id":22436,"date":"2022-11-17T15:08:14","date_gmt":"2022-11-17T15:08:14","guid":{"rendered":"https:\/\/goldwing.nl\/de\/?post_type=product&#038;p=22436"},"modified":"2025-02-25T15:46:30","modified_gmt":"2025-02-25T15:46:30","slug":"bagagerek-kuryakyn-zwart-gl1800-2001up-ook-2018up-modellen","status":"publish","type":"product","link":"https:\/\/goldwing.nl\/de\/shop\/goldwing-gl-1800\/gepaecktraeger-anhaengerkupplung\/bagagerek-kuryakyn-zwart-gl1800-2001up-ook-2018up-modellen\/","title":{"rendered":"Gep\u00e4cktr\u00e4ger Kuryakyn schwarz GL1800 2001up, auch 2018up Modelle  ( P 15100287 )"},"content":{"rendered":"","protected":false},"excerpt":{"rendered":"<p>Gep\u00e4cktr\u00e4ger Kuryakyn schwarz GL1800 2001up, auch 2018up Modelle<\/p>\n<ul>\n<li>Alle erforderlichen Befestigungselemente im Lieferumfang enthalten<\/li>\n<li>Hergestellt aus haltbarem Aluminiumguss<\/li>\n<li>Das konturierte Design passt perfekt zur Form des GL1800 Tourkoffers<\/li>\n<li>und verf\u00fcgt \u00fcber eine rutschfeste Gummieinlage, die daf\u00fcr sorgt, dass Ihre Ladung fest sitzt<\/li>\n<\/ul>\n","protected":false},"featured_media":22437,"template":"","meta":{"_acf_changed":false},"product_cat":[375,400],"product_tag":[],"class_list":["post-22436","product","type-product","status-publish","has-post-thumbnail","hentry","product_cat-gepaecktraeger-anhaengerkupplung","product_cat-goldwing-gl-1800-2018-up-zubehoer","product_shipping_class-pakket-artikel","","woocommerce-text-align-center","woocommerce-image-align-center","do-quantity-buttons"],"acf":[],"yoast_head":"<!-- This site is optimized with the Yoast SEO plugin v25.6 - https:\/\/yoast.com\/wordpress\/plugins\/seo\/ -->\n<title>Gep\u00e4cktr\u00e4ger Kuryakyn schwarz GL1800 2001up, auch 2018up Modelle ( P 15100287 ) - Goldwing.nl - DE<\/title>\n<meta name=\"robots\" content=\"index, follow, max-snippet:-1, max-image-preview:large, max-video-preview:-1\" \/>\n<link rel=\"canonical\" href=\"https:\/\/goldwing.nl\/de\/shop\/goldwing-gl-1800\/gepaecktraeger-anhaengerkupplung\/bagagerek-kuryakyn-zwart-gl1800-2001up-ook-2018up-modellen\/\" \/>\n<meta property=\"og:locale\" content=\"de_DE\" \/>\n<meta property=\"og:type\" content=\"article\" \/>\n<meta property=\"og:title\" content=\"Gep\u00e4cktr\u00e4ger Kuryakyn schwarz GL1800 2001up, auch 2018up Modelle ( P 15100287 ) - Goldwing.nl - DE\" \/>\n<meta property=\"og:description\" content=\"Gep\u00e4cktr\u00e4ger Kuryakyn schwarz GL1800 2001up, auch 2018up Modelle   Alle erforderlichen Befestigungselemente im Lieferumfang enthalten  Hergestellt aus haltbarem Aluminiumguss  Das konturierte Design passt perfekt zur Form des GL1800 Tourkoffers  und verf\u00fcgt \u00fcber eine rutschfeste Gummieinlage, die daf\u00fcr sorgt, dass Ihre Ladung fest sitzt\" \/>\n<meta property=\"og:url\" content=\"https:\/\/goldwing.nl\/de\/shop\/goldwing-gl-1800\/gepaecktraeger-anhaengerkupplung\/bagagerek-kuryakyn-zwart-gl1800-2001up-ook-2018up-modellen\/\" \/>\n<meta property=\"og:site_name\" content=\"Goldwing.nl - DE\" \/>\n<meta property=\"article:publisher\" content=\"https:\/\/www.facebook.com\/302398026438779\" \/>\n<meta property=\"article:modified_time\" content=\"2025-02-25T15:46:30+00:00\" \/>\n<meta property=\"og:image\" content=\"https:\/\/goldwing.nl\/de\/wp-content\/uploads\/sites\/3\/2022\/11\/8012A-1.jpg\" \/>\n\t<meta property=\"og:image:width\" content=\"648\" \/>\n\t<meta property=\"og:image:height\" content=\"432\" \/>\n\t<meta property=\"og:image:type\" content=\"image\/jpeg\" \/>\n<meta name=\"twitter:card\" content=\"summary_large_image\" \/>\n<script type=\"application\/ld+json\" class=\"yoast-schema-graph\">{\"@context\":\"https:\/\/schema.org\",\"@graph\":[{\"@type\":\"WebPage\",\"@id\":\"https:\/\/goldwing.nl\/de\/shop\/goldwing-gl-1800\/gepaecktraeger-anhaengerkupplung\/bagagerek-kuryakyn-zwart-gl1800-2001up-ook-2018up-modellen\/\",\"url\":\"https:\/\/goldwing.nl\/de\/shop\/goldwing-gl-1800\/gepaecktraeger-anhaengerkupplung\/bagagerek-kuryakyn-zwart-gl1800-2001up-ook-2018up-modellen\/\",\"name\":\"Gep\u00e4cktr\u00e4ger Kuryakyn schwarz GL1800 2001up, auch 2018up Modelle ( P 15100287 ) - Goldwing.nl - DE\",\"isPartOf\":{\"@id\":\"https:\/\/goldwing.nl\/de\/#website\"},\"primaryImageOfPage\":{\"@id\":\"https:\/\/goldwing.nl\/de\/shop\/goldwing-gl-1800\/gepaecktraeger-anhaengerkupplung\/bagagerek-kuryakyn-zwart-gl1800-2001up-ook-2018up-modellen\/#primaryimage\"},\"image\":{\"@id\":\"https:\/\/goldwing.nl\/de\/shop\/goldwing-gl-1800\/gepaecktraeger-anhaengerkupplung\/bagagerek-kuryakyn-zwart-gl1800-2001up-ook-2018up-modellen\/#primaryimage\"},\"thumbnailUrl\":\"https:\/\/goldwing.nl\/de\/wp-content\/uploads\/sites\/3\/2022\/11\/8012A-1.jpg\",\"datePublished\":\"2022-11-17T15:08:14+00:00\",\"dateModified\":\"2025-02-25T15:46:30+00:00\",\"breadcrumb\":{\"@id\":\"https:\/\/goldwing.nl\/de\/shop\/goldwing-gl-1800\/gepaecktraeger-anhaengerkupplung\/bagagerek-kuryakyn-zwart-gl1800-2001up-ook-2018up-modellen\/#breadcrumb\"},\"inLanguage\":\"de\",\"potentialAction\":[{\"@type\":\"ReadAction\",\"target\":[\"https:\/\/goldwing.nl\/de\/shop\/goldwing-gl-1800\/gepaecktraeger-anhaengerkupplung\/bagagerek-kuryakyn-zwart-gl1800-2001up-ook-2018up-modellen\/\"]}]},{\"@type\":\"ImageObject\",\"inLanguage\":\"de\",\"@id\":\"https:\/\/goldwing.nl\/de\/shop\/goldwing-gl-1800\/gepaecktraeger-anhaengerkupplung\/bagagerek-kuryakyn-zwart-gl1800-2001up-ook-2018up-modellen\/#primaryimage\",\"url\":\"https:\/\/goldwing.nl\/de\/wp-content\/uploads\/sites\/3\/2022\/11\/8012A-1.jpg\",\"contentUrl\":\"https:\/\/goldwing.nl\/de\/wp-content\/uploads\/sites\/3\/2022\/11\/8012A-1.jpg\",\"width\":648,\"height\":432},{\"@type\":\"BreadcrumbList\",\"@id\":\"https:\/\/goldwing.nl\/de\/shop\/goldwing-gl-1800\/gepaecktraeger-anhaengerkupplung\/bagagerek-kuryakyn-zwart-gl1800-2001up-ook-2018up-modellen\/#breadcrumb\",\"itemListElement\":[{\"@type\":\"ListItem\",\"position\":1,\"name\":\"Home\",\"item\":\"https:\/\/goldwing.nl\/de\/\"},{\"@type\":\"ListItem\",\"position\":2,\"name\":\"Webshop\",\"item\":\"https:\/\/goldwing.nl\/de\/shop\/\"},{\"@type\":\"ListItem\",\"position\":3,\"name\":\"Gep\u00e4cktr\u00e4ger Kuryakyn schwarz GL1800 2001up, auch 2018up Modelle ( P 15100287 )\"}]},{\"@type\":\"WebSite\",\"@id\":\"https:\/\/goldwing.nl\/de\/#website\",\"url\":\"https:\/\/goldwing.nl\/de\/\",\"name\":\"Goldwing.nl - DE\",\"description\":\"Biker&#039;s Best\",\"publisher\":{\"@id\":\"https:\/\/goldwing.nl\/de\/#organization\"},\"potentialAction\":[{\"@type\":\"SearchAction\",\"target\":{\"@type\":\"EntryPoint\",\"urlTemplate\":\"https:\/\/goldwing.nl\/de\/?s={search_term_string}\"},\"query-input\":{\"@type\":\"PropertyValueSpecification\",\"valueRequired\":true,\"valueName\":\"search_term_string\"}}],\"inLanguage\":\"de\"},{\"@type\":\"Organization\",\"@id\":\"https:\/\/goldwing.nl\/de\/#organization\",\"name\":\"Goldwing.nl - DE\",\"url\":\"https:\/\/goldwing.nl\/de\/\",\"logo\":{\"@type\":\"ImageObject\",\"inLanguage\":\"de\",\"@id\":\"https:\/\/goldwing.nl\/de\/#\/schema\/logo\/image\/\",\"url\":\"https:\/\/goldwing.nl\/de\/wp-content\/uploads\/sites\/3\/2022\/08\/BikersBest-logo.png\",\"contentUrl\":\"https:\/\/goldwing.nl\/de\/wp-content\/uploads\/sites\/3\/2022\/08\/BikersBest-logo.png\",\"width\":311,\"height\":152,\"caption\":\"Goldwing.nl - DE\"},\"image\":{\"@id\":\"https:\/\/goldwing.nl\/de\/#\/schema\/logo\/image\/\"},\"sameAs\":[\"https:\/\/www.facebook.com\/302398026438779\"]}]}<\/script>\n<!-- \/ Yoast SEO plugin. -->","yoast_head_json":{"title":"Gep\u00e4cktr\u00e4ger Kuryakyn schwarz GL1800 2001up, auch 2018up Modelle ( P 15100287 ) - Goldwing.nl - DE","robots":{"index":"index","follow":"follow","max-snippet":"max-snippet:-1","max-image-preview":"max-image-preview:large","max-video-preview":"max-video-preview:-1"},"canonical":"https:\/\/goldwing.nl\/de\/shop\/goldwing-gl-1800\/gepaecktraeger-anhaengerkupplung\/bagagerek-kuryakyn-zwart-gl1800-2001up-ook-2018up-modellen\/","og_locale":"de_DE","og_type":"article","og_title":"Gep\u00e4cktr\u00e4ger Kuryakyn schwarz GL1800 2001up, auch 2018up Modelle ( P 15100287 ) - Goldwing.nl - DE","og_description":"Gep\u00e4cktr\u00e4ger Kuryakyn schwarz GL1800 2001up, auch 2018up Modelle   Alle erforderlichen Befestigungselemente im Lieferumfang enthalten  Hergestellt aus haltbarem Aluminiumguss  Das konturierte Design passt perfekt zur Form des GL1800 Tourkoffers  und verf\u00fcgt \u00fcber eine rutschfeste Gummieinlage, die daf\u00fcr sorgt, dass Ihre Ladung fest sitzt","og_url":"https:\/\/goldwing.nl\/de\/shop\/goldwing-gl-1800\/gepaecktraeger-anhaengerkupplung\/bagagerek-kuryakyn-zwart-gl1800-2001up-ook-2018up-modellen\/","og_site_name":"Goldwing.nl - DE","article_publisher":"https:\/\/www.facebook.com\/302398026438779","article_modified_time":"2025-02-25T15:46:30+00:00","og_image":[{"width":648,"height":432,"url":"https:\/\/goldwing.nl\/de\/wp-content\/uploads\/sites\/3\/2022\/11\/8012A-1.jpg","type":"image\/jpeg"}],"twitter_card":"summary_large_image","schema":{"@context":"https:\/\/schema.org","@graph":[{"@type":"WebPage","@id":"https:\/\/goldwing.nl\/de\/shop\/goldwing-gl-1800\/gepaecktraeger-anhaengerkupplung\/bagagerek-kuryakyn-zwart-gl1800-2001up-ook-2018up-modellen\/","url":"https:\/\/goldwing.nl\/de\/shop\/goldwing-gl-1800\/gepaecktraeger-anhaengerkupplung\/bagagerek-kuryakyn-zwart-gl1800-2001up-ook-2018up-modellen\/","name":"Gep\u00e4cktr\u00e4ger Kuryakyn schwarz GL1800 2001up, auch 2018up Modelle ( P 15100287 ) - Goldwing.nl - DE","isPartOf":{"@id":"https:\/\/goldwing.nl\/de\/#website"},"primaryImageOfPage":{"@id":"https:\/\/goldwing.nl\/de\/shop\/goldwing-gl-1800\/gepaecktraeger-anhaengerkupplung\/bagagerek-kuryakyn-zwart-gl1800-2001up-ook-2018up-modellen\/#primaryimage"},"image":{"@id":"https:\/\/goldwing.nl\/de\/shop\/goldwing-gl-1800\/gepaecktraeger-anhaengerkupplung\/bagagerek-kuryakyn-zwart-gl1800-2001up-ook-2018up-modellen\/#primaryimage"},"thumbnailUrl":"https:\/\/goldwing.nl\/de\/wp-content\/uploads\/sites\/3\/2022\/11\/8012A-1.jpg","datePublished":"2022-11-17T15:08:14+00:00","dateModified":"2025-02-25T15:46:30+00:00","breadcrumb":{"@id":"https:\/\/goldwing.nl\/de\/shop\/goldwing-gl-1800\/gepaecktraeger-anhaengerkupplung\/bagagerek-kuryakyn-zwart-gl1800-2001up-ook-2018up-modellen\/#breadcrumb"},"inLanguage":"de","potentialAction":[{"@type":"ReadAction","target":["https:\/\/goldwing.nl\/de\/shop\/goldwing-gl-1800\/gepaecktraeger-anhaengerkupplung\/bagagerek-kuryakyn-zwart-gl1800-2001up-ook-2018up-modellen\/"]}]},{"@type":"ImageObject","inLanguage":"de","@id":"https:\/\/goldwing.nl\/de\/shop\/goldwing-gl-1800\/gepaecktraeger-anhaengerkupplung\/bagagerek-kuryakyn-zwart-gl1800-2001up-ook-2018up-modellen\/#primaryimage","url":"https:\/\/goldwing.nl\/de\/wp-content\/uploads\/sites\/3\/2022\/11\/8012A-1.jpg","contentUrl":"https:\/\/goldwing.nl\/de\/wp-content\/uploads\/sites\/3\/2022\/11\/8012A-1.jpg","width":648,"height":432},{"@type":"BreadcrumbList","@id":"https:\/\/goldwing.nl\/de\/shop\/goldwing-gl-1800\/gepaecktraeger-anhaengerkupplung\/bagagerek-kuryakyn-zwart-gl1800-2001up-ook-2018up-modellen\/#breadcrumb","itemListElement":[{"@type":"ListItem","position":1,"name":"Home","item":"https:\/\/goldwing.nl\/de\/"},{"@type":"ListItem","position":2,"name":"Webshop","item":"https:\/\/goldwing.nl\/de\/shop\/"},{"@type":"ListItem","position":3,"name":"Gep\u00e4cktr\u00e4ger Kuryakyn schwarz GL1800 2001up, auch 2018up Modelle ( P 15100287 )"}]},{"@type":"WebSite","@id":"https:\/\/goldwing.nl\/de\/#website","url":"https:\/\/goldwing.nl\/de\/","name":"Goldwing.nl - DE","description":"Biker&#039;s Best","publisher":{"@id":"https:\/\/goldwing.nl\/de\/#organization"},"potentialAction":[{"@type":"SearchAction","target":{"@type":"EntryPoint","urlTemplate":"https:\/\/goldwing.nl\/de\/?s={search_term_string}"},"query-input":{"@type":"PropertyValueSpecification","valueRequired":true,"valueName":"search_term_string"}}],"inLanguage":"de"},{"@type":"Organization","@id":"https:\/\/goldwing.nl\/de\/#organization","name":"Goldwing.nl - DE","url":"https:\/\/goldwing.nl\/de\/","logo":{"@type":"ImageObject","inLanguage":"de","@id":"https:\/\/goldwing.nl\/de\/#\/schema\/logo\/image\/","url":"https:\/\/goldwing.nl\/de\/wp-content\/uploads\/sites\/3\/2022\/08\/BikersBest-logo.png","contentUrl":"https:\/\/goldwing.nl\/de\/wp-content\/uploads\/sites\/3\/2022\/08\/BikersBest-logo.png","width":311,"height":152,"caption":"Goldwing.nl - DE"},"image":{"@id":"https:\/\/goldwing.nl\/de\/#\/schema\/logo\/image\/"},"sameAs":["https:\/\/www.facebook.com\/302398026438779"]}]}},"_links":{"self":[{"href":"https:\/\/goldwing.nl\/de\/wp-json\/wp\/v2\/product\/22436"}],"collection":[{"href":"https:\/\/goldwing.nl\/de\/wp-json\/wp\/v2\/product"}],"about":[{"href":"https:\/\/goldwing.nl\/de\/wp-json\/wp\/v2\/types\/product"}],"wp:featuredmedia":[{"embeddable":true,"href":"https:\/\/goldwing.nl\/de\/wp-json\/wp\/v2\/media\/22437"}],"wp:attachment":[{"href":"https:\/\/goldwing.nl\/de\/wp-json\/wp\/v2\/media?parent=22436"}],"wp:term":[{"taxonomy":"product_cat","embeddable":true,"href":"https:\/\/goldwing.nl\/de\/wp-json\/wp\/v2\/product_cat?post=22436"},{"taxonomy":"product_tag","embeddable":true,"href":"https:\/\/goldwing.nl\/de\/wp-json\/wp\/v2\/product_tag?post=22436"}],"curies":[{"name":"wp","href":"https:\/\/api.w.org\/{rel}","templated":true}]}}