{"id":22229,"date":"2022-11-17T15:01:34","date_gmt":"2022-11-17T15:01:34","guid":{"rendered":"https:\/\/goldwing.nl\/de\/?post_type=product&#038;p=22229"},"modified":"2025-10-03T12:02:58","modified_gmt":"2025-10-03T12:02:58","slug":"kofferdeckelbeleuchtung-set-gl1800-2018up","status":"publish","type":"product","link":"https:\/\/goldwing.nl\/de\/shop\/goldwing-gl-1800-2018-up-zubehoer\/kofferdeckelbeleuchtung-set-gl1800-2018up\/","title":{"rendered":"Kofferdeckelbeleuchtung Set GL1800 2018up (P 20402485 \/B 52-946) (I)"},"content":{"rendered":"","protected":false},"excerpt":{"rendered":"<p>Kofferdeckelbeleuchtung Set GL1800 2018up<\/p>\n<ul>\n<li>F\u00fcgt Sichtbarkeit zu den Satteltaschen zu verbessern, gesehen zu werden<\/li>\n<li>Wenn Sie nicht wissen, dass sie hinzugef\u00fcgt wurden, w\u00fcrden Sie denken, sie waren OEM, da sie die Fahrr\u00e4der Design und Form so gut folgen<\/li>\n<li>Diese 12 \u201ex \u00be\u201c LED Accent Lights haben 18 rote SMD-LEDs pro Seite mit passenden roten Reflektor Linse<\/li>\n<li>Diese enthalten ein subtiles Chrom-Design mit der eingelegten Linse<\/li>\n<li>Kann als Lauf-und Blinker verdrahtet werden, um die Sichtbarkeit zu verbessern<\/li>\n<li>Befestigt sicher mit Acryl doppelseitiges Klebeband und erfordert eine kleine Verdrahtung Loch<\/li>\n<li>Kommt mit allen ben\u00f6tigten Komponenten<\/li>\n<\/ul>\n","protected":false},"featured_media":22230,"template":"","meta":{"_acf_changed":false},"product_cat":[400,544],"product_tag":[],"class_list":["post-22229","product","type-product","status-publish","has-post-thumbnail","hentry","product_cat-goldwing-gl-1800-2018-up-zubehoer","product_cat-gl-1800-bagger-2018-up","product_shipping_class-pakket-artikel","","woocommerce-text-align-center","woocommerce-image-align-center","do-quantity-buttons"],"acf":[],"yoast_head":"<!-- This site is optimized with the Yoast SEO plugin v25.6 - https:\/\/yoast.com\/wordpress\/plugins\/seo\/ -->\n<title>Kofferdeckelbeleuchtung Set GL1800 2018up (P 20402485 \/B 52-946) (I) - Goldwing.nl - DE<\/title>\n<meta name=\"robots\" content=\"index, follow, max-snippet:-1, max-image-preview:large, max-video-preview:-1\" \/>\n<link rel=\"canonical\" href=\"https:\/\/goldwing.nl\/de\/shop\/goldwing-gl-1800-2018-up-zubehoer\/kofferdeckelbeleuchtung-set-gl1800-2018up\/\" \/>\n<meta property=\"og:locale\" content=\"de_DE\" \/>\n<meta property=\"og:type\" content=\"article\" \/>\n<meta property=\"og:title\" content=\"Kofferdeckelbeleuchtung Set GL1800 2018up (P 20402485 \/B 52-946) (I) - Goldwing.nl - DE\" \/>\n<meta property=\"og:description\" content=\"Kofferdeckelbeleuchtung Set GL1800 2018up   F\u00fcgt Sichtbarkeit zu den Satteltaschen zu verbessern, gesehen zu werden  Wenn Sie nicht wissen, dass sie hinzugef\u00fcgt wurden, w\u00fcrden Sie denken, sie waren OEM, da sie die Fahrr\u00e4der Design und Form so gut folgen  Diese 12 \u201ex \u00be\u201c LED Accent Lights haben 18 rote SMD-LEDs pro Seite mit passenden roten Reflektor Linse  Diese enthalten ein subtiles Chrom-Design mit der eingelegten Linse  Kann als Lauf-und Blinker verdrahtet werden, um die Sichtbarkeit zu verbessern  Befestigt sicher mit Acryl doppelseitiges Klebeband und erfordert eine kleine Verdrahtung Loch  Kommt mit allen ben\u00f6tigten Komponenten\" \/>\n<meta property=\"og:url\" content=\"https:\/\/goldwing.nl\/de\/shop\/goldwing-gl-1800-2018-up-zubehoer\/kofferdeckelbeleuchtung-set-gl1800-2018up\/\" \/>\n<meta property=\"og:site_name\" content=\"Goldwing.nl - DE\" \/>\n<meta property=\"article:publisher\" content=\"https:\/\/www.facebook.com\/302398026438779\" \/>\n<meta property=\"article:modified_time\" content=\"2025-10-03T12:02:58+00:00\" \/>\n<meta property=\"og:image\" content=\"https:\/\/goldwing.nl\/de\/wp-content\/uploads\/sites\/3\/2022\/11\/20191010_14405620Large-1.jpg\" \/>\n\t<meta property=\"og:image:width\" content=\"1779\" \/>\n\t<meta property=\"og:image:height\" content=\"1080\" \/>\n\t<meta property=\"og:image:type\" content=\"image\/jpeg\" \/>\n<meta name=\"twitter:card\" content=\"summary_large_image\" \/>\n<script type=\"application\/ld+json\" class=\"yoast-schema-graph\">{\"@context\":\"https:\/\/schema.org\",\"@graph\":[{\"@type\":\"WebPage\",\"@id\":\"https:\/\/goldwing.nl\/de\/shop\/goldwing-gl-1800-2018-up-zubehoer\/kofferdeckelbeleuchtung-set-gl1800-2018up\/\",\"url\":\"https:\/\/goldwing.nl\/de\/shop\/goldwing-gl-1800-2018-up-zubehoer\/kofferdeckelbeleuchtung-set-gl1800-2018up\/\",\"name\":\"Kofferdeckelbeleuchtung Set GL1800 2018up (P 20402485 \/B 52-946) (I) - Goldwing.nl - DE\",\"isPartOf\":{\"@id\":\"https:\/\/goldwing.nl\/de\/#website\"},\"primaryImageOfPage\":{\"@id\":\"https:\/\/goldwing.nl\/de\/shop\/goldwing-gl-1800-2018-up-zubehoer\/kofferdeckelbeleuchtung-set-gl1800-2018up\/#primaryimage\"},\"image\":{\"@id\":\"https:\/\/goldwing.nl\/de\/shop\/goldwing-gl-1800-2018-up-zubehoer\/kofferdeckelbeleuchtung-set-gl1800-2018up\/#primaryimage\"},\"thumbnailUrl\":\"https:\/\/goldwing.nl\/de\/wp-content\/uploads\/sites\/3\/2022\/11\/20191010_14405620Large-1.jpg\",\"datePublished\":\"2022-11-17T15:01:34+00:00\",\"dateModified\":\"2025-10-03T12:02:58+00:00\",\"breadcrumb\":{\"@id\":\"https:\/\/goldwing.nl\/de\/shop\/goldwing-gl-1800-2018-up-zubehoer\/kofferdeckelbeleuchtung-set-gl1800-2018up\/#breadcrumb\"},\"inLanguage\":\"de\",\"potentialAction\":[{\"@type\":\"ReadAction\",\"target\":[\"https:\/\/goldwing.nl\/de\/shop\/goldwing-gl-1800-2018-up-zubehoer\/kofferdeckelbeleuchtung-set-gl1800-2018up\/\"]}]},{\"@type\":\"ImageObject\",\"inLanguage\":\"de\",\"@id\":\"https:\/\/goldwing.nl\/de\/shop\/goldwing-gl-1800-2018-up-zubehoer\/kofferdeckelbeleuchtung-set-gl1800-2018up\/#primaryimage\",\"url\":\"https:\/\/goldwing.nl\/de\/wp-content\/uploads\/sites\/3\/2022\/11\/20191010_14405620Large-1.jpg\",\"contentUrl\":\"https:\/\/goldwing.nl\/de\/wp-content\/uploads\/sites\/3\/2022\/11\/20191010_14405620Large-1.jpg\",\"width\":1779,\"height\":1080},{\"@type\":\"BreadcrumbList\",\"@id\":\"https:\/\/goldwing.nl\/de\/shop\/goldwing-gl-1800-2018-up-zubehoer\/kofferdeckelbeleuchtung-set-gl1800-2018up\/#breadcrumb\",\"itemListElement\":[{\"@type\":\"ListItem\",\"position\":1,\"name\":\"Home\",\"item\":\"https:\/\/goldwing.nl\/de\/\"},{\"@type\":\"ListItem\",\"position\":2,\"name\":\"Webshop\",\"item\":\"https:\/\/goldwing.nl\/de\/shop\/\"},{\"@type\":\"ListItem\",\"position\":3,\"name\":\"Kofferdeckelbeleuchtung Set GL1800 2018up ( P 20402485 \/ B 52-946 )\"}]},{\"@type\":\"WebSite\",\"@id\":\"https:\/\/goldwing.nl\/de\/#website\",\"url\":\"https:\/\/goldwing.nl\/de\/\",\"name\":\"Goldwing.nl - DE\",\"description\":\"Biker&#039;s Best\",\"publisher\":{\"@id\":\"https:\/\/goldwing.nl\/de\/#organization\"},\"potentialAction\":[{\"@type\":\"SearchAction\",\"target\":{\"@type\":\"EntryPoint\",\"urlTemplate\":\"https:\/\/goldwing.nl\/de\/?s={search_term_string}\"},\"query-input\":{\"@type\":\"PropertyValueSpecification\",\"valueRequired\":true,\"valueName\":\"search_term_string\"}}],\"inLanguage\":\"de\"},{\"@type\":\"Organization\",\"@id\":\"https:\/\/goldwing.nl\/de\/#organization\",\"name\":\"Goldwing.nl - DE\",\"url\":\"https:\/\/goldwing.nl\/de\/\",\"logo\":{\"@type\":\"ImageObject\",\"inLanguage\":\"de\",\"@id\":\"https:\/\/goldwing.nl\/de\/#\/schema\/logo\/image\/\",\"url\":\"https:\/\/goldwing.nl\/de\/wp-content\/uploads\/sites\/3\/2022\/08\/BikersBest-logo.png\",\"contentUrl\":\"https:\/\/goldwing.nl\/de\/wp-content\/uploads\/sites\/3\/2022\/08\/BikersBest-logo.png\",\"width\":311,\"height\":152,\"caption\":\"Goldwing.nl - DE\"},\"image\":{\"@id\":\"https:\/\/goldwing.nl\/de\/#\/schema\/logo\/image\/\"},\"sameAs\":[\"https:\/\/www.facebook.com\/302398026438779\"]}]}<\/script>\n<!-- \/ Yoast SEO plugin. -->","yoast_head_json":{"title":"Kofferdeckelbeleuchtung Set GL1800 2018up (P 20402485 \/B 52-946) (I) - Goldwing.nl - DE","robots":{"index":"index","follow":"follow","max-snippet":"max-snippet:-1","max-image-preview":"max-image-preview:large","max-video-preview":"max-video-preview:-1"},"canonical":"https:\/\/goldwing.nl\/de\/shop\/goldwing-gl-1800-2018-up-zubehoer\/kofferdeckelbeleuchtung-set-gl1800-2018up\/","og_locale":"de_DE","og_type":"article","og_title":"Kofferdeckelbeleuchtung Set GL1800 2018up (P 20402485 \/B 52-946) (I) - Goldwing.nl - DE","og_description":"Kofferdeckelbeleuchtung Set GL1800 2018up   F\u00fcgt Sichtbarkeit zu den Satteltaschen zu verbessern, gesehen zu werden  Wenn Sie nicht wissen, dass sie hinzugef\u00fcgt wurden, w\u00fcrden Sie denken, sie waren OEM, da sie die Fahrr\u00e4der Design und Form so gut folgen  Diese 12 \u201ex \u00be\u201c LED Accent Lights haben 18 rote SMD-LEDs pro Seite mit passenden roten Reflektor Linse  Diese enthalten ein subtiles Chrom-Design mit der eingelegten Linse  Kann als Lauf-und Blinker verdrahtet werden, um die Sichtbarkeit zu verbessern  Befestigt sicher mit Acryl doppelseitiges Klebeband und erfordert eine kleine Verdrahtung Loch  Kommt mit allen ben\u00f6tigten Komponenten","og_url":"https:\/\/goldwing.nl\/de\/shop\/goldwing-gl-1800-2018-up-zubehoer\/kofferdeckelbeleuchtung-set-gl1800-2018up\/","og_site_name":"Goldwing.nl - DE","article_publisher":"https:\/\/www.facebook.com\/302398026438779","article_modified_time":"2025-10-03T12:02:58+00:00","og_image":[{"width":1779,"height":1080,"url":"https:\/\/goldwing.nl\/de\/wp-content\/uploads\/sites\/3\/2022\/11\/20191010_14405620Large-1.jpg","type":"image\/jpeg"}],"twitter_card":"summary_large_image","schema":{"@context":"https:\/\/schema.org","@graph":[{"@type":"WebPage","@id":"https:\/\/goldwing.nl\/de\/shop\/goldwing-gl-1800-2018-up-zubehoer\/kofferdeckelbeleuchtung-set-gl1800-2018up\/","url":"https:\/\/goldwing.nl\/de\/shop\/goldwing-gl-1800-2018-up-zubehoer\/kofferdeckelbeleuchtung-set-gl1800-2018up\/","name":"Kofferdeckelbeleuchtung Set GL1800 2018up (P 20402485 \/B 52-946) (I) - Goldwing.nl - DE","isPartOf":{"@id":"https:\/\/goldwing.nl\/de\/#website"},"primaryImageOfPage":{"@id":"https:\/\/goldwing.nl\/de\/shop\/goldwing-gl-1800-2018-up-zubehoer\/kofferdeckelbeleuchtung-set-gl1800-2018up\/#primaryimage"},"image":{"@id":"https:\/\/goldwing.nl\/de\/shop\/goldwing-gl-1800-2018-up-zubehoer\/kofferdeckelbeleuchtung-set-gl1800-2018up\/#primaryimage"},"thumbnailUrl":"https:\/\/goldwing.nl\/de\/wp-content\/uploads\/sites\/3\/2022\/11\/20191010_14405620Large-1.jpg","datePublished":"2022-11-17T15:01:34+00:00","dateModified":"2025-10-03T12:02:58+00:00","breadcrumb":{"@id":"https:\/\/goldwing.nl\/de\/shop\/goldwing-gl-1800-2018-up-zubehoer\/kofferdeckelbeleuchtung-set-gl1800-2018up\/#breadcrumb"},"inLanguage":"de","potentialAction":[{"@type":"ReadAction","target":["https:\/\/goldwing.nl\/de\/shop\/goldwing-gl-1800-2018-up-zubehoer\/kofferdeckelbeleuchtung-set-gl1800-2018up\/"]}]},{"@type":"ImageObject","inLanguage":"de","@id":"https:\/\/goldwing.nl\/de\/shop\/goldwing-gl-1800-2018-up-zubehoer\/kofferdeckelbeleuchtung-set-gl1800-2018up\/#primaryimage","url":"https:\/\/goldwing.nl\/de\/wp-content\/uploads\/sites\/3\/2022\/11\/20191010_14405620Large-1.jpg","contentUrl":"https:\/\/goldwing.nl\/de\/wp-content\/uploads\/sites\/3\/2022\/11\/20191010_14405620Large-1.jpg","width":1779,"height":1080},{"@type":"BreadcrumbList","@id":"https:\/\/goldwing.nl\/de\/shop\/goldwing-gl-1800-2018-up-zubehoer\/kofferdeckelbeleuchtung-set-gl1800-2018up\/#breadcrumb","itemListElement":[{"@type":"ListItem","position":1,"name":"Home","item":"https:\/\/goldwing.nl\/de\/"},{"@type":"ListItem","position":2,"name":"Webshop","item":"https:\/\/goldwing.nl\/de\/shop\/"},{"@type":"ListItem","position":3,"name":"Kofferdeckelbeleuchtung Set GL1800 2018up ( P 20402485 \/ B 52-946 )"}]},{"@type":"WebSite","@id":"https:\/\/goldwing.nl\/de\/#website","url":"https:\/\/goldwing.nl\/de\/","name":"Goldwing.nl - DE","description":"Biker&#039;s Best","publisher":{"@id":"https:\/\/goldwing.nl\/de\/#organization"},"potentialAction":[{"@type":"SearchAction","target":{"@type":"EntryPoint","urlTemplate":"https:\/\/goldwing.nl\/de\/?s={search_term_string}"},"query-input":{"@type":"PropertyValueSpecification","valueRequired":true,"valueName":"search_term_string"}}],"inLanguage":"de"},{"@type":"Organization","@id":"https:\/\/goldwing.nl\/de\/#organization","name":"Goldwing.nl - DE","url":"https:\/\/goldwing.nl\/de\/","logo":{"@type":"ImageObject","inLanguage":"de","@id":"https:\/\/goldwing.nl\/de\/#\/schema\/logo\/image\/","url":"https:\/\/goldwing.nl\/de\/wp-content\/uploads\/sites\/3\/2022\/08\/BikersBest-logo.png","contentUrl":"https:\/\/goldwing.nl\/de\/wp-content\/uploads\/sites\/3\/2022\/08\/BikersBest-logo.png","width":311,"height":152,"caption":"Goldwing.nl - DE"},"image":{"@id":"https:\/\/goldwing.nl\/de\/#\/schema\/logo\/image\/"},"sameAs":["https:\/\/www.facebook.com\/302398026438779"]}]}},"_links":{"self":[{"href":"https:\/\/goldwing.nl\/de\/wp-json\/wp\/v2\/product\/22229"}],"collection":[{"href":"https:\/\/goldwing.nl\/de\/wp-json\/wp\/v2\/product"}],"about":[{"href":"https:\/\/goldwing.nl\/de\/wp-json\/wp\/v2\/types\/product"}],"wp:featuredmedia":[{"embeddable":true,"href":"https:\/\/goldwing.nl\/de\/wp-json\/wp\/v2\/media\/22230"}],"wp:attachment":[{"href":"https:\/\/goldwing.nl\/de\/wp-json\/wp\/v2\/media?parent=22229"}],"wp:term":[{"taxonomy":"product_cat","embeddable":true,"href":"https:\/\/goldwing.nl\/de\/wp-json\/wp\/v2\/product_cat?post=22229"},{"taxonomy":"product_tag","embeddable":true,"href":"https:\/\/goldwing.nl\/de\/wp-json\/wp\/v2\/product_tag?post=22229"}],"curies":[{"name":"wp","href":"https:\/\/api.w.org\/{rel}","templated":true}]}}