{"id":22144,"date":"2022-11-17T14:59:22","date_gmt":"2022-11-17T14:59:22","guid":{"rendered":"https:\/\/goldwing.nl\/de\/?post_type=product&#038;p=22144"},"modified":"2025-10-01T14:58:44","modified_gmt":"2025-10-01T14:58:44","slug":"sicherungsblock-fuer-leuchte-an-gl1800-2018up-anschliessen","status":"publish","type":"product","link":"https:\/\/goldwing.nl\/de\/shop\/goldwing-gl-1800-2018-up-zubehoer\/sicherungsblock-fuer-leuchte-an-gl1800-2018up-anschliessen\/","title":{"rendered":"Sicherungsblock f\u00fcr Leuchte an GL1800 2018up anschlie\u00dfen. ( P 21200956 \/ B 52-942 ) (H)"},"content":{"rendered":"","protected":false},"excerpt":{"rendered":"<p>Sicherungsblock f\u00fcr Leuchte an GL1800 2018up anschlie\u00dfen.<\/p>\n<ul>\n<li>Verf\u00fcgt \u00fcber elf Anschlusspunkte, die durch neun separate Relais und Sicherungen elektronisch gesch\u00fctzt sind<\/li>\n<li>Umfasst Blinker, Fahrlicht, Bremslicht, immer eingeschaltet und verschl\u00fcsselte Anschlusspunkte<\/li>\n<li>Das elektrische System ist durch eine 20-Ampere-Sicherung und ein separates 30-Ampere-Relais gesch\u00fctzt, um all Ihre elektrischen Zubeh\u00f6rteile zu isolieren<\/li>\n<li>Zwei Sub-Kabelb\u00e4ume mit OEM-Steckern f\u00fcr eine nahtlose Konnektivit\u00e4t<\/li>\n<\/ul>\n","protected":false},"featured_media":22145,"template":"","meta":{"_acf_changed":false},"product_cat":[400,544],"product_tag":[],"class_list":["post-22144","product","type-product","status-publish","has-post-thumbnail","hentry","product_cat-goldwing-gl-1800-2018-up-zubehoer","product_cat-gl-1800-bagger-2018-up","product_shipping_class-pakket-artikel","","woocommerce-text-align-center","woocommerce-image-align-center","do-quantity-buttons"],"acf":[],"yoast_head":"<!-- This site is optimized with the Yoast SEO plugin v25.6 - https:\/\/yoast.com\/wordpress\/plugins\/seo\/ -->\n<title>Sicherungsblock f\u00fcr Leuchte an GL1800 2018up anschlie\u00dfen. ( P 21200956 \/ B 52-942 ) (H) - Goldwing.nl - DE<\/title>\n<meta name=\"robots\" content=\"index, follow, max-snippet:-1, max-image-preview:large, max-video-preview:-1\" \/>\n<link rel=\"canonical\" href=\"https:\/\/goldwing.nl\/de\/shop\/goldwing-gl-1800-2018-up-zubehoer\/sicherungsblock-fuer-leuchte-an-gl1800-2018up-anschliessen\/\" \/>\n<meta property=\"og:locale\" content=\"de_DE\" \/>\n<meta property=\"og:type\" content=\"article\" \/>\n<meta property=\"og:title\" content=\"Sicherungsblock f\u00fcr Leuchte an GL1800 2018up anschlie\u00dfen. ( P 21200956 \/ B 52-942 ) (H) - Goldwing.nl - DE\" \/>\n<meta property=\"og:description\" content=\"Sicherungsblock f\u00fcr Leuchte an GL1800 2018up anschlie\u00dfen.   Verf\u00fcgt \u00fcber elf Anschlusspunkte, die durch neun separate Relais und Sicherungen elektronisch gesch\u00fctzt sind  Umfasst Blinker, Fahrlicht, Bremslicht, immer eingeschaltet und verschl\u00fcsselte Anschlusspunkte  Das elektrische System ist durch eine 20-Ampere-Sicherung und ein separates 30-Ampere-Relais gesch\u00fctzt, um all Ihre elektrischen Zubeh\u00f6rteile zu isolieren  Zwei Sub-Kabelb\u00e4ume mit OEM-Steckern f\u00fcr eine nahtlose Konnektivit\u00e4t\" \/>\n<meta property=\"og:url\" content=\"https:\/\/goldwing.nl\/de\/shop\/goldwing-gl-1800-2018-up-zubehoer\/sicherungsblock-fuer-leuchte-an-gl1800-2018up-anschliessen\/\" \/>\n<meta property=\"og:site_name\" content=\"Goldwing.nl - DE\" \/>\n<meta property=\"article:publisher\" content=\"https:\/\/www.facebook.com\/302398026438779\" \/>\n<meta property=\"article:modified_time\" content=\"2025-10-01T14:58:44+00:00\" \/>\n<meta property=\"og:image\" content=\"https:\/\/goldwing.nl\/de\/wp-content\/uploads\/sites\/3\/2022\/11\/image_5daf07e77c5e6_79082-1.jpg\" \/>\n\t<meta property=\"og:image:width\" content=\"500\" \/>\n\t<meta property=\"og:image:height\" content=\"500\" \/>\n\t<meta property=\"og:image:type\" content=\"image\/jpeg\" \/>\n<meta name=\"twitter:card\" content=\"summary_large_image\" \/>\n<script type=\"application\/ld+json\" class=\"yoast-schema-graph\">{\"@context\":\"https:\/\/schema.org\",\"@graph\":[{\"@type\":\"WebPage\",\"@id\":\"https:\/\/goldwing.nl\/de\/shop\/goldwing-gl-1800-2018-up-zubehoer\/sicherungsblock-fuer-leuchte-an-gl1800-2018up-anschliessen\/\",\"url\":\"https:\/\/goldwing.nl\/de\/shop\/goldwing-gl-1800-2018-up-zubehoer\/sicherungsblock-fuer-leuchte-an-gl1800-2018up-anschliessen\/\",\"name\":\"Sicherungsblock f\u00fcr Leuchte an GL1800 2018up anschlie\u00dfen. ( P 21200956 \/ B 52-942 ) (H) - Goldwing.nl - DE\",\"isPartOf\":{\"@id\":\"https:\/\/goldwing.nl\/de\/#website\"},\"primaryImageOfPage\":{\"@id\":\"https:\/\/goldwing.nl\/de\/shop\/goldwing-gl-1800-2018-up-zubehoer\/sicherungsblock-fuer-leuchte-an-gl1800-2018up-anschliessen\/#primaryimage\"},\"image\":{\"@id\":\"https:\/\/goldwing.nl\/de\/shop\/goldwing-gl-1800-2018-up-zubehoer\/sicherungsblock-fuer-leuchte-an-gl1800-2018up-anschliessen\/#primaryimage\"},\"thumbnailUrl\":\"https:\/\/goldwing.nl\/de\/wp-content\/uploads\/sites\/3\/2022\/11\/image_5daf07e77c5e6_79082-1.jpg\",\"datePublished\":\"2022-11-17T14:59:22+00:00\",\"dateModified\":\"2025-10-01T14:58:44+00:00\",\"breadcrumb\":{\"@id\":\"https:\/\/goldwing.nl\/de\/shop\/goldwing-gl-1800-2018-up-zubehoer\/sicherungsblock-fuer-leuchte-an-gl1800-2018up-anschliessen\/#breadcrumb\"},\"inLanguage\":\"de\",\"potentialAction\":[{\"@type\":\"ReadAction\",\"target\":[\"https:\/\/goldwing.nl\/de\/shop\/goldwing-gl-1800-2018-up-zubehoer\/sicherungsblock-fuer-leuchte-an-gl1800-2018up-anschliessen\/\"]}]},{\"@type\":\"ImageObject\",\"inLanguage\":\"de\",\"@id\":\"https:\/\/goldwing.nl\/de\/shop\/goldwing-gl-1800-2018-up-zubehoer\/sicherungsblock-fuer-leuchte-an-gl1800-2018up-anschliessen\/#primaryimage\",\"url\":\"https:\/\/goldwing.nl\/de\/wp-content\/uploads\/sites\/3\/2022\/11\/image_5daf07e77c5e6_79082-1.jpg\",\"contentUrl\":\"https:\/\/goldwing.nl\/de\/wp-content\/uploads\/sites\/3\/2022\/11\/image_5daf07e77c5e6_79082-1.jpg\",\"width\":500,\"height\":500},{\"@type\":\"BreadcrumbList\",\"@id\":\"https:\/\/goldwing.nl\/de\/shop\/goldwing-gl-1800-2018-up-zubehoer\/sicherungsblock-fuer-leuchte-an-gl1800-2018up-anschliessen\/#breadcrumb\",\"itemListElement\":[{\"@type\":\"ListItem\",\"position\":1,\"name\":\"Home\",\"item\":\"https:\/\/goldwing.nl\/de\/\"},{\"@type\":\"ListItem\",\"position\":2,\"name\":\"Webshop\",\"item\":\"https:\/\/goldwing.nl\/de\/shop\/\"},{\"@type\":\"ListItem\",\"position\":3,\"name\":\"Sicherungsblock f\u00fcr Leuchte an GL1800 2018up anschlie\u00dfen. ( P 21200956 \/ B 52-942 )\"}]},{\"@type\":\"WebSite\",\"@id\":\"https:\/\/goldwing.nl\/de\/#website\",\"url\":\"https:\/\/goldwing.nl\/de\/\",\"name\":\"Goldwing.nl - DE\",\"description\":\"Biker&#039;s Best\",\"publisher\":{\"@id\":\"https:\/\/goldwing.nl\/de\/#organization\"},\"potentialAction\":[{\"@type\":\"SearchAction\",\"target\":{\"@type\":\"EntryPoint\",\"urlTemplate\":\"https:\/\/goldwing.nl\/de\/?s={search_term_string}\"},\"query-input\":{\"@type\":\"PropertyValueSpecification\",\"valueRequired\":true,\"valueName\":\"search_term_string\"}}],\"inLanguage\":\"de\"},{\"@type\":\"Organization\",\"@id\":\"https:\/\/goldwing.nl\/de\/#organization\",\"name\":\"Goldwing.nl - DE\",\"url\":\"https:\/\/goldwing.nl\/de\/\",\"logo\":{\"@type\":\"ImageObject\",\"inLanguage\":\"de\",\"@id\":\"https:\/\/goldwing.nl\/de\/#\/schema\/logo\/image\/\",\"url\":\"https:\/\/goldwing.nl\/de\/wp-content\/uploads\/sites\/3\/2022\/08\/BikersBest-logo.png\",\"contentUrl\":\"https:\/\/goldwing.nl\/de\/wp-content\/uploads\/sites\/3\/2022\/08\/BikersBest-logo.png\",\"width\":311,\"height\":152,\"caption\":\"Goldwing.nl - DE\"},\"image\":{\"@id\":\"https:\/\/goldwing.nl\/de\/#\/schema\/logo\/image\/\"},\"sameAs\":[\"https:\/\/www.facebook.com\/302398026438779\"]}]}<\/script>\n<!-- \/ Yoast SEO plugin. -->","yoast_head_json":{"title":"Sicherungsblock f\u00fcr Leuchte an GL1800 2018up anschlie\u00dfen. ( P 21200956 \/ B 52-942 ) (H) - Goldwing.nl - DE","robots":{"index":"index","follow":"follow","max-snippet":"max-snippet:-1","max-image-preview":"max-image-preview:large","max-video-preview":"max-video-preview:-1"},"canonical":"https:\/\/goldwing.nl\/de\/shop\/goldwing-gl-1800-2018-up-zubehoer\/sicherungsblock-fuer-leuchte-an-gl1800-2018up-anschliessen\/","og_locale":"de_DE","og_type":"article","og_title":"Sicherungsblock f\u00fcr Leuchte an GL1800 2018up anschlie\u00dfen. ( P 21200956 \/ B 52-942 ) (H) - Goldwing.nl - DE","og_description":"Sicherungsblock f\u00fcr Leuchte an GL1800 2018up anschlie\u00dfen.   Verf\u00fcgt \u00fcber elf Anschlusspunkte, die durch neun separate Relais und Sicherungen elektronisch gesch\u00fctzt sind  Umfasst Blinker, Fahrlicht, Bremslicht, immer eingeschaltet und verschl\u00fcsselte Anschlusspunkte  Das elektrische System ist durch eine 20-Ampere-Sicherung und ein separates 30-Ampere-Relais gesch\u00fctzt, um all Ihre elektrischen Zubeh\u00f6rteile zu isolieren  Zwei Sub-Kabelb\u00e4ume mit OEM-Steckern f\u00fcr eine nahtlose Konnektivit\u00e4t","og_url":"https:\/\/goldwing.nl\/de\/shop\/goldwing-gl-1800-2018-up-zubehoer\/sicherungsblock-fuer-leuchte-an-gl1800-2018up-anschliessen\/","og_site_name":"Goldwing.nl - DE","article_publisher":"https:\/\/www.facebook.com\/302398026438779","article_modified_time":"2025-10-01T14:58:44+00:00","og_image":[{"width":500,"height":500,"url":"https:\/\/goldwing.nl\/de\/wp-content\/uploads\/sites\/3\/2022\/11\/image_5daf07e77c5e6_79082-1.jpg","type":"image\/jpeg"}],"twitter_card":"summary_large_image","schema":{"@context":"https:\/\/schema.org","@graph":[{"@type":"WebPage","@id":"https:\/\/goldwing.nl\/de\/shop\/goldwing-gl-1800-2018-up-zubehoer\/sicherungsblock-fuer-leuchte-an-gl1800-2018up-anschliessen\/","url":"https:\/\/goldwing.nl\/de\/shop\/goldwing-gl-1800-2018-up-zubehoer\/sicherungsblock-fuer-leuchte-an-gl1800-2018up-anschliessen\/","name":"Sicherungsblock f\u00fcr Leuchte an GL1800 2018up anschlie\u00dfen. ( P 21200956 \/ B 52-942 ) (H) - Goldwing.nl - DE","isPartOf":{"@id":"https:\/\/goldwing.nl\/de\/#website"},"primaryImageOfPage":{"@id":"https:\/\/goldwing.nl\/de\/shop\/goldwing-gl-1800-2018-up-zubehoer\/sicherungsblock-fuer-leuchte-an-gl1800-2018up-anschliessen\/#primaryimage"},"image":{"@id":"https:\/\/goldwing.nl\/de\/shop\/goldwing-gl-1800-2018-up-zubehoer\/sicherungsblock-fuer-leuchte-an-gl1800-2018up-anschliessen\/#primaryimage"},"thumbnailUrl":"https:\/\/goldwing.nl\/de\/wp-content\/uploads\/sites\/3\/2022\/11\/image_5daf07e77c5e6_79082-1.jpg","datePublished":"2022-11-17T14:59:22+00:00","dateModified":"2025-10-01T14:58:44+00:00","breadcrumb":{"@id":"https:\/\/goldwing.nl\/de\/shop\/goldwing-gl-1800-2018-up-zubehoer\/sicherungsblock-fuer-leuchte-an-gl1800-2018up-anschliessen\/#breadcrumb"},"inLanguage":"de","potentialAction":[{"@type":"ReadAction","target":["https:\/\/goldwing.nl\/de\/shop\/goldwing-gl-1800-2018-up-zubehoer\/sicherungsblock-fuer-leuchte-an-gl1800-2018up-anschliessen\/"]}]},{"@type":"ImageObject","inLanguage":"de","@id":"https:\/\/goldwing.nl\/de\/shop\/goldwing-gl-1800-2018-up-zubehoer\/sicherungsblock-fuer-leuchte-an-gl1800-2018up-anschliessen\/#primaryimage","url":"https:\/\/goldwing.nl\/de\/wp-content\/uploads\/sites\/3\/2022\/11\/image_5daf07e77c5e6_79082-1.jpg","contentUrl":"https:\/\/goldwing.nl\/de\/wp-content\/uploads\/sites\/3\/2022\/11\/image_5daf07e77c5e6_79082-1.jpg","width":500,"height":500},{"@type":"BreadcrumbList","@id":"https:\/\/goldwing.nl\/de\/shop\/goldwing-gl-1800-2018-up-zubehoer\/sicherungsblock-fuer-leuchte-an-gl1800-2018up-anschliessen\/#breadcrumb","itemListElement":[{"@type":"ListItem","position":1,"name":"Home","item":"https:\/\/goldwing.nl\/de\/"},{"@type":"ListItem","position":2,"name":"Webshop","item":"https:\/\/goldwing.nl\/de\/shop\/"},{"@type":"ListItem","position":3,"name":"Sicherungsblock f\u00fcr Leuchte an GL1800 2018up anschlie\u00dfen. ( P 21200956 \/ B 52-942 )"}]},{"@type":"WebSite","@id":"https:\/\/goldwing.nl\/de\/#website","url":"https:\/\/goldwing.nl\/de\/","name":"Goldwing.nl - DE","description":"Biker&#039;s Best","publisher":{"@id":"https:\/\/goldwing.nl\/de\/#organization"},"potentialAction":[{"@type":"SearchAction","target":{"@type":"EntryPoint","urlTemplate":"https:\/\/goldwing.nl\/de\/?s={search_term_string}"},"query-input":{"@type":"PropertyValueSpecification","valueRequired":true,"valueName":"search_term_string"}}],"inLanguage":"de"},{"@type":"Organization","@id":"https:\/\/goldwing.nl\/de\/#organization","name":"Goldwing.nl - DE","url":"https:\/\/goldwing.nl\/de\/","logo":{"@type":"ImageObject","inLanguage":"de","@id":"https:\/\/goldwing.nl\/de\/#\/schema\/logo\/image\/","url":"https:\/\/goldwing.nl\/de\/wp-content\/uploads\/sites\/3\/2022\/08\/BikersBest-logo.png","contentUrl":"https:\/\/goldwing.nl\/de\/wp-content\/uploads\/sites\/3\/2022\/08\/BikersBest-logo.png","width":311,"height":152,"caption":"Goldwing.nl - DE"},"image":{"@id":"https:\/\/goldwing.nl\/de\/#\/schema\/logo\/image\/"},"sameAs":["https:\/\/www.facebook.com\/302398026438779"]}]}},"_links":{"self":[{"href":"https:\/\/goldwing.nl\/de\/wp-json\/wp\/v2\/product\/22144"}],"collection":[{"href":"https:\/\/goldwing.nl\/de\/wp-json\/wp\/v2\/product"}],"about":[{"href":"https:\/\/goldwing.nl\/de\/wp-json\/wp\/v2\/types\/product"}],"wp:featuredmedia":[{"embeddable":true,"href":"https:\/\/goldwing.nl\/de\/wp-json\/wp\/v2\/media\/22145"}],"wp:attachment":[{"href":"https:\/\/goldwing.nl\/de\/wp-json\/wp\/v2\/media?parent=22144"}],"wp:term":[{"taxonomy":"product_cat","embeddable":true,"href":"https:\/\/goldwing.nl\/de\/wp-json\/wp\/v2\/product_cat?post=22144"},{"taxonomy":"product_tag","embeddable":true,"href":"https:\/\/goldwing.nl\/de\/wp-json\/wp\/v2\/product_tag?post=22144"}],"curies":[{"name":"wp","href":"https:\/\/api.w.org\/{rel}","templated":true}]}}