{"id":22084,"date":"2022-11-17T14:57:33","date_gmt":"2022-11-17T14:57:33","guid":{"rendered":"https:\/\/goldwing.nl\/de\/?post_type=product&#038;p=22084"},"modified":"2026-02-26T15:03:44","modified_gmt":"2026-02-26T15:03:44","slug":"zylinderleiste-led-lichtset-gl1800-2018up-mehrfarbig","status":"publish","type":"product","link":"https:\/\/goldwing.nl\/de\/shop\/goldwing-gl-1800-2018-up-zubehoer\/zylinderleiste-led-lichtset-gl1800-2018up-mehrfarbig\/","title":{"rendered":"Zylinderleiste LED-Lichtset GL1800 2018up mehrfarbig &#8211; Sie brauchen # 42000 oder 41035 um zu operieren (A)"},"content":{"rendered":"","protected":false},"excerpt":{"rendered":"<p>Zylinderleiste LED-Lichtset GL1800 2018up mehrfarbig !<\/p>\n<ul>\n<li>Einfache Installation<\/li>\n<li>Millionen von Farben und alle Funktionen unserer Bluetooth-App bei Verwendung des separat erh\u00e4ltlichen Shock &amp; Awe Bluetooth-Controllers (P\/N 41035) oder f\u00fcr 21 verschiedene Farben, Flash, Breathe\/Fade, Paint Mode und mehr bei Verwendung des Manual Controllers (P\/N 42000)<\/li>\n<li>Superhelle, RGB-zertifizierte LEDs in Automobilqualit\u00e4t f\u00fcr Goldstrike<\/li>\n<li>F\u00fcr die Installation der Shock &amp; Awe\u00ae LED-Streifen f\u00fcr Motorbeleuchtungspaneele m\u00fcssen die Motorbeleuchtungspaneele 40055 oder 48055 (separat erh\u00e4ltlich) vorhanden sein<\/li>\n<\/ul>\n","protected":false},"featured_media":22085,"template":"","meta":{"_acf_changed":false},"product_cat":[400,544],"product_tag":[],"class_list":["post-22084","product","type-product","status-publish","has-post-thumbnail","hentry","product_cat-goldwing-gl-1800-2018-up-zubehoer","product_cat-gl-1800-bagger-2018-up","product_shipping_class-pakket-artikel","","woocommerce-text-align-center","woocommerce-image-align-center","do-quantity-buttons"],"acf":[],"yoast_head":"<!-- This site is optimized with the Yoast SEO plugin v25.6 - https:\/\/yoast.com\/wordpress\/plugins\/seo\/ -->\n<title>Zylinderleiste LED-Lichtset GL1800 2018up mehrfarbig - Sie brauchen # 42000 oder 41035 um zu operieren (A) - Goldwing.nl - DE<\/title>\n<meta name=\"robots\" content=\"index, follow, max-snippet:-1, max-image-preview:large, max-video-preview:-1\" \/>\n<link rel=\"canonical\" href=\"https:\/\/goldwing.nl\/de\/shop\/goldwing-gl-1800-2018-up-zubehoer\/zylinderleiste-led-lichtset-gl1800-2018up-mehrfarbig\/\" \/>\n<meta property=\"og:locale\" content=\"de_DE\" \/>\n<meta property=\"og:type\" content=\"article\" \/>\n<meta property=\"og:title\" content=\"Zylinderleiste LED-Lichtset GL1800 2018up mehrfarbig - Sie brauchen # 42000 oder 41035 um zu operieren (A) - Goldwing.nl - DE\" \/>\n<meta property=\"og:description\" content=\"Zylinderleiste LED-Lichtset GL1800 2018up mehrfarbig !   Einfache Installation  Millionen von Farben und alle Funktionen unserer Bluetooth-App bei Verwendung des separat erh\u00e4ltlichen Shock &amp; Awe Bluetooth-Controllers (P\/N 41035) oder f\u00fcr 21 verschiedene Farben, Flash, Breathe\/Fade, Paint Mode und mehr bei Verwendung des Manual Controllers (P\/N 42000)  Superhelle, RGB-zertifizierte LEDs in Automobilqualit\u00e4t f\u00fcr Goldstrike  F\u00fcr die Installation der Shock &amp; Awe\u00ae LED-Streifen f\u00fcr Motorbeleuchtungspaneele m\u00fcssen die Motorbeleuchtungspaneele 40055 oder 48055 (separat erh\u00e4ltlich) vorhanden sein\" \/>\n<meta property=\"og:url\" content=\"https:\/\/goldwing.nl\/de\/shop\/goldwing-gl-1800-2018-up-zubehoer\/zylinderleiste-led-lichtset-gl1800-2018up-mehrfarbig\/\" \/>\n<meta property=\"og:site_name\" content=\"Goldwing.nl - DE\" \/>\n<meta property=\"article:publisher\" content=\"https:\/\/www.facebook.com\/302398026438779\" \/>\n<meta property=\"article:modified_time\" content=\"2026-02-26T15:03:44+00:00\" \/>\n<meta property=\"og:image\" content=\"https:\/\/goldwing.nl\/de\/wp-content\/uploads\/sites\/3\/2022\/11\/40056-Engine-Light-2_1800x1800-1-1024x644.gif\" \/>\n\t<meta property=\"og:image:width\" content=\"1024\" \/>\n\t<meta property=\"og:image:height\" content=\"644\" \/>\n\t<meta property=\"og:image:type\" content=\"image\/gif\" \/>\n<meta name=\"twitter:card\" content=\"summary_large_image\" \/>\n<script type=\"application\/ld+json\" class=\"yoast-schema-graph\">{\"@context\":\"https:\/\/schema.org\",\"@graph\":[{\"@type\":\"WebPage\",\"@id\":\"https:\/\/goldwing.nl\/de\/shop\/goldwing-gl-1800-2018-up-zubehoer\/zylinderleiste-led-lichtset-gl1800-2018up-mehrfarbig\/\",\"url\":\"https:\/\/goldwing.nl\/de\/shop\/goldwing-gl-1800-2018-up-zubehoer\/zylinderleiste-led-lichtset-gl1800-2018up-mehrfarbig\/\",\"name\":\"Zylinderleiste LED-Lichtset GL1800 2018up mehrfarbig - Sie brauchen # 42000 oder 41035 um zu operieren (A) - Goldwing.nl - DE\",\"isPartOf\":{\"@id\":\"https:\/\/goldwing.nl\/de\/#website\"},\"primaryImageOfPage\":{\"@id\":\"https:\/\/goldwing.nl\/de\/shop\/goldwing-gl-1800-2018-up-zubehoer\/zylinderleiste-led-lichtset-gl1800-2018up-mehrfarbig\/#primaryimage\"},\"image\":{\"@id\":\"https:\/\/goldwing.nl\/de\/shop\/goldwing-gl-1800-2018-up-zubehoer\/zylinderleiste-led-lichtset-gl1800-2018up-mehrfarbig\/#primaryimage\"},\"thumbnailUrl\":\"https:\/\/goldwing.nl\/de\/wp-content\/uploads\/sites\/3\/2022\/11\/40056-Engine-Light-2_1800x1800-1.gif\",\"datePublished\":\"2022-11-17T14:57:33+00:00\",\"dateModified\":\"2026-02-26T15:03:44+00:00\",\"breadcrumb\":{\"@id\":\"https:\/\/goldwing.nl\/de\/shop\/goldwing-gl-1800-2018-up-zubehoer\/zylinderleiste-led-lichtset-gl1800-2018up-mehrfarbig\/#breadcrumb\"},\"inLanguage\":\"de\",\"potentialAction\":[{\"@type\":\"ReadAction\",\"target\":[\"https:\/\/goldwing.nl\/de\/shop\/goldwing-gl-1800-2018-up-zubehoer\/zylinderleiste-led-lichtset-gl1800-2018up-mehrfarbig\/\"]}]},{\"@type\":\"ImageObject\",\"inLanguage\":\"de\",\"@id\":\"https:\/\/goldwing.nl\/de\/shop\/goldwing-gl-1800-2018-up-zubehoer\/zylinderleiste-led-lichtset-gl1800-2018up-mehrfarbig\/#primaryimage\",\"url\":\"https:\/\/goldwing.nl\/de\/wp-content\/uploads\/sites\/3\/2022\/11\/40056-Engine-Light-2_1800x1800-1.gif\",\"contentUrl\":\"https:\/\/goldwing.nl\/de\/wp-content\/uploads\/sites\/3\/2022\/11\/40056-Engine-Light-2_1800x1800-1.gif\",\"width\":1200,\"height\":755},{\"@type\":\"BreadcrumbList\",\"@id\":\"https:\/\/goldwing.nl\/de\/shop\/goldwing-gl-1800-2018-up-zubehoer\/zylinderleiste-led-lichtset-gl1800-2018up-mehrfarbig\/#breadcrumb\",\"itemListElement\":[{\"@type\":\"ListItem\",\"position\":1,\"name\":\"Home\",\"item\":\"https:\/\/goldwing.nl\/de\/\"},{\"@type\":\"ListItem\",\"position\":2,\"name\":\"Webshop\",\"item\":\"https:\/\/goldwing.nl\/de\/shop\/\"},{\"@type\":\"ListItem\",\"position\":3,\"name\":\"Zylinderleiste LED-Lichtset GL1800 2018up mehrfarbig ! Sie brauchen # 42000, um zu operieren!\"}]},{\"@type\":\"WebSite\",\"@id\":\"https:\/\/goldwing.nl\/de\/#website\",\"url\":\"https:\/\/goldwing.nl\/de\/\",\"name\":\"Goldwing.nl - DE\",\"description\":\"Biker&#039;s Best\",\"publisher\":{\"@id\":\"https:\/\/goldwing.nl\/de\/#organization\"},\"potentialAction\":[{\"@type\":\"SearchAction\",\"target\":{\"@type\":\"EntryPoint\",\"urlTemplate\":\"https:\/\/goldwing.nl\/de\/?s={search_term_string}\"},\"query-input\":{\"@type\":\"PropertyValueSpecification\",\"valueRequired\":true,\"valueName\":\"search_term_string\"}}],\"inLanguage\":\"de\"},{\"@type\":\"Organization\",\"@id\":\"https:\/\/goldwing.nl\/de\/#organization\",\"name\":\"Goldwing.nl - DE\",\"url\":\"https:\/\/goldwing.nl\/de\/\",\"logo\":{\"@type\":\"ImageObject\",\"inLanguage\":\"de\",\"@id\":\"https:\/\/goldwing.nl\/de\/#\/schema\/logo\/image\/\",\"url\":\"https:\/\/goldwing.nl\/de\/wp-content\/uploads\/sites\/3\/2022\/08\/BikersBest-logo.png\",\"contentUrl\":\"https:\/\/goldwing.nl\/de\/wp-content\/uploads\/sites\/3\/2022\/08\/BikersBest-logo.png\",\"width\":311,\"height\":152,\"caption\":\"Goldwing.nl - DE\"},\"image\":{\"@id\":\"https:\/\/goldwing.nl\/de\/#\/schema\/logo\/image\/\"},\"sameAs\":[\"https:\/\/www.facebook.com\/302398026438779\"]}]}<\/script>\n<!-- \/ Yoast SEO plugin. -->","yoast_head_json":{"title":"Zylinderleiste LED-Lichtset GL1800 2018up mehrfarbig - Sie brauchen # 42000 oder 41035 um zu operieren (A) - Goldwing.nl - DE","robots":{"index":"index","follow":"follow","max-snippet":"max-snippet:-1","max-image-preview":"max-image-preview:large","max-video-preview":"max-video-preview:-1"},"canonical":"https:\/\/goldwing.nl\/de\/shop\/goldwing-gl-1800-2018-up-zubehoer\/zylinderleiste-led-lichtset-gl1800-2018up-mehrfarbig\/","og_locale":"de_DE","og_type":"article","og_title":"Zylinderleiste LED-Lichtset GL1800 2018up mehrfarbig - Sie brauchen # 42000 oder 41035 um zu operieren (A) - Goldwing.nl - DE","og_description":"Zylinderleiste LED-Lichtset GL1800 2018up mehrfarbig !   Einfache Installation  Millionen von Farben und alle Funktionen unserer Bluetooth-App bei Verwendung des separat erh\u00e4ltlichen Shock &amp; Awe Bluetooth-Controllers (P\/N 41035) oder f\u00fcr 21 verschiedene Farben, Flash, Breathe\/Fade, Paint Mode und mehr bei Verwendung des Manual Controllers (P\/N 42000)  Superhelle, RGB-zertifizierte LEDs in Automobilqualit\u00e4t f\u00fcr Goldstrike  F\u00fcr die Installation der Shock &amp; Awe\u00ae LED-Streifen f\u00fcr Motorbeleuchtungspaneele m\u00fcssen die Motorbeleuchtungspaneele 40055 oder 48055 (separat erh\u00e4ltlich) vorhanden sein","og_url":"https:\/\/goldwing.nl\/de\/shop\/goldwing-gl-1800-2018-up-zubehoer\/zylinderleiste-led-lichtset-gl1800-2018up-mehrfarbig\/","og_site_name":"Goldwing.nl - DE","article_publisher":"https:\/\/www.facebook.com\/302398026438779","article_modified_time":"2026-02-26T15:03:44+00:00","og_image":[{"width":1024,"height":644,"url":"https:\/\/goldwing.nl\/de\/wp-content\/uploads\/sites\/3\/2022\/11\/40056-Engine-Light-2_1800x1800-1-1024x644.gif","type":"image\/gif"}],"twitter_card":"summary_large_image","schema":{"@context":"https:\/\/schema.org","@graph":[{"@type":"WebPage","@id":"https:\/\/goldwing.nl\/de\/shop\/goldwing-gl-1800-2018-up-zubehoer\/zylinderleiste-led-lichtset-gl1800-2018up-mehrfarbig\/","url":"https:\/\/goldwing.nl\/de\/shop\/goldwing-gl-1800-2018-up-zubehoer\/zylinderleiste-led-lichtset-gl1800-2018up-mehrfarbig\/","name":"Zylinderleiste LED-Lichtset GL1800 2018up mehrfarbig - Sie brauchen # 42000 oder 41035 um zu operieren (A) - Goldwing.nl - DE","isPartOf":{"@id":"https:\/\/goldwing.nl\/de\/#website"},"primaryImageOfPage":{"@id":"https:\/\/goldwing.nl\/de\/shop\/goldwing-gl-1800-2018-up-zubehoer\/zylinderleiste-led-lichtset-gl1800-2018up-mehrfarbig\/#primaryimage"},"image":{"@id":"https:\/\/goldwing.nl\/de\/shop\/goldwing-gl-1800-2018-up-zubehoer\/zylinderleiste-led-lichtset-gl1800-2018up-mehrfarbig\/#primaryimage"},"thumbnailUrl":"https:\/\/goldwing.nl\/de\/wp-content\/uploads\/sites\/3\/2022\/11\/40056-Engine-Light-2_1800x1800-1.gif","datePublished":"2022-11-17T14:57:33+00:00","dateModified":"2026-02-26T15:03:44+00:00","breadcrumb":{"@id":"https:\/\/goldwing.nl\/de\/shop\/goldwing-gl-1800-2018-up-zubehoer\/zylinderleiste-led-lichtset-gl1800-2018up-mehrfarbig\/#breadcrumb"},"inLanguage":"de","potentialAction":[{"@type":"ReadAction","target":["https:\/\/goldwing.nl\/de\/shop\/goldwing-gl-1800-2018-up-zubehoer\/zylinderleiste-led-lichtset-gl1800-2018up-mehrfarbig\/"]}]},{"@type":"ImageObject","inLanguage":"de","@id":"https:\/\/goldwing.nl\/de\/shop\/goldwing-gl-1800-2018-up-zubehoer\/zylinderleiste-led-lichtset-gl1800-2018up-mehrfarbig\/#primaryimage","url":"https:\/\/goldwing.nl\/de\/wp-content\/uploads\/sites\/3\/2022\/11\/40056-Engine-Light-2_1800x1800-1.gif","contentUrl":"https:\/\/goldwing.nl\/de\/wp-content\/uploads\/sites\/3\/2022\/11\/40056-Engine-Light-2_1800x1800-1.gif","width":1200,"height":755},{"@type":"BreadcrumbList","@id":"https:\/\/goldwing.nl\/de\/shop\/goldwing-gl-1800-2018-up-zubehoer\/zylinderleiste-led-lichtset-gl1800-2018up-mehrfarbig\/#breadcrumb","itemListElement":[{"@type":"ListItem","position":1,"name":"Home","item":"https:\/\/goldwing.nl\/de\/"},{"@type":"ListItem","position":2,"name":"Webshop","item":"https:\/\/goldwing.nl\/de\/shop\/"},{"@type":"ListItem","position":3,"name":"Zylinderleiste LED-Lichtset GL1800 2018up mehrfarbig ! Sie brauchen # 42000, um zu operieren!"}]},{"@type":"WebSite","@id":"https:\/\/goldwing.nl\/de\/#website","url":"https:\/\/goldwing.nl\/de\/","name":"Goldwing.nl - DE","description":"Biker&#039;s Best","publisher":{"@id":"https:\/\/goldwing.nl\/de\/#organization"},"potentialAction":[{"@type":"SearchAction","target":{"@type":"EntryPoint","urlTemplate":"https:\/\/goldwing.nl\/de\/?s={search_term_string}"},"query-input":{"@type":"PropertyValueSpecification","valueRequired":true,"valueName":"search_term_string"}}],"inLanguage":"de"},{"@type":"Organization","@id":"https:\/\/goldwing.nl\/de\/#organization","name":"Goldwing.nl - DE","url":"https:\/\/goldwing.nl\/de\/","logo":{"@type":"ImageObject","inLanguage":"de","@id":"https:\/\/goldwing.nl\/de\/#\/schema\/logo\/image\/","url":"https:\/\/goldwing.nl\/de\/wp-content\/uploads\/sites\/3\/2022\/08\/BikersBest-logo.png","contentUrl":"https:\/\/goldwing.nl\/de\/wp-content\/uploads\/sites\/3\/2022\/08\/BikersBest-logo.png","width":311,"height":152,"caption":"Goldwing.nl - DE"},"image":{"@id":"https:\/\/goldwing.nl\/de\/#\/schema\/logo\/image\/"},"sameAs":["https:\/\/www.facebook.com\/302398026438779"]}]}},"_links":{"self":[{"href":"https:\/\/goldwing.nl\/de\/wp-json\/wp\/v2\/product\/22084"}],"collection":[{"href":"https:\/\/goldwing.nl\/de\/wp-json\/wp\/v2\/product"}],"about":[{"href":"https:\/\/goldwing.nl\/de\/wp-json\/wp\/v2\/types\/product"}],"wp:featuredmedia":[{"embeddable":true,"href":"https:\/\/goldwing.nl\/de\/wp-json\/wp\/v2\/media\/22085"}],"wp:attachment":[{"href":"https:\/\/goldwing.nl\/de\/wp-json\/wp\/v2\/media?parent=22084"}],"wp:term":[{"taxonomy":"product_cat","embeddable":true,"href":"https:\/\/goldwing.nl\/de\/wp-json\/wp\/v2\/product_cat?post=22084"},{"taxonomy":"product_tag","embeddable":true,"href":"https:\/\/goldwing.nl\/de\/wp-json\/wp\/v2\/product_tag?post=22084"}],"curies":[{"name":"wp","href":"https:\/\/api.w.org\/{rel}","templated":true}]}}