{"id":22040,"date":"2022-11-17T14:56:17","date_gmt":"2022-11-17T14:56:17","guid":{"rendered":"https:\/\/goldwing.nl\/de\/?post_type=product&#038;p=22040"},"modified":"2025-10-01T13:05:54","modified_gmt":"2025-10-01T13:05:54","slug":"aufhaengepunkt-zubehoer-rechts-am-lenker-gl1800-2018up","status":"publish","type":"product","link":"https:\/\/goldwing.nl\/de\/shop\/goldwing-gl-1800-2018-up-zubehoer\/aufhaengepunkt-zubehoer-rechts-am-lenker-gl1800-2018up\/","title":{"rendered":"Aufh\u00e4ngepunkt Zubeh\u00f6r am Lenker GL1800 2018up (D)"},"content":{"rendered":"","protected":false},"excerpt":{"rendered":"<p>Aufh\u00e4ngepunkt Zubeh\u00f6r rechts am Lenker GL1800 2018up<\/p>\n<ul>\n<li>Kann bei Motorr\u00e4dern mit Schaltgetriebe auf der linken oder rechten Seite verwendet werden, Details siehe Einbau.<\/li>\n<li>Vollst\u00e4ndig einstellbares Befestigungssystem<\/li>\n<li>360\u00b0 schwenkbar in zwei Richtungen<\/li>\n<li>Funktioniert mit allen Goldstrike oder Ciro Original-Kugelhalterungen<\/li>\n<li>Funktioniert nicht mit GEN 2-Zubeh\u00f6r<\/li>\n<\/ul>\n","protected":false},"featured_media":22041,"template":"","meta":{"_acf_changed":false},"product_cat":[400,544],"product_tag":[],"class_list":["post-22040","product","type-product","status-publish","has-post-thumbnail","hentry","product_cat-goldwing-gl-1800-2018-up-zubehoer","product_cat-gl-1800-bagger-2018-up","product_shipping_class-pakket-artikel","","woocommerce-text-align-center","woocommerce-image-align-center","do-quantity-buttons"],"acf":[],"yoast_head":"<!-- This site is optimized with the Yoast SEO plugin v25.6 - https:\/\/yoast.com\/wordpress\/plugins\/seo\/ -->\n<title>Aufh\u00e4ngepunkt Zubeh\u00f6r am Lenker GL1800 2018up (D) - Goldwing.nl - DE<\/title>\n<meta name=\"robots\" content=\"index, follow, max-snippet:-1, max-image-preview:large, max-video-preview:-1\" \/>\n<link rel=\"canonical\" href=\"https:\/\/goldwing.nl\/de\/shop\/goldwing-gl-1800-2018-up-zubehoer\/aufhaengepunkt-zubehoer-rechts-am-lenker-gl1800-2018up\/\" \/>\n<meta property=\"og:locale\" content=\"de_DE\" \/>\n<meta property=\"og:type\" content=\"article\" \/>\n<meta property=\"og:title\" content=\"Aufh\u00e4ngepunkt Zubeh\u00f6r am Lenker GL1800 2018up (D) - Goldwing.nl - DE\" \/>\n<meta property=\"og:description\" content=\"Aufh\u00e4ngepunkt Zubeh\u00f6r rechts am Lenker GL1800 2018up   Kann bei Motorr\u00e4dern mit Schaltgetriebe auf der linken oder rechten Seite verwendet werden, Details siehe Einbau.  Vollst\u00e4ndig einstellbares Befestigungssystem  360\u00b0 schwenkbar in zwei Richtungen  Funktioniert mit allen Goldstrike oder Ciro Original-Kugelhalterungen  Funktioniert nicht mit GEN 2-Zubeh\u00f6r\" \/>\n<meta property=\"og:url\" content=\"https:\/\/goldwing.nl\/de\/shop\/goldwing-gl-1800-2018-up-zubehoer\/aufhaengepunkt-zubehoer-rechts-am-lenker-gl1800-2018up\/\" \/>\n<meta property=\"og:site_name\" content=\"Goldwing.nl - DE\" \/>\n<meta property=\"article:publisher\" content=\"https:\/\/www.facebook.com\/302398026438779\" \/>\n<meta property=\"article:modified_time\" content=\"2025-10-01T13:05:54+00:00\" \/>\n<meta property=\"og:image\" content=\"https:\/\/goldwing.nl\/de\/wp-content\/uploads\/sites\/3\/2022\/11\/58119a-1.jpg\" \/>\n\t<meta property=\"og:image:width\" content=\"800\" \/>\n\t<meta property=\"og:image:height\" content=\"800\" \/>\n\t<meta property=\"og:image:type\" content=\"image\/jpeg\" \/>\n<meta name=\"twitter:card\" content=\"summary_large_image\" \/>\n<script type=\"application\/ld+json\" class=\"yoast-schema-graph\">{\"@context\":\"https:\/\/schema.org\",\"@graph\":[{\"@type\":\"WebPage\",\"@id\":\"https:\/\/goldwing.nl\/de\/shop\/goldwing-gl-1800-2018-up-zubehoer\/aufhaengepunkt-zubehoer-rechts-am-lenker-gl1800-2018up\/\",\"url\":\"https:\/\/goldwing.nl\/de\/shop\/goldwing-gl-1800-2018-up-zubehoer\/aufhaengepunkt-zubehoer-rechts-am-lenker-gl1800-2018up\/\",\"name\":\"Aufh\u00e4ngepunkt Zubeh\u00f6r am Lenker GL1800 2018up (D) - Goldwing.nl - DE\",\"isPartOf\":{\"@id\":\"https:\/\/goldwing.nl\/de\/#website\"},\"primaryImageOfPage\":{\"@id\":\"https:\/\/goldwing.nl\/de\/shop\/goldwing-gl-1800-2018-up-zubehoer\/aufhaengepunkt-zubehoer-rechts-am-lenker-gl1800-2018up\/#primaryimage\"},\"image\":{\"@id\":\"https:\/\/goldwing.nl\/de\/shop\/goldwing-gl-1800-2018-up-zubehoer\/aufhaengepunkt-zubehoer-rechts-am-lenker-gl1800-2018up\/#primaryimage\"},\"thumbnailUrl\":\"https:\/\/goldwing.nl\/de\/wp-content\/uploads\/sites\/3\/2022\/11\/58119a-1.jpg\",\"datePublished\":\"2022-11-17T14:56:17+00:00\",\"dateModified\":\"2025-10-01T13:05:54+00:00\",\"breadcrumb\":{\"@id\":\"https:\/\/goldwing.nl\/de\/shop\/goldwing-gl-1800-2018-up-zubehoer\/aufhaengepunkt-zubehoer-rechts-am-lenker-gl1800-2018up\/#breadcrumb\"},\"inLanguage\":\"de\",\"potentialAction\":[{\"@type\":\"ReadAction\",\"target\":[\"https:\/\/goldwing.nl\/de\/shop\/goldwing-gl-1800-2018-up-zubehoer\/aufhaengepunkt-zubehoer-rechts-am-lenker-gl1800-2018up\/\"]}]},{\"@type\":\"ImageObject\",\"inLanguage\":\"de\",\"@id\":\"https:\/\/goldwing.nl\/de\/shop\/goldwing-gl-1800-2018-up-zubehoer\/aufhaengepunkt-zubehoer-rechts-am-lenker-gl1800-2018up\/#primaryimage\",\"url\":\"https:\/\/goldwing.nl\/de\/wp-content\/uploads\/sites\/3\/2022\/11\/58119a-1.jpg\",\"contentUrl\":\"https:\/\/goldwing.nl\/de\/wp-content\/uploads\/sites\/3\/2022\/11\/58119a-1.jpg\",\"width\":800,\"height\":800},{\"@type\":\"BreadcrumbList\",\"@id\":\"https:\/\/goldwing.nl\/de\/shop\/goldwing-gl-1800-2018-up-zubehoer\/aufhaengepunkt-zubehoer-rechts-am-lenker-gl1800-2018up\/#breadcrumb\",\"itemListElement\":[{\"@type\":\"ListItem\",\"position\":1,\"name\":\"Home\",\"item\":\"https:\/\/goldwing.nl\/de\/\"},{\"@type\":\"ListItem\",\"position\":2,\"name\":\"Webshop\",\"item\":\"https:\/\/goldwing.nl\/de\/shop\/\"},{\"@type\":\"ListItem\",\"position\":3,\"name\":\"Aufh\u00e4ngepunkt Zubeh\u00f6r am Lenker GL1800 2018up\"}]},{\"@type\":\"WebSite\",\"@id\":\"https:\/\/goldwing.nl\/de\/#website\",\"url\":\"https:\/\/goldwing.nl\/de\/\",\"name\":\"Goldwing.nl - DE\",\"description\":\"Biker&#039;s Best\",\"publisher\":{\"@id\":\"https:\/\/goldwing.nl\/de\/#organization\"},\"potentialAction\":[{\"@type\":\"SearchAction\",\"target\":{\"@type\":\"EntryPoint\",\"urlTemplate\":\"https:\/\/goldwing.nl\/de\/?s={search_term_string}\"},\"query-input\":{\"@type\":\"PropertyValueSpecification\",\"valueRequired\":true,\"valueName\":\"search_term_string\"}}],\"inLanguage\":\"de\"},{\"@type\":\"Organization\",\"@id\":\"https:\/\/goldwing.nl\/de\/#organization\",\"name\":\"Goldwing.nl - DE\",\"url\":\"https:\/\/goldwing.nl\/de\/\",\"logo\":{\"@type\":\"ImageObject\",\"inLanguage\":\"de\",\"@id\":\"https:\/\/goldwing.nl\/de\/#\/schema\/logo\/image\/\",\"url\":\"https:\/\/goldwing.nl\/de\/wp-content\/uploads\/sites\/3\/2022\/08\/BikersBest-logo.png\",\"contentUrl\":\"https:\/\/goldwing.nl\/de\/wp-content\/uploads\/sites\/3\/2022\/08\/BikersBest-logo.png\",\"width\":311,\"height\":152,\"caption\":\"Goldwing.nl - DE\"},\"image\":{\"@id\":\"https:\/\/goldwing.nl\/de\/#\/schema\/logo\/image\/\"},\"sameAs\":[\"https:\/\/www.facebook.com\/302398026438779\"]}]}<\/script>\n<!-- \/ Yoast SEO plugin. -->","yoast_head_json":{"title":"Aufh\u00e4ngepunkt Zubeh\u00f6r am Lenker GL1800 2018up (D) - Goldwing.nl - DE","robots":{"index":"index","follow":"follow","max-snippet":"max-snippet:-1","max-image-preview":"max-image-preview:large","max-video-preview":"max-video-preview:-1"},"canonical":"https:\/\/goldwing.nl\/de\/shop\/goldwing-gl-1800-2018-up-zubehoer\/aufhaengepunkt-zubehoer-rechts-am-lenker-gl1800-2018up\/","og_locale":"de_DE","og_type":"article","og_title":"Aufh\u00e4ngepunkt Zubeh\u00f6r am Lenker GL1800 2018up (D) - Goldwing.nl - DE","og_description":"Aufh\u00e4ngepunkt Zubeh\u00f6r rechts am Lenker GL1800 2018up   Kann bei Motorr\u00e4dern mit Schaltgetriebe auf der linken oder rechten Seite verwendet werden, Details siehe Einbau.  Vollst\u00e4ndig einstellbares Befestigungssystem  360\u00b0 schwenkbar in zwei Richtungen  Funktioniert mit allen Goldstrike oder Ciro Original-Kugelhalterungen  Funktioniert nicht mit GEN 2-Zubeh\u00f6r","og_url":"https:\/\/goldwing.nl\/de\/shop\/goldwing-gl-1800-2018-up-zubehoer\/aufhaengepunkt-zubehoer-rechts-am-lenker-gl1800-2018up\/","og_site_name":"Goldwing.nl - DE","article_publisher":"https:\/\/www.facebook.com\/302398026438779","article_modified_time":"2025-10-01T13:05:54+00:00","og_image":[{"width":800,"height":800,"url":"https:\/\/goldwing.nl\/de\/wp-content\/uploads\/sites\/3\/2022\/11\/58119a-1.jpg","type":"image\/jpeg"}],"twitter_card":"summary_large_image","schema":{"@context":"https:\/\/schema.org","@graph":[{"@type":"WebPage","@id":"https:\/\/goldwing.nl\/de\/shop\/goldwing-gl-1800-2018-up-zubehoer\/aufhaengepunkt-zubehoer-rechts-am-lenker-gl1800-2018up\/","url":"https:\/\/goldwing.nl\/de\/shop\/goldwing-gl-1800-2018-up-zubehoer\/aufhaengepunkt-zubehoer-rechts-am-lenker-gl1800-2018up\/","name":"Aufh\u00e4ngepunkt Zubeh\u00f6r am Lenker GL1800 2018up (D) - Goldwing.nl - DE","isPartOf":{"@id":"https:\/\/goldwing.nl\/de\/#website"},"primaryImageOfPage":{"@id":"https:\/\/goldwing.nl\/de\/shop\/goldwing-gl-1800-2018-up-zubehoer\/aufhaengepunkt-zubehoer-rechts-am-lenker-gl1800-2018up\/#primaryimage"},"image":{"@id":"https:\/\/goldwing.nl\/de\/shop\/goldwing-gl-1800-2018-up-zubehoer\/aufhaengepunkt-zubehoer-rechts-am-lenker-gl1800-2018up\/#primaryimage"},"thumbnailUrl":"https:\/\/goldwing.nl\/de\/wp-content\/uploads\/sites\/3\/2022\/11\/58119a-1.jpg","datePublished":"2022-11-17T14:56:17+00:00","dateModified":"2025-10-01T13:05:54+00:00","breadcrumb":{"@id":"https:\/\/goldwing.nl\/de\/shop\/goldwing-gl-1800-2018-up-zubehoer\/aufhaengepunkt-zubehoer-rechts-am-lenker-gl1800-2018up\/#breadcrumb"},"inLanguage":"de","potentialAction":[{"@type":"ReadAction","target":["https:\/\/goldwing.nl\/de\/shop\/goldwing-gl-1800-2018-up-zubehoer\/aufhaengepunkt-zubehoer-rechts-am-lenker-gl1800-2018up\/"]}]},{"@type":"ImageObject","inLanguage":"de","@id":"https:\/\/goldwing.nl\/de\/shop\/goldwing-gl-1800-2018-up-zubehoer\/aufhaengepunkt-zubehoer-rechts-am-lenker-gl1800-2018up\/#primaryimage","url":"https:\/\/goldwing.nl\/de\/wp-content\/uploads\/sites\/3\/2022\/11\/58119a-1.jpg","contentUrl":"https:\/\/goldwing.nl\/de\/wp-content\/uploads\/sites\/3\/2022\/11\/58119a-1.jpg","width":800,"height":800},{"@type":"BreadcrumbList","@id":"https:\/\/goldwing.nl\/de\/shop\/goldwing-gl-1800-2018-up-zubehoer\/aufhaengepunkt-zubehoer-rechts-am-lenker-gl1800-2018up\/#breadcrumb","itemListElement":[{"@type":"ListItem","position":1,"name":"Home","item":"https:\/\/goldwing.nl\/de\/"},{"@type":"ListItem","position":2,"name":"Webshop","item":"https:\/\/goldwing.nl\/de\/shop\/"},{"@type":"ListItem","position":3,"name":"Aufh\u00e4ngepunkt Zubeh\u00f6r am Lenker GL1800 2018up"}]},{"@type":"WebSite","@id":"https:\/\/goldwing.nl\/de\/#website","url":"https:\/\/goldwing.nl\/de\/","name":"Goldwing.nl - DE","description":"Biker&#039;s Best","publisher":{"@id":"https:\/\/goldwing.nl\/de\/#organization"},"potentialAction":[{"@type":"SearchAction","target":{"@type":"EntryPoint","urlTemplate":"https:\/\/goldwing.nl\/de\/?s={search_term_string}"},"query-input":{"@type":"PropertyValueSpecification","valueRequired":true,"valueName":"search_term_string"}}],"inLanguage":"de"},{"@type":"Organization","@id":"https:\/\/goldwing.nl\/de\/#organization","name":"Goldwing.nl - DE","url":"https:\/\/goldwing.nl\/de\/","logo":{"@type":"ImageObject","inLanguage":"de","@id":"https:\/\/goldwing.nl\/de\/#\/schema\/logo\/image\/","url":"https:\/\/goldwing.nl\/de\/wp-content\/uploads\/sites\/3\/2022\/08\/BikersBest-logo.png","contentUrl":"https:\/\/goldwing.nl\/de\/wp-content\/uploads\/sites\/3\/2022\/08\/BikersBest-logo.png","width":311,"height":152,"caption":"Goldwing.nl - DE"},"image":{"@id":"https:\/\/goldwing.nl\/de\/#\/schema\/logo\/image\/"},"sameAs":["https:\/\/www.facebook.com\/302398026438779"]}]}},"_links":{"self":[{"href":"https:\/\/goldwing.nl\/de\/wp-json\/wp\/v2\/product\/22040"}],"collection":[{"href":"https:\/\/goldwing.nl\/de\/wp-json\/wp\/v2\/product"}],"about":[{"href":"https:\/\/goldwing.nl\/de\/wp-json\/wp\/v2\/types\/product"}],"wp:featuredmedia":[{"embeddable":true,"href":"https:\/\/goldwing.nl\/de\/wp-json\/wp\/v2\/media\/22041"}],"wp:attachment":[{"href":"https:\/\/goldwing.nl\/de\/wp-json\/wp\/v2\/media?parent=22040"}],"wp:term":[{"taxonomy":"product_cat","embeddable":true,"href":"https:\/\/goldwing.nl\/de\/wp-json\/wp\/v2\/product_cat?post=22040"},{"taxonomy":"product_tag","embeddable":true,"href":"https:\/\/goldwing.nl\/de\/wp-json\/wp\/v2\/product_tag?post=22040"}],"curies":[{"name":"wp","href":"https:\/\/api.w.org\/{rel}","templated":true}]}}