{"id":22028,"date":"2022-11-17T14:55:58","date_gmt":"2022-11-17T14:55:58","guid":{"rendered":"https:\/\/goldwing.nl\/de\/?post_type=product&#038;p=22028"},"modified":"2026-03-06T14:01:13","modified_gmt":"2026-03-06T14:01:13","slug":"tie-down-montage-set-fuer-den-transport-gl1800-2018up","status":"publish","type":"product","link":"https:\/\/goldwing.nl\/de\/shop\/goldwing-gl-1800-2018-up-zubehoer\/tie-down-montage-set-fuer-den-transport-gl1800-2018up\/","title":{"rendered":"Tie-down Montage Set f\u00fcr den Transport GL1800 2018up (E)"},"content":{"rendered":"","protected":false},"excerpt":{"rendered":"<p>Tie-down Montage Set f\u00fcr den Transport GL1800 2018up<\/p>\n<ul>\n<li>Einfache Montage durch Anschrauben<\/li>\n<li>Sicher! Keine zus\u00e4tzliche Belastung f\u00fcr den Lenker oder die obere Gabelbr\u00fccke, die zu Br\u00fcchen f\u00fchren kann<\/li>\n<li>Einfacher Zugang, wenn Sie Ihr Motorrad f\u00fcr die Wartung oder den Transport abschnallen<\/li>\n<li>Es ist nicht erforderlich, die seitlichen Motorabdeckungen zu entfernen, um an den werkseitigen Befestigungspunkt zu gelangen<\/li>\n<li>Stabile, st\u00e4hlerne Konstruktion<\/li>\n<li>Verkauft als ein Paar<\/li>\n<li>Kompatibel mit den folgenden Nebelscheinwerfer-Kits: Honda OEM und Zubeh\u00f6rsatz, Pathfinder und Big Bike Parts. Andere Nebelscheinwerfer-Kits m\u00fcssen m\u00f6glicherweise leicht modifiziert werden, um installiert werden zu k\u00f6nnen.<\/li>\n<li>Funktioniert nicht mit Rivco GW006L Fernscheinwerfern.<\/li>\n<li>Nicht in Kombination mit zus\u00e4tzlichen Aftermarket-Sturzb\u00fcgeln geeignet.<\/li>\n<\/ul>\n","protected":false},"featured_media":22029,"template":"","meta":{"_acf_changed":false},"product_cat":[400,544],"product_tag":[],"class_list":["post-22028","product","type-product","status-publish","has-post-thumbnail","hentry","product_cat-goldwing-gl-1800-2018-up-zubehoer","product_cat-gl-1800-bagger-2018-up","product_shipping_class-pakket-artikel","","woocommerce-text-align-center","woocommerce-image-align-center","do-quantity-buttons"],"acf":[],"yoast_head":"<!-- This site is optimized with the Yoast SEO plugin v25.6 - https:\/\/yoast.com\/wordpress\/plugins\/seo\/ -->\n<title>Tie-down Montage Set f\u00fcr den Transport GL1800 2018up (E) - Goldwing.nl - DE<\/title>\n<meta name=\"robots\" content=\"index, follow, max-snippet:-1, max-image-preview:large, max-video-preview:-1\" \/>\n<link rel=\"canonical\" href=\"https:\/\/goldwing.nl\/de\/shop\/goldwing-gl-1800-2018-up-zubehoer\/tie-down-montage-set-fuer-den-transport-gl1800-2018up\/\" \/>\n<meta property=\"og:locale\" content=\"de_DE\" \/>\n<meta property=\"og:type\" content=\"article\" \/>\n<meta property=\"og:title\" content=\"Tie-down Montage Set f\u00fcr den Transport GL1800 2018up (E) - Goldwing.nl - DE\" \/>\n<meta property=\"og:description\" content=\"Tie-down Montage Set f\u00fcr den Transport GL1800 2018up   Einfache Montage durch Anschrauben  Sicher! Keine zus\u00e4tzliche Belastung f\u00fcr den Lenker oder die obere Gabelbr\u00fccke, die zu Br\u00fcchen f\u00fchren kann  Einfacher Zugang, wenn Sie Ihr Motorrad f\u00fcr die Wartung oder den Transport abschnallen  Es ist nicht erforderlich, die seitlichen Motorabdeckungen zu entfernen, um an den werkseitigen Befestigungspunkt zu gelangen  Stabile, st\u00e4hlerne Konstruktion  Verkauft als ein Paar  Kompatibel mit den folgenden Nebelscheinwerfer-Kits: Honda OEM und Zubeh\u00f6rsatz, Pathfinder und Big Bike Parts. Andere Nebelscheinwerfer-Kits m\u00fcssen m\u00f6glicherweise leicht modifiziert werden, um installiert werden zu k\u00f6nnen.  Funktioniert nicht mit Rivco GW006L Fernscheinwerfern.  Nicht in Kombination mit zus\u00e4tzlichen Aftermarket-Sturzb\u00fcgeln geeignet.\" \/>\n<meta property=\"og:url\" content=\"https:\/\/goldwing.nl\/de\/shop\/goldwing-gl-1800-2018-up-zubehoer\/tie-down-montage-set-fuer-den-transport-gl1800-2018up\/\" \/>\n<meta property=\"og:site_name\" content=\"Goldwing.nl - DE\" \/>\n<meta property=\"article:publisher\" content=\"https:\/\/www.facebook.com\/302398026438779\" \/>\n<meta property=\"article:modified_time\" content=\"2026-03-06T14:01:13+00:00\" \/>\n<meta property=\"og:image\" content=\"https:\/\/goldwing.nl\/de\/wp-content\/uploads\/sites\/3\/2022\/11\/98000-1.jpg?_t=1740655944\" \/>\n\t<meta property=\"og:image:width\" content=\"1800\" \/>\n\t<meta property=\"og:image:height\" content=\"1200\" \/>\n\t<meta property=\"og:image:type\" content=\"image\/jpeg\" \/>\n<meta name=\"twitter:card\" content=\"summary_large_image\" \/>\n<meta name=\"twitter:label1\" content=\"Gesch\u00e4tzte Lesezeit\" \/>\n\t<meta name=\"twitter:data1\" content=\"1\u00a0Minute\" \/>\n<script type=\"application\/ld+json\" class=\"yoast-schema-graph\">{\"@context\":\"https:\/\/schema.org\",\"@graph\":[{\"@type\":\"WebPage\",\"@id\":\"https:\/\/goldwing.nl\/de\/shop\/goldwing-gl-1800-2018-up-zubehoer\/tie-down-montage-set-fuer-den-transport-gl1800-2018up\/\",\"url\":\"https:\/\/goldwing.nl\/de\/shop\/goldwing-gl-1800-2018-up-zubehoer\/tie-down-montage-set-fuer-den-transport-gl1800-2018up\/\",\"name\":\"Tie-down Montage Set f\u00fcr den Transport GL1800 2018up (E) - Goldwing.nl - DE\",\"isPartOf\":{\"@id\":\"https:\/\/goldwing.nl\/de\/#website\"},\"primaryImageOfPage\":{\"@id\":\"https:\/\/goldwing.nl\/de\/shop\/goldwing-gl-1800-2018-up-zubehoer\/tie-down-montage-set-fuer-den-transport-gl1800-2018up\/#primaryimage\"},\"image\":{\"@id\":\"https:\/\/goldwing.nl\/de\/shop\/goldwing-gl-1800-2018-up-zubehoer\/tie-down-montage-set-fuer-den-transport-gl1800-2018up\/#primaryimage\"},\"thumbnailUrl\":\"https:\/\/goldwing.nl\/de\/wp-content\/uploads\/sites\/3\/2022\/11\/98000-1.jpg\",\"datePublished\":\"2022-11-17T14:55:58+00:00\",\"dateModified\":\"2026-03-06T14:01:13+00:00\",\"breadcrumb\":{\"@id\":\"https:\/\/goldwing.nl\/de\/shop\/goldwing-gl-1800-2018-up-zubehoer\/tie-down-montage-set-fuer-den-transport-gl1800-2018up\/#breadcrumb\"},\"inLanguage\":\"de\",\"potentialAction\":[{\"@type\":\"ReadAction\",\"target\":[\"https:\/\/goldwing.nl\/de\/shop\/goldwing-gl-1800-2018-up-zubehoer\/tie-down-montage-set-fuer-den-transport-gl1800-2018up\/\"]}]},{\"@type\":\"ImageObject\",\"inLanguage\":\"de\",\"@id\":\"https:\/\/goldwing.nl\/de\/shop\/goldwing-gl-1800-2018-up-zubehoer\/tie-down-montage-set-fuer-den-transport-gl1800-2018up\/#primaryimage\",\"url\":\"https:\/\/goldwing.nl\/de\/wp-content\/uploads\/sites\/3\/2022\/11\/98000-1.jpg\",\"contentUrl\":\"https:\/\/goldwing.nl\/de\/wp-content\/uploads\/sites\/3\/2022\/11\/98000-1.jpg\",\"width\":1800,\"height\":1200},{\"@type\":\"BreadcrumbList\",\"@id\":\"https:\/\/goldwing.nl\/de\/shop\/goldwing-gl-1800-2018-up-zubehoer\/tie-down-montage-set-fuer-den-transport-gl1800-2018up\/#breadcrumb\",\"itemListElement\":[{\"@type\":\"ListItem\",\"position\":1,\"name\":\"Home\",\"item\":\"https:\/\/goldwing.nl\/de\/\"},{\"@type\":\"ListItem\",\"position\":2,\"name\":\"Webshop\",\"item\":\"https:\/\/goldwing.nl\/de\/shop\/\"},{\"@type\":\"ListItem\",\"position\":3,\"name\":\"Tie-down Montage Set f\u00fcr den Transport GL1800 2018up\"}]},{\"@type\":\"WebSite\",\"@id\":\"https:\/\/goldwing.nl\/de\/#website\",\"url\":\"https:\/\/goldwing.nl\/de\/\",\"name\":\"Goldwing.nl - DE\",\"description\":\"Biker&#039;s Best\",\"publisher\":{\"@id\":\"https:\/\/goldwing.nl\/de\/#organization\"},\"potentialAction\":[{\"@type\":\"SearchAction\",\"target\":{\"@type\":\"EntryPoint\",\"urlTemplate\":\"https:\/\/goldwing.nl\/de\/?s={search_term_string}\"},\"query-input\":{\"@type\":\"PropertyValueSpecification\",\"valueRequired\":true,\"valueName\":\"search_term_string\"}}],\"inLanguage\":\"de\"},{\"@type\":\"Organization\",\"@id\":\"https:\/\/goldwing.nl\/de\/#organization\",\"name\":\"Goldwing.nl - DE\",\"url\":\"https:\/\/goldwing.nl\/de\/\",\"logo\":{\"@type\":\"ImageObject\",\"inLanguage\":\"de\",\"@id\":\"https:\/\/goldwing.nl\/de\/#\/schema\/logo\/image\/\",\"url\":\"https:\/\/goldwing.nl\/de\/wp-content\/uploads\/sites\/3\/2022\/08\/BikersBest-logo.png\",\"contentUrl\":\"https:\/\/goldwing.nl\/de\/wp-content\/uploads\/sites\/3\/2022\/08\/BikersBest-logo.png\",\"width\":311,\"height\":152,\"caption\":\"Goldwing.nl - DE\"},\"image\":{\"@id\":\"https:\/\/goldwing.nl\/de\/#\/schema\/logo\/image\/\"},\"sameAs\":[\"https:\/\/www.facebook.com\/302398026438779\"]}]}<\/script>\n<!-- \/ Yoast SEO plugin. -->","yoast_head_json":{"title":"Tie-down Montage Set f\u00fcr den Transport GL1800 2018up (E) - Goldwing.nl - DE","robots":{"index":"index","follow":"follow","max-snippet":"max-snippet:-1","max-image-preview":"max-image-preview:large","max-video-preview":"max-video-preview:-1"},"canonical":"https:\/\/goldwing.nl\/de\/shop\/goldwing-gl-1800-2018-up-zubehoer\/tie-down-montage-set-fuer-den-transport-gl1800-2018up\/","og_locale":"de_DE","og_type":"article","og_title":"Tie-down Montage Set f\u00fcr den Transport GL1800 2018up (E) - Goldwing.nl - DE","og_description":"Tie-down Montage Set f\u00fcr den Transport GL1800 2018up   Einfache Montage durch Anschrauben  Sicher! Keine zus\u00e4tzliche Belastung f\u00fcr den Lenker oder die obere Gabelbr\u00fccke, die zu Br\u00fcchen f\u00fchren kann  Einfacher Zugang, wenn Sie Ihr Motorrad f\u00fcr die Wartung oder den Transport abschnallen  Es ist nicht erforderlich, die seitlichen Motorabdeckungen zu entfernen, um an den werkseitigen Befestigungspunkt zu gelangen  Stabile, st\u00e4hlerne Konstruktion  Verkauft als ein Paar  Kompatibel mit den folgenden Nebelscheinwerfer-Kits: Honda OEM und Zubeh\u00f6rsatz, Pathfinder und Big Bike Parts. Andere Nebelscheinwerfer-Kits m\u00fcssen m\u00f6glicherweise leicht modifiziert werden, um installiert werden zu k\u00f6nnen.  Funktioniert nicht mit Rivco GW006L Fernscheinwerfern.  Nicht in Kombination mit zus\u00e4tzlichen Aftermarket-Sturzb\u00fcgeln geeignet.","og_url":"https:\/\/goldwing.nl\/de\/shop\/goldwing-gl-1800-2018-up-zubehoer\/tie-down-montage-set-fuer-den-transport-gl1800-2018up\/","og_site_name":"Goldwing.nl - DE","article_publisher":"https:\/\/www.facebook.com\/302398026438779","article_modified_time":"2026-03-06T14:01:13+00:00","og_image":[{"width":1800,"height":1200,"url":"https:\/\/goldwing.nl\/de\/wp-content\/uploads\/sites\/3\/2022\/11\/98000-1.jpg?_t=1740655944","type":"image\/jpeg"}],"twitter_card":"summary_large_image","twitter_misc":{"Gesch\u00e4tzte Lesezeit":"1\u00a0Minute"},"schema":{"@context":"https:\/\/schema.org","@graph":[{"@type":"WebPage","@id":"https:\/\/goldwing.nl\/de\/shop\/goldwing-gl-1800-2018-up-zubehoer\/tie-down-montage-set-fuer-den-transport-gl1800-2018up\/","url":"https:\/\/goldwing.nl\/de\/shop\/goldwing-gl-1800-2018-up-zubehoer\/tie-down-montage-set-fuer-den-transport-gl1800-2018up\/","name":"Tie-down Montage Set f\u00fcr den Transport GL1800 2018up (E) - Goldwing.nl - DE","isPartOf":{"@id":"https:\/\/goldwing.nl\/de\/#website"},"primaryImageOfPage":{"@id":"https:\/\/goldwing.nl\/de\/shop\/goldwing-gl-1800-2018-up-zubehoer\/tie-down-montage-set-fuer-den-transport-gl1800-2018up\/#primaryimage"},"image":{"@id":"https:\/\/goldwing.nl\/de\/shop\/goldwing-gl-1800-2018-up-zubehoer\/tie-down-montage-set-fuer-den-transport-gl1800-2018up\/#primaryimage"},"thumbnailUrl":"https:\/\/goldwing.nl\/de\/wp-content\/uploads\/sites\/3\/2022\/11\/98000-1.jpg","datePublished":"2022-11-17T14:55:58+00:00","dateModified":"2026-03-06T14:01:13+00:00","breadcrumb":{"@id":"https:\/\/goldwing.nl\/de\/shop\/goldwing-gl-1800-2018-up-zubehoer\/tie-down-montage-set-fuer-den-transport-gl1800-2018up\/#breadcrumb"},"inLanguage":"de","potentialAction":[{"@type":"ReadAction","target":["https:\/\/goldwing.nl\/de\/shop\/goldwing-gl-1800-2018-up-zubehoer\/tie-down-montage-set-fuer-den-transport-gl1800-2018up\/"]}]},{"@type":"ImageObject","inLanguage":"de","@id":"https:\/\/goldwing.nl\/de\/shop\/goldwing-gl-1800-2018-up-zubehoer\/tie-down-montage-set-fuer-den-transport-gl1800-2018up\/#primaryimage","url":"https:\/\/goldwing.nl\/de\/wp-content\/uploads\/sites\/3\/2022\/11\/98000-1.jpg","contentUrl":"https:\/\/goldwing.nl\/de\/wp-content\/uploads\/sites\/3\/2022\/11\/98000-1.jpg","width":1800,"height":1200},{"@type":"BreadcrumbList","@id":"https:\/\/goldwing.nl\/de\/shop\/goldwing-gl-1800-2018-up-zubehoer\/tie-down-montage-set-fuer-den-transport-gl1800-2018up\/#breadcrumb","itemListElement":[{"@type":"ListItem","position":1,"name":"Home","item":"https:\/\/goldwing.nl\/de\/"},{"@type":"ListItem","position":2,"name":"Webshop","item":"https:\/\/goldwing.nl\/de\/shop\/"},{"@type":"ListItem","position":3,"name":"Tie-down Montage Set f\u00fcr den Transport GL1800 2018up"}]},{"@type":"WebSite","@id":"https:\/\/goldwing.nl\/de\/#website","url":"https:\/\/goldwing.nl\/de\/","name":"Goldwing.nl - DE","description":"Biker&#039;s Best","publisher":{"@id":"https:\/\/goldwing.nl\/de\/#organization"},"potentialAction":[{"@type":"SearchAction","target":{"@type":"EntryPoint","urlTemplate":"https:\/\/goldwing.nl\/de\/?s={search_term_string}"},"query-input":{"@type":"PropertyValueSpecification","valueRequired":true,"valueName":"search_term_string"}}],"inLanguage":"de"},{"@type":"Organization","@id":"https:\/\/goldwing.nl\/de\/#organization","name":"Goldwing.nl - DE","url":"https:\/\/goldwing.nl\/de\/","logo":{"@type":"ImageObject","inLanguage":"de","@id":"https:\/\/goldwing.nl\/de\/#\/schema\/logo\/image\/","url":"https:\/\/goldwing.nl\/de\/wp-content\/uploads\/sites\/3\/2022\/08\/BikersBest-logo.png","contentUrl":"https:\/\/goldwing.nl\/de\/wp-content\/uploads\/sites\/3\/2022\/08\/BikersBest-logo.png","width":311,"height":152,"caption":"Goldwing.nl - DE"},"image":{"@id":"https:\/\/goldwing.nl\/de\/#\/schema\/logo\/image\/"},"sameAs":["https:\/\/www.facebook.com\/302398026438779"]}]}},"_links":{"self":[{"href":"https:\/\/goldwing.nl\/de\/wp-json\/wp\/v2\/product\/22028"}],"collection":[{"href":"https:\/\/goldwing.nl\/de\/wp-json\/wp\/v2\/product"}],"about":[{"href":"https:\/\/goldwing.nl\/de\/wp-json\/wp\/v2\/types\/product"}],"wp:featuredmedia":[{"embeddable":true,"href":"https:\/\/goldwing.nl\/de\/wp-json\/wp\/v2\/media\/22029"}],"wp:attachment":[{"href":"https:\/\/goldwing.nl\/de\/wp-json\/wp\/v2\/media?parent=22028"}],"wp:term":[{"taxonomy":"product_cat","embeddable":true,"href":"https:\/\/goldwing.nl\/de\/wp-json\/wp\/v2\/product_cat?post=22028"},{"taxonomy":"product_tag","embeddable":true,"href":"https:\/\/goldwing.nl\/de\/wp-json\/wp\/v2\/product_tag?post=22028"}],"curies":[{"name":"wp","href":"https:\/\/api.w.org\/{rel}","templated":true}]}}