{"id":21674,"date":"2022-11-17T14:43:27","date_gmt":"2022-11-17T14:43:27","guid":{"rendered":"https:\/\/goldwing.nl\/de\/?post_type=product&#038;p=21674"},"modified":"2025-05-27T06:31:33","modified_gmt":"2025-05-27T06:31:33","slug":"windschutzscheibe-gl1800-2018up-2-hoeher-56-5-cm-hoch-x-54-cm-breit","status":"publish","type":"product","link":"https:\/\/goldwing.nl\/de\/shop\/goldwing-gl-1800-2018-up-zubehoer\/windschutzscheibe-gl1800-2018up-2-hoeher-56-5-cm-hoch-x-54-cm-breit\/","title":{"rendered":"Windschutzscheibe GL1800 2018up 2&#8243;h\u00f6her 56,5 cm hoch x 63.5 cm breit (P23120450)"},"content":{"rendered":"","protected":false},"excerpt":{"rendered":"<p>Windschutzscheibe GL1800 2018up 2&#8243;h\u00f6her 56,5 cm hoch x 63.5 cm breit<\/p>\n<ul>\n<li>Nutzen die serienm\u00e4\u00dfigen Halterungen, bieten aber einen besseren Schutz als die serienm\u00e4\u00dfige Windschutzscheibe<\/li>\n<li>Schwarze Verkleidungshalterungen auf jeder Seite sorgen f\u00fcr Stabilit\u00e4t und Sicherheit<\/li>\n<li>Umschlie\u00dft die Spiegel und ist f\u00fcr zus\u00e4tzlichen Schutz h\u00f6her als die OEM-Scheiben<\/li>\n<li>Mit Siebdruck versehene Basis, \u00e4hnlich wie bei der Originalscheibe; doppelte Kante f\u00fcr einen glatten Rand<\/li>\n<li>Hergestellt in den U.S.A.<\/li>\n<\/ul>\n","protected":false},"featured_media":21675,"template":"","meta":{"_acf_changed":false},"product_cat":[400,404],"product_tag":[],"class_list":["post-21674","product","type-product","status-publish","has-post-thumbnail","hentry","product_cat-goldwing-gl-1800-2018-up-zubehoer","product_cat-windschutzscheiben","product_shipping_class-pakket-artikel","","woocommerce-text-align-center","woocommerce-image-align-center","do-quantity-buttons"],"acf":[],"yoast_head":"<!-- This site is optimized with the Yoast SEO plugin v25.6 - https:\/\/yoast.com\/wordpress\/plugins\/seo\/ -->\n<title>Windschutzscheibe GL1800 2018up 2&quot;h\u00f6her 56,5 cm hoch x 63.5 cm breit (P23120450) - Goldwing.nl - DE<\/title>\n<meta name=\"robots\" content=\"index, follow, max-snippet:-1, max-image-preview:large, max-video-preview:-1\" \/>\n<link rel=\"canonical\" href=\"https:\/\/goldwing.nl\/de\/shop\/goldwing-gl-1800-2018-up-zubehoer\/windschutzscheibe-gl1800-2018up-2-hoeher-56-5-cm-hoch-x-54-cm-breit\/\" \/>\n<meta property=\"og:locale\" content=\"de_DE\" \/>\n<meta property=\"og:type\" content=\"article\" \/>\n<meta property=\"og:title\" content=\"Windschutzscheibe GL1800 2018up 2&quot;h\u00f6her 56,5 cm hoch x 63.5 cm breit (P23120450) - Goldwing.nl - DE\" \/>\n<meta property=\"og:description\" content=\"Windschutzscheibe GL1800 2018up 2&quot;h\u00f6her 56,5 cm hoch x 63.5 cm breit   Nutzen die serienm\u00e4\u00dfigen Halterungen, bieten aber einen besseren Schutz als die serienm\u00e4\u00dfige Windschutzscheibe  Schwarze Verkleidungshalterungen auf jeder Seite sorgen f\u00fcr Stabilit\u00e4t und Sicherheit  Umschlie\u00dft die Spiegel und ist f\u00fcr zus\u00e4tzlichen Schutz h\u00f6her als die OEM-Scheiben  Mit Siebdruck versehene Basis, \u00e4hnlich wie bei der Originalscheibe; doppelte Kante f\u00fcr einen glatten Rand  Hergestellt in den U.S.A.\" \/>\n<meta property=\"og:url\" content=\"https:\/\/goldwing.nl\/de\/shop\/goldwing-gl-1800-2018-up-zubehoer\/windschutzscheibe-gl1800-2018up-2-hoeher-56-5-cm-hoch-x-54-cm-breit\/\" \/>\n<meta property=\"og:site_name\" content=\"Goldwing.nl - DE\" \/>\n<meta property=\"article:publisher\" content=\"https:\/\/www.facebook.com\/302398026438779\" \/>\n<meta property=\"article:modified_time\" content=\"2025-05-27T06:31:33+00:00\" \/>\n<meta property=\"og:image\" content=\"https:\/\/goldwing.nl\/de\/wp-content\/uploads\/sites\/3\/2022\/11\/0045D20Large-1.jpg\" \/>\n\t<meta property=\"og:image:width\" content=\"1620\" \/>\n\t<meta property=\"og:image:height\" content=\"1080\" \/>\n\t<meta property=\"og:image:type\" content=\"image\/jpeg\" \/>\n<meta name=\"twitter:card\" content=\"summary_large_image\" \/>\n<script type=\"application\/ld+json\" class=\"yoast-schema-graph\">{\"@context\":\"https:\/\/schema.org\",\"@graph\":[{\"@type\":\"WebPage\",\"@id\":\"https:\/\/goldwing.nl\/de\/shop\/goldwing-gl-1800-2018-up-zubehoer\/windschutzscheibe-gl1800-2018up-2-hoeher-56-5-cm-hoch-x-54-cm-breit\/\",\"url\":\"https:\/\/goldwing.nl\/de\/shop\/goldwing-gl-1800-2018-up-zubehoer\/windschutzscheibe-gl1800-2018up-2-hoeher-56-5-cm-hoch-x-54-cm-breit\/\",\"name\":\"Windschutzscheibe GL1800 2018up 2\\\"h\u00f6her 56,5 cm hoch x 63.5 cm breit (P23120450) - Goldwing.nl - DE\",\"isPartOf\":{\"@id\":\"https:\/\/goldwing.nl\/de\/#website\"},\"primaryImageOfPage\":{\"@id\":\"https:\/\/goldwing.nl\/de\/shop\/goldwing-gl-1800-2018-up-zubehoer\/windschutzscheibe-gl1800-2018up-2-hoeher-56-5-cm-hoch-x-54-cm-breit\/#primaryimage\"},\"image\":{\"@id\":\"https:\/\/goldwing.nl\/de\/shop\/goldwing-gl-1800-2018-up-zubehoer\/windschutzscheibe-gl1800-2018up-2-hoeher-56-5-cm-hoch-x-54-cm-breit\/#primaryimage\"},\"thumbnailUrl\":\"https:\/\/goldwing.nl\/de\/wp-content\/uploads\/sites\/3\/2022\/11\/0045D20Large-1.jpg\",\"datePublished\":\"2022-11-17T14:43:27+00:00\",\"dateModified\":\"2025-05-27T06:31:33+00:00\",\"breadcrumb\":{\"@id\":\"https:\/\/goldwing.nl\/de\/shop\/goldwing-gl-1800-2018-up-zubehoer\/windschutzscheibe-gl1800-2018up-2-hoeher-56-5-cm-hoch-x-54-cm-breit\/#breadcrumb\"},\"inLanguage\":\"de\",\"potentialAction\":[{\"@type\":\"ReadAction\",\"target\":[\"https:\/\/goldwing.nl\/de\/shop\/goldwing-gl-1800-2018-up-zubehoer\/windschutzscheibe-gl1800-2018up-2-hoeher-56-5-cm-hoch-x-54-cm-breit\/\"]}]},{\"@type\":\"ImageObject\",\"inLanguage\":\"de\",\"@id\":\"https:\/\/goldwing.nl\/de\/shop\/goldwing-gl-1800-2018-up-zubehoer\/windschutzscheibe-gl1800-2018up-2-hoeher-56-5-cm-hoch-x-54-cm-breit\/#primaryimage\",\"url\":\"https:\/\/goldwing.nl\/de\/wp-content\/uploads\/sites\/3\/2022\/11\/0045D20Large-1.jpg\",\"contentUrl\":\"https:\/\/goldwing.nl\/de\/wp-content\/uploads\/sites\/3\/2022\/11\/0045D20Large-1.jpg\",\"width\":1620,\"height\":1080},{\"@type\":\"BreadcrumbList\",\"@id\":\"https:\/\/goldwing.nl\/de\/shop\/goldwing-gl-1800-2018-up-zubehoer\/windschutzscheibe-gl1800-2018up-2-hoeher-56-5-cm-hoch-x-54-cm-breit\/#breadcrumb\",\"itemListElement\":[{\"@type\":\"ListItem\",\"position\":1,\"name\":\"Home\",\"item\":\"https:\/\/goldwing.nl\/de\/\"},{\"@type\":\"ListItem\",\"position\":2,\"name\":\"Webshop\",\"item\":\"https:\/\/goldwing.nl\/de\/shop\/\"},{\"@type\":\"ListItem\",\"position\":3,\"name\":\"Windschutzscheibe GL1800 2018up 2&#8243;h\u00f6her 56,5 cm hoch x 63.5 cm breit\"}]},{\"@type\":\"WebSite\",\"@id\":\"https:\/\/goldwing.nl\/de\/#website\",\"url\":\"https:\/\/goldwing.nl\/de\/\",\"name\":\"Goldwing.nl - DE\",\"description\":\"Biker&#039;s Best\",\"publisher\":{\"@id\":\"https:\/\/goldwing.nl\/de\/#organization\"},\"potentialAction\":[{\"@type\":\"SearchAction\",\"target\":{\"@type\":\"EntryPoint\",\"urlTemplate\":\"https:\/\/goldwing.nl\/de\/?s={search_term_string}\"},\"query-input\":{\"@type\":\"PropertyValueSpecification\",\"valueRequired\":true,\"valueName\":\"search_term_string\"}}],\"inLanguage\":\"de\"},{\"@type\":\"Organization\",\"@id\":\"https:\/\/goldwing.nl\/de\/#organization\",\"name\":\"Goldwing.nl - DE\",\"url\":\"https:\/\/goldwing.nl\/de\/\",\"logo\":{\"@type\":\"ImageObject\",\"inLanguage\":\"de\",\"@id\":\"https:\/\/goldwing.nl\/de\/#\/schema\/logo\/image\/\",\"url\":\"https:\/\/goldwing.nl\/de\/wp-content\/uploads\/sites\/3\/2022\/08\/BikersBest-logo.png\",\"contentUrl\":\"https:\/\/goldwing.nl\/de\/wp-content\/uploads\/sites\/3\/2022\/08\/BikersBest-logo.png\",\"width\":311,\"height\":152,\"caption\":\"Goldwing.nl - DE\"},\"image\":{\"@id\":\"https:\/\/goldwing.nl\/de\/#\/schema\/logo\/image\/\"},\"sameAs\":[\"https:\/\/www.facebook.com\/302398026438779\"]}]}<\/script>\n<!-- \/ Yoast SEO plugin. -->","yoast_head_json":{"title":"Windschutzscheibe GL1800 2018up 2\"h\u00f6her 56,5 cm hoch x 63.5 cm breit (P23120450) - Goldwing.nl - DE","robots":{"index":"index","follow":"follow","max-snippet":"max-snippet:-1","max-image-preview":"max-image-preview:large","max-video-preview":"max-video-preview:-1"},"canonical":"https:\/\/goldwing.nl\/de\/shop\/goldwing-gl-1800-2018-up-zubehoer\/windschutzscheibe-gl1800-2018up-2-hoeher-56-5-cm-hoch-x-54-cm-breit\/","og_locale":"de_DE","og_type":"article","og_title":"Windschutzscheibe GL1800 2018up 2\"h\u00f6her 56,5 cm hoch x 63.5 cm breit (P23120450) - Goldwing.nl - DE","og_description":"Windschutzscheibe GL1800 2018up 2\"h\u00f6her 56,5 cm hoch x 63.5 cm breit   Nutzen die serienm\u00e4\u00dfigen Halterungen, bieten aber einen besseren Schutz als die serienm\u00e4\u00dfige Windschutzscheibe  Schwarze Verkleidungshalterungen auf jeder Seite sorgen f\u00fcr Stabilit\u00e4t und Sicherheit  Umschlie\u00dft die Spiegel und ist f\u00fcr zus\u00e4tzlichen Schutz h\u00f6her als die OEM-Scheiben  Mit Siebdruck versehene Basis, \u00e4hnlich wie bei der Originalscheibe; doppelte Kante f\u00fcr einen glatten Rand  Hergestellt in den U.S.A.","og_url":"https:\/\/goldwing.nl\/de\/shop\/goldwing-gl-1800-2018-up-zubehoer\/windschutzscheibe-gl1800-2018up-2-hoeher-56-5-cm-hoch-x-54-cm-breit\/","og_site_name":"Goldwing.nl - DE","article_publisher":"https:\/\/www.facebook.com\/302398026438779","article_modified_time":"2025-05-27T06:31:33+00:00","og_image":[{"width":1620,"height":1080,"url":"https:\/\/goldwing.nl\/de\/wp-content\/uploads\/sites\/3\/2022\/11\/0045D20Large-1.jpg","type":"image\/jpeg"}],"twitter_card":"summary_large_image","schema":{"@context":"https:\/\/schema.org","@graph":[{"@type":"WebPage","@id":"https:\/\/goldwing.nl\/de\/shop\/goldwing-gl-1800-2018-up-zubehoer\/windschutzscheibe-gl1800-2018up-2-hoeher-56-5-cm-hoch-x-54-cm-breit\/","url":"https:\/\/goldwing.nl\/de\/shop\/goldwing-gl-1800-2018-up-zubehoer\/windschutzscheibe-gl1800-2018up-2-hoeher-56-5-cm-hoch-x-54-cm-breit\/","name":"Windschutzscheibe GL1800 2018up 2\"h\u00f6her 56,5 cm hoch x 63.5 cm breit (P23120450) - Goldwing.nl - DE","isPartOf":{"@id":"https:\/\/goldwing.nl\/de\/#website"},"primaryImageOfPage":{"@id":"https:\/\/goldwing.nl\/de\/shop\/goldwing-gl-1800-2018-up-zubehoer\/windschutzscheibe-gl1800-2018up-2-hoeher-56-5-cm-hoch-x-54-cm-breit\/#primaryimage"},"image":{"@id":"https:\/\/goldwing.nl\/de\/shop\/goldwing-gl-1800-2018-up-zubehoer\/windschutzscheibe-gl1800-2018up-2-hoeher-56-5-cm-hoch-x-54-cm-breit\/#primaryimage"},"thumbnailUrl":"https:\/\/goldwing.nl\/de\/wp-content\/uploads\/sites\/3\/2022\/11\/0045D20Large-1.jpg","datePublished":"2022-11-17T14:43:27+00:00","dateModified":"2025-05-27T06:31:33+00:00","breadcrumb":{"@id":"https:\/\/goldwing.nl\/de\/shop\/goldwing-gl-1800-2018-up-zubehoer\/windschutzscheibe-gl1800-2018up-2-hoeher-56-5-cm-hoch-x-54-cm-breit\/#breadcrumb"},"inLanguage":"de","potentialAction":[{"@type":"ReadAction","target":["https:\/\/goldwing.nl\/de\/shop\/goldwing-gl-1800-2018-up-zubehoer\/windschutzscheibe-gl1800-2018up-2-hoeher-56-5-cm-hoch-x-54-cm-breit\/"]}]},{"@type":"ImageObject","inLanguage":"de","@id":"https:\/\/goldwing.nl\/de\/shop\/goldwing-gl-1800-2018-up-zubehoer\/windschutzscheibe-gl1800-2018up-2-hoeher-56-5-cm-hoch-x-54-cm-breit\/#primaryimage","url":"https:\/\/goldwing.nl\/de\/wp-content\/uploads\/sites\/3\/2022\/11\/0045D20Large-1.jpg","contentUrl":"https:\/\/goldwing.nl\/de\/wp-content\/uploads\/sites\/3\/2022\/11\/0045D20Large-1.jpg","width":1620,"height":1080},{"@type":"BreadcrumbList","@id":"https:\/\/goldwing.nl\/de\/shop\/goldwing-gl-1800-2018-up-zubehoer\/windschutzscheibe-gl1800-2018up-2-hoeher-56-5-cm-hoch-x-54-cm-breit\/#breadcrumb","itemListElement":[{"@type":"ListItem","position":1,"name":"Home","item":"https:\/\/goldwing.nl\/de\/"},{"@type":"ListItem","position":2,"name":"Webshop","item":"https:\/\/goldwing.nl\/de\/shop\/"},{"@type":"ListItem","position":3,"name":"Windschutzscheibe GL1800 2018up 2&#8243;h\u00f6her 56,5 cm hoch x 63.5 cm breit"}]},{"@type":"WebSite","@id":"https:\/\/goldwing.nl\/de\/#website","url":"https:\/\/goldwing.nl\/de\/","name":"Goldwing.nl - DE","description":"Biker&#039;s Best","publisher":{"@id":"https:\/\/goldwing.nl\/de\/#organization"},"potentialAction":[{"@type":"SearchAction","target":{"@type":"EntryPoint","urlTemplate":"https:\/\/goldwing.nl\/de\/?s={search_term_string}"},"query-input":{"@type":"PropertyValueSpecification","valueRequired":true,"valueName":"search_term_string"}}],"inLanguage":"de"},{"@type":"Organization","@id":"https:\/\/goldwing.nl\/de\/#organization","name":"Goldwing.nl - DE","url":"https:\/\/goldwing.nl\/de\/","logo":{"@type":"ImageObject","inLanguage":"de","@id":"https:\/\/goldwing.nl\/de\/#\/schema\/logo\/image\/","url":"https:\/\/goldwing.nl\/de\/wp-content\/uploads\/sites\/3\/2022\/08\/BikersBest-logo.png","contentUrl":"https:\/\/goldwing.nl\/de\/wp-content\/uploads\/sites\/3\/2022\/08\/BikersBest-logo.png","width":311,"height":152,"caption":"Goldwing.nl - DE"},"image":{"@id":"https:\/\/goldwing.nl\/de\/#\/schema\/logo\/image\/"},"sameAs":["https:\/\/www.facebook.com\/302398026438779"]}]}},"_links":{"self":[{"href":"https:\/\/goldwing.nl\/de\/wp-json\/wp\/v2\/product\/21674"}],"collection":[{"href":"https:\/\/goldwing.nl\/de\/wp-json\/wp\/v2\/product"}],"about":[{"href":"https:\/\/goldwing.nl\/de\/wp-json\/wp\/v2\/types\/product"}],"wp:featuredmedia":[{"embeddable":true,"href":"https:\/\/goldwing.nl\/de\/wp-json\/wp\/v2\/media\/21675"}],"wp:attachment":[{"href":"https:\/\/goldwing.nl\/de\/wp-json\/wp\/v2\/media?parent=21674"}],"wp:term":[{"taxonomy":"product_cat","embeddable":true,"href":"https:\/\/goldwing.nl\/de\/wp-json\/wp\/v2\/product_cat?post=21674"},{"taxonomy":"product_tag","embeddable":true,"href":"https:\/\/goldwing.nl\/de\/wp-json\/wp\/v2\/product_tag?post=21674"}],"curies":[{"name":"wp","href":"https:\/\/api.w.org\/{rel}","templated":true}]}}