{"id":12879,"date":"2022-11-17T11:10:45","date_gmt":"2022-11-17T11:10:45","guid":{"rendered":"https:\/\/goldwing.nl\/de\/?post_type=product&#038;p=12879"},"modified":"2025-03-01T10:53:57","modified_gmt":"2025-03-01T10:53:57","slug":"kuryakyn-topcase-gepaecktraeger-gl-1800-7151","status":"publish","type":"product","link":"https:\/\/goldwing.nl\/de\/shop\/gl-1800-2012-2017\/gepaecktraeger-anhaengerkupplung-gl-1800-2012-2017\/kuryakyn-topcase-gepaecktraeger-gl-1800-7151\/","title":{"rendered":"Kuryakyn Topcase Gep\u00e4cktr\u00e4ger  GL 1800 ( 7151 ) ( P 15100028 )"},"content":{"rendered":"","protected":false},"excerpt":{"rendered":"<p>Kuryakyn Topcase Gep\u00e4cktr\u00e4ger\u00a0 GL 1800 ( 7151 )<\/p>\n<ul>\n<li>Alle notwendigen Befestigungselemente enthalten<\/li>\n<li>Gefertigt aus langlebigem Aluminiumguss<\/li>\n<li>Das konturierte Design passt sich perfekt an die Form der GL1800 Tourkoffer an<\/li>\n<li>Die rutschfeste Gummieinlage sorgt daf\u00fcr, dass Ihre Ladung fest sitzt<\/li>\n<li>Kombinierbar mit Gep\u00e4cktr\u00e4gererh\u00f6hungen (separat erh\u00e4ltlich) &#8211; siehe Verwandte Produkte<\/li>\n<\/ul>\n<p>&nbsp;<\/p>\n","protected":false},"featured_media":12880,"template":"","meta":{"_acf_changed":false},"product_cat":[375,377,400],"product_tag":[],"class_list":["post-12879","product","type-product","status-publish","has-post-thumbnail","hentry","product_cat-gepaecktraeger-anhaengerkupplung","product_cat-gepaecktraeger-anhaengerkupplung-gl-1800-2012-2017","product_cat-goldwing-gl-1800-2018-up-zubehoer","product_shipping_class-pakket-artikel","","woocommerce-text-align-center","woocommerce-image-align-center","do-quantity-buttons"],"acf":[],"yoast_head":"<!-- This site is optimized with the Yoast SEO plugin v25.6 - https:\/\/yoast.com\/wordpress\/plugins\/seo\/ -->\n<title>Kuryakyn Topcase Gep\u00e4cktr\u00e4ger GL 1800 ( 7151 ) ( P 15100028 ) - Goldwing.nl - DE<\/title>\n<meta name=\"robots\" content=\"index, follow, max-snippet:-1, max-image-preview:large, max-video-preview:-1\" \/>\n<link rel=\"canonical\" href=\"https:\/\/goldwing.nl\/de\/shop\/gl-1800-2012-2017\/gepaecktraeger-anhaengerkupplung-gl-1800-2012-2017\/kuryakyn-topcase-gepaecktraeger-gl-1800-7151\/\" \/>\n<meta property=\"og:locale\" content=\"de_DE\" \/>\n<meta property=\"og:type\" content=\"article\" \/>\n<meta property=\"og:title\" content=\"Kuryakyn Topcase Gep\u00e4cktr\u00e4ger GL 1800 ( 7151 ) ( P 15100028 ) - Goldwing.nl - DE\" \/>\n<meta property=\"og:description\" content=\"Kuryakyn Topcase Gep\u00e4cktr\u00e4ger\u00a0 GL 1800 ( 7151 )   Alle notwendigen Befestigungselemente enthalten  Gefertigt aus langlebigem Aluminiumguss  Das konturierte Design passt sich perfekt an die Form der GL1800 Tourkoffer an  Die rutschfeste Gummieinlage sorgt daf\u00fcr, dass Ihre Ladung fest sitzt  Kombinierbar mit Gep\u00e4cktr\u00e4gererh\u00f6hungen (separat erh\u00e4ltlich) - siehe Verwandte Produkte  &nbsp;\" \/>\n<meta property=\"og:url\" content=\"https:\/\/goldwing.nl\/de\/shop\/gl-1800-2012-2017\/gepaecktraeger-anhaengerkupplung-gl-1800-2012-2017\/kuryakyn-topcase-gepaecktraeger-gl-1800-7151\/\" \/>\n<meta property=\"og:site_name\" content=\"Goldwing.nl - DE\" \/>\n<meta property=\"article:publisher\" content=\"https:\/\/www.facebook.com\/302398026438779\" \/>\n<meta property=\"article:modified_time\" content=\"2025-03-01T10:53:57+00:00\" \/>\n<meta property=\"og:image\" content=\"https:\/\/goldwing.nl\/de\/wp-content\/uploads\/sites\/3\/2022\/11\/8012-1.jpg\" \/>\n\t<meta property=\"og:image:width\" content=\"1350\" \/>\n\t<meta property=\"og:image:height\" content=\"900\" \/>\n\t<meta property=\"og:image:type\" content=\"image\/jpeg\" \/>\n<meta name=\"twitter:card\" content=\"summary_large_image\" \/>\n<script type=\"application\/ld+json\" class=\"yoast-schema-graph\">{\"@context\":\"https:\/\/schema.org\",\"@graph\":[{\"@type\":\"WebPage\",\"@id\":\"https:\/\/goldwing.nl\/de\/shop\/gl-1800-2012-2017\/gepaecktraeger-anhaengerkupplung-gl-1800-2012-2017\/kuryakyn-topcase-gepaecktraeger-gl-1800-7151\/\",\"url\":\"https:\/\/goldwing.nl\/de\/shop\/gl-1800-2012-2017\/gepaecktraeger-anhaengerkupplung-gl-1800-2012-2017\/kuryakyn-topcase-gepaecktraeger-gl-1800-7151\/\",\"name\":\"Kuryakyn Topcase Gep\u00e4cktr\u00e4ger GL 1800 ( 7151 ) ( P 15100028 ) - Goldwing.nl - DE\",\"isPartOf\":{\"@id\":\"https:\/\/goldwing.nl\/de\/#website\"},\"primaryImageOfPage\":{\"@id\":\"https:\/\/goldwing.nl\/de\/shop\/gl-1800-2012-2017\/gepaecktraeger-anhaengerkupplung-gl-1800-2012-2017\/kuryakyn-topcase-gepaecktraeger-gl-1800-7151\/#primaryimage\"},\"image\":{\"@id\":\"https:\/\/goldwing.nl\/de\/shop\/gl-1800-2012-2017\/gepaecktraeger-anhaengerkupplung-gl-1800-2012-2017\/kuryakyn-topcase-gepaecktraeger-gl-1800-7151\/#primaryimage\"},\"thumbnailUrl\":\"https:\/\/goldwing.nl\/de\/wp-content\/uploads\/sites\/3\/2022\/11\/8012-1.jpg\",\"datePublished\":\"2022-11-17T11:10:45+00:00\",\"dateModified\":\"2025-03-01T10:53:57+00:00\",\"breadcrumb\":{\"@id\":\"https:\/\/goldwing.nl\/de\/shop\/gl-1800-2012-2017\/gepaecktraeger-anhaengerkupplung-gl-1800-2012-2017\/kuryakyn-topcase-gepaecktraeger-gl-1800-7151\/#breadcrumb\"},\"inLanguage\":\"de\",\"potentialAction\":[{\"@type\":\"ReadAction\",\"target\":[\"https:\/\/goldwing.nl\/de\/shop\/gl-1800-2012-2017\/gepaecktraeger-anhaengerkupplung-gl-1800-2012-2017\/kuryakyn-topcase-gepaecktraeger-gl-1800-7151\/\"]}]},{\"@type\":\"ImageObject\",\"inLanguage\":\"de\",\"@id\":\"https:\/\/goldwing.nl\/de\/shop\/gl-1800-2012-2017\/gepaecktraeger-anhaengerkupplung-gl-1800-2012-2017\/kuryakyn-topcase-gepaecktraeger-gl-1800-7151\/#primaryimage\",\"url\":\"https:\/\/goldwing.nl\/de\/wp-content\/uploads\/sites\/3\/2022\/11\/8012-1.jpg\",\"contentUrl\":\"https:\/\/goldwing.nl\/de\/wp-content\/uploads\/sites\/3\/2022\/11\/8012-1.jpg\",\"width\":1350,\"height\":900},{\"@type\":\"BreadcrumbList\",\"@id\":\"https:\/\/goldwing.nl\/de\/shop\/gl-1800-2012-2017\/gepaecktraeger-anhaengerkupplung-gl-1800-2012-2017\/kuryakyn-topcase-gepaecktraeger-gl-1800-7151\/#breadcrumb\",\"itemListElement\":[{\"@type\":\"ListItem\",\"position\":1,\"name\":\"Home\",\"item\":\"https:\/\/goldwing.nl\/de\/\"},{\"@type\":\"ListItem\",\"position\":2,\"name\":\"Webshop\",\"item\":\"https:\/\/goldwing.nl\/de\/shop\/\"},{\"@type\":\"ListItem\",\"position\":3,\"name\":\"Kuryakyn Topcase Gep\u00e4cktr\u00e4ger GL 1800 ( 7151 ) ( P 15100028 )\"}]},{\"@type\":\"WebSite\",\"@id\":\"https:\/\/goldwing.nl\/de\/#website\",\"url\":\"https:\/\/goldwing.nl\/de\/\",\"name\":\"Goldwing.nl - DE\",\"description\":\"Biker&#039;s Best\",\"publisher\":{\"@id\":\"https:\/\/goldwing.nl\/de\/#organization\"},\"potentialAction\":[{\"@type\":\"SearchAction\",\"target\":{\"@type\":\"EntryPoint\",\"urlTemplate\":\"https:\/\/goldwing.nl\/de\/?s={search_term_string}\"},\"query-input\":{\"@type\":\"PropertyValueSpecification\",\"valueRequired\":true,\"valueName\":\"search_term_string\"}}],\"inLanguage\":\"de\"},{\"@type\":\"Organization\",\"@id\":\"https:\/\/goldwing.nl\/de\/#organization\",\"name\":\"Goldwing.nl - DE\",\"url\":\"https:\/\/goldwing.nl\/de\/\",\"logo\":{\"@type\":\"ImageObject\",\"inLanguage\":\"de\",\"@id\":\"https:\/\/goldwing.nl\/de\/#\/schema\/logo\/image\/\",\"url\":\"https:\/\/goldwing.nl\/de\/wp-content\/uploads\/sites\/3\/2022\/08\/BikersBest-logo.png\",\"contentUrl\":\"https:\/\/goldwing.nl\/de\/wp-content\/uploads\/sites\/3\/2022\/08\/BikersBest-logo.png\",\"width\":311,\"height\":152,\"caption\":\"Goldwing.nl - DE\"},\"image\":{\"@id\":\"https:\/\/goldwing.nl\/de\/#\/schema\/logo\/image\/\"},\"sameAs\":[\"https:\/\/www.facebook.com\/302398026438779\"]}]}<\/script>\n<!-- \/ Yoast SEO plugin. -->","yoast_head_json":{"title":"Kuryakyn Topcase Gep\u00e4cktr\u00e4ger GL 1800 ( 7151 ) ( P 15100028 ) - Goldwing.nl - DE","robots":{"index":"index","follow":"follow","max-snippet":"max-snippet:-1","max-image-preview":"max-image-preview:large","max-video-preview":"max-video-preview:-1"},"canonical":"https:\/\/goldwing.nl\/de\/shop\/gl-1800-2012-2017\/gepaecktraeger-anhaengerkupplung-gl-1800-2012-2017\/kuryakyn-topcase-gepaecktraeger-gl-1800-7151\/","og_locale":"de_DE","og_type":"article","og_title":"Kuryakyn Topcase Gep\u00e4cktr\u00e4ger GL 1800 ( 7151 ) ( P 15100028 ) - Goldwing.nl - DE","og_description":"Kuryakyn Topcase Gep\u00e4cktr\u00e4ger\u00a0 GL 1800 ( 7151 )   Alle notwendigen Befestigungselemente enthalten  Gefertigt aus langlebigem Aluminiumguss  Das konturierte Design passt sich perfekt an die Form der GL1800 Tourkoffer an  Die rutschfeste Gummieinlage sorgt daf\u00fcr, dass Ihre Ladung fest sitzt  Kombinierbar mit Gep\u00e4cktr\u00e4gererh\u00f6hungen (separat erh\u00e4ltlich) - siehe Verwandte Produkte  &nbsp;","og_url":"https:\/\/goldwing.nl\/de\/shop\/gl-1800-2012-2017\/gepaecktraeger-anhaengerkupplung-gl-1800-2012-2017\/kuryakyn-topcase-gepaecktraeger-gl-1800-7151\/","og_site_name":"Goldwing.nl - DE","article_publisher":"https:\/\/www.facebook.com\/302398026438779","article_modified_time":"2025-03-01T10:53:57+00:00","og_image":[{"width":1350,"height":900,"url":"https:\/\/goldwing.nl\/de\/wp-content\/uploads\/sites\/3\/2022\/11\/8012-1.jpg","type":"image\/jpeg"}],"twitter_card":"summary_large_image","schema":{"@context":"https:\/\/schema.org","@graph":[{"@type":"WebPage","@id":"https:\/\/goldwing.nl\/de\/shop\/gl-1800-2012-2017\/gepaecktraeger-anhaengerkupplung-gl-1800-2012-2017\/kuryakyn-topcase-gepaecktraeger-gl-1800-7151\/","url":"https:\/\/goldwing.nl\/de\/shop\/gl-1800-2012-2017\/gepaecktraeger-anhaengerkupplung-gl-1800-2012-2017\/kuryakyn-topcase-gepaecktraeger-gl-1800-7151\/","name":"Kuryakyn Topcase Gep\u00e4cktr\u00e4ger GL 1800 ( 7151 ) ( P 15100028 ) - Goldwing.nl - DE","isPartOf":{"@id":"https:\/\/goldwing.nl\/de\/#website"},"primaryImageOfPage":{"@id":"https:\/\/goldwing.nl\/de\/shop\/gl-1800-2012-2017\/gepaecktraeger-anhaengerkupplung-gl-1800-2012-2017\/kuryakyn-topcase-gepaecktraeger-gl-1800-7151\/#primaryimage"},"image":{"@id":"https:\/\/goldwing.nl\/de\/shop\/gl-1800-2012-2017\/gepaecktraeger-anhaengerkupplung-gl-1800-2012-2017\/kuryakyn-topcase-gepaecktraeger-gl-1800-7151\/#primaryimage"},"thumbnailUrl":"https:\/\/goldwing.nl\/de\/wp-content\/uploads\/sites\/3\/2022\/11\/8012-1.jpg","datePublished":"2022-11-17T11:10:45+00:00","dateModified":"2025-03-01T10:53:57+00:00","breadcrumb":{"@id":"https:\/\/goldwing.nl\/de\/shop\/gl-1800-2012-2017\/gepaecktraeger-anhaengerkupplung-gl-1800-2012-2017\/kuryakyn-topcase-gepaecktraeger-gl-1800-7151\/#breadcrumb"},"inLanguage":"de","potentialAction":[{"@type":"ReadAction","target":["https:\/\/goldwing.nl\/de\/shop\/gl-1800-2012-2017\/gepaecktraeger-anhaengerkupplung-gl-1800-2012-2017\/kuryakyn-topcase-gepaecktraeger-gl-1800-7151\/"]}]},{"@type":"ImageObject","inLanguage":"de","@id":"https:\/\/goldwing.nl\/de\/shop\/gl-1800-2012-2017\/gepaecktraeger-anhaengerkupplung-gl-1800-2012-2017\/kuryakyn-topcase-gepaecktraeger-gl-1800-7151\/#primaryimage","url":"https:\/\/goldwing.nl\/de\/wp-content\/uploads\/sites\/3\/2022\/11\/8012-1.jpg","contentUrl":"https:\/\/goldwing.nl\/de\/wp-content\/uploads\/sites\/3\/2022\/11\/8012-1.jpg","width":1350,"height":900},{"@type":"BreadcrumbList","@id":"https:\/\/goldwing.nl\/de\/shop\/gl-1800-2012-2017\/gepaecktraeger-anhaengerkupplung-gl-1800-2012-2017\/kuryakyn-topcase-gepaecktraeger-gl-1800-7151\/#breadcrumb","itemListElement":[{"@type":"ListItem","position":1,"name":"Home","item":"https:\/\/goldwing.nl\/de\/"},{"@type":"ListItem","position":2,"name":"Webshop","item":"https:\/\/goldwing.nl\/de\/shop\/"},{"@type":"ListItem","position":3,"name":"Kuryakyn Topcase Gep\u00e4cktr\u00e4ger GL 1800 ( 7151 ) ( P 15100028 )"}]},{"@type":"WebSite","@id":"https:\/\/goldwing.nl\/de\/#website","url":"https:\/\/goldwing.nl\/de\/","name":"Goldwing.nl - DE","description":"Biker&#039;s Best","publisher":{"@id":"https:\/\/goldwing.nl\/de\/#organization"},"potentialAction":[{"@type":"SearchAction","target":{"@type":"EntryPoint","urlTemplate":"https:\/\/goldwing.nl\/de\/?s={search_term_string}"},"query-input":{"@type":"PropertyValueSpecification","valueRequired":true,"valueName":"search_term_string"}}],"inLanguage":"de"},{"@type":"Organization","@id":"https:\/\/goldwing.nl\/de\/#organization","name":"Goldwing.nl - DE","url":"https:\/\/goldwing.nl\/de\/","logo":{"@type":"ImageObject","inLanguage":"de","@id":"https:\/\/goldwing.nl\/de\/#\/schema\/logo\/image\/","url":"https:\/\/goldwing.nl\/de\/wp-content\/uploads\/sites\/3\/2022\/08\/BikersBest-logo.png","contentUrl":"https:\/\/goldwing.nl\/de\/wp-content\/uploads\/sites\/3\/2022\/08\/BikersBest-logo.png","width":311,"height":152,"caption":"Goldwing.nl - DE"},"image":{"@id":"https:\/\/goldwing.nl\/de\/#\/schema\/logo\/image\/"},"sameAs":["https:\/\/www.facebook.com\/302398026438779"]}]}},"_links":{"self":[{"href":"https:\/\/goldwing.nl\/de\/wp-json\/wp\/v2\/product\/12879"}],"collection":[{"href":"https:\/\/goldwing.nl\/de\/wp-json\/wp\/v2\/product"}],"about":[{"href":"https:\/\/goldwing.nl\/de\/wp-json\/wp\/v2\/types\/product"}],"wp:featuredmedia":[{"embeddable":true,"href":"https:\/\/goldwing.nl\/de\/wp-json\/wp\/v2\/media\/12880"}],"wp:attachment":[{"href":"https:\/\/goldwing.nl\/de\/wp-json\/wp\/v2\/media?parent=12879"}],"wp:term":[{"taxonomy":"product_cat","embeddable":true,"href":"https:\/\/goldwing.nl\/de\/wp-json\/wp\/v2\/product_cat?post=12879"},{"taxonomy":"product_tag","embeddable":true,"href":"https:\/\/goldwing.nl\/de\/wp-json\/wp\/v2\/product_tag?post=12879"}],"curies":[{"name":"wp","href":"https:\/\/api.w.org\/{rel}","templated":true}]}}